{"id":41763,"date":"2026-04-27T04:42:14","date_gmt":"2026-04-27T04:42:14","guid":{"rendered":""},"modified":"2026-04-27T04:42:14","modified_gmt":"2026-04-27T04:42:14","slug":"znackovy-zateplene-horni-viko-wippro-70-x-140-cm-rucni-41763","status":"publish","type":"product","link":"https:\/\/www.domkraftpro.com\/index.php\/produkt\/znackovy-zateplene-horni-viko-wippro-70-x-140-cm-rucni-41763\/","title":{"rendered":"Zna\u010dkov\u00fd Zateplen\u00e9 horn\u00ed v\u00edko Wippro 70 x 140 cm ru\u010dn\u00ed"},"content":{"rendered":"<div class=\"detail-description__right\">\n<div class=\"parameters\">\n<div class=\"table table--simple\">\n<table>\n<tbody>\n<tr>\n<td colspan=\"2\">\n<h4>Parametry<\/h4>\n<\/td>\n<\/tr>\n<tr>\n<td>V\u00fdrobce<\/td>\n<td>Wippro<\/td>\n<\/tr>\n<tr>\n<td>Materi\u00e1l<\/td>\n<td>kov<\/td>\n<\/tr>\n<tr data-perex=\"1\">\n<td>D\u00e9lka<\/td>\n<td>110\u00a0\u2013 140\u00a0cm<\/td>\n<\/tr>\n<tr data-perex=\"1\">\n<td>\u0160\u00ed\u0159ka<\/td>\n<td>60\u00a0\u2013 70\u00a0cm<\/td>\n<\/tr>\n<tr data-perex=\"1\">\n<td>Tlou\u0161\u0165ka izolace<\/td>\n<td>6,0\u00a0cm<\/td>\n<\/tr>\n<tr data-perex=\"1\">\n<td>Sou\u010dinitel U<\/td>\n<td>&#8211;<\/td>\n<\/tr>\n<tr>\n<td>Otev\u00edr\u00e1n\u00ed<\/td>\n<td>ru\u010dn\u00ed \/ automatick\u00e9<\/td>\n<\/tr>\n<tr>\n<td>Nosnost<\/td>\n<td>100 kg<\/td>\n<\/tr>\n<tr>\n<td colspan=\"2\">\n<h4>Parametry<\/h4>\n<\/td>\n<\/tr>\n<tr>\n<td>P\u016fvod<\/td>\n<td>Vyrobeno v\u00a0AT<\/td>\n<\/tr>\n<tr>\n<td>Z\u00e1ruka<\/td>\n<td>2 roky<\/td>\n<\/tr>\n<tr>\n<td>Zna\u010dka<\/td>\n<td>Wippro<\/td>\n<\/tr>\n<\/tbody>\n<\/table><\/div>\n<\/div><\/div>\n<div class=\"detail-description__top\">\n<div class=\"rating-promo\">\n<div class=\"raty raty--big\" data-score=\"4.77\" data-read-only=\"true\" title=\"4.77\"><\/div>\n<div class=\"rating-promo__number\">\t\t\t<strong>3<\/strong><small>recenze<\/small>\t\t<\/div>\n<div class=\"rating-promo__number\">\t\t\t<strong>3<\/strong><small>z\u00e1kazn\u00edci doporu\u010duj\u00ed<\/small>\t\t<\/div>\n<p>\t\tV\u0161echny recenze\t<\/p><\/div>\n<\/p><\/div>\n<div class=\"detail-description__left\">\n<div class=\"detail-description__left__overflow\">\n<div class=\"detail-description__left__head\">\t\t\t\t\t\tPopis:\t\t\t\t\t<\/div>\n<div class=\"ul-style ul-style--check\">\n<p>Horn\u00ed zateplen\u00e9 v\u00edko dok\u00e1\u017ee sn\u00ed\u017eit koeficient tepeln\u00e9ho prostupu. D\u00edky kvalitn\u00ed <strong>izolaci o tlou\u0161\u0165ce 6 cm<\/strong> zabra\u0148uje energetick\u00fdm ztr\u00e1t\u00e1m mezi schody a p\u016fdou. Je mo\u017en\u00e9 zvolit variantu s automatick\u00fdm nebo ru\u010dn\u00edm zav\u00edr\u00e1n\u00edm.\u00a0<strong>Kompatibiln\u00ed se v\u0161emi modely p\u016fdn\u00edch schod\u016f zna\u010dky Wippro.<\/strong><\/p>\n<ul class=\"plusminus\">\n<li><i class=\"fas fa-check\"><\/i><span>Dodate\u010dn\u00e1 termoizolace<\/span><\/li>\n<li><i class=\"fas fa-check\"><\/i><span>Kompatibilita<\/span><\/li>\n<li><i class=\"fas fa-check\"><\/i><span>Mo\u017enost automatick\u00e9ho otev\u00edr\u00e1n\u00ed<\/span><\/li>\n<\/ul>\n<\/div>\n<div class=\"detail-description__left__more\">\t\t\t\t\t\t<span> <\/span><span> <\/span>\t\t\t\t\t<\/div>\n<\/p><\/div>\n<\/p><\/div>\n<div class=\"detail-description__more\"><span> <\/span><span> <\/span><\/div>\n<\/p><\/div>\n<\/p><\/div>\n","protected":false},"excerpt":{"rendered":"<p>Parametry V\u00fdrobce Wippro Materi\u00e1l kov D\u00e9lka 110\u00a0\u2013 140\u00a0cm \u0160\u00ed\u0159ka 60\u00a0\u2013 70\u00a0cm Tlou\u0161\u0165ka izolace 6,0\u00a0cm Sou\u010dinitel U &#8211; Otev\u00edr\u00e1n\u00ed ru\u010dn\u00ed \/ automatick\u00e9 Nosnost 100 kg Parametry P\u016fvod Vyrobeno v\u00a0AT Z\u00e1ruka 2 roky Zna\u010dka Wippro 3recenze 3z\u00e1kazn\u00edci doporu\u010duj\u00ed V\u0161echny recenze Popis: Horn\u00ed zateplen\u00e9 v\u00edko dok\u00e1\u017ee sn\u00ed\u017eit koeficient tepeln\u00e9ho prostupu. D\u00edky kvalitn\u00ed izolaci o tlou\u0161\u0165ce 6 cm zabra\u0148uje [&hellip;]<\/p>\n","protected":false},"featured_media":41863,"comment_status":"open","ping_status":"open","template":"","meta":[],"product_brand":[],"product_cat":[44],"product_tag":[],"class_list":{"0":"post-41763","1":"product","2":"type-product","3":"status-publish","4":"has-post-thumbnail","6":"product_cat-stavba","8":"first","9":"instock","10":"sale","11":"shipping-taxable","12":"purchasable","13":"product-type-simple"},"yoast_head":"<!-- This site is optimized with the Yoast SEO plugin v26.8 - https:\/\/yoast.com\/product\/yoast-seo-wordpress\/ -->\n<title>Zna\u010dkov\u00fd Zateplen\u00e9 horn\u00ed v\u00edko Wippro 70 x 140 cm ru\u010dn\u00ed -<\/title>\n<meta name=\"robots\" content=\"index, follow, max-snippet:-1, max-image-preview:large, max-video-preview:-1\" \/>\n<link rel=\"canonical\" href=\"https:\/\/www.domkraftpro.com\/index.php\/produkt\/znackovy-zateplene-horni-viko-wippro-70-x-140-cm-rucni-41763\/\" \/>\n<meta property=\"og:locale\" content=\"cs_CZ\" \/>\n<meta property=\"og:type\" content=\"article\" \/>\n<meta property=\"og:title\" content=\"Zna\u010dkov\u00fd Zateplen\u00e9 horn\u00ed v\u00edko Wippro 70 x 140 cm ru\u010dn\u00ed -\" \/>\n<meta property=\"og:description\" content=\"Parametry V\u00fdrobce Wippro Materi\u00e1l kov D\u00e9lka 110\u00a0\u2013 140\u00a0cm \u0160\u00ed\u0159ka 60\u00a0\u2013 70\u00a0cm Tlou\u0161\u0165ka izolace 6,0\u00a0cm Sou\u010dinitel U &#8211; Otev\u00edr\u00e1n\u00ed ru\u010dn\u00ed \/ automatick\u00e9 Nosnost 100 kg Parametry P\u016fvod Vyrobeno v\u00a0AT Z\u00e1ruka 2 roky Zna\u010dka Wippro 3recenze 3z\u00e1kazn\u00edci doporu\u010duj\u00ed V\u0161echny recenze Popis: Horn\u00ed zateplen\u00e9 v\u00edko dok\u00e1\u017ee sn\u00ed\u017eit koeficient tepeln\u00e9ho prostupu. D\u00edky kvalitn\u00ed izolaci o tlou\u0161\u0165ce 6 cm zabra\u0148uje [&hellip;]\" \/>\n<meta property=\"og:url\" content=\"https:\/\/www.domkraftpro.com\/index.php\/produkt\/znackovy-zateplene-horni-viko-wippro-70-x-140-cm-rucni-41763\/\" \/>\n<meta property=\"og:image\" content=\"https:\/\/www.domkraftpro.com\/wp-content\/uploads\/2026\/SK0010481-CZ20260425-091936-0-1777079982-zateplene-horni-viko-wippro-70-x-140-cm-rucni-w1200-h628-f8.webp\" \/>\n\t<meta property=\"og:image:width\" content=\"1000\" \/>\n\t<meta property=\"og:image:height\" content=\"523\" \/>\n\t<meta property=\"og:image:type\" content=\"image\/webp\" \/>\n<meta name=\"twitter:card\" content=\"summary_large_image\" \/>\n<meta name=\"twitter:label1\" content=\"Odhadovan\u00e1 doba \u010dten\u00ed\" \/>\n\t<meta name=\"twitter:data1\" content=\"1 minuta\" \/>\n<script type=\"application\/ld+json\" class=\"yoast-schema-graph\">{\"@context\":\"https:\/\/schema.org\",\"@graph\":[{\"@type\":\"WebPage\",\"@id\":\"https:\/\/www.domkraftpro.com\/index.php\/produkt\/znackovy-zateplene-horni-viko-wippro-70-x-140-cm-rucni-41763\/\",\"url\":\"https:\/\/www.domkraftpro.com\/index.php\/produkt\/znackovy-zateplene-horni-viko-wippro-70-x-140-cm-rucni-41763\/\",\"name\":\"Zna\u010dkov\u00fd Zateplen\u00e9 horn\u00ed v\u00edko Wippro 70 x 140 cm ru\u010dn\u00ed -\",\"isPartOf\":{\"@id\":\"https:\/\/www.domkraftpro.com\/#website\"},\"primaryImageOfPage\":{\"@id\":\"https:\/\/www.domkraftpro.com\/index.php\/produkt\/znackovy-zateplene-horni-viko-wippro-70-x-140-cm-rucni-41763\/#primaryimage\"},\"image\":{\"@id\":\"https:\/\/www.domkraftpro.com\/index.php\/produkt\/znackovy-zateplene-horni-viko-wippro-70-x-140-cm-rucni-41763\/#primaryimage\"},\"thumbnailUrl\":\"https:\/\/www.domkraftpro.com\/wp-content\/uploads\/2026\/SK0010481-CZ20260425-091936-0-1777079982-zateplene-horni-viko-wippro-70-x-140-cm-rucni-w1200-h628-f8.webp\",\"datePublished\":\"2026-04-27T04:42:14+00:00\",\"breadcrumb\":{\"@id\":\"https:\/\/www.domkraftpro.com\/index.php\/produkt\/znackovy-zateplene-horni-viko-wippro-70-x-140-cm-rucni-41763\/#breadcrumb\"},\"inLanguage\":\"cs\",\"potentialAction\":[{\"@type\":\"ReadAction\",\"target\":[\"https:\/\/www.domkraftpro.com\/index.php\/produkt\/znackovy-zateplene-horni-viko-wippro-70-x-140-cm-rucni-41763\/\"]}]},{\"@type\":\"ImageObject\",\"inLanguage\":\"cs\",\"@id\":\"https:\/\/www.domkraftpro.com\/index.php\/produkt\/znackovy-zateplene-horni-viko-wippro-70-x-140-cm-rucni-41763\/#primaryimage\",\"url\":\"https:\/\/www.domkraftpro.com\/wp-content\/uploads\/2026\/SK0010481-CZ20260425-091936-0-1777079982-zateplene-horni-viko-wippro-70-x-140-cm-rucni-w1200-h628-f8.webp\",\"contentUrl\":\"https:\/\/www.domkraftpro.com\/wp-content\/uploads\/2026\/SK0010481-CZ20260425-091936-0-1777079982-zateplene-horni-viko-wippro-70-x-140-cm-rucni-w1200-h628-f8.webp\",\"width\":1000,\"height\":523},{\"@type\":\"BreadcrumbList\",\"@id\":\"https:\/\/www.domkraftpro.com\/index.php\/produkt\/znackovy-zateplene-horni-viko-wippro-70-x-140-cm-rucni-41763\/#breadcrumb\",\"itemListElement\":[{\"@type\":\"ListItem\",\"position\":1,\"name\":\"Home\",\"item\":\"https:\/\/www.domkraftpro.com\/\"},{\"@type\":\"ListItem\",\"position\":2,\"name\":\"Products\",\"item\":\"https:\/\/www.domkraftpro.com\/index.php\/products\/\"},{\"@type\":\"ListItem\",\"position\":3,\"name\":\"Zna\u010dkov\u00fd Zateplen\u00e9 horn\u00ed v\u00edko Wippro 70 x 140 cm ru\u010dn\u00ed\"}]},{\"@type\":\"WebSite\",\"@id\":\"https:\/\/www.domkraftpro.com\/#website\",\"url\":\"https:\/\/www.domkraftpro.com\/\",\"name\":\"\",\"description\":\"\",\"potentialAction\":[{\"@type\":\"SearchAction\",\"target\":{\"@type\":\"EntryPoint\",\"urlTemplate\":\"https:\/\/www.domkraftpro.com\/?s={search_term_string}\"},\"query-input\":{\"@type\":\"PropertyValueSpecification\",\"valueRequired\":true,\"valueName\":\"search_term_string\"}}],\"inLanguage\":\"cs\"}]}<\/script>\n<!-- \/ Yoast SEO plugin. -->","yoast_head_json":{"title":"Zna\u010dkov\u00fd Zateplen\u00e9 horn\u00ed v\u00edko Wippro 70 x 140 cm ru\u010dn\u00ed -","robots":{"index":"index","follow":"follow","max-snippet":"max-snippet:-1","max-image-preview":"max-image-preview:large","max-video-preview":"max-video-preview:-1"},"canonical":"https:\/\/www.domkraftpro.com\/index.php\/produkt\/znackovy-zateplene-horni-viko-wippro-70-x-140-cm-rucni-41763\/","og_locale":"cs_CZ","og_type":"article","og_title":"Zna\u010dkov\u00fd Zateplen\u00e9 horn\u00ed v\u00edko Wippro 70 x 140 cm ru\u010dn\u00ed -","og_description":"Parametry V\u00fdrobce Wippro Materi\u00e1l kov D\u00e9lka 110\u00a0\u2013 140\u00a0cm \u0160\u00ed\u0159ka 60\u00a0\u2013 70\u00a0cm Tlou\u0161\u0165ka izolace 6,0\u00a0cm Sou\u010dinitel U &#8211; Otev\u00edr\u00e1n\u00ed ru\u010dn\u00ed \/ automatick\u00e9 Nosnost 100 kg Parametry P\u016fvod Vyrobeno v\u00a0AT Z\u00e1ruka 2 roky Zna\u010dka Wippro 3recenze 3z\u00e1kazn\u00edci doporu\u010duj\u00ed V\u0161echny recenze Popis: Horn\u00ed zateplen\u00e9 v\u00edko dok\u00e1\u017ee sn\u00ed\u017eit koeficient tepeln\u00e9ho prostupu. D\u00edky kvalitn\u00ed izolaci o tlou\u0161\u0165ce 6 cm zabra\u0148uje [&hellip;]","og_url":"https:\/\/www.domkraftpro.com\/index.php\/produkt\/znackovy-zateplene-horni-viko-wippro-70-x-140-cm-rucni-41763\/","og_image":[{"width":1000,"height":523,"url":"https:\/\/www.domkraftpro.com\/wp-content\/uploads\/2026\/SK0010481-CZ20260425-091936-0-1777079982-zateplene-horni-viko-wippro-70-x-140-cm-rucni-w1200-h628-f8.webp","type":"image\/webp"}],"twitter_card":"summary_large_image","twitter_misc":{"Odhadovan\u00e1 doba \u010dten\u00ed":"1 minuta"},"schema":{"@context":"https:\/\/schema.org","@graph":[{"@type":"WebPage","@id":"https:\/\/www.domkraftpro.com\/index.php\/produkt\/znackovy-zateplene-horni-viko-wippro-70-x-140-cm-rucni-41763\/","url":"https:\/\/www.domkraftpro.com\/index.php\/produkt\/znackovy-zateplene-horni-viko-wippro-70-x-140-cm-rucni-41763\/","name":"Zna\u010dkov\u00fd Zateplen\u00e9 horn\u00ed v\u00edko Wippro 70 x 140 cm ru\u010dn\u00ed -","isPartOf":{"@id":"https:\/\/www.domkraftpro.com\/#website"},"primaryImageOfPage":{"@id":"https:\/\/www.domkraftpro.com\/index.php\/produkt\/znackovy-zateplene-horni-viko-wippro-70-x-140-cm-rucni-41763\/#primaryimage"},"image":{"@id":"https:\/\/www.domkraftpro.com\/index.php\/produkt\/znackovy-zateplene-horni-viko-wippro-70-x-140-cm-rucni-41763\/#primaryimage"},"thumbnailUrl":"https:\/\/www.domkraftpro.com\/wp-content\/uploads\/2026\/SK0010481-CZ20260425-091936-0-1777079982-zateplene-horni-viko-wippro-70-x-140-cm-rucni-w1200-h628-f8.webp","datePublished":"2026-04-27T04:42:14+00:00","breadcrumb":{"@id":"https:\/\/www.domkraftpro.com\/index.php\/produkt\/znackovy-zateplene-horni-viko-wippro-70-x-140-cm-rucni-41763\/#breadcrumb"},"inLanguage":"cs","potentialAction":[{"@type":"ReadAction","target":["https:\/\/www.domkraftpro.com\/index.php\/produkt\/znackovy-zateplene-horni-viko-wippro-70-x-140-cm-rucni-41763\/"]}]},{"@type":"ImageObject","inLanguage":"cs","@id":"https:\/\/www.domkraftpro.com\/index.php\/produkt\/znackovy-zateplene-horni-viko-wippro-70-x-140-cm-rucni-41763\/#primaryimage","url":"https:\/\/www.domkraftpro.com\/wp-content\/uploads\/2026\/SK0010481-CZ20260425-091936-0-1777079982-zateplene-horni-viko-wippro-70-x-140-cm-rucni-w1200-h628-f8.webp","contentUrl":"https:\/\/www.domkraftpro.com\/wp-content\/uploads\/2026\/SK0010481-CZ20260425-091936-0-1777079982-zateplene-horni-viko-wippro-70-x-140-cm-rucni-w1200-h628-f8.webp","width":1000,"height":523},{"@type":"BreadcrumbList","@id":"https:\/\/www.domkraftpro.com\/index.php\/produkt\/znackovy-zateplene-horni-viko-wippro-70-x-140-cm-rucni-41763\/#breadcrumb","itemListElement":[{"@type":"ListItem","position":1,"name":"Home","item":"https:\/\/www.domkraftpro.com\/"},{"@type":"ListItem","position":2,"name":"Products","item":"https:\/\/www.domkraftpro.com\/index.php\/products\/"},{"@type":"ListItem","position":3,"name":"Zna\u010dkov\u00fd Zateplen\u00e9 horn\u00ed v\u00edko Wippro 70 x 140 cm ru\u010dn\u00ed"}]},{"@type":"WebSite","@id":"https:\/\/www.domkraftpro.com\/#website","url":"https:\/\/www.domkraftpro.com\/","name":"","description":"","potentialAction":[{"@type":"SearchAction","target":{"@type":"EntryPoint","urlTemplate":"https:\/\/www.domkraftpro.com\/?s={search_term_string}"},"query-input":{"@type":"PropertyValueSpecification","valueRequired":true,"valueName":"search_term_string"}}],"inLanguage":"cs"}]}},"_links":{"self":[{"href":"https:\/\/www.domkraftpro.com\/index.php\/wp-json\/wp\/v2\/product\/41763","targetHints":{"allow":["GET"]}}],"collection":[{"href":"https:\/\/www.domkraftpro.com\/index.php\/wp-json\/wp\/v2\/product"}],"about":[{"href":"https:\/\/www.domkraftpro.com\/index.php\/wp-json\/wp\/v2\/types\/product"}],"replies":[{"embeddable":true,"href":"https:\/\/www.domkraftpro.com\/index.php\/wp-json\/wp\/v2\/comments?post=41763"}],"wp:featuredmedia":[{"embeddable":true,"href":"https:\/\/www.domkraftpro.com\/index.php\/wp-json\/wp\/v2\/media\/41863"}],"wp:attachment":[{"href":"https:\/\/www.domkraftpro.com\/index.php\/wp-json\/wp\/v2\/media?parent=41763"}],"wp:term":[{"taxonomy":"product_brand","embeddable":true,"href":"https:\/\/www.domkraftpro.com\/index.php\/wp-json\/wp\/v2\/product_brand?post=41763"},{"taxonomy":"product_cat","embeddable":true,"href":"https:\/\/www.domkraftpro.com\/index.php\/wp-json\/wp\/v2\/product_cat?post=41763"},{"taxonomy":"product_tag","embeddable":true,"href":"https:\/\/www.domkraftpro.com\/index.php\/wp-json\/wp\/v2\/product_tag?post=41763"}],"curies":[{"name":"wp","href":"https:\/\/api.w.org\/{rel}","templated":true}]}}