{"id":41739,"date":"2026-04-27T04:42:14","date_gmt":"2026-04-27T04:42:14","guid":{"rendered":""},"modified":"2026-04-27T04:42:14","modified_gmt":"2026-04-27T04:42:14","slug":"akce-pam-kolo-pro-soupe-euro-20-ng-200-mm-41739","status":"publish","type":"product","link":"https:\/\/www.domkraftpro.com\/index.php\/produkt\/akce-pam-kolo-pro-soupe-euro-20-ng-200-mm-41739\/","title":{"rendered":"Akce PAM Kolo pro \u0161oup\u011b Euro 20 NG 200 mm"},"content":{"rendered":"<div class=\"detail-description__right\">\n<div class=\"parameters\">\n<div class=\"table table--simple\">\n<table>\n<tbody>\n<tr>\n<td colspan=\"2\">\n<h4>Vlastnosti<\/h4>\n<\/td>\n<\/tr>\n<tr>\n<td>Pr\u016fm\u011br<\/td>\n<td>200 mm<\/td>\n<\/tr>\n<tr>\n<td>DN<\/td>\n<td>100\u00a0\u2013 150<\/td>\n<\/tr>\n<tr>\n<td>Kompatibiln\u00ed<\/td>\n<td>Euro 20\u00a0NG<\/td>\n<\/tr>\n<tr>\n<td colspan=\"2\">\n<h4>Parametry<\/h4>\n<\/td>\n<\/tr>\n<tr>\n<td>Z\u00e1ruka<\/td>\n<td>2 roky<\/td>\n<\/tr>\n<tr>\n<td>Zna\u010dka<\/td>\n<td>PAM<\/td>\n<\/tr>\n<\/tbody>\n<\/table><\/div>\n<\/div><\/div>\n<div class=\"detail-description__top\">\t\t\t\t<\/div>\n<div class=\"detail-description__left\">\n<div class=\"detail-description__left__overflow\">\n<div class=\"detail-description__left__head\">\t\t\t\t\t\tPopis:\t\t\t\t\t<\/div>\n<div class=\"ul-style ul-style--check\">\n<p>P\u0159\u00edslu\u0161enstv\u00ed pro pro \u0161oup\u011b EURO 20 NG (DN 100-150). Ru\u010dn\u00ed kolo s pr\u016fm\u011brem 200 mm, v\u010detn\u011b \u0161roubu\u00a0s podlo\u017ekou.<\/p>\n<\/div>\n<div class=\"detail-description__left__more\">\t\t\t\t\t\t<span> <\/span><span> <\/span>\t\t\t\t\t<\/div>\n<\/p><\/div>\n<\/p><\/div>\n<div class=\"detail-description__more\"><span> <\/span><span> <\/span><\/div>\n<\/p><\/div>\n<\/p><\/div>\n","protected":false},"excerpt":{"rendered":"<p>Vlastnosti Pr\u016fm\u011br 200 mm DN 100\u00a0\u2013 150 Kompatibiln\u00ed Euro 20\u00a0NG Parametry Z\u00e1ruka 2 roky Zna\u010dka PAM Popis: P\u0159\u00edslu\u0161enstv\u00ed pro pro \u0161oup\u011b EURO 20 NG (DN 100-150). Ru\u010dn\u00ed kolo s pr\u016fm\u011brem 200 mm, v\u010detn\u011b \u0161roubu\u00a0s podlo\u017ekou.<\/p>\n","protected":false},"featured_media":41839,"comment_status":"open","ping_status":"open","template":"","meta":[],"product_brand":[],"product_cat":[46],"product_tag":[],"class_list":{"0":"post-41739","1":"product","2":"type-product","3":"status-publish","4":"has-post-thumbnail","6":"product_cat-odvodneni","8":"first","9":"instock","10":"sale","11":"shipping-taxable","12":"purchasable","13":"product-type-simple"},"yoast_head":"<!-- This site is optimized with the Yoast SEO plugin v26.8 - https:\/\/yoast.com\/product\/yoast-seo-wordpress\/ -->\n<title>Akce PAM Kolo pro \u0161oup\u011b Euro 20 NG 200 mm -<\/title>\n<meta name=\"robots\" content=\"index, follow, max-snippet:-1, max-image-preview:large, max-video-preview:-1\" \/>\n<link rel=\"canonical\" href=\"https:\/\/www.domkraftpro.com\/index.php\/produkt\/akce-pam-kolo-pro-soupe-euro-20-ng-200-mm-41739\/\" \/>\n<meta property=\"og:locale\" content=\"cs_CZ\" \/>\n<meta property=\"og:type\" content=\"article\" \/>\n<meta property=\"og:title\" content=\"Akce PAM Kolo pro \u0161oup\u011b Euro 20 NG 200 mm -\" \/>\n<meta property=\"og:description\" content=\"Vlastnosti Pr\u016fm\u011br 200 mm DN 100\u00a0\u2013 150 Kompatibiln\u00ed Euro 20\u00a0NG Parametry Z\u00e1ruka 2 roky Zna\u010dka PAM Popis: P\u0159\u00edslu\u0161enstv\u00ed pro pro \u0161oup\u011b EURO 20 NG (DN 100-150). Ru\u010dn\u00ed kolo s pr\u016fm\u011brem 200 mm, v\u010detn\u011b \u0161roubu\u00a0s podlo\u017ekou.\" \/>\n<meta property=\"og:url\" content=\"https:\/\/www.domkraftpro.com\/index.php\/produkt\/akce-pam-kolo-pro-soupe-euro-20-ng-200-mm-41739\/\" \/>\n<meta property=\"og:image\" content=\"https:\/\/www.domkraftpro.com\/wp-content\/uploads\/2026\/SK0010457-CZ20260425-091936-0-1777079982-rucni-kolo-pam-kolo-pro-soupe-euro-20-ng-200-mm-w1200-h628-.webp\" \/>\n\t<meta property=\"og:image:width\" content=\"1000\" \/>\n\t<meta property=\"og:image:height\" content=\"523\" \/>\n\t<meta property=\"og:image:type\" content=\"image\/webp\" \/>\n<meta name=\"twitter:card\" content=\"summary_large_image\" \/>\n<script type=\"application\/ld+json\" class=\"yoast-schema-graph\">{\"@context\":\"https:\/\/schema.org\",\"@graph\":[{\"@type\":\"WebPage\",\"@id\":\"https:\/\/www.domkraftpro.com\/index.php\/produkt\/akce-pam-kolo-pro-soupe-euro-20-ng-200-mm-41739\/\",\"url\":\"https:\/\/www.domkraftpro.com\/index.php\/produkt\/akce-pam-kolo-pro-soupe-euro-20-ng-200-mm-41739\/\",\"name\":\"Akce PAM Kolo pro \u0161oup\u011b Euro 20 NG 200 mm -\",\"isPartOf\":{\"@id\":\"https:\/\/www.domkraftpro.com\/#website\"},\"primaryImageOfPage\":{\"@id\":\"https:\/\/www.domkraftpro.com\/index.php\/produkt\/akce-pam-kolo-pro-soupe-euro-20-ng-200-mm-41739\/#primaryimage\"},\"image\":{\"@id\":\"https:\/\/www.domkraftpro.com\/index.php\/produkt\/akce-pam-kolo-pro-soupe-euro-20-ng-200-mm-41739\/#primaryimage\"},\"thumbnailUrl\":\"https:\/\/www.domkraftpro.com\/wp-content\/uploads\/2026\/SK0010457-CZ20260425-091936-0-1777079982-rucni-kolo-pam-kolo-pro-soupe-euro-20-ng-200-mm-w1200-h628-.webp\",\"datePublished\":\"2026-04-27T04:42:14+00:00\",\"breadcrumb\":{\"@id\":\"https:\/\/www.domkraftpro.com\/index.php\/produkt\/akce-pam-kolo-pro-soupe-euro-20-ng-200-mm-41739\/#breadcrumb\"},\"inLanguage\":\"cs\",\"potentialAction\":[{\"@type\":\"ReadAction\",\"target\":[\"https:\/\/www.domkraftpro.com\/index.php\/produkt\/akce-pam-kolo-pro-soupe-euro-20-ng-200-mm-41739\/\"]}]},{\"@type\":\"ImageObject\",\"inLanguage\":\"cs\",\"@id\":\"https:\/\/www.domkraftpro.com\/index.php\/produkt\/akce-pam-kolo-pro-soupe-euro-20-ng-200-mm-41739\/#primaryimage\",\"url\":\"https:\/\/www.domkraftpro.com\/wp-content\/uploads\/2026\/SK0010457-CZ20260425-091936-0-1777079982-rucni-kolo-pam-kolo-pro-soupe-euro-20-ng-200-mm-w1200-h628-.webp\",\"contentUrl\":\"https:\/\/www.domkraftpro.com\/wp-content\/uploads\/2026\/SK0010457-CZ20260425-091936-0-1777079982-rucni-kolo-pam-kolo-pro-soupe-euro-20-ng-200-mm-w1200-h628-.webp\",\"width\":1000,\"height\":523},{\"@type\":\"BreadcrumbList\",\"@id\":\"https:\/\/www.domkraftpro.com\/index.php\/produkt\/akce-pam-kolo-pro-soupe-euro-20-ng-200-mm-41739\/#breadcrumb\",\"itemListElement\":[{\"@type\":\"ListItem\",\"position\":1,\"name\":\"Home\",\"item\":\"https:\/\/www.domkraftpro.com\/\"},{\"@type\":\"ListItem\",\"position\":2,\"name\":\"Products\",\"item\":\"https:\/\/www.domkraftpro.com\/index.php\/products\/\"},{\"@type\":\"ListItem\",\"position\":3,\"name\":\"Akce PAM Kolo pro \u0161oup\u011b Euro 20 NG 200 mm\"}]},{\"@type\":\"WebSite\",\"@id\":\"https:\/\/www.domkraftpro.com\/#website\",\"url\":\"https:\/\/www.domkraftpro.com\/\",\"name\":\"\",\"description\":\"\",\"potentialAction\":[{\"@type\":\"SearchAction\",\"target\":{\"@type\":\"EntryPoint\",\"urlTemplate\":\"https:\/\/www.domkraftpro.com\/?s={search_term_string}\"},\"query-input\":{\"@type\":\"PropertyValueSpecification\",\"valueRequired\":true,\"valueName\":\"search_term_string\"}}],\"inLanguage\":\"cs\"}]}<\/script>\n<!-- \/ Yoast SEO plugin. -->","yoast_head_json":{"title":"Akce PAM Kolo pro \u0161oup\u011b Euro 20 NG 200 mm -","robots":{"index":"index","follow":"follow","max-snippet":"max-snippet:-1","max-image-preview":"max-image-preview:large","max-video-preview":"max-video-preview:-1"},"canonical":"https:\/\/www.domkraftpro.com\/index.php\/produkt\/akce-pam-kolo-pro-soupe-euro-20-ng-200-mm-41739\/","og_locale":"cs_CZ","og_type":"article","og_title":"Akce PAM Kolo pro \u0161oup\u011b Euro 20 NG 200 mm -","og_description":"Vlastnosti Pr\u016fm\u011br 200 mm DN 100\u00a0\u2013 150 Kompatibiln\u00ed Euro 20\u00a0NG Parametry Z\u00e1ruka 2 roky Zna\u010dka PAM Popis: P\u0159\u00edslu\u0161enstv\u00ed pro pro \u0161oup\u011b EURO 20 NG (DN 100-150). Ru\u010dn\u00ed kolo s pr\u016fm\u011brem 200 mm, v\u010detn\u011b \u0161roubu\u00a0s podlo\u017ekou.","og_url":"https:\/\/www.domkraftpro.com\/index.php\/produkt\/akce-pam-kolo-pro-soupe-euro-20-ng-200-mm-41739\/","og_image":[{"width":1000,"height":523,"url":"https:\/\/www.domkraftpro.com\/wp-content\/uploads\/2026\/SK0010457-CZ20260425-091936-0-1777079982-rucni-kolo-pam-kolo-pro-soupe-euro-20-ng-200-mm-w1200-h628-.webp","type":"image\/webp"}],"twitter_card":"summary_large_image","schema":{"@context":"https:\/\/schema.org","@graph":[{"@type":"WebPage","@id":"https:\/\/www.domkraftpro.com\/index.php\/produkt\/akce-pam-kolo-pro-soupe-euro-20-ng-200-mm-41739\/","url":"https:\/\/www.domkraftpro.com\/index.php\/produkt\/akce-pam-kolo-pro-soupe-euro-20-ng-200-mm-41739\/","name":"Akce PAM Kolo pro \u0161oup\u011b Euro 20 NG 200 mm -","isPartOf":{"@id":"https:\/\/www.domkraftpro.com\/#website"},"primaryImageOfPage":{"@id":"https:\/\/www.domkraftpro.com\/index.php\/produkt\/akce-pam-kolo-pro-soupe-euro-20-ng-200-mm-41739\/#primaryimage"},"image":{"@id":"https:\/\/www.domkraftpro.com\/index.php\/produkt\/akce-pam-kolo-pro-soupe-euro-20-ng-200-mm-41739\/#primaryimage"},"thumbnailUrl":"https:\/\/www.domkraftpro.com\/wp-content\/uploads\/2026\/SK0010457-CZ20260425-091936-0-1777079982-rucni-kolo-pam-kolo-pro-soupe-euro-20-ng-200-mm-w1200-h628-.webp","datePublished":"2026-04-27T04:42:14+00:00","breadcrumb":{"@id":"https:\/\/www.domkraftpro.com\/index.php\/produkt\/akce-pam-kolo-pro-soupe-euro-20-ng-200-mm-41739\/#breadcrumb"},"inLanguage":"cs","potentialAction":[{"@type":"ReadAction","target":["https:\/\/www.domkraftpro.com\/index.php\/produkt\/akce-pam-kolo-pro-soupe-euro-20-ng-200-mm-41739\/"]}]},{"@type":"ImageObject","inLanguage":"cs","@id":"https:\/\/www.domkraftpro.com\/index.php\/produkt\/akce-pam-kolo-pro-soupe-euro-20-ng-200-mm-41739\/#primaryimage","url":"https:\/\/www.domkraftpro.com\/wp-content\/uploads\/2026\/SK0010457-CZ20260425-091936-0-1777079982-rucni-kolo-pam-kolo-pro-soupe-euro-20-ng-200-mm-w1200-h628-.webp","contentUrl":"https:\/\/www.domkraftpro.com\/wp-content\/uploads\/2026\/SK0010457-CZ20260425-091936-0-1777079982-rucni-kolo-pam-kolo-pro-soupe-euro-20-ng-200-mm-w1200-h628-.webp","width":1000,"height":523},{"@type":"BreadcrumbList","@id":"https:\/\/www.domkraftpro.com\/index.php\/produkt\/akce-pam-kolo-pro-soupe-euro-20-ng-200-mm-41739\/#breadcrumb","itemListElement":[{"@type":"ListItem","position":1,"name":"Home","item":"https:\/\/www.domkraftpro.com\/"},{"@type":"ListItem","position":2,"name":"Products","item":"https:\/\/www.domkraftpro.com\/index.php\/products\/"},{"@type":"ListItem","position":3,"name":"Akce PAM Kolo pro \u0161oup\u011b Euro 20 NG 200 mm"}]},{"@type":"WebSite","@id":"https:\/\/www.domkraftpro.com\/#website","url":"https:\/\/www.domkraftpro.com\/","name":"","description":"","potentialAction":[{"@type":"SearchAction","target":{"@type":"EntryPoint","urlTemplate":"https:\/\/www.domkraftpro.com\/?s={search_term_string}"},"query-input":{"@type":"PropertyValueSpecification","valueRequired":true,"valueName":"search_term_string"}}],"inLanguage":"cs"}]}},"_links":{"self":[{"href":"https:\/\/www.domkraftpro.com\/index.php\/wp-json\/wp\/v2\/product\/41739","targetHints":{"allow":["GET"]}}],"collection":[{"href":"https:\/\/www.domkraftpro.com\/index.php\/wp-json\/wp\/v2\/product"}],"about":[{"href":"https:\/\/www.domkraftpro.com\/index.php\/wp-json\/wp\/v2\/types\/product"}],"replies":[{"embeddable":true,"href":"https:\/\/www.domkraftpro.com\/index.php\/wp-json\/wp\/v2\/comments?post=41739"}],"wp:featuredmedia":[{"embeddable":true,"href":"https:\/\/www.domkraftpro.com\/index.php\/wp-json\/wp\/v2\/media\/41839"}],"wp:attachment":[{"href":"https:\/\/www.domkraftpro.com\/index.php\/wp-json\/wp\/v2\/media?parent=41739"}],"wp:term":[{"taxonomy":"product_brand","embeddable":true,"href":"https:\/\/www.domkraftpro.com\/index.php\/wp-json\/wp\/v2\/product_brand?post=41739"},{"taxonomy":"product_cat","embeddable":true,"href":"https:\/\/www.domkraftpro.com\/index.php\/wp-json\/wp\/v2\/product_cat?post=41739"},{"taxonomy":"product_tag","embeddable":true,"href":"https:\/\/www.domkraftpro.com\/index.php\/wp-json\/wp\/v2\/product_tag?post=41739"}],"curies":[{"name":"wp","href":"https:\/\/api.w.org\/{rel}","templated":true}]}}