{"id":41721,"date":"2026-04-27T04:42:14","date_gmt":"2026-04-27T04:42:14","guid":{"rendered":""},"modified":"2026-04-27T04:42:14","modified_gmt":"2026-04-27T04:42:14","slug":"znackovy-tegola-tegoaqua-100-333-mm-stribrna-41721","status":"publish","type":"product","link":"https:\/\/www.domkraftpro.com\/index.php\/produkt\/znackovy-tegola-tegoaqua-100-333-mm-stribrna-41721\/","title":{"rendered":"Zna\u010dkov\u00fd Tegola Tegoaqua 100 333 mm st\u0159\u00edbrn\u00e1"},"content":{"rendered":"<div class=\"detail-description__right\">\n<div class=\"parameters\">\n<div class=\"table table--simple\">\n<table>\n<tbody>\n<tr>\n<td colspan=\"2\">\n<h4>\u010celo<\/h4>\n<\/td>\n<\/tr>\n<tr>\n<td>Materi\u00e1l<\/td>\n<td>plech<\/td>\n<\/tr>\n<tr>\n<td>Povrchov\u00e1 \u00faprava<\/td>\n<td>pozink, lakov\u00e1n\u00ed<\/td>\n<\/tr>\n<tr>\n<td>Barva<\/td>\n<td>st\u0159\u00edbrn\u00e1, RAL 7016, RAL 8017<\/td>\n<\/tr>\n<tr data-perex=\"1\">\n<td>\u0160\u00ed\u0159ka<\/td>\n<td>333 mm<\/td>\n<\/tr>\n<tr data-perex=\"1\">\n<td>Spojov\u00e1n\u00ed<\/td>\n<td>nav\u00e1lka<\/td>\n<\/tr>\n<tr>\n<td colspan=\"2\">\n<h4>Lakov\u00e1n\u00ed<\/h4>\n<\/td>\n<\/tr>\n<tr>\n<td>Volba barvy<\/td>\n<td>ne<\/td>\n<\/tr>\n<tr>\n<td>UV ochrana<\/td>\n<td>&#8211;<\/td>\n<\/tr>\n<tr>\n<td>Barvost\u00e1lost<\/td>\n<td>ano<\/td>\n<\/tr>\n<tr>\n<td colspan=\"2\">\n<h4>Parametry<\/h4>\n<\/td>\n<\/tr>\n<tr>\n<td>Z\u00e1ruka<\/td>\n<td>2 roky<\/td>\n<\/tr>\n<tr>\n<td>Zna\u010dka<\/td>\n<td>Tegola<\/td>\n<\/tr>\n<\/tbody>\n<\/table><\/div>\n<\/div><\/div>\n<div class=\"detail-description__top\">\t\t\t\t<\/div>\n<div class=\"detail-description__left\">\n<div class=\"detail-description__left__overflow\">\n<div class=\"detail-description__left__head\">\t\t\t\t\t\tPopis:\t\t\t\t\t<\/div>\n<div class=\"ul-style ul-style--check\">\n<p>\u010celo\u00a0\u017elabu s t\u011bsn\u011bn\u00edm je\u00a0vyroben\u00e9 z kvalitn\u00edho plechu a disponuje odolnost\u00ed v\u016f\u010di mechanick\u00e9mu po\u0161kozen\u00ed, pov\u011btrnostn\u00edm vliv\u016fm i korozi, \u010d\u00edm\u017e je zaji\u0161t\u011bna\u00a0<strong>dlouh\u00e1 \u017eivotnost.<\/strong>\u00a0Mezi velk\u00e9 v\u00fdhody pat\u0159\u00ed i\u00a0snadn\u00e1 a rychl\u00e1 mont\u00e1\u017e. Ve spojen\u00ed s ostatn\u00edmi\u00a0prvky okapov\u00e9ho syst\u00e9mu Tegoaqua 100 zaji\u0161\u0165uje\u00a0v\u00fdborn\u00fd odvod vody ze st\u0159echy\u00a0i p\u0159\u00edjemn\u00fd vzhled.<\/p>\n<ul class=\"plusminus\">\n<li><i class=\"fas fa-check\"><\/i><span>Korozivzdornost<\/span><\/li>\n<li><i class=\"fas fa-check\"><\/i><span>Mechanick\u00e1 odolnost<\/span><\/li>\n<li><i class=\"fas fa-check\"><\/i><span>V\u00fdborn\u00e1 funk\u010dnost<\/span><\/li>\n<\/ul>\n<p>Prvn\u00edm krokem mont\u00e1\u017ee okapov\u00e9ho syst\u00e9mu je ur\u010den\u00ed polohy \u017elabov\u00e9ho kotl\u00edku, podle t\u00e9 se pot\u00e9 ur\u010duje poloha h\u00e1k\u016f, kter\u00e9 se upev\u0148uj\u00ed pomoc\u00ed \u0161roub\u016f maxim\u00e1ln\u011b 60 cm od sebe. \u017dlab se k h\u00e1ku p\u0159ipev\u0148uje nasazen\u00edm p\u0159edn\u00ed \u010d\u00e1sti na h\u00e1\u010dek a n\u00e1sledn\u00fdm oto\u010dn\u00fdm vsunut\u00edm.\u00a0<strong>Minim\u00e1ln\u00ed sklon \u017elab\u016f<\/strong>\u00a0sm\u011brem ke kotl\u00edku je 3 %.<\/p>\n<p>Kotl\u00edk se zah\u00e1kne v zadn\u00ed \u010d\u00e1sti a postupn\u00fdm ot\u00e1\u010den\u00edm se zaklapne za nav\u00e1lku, pot\u00e9 se stejn\u00fdm zp\u016fsobem nasad\u00ed \u017elabov\u00e1 spojka.\u00a0<strong>\u010celo \u017elabu<\/strong>\u00a0se nasazuje vp\u0159edu na nav\u00e1lku a pot\u00e9 se ot\u00e1\u010den\u00ed dokud se vzadu nezaklapne a je vhodn\u00e9 nasadit je\u0161t\u011b p\u0159ed p\u0159ipevn\u011bn\u00edm \u017elabu na h\u00e1ky. Za pomoci spojky svodov\u00fdch rour se na kotl\u00edk p\u0159ipevn\u00ed svodov\u00e9 roury.<\/p>\n<p>Ty se pot\u00e9 ka\u017ed\u00e9 2 metry p\u0159ipev\u0148uj\u00ed obj\u00edmkou ke zdi tak, aby v nich z\u016fstal\u00a0<strong>prostor pro dilataci rour.<\/strong>\u00a0Spojen\u00ed dvou svodov\u00fdch rour nebo svodov\u00e9 roury a &#8222;Y&#8220; kusu se prov\u00e1d\u00ed pomoc\u00ed spojky. V p\u0159\u00edpad\u011b, \u017ee je okap vzd\u00e1len od st\u011bny, pou\u017e\u00edvaj\u00ed se ke svodu dv\u011b kolena a svodov\u00e1 roura. K vy\u00fast\u011bn\u00ed okapov\u00e9ho syst\u00e9mu se pou\u017e\u00edv\u00e1 koleno p\u0159ichycen\u00e9 obj\u00edmkou.<\/p>\n<\/div>\n<div class=\"detail-description__left__more\">\t\t\t\t\t\t<span> <\/span><span> <\/span>\t\t\t\t\t<\/div>\n<\/p><\/div>\n<\/p><\/div>\n<div class=\"detail-description__more\"><span> <\/span><span> <\/span><\/div>\n<\/p><\/div>\n<\/p><\/div>\n","protected":false},"excerpt":{"rendered":"<p>\u010celo Materi\u00e1l plech Povrchov\u00e1 \u00faprava pozink, lakov\u00e1n\u00ed Barva st\u0159\u00edbrn\u00e1, RAL 7016, RAL 8017 \u0160\u00ed\u0159ka 333 mm Spojov\u00e1n\u00ed nav\u00e1lka Lakov\u00e1n\u00ed Volba barvy ne UV ochrana &#8211; Barvost\u00e1lost ano Parametry Z\u00e1ruka 2 roky Zna\u010dka Tegola Popis: \u010celo\u00a0\u017elabu s t\u011bsn\u011bn\u00edm je\u00a0vyroben\u00e9 z kvalitn\u00edho plechu a disponuje odolnost\u00ed v\u016f\u010di mechanick\u00e9mu po\u0161kozen\u00ed, pov\u011btrnostn\u00edm vliv\u016fm i korozi, \u010d\u00edm\u017e je zaji\u0161t\u011bna\u00a0dlouh\u00e1 \u017eivotnost.\u00a0Mezi [&hellip;]<\/p>\n","protected":false},"featured_media":41821,"comment_status":"open","ping_status":"open","template":"","meta":[],"product_brand":[],"product_cat":[46],"product_tag":[],"class_list":{"0":"post-41721","1":"product","2":"type-product","3":"status-publish","4":"has-post-thumbnail","6":"product_cat-odvodneni","8":"first","9":"instock","10":"sale","11":"shipping-taxable","12":"purchasable","13":"product-type-simple"},"yoast_head":"<!-- This site is optimized with the Yoast SEO plugin v26.8 - https:\/\/yoast.com\/product\/yoast-seo-wordpress\/ -->\n<title>Zna\u010dkov\u00fd Tegola Tegoaqua 100 333 mm st\u0159\u00edbrn\u00e1 -<\/title>\n<meta name=\"robots\" content=\"index, follow, max-snippet:-1, max-image-preview:large, max-video-preview:-1\" \/>\n<link rel=\"canonical\" href=\"https:\/\/www.domkraftpro.com\/index.php\/produkt\/znackovy-tegola-tegoaqua-100-333-mm-stribrna-41721\/\" \/>\n<meta property=\"og:locale\" content=\"cs_CZ\" \/>\n<meta property=\"og:type\" content=\"article\" \/>\n<meta property=\"og:title\" content=\"Zna\u010dkov\u00fd Tegola Tegoaqua 100 333 mm st\u0159\u00edbrn\u00e1 -\" \/>\n<meta property=\"og:description\" content=\"\u010celo Materi\u00e1l plech Povrchov\u00e1 \u00faprava pozink, lakov\u00e1n\u00ed Barva st\u0159\u00edbrn\u00e1, RAL 7016, RAL 8017 \u0160\u00ed\u0159ka 333 mm Spojov\u00e1n\u00ed nav\u00e1lka Lakov\u00e1n\u00ed Volba barvy ne UV ochrana &#8211; Barvost\u00e1lost ano Parametry Z\u00e1ruka 2 roky Zna\u010dka Tegola Popis: \u010celo\u00a0\u017elabu s t\u011bsn\u011bn\u00edm je\u00a0vyroben\u00e9 z kvalitn\u00edho plechu a disponuje odolnost\u00ed v\u016f\u010di mechanick\u00e9mu po\u0161kozen\u00ed, pov\u011btrnostn\u00edm vliv\u016fm i korozi, \u010d\u00edm\u017e je zaji\u0161t\u011bna\u00a0dlouh\u00e1 \u017eivotnost.\u00a0Mezi [&hellip;]\" \/>\n<meta property=\"og:url\" content=\"https:\/\/www.domkraftpro.com\/index.php\/produkt\/znackovy-tegola-tegoaqua-100-333-mm-stribrna-41721\/\" \/>\n<meta property=\"og:image\" content=\"https:\/\/www.domkraftpro.com\/wp-content\/uploads\/2026\/SK0010439-CZ20260425-091936-0-1777079982-celo-zlabu-tegola-tegoaqua-100-333-mm-stribrna-w1200-h628-f.webp\" \/>\n\t<meta property=\"og:image:width\" content=\"1000\" \/>\n\t<meta property=\"og:image:height\" content=\"523\" \/>\n\t<meta property=\"og:image:type\" content=\"image\/webp\" \/>\n<meta name=\"twitter:card\" content=\"summary_large_image\" \/>\n<meta name=\"twitter:label1\" content=\"Odhadovan\u00e1 doba \u010dten\u00ed\" \/>\n\t<meta name=\"twitter:data1\" content=\"2 minuty\" \/>\n<script type=\"application\/ld+json\" class=\"yoast-schema-graph\">{\"@context\":\"https:\/\/schema.org\",\"@graph\":[{\"@type\":\"WebPage\",\"@id\":\"https:\/\/www.domkraftpro.com\/index.php\/produkt\/znackovy-tegola-tegoaqua-100-333-mm-stribrna-41721\/\",\"url\":\"https:\/\/www.domkraftpro.com\/index.php\/produkt\/znackovy-tegola-tegoaqua-100-333-mm-stribrna-41721\/\",\"name\":\"Zna\u010dkov\u00fd Tegola Tegoaqua 100 333 mm st\u0159\u00edbrn\u00e1 -\",\"isPartOf\":{\"@id\":\"https:\/\/www.domkraftpro.com\/#website\"},\"primaryImageOfPage\":{\"@id\":\"https:\/\/www.domkraftpro.com\/index.php\/produkt\/znackovy-tegola-tegoaqua-100-333-mm-stribrna-41721\/#primaryimage\"},\"image\":{\"@id\":\"https:\/\/www.domkraftpro.com\/index.php\/produkt\/znackovy-tegola-tegoaqua-100-333-mm-stribrna-41721\/#primaryimage\"},\"thumbnailUrl\":\"https:\/\/www.domkraftpro.com\/wp-content\/uploads\/2026\/SK0010439-CZ20260425-091936-0-1777079982-celo-zlabu-tegola-tegoaqua-100-333-mm-stribrna-w1200-h628-f.webp\",\"datePublished\":\"2026-04-27T04:42:14+00:00\",\"breadcrumb\":{\"@id\":\"https:\/\/www.domkraftpro.com\/index.php\/produkt\/znackovy-tegola-tegoaqua-100-333-mm-stribrna-41721\/#breadcrumb\"},\"inLanguage\":\"cs\",\"potentialAction\":[{\"@type\":\"ReadAction\",\"target\":[\"https:\/\/www.domkraftpro.com\/index.php\/produkt\/znackovy-tegola-tegoaqua-100-333-mm-stribrna-41721\/\"]}]},{\"@type\":\"ImageObject\",\"inLanguage\":\"cs\",\"@id\":\"https:\/\/www.domkraftpro.com\/index.php\/produkt\/znackovy-tegola-tegoaqua-100-333-mm-stribrna-41721\/#primaryimage\",\"url\":\"https:\/\/www.domkraftpro.com\/wp-content\/uploads\/2026\/SK0010439-CZ20260425-091936-0-1777079982-celo-zlabu-tegola-tegoaqua-100-333-mm-stribrna-w1200-h628-f.webp\",\"contentUrl\":\"https:\/\/www.domkraftpro.com\/wp-content\/uploads\/2026\/SK0010439-CZ20260425-091936-0-1777079982-celo-zlabu-tegola-tegoaqua-100-333-mm-stribrna-w1200-h628-f.webp\",\"width\":1000,\"height\":523},{\"@type\":\"BreadcrumbList\",\"@id\":\"https:\/\/www.domkraftpro.com\/index.php\/produkt\/znackovy-tegola-tegoaqua-100-333-mm-stribrna-41721\/#breadcrumb\",\"itemListElement\":[{\"@type\":\"ListItem\",\"position\":1,\"name\":\"Home\",\"item\":\"https:\/\/www.domkraftpro.com\/\"},{\"@type\":\"ListItem\",\"position\":2,\"name\":\"Products\",\"item\":\"https:\/\/www.domkraftpro.com\/index.php\/products\/\"},{\"@type\":\"ListItem\",\"position\":3,\"name\":\"Zna\u010dkov\u00fd Tegola Tegoaqua 100 333 mm st\u0159\u00edbrn\u00e1\"}]},{\"@type\":\"WebSite\",\"@id\":\"https:\/\/www.domkraftpro.com\/#website\",\"url\":\"https:\/\/www.domkraftpro.com\/\",\"name\":\"\",\"description\":\"\",\"potentialAction\":[{\"@type\":\"SearchAction\",\"target\":{\"@type\":\"EntryPoint\",\"urlTemplate\":\"https:\/\/www.domkraftpro.com\/?s={search_term_string}\"},\"query-input\":{\"@type\":\"PropertyValueSpecification\",\"valueRequired\":true,\"valueName\":\"search_term_string\"}}],\"inLanguage\":\"cs\"}]}<\/script>\n<!-- \/ Yoast SEO plugin. -->","yoast_head_json":{"title":"Zna\u010dkov\u00fd Tegola Tegoaqua 100 333 mm st\u0159\u00edbrn\u00e1 -","robots":{"index":"index","follow":"follow","max-snippet":"max-snippet:-1","max-image-preview":"max-image-preview:large","max-video-preview":"max-video-preview:-1"},"canonical":"https:\/\/www.domkraftpro.com\/index.php\/produkt\/znackovy-tegola-tegoaqua-100-333-mm-stribrna-41721\/","og_locale":"cs_CZ","og_type":"article","og_title":"Zna\u010dkov\u00fd Tegola Tegoaqua 100 333 mm st\u0159\u00edbrn\u00e1 -","og_description":"\u010celo Materi\u00e1l plech Povrchov\u00e1 \u00faprava pozink, lakov\u00e1n\u00ed Barva st\u0159\u00edbrn\u00e1, RAL 7016, RAL 8017 \u0160\u00ed\u0159ka 333 mm Spojov\u00e1n\u00ed nav\u00e1lka Lakov\u00e1n\u00ed Volba barvy ne UV ochrana &#8211; Barvost\u00e1lost ano Parametry Z\u00e1ruka 2 roky Zna\u010dka Tegola Popis: \u010celo\u00a0\u017elabu s t\u011bsn\u011bn\u00edm je\u00a0vyroben\u00e9 z kvalitn\u00edho plechu a disponuje odolnost\u00ed v\u016f\u010di mechanick\u00e9mu po\u0161kozen\u00ed, pov\u011btrnostn\u00edm vliv\u016fm i korozi, \u010d\u00edm\u017e je zaji\u0161t\u011bna\u00a0dlouh\u00e1 \u017eivotnost.\u00a0Mezi [&hellip;]","og_url":"https:\/\/www.domkraftpro.com\/index.php\/produkt\/znackovy-tegola-tegoaqua-100-333-mm-stribrna-41721\/","og_image":[{"width":1000,"height":523,"url":"https:\/\/www.domkraftpro.com\/wp-content\/uploads\/2026\/SK0010439-CZ20260425-091936-0-1777079982-celo-zlabu-tegola-tegoaqua-100-333-mm-stribrna-w1200-h628-f.webp","type":"image\/webp"}],"twitter_card":"summary_large_image","twitter_misc":{"Odhadovan\u00e1 doba \u010dten\u00ed":"2 minuty"},"schema":{"@context":"https:\/\/schema.org","@graph":[{"@type":"WebPage","@id":"https:\/\/www.domkraftpro.com\/index.php\/produkt\/znackovy-tegola-tegoaqua-100-333-mm-stribrna-41721\/","url":"https:\/\/www.domkraftpro.com\/index.php\/produkt\/znackovy-tegola-tegoaqua-100-333-mm-stribrna-41721\/","name":"Zna\u010dkov\u00fd Tegola Tegoaqua 100 333 mm st\u0159\u00edbrn\u00e1 -","isPartOf":{"@id":"https:\/\/www.domkraftpro.com\/#website"},"primaryImageOfPage":{"@id":"https:\/\/www.domkraftpro.com\/index.php\/produkt\/znackovy-tegola-tegoaqua-100-333-mm-stribrna-41721\/#primaryimage"},"image":{"@id":"https:\/\/www.domkraftpro.com\/index.php\/produkt\/znackovy-tegola-tegoaqua-100-333-mm-stribrna-41721\/#primaryimage"},"thumbnailUrl":"https:\/\/www.domkraftpro.com\/wp-content\/uploads\/2026\/SK0010439-CZ20260425-091936-0-1777079982-celo-zlabu-tegola-tegoaqua-100-333-mm-stribrna-w1200-h628-f.webp","datePublished":"2026-04-27T04:42:14+00:00","breadcrumb":{"@id":"https:\/\/www.domkraftpro.com\/index.php\/produkt\/znackovy-tegola-tegoaqua-100-333-mm-stribrna-41721\/#breadcrumb"},"inLanguage":"cs","potentialAction":[{"@type":"ReadAction","target":["https:\/\/www.domkraftpro.com\/index.php\/produkt\/znackovy-tegola-tegoaqua-100-333-mm-stribrna-41721\/"]}]},{"@type":"ImageObject","inLanguage":"cs","@id":"https:\/\/www.domkraftpro.com\/index.php\/produkt\/znackovy-tegola-tegoaqua-100-333-mm-stribrna-41721\/#primaryimage","url":"https:\/\/www.domkraftpro.com\/wp-content\/uploads\/2026\/SK0010439-CZ20260425-091936-0-1777079982-celo-zlabu-tegola-tegoaqua-100-333-mm-stribrna-w1200-h628-f.webp","contentUrl":"https:\/\/www.domkraftpro.com\/wp-content\/uploads\/2026\/SK0010439-CZ20260425-091936-0-1777079982-celo-zlabu-tegola-tegoaqua-100-333-mm-stribrna-w1200-h628-f.webp","width":1000,"height":523},{"@type":"BreadcrumbList","@id":"https:\/\/www.domkraftpro.com\/index.php\/produkt\/znackovy-tegola-tegoaqua-100-333-mm-stribrna-41721\/#breadcrumb","itemListElement":[{"@type":"ListItem","position":1,"name":"Home","item":"https:\/\/www.domkraftpro.com\/"},{"@type":"ListItem","position":2,"name":"Products","item":"https:\/\/www.domkraftpro.com\/index.php\/products\/"},{"@type":"ListItem","position":3,"name":"Zna\u010dkov\u00fd Tegola Tegoaqua 100 333 mm st\u0159\u00edbrn\u00e1"}]},{"@type":"WebSite","@id":"https:\/\/www.domkraftpro.com\/#website","url":"https:\/\/www.domkraftpro.com\/","name":"","description":"","potentialAction":[{"@type":"SearchAction","target":{"@type":"EntryPoint","urlTemplate":"https:\/\/www.domkraftpro.com\/?s={search_term_string}"},"query-input":{"@type":"PropertyValueSpecification","valueRequired":true,"valueName":"search_term_string"}}],"inLanguage":"cs"}]}},"_links":{"self":[{"href":"https:\/\/www.domkraftpro.com\/index.php\/wp-json\/wp\/v2\/product\/41721","targetHints":{"allow":["GET"]}}],"collection":[{"href":"https:\/\/www.domkraftpro.com\/index.php\/wp-json\/wp\/v2\/product"}],"about":[{"href":"https:\/\/www.domkraftpro.com\/index.php\/wp-json\/wp\/v2\/types\/product"}],"replies":[{"embeddable":true,"href":"https:\/\/www.domkraftpro.com\/index.php\/wp-json\/wp\/v2\/comments?post=41721"}],"wp:featuredmedia":[{"embeddable":true,"href":"https:\/\/www.domkraftpro.com\/index.php\/wp-json\/wp\/v2\/media\/41821"}],"wp:attachment":[{"href":"https:\/\/www.domkraftpro.com\/index.php\/wp-json\/wp\/v2\/media?parent=41721"}],"wp:term":[{"taxonomy":"product_brand","embeddable":true,"href":"https:\/\/www.domkraftpro.com\/index.php\/wp-json\/wp\/v2\/product_brand?post=41721"},{"taxonomy":"product_cat","embeddable":true,"href":"https:\/\/www.domkraftpro.com\/index.php\/wp-json\/wp\/v2\/product_cat?post=41721"},{"taxonomy":"product_tag","embeddable":true,"href":"https:\/\/www.domkraftpro.com\/index.php\/wp-json\/wp\/v2\/product_tag?post=41721"}],"curies":[{"name":"wp","href":"https:\/\/api.w.org\/{rel}","templated":true}]}}