{"id":41384,"date":"2026-04-27T04:42:13","date_gmt":"2026-04-27T04:42:13","guid":{"rendered":""},"modified":"2026-04-27T04:42:13","modified_gmt":"2026-04-27T04:42:13","slug":"akce-tegola-tegoaqua-80-3000-mm-ral-7016-o-80-mm-41384","status":"publish","type":"product","link":"https:\/\/www.domkraftpro.com\/produkt\/akce-tegola-tegoaqua-80-3000-mm-ral-7016-o-80-mm-41384\/","title":{"rendered":"Akce Tegola Tegoaqua 80 3000 mm RAL 7016 \u00d8 80 mm"},"content":{"rendered":"<div class=\"detail-description__right\">\n<div class=\"parameters\">\n<div class=\"table\">\n<table>\n<tbody>\n<tr class=\"parameters-switch-tr\">\n<td colspan=\"2\" class=\"parameters-switch\">\n<h4>Instalace<\/h4>\n<\/td>\n<\/tr>\n<tr>\n<th>\t\t\t\t\t\t\tLiniov\u00e9 spojen\u00ed \t\t\t\t\t\t<\/th>\n<td>\t\t\t\t\t\t\t\t\tano\t\t\t\t\t\t<\/td>\n<\/tr>\n<tr>\n<th>\t\t\t\t\t\t\tP\u0159ipojen\u00ed bo\u010dn\u00ed \t\t\t\t\t\t<\/th>\n<td>\t\t\t\t\t\t\t\t\tne\t\t\t\t\t\t<\/td>\n<\/tr>\n<tr>\n<th>\t\t\t\t\t\t\tSpojov\u00e1n\u00ed svod\u016f \t\t\t\t\t\t<\/th>\n<td>\t\t\t\t\t\t\t\t\tspojky\t\t\t\t\t\t<\/td>\n<\/tr>\n<tr class=\"parameters-switch-tr\">\n<td colspan=\"2\" class=\"parameters-switch\">\n<h4>Lakov\u00e1n\u00ed<\/h4>\n<\/td>\n<\/tr>\n<tr>\n<th>\t\t\t\t\t\t\tVolba barvy \t\t\t\t\t\t<\/th>\n<td>\t\t\t\t\t\t\t\t\t\u2013\t\t\t\t\t\t<\/td>\n<\/tr>\n<tr>\n<th>\t\t\t\t\t\t\tUV ochrana \t\t\t\t\t\t<\/th>\n<td>\t\t\t\t\t\t\t\t\t\u2013\t\t\t\t\t\t<\/td>\n<\/tr>\n<tr>\n<th>\t\t\t\t\t\t\tBarvost\u00e1lost \t\t\t\t\t\t<\/th>\n<td>\t\t\t\t\t\t\t\t\t\u2013\t\t\t\t\t\t<\/td>\n<\/tr>\n<tr class=\"parameters-switch-tr\">\n<td colspan=\"2\" class=\"parameters-switch\">\n<h4>Svod<\/h4>\n<\/td>\n<\/tr>\n<tr>\n<th>\t\t\t\t\t\t\tMateri\u00e1l svodu \t\t\t\t\t\t<\/th>\n<td>\t\t\t\t\t\t\t\t\tplech\t\t\t\t\t\t<\/td>\n<\/tr>\n<tr>\n<th>\t\t\t\t\t\t\tBarva \t\t\t\t\t\t<\/th>\n<td>\t\t\t\t\t\t\t\t\tRAL 8017, RAL 7016\t\t\t\t\t\t<\/td>\n<\/tr>\n<tr>\n<th>\t\t\t\t\t\t\tTvar \t\t\t\t\t\t<\/th>\n<td>\t\t\t\t\t\t\t\t\tkruhov\u00fd\t\t\t\t\t\t<\/td>\n<\/tr>\n<tr>\n<th>\t\t\t\t\t\t\tD\u00e9lka \t\t\t\t\t\t<\/th>\n<td>\t\t\t\t\t\t\t\t\t2000\u00a0\u2013 3000\u00a0mm\t\t\t\t\t\t<\/td>\n<\/tr>\n<tr>\n<th>\t\t\t\t\t\t\tPr\u016fm\u011br \t\t\t\t\t\t<\/th>\n<td>\t\t\t\t\t\t\t\t\t\u00d8 80\u00a0mm\t\t\t\t\t\t<\/td>\n<\/tr>\n<tr>\n<th>\t\t\t\t\t\t\tTlou\u0161\u0165ka \t\t\t\t\t\t<\/th>\n<td>\t\t\t\t\t\t\t\t\t\u2013\t\t\t\t\t\t<\/td>\n<\/tr>\n<tr>\n<th>\t\t\t\t\t\t\tHmotnost \t\t\t\t\t\t<\/th>\n<td>\t\t\t\t\t\t\t\t\t2,1\u00a0\u2013 3\u00a0kg\t\t\t\t\t\t<\/td>\n<\/tr>\n<tr>\n<th>\t\t\t\t\t\t\tPovrchov\u00e1 \u00faprava \t\t\t\t\t\t<\/th>\n<td>\t\t\t\t\t\t\t\t\tlakov\u00e1n\u00ed\t\t\t\t\t\t<\/td>\n<\/tr>\n<tr>\n<th>\t\t\t\t\t\t\tSyst\u00e9m \t\t\t\t\t\t<\/th>\n<td>\t\t\t\t\t\t\t\t\t250\/80\t\t\t\t\t\t<\/td>\n<\/tr>\n<tr class=\"parameters-switch-tr\">\n<td colspan=\"2\" class=\"parameters-switch\">\n<h4>Parametry<\/h4>\n<\/td>\n<\/tr>\n<tr>\n<th>Z\u00e1ruka<\/th>\n<td>2 roky<\/td>\n<\/tr>\n<tr>\n<th>Zna\u010dka<\/th>\n<td>Tegola<\/td>\n<\/tr>\n<tr class=\"parameters-switch-tr-last\">\n<th colspan=\"2\"><\/th>\n<\/tr>\n<\/tbody>\n<thead>\n<tr>\n<th colspan=\"2\">Parametry produktu:<\/th>\n<\/tr>\n<\/thead>\n<\/table><\/div>\n<\/div><\/div>\n<div class=\"detail-description__top\">\n<div class=\"rating-promo\">\n<div class=\"raty raty--big\" data-score=\"5\" data-read-only=\"true\" title=\"5\"><\/div>\n<div class=\"rating-promo__number\">\t\t\t<strong>5<\/strong><small>recenz\u00ed<\/small>\t\t<\/div>\n<div class=\"rating-promo__number\">\t\t\t<strong>5<\/strong><small>z\u00e1kazn\u00edk\u016f doporu\u010duje<\/small>\t\t<\/div>\n<p>\t\tV\u0161echny recenze\t<\/p><\/div>\n<\/p><\/div>\n<div class=\"detail-description__left\">\n<div class=\"detail-description__left__overflow\">\n<div class=\"detail-description__left__head\">\t\t\t\t\t\tPopis:\t\t\t\t\t<\/div>\n<div class=\"ul-style ul-style--check\">\n<p>Okapov\u00fd svod\u00a0disponuje odolnost\u00ed v\u016f\u010di mechanick\u00e9mu po\u0161kozen\u00ed, pov\u011btrnostn\u00edm vliv\u016fm i korozi, \u010d\u00edm\u017e je zaji\u0161t\u011bna\u00a0dlouh\u00e1 \u017eivotnost. Mezi velk\u00e9 v\u00fdhody pat\u0159\u00ed i\u00a0<strong>snadn\u00e1 a rychl\u00e1 mont\u00e1\u017e<\/strong>.\u00a0Dostupn\u00fd je o d\u00e9lce 2 nebo 3 m.<\/p>\n<ul class=\"plusminus\">\n<li><i class=\"fas fa-check\"><\/i><span>Korozivzdornost<\/span><\/li>\n<li><i class=\"fas fa-check\"><\/i><span>Mechanick\u00e1 odolnost<\/span><\/li>\n<li><i class=\"fas fa-check\"><\/i><span>V\u00fdborn\u00e1 funk\u010dnost<\/span><\/li>\n<\/ul>\n<p>Prvn\u00edm krokem mont\u00e1\u017ee okapov\u00e9ho syst\u00e9mu je ur\u010den\u00ed polohy \u017elabov\u00e9ho kotl\u00edku, podle t\u00e9 se pot\u00e9 ur\u010duje poloha h\u00e1k\u016f, kter\u00e9 se upev\u0148uj\u00ed pomoc\u00ed \u0161roub\u016f maxim\u00e1ln\u011b 60 cm od sebe. \u017dlab se k h\u00e1ku p\u0159ipev\u0148uje nasazen\u00edm p\u0159edn\u00ed \u010d\u00e1sti na h\u00e1\u010dek a n\u00e1sledn\u00fdm oto\u010dn\u00fdm vsunut\u00edm.\u00a0<strong>Minim\u00e1ln\u00ed sklon \u017elab\u016f<\/strong>\u00a0sm\u011brem ke kotl\u00edku je 3 %.<\/p>\n<p>Kotl\u00edk se zah\u00e1kne v zadn\u00ed \u010d\u00e1sti a postupn\u00fdm ot\u00e1\u010den\u00edm se zaklapne za nav\u00e1lku, pot\u00e9 se stejn\u00fdm zp\u016fsobem nasad\u00ed \u017elabov\u00e1 spojka.\u00a0<strong>\u010celo \u017elabu<\/strong>\u00a0se nasazuje vp\u0159edu na nav\u00e1lku a pot\u00e9 se ot\u00e1\u010den\u00ed dokud se vzadu nezaklapne a je vhodn\u00e9 nasadit je\u0161t\u011b p\u0159ed p\u0159ipevn\u011bn\u00edm \u017elabu na h\u00e1ky. Za pomoci spojky svodov\u00fdch rour se na kotl\u00edk p\u0159ipevn\u00ed svodov\u00e9 roury.<\/p>\n<p>Ty se pot\u00e9 ka\u017ed\u00e9 2 metry p\u0159ipev\u0148uj\u00ed obj\u00edmkou ke zdi tak, aby v nich z\u016fstal\u00a0<strong>prostor pro dilataci rour.<\/strong>\u00a0Spojen\u00ed dvou svodov\u00fdch rour nebo svodov\u00e9 roury a &#8222;Y&#8220; kusu se prov\u00e1d\u00ed pomoc\u00ed spojky. V p\u0159\u00edpad\u011b, \u017ee je okap vzd\u00e1len od st\u011bny, pou\u017e\u00edvaj\u00ed se ke svodu dv\u011b kolena a svodov\u00e1 roura. K vy\u00fast\u011bn\u00ed okapov\u00e9ho syst\u00e9mu se pou\u017e\u00edv\u00e1 koleno p\u0159ichycen\u00e9 obj\u00edmkou.<\/p>\n<\/div>\n<div class=\"detail-description__left__more\">\t\t\t\t\t\t<span> <\/span><span> <\/span>\t\t\t\t\t<\/div>\n<\/p><\/div>\n<\/p><\/div>\n<div class=\"detail-description__more\"><span> <\/span><span> <\/span><\/div>\n<\/p><\/div>\n<\/p><\/div>\n<div class=\"tab tab-detail-7\">\n<div class=\"table-size-classic  table-size--selectable\">\n<table>\n<thead>\n<tr>\n<th data-product-code=\"[&quot;K\u00f3d&quot;]\"><span class=\"selected\">Vybr\u00e1no<\/span><span>Syst\u00e9m<\/span><\/th>\n<th data-product-code=\"[&quot;36905&quot;,&quot;37373&quot;,&quot;37375&quot;]\"><span class=\"selected\">Vybr\u00e1no<\/span><span>250 \/ 80<\/span><\/th>\n<th data-product-code=\"[&quot;36933&quot;,&quot;37374&quot;,&quot;37376&quot;]\"><span class=\"selected\">Vybr\u00e1no<\/span><span>250 \/ 80<\/span><\/th>\n<\/tr>\n<\/thead>\n<tbody>\n<tr class=\"space\">\n<td><\/td>\n<td><\/td>\n<td><\/td>\n<\/tr>\n<tr>\n<td><strong>Pr\u016fm\u011br svodu<\/strong><\/td>\n<td>\u00d8 80 mm<\/td>\n<td>\u00d8 80 mm<\/td>\n<\/tr>\n<tr>\n<td><strong>Pr\u016fm\u011br \u017elabu<\/strong><\/td>\n<td>\u00d8 100 mm<\/td>\n<td>\u00d8 100 mm<\/td>\n<\/tr>\n<tr>\n<td><strong>D\u00e9lka<\/strong><\/td>\n<td>2000 mm<\/td>\n<td>3000 mm<\/td>\n<\/tr>\n<tr>\n<td><strong>Tlou\u0161\u0165ka<\/strong><\/td>\n<td>&#8211;<\/td>\n<td>&#8211;<\/td>\n<\/tr>\n<tr>\n<td><strong>Hmotnost<\/strong><\/td>\n<td>2,1 kg<\/td>\n<td>3 kg<\/td>\n<\/tr>\n<\/tbody>\n<\/table>\n<\/div><\/div>\n","protected":false},"excerpt":{"rendered":"<p>Instalace Liniov\u00e9 spojen\u00ed ano P\u0159ipojen\u00ed bo\u010dn\u00ed ne Spojov\u00e1n\u00ed svod\u016f spojky Lakov\u00e1n\u00ed Volba barvy \u2013 UV ochrana \u2013 Barvost\u00e1lost \u2013 Svod Materi\u00e1l svodu plech Barva RAL 8017, RAL 7016 Tvar kruhov\u00fd D\u00e9lka 2000\u00a0\u2013 3000\u00a0mm Pr\u016fm\u011br \u00d8 80\u00a0mm Tlou\u0161\u0165ka \u2013 Hmotnost 2,1\u00a0\u2013 3\u00a0kg Povrchov\u00e1 \u00faprava lakov\u00e1n\u00ed Syst\u00e9m 250\/80 Parametry Z\u00e1ruka 2 roky Zna\u010dka Tegola Parametry produktu: 5recenz\u00ed [&hellip;]<\/p>\n","protected":false},"featured_media":41484,"comment_status":"open","ping_status":"open","template":"","meta":[],"product_brand":[],"product_cat":[46],"product_tag":[],"class_list":{"0":"post-41384","1":"product","2":"type-product","3":"status-publish","4":"has-post-thumbnail","6":"product_cat-odvodneni","8":"first","9":"instock","10":"sale","11":"shipping-taxable","12":"purchasable","13":"product-type-simple"},"yoast_head":"<!-- This site is optimized with the Yoast SEO plugin v26.8 - https:\/\/yoast.com\/product\/yoast-seo-wordpress\/ -->\n<title>Akce Tegola Tegoaqua 80 3000 mm RAL 7016 \u00d8 80 mm -<\/title>\n<meta name=\"robots\" content=\"index, follow, max-snippet:-1, max-image-preview:large, max-video-preview:-1\" \/>\n<link rel=\"canonical\" href=\"https:\/\/www.domkraftpro.com\/index.php\/produkt\/akce-tegola-tegoaqua-80-3000-mm-ral-7016-o-80-mm-41384\/\" \/>\n<meta property=\"og:locale\" content=\"cs_CZ\" \/>\n<meta property=\"og:type\" content=\"article\" \/>\n<meta property=\"og:title\" content=\"Akce Tegola Tegoaqua 80 3000 mm RAL 7016 \u00d8 80 mm -\" \/>\n<meta property=\"og:description\" content=\"Instalace Liniov\u00e9 spojen\u00ed ano P\u0159ipojen\u00ed bo\u010dn\u00ed ne Spojov\u00e1n\u00ed svod\u016f spojky Lakov\u00e1n\u00ed Volba barvy \u2013 UV ochrana \u2013 Barvost\u00e1lost \u2013 Svod Materi\u00e1l svodu plech Barva RAL 8017, RAL 7016 Tvar kruhov\u00fd D\u00e9lka 2000\u00a0\u2013 3000\u00a0mm Pr\u016fm\u011br \u00d8 80\u00a0mm Tlou\u0161\u0165ka \u2013 Hmotnost 2,1\u00a0\u2013 3\u00a0kg Povrchov\u00e1 \u00faprava lakov\u00e1n\u00ed Syst\u00e9m 250\/80 Parametry Z\u00e1ruka 2 roky Zna\u010dka Tegola Parametry produktu: 5recenz\u00ed [&hellip;]\" \/>\n<meta property=\"og:url\" content=\"https:\/\/www.domkraftpro.com\/index.php\/produkt\/akce-tegola-tegoaqua-80-3000-mm-ral-7016-o-80-mm-41384\/\" \/>\n<meta property=\"og:image\" content=\"https:\/\/www.domkraftpro.com\/wp-content\/uploads\/2026\/SK0010302-CZ20260425-091936-0-1777079982-okapovy-svod-tegola-tegoaqua-80-3000-mm-ral-7016-o-80-mm-w1.webp\" \/>\n\t<meta property=\"og:image:width\" content=\"1000\" \/>\n\t<meta property=\"og:image:height\" content=\"523\" \/>\n\t<meta property=\"og:image:type\" content=\"image\/webp\" \/>\n<meta name=\"twitter:card\" content=\"summary_large_image\" \/>\n<meta name=\"twitter:label1\" content=\"Odhadovan\u00e1 doba \u010dten\u00ed\" \/>\n\t<meta name=\"twitter:data1\" content=\"2 minuty\" \/>\n<script type=\"application\/ld+json\" class=\"yoast-schema-graph\">{\"@context\":\"https:\/\/schema.org\",\"@graph\":[{\"@type\":\"WebPage\",\"@id\":\"https:\/\/www.domkraftpro.com\/index.php\/produkt\/akce-tegola-tegoaqua-80-3000-mm-ral-7016-o-80-mm-41384\/\",\"url\":\"https:\/\/www.domkraftpro.com\/index.php\/produkt\/akce-tegola-tegoaqua-80-3000-mm-ral-7016-o-80-mm-41384\/\",\"name\":\"Akce Tegola Tegoaqua 80 3000 mm RAL 7016 \u00d8 80 mm -\",\"isPartOf\":{\"@id\":\"https:\/\/www.domkraftpro.com\/#website\"},\"primaryImageOfPage\":{\"@id\":\"https:\/\/www.domkraftpro.com\/index.php\/produkt\/akce-tegola-tegoaqua-80-3000-mm-ral-7016-o-80-mm-41384\/#primaryimage\"},\"image\":{\"@id\":\"https:\/\/www.domkraftpro.com\/index.php\/produkt\/akce-tegola-tegoaqua-80-3000-mm-ral-7016-o-80-mm-41384\/#primaryimage\"},\"thumbnailUrl\":\"https:\/\/www.domkraftpro.com\/wp-content\/uploads\/2026\/SK0010302-CZ20260425-091936-0-1777079982-okapovy-svod-tegola-tegoaqua-80-3000-mm-ral-7016-o-80-mm-w1.webp\",\"datePublished\":\"2026-04-27T04:42:13+00:00\",\"breadcrumb\":{\"@id\":\"https:\/\/www.domkraftpro.com\/index.php\/produkt\/akce-tegola-tegoaqua-80-3000-mm-ral-7016-o-80-mm-41384\/#breadcrumb\"},\"inLanguage\":\"cs\",\"potentialAction\":[{\"@type\":\"ReadAction\",\"target\":[\"https:\/\/www.domkraftpro.com\/index.php\/produkt\/akce-tegola-tegoaqua-80-3000-mm-ral-7016-o-80-mm-41384\/\"]}]},{\"@type\":\"ImageObject\",\"inLanguage\":\"cs\",\"@id\":\"https:\/\/www.domkraftpro.com\/index.php\/produkt\/akce-tegola-tegoaqua-80-3000-mm-ral-7016-o-80-mm-41384\/#primaryimage\",\"url\":\"https:\/\/www.domkraftpro.com\/wp-content\/uploads\/2026\/SK0010302-CZ20260425-091936-0-1777079982-okapovy-svod-tegola-tegoaqua-80-3000-mm-ral-7016-o-80-mm-w1.webp\",\"contentUrl\":\"https:\/\/www.domkraftpro.com\/wp-content\/uploads\/2026\/SK0010302-CZ20260425-091936-0-1777079982-okapovy-svod-tegola-tegoaqua-80-3000-mm-ral-7016-o-80-mm-w1.webp\",\"width\":1000,\"height\":523},{\"@type\":\"BreadcrumbList\",\"@id\":\"https:\/\/www.domkraftpro.com\/index.php\/produkt\/akce-tegola-tegoaqua-80-3000-mm-ral-7016-o-80-mm-41384\/#breadcrumb\",\"itemListElement\":[{\"@type\":\"ListItem\",\"position\":1,\"name\":\"Home\",\"item\":\"https:\/\/www.domkraftpro.com\/\"},{\"@type\":\"ListItem\",\"position\":2,\"name\":\"Products\",\"item\":\"https:\/\/www.domkraftpro.com\/products\/\"},{\"@type\":\"ListItem\",\"position\":3,\"name\":\"Akce Tegola Tegoaqua 80 3000 mm RAL 7016 \u00d8 80 mm\"}]},{\"@type\":\"WebSite\",\"@id\":\"https:\/\/www.domkraftpro.com\/#website\",\"url\":\"https:\/\/www.domkraftpro.com\/\",\"name\":\"\",\"description\":\"\",\"potentialAction\":[{\"@type\":\"SearchAction\",\"target\":{\"@type\":\"EntryPoint\",\"urlTemplate\":\"https:\/\/www.domkraftpro.com\/?s={search_term_string}\"},\"query-input\":{\"@type\":\"PropertyValueSpecification\",\"valueRequired\":true,\"valueName\":\"search_term_string\"}}],\"inLanguage\":\"cs\"}]}<\/script>\n<!-- \/ Yoast SEO plugin. -->","yoast_head_json":{"title":"Akce Tegola Tegoaqua 80 3000 mm RAL 7016 \u00d8 80 mm -","robots":{"index":"index","follow":"follow","max-snippet":"max-snippet:-1","max-image-preview":"max-image-preview:large","max-video-preview":"max-video-preview:-1"},"canonical":"https:\/\/www.domkraftpro.com\/index.php\/produkt\/akce-tegola-tegoaqua-80-3000-mm-ral-7016-o-80-mm-41384\/","og_locale":"cs_CZ","og_type":"article","og_title":"Akce Tegola Tegoaqua 80 3000 mm RAL 7016 \u00d8 80 mm -","og_description":"Instalace Liniov\u00e9 spojen\u00ed ano P\u0159ipojen\u00ed bo\u010dn\u00ed ne Spojov\u00e1n\u00ed svod\u016f spojky Lakov\u00e1n\u00ed Volba barvy \u2013 UV ochrana \u2013 Barvost\u00e1lost \u2013 Svod Materi\u00e1l svodu plech Barva RAL 8017, RAL 7016 Tvar kruhov\u00fd D\u00e9lka 2000\u00a0\u2013 3000\u00a0mm Pr\u016fm\u011br \u00d8 80\u00a0mm Tlou\u0161\u0165ka \u2013 Hmotnost 2,1\u00a0\u2013 3\u00a0kg Povrchov\u00e1 \u00faprava lakov\u00e1n\u00ed Syst\u00e9m 250\/80 Parametry Z\u00e1ruka 2 roky Zna\u010dka Tegola Parametry produktu: 5recenz\u00ed [&hellip;]","og_url":"https:\/\/www.domkraftpro.com\/index.php\/produkt\/akce-tegola-tegoaqua-80-3000-mm-ral-7016-o-80-mm-41384\/","og_image":[{"width":1000,"height":523,"url":"https:\/\/www.domkraftpro.com\/wp-content\/uploads\/2026\/SK0010302-CZ20260425-091936-0-1777079982-okapovy-svod-tegola-tegoaqua-80-3000-mm-ral-7016-o-80-mm-w1.webp","type":"image\/webp"}],"twitter_card":"summary_large_image","twitter_misc":{"Odhadovan\u00e1 doba \u010dten\u00ed":"2 minuty"},"schema":{"@context":"https:\/\/schema.org","@graph":[{"@type":"WebPage","@id":"https:\/\/www.domkraftpro.com\/index.php\/produkt\/akce-tegola-tegoaqua-80-3000-mm-ral-7016-o-80-mm-41384\/","url":"https:\/\/www.domkraftpro.com\/index.php\/produkt\/akce-tegola-tegoaqua-80-3000-mm-ral-7016-o-80-mm-41384\/","name":"Akce Tegola Tegoaqua 80 3000 mm RAL 7016 \u00d8 80 mm -","isPartOf":{"@id":"https:\/\/www.domkraftpro.com\/#website"},"primaryImageOfPage":{"@id":"https:\/\/www.domkraftpro.com\/index.php\/produkt\/akce-tegola-tegoaqua-80-3000-mm-ral-7016-o-80-mm-41384\/#primaryimage"},"image":{"@id":"https:\/\/www.domkraftpro.com\/index.php\/produkt\/akce-tegola-tegoaqua-80-3000-mm-ral-7016-o-80-mm-41384\/#primaryimage"},"thumbnailUrl":"https:\/\/www.domkraftpro.com\/wp-content\/uploads\/2026\/SK0010302-CZ20260425-091936-0-1777079982-okapovy-svod-tegola-tegoaqua-80-3000-mm-ral-7016-o-80-mm-w1.webp","datePublished":"2026-04-27T04:42:13+00:00","breadcrumb":{"@id":"https:\/\/www.domkraftpro.com\/index.php\/produkt\/akce-tegola-tegoaqua-80-3000-mm-ral-7016-o-80-mm-41384\/#breadcrumb"},"inLanguage":"cs","potentialAction":[{"@type":"ReadAction","target":["https:\/\/www.domkraftpro.com\/index.php\/produkt\/akce-tegola-tegoaqua-80-3000-mm-ral-7016-o-80-mm-41384\/"]}]},{"@type":"ImageObject","inLanguage":"cs","@id":"https:\/\/www.domkraftpro.com\/index.php\/produkt\/akce-tegola-tegoaqua-80-3000-mm-ral-7016-o-80-mm-41384\/#primaryimage","url":"https:\/\/www.domkraftpro.com\/wp-content\/uploads\/2026\/SK0010302-CZ20260425-091936-0-1777079982-okapovy-svod-tegola-tegoaqua-80-3000-mm-ral-7016-o-80-mm-w1.webp","contentUrl":"https:\/\/www.domkraftpro.com\/wp-content\/uploads\/2026\/SK0010302-CZ20260425-091936-0-1777079982-okapovy-svod-tegola-tegoaqua-80-3000-mm-ral-7016-o-80-mm-w1.webp","width":1000,"height":523},{"@type":"BreadcrumbList","@id":"https:\/\/www.domkraftpro.com\/index.php\/produkt\/akce-tegola-tegoaqua-80-3000-mm-ral-7016-o-80-mm-41384\/#breadcrumb","itemListElement":[{"@type":"ListItem","position":1,"name":"Home","item":"https:\/\/www.domkraftpro.com\/"},{"@type":"ListItem","position":2,"name":"Products","item":"https:\/\/www.domkraftpro.com\/products\/"},{"@type":"ListItem","position":3,"name":"Akce Tegola Tegoaqua 80 3000 mm RAL 7016 \u00d8 80 mm"}]},{"@type":"WebSite","@id":"https:\/\/www.domkraftpro.com\/#website","url":"https:\/\/www.domkraftpro.com\/","name":"","description":"","potentialAction":[{"@type":"SearchAction","target":{"@type":"EntryPoint","urlTemplate":"https:\/\/www.domkraftpro.com\/?s={search_term_string}"},"query-input":{"@type":"PropertyValueSpecification","valueRequired":true,"valueName":"search_term_string"}}],"inLanguage":"cs"}]}},"_links":{"self":[{"href":"https:\/\/www.domkraftpro.com\/wp-json\/wp\/v2\/product\/41384","targetHints":{"allow":["GET"]}}],"collection":[{"href":"https:\/\/www.domkraftpro.com\/wp-json\/wp\/v2\/product"}],"about":[{"href":"https:\/\/www.domkraftpro.com\/wp-json\/wp\/v2\/types\/product"}],"replies":[{"embeddable":true,"href":"https:\/\/www.domkraftpro.com\/wp-json\/wp\/v2\/comments?post=41384"}],"wp:featuredmedia":[{"embeddable":true,"href":"https:\/\/www.domkraftpro.com\/wp-json\/wp\/v2\/media\/41484"}],"wp:attachment":[{"href":"https:\/\/www.domkraftpro.com\/wp-json\/wp\/v2\/media?parent=41384"}],"wp:term":[{"taxonomy":"product_brand","embeddable":true,"href":"https:\/\/www.domkraftpro.com\/wp-json\/wp\/v2\/product_brand?post=41384"},{"taxonomy":"product_cat","embeddable":true,"href":"https:\/\/www.domkraftpro.com\/wp-json\/wp\/v2\/product_cat?post=41384"},{"taxonomy":"product_tag","embeddable":true,"href":"https:\/\/www.domkraftpro.com\/wp-json\/wp\/v2\/product_tag?post=41384"}],"curies":[{"name":"wp","href":"https:\/\/api.w.org\/{rel}","templated":true}]}}