{"id":37169,"date":"2026-04-27T04:42:01","date_gmt":"2026-04-27T04:42:01","guid":{"rendered":""},"modified":"2026-04-27T04:42:01","modified_gmt":"2026-04-27T04:42:01","slug":"akce-cerano-sprchovy-kout-antelo-duo-l-p-6-mm-cerna-matna-transparentni-sklo-120x75x190-cm-otocny-37169","status":"publish","type":"product","link":"https:\/\/www.domkraftpro.com\/index.php\/produkt\/akce-cerano-sprchovy-kout-antelo-duo-l-p-6-mm-cerna-matna-transparentni-sklo-120x75x190-cm-otocny-37169\/","title":{"rendered":"Akce CERANO &#8211; Sprchov\u00fd kout Antelo Duo L\/P &#8211; 6 mm &#8211; \u010dern\u00e1 matn\u00e1, transparentn\u00ed sklo &#8211; 120x75x190 cm &#8211; oto\u010dn\u00fd"},"content":{"rendered":"<h3>Dopl\u0148kov\u00e9 parametry<\/h3>\n<table class=\"detail-parameters\">\n<tbody>\n<tr>\n<th>        <span class=\"row-header-label\">            Kategorie<span class=\"row-header-label-colon\">:<\/span>        <\/span>    <\/th>\n<td>        Sprchov\u00e9 z\u00e1st\u011bny obdeln\u00edkov\u00e9 \u0161\u00ed\u0159ka 120-125 cm    <\/td>\n<\/tr>\n<tr>\n<th>            <span class=\"row-header-label\">                Z\u00e1ruka<span class=\"row-header-label-colon\">:<\/span>            <\/span>        <\/th>\n<td>            5 let        <\/td>\n<\/tr>\n<tr>\n<th>            <span class=\"row-header-label\">                Hmotnost<span class=\"row-header-label-colon\">:<\/span>            <\/span>        <\/th>\n<td>            62 kg        <\/td>\n<\/tr>\n<tr class=\"productEan\">\n<th>          <span class=\"row-header-label productEan__label\">              EAN<span class=\"row-header-label-colon\">:<\/span>          <\/span>      <\/th>\n<td>          <span class=\"productEan__value\">8595725615766<\/span>      <\/td>\n<\/tr>\n<tr>\n<th>                <span class=\"row-header-label\">                                            Barva profilu<span class=\"row-header-label-colon\">:<\/span>                                    <\/span>            <\/th>\n<td>                                                            \u010cern\u00e1                                                <\/td>\n<\/tr>\n<tr>\n<th>                <span class=\"row-header-label\">                                            Barva skla<span class=\"row-header-label-colon\">:<\/span>                                    <\/span>            <\/th>\n<td>                                                            Transparentn\u00ed                                                <\/td>\n<\/tr>\n<tr>\n<th>                <span class=\"row-header-label\">                                            Hloubka<span class=\"row-header-label-colon\">:<\/span>                                    <\/span>            <\/th>\n<td>                                                            75 cm                                                <\/td>\n<\/tr>\n<tr>\n<th>                <span class=\"row-header-label\">                                            Instalace<span class=\"row-header-label-colon\">:<\/span>                                    <\/span>            <\/th>\n<td>                                                            Univerz\u00e1ln\u00ed                                                <\/td>\n<\/tr>\n<tr>\n<th>                <span class=\"row-header-label\">                                            S\u00e9rie<span class=\"row-header-label-colon\">:<\/span>                                    <\/span>            <\/th>\n<td>                                                            Antelo                                                <\/td>\n<\/tr>\n<tr>\n<th>                <span class=\"row-header-label\">                                            \u0160\u00ed\u0159ka<span class=\"row-header-label-colon\">:<\/span>                                    <\/span>            <\/th>\n<td>                                                            120 cm                                                <\/td>\n<\/tr>\n<tr>\n<th>                <span class=\"row-header-label\">                                            Tlou\u0161\u0165ka skla<span class=\"row-header-label-colon\">:<\/span>                                    <\/span>            <\/th>\n<td>                                                            6 mm                                                <\/td>\n<\/tr>\n<tr>\n<th>                <span class=\"row-header-label\">                                            V\u00fd\u0161ka<span class=\"row-header-label-colon\">:<\/span>                                    <\/span>            <\/th>\n<td>                                                            190 cm                                                <\/td>\n<\/tr>\n<tr>\n<th>                <span class=\"row-header-label\">                                            Zp\u016fsob otev\u00edr\u00e1n\u00ed<span class=\"row-header-label-colon\">:<\/span>                                    <\/span>            <\/th>\n<td>                                                            Oto\u010dn\u00e9                                                <\/td>\n<\/tr>\n<tr>\n<th>                <span class=\"row-header-label\">                                                                        Typ<span class=\"row-header-label-colon\">:<\/span>                                                            <\/span>            <\/th>\n<td>Obdeln\u00edk<\/td>\n<\/tr>\n<tr>\n<th>                <span class=\"row-header-label\">                                                                        Typ skla<span class=\"row-header-label-colon\">:<\/span>                                                            <\/span>            <\/th>\n<td>Bezpe\u010dnostn\u00ed, tvrzen\u00e9<\/td>\n<\/tr>\n<tr>\n<th>                <span class=\"row-header-label\">                                                                        Materi\u00e1l<span class=\"row-header-label-colon\">:<\/span>                                                            <\/span>            <\/th>\n<td>Hlin\u00edk, sklo<\/td>\n<\/tr>\n<tr>\n<th>                <span class=\"row-header-label\">                                                                        Kovov\u00e1 rukoje\u0165<span class=\"row-header-label-colon\">:<\/span>                                                            <\/span>            <\/th>\n<td>Ano<\/td>\n<\/tr>\n<tr>\n<th>                <span class=\"row-header-label\">                                                                        Nutnost aklimatizace p\u0159ed instalac\u00ed<span class=\"row-header-label-colon\">:<\/span>                                                            <\/span>            <\/th>\n<td>48 hodin<\/td>\n<\/tr>\n<tr>\n<th>                <span class=\"row-header-label\">                                                                        FastInstall<span class=\"row-header-label-colon\">:<\/span>                                                            <\/span>            <\/th>\n<td>Ano<\/td>\n<\/tr>\n<\/tbody>\n<\/table><\/div>\n<\/p><\/div>\n<\/p><\/div>\n","protected":false},"excerpt":{"rendered":"<p>Dopl\u0148kov\u00e9 parametry Kategorie: Sprchov\u00e9 z\u00e1st\u011bny obdeln\u00edkov\u00e9 \u0161\u00ed\u0159ka 120-125 cm Z\u00e1ruka: 5 let Hmotnost: 62 kg EAN: 8595725615766 Barva profilu: \u010cern\u00e1 Barva skla: Transparentn\u00ed Hloubka: 75 cm Instalace: Univerz\u00e1ln\u00ed S\u00e9rie: Antelo \u0160\u00ed\u0159ka: 120 cm Tlou\u0161\u0165ka skla: 6 mm V\u00fd\u0161ka: 190 cm Zp\u016fsob otev\u00edr\u00e1n\u00ed: Oto\u010dn\u00e9 Typ: Obdeln\u00edk Typ skla: Bezpe\u010dnostn\u00ed, tvrzen\u00e9 Materi\u00e1l: Hlin\u00edk, sklo Kovov\u00e1 rukoje\u0165: Ano [&hellip;]<\/p>\n","protected":false},"featured_media":37269,"comment_status":"open","ping_status":"open","template":"","meta":[],"product_brand":[],"product_cat":[95],"product_tag":[],"class_list":{"0":"post-37169","1":"product","2":"type-product","3":"status-publish","4":"has-post-thumbnail","6":"product_cat-koupelna","8":"first","9":"instock","10":"sale","11":"shipping-taxable","12":"purchasable","13":"product-type-simple"},"yoast_head":"<!-- This site is optimized with the Yoast SEO plugin v26.8 - https:\/\/yoast.com\/product\/yoast-seo-wordpress\/ -->\n<title>Akce CERANO - Sprchov\u00fd kout Antelo Duo L\/P - 6 mm - \u010dern\u00e1 matn\u00e1, transparentn\u00ed sklo - 120x75x190 cm - oto\u010dn\u00fd -<\/title>\n<meta name=\"robots\" content=\"index, follow, max-snippet:-1, max-image-preview:large, max-video-preview:-1\" \/>\n<link rel=\"canonical\" href=\"https:\/\/www.domkraftpro.com\/index.php\/produkt\/akce-cerano-sprchovy-kout-antelo-duo-l-p-6-mm-cerna-matna-transparentni-sklo-120x75x190-cm-otocny-37169\/\" \/>\n<meta property=\"og:locale\" content=\"cs_CZ\" \/>\n<meta property=\"og:type\" content=\"article\" \/>\n<meta property=\"og:title\" content=\"Akce CERANO - Sprchov\u00fd kout Antelo Duo L\/P - 6 mm - \u010dern\u00e1 matn\u00e1, transparentn\u00ed sklo - 120x75x190 cm - oto\u010dn\u00fd -\" \/>\n<meta property=\"og:description\" content=\"Dopl\u0148kov\u00e9 parametry Kategorie: Sprchov\u00e9 z\u00e1st\u011bny obdeln\u00edkov\u00e9 \u0161\u00ed\u0159ka 120-125 cm Z\u00e1ruka: 5 let Hmotnost: 62 kg EAN: 8595725615766 Barva profilu: \u010cern\u00e1 Barva skla: Transparentn\u00ed Hloubka: 75 cm Instalace: Univerz\u00e1ln\u00ed S\u00e9rie: Antelo \u0160\u00ed\u0159ka: 120 cm Tlou\u0161\u0165ka skla: 6 mm V\u00fd\u0161ka: 190 cm Zp\u016fsob otev\u00edr\u00e1n\u00ed: Oto\u010dn\u00e9 Typ: Obdeln\u00edk Typ skla: Bezpe\u010dnostn\u00ed, tvrzen\u00e9 Materi\u00e1l: Hlin\u00edk, sklo Kovov\u00e1 rukoje\u0165: Ano [&hellip;]\" \/>\n<meta property=\"og:url\" content=\"https:\/\/www.domkraftpro.com\/index.php\/produkt\/akce-cerano-sprchovy-kout-antelo-duo-l-p-6-mm-cerna-matna-transparentni-sklo-120x75x190-cm-otocny-37169\/\" \/>\n<meta property=\"og:image\" content=\"https:\/\/www.domkraftpro.com\/wp-content\/uploads\/2026\/SK0006336-CZ20260425-093702-0-1777081025-445680-2_445680-cerano-sprchovy-kout-antelo-duo-l-p-6-mm-ce.webp\" \/>\n\t<meta property=\"og:image:width\" content=\"1000\" \/>\n\t<meta property=\"og:image:height\" content=\"750\" \/>\n\t<meta property=\"og:image:type\" content=\"image\/webp\" \/>\n<meta name=\"twitter:card\" content=\"summary_large_image\" \/>\n<script type=\"application\/ld+json\" class=\"yoast-schema-graph\">{\"@context\":\"https:\/\/schema.org\",\"@graph\":[{\"@type\":\"WebPage\",\"@id\":\"https:\/\/www.domkraftpro.com\/index.php\/produkt\/akce-cerano-sprchovy-kout-antelo-duo-l-p-6-mm-cerna-matna-transparentni-sklo-120x75x190-cm-otocny-37169\/\",\"url\":\"https:\/\/www.domkraftpro.com\/index.php\/produkt\/akce-cerano-sprchovy-kout-antelo-duo-l-p-6-mm-cerna-matna-transparentni-sklo-120x75x190-cm-otocny-37169\/\",\"name\":\"Akce CERANO - Sprchov\u00fd kout Antelo Duo L\/P - 6 mm - \u010dern\u00e1 matn\u00e1, transparentn\u00ed sklo - 120x75x190 cm - oto\u010dn\u00fd -\",\"isPartOf\":{\"@id\":\"https:\/\/www.domkraftpro.com\/#website\"},\"primaryImageOfPage\":{\"@id\":\"https:\/\/www.domkraftpro.com\/index.php\/produkt\/akce-cerano-sprchovy-kout-antelo-duo-l-p-6-mm-cerna-matna-transparentni-sklo-120x75x190-cm-otocny-37169\/#primaryimage\"},\"image\":{\"@id\":\"https:\/\/www.domkraftpro.com\/index.php\/produkt\/akce-cerano-sprchovy-kout-antelo-duo-l-p-6-mm-cerna-matna-transparentni-sklo-120x75x190-cm-otocny-37169\/#primaryimage\"},\"thumbnailUrl\":\"https:\/\/www.domkraftpro.com\/wp-content\/uploads\/2026\/SK0006336-CZ20260425-093702-0-1777081025-445680-2_445680-cerano-sprchovy-kout-antelo-duo-l-p-6-mm-ce.webp\",\"datePublished\":\"2026-04-27T04:42:01+00:00\",\"breadcrumb\":{\"@id\":\"https:\/\/www.domkraftpro.com\/index.php\/produkt\/akce-cerano-sprchovy-kout-antelo-duo-l-p-6-mm-cerna-matna-transparentni-sklo-120x75x190-cm-otocny-37169\/#breadcrumb\"},\"inLanguage\":\"cs\",\"potentialAction\":[{\"@type\":\"ReadAction\",\"target\":[\"https:\/\/www.domkraftpro.com\/index.php\/produkt\/akce-cerano-sprchovy-kout-antelo-duo-l-p-6-mm-cerna-matna-transparentni-sklo-120x75x190-cm-otocny-37169\/\"]}]},{\"@type\":\"ImageObject\",\"inLanguage\":\"cs\",\"@id\":\"https:\/\/www.domkraftpro.com\/index.php\/produkt\/akce-cerano-sprchovy-kout-antelo-duo-l-p-6-mm-cerna-matna-transparentni-sklo-120x75x190-cm-otocny-37169\/#primaryimage\",\"url\":\"https:\/\/www.domkraftpro.com\/wp-content\/uploads\/2026\/SK0006336-CZ20260425-093702-0-1777081025-445680-2_445680-cerano-sprchovy-kout-antelo-duo-l-p-6-mm-ce.webp\",\"contentUrl\":\"https:\/\/www.domkraftpro.com\/wp-content\/uploads\/2026\/SK0006336-CZ20260425-093702-0-1777081025-445680-2_445680-cerano-sprchovy-kout-antelo-duo-l-p-6-mm-ce.webp\",\"width\":1000,\"height\":750},{\"@type\":\"BreadcrumbList\",\"@id\":\"https:\/\/www.domkraftpro.com\/index.php\/produkt\/akce-cerano-sprchovy-kout-antelo-duo-l-p-6-mm-cerna-matna-transparentni-sklo-120x75x190-cm-otocny-37169\/#breadcrumb\",\"itemListElement\":[{\"@type\":\"ListItem\",\"position\":1,\"name\":\"Home\",\"item\":\"https:\/\/www.domkraftpro.com\/\"},{\"@type\":\"ListItem\",\"position\":2,\"name\":\"Products\",\"item\":\"https:\/\/www.domkraftpro.com\/index.php\/products\/\"},{\"@type\":\"ListItem\",\"position\":3,\"name\":\"Akce CERANO &#8211; Sprchov\u00fd kout Antelo Duo L\/P &#8211; 6 mm &#8211; \u010dern\u00e1 matn\u00e1, transparentn\u00ed sklo &#8211; 120x75x190 cm &#8211; oto\u010dn\u00fd\"}]},{\"@type\":\"WebSite\",\"@id\":\"https:\/\/www.domkraftpro.com\/#website\",\"url\":\"https:\/\/www.domkraftpro.com\/\",\"name\":\"\",\"description\":\"\",\"potentialAction\":[{\"@type\":\"SearchAction\",\"target\":{\"@type\":\"EntryPoint\",\"urlTemplate\":\"https:\/\/www.domkraftpro.com\/?s={search_term_string}\"},\"query-input\":{\"@type\":\"PropertyValueSpecification\",\"valueRequired\":true,\"valueName\":\"search_term_string\"}}],\"inLanguage\":\"cs\"}]}<\/script>\n<!-- \/ Yoast SEO plugin. -->","yoast_head_json":{"title":"Akce CERANO - Sprchov\u00fd kout Antelo Duo L\/P - 6 mm - \u010dern\u00e1 matn\u00e1, transparentn\u00ed sklo - 120x75x190 cm - oto\u010dn\u00fd -","robots":{"index":"index","follow":"follow","max-snippet":"max-snippet:-1","max-image-preview":"max-image-preview:large","max-video-preview":"max-video-preview:-1"},"canonical":"https:\/\/www.domkraftpro.com\/index.php\/produkt\/akce-cerano-sprchovy-kout-antelo-duo-l-p-6-mm-cerna-matna-transparentni-sklo-120x75x190-cm-otocny-37169\/","og_locale":"cs_CZ","og_type":"article","og_title":"Akce CERANO - Sprchov\u00fd kout Antelo Duo L\/P - 6 mm - \u010dern\u00e1 matn\u00e1, transparentn\u00ed sklo - 120x75x190 cm - oto\u010dn\u00fd -","og_description":"Dopl\u0148kov\u00e9 parametry Kategorie: Sprchov\u00e9 z\u00e1st\u011bny obdeln\u00edkov\u00e9 \u0161\u00ed\u0159ka 120-125 cm Z\u00e1ruka: 5 let Hmotnost: 62 kg EAN: 8595725615766 Barva profilu: \u010cern\u00e1 Barva skla: Transparentn\u00ed Hloubka: 75 cm Instalace: Univerz\u00e1ln\u00ed S\u00e9rie: Antelo \u0160\u00ed\u0159ka: 120 cm Tlou\u0161\u0165ka skla: 6 mm V\u00fd\u0161ka: 190 cm Zp\u016fsob otev\u00edr\u00e1n\u00ed: Oto\u010dn\u00e9 Typ: Obdeln\u00edk Typ skla: Bezpe\u010dnostn\u00ed, tvrzen\u00e9 Materi\u00e1l: Hlin\u00edk, sklo Kovov\u00e1 rukoje\u0165: Ano [&hellip;]","og_url":"https:\/\/www.domkraftpro.com\/index.php\/produkt\/akce-cerano-sprchovy-kout-antelo-duo-l-p-6-mm-cerna-matna-transparentni-sklo-120x75x190-cm-otocny-37169\/","og_image":[{"width":1000,"height":750,"url":"https:\/\/www.domkraftpro.com\/wp-content\/uploads\/2026\/SK0006336-CZ20260425-093702-0-1777081025-445680-2_445680-cerano-sprchovy-kout-antelo-duo-l-p-6-mm-ce.webp","type":"image\/webp"}],"twitter_card":"summary_large_image","schema":{"@context":"https:\/\/schema.org","@graph":[{"@type":"WebPage","@id":"https:\/\/www.domkraftpro.com\/index.php\/produkt\/akce-cerano-sprchovy-kout-antelo-duo-l-p-6-mm-cerna-matna-transparentni-sklo-120x75x190-cm-otocny-37169\/","url":"https:\/\/www.domkraftpro.com\/index.php\/produkt\/akce-cerano-sprchovy-kout-antelo-duo-l-p-6-mm-cerna-matna-transparentni-sklo-120x75x190-cm-otocny-37169\/","name":"Akce CERANO - Sprchov\u00fd kout Antelo Duo L\/P - 6 mm - \u010dern\u00e1 matn\u00e1, transparentn\u00ed sklo - 120x75x190 cm - oto\u010dn\u00fd -","isPartOf":{"@id":"https:\/\/www.domkraftpro.com\/#website"},"primaryImageOfPage":{"@id":"https:\/\/www.domkraftpro.com\/index.php\/produkt\/akce-cerano-sprchovy-kout-antelo-duo-l-p-6-mm-cerna-matna-transparentni-sklo-120x75x190-cm-otocny-37169\/#primaryimage"},"image":{"@id":"https:\/\/www.domkraftpro.com\/index.php\/produkt\/akce-cerano-sprchovy-kout-antelo-duo-l-p-6-mm-cerna-matna-transparentni-sklo-120x75x190-cm-otocny-37169\/#primaryimage"},"thumbnailUrl":"https:\/\/www.domkraftpro.com\/wp-content\/uploads\/2026\/SK0006336-CZ20260425-093702-0-1777081025-445680-2_445680-cerano-sprchovy-kout-antelo-duo-l-p-6-mm-ce.webp","datePublished":"2026-04-27T04:42:01+00:00","breadcrumb":{"@id":"https:\/\/www.domkraftpro.com\/index.php\/produkt\/akce-cerano-sprchovy-kout-antelo-duo-l-p-6-mm-cerna-matna-transparentni-sklo-120x75x190-cm-otocny-37169\/#breadcrumb"},"inLanguage":"cs","potentialAction":[{"@type":"ReadAction","target":["https:\/\/www.domkraftpro.com\/index.php\/produkt\/akce-cerano-sprchovy-kout-antelo-duo-l-p-6-mm-cerna-matna-transparentni-sklo-120x75x190-cm-otocny-37169\/"]}]},{"@type":"ImageObject","inLanguage":"cs","@id":"https:\/\/www.domkraftpro.com\/index.php\/produkt\/akce-cerano-sprchovy-kout-antelo-duo-l-p-6-mm-cerna-matna-transparentni-sklo-120x75x190-cm-otocny-37169\/#primaryimage","url":"https:\/\/www.domkraftpro.com\/wp-content\/uploads\/2026\/SK0006336-CZ20260425-093702-0-1777081025-445680-2_445680-cerano-sprchovy-kout-antelo-duo-l-p-6-mm-ce.webp","contentUrl":"https:\/\/www.domkraftpro.com\/wp-content\/uploads\/2026\/SK0006336-CZ20260425-093702-0-1777081025-445680-2_445680-cerano-sprchovy-kout-antelo-duo-l-p-6-mm-ce.webp","width":1000,"height":750},{"@type":"BreadcrumbList","@id":"https:\/\/www.domkraftpro.com\/index.php\/produkt\/akce-cerano-sprchovy-kout-antelo-duo-l-p-6-mm-cerna-matna-transparentni-sklo-120x75x190-cm-otocny-37169\/#breadcrumb","itemListElement":[{"@type":"ListItem","position":1,"name":"Home","item":"https:\/\/www.domkraftpro.com\/"},{"@type":"ListItem","position":2,"name":"Products","item":"https:\/\/www.domkraftpro.com\/index.php\/products\/"},{"@type":"ListItem","position":3,"name":"Akce CERANO &#8211; Sprchov\u00fd kout Antelo Duo L\/P &#8211; 6 mm &#8211; \u010dern\u00e1 matn\u00e1, transparentn\u00ed sklo &#8211; 120x75x190 cm &#8211; oto\u010dn\u00fd"}]},{"@type":"WebSite","@id":"https:\/\/www.domkraftpro.com\/#website","url":"https:\/\/www.domkraftpro.com\/","name":"","description":"","potentialAction":[{"@type":"SearchAction","target":{"@type":"EntryPoint","urlTemplate":"https:\/\/www.domkraftpro.com\/?s={search_term_string}"},"query-input":{"@type":"PropertyValueSpecification","valueRequired":true,"valueName":"search_term_string"}}],"inLanguage":"cs"}]}},"_links":{"self":[{"href":"https:\/\/www.domkraftpro.com\/index.php\/wp-json\/wp\/v2\/product\/37169","targetHints":{"allow":["GET"]}}],"collection":[{"href":"https:\/\/www.domkraftpro.com\/index.php\/wp-json\/wp\/v2\/product"}],"about":[{"href":"https:\/\/www.domkraftpro.com\/index.php\/wp-json\/wp\/v2\/types\/product"}],"replies":[{"embeddable":true,"href":"https:\/\/www.domkraftpro.com\/index.php\/wp-json\/wp\/v2\/comments?post=37169"}],"wp:featuredmedia":[{"embeddable":true,"href":"https:\/\/www.domkraftpro.com\/index.php\/wp-json\/wp\/v2\/media\/37269"}],"wp:attachment":[{"href":"https:\/\/www.domkraftpro.com\/index.php\/wp-json\/wp\/v2\/media?parent=37169"}],"wp:term":[{"taxonomy":"product_brand","embeddable":true,"href":"https:\/\/www.domkraftpro.com\/index.php\/wp-json\/wp\/v2\/product_brand?post=37169"},{"taxonomy":"product_cat","embeddable":true,"href":"https:\/\/www.domkraftpro.com\/index.php\/wp-json\/wp\/v2\/product_cat?post=37169"},{"taxonomy":"product_tag","embeddable":true,"href":"https:\/\/www.domkraftpro.com\/index.php\/wp-json\/wp\/v2\/product_tag?post=37169"}],"curies":[{"name":"wp","href":"https:\/\/api.w.org\/{rel}","templated":true}]}}