{"id":36506,"date":"2026-04-27T04:41:59","date_gmt":"2026-04-27T04:41:59","guid":{"rendered":""},"modified":"2026-04-27T04:41:59","modified_gmt":"2026-04-27T04:41:59","slug":"znackovy-cerano-sprchova-vanicka-obdelnikova-piato-lity-mramor-bila-leskla-140x90x3-cm-36506","status":"publish","type":"product","link":"https:\/\/www.domkraftpro.com\/index.php\/produkt\/znackovy-cerano-sprchova-vanicka-obdelnikova-piato-lity-mramor-bila-leskla-140x90x3-cm-36506\/","title":{"rendered":"Zna\u010dkov\u00fd CERANO &#8211; Sprchov\u00e1 vani\u010dka obd\u00e9ln\u00edkov\u00e1 Piato &#8211; lit\u00fd mramor &#8211; b\u00edl\u00e1 leskl\u00e1 &#8211; 140x90x3 cm"},"content":{"rendered":"<h3>Dopl\u0148kov\u00e9 parametry<\/h3>\n<table class=\"detail-parameters\">\n<tbody>\n<tr>\n<th>        <span class=\"row-header-label\">            Kategorie<span class=\"row-header-label-colon\">:<\/span>        <\/span>    <\/th>\n<td>        Obd\u00e9ln\u00edkov\u00e9 vani\u010dky \u0161\u00ed\u0159ka 140 cm    <\/td>\n<\/tr>\n<tr>\n<th>            <span class=\"row-header-label\">                Z\u00e1ruka<span class=\"row-header-label-colon\">:<\/span>            <\/span>        <\/th>\n<td>            5 let        <\/td>\n<\/tr>\n<tr>\n<th>            <span class=\"row-header-label\">                Hmotnost<span class=\"row-header-label-colon\">:<\/span>            <\/span>        <\/th>\n<td>            50 kg        <\/td>\n<\/tr>\n<tr class=\"productEan\">\n<th>          <span class=\"row-header-label productEan__label\">              EAN<span class=\"row-header-label-colon\">:<\/span>          <\/span>      <\/th>\n<td>          <span class=\"productEan__value\">8595725610778<\/span>      <\/td>\n<\/tr>\n<tr>\n<th>                <span class=\"row-header-label\">                                            Barva<span class=\"row-header-label-colon\">:<\/span>                                    <\/span>            <\/th>\n<td>                                                            B\u00edl\u00e1                                                <\/td>\n<\/tr>\n<tr>\n<th>                <span class=\"row-header-label\">                                            Hloubka<span class=\"row-header-label-colon\">:<\/span>                                    <\/span>            <\/th>\n<td>                                                            90 cm                                                <\/td>\n<\/tr>\n<tr>\n<th>                <span class=\"row-header-label\">                                            Materi\u00e1l<span class=\"row-header-label-colon\">:<\/span>                                    <\/span>            <\/th>\n<td>                                                            Lit\u00fd mramor                                                <\/td>\n<\/tr>\n<tr>\n<th>                <span class=\"row-header-label\">                                            S\u00e9rie<span class=\"row-header-label-colon\">:<\/span>                                    <\/span>            <\/th>\n<td>                                                            Piato                                                <\/td>\n<\/tr>\n<tr>\n<th>                <span class=\"row-header-label\">                                            \u0160\u00ed\u0159ka<span class=\"row-header-label-colon\">:<\/span>                                    <\/span>            <\/th>\n<td>                                                            140 cm                                                <\/td>\n<\/tr>\n<tr>\n<th>                <span class=\"row-header-label\">                                            Tvar<span class=\"row-header-label-colon\">:<\/span>                                    <\/span>            <\/th>\n<td>                                                            Obd\u00e9ln\u00edk                                                <\/td>\n<\/tr>\n<tr>\n<th>                <span class=\"row-header-label\">                                            V\u00fd\u0161ka<span class=\"row-header-label-colon\">:<\/span>                                    <\/span>            <\/th>\n<td>                                                            3 cm                                                <\/td>\n<\/tr>\n<tr>\n<th>                <span class=\"row-header-label\">                                                                        Nosnost<span class=\"row-header-label-colon\">:<\/span>                                                            <\/span>            <\/th>\n<td>250 kg<\/td>\n<\/tr>\n<tr>\n<th>                <span class=\"row-header-label\">                                                                        Pr\u016fm\u011br odtokov\u00e9ho otvoru<span class=\"row-header-label-colon\">:<\/span>                                                            <\/span>            <\/th>\n<td>9 cm<\/td>\n<\/tr>\n<tr>\n<th>                <span class=\"row-header-label\">                                                                        Povrchov\u00e1 \u00faprava<span class=\"row-header-label-colon\">:<\/span>                                                            <\/span>            <\/th>\n<td>GelCoat<\/td>\n<\/tr>\n<\/tbody>\n<\/table><\/div>\n<\/p><\/div>\n<\/p><\/div>\n","protected":false},"excerpt":{"rendered":"<p>Dopl\u0148kov\u00e9 parametry Kategorie: Obd\u00e9ln\u00edkov\u00e9 vani\u010dky \u0161\u00ed\u0159ka 140 cm Z\u00e1ruka: 5 let Hmotnost: 50 kg EAN: 8595725610778 Barva: B\u00edl\u00e1 Hloubka: 90 cm Materi\u00e1l: Lit\u00fd mramor S\u00e9rie: Piato \u0160\u00ed\u0159ka: 140 cm Tvar: Obd\u00e9ln\u00edk V\u00fd\u0161ka: 3 cm Nosnost: 250 kg Pr\u016fm\u011br odtokov\u00e9ho otvoru: 9 cm Povrchov\u00e1 \u00faprava: GelCoat<\/p>\n","protected":false},"featured_media":36606,"comment_status":"open","ping_status":"open","template":"","meta":[],"product_brand":[],"product_cat":[95],"product_tag":[],"class_list":{"0":"post-36506","1":"product","2":"type-product","3":"status-publish","4":"has-post-thumbnail","6":"product_cat-koupelna","8":"first","9":"instock","10":"sale","11":"shipping-taxable","12":"purchasable","13":"product-type-simple"},"yoast_head":"<!-- This site is optimized with the Yoast SEO plugin v26.8 - https:\/\/yoast.com\/product\/yoast-seo-wordpress\/ -->\n<title>Zna\u010dkov\u00fd CERANO - Sprchov\u00e1 vani\u010dka obd\u00e9ln\u00edkov\u00e1 Piato - lit\u00fd mramor - b\u00edl\u00e1 leskl\u00e1 - 140x90x3 cm -<\/title>\n<meta name=\"robots\" content=\"index, follow, max-snippet:-1, max-image-preview:large, max-video-preview:-1\" \/>\n<link rel=\"canonical\" href=\"https:\/\/www.domkraftpro.com\/index.php\/produkt\/znackovy-cerano-sprchova-vanicka-obdelnikova-piato-lity-mramor-bila-leskla-140x90x3-cm-36506\/\" \/>\n<meta property=\"og:locale\" content=\"cs_CZ\" \/>\n<meta property=\"og:type\" content=\"article\" \/>\n<meta property=\"og:title\" content=\"Zna\u010dkov\u00fd CERANO - Sprchov\u00e1 vani\u010dka obd\u00e9ln\u00edkov\u00e1 Piato - lit\u00fd mramor - b\u00edl\u00e1 leskl\u00e1 - 140x90x3 cm -\" \/>\n<meta property=\"og:description\" content=\"Dopl\u0148kov\u00e9 parametry Kategorie: Obd\u00e9ln\u00edkov\u00e9 vani\u010dky \u0161\u00ed\u0159ka 140 cm Z\u00e1ruka: 5 let Hmotnost: 50 kg EAN: 8595725610778 Barva: B\u00edl\u00e1 Hloubka: 90 cm Materi\u00e1l: Lit\u00fd mramor S\u00e9rie: Piato \u0160\u00ed\u0159ka: 140 cm Tvar: Obd\u00e9ln\u00edk V\u00fd\u0161ka: 3 cm Nosnost: 250 kg Pr\u016fm\u011br odtokov\u00e9ho otvoru: 9 cm Povrchov\u00e1 \u00faprava: GelCoat\" \/>\n<meta property=\"og:url\" content=\"https:\/\/www.domkraftpro.com\/index.php\/produkt\/znackovy-cerano-sprchova-vanicka-obdelnikova-piato-lity-mramor-bila-leskla-140x90x3-cm-36506\/\" \/>\n<meta property=\"og:image\" content=\"https:\/\/www.domkraftpro.com\/wp-content\/uploads\/2026\/SK0005971-CZ20260425-093702-0-1777081025-444028_408642-4-cerano-sprchova-vanicka-obdelnikova-piato-l.webp\" \/>\n\t<meta property=\"og:image:width\" content=\"1000\" \/>\n\t<meta property=\"og:image:height\" content=\"750\" \/>\n\t<meta property=\"og:image:type\" content=\"image\/webp\" \/>\n<meta name=\"twitter:card\" content=\"summary_large_image\" \/>\n<script type=\"application\/ld+json\" class=\"yoast-schema-graph\">{\"@context\":\"https:\/\/schema.org\",\"@graph\":[{\"@type\":\"WebPage\",\"@id\":\"https:\/\/www.domkraftpro.com\/index.php\/produkt\/znackovy-cerano-sprchova-vanicka-obdelnikova-piato-lity-mramor-bila-leskla-140x90x3-cm-36506\/\",\"url\":\"https:\/\/www.domkraftpro.com\/index.php\/produkt\/znackovy-cerano-sprchova-vanicka-obdelnikova-piato-lity-mramor-bila-leskla-140x90x3-cm-36506\/\",\"name\":\"Zna\u010dkov\u00fd CERANO - Sprchov\u00e1 vani\u010dka obd\u00e9ln\u00edkov\u00e1 Piato - lit\u00fd mramor - b\u00edl\u00e1 leskl\u00e1 - 140x90x3 cm -\",\"isPartOf\":{\"@id\":\"https:\/\/www.domkraftpro.com\/#website\"},\"primaryImageOfPage\":{\"@id\":\"https:\/\/www.domkraftpro.com\/index.php\/produkt\/znackovy-cerano-sprchova-vanicka-obdelnikova-piato-lity-mramor-bila-leskla-140x90x3-cm-36506\/#primaryimage\"},\"image\":{\"@id\":\"https:\/\/www.domkraftpro.com\/index.php\/produkt\/znackovy-cerano-sprchova-vanicka-obdelnikova-piato-lity-mramor-bila-leskla-140x90x3-cm-36506\/#primaryimage\"},\"thumbnailUrl\":\"https:\/\/www.domkraftpro.com\/wp-content\/uploads\/2026\/SK0005971-CZ20260425-093702-0-1777081025-444028_408642-4-cerano-sprchova-vanicka-obdelnikova-piato-l.webp\",\"datePublished\":\"2026-04-27T04:41:59+00:00\",\"breadcrumb\":{\"@id\":\"https:\/\/www.domkraftpro.com\/index.php\/produkt\/znackovy-cerano-sprchova-vanicka-obdelnikova-piato-lity-mramor-bila-leskla-140x90x3-cm-36506\/#breadcrumb\"},\"inLanguage\":\"cs\",\"potentialAction\":[{\"@type\":\"ReadAction\",\"target\":[\"https:\/\/www.domkraftpro.com\/index.php\/produkt\/znackovy-cerano-sprchova-vanicka-obdelnikova-piato-lity-mramor-bila-leskla-140x90x3-cm-36506\/\"]}]},{\"@type\":\"ImageObject\",\"inLanguage\":\"cs\",\"@id\":\"https:\/\/www.domkraftpro.com\/index.php\/produkt\/znackovy-cerano-sprchova-vanicka-obdelnikova-piato-lity-mramor-bila-leskla-140x90x3-cm-36506\/#primaryimage\",\"url\":\"https:\/\/www.domkraftpro.com\/wp-content\/uploads\/2026\/SK0005971-CZ20260425-093702-0-1777081025-444028_408642-4-cerano-sprchova-vanicka-obdelnikova-piato-l.webp\",\"contentUrl\":\"https:\/\/www.domkraftpro.com\/wp-content\/uploads\/2026\/SK0005971-CZ20260425-093702-0-1777081025-444028_408642-4-cerano-sprchova-vanicka-obdelnikova-piato-l.webp\",\"width\":1000,\"height\":750},{\"@type\":\"BreadcrumbList\",\"@id\":\"https:\/\/www.domkraftpro.com\/index.php\/produkt\/znackovy-cerano-sprchova-vanicka-obdelnikova-piato-lity-mramor-bila-leskla-140x90x3-cm-36506\/#breadcrumb\",\"itemListElement\":[{\"@type\":\"ListItem\",\"position\":1,\"name\":\"Home\",\"item\":\"https:\/\/www.domkraftpro.com\/\"},{\"@type\":\"ListItem\",\"position\":2,\"name\":\"Products\",\"item\":\"https:\/\/www.domkraftpro.com\/index.php\/products\/\"},{\"@type\":\"ListItem\",\"position\":3,\"name\":\"Zna\u010dkov\u00fd CERANO &#8211; Sprchov\u00e1 vani\u010dka obd\u00e9ln\u00edkov\u00e1 Piato &#8211; lit\u00fd mramor &#8211; b\u00edl\u00e1 leskl\u00e1 &#8211; 140x90x3 cm\"}]},{\"@type\":\"WebSite\",\"@id\":\"https:\/\/www.domkraftpro.com\/#website\",\"url\":\"https:\/\/www.domkraftpro.com\/\",\"name\":\"\",\"description\":\"\",\"potentialAction\":[{\"@type\":\"SearchAction\",\"target\":{\"@type\":\"EntryPoint\",\"urlTemplate\":\"https:\/\/www.domkraftpro.com\/?s={search_term_string}\"},\"query-input\":{\"@type\":\"PropertyValueSpecification\",\"valueRequired\":true,\"valueName\":\"search_term_string\"}}],\"inLanguage\":\"cs\"}]}<\/script>\n<!-- \/ Yoast SEO plugin. -->","yoast_head_json":{"title":"Zna\u010dkov\u00fd CERANO - Sprchov\u00e1 vani\u010dka obd\u00e9ln\u00edkov\u00e1 Piato - lit\u00fd mramor - b\u00edl\u00e1 leskl\u00e1 - 140x90x3 cm -","robots":{"index":"index","follow":"follow","max-snippet":"max-snippet:-1","max-image-preview":"max-image-preview:large","max-video-preview":"max-video-preview:-1"},"canonical":"https:\/\/www.domkraftpro.com\/index.php\/produkt\/znackovy-cerano-sprchova-vanicka-obdelnikova-piato-lity-mramor-bila-leskla-140x90x3-cm-36506\/","og_locale":"cs_CZ","og_type":"article","og_title":"Zna\u010dkov\u00fd CERANO - Sprchov\u00e1 vani\u010dka obd\u00e9ln\u00edkov\u00e1 Piato - lit\u00fd mramor - b\u00edl\u00e1 leskl\u00e1 - 140x90x3 cm -","og_description":"Dopl\u0148kov\u00e9 parametry Kategorie: Obd\u00e9ln\u00edkov\u00e9 vani\u010dky \u0161\u00ed\u0159ka 140 cm Z\u00e1ruka: 5 let Hmotnost: 50 kg EAN: 8595725610778 Barva: B\u00edl\u00e1 Hloubka: 90 cm Materi\u00e1l: Lit\u00fd mramor S\u00e9rie: Piato \u0160\u00ed\u0159ka: 140 cm Tvar: Obd\u00e9ln\u00edk V\u00fd\u0161ka: 3 cm Nosnost: 250 kg Pr\u016fm\u011br odtokov\u00e9ho otvoru: 9 cm Povrchov\u00e1 \u00faprava: GelCoat","og_url":"https:\/\/www.domkraftpro.com\/index.php\/produkt\/znackovy-cerano-sprchova-vanicka-obdelnikova-piato-lity-mramor-bila-leskla-140x90x3-cm-36506\/","og_image":[{"width":1000,"height":750,"url":"https:\/\/www.domkraftpro.com\/wp-content\/uploads\/2026\/SK0005971-CZ20260425-093702-0-1777081025-444028_408642-4-cerano-sprchova-vanicka-obdelnikova-piato-l.webp","type":"image\/webp"}],"twitter_card":"summary_large_image","schema":{"@context":"https:\/\/schema.org","@graph":[{"@type":"WebPage","@id":"https:\/\/www.domkraftpro.com\/index.php\/produkt\/znackovy-cerano-sprchova-vanicka-obdelnikova-piato-lity-mramor-bila-leskla-140x90x3-cm-36506\/","url":"https:\/\/www.domkraftpro.com\/index.php\/produkt\/znackovy-cerano-sprchova-vanicka-obdelnikova-piato-lity-mramor-bila-leskla-140x90x3-cm-36506\/","name":"Zna\u010dkov\u00fd CERANO - Sprchov\u00e1 vani\u010dka obd\u00e9ln\u00edkov\u00e1 Piato - lit\u00fd mramor - b\u00edl\u00e1 leskl\u00e1 - 140x90x3 cm -","isPartOf":{"@id":"https:\/\/www.domkraftpro.com\/#website"},"primaryImageOfPage":{"@id":"https:\/\/www.domkraftpro.com\/index.php\/produkt\/znackovy-cerano-sprchova-vanicka-obdelnikova-piato-lity-mramor-bila-leskla-140x90x3-cm-36506\/#primaryimage"},"image":{"@id":"https:\/\/www.domkraftpro.com\/index.php\/produkt\/znackovy-cerano-sprchova-vanicka-obdelnikova-piato-lity-mramor-bila-leskla-140x90x3-cm-36506\/#primaryimage"},"thumbnailUrl":"https:\/\/www.domkraftpro.com\/wp-content\/uploads\/2026\/SK0005971-CZ20260425-093702-0-1777081025-444028_408642-4-cerano-sprchova-vanicka-obdelnikova-piato-l.webp","datePublished":"2026-04-27T04:41:59+00:00","breadcrumb":{"@id":"https:\/\/www.domkraftpro.com\/index.php\/produkt\/znackovy-cerano-sprchova-vanicka-obdelnikova-piato-lity-mramor-bila-leskla-140x90x3-cm-36506\/#breadcrumb"},"inLanguage":"cs","potentialAction":[{"@type":"ReadAction","target":["https:\/\/www.domkraftpro.com\/index.php\/produkt\/znackovy-cerano-sprchova-vanicka-obdelnikova-piato-lity-mramor-bila-leskla-140x90x3-cm-36506\/"]}]},{"@type":"ImageObject","inLanguage":"cs","@id":"https:\/\/www.domkraftpro.com\/index.php\/produkt\/znackovy-cerano-sprchova-vanicka-obdelnikova-piato-lity-mramor-bila-leskla-140x90x3-cm-36506\/#primaryimage","url":"https:\/\/www.domkraftpro.com\/wp-content\/uploads\/2026\/SK0005971-CZ20260425-093702-0-1777081025-444028_408642-4-cerano-sprchova-vanicka-obdelnikova-piato-l.webp","contentUrl":"https:\/\/www.domkraftpro.com\/wp-content\/uploads\/2026\/SK0005971-CZ20260425-093702-0-1777081025-444028_408642-4-cerano-sprchova-vanicka-obdelnikova-piato-l.webp","width":1000,"height":750},{"@type":"BreadcrumbList","@id":"https:\/\/www.domkraftpro.com\/index.php\/produkt\/znackovy-cerano-sprchova-vanicka-obdelnikova-piato-lity-mramor-bila-leskla-140x90x3-cm-36506\/#breadcrumb","itemListElement":[{"@type":"ListItem","position":1,"name":"Home","item":"https:\/\/www.domkraftpro.com\/"},{"@type":"ListItem","position":2,"name":"Products","item":"https:\/\/www.domkraftpro.com\/index.php\/products\/"},{"@type":"ListItem","position":3,"name":"Zna\u010dkov\u00fd CERANO &#8211; Sprchov\u00e1 vani\u010dka obd\u00e9ln\u00edkov\u00e1 Piato &#8211; lit\u00fd mramor &#8211; b\u00edl\u00e1 leskl\u00e1 &#8211; 140x90x3 cm"}]},{"@type":"WebSite","@id":"https:\/\/www.domkraftpro.com\/#website","url":"https:\/\/www.domkraftpro.com\/","name":"","description":"","potentialAction":[{"@type":"SearchAction","target":{"@type":"EntryPoint","urlTemplate":"https:\/\/www.domkraftpro.com\/?s={search_term_string}"},"query-input":{"@type":"PropertyValueSpecification","valueRequired":true,"valueName":"search_term_string"}}],"inLanguage":"cs"}]}},"_links":{"self":[{"href":"https:\/\/www.domkraftpro.com\/index.php\/wp-json\/wp\/v2\/product\/36506","targetHints":{"allow":["GET"]}}],"collection":[{"href":"https:\/\/www.domkraftpro.com\/index.php\/wp-json\/wp\/v2\/product"}],"about":[{"href":"https:\/\/www.domkraftpro.com\/index.php\/wp-json\/wp\/v2\/types\/product"}],"replies":[{"embeddable":true,"href":"https:\/\/www.domkraftpro.com\/index.php\/wp-json\/wp\/v2\/comments?post=36506"}],"wp:featuredmedia":[{"embeddable":true,"href":"https:\/\/www.domkraftpro.com\/index.php\/wp-json\/wp\/v2\/media\/36606"}],"wp:attachment":[{"href":"https:\/\/www.domkraftpro.com\/index.php\/wp-json\/wp\/v2\/media?parent=36506"}],"wp:term":[{"taxonomy":"product_brand","embeddable":true,"href":"https:\/\/www.domkraftpro.com\/index.php\/wp-json\/wp\/v2\/product_brand?post=36506"},{"taxonomy":"product_cat","embeddable":true,"href":"https:\/\/www.domkraftpro.com\/index.php\/wp-json\/wp\/v2\/product_cat?post=36506"},{"taxonomy":"product_tag","embeddable":true,"href":"https:\/\/www.domkraftpro.com\/index.php\/wp-json\/wp\/v2\/product_tag?post=36506"}],"curies":[{"name":"wp","href":"https:\/\/api.w.org\/{rel}","templated":true}]}}