{"id":35500,"date":"2026-04-27T04:41:57","date_gmt":"2026-04-27T04:41:57","guid":{"rendered":""},"modified":"2026-04-27T04:41:57","modified_gmt":"2026-04-27T04:41:57","slug":"thermal-trend-kd-450-x-1680-kombinovany-topny-zebrik-stredove-pripojeni-kd-450-1680-sp-jen-po-omezenou-doba-35500","status":"publish","type":"product","link":"https:\/\/www.domkraftpro.com\/index.php\/produkt\/thermal-trend-kd-450-x-1680-kombinovany-topny-zebrik-stredove-pripojeni-kd-450-1680-sp-jen-po-omezenou-doba-35500\/","title":{"rendered":"Thermal Trend KD 450 x 1680 kombinovan\u00fd topn\u00fd \u017eeb\u0159\u00edk, st\u0159edov\u00e9 p\u0159ipojen\u00ed KD 450\/1680 SP Jen Po Omezenou Doba"},"content":{"rendered":"<div class=\"basic-description\">\n<h3>Detailn\u00ed popis produktu<\/h3>\n<p>Svisl\u00fd profil: D PROFIL 35x41mm<br \/> Vodorovn\u00e9 profily: Rovn\u00e1 trubka o 22mm<br \/> Radi\u00e1tor upraven\u00fd pro p\u0159ipojen\u00ed pomoc\u00ed kompakt ventilu &#8211; vzd\u00e1lenost v\u00fdvod\u016f 50 mm<\/p>\n<p>Technick\u00e9 \u00fadaje:<br \/> Standardn\u00ed v\u00fd\u0161ka H 1680 mm<br \/> Standardn\u00ed d\u00e9lka L 450 mm<br \/> Standardn\u00ed stavebn\u00ed hloubka B 83 &#8211; 93 mm<br \/> P\u0159ipojovac\u00ed z\u00e1vity G 1\/2&#8243; vnit\u0159n\u00ed<br \/> Maxim\u00e1ln\u00ed provozn\u00ed teplota 110\u00b0C<br \/> Maxim\u00e1ln\u00ed provozn\u00ed p\u0159etlak 1,0 MPa<br \/> Zku\u0161ebn\u00ed p\u0159etlak 1,5 MPa<br \/> Tepeln\u00fd v\u00fdkon t1\/t2 90\/70\u00b0p\u0159i 20\u00b0 752W<\/p>\n<p>Mo\u017enost kombinovan\u00e9ho vyt\u00e1p\u011bn\u00ed.Doporu\u010den\u00e1 topn\u00e1 ty\u010d o v\u00fdkonu 600 W.Nen\u00ed sou\u010d\u00e1st\u00ed dod\u00e1vky.<\/p>\n<p> <!-- pr\u00e1zdn\u00e1 \u0159\u00e1dka --><\/p>\n<\/p><\/div>\n","protected":false},"excerpt":{"rendered":"<p>Detailn\u00ed popis produktu Svisl\u00fd profil: D PROFIL 35x41mm Vodorovn\u00e9 profily: Rovn\u00e1 trubka o 22mm Radi\u00e1tor upraven\u00fd pro p\u0159ipojen\u00ed pomoc\u00ed kompakt ventilu &#8211; vzd\u00e1lenost v\u00fdvod\u016f 50 mm Technick\u00e9 \u00fadaje: Standardn\u00ed v\u00fd\u0161ka H 1680 mm Standardn\u00ed d\u00e9lka L 450 mm Standardn\u00ed stavebn\u00ed hloubka B 83 &#8211; 93 mm P\u0159ipojovac\u00ed z\u00e1vity G 1\/2&#8243; vnit\u0159n\u00ed Maxim\u00e1ln\u00ed provozn\u00ed teplota 110\u00b0C [&hellip;]<\/p>\n","protected":false},"featured_media":35600,"comment_status":"open","ping_status":"open","template":"","meta":[],"product_brand":[],"product_cat":[114],"product_tag":[],"class_list":{"0":"post-35500","1":"product","2":"type-product","3":"status-publish","4":"has-post-thumbnail","6":"product_cat-vytapeni","8":"first","9":"instock","10":"sale","11":"shipping-taxable","12":"purchasable","13":"product-type-simple"},"yoast_head":"<!-- This site is optimized with the Yoast SEO plugin v26.8 - https:\/\/yoast.com\/product\/yoast-seo-wordpress\/ -->\n<title>Thermal Trend KD 450 x 1680 kombinovan\u00fd topn\u00fd \u017eeb\u0159\u00edk, st\u0159edov\u00e9 p\u0159ipojen\u00ed KD 450\/1680 SP Jen Po Omezenou Doba -<\/title>\n<meta name=\"robots\" content=\"index, follow, max-snippet:-1, max-image-preview:large, max-video-preview:-1\" \/>\n<link rel=\"canonical\" href=\"https:\/\/www.domkraftpro.com\/index.php\/produkt\/thermal-trend-kd-450-x-1680-kombinovany-topny-zebrik-stredove-pripojeni-kd-450-1680-sp-jen-po-omezenou-doba-35500\/\" \/>\n<meta property=\"og:locale\" content=\"cs_CZ\" \/>\n<meta property=\"og:type\" content=\"article\" \/>\n<meta property=\"og:title\" content=\"Thermal Trend KD 450 x 1680 kombinovan\u00fd topn\u00fd \u017eeb\u0159\u00edk, st\u0159edov\u00e9 p\u0159ipojen\u00ed KD 450\/1680 SP Jen Po Omezenou Doba -\" \/>\n<meta property=\"og:description\" content=\"Detailn\u00ed popis produktu Svisl\u00fd profil: D PROFIL 35x41mm Vodorovn\u00e9 profily: Rovn\u00e1 trubka o 22mm Radi\u00e1tor upraven\u00fd pro p\u0159ipojen\u00ed pomoc\u00ed kompakt ventilu &#8211; vzd\u00e1lenost v\u00fdvod\u016f 50 mm Technick\u00e9 \u00fadaje: Standardn\u00ed v\u00fd\u0161ka H 1680 mm Standardn\u00ed d\u00e9lka L 450 mm Standardn\u00ed stavebn\u00ed hloubka B 83 &#8211; 93 mm P\u0159ipojovac\u00ed z\u00e1vity G 1\/2&#8243; vnit\u0159n\u00ed Maxim\u00e1ln\u00ed provozn\u00ed teplota 110\u00b0C [&hellip;]\" \/>\n<meta property=\"og:url\" content=\"https:\/\/www.domkraftpro.com\/index.php\/produkt\/thermal-trend-kd-450-x-1680-kombinovany-topny-zebrik-stredove-pripojeni-kd-450-1680-sp-jen-po-omezenou-doba-35500\/\" \/>\n<meta property=\"og:image\" content=\"https:\/\/www.domkraftpro.com\/wp-content\/uploads\/2026\/SK0007110-CZ20260425-093631-0-1777080994-230394_thermal-trend-kd-450-x-1680-kombinovany-topny-zebrik.webp\" \/>\n\t<meta property=\"og:image:width\" content=\"1000\" \/>\n\t<meta property=\"og:image:height\" content=\"750\" \/>\n\t<meta property=\"og:image:type\" content=\"image\/webp\" \/>\n<meta name=\"twitter:card\" content=\"summary_large_image\" \/>\n<script type=\"application\/ld+json\" class=\"yoast-schema-graph\">{\"@context\":\"https:\/\/schema.org\",\"@graph\":[{\"@type\":\"WebPage\",\"@id\":\"https:\/\/www.domkraftpro.com\/index.php\/produkt\/thermal-trend-kd-450-x-1680-kombinovany-topny-zebrik-stredove-pripojeni-kd-450-1680-sp-jen-po-omezenou-doba-35500\/\",\"url\":\"https:\/\/www.domkraftpro.com\/index.php\/produkt\/thermal-trend-kd-450-x-1680-kombinovany-topny-zebrik-stredove-pripojeni-kd-450-1680-sp-jen-po-omezenou-doba-35500\/\",\"name\":\"Thermal Trend KD 450 x 1680 kombinovan\u00fd topn\u00fd \u017eeb\u0159\u00edk, st\u0159edov\u00e9 p\u0159ipojen\u00ed KD 450\/1680 SP Jen Po Omezenou Doba -\",\"isPartOf\":{\"@id\":\"https:\/\/www.domkraftpro.com\/#website\"},\"primaryImageOfPage\":{\"@id\":\"https:\/\/www.domkraftpro.com\/index.php\/produkt\/thermal-trend-kd-450-x-1680-kombinovany-topny-zebrik-stredove-pripojeni-kd-450-1680-sp-jen-po-omezenou-doba-35500\/#primaryimage\"},\"image\":{\"@id\":\"https:\/\/www.domkraftpro.com\/index.php\/produkt\/thermal-trend-kd-450-x-1680-kombinovany-topny-zebrik-stredove-pripojeni-kd-450-1680-sp-jen-po-omezenou-doba-35500\/#primaryimage\"},\"thumbnailUrl\":\"https:\/\/www.domkraftpro.com\/wp-content\/uploads\/2026\/SK0007110-CZ20260425-093631-0-1777080994-230394_thermal-trend-kd-450-x-1680-kombinovany-topny-zebrik.webp\",\"datePublished\":\"2026-04-27T04:41:57+00:00\",\"breadcrumb\":{\"@id\":\"https:\/\/www.domkraftpro.com\/index.php\/produkt\/thermal-trend-kd-450-x-1680-kombinovany-topny-zebrik-stredove-pripojeni-kd-450-1680-sp-jen-po-omezenou-doba-35500\/#breadcrumb\"},\"inLanguage\":\"cs\",\"potentialAction\":[{\"@type\":\"ReadAction\",\"target\":[\"https:\/\/www.domkraftpro.com\/index.php\/produkt\/thermal-trend-kd-450-x-1680-kombinovany-topny-zebrik-stredove-pripojeni-kd-450-1680-sp-jen-po-omezenou-doba-35500\/\"]}]},{\"@type\":\"ImageObject\",\"inLanguage\":\"cs\",\"@id\":\"https:\/\/www.domkraftpro.com\/index.php\/produkt\/thermal-trend-kd-450-x-1680-kombinovany-topny-zebrik-stredove-pripojeni-kd-450-1680-sp-jen-po-omezenou-doba-35500\/#primaryimage\",\"url\":\"https:\/\/www.domkraftpro.com\/wp-content\/uploads\/2026\/SK0007110-CZ20260425-093631-0-1777080994-230394_thermal-trend-kd-450-x-1680-kombinovany-topny-zebrik.webp\",\"contentUrl\":\"https:\/\/www.domkraftpro.com\/wp-content\/uploads\/2026\/SK0007110-CZ20260425-093631-0-1777080994-230394_thermal-trend-kd-450-x-1680-kombinovany-topny-zebrik.webp\",\"width\":1000,\"height\":750},{\"@type\":\"BreadcrumbList\",\"@id\":\"https:\/\/www.domkraftpro.com\/index.php\/produkt\/thermal-trend-kd-450-x-1680-kombinovany-topny-zebrik-stredove-pripojeni-kd-450-1680-sp-jen-po-omezenou-doba-35500\/#breadcrumb\",\"itemListElement\":[{\"@type\":\"ListItem\",\"position\":1,\"name\":\"Home\",\"item\":\"https:\/\/www.domkraftpro.com\/\"},{\"@type\":\"ListItem\",\"position\":2,\"name\":\"Products\",\"item\":\"https:\/\/www.domkraftpro.com\/index.php\/products\/\"},{\"@type\":\"ListItem\",\"position\":3,\"name\":\"Thermal Trend KD 450 x 1680 kombinovan\u00fd topn\u00fd \u017eeb\u0159\u00edk, st\u0159edov\u00e9 p\u0159ipojen\u00ed KD 450\/1680 SP Jen Po Omezenou Doba\"}]},{\"@type\":\"WebSite\",\"@id\":\"https:\/\/www.domkraftpro.com\/#website\",\"url\":\"https:\/\/www.domkraftpro.com\/\",\"name\":\"\",\"description\":\"\",\"potentialAction\":[{\"@type\":\"SearchAction\",\"target\":{\"@type\":\"EntryPoint\",\"urlTemplate\":\"https:\/\/www.domkraftpro.com\/?s={search_term_string}\"},\"query-input\":{\"@type\":\"PropertyValueSpecification\",\"valueRequired\":true,\"valueName\":\"search_term_string\"}}],\"inLanguage\":\"cs\"}]}<\/script>\n<!-- \/ Yoast SEO plugin. -->","yoast_head_json":{"title":"Thermal Trend KD 450 x 1680 kombinovan\u00fd topn\u00fd \u017eeb\u0159\u00edk, st\u0159edov\u00e9 p\u0159ipojen\u00ed KD 450\/1680 SP Jen Po Omezenou Doba -","robots":{"index":"index","follow":"follow","max-snippet":"max-snippet:-1","max-image-preview":"max-image-preview:large","max-video-preview":"max-video-preview:-1"},"canonical":"https:\/\/www.domkraftpro.com\/index.php\/produkt\/thermal-trend-kd-450-x-1680-kombinovany-topny-zebrik-stredove-pripojeni-kd-450-1680-sp-jen-po-omezenou-doba-35500\/","og_locale":"cs_CZ","og_type":"article","og_title":"Thermal Trend KD 450 x 1680 kombinovan\u00fd topn\u00fd \u017eeb\u0159\u00edk, st\u0159edov\u00e9 p\u0159ipojen\u00ed KD 450\/1680 SP Jen Po Omezenou Doba -","og_description":"Detailn\u00ed popis produktu Svisl\u00fd profil: D PROFIL 35x41mm Vodorovn\u00e9 profily: Rovn\u00e1 trubka o 22mm Radi\u00e1tor upraven\u00fd pro p\u0159ipojen\u00ed pomoc\u00ed kompakt ventilu &#8211; vzd\u00e1lenost v\u00fdvod\u016f 50 mm Technick\u00e9 \u00fadaje: Standardn\u00ed v\u00fd\u0161ka H 1680 mm Standardn\u00ed d\u00e9lka L 450 mm Standardn\u00ed stavebn\u00ed hloubka B 83 &#8211; 93 mm P\u0159ipojovac\u00ed z\u00e1vity G 1\/2&#8243; vnit\u0159n\u00ed Maxim\u00e1ln\u00ed provozn\u00ed teplota 110\u00b0C [&hellip;]","og_url":"https:\/\/www.domkraftpro.com\/index.php\/produkt\/thermal-trend-kd-450-x-1680-kombinovany-topny-zebrik-stredove-pripojeni-kd-450-1680-sp-jen-po-omezenou-doba-35500\/","og_image":[{"width":1000,"height":750,"url":"https:\/\/www.domkraftpro.com\/wp-content\/uploads\/2026\/SK0007110-CZ20260425-093631-0-1777080994-230394_thermal-trend-kd-450-x-1680-kombinovany-topny-zebrik.webp","type":"image\/webp"}],"twitter_card":"summary_large_image","schema":{"@context":"https:\/\/schema.org","@graph":[{"@type":"WebPage","@id":"https:\/\/www.domkraftpro.com\/index.php\/produkt\/thermal-trend-kd-450-x-1680-kombinovany-topny-zebrik-stredove-pripojeni-kd-450-1680-sp-jen-po-omezenou-doba-35500\/","url":"https:\/\/www.domkraftpro.com\/index.php\/produkt\/thermal-trend-kd-450-x-1680-kombinovany-topny-zebrik-stredove-pripojeni-kd-450-1680-sp-jen-po-omezenou-doba-35500\/","name":"Thermal Trend KD 450 x 1680 kombinovan\u00fd topn\u00fd \u017eeb\u0159\u00edk, st\u0159edov\u00e9 p\u0159ipojen\u00ed KD 450\/1680 SP Jen Po Omezenou Doba -","isPartOf":{"@id":"https:\/\/www.domkraftpro.com\/#website"},"primaryImageOfPage":{"@id":"https:\/\/www.domkraftpro.com\/index.php\/produkt\/thermal-trend-kd-450-x-1680-kombinovany-topny-zebrik-stredove-pripojeni-kd-450-1680-sp-jen-po-omezenou-doba-35500\/#primaryimage"},"image":{"@id":"https:\/\/www.domkraftpro.com\/index.php\/produkt\/thermal-trend-kd-450-x-1680-kombinovany-topny-zebrik-stredove-pripojeni-kd-450-1680-sp-jen-po-omezenou-doba-35500\/#primaryimage"},"thumbnailUrl":"https:\/\/www.domkraftpro.com\/wp-content\/uploads\/2026\/SK0007110-CZ20260425-093631-0-1777080994-230394_thermal-trend-kd-450-x-1680-kombinovany-topny-zebrik.webp","datePublished":"2026-04-27T04:41:57+00:00","breadcrumb":{"@id":"https:\/\/www.domkraftpro.com\/index.php\/produkt\/thermal-trend-kd-450-x-1680-kombinovany-topny-zebrik-stredove-pripojeni-kd-450-1680-sp-jen-po-omezenou-doba-35500\/#breadcrumb"},"inLanguage":"cs","potentialAction":[{"@type":"ReadAction","target":["https:\/\/www.domkraftpro.com\/index.php\/produkt\/thermal-trend-kd-450-x-1680-kombinovany-topny-zebrik-stredove-pripojeni-kd-450-1680-sp-jen-po-omezenou-doba-35500\/"]}]},{"@type":"ImageObject","inLanguage":"cs","@id":"https:\/\/www.domkraftpro.com\/index.php\/produkt\/thermal-trend-kd-450-x-1680-kombinovany-topny-zebrik-stredove-pripojeni-kd-450-1680-sp-jen-po-omezenou-doba-35500\/#primaryimage","url":"https:\/\/www.domkraftpro.com\/wp-content\/uploads\/2026\/SK0007110-CZ20260425-093631-0-1777080994-230394_thermal-trend-kd-450-x-1680-kombinovany-topny-zebrik.webp","contentUrl":"https:\/\/www.domkraftpro.com\/wp-content\/uploads\/2026\/SK0007110-CZ20260425-093631-0-1777080994-230394_thermal-trend-kd-450-x-1680-kombinovany-topny-zebrik.webp","width":1000,"height":750},{"@type":"BreadcrumbList","@id":"https:\/\/www.domkraftpro.com\/index.php\/produkt\/thermal-trend-kd-450-x-1680-kombinovany-topny-zebrik-stredove-pripojeni-kd-450-1680-sp-jen-po-omezenou-doba-35500\/#breadcrumb","itemListElement":[{"@type":"ListItem","position":1,"name":"Home","item":"https:\/\/www.domkraftpro.com\/"},{"@type":"ListItem","position":2,"name":"Products","item":"https:\/\/www.domkraftpro.com\/index.php\/products\/"},{"@type":"ListItem","position":3,"name":"Thermal Trend KD 450 x 1680 kombinovan\u00fd topn\u00fd \u017eeb\u0159\u00edk, st\u0159edov\u00e9 p\u0159ipojen\u00ed KD 450\/1680 SP Jen Po Omezenou Doba"}]},{"@type":"WebSite","@id":"https:\/\/www.domkraftpro.com\/#website","url":"https:\/\/www.domkraftpro.com\/","name":"","description":"","potentialAction":[{"@type":"SearchAction","target":{"@type":"EntryPoint","urlTemplate":"https:\/\/www.domkraftpro.com\/?s={search_term_string}"},"query-input":{"@type":"PropertyValueSpecification","valueRequired":true,"valueName":"search_term_string"}}],"inLanguage":"cs"}]}},"_links":{"self":[{"href":"https:\/\/www.domkraftpro.com\/index.php\/wp-json\/wp\/v2\/product\/35500","targetHints":{"allow":["GET"]}}],"collection":[{"href":"https:\/\/www.domkraftpro.com\/index.php\/wp-json\/wp\/v2\/product"}],"about":[{"href":"https:\/\/www.domkraftpro.com\/index.php\/wp-json\/wp\/v2\/types\/product"}],"replies":[{"embeddable":true,"href":"https:\/\/www.domkraftpro.com\/index.php\/wp-json\/wp\/v2\/comments?post=35500"}],"wp:featuredmedia":[{"embeddable":true,"href":"https:\/\/www.domkraftpro.com\/index.php\/wp-json\/wp\/v2\/media\/35600"}],"wp:attachment":[{"href":"https:\/\/www.domkraftpro.com\/index.php\/wp-json\/wp\/v2\/media?parent=35500"}],"wp:term":[{"taxonomy":"product_brand","embeddable":true,"href":"https:\/\/www.domkraftpro.com\/index.php\/wp-json\/wp\/v2\/product_brand?post=35500"},{"taxonomy":"product_cat","embeddable":true,"href":"https:\/\/www.domkraftpro.com\/index.php\/wp-json\/wp\/v2\/product_cat?post=35500"},{"taxonomy":"product_tag","embeddable":true,"href":"https:\/\/www.domkraftpro.com\/index.php\/wp-json\/wp\/v2\/product_tag?post=35500"}],"curies":[{"name":"wp","href":"https:\/\/api.w.org\/{rel}","templated":true}]}}