{"id":35497,"date":"2026-04-27T04:41:57","date_gmt":"2026-04-27T04:41:57","guid":{"rendered":""},"modified":"2026-04-27T04:41:57","modified_gmt":"2026-04-27T04:41:57","slug":"ihned-k-objednani-thermal-trend-kd-450-x-1320-kombinovany-topny-zebrik-rovny-kd-450-1320-35497","status":"publish","type":"product","link":"https:\/\/www.domkraftpro.com\/index.php\/produkt\/ihned-k-objednani-thermal-trend-kd-450-x-1320-kombinovany-topny-zebrik-rovny-kd-450-1320-35497\/","title":{"rendered":"Ihned K Objedn\u00e1n\u00ed Thermal Trend KD 450 x 1320 kombinovan\u00fd topn\u00fd \u017eeb\u0159\u00edk rovn\u00fd KD 450\/1320"},"content":{"rendered":"<div class=\"basic-description\">\n<h3>Detailn\u00ed popis produktu<\/h3>\n<p><strong>Kombinovan\u00fd topn\u00fd \u017eeb\u0159\u00edk rovn\u00fd Thermal Trend KD 450\/1320 <\/strong><\/p>\n<p>&nbsp;<\/p>\n<p>KDO <strong>Koupelnov\u00e1 otopn\u00e1 trubkov\u00e1 t\u011blesa<\/strong> ( radi\u00e1tory, \u017eeb\u0159\u00edky ) od v\u00fdrobce THERMAL TREND jsou otopn\u00e1 koupelnov\u00e1 t\u011blesa nov\u00e9 generace, a jsou ur\u010den\u00fd k vyt\u00e1p\u011bn\u00ed p\u0159ev\u00e1\u017en\u011b koupelen, chodeb, kuchy\u0148sk\u00fdch kout\u016f atd., kde p\u016fsob\u00ed jako estetick\u00fdi funk\u010dn\u00ed dopln\u011bk. D\u00edky trubkovit\u00e9mu tvaru lze na n\u011bj zav\u011bsit i v\u00edce v\u011bc\u00ed najednou.<\/p>\n<ul>\n<li>Radi\u00e1tory jsou vyrobeny z uhl\u00edkov\u00e9 oceli o pr\u016fm\u011bru trubek 20 mm.<\/li>\n<li>Na povrch je nanesena termoreaktivn\u00ed pr\u00e1\u0161kov\u00e1 barva, kter\u00e1 se sv\u00fdmi vlastnostmi nejl\u00e9pe p\u0159izp\u016fsobuje teplotn\u00edm rozd\u00edl\u016fm vznikl\u00fdm p\u0159i zah\u0159\u00e1t\u00ed.<\/li>\n<li>V\u0161echny typy jsou p\u0159ipraveny k p\u0159ipojen\u00ed na \u00fast\u0159edn\u00ed topen\u00ed a je mo\u017eno je doplnit sadou pro kombinovan\u00e9 vyt\u00e1p\u011bn\u00ed (s termostatem nebo bez termostatu), kter\u00e1 zaji\u0161\u0165uje zah\u0159\u00e1t\u00ed radi\u00e1toru i mimo topnou sez\u00f3nu p\u0159ipojen\u00edm do elektrick\u00e9 z\u00e1suvky.<\/li>\n<\/ul>\n<p><strong>Koupelnov\u00fd radi\u00e1tor<\/strong> m\u016f\u017eeme doplnit elektrickou topnou ty\u010d\u00ed, kter\u00e9 t\u00e9\u017e prod\u00e1v\u00e1me. Elektrick\u00e9 topn\u00e9 ty\u010de jsou o v\u00fdkonech 300-1350W.<\/p>\n<p style=\"background: white; margin: 0cm 0cm 14.25pt 0cm;\"><span style=\"font-size: 14.0pt; font-family: 'Source Sans Pro','serif'; color: #666666;\">Topn\u00fd \u017eeb\u0159\u00edk lze p\u0159ipojit t\u0159emi zp\u016fsoby: <\/span><span style=\"font-size: 10.5pt; font-family: 'Source Sans Pro','serif'; color: #666666;\"><\/span><\/p>\n<p style=\"margin: 0cm; margin-bottom: .0001pt; text-align: justify; background: white; box-sizing: border-box; font-variant-ligatures: normal; font-variant-caps: normal; orphans: 2; widows: 2; -webkit-text-stroke-width: 0px; text-decoration-style: initial; text-decoration-color: initial; word-spacing: 0px;\"><strong style=\"box-sizing: border-box;\"><span style=\"font-size: 10.5pt; font-family: 'Source Sans Pro','serif'; color: #666666;\">1. \u00dast\u0159edn\u00ed vyt\u00e1p\u011bn\u00ed<\/span><\/strong><span style=\"font-size: 10.5pt; font-family: 'Source Sans Pro','serif'; color: #666666;\"> \u2022 pokud m\u00e1 b\u00fdt koupelnov\u00fd radi\u00e1tor u\u017e\u00edv\u00e1n pouze pro teplovodn\u00ed vyt\u00e1p\u011bn\u00ed bez termostatick\u00e9 hlavice, je nutno dokoupit ru\u010dn\u00ed p\u0159ipojovac\u00ed sadu Eco<\/span><\/p>\n<p style=\"text-align: justify; background: white; margin: 0cm 0cm 14.25pt 0cm;\"><span style=\"font-size: 10.5pt; font-family: 'Source Sans Pro','serif'; color: #666666;\">\u2022 v p\u0159\u00edpad\u011b, \u017ee budete cht\u00edt regulovat teplotu, je pot\u0159eba, aby byl koupelnov\u00fd radi\u00e1tor osazen p\u0159ipojovac\u00ed sadou s termostatickou hlavic\u00ed Eco termostatick\u00e1<\/span><\/p>\n<p style=\"background: white; box-sizing: border-box; font-variant-ligatures: normal; font-variant-caps: normal; orphans: 2; widows: 2; -webkit-text-stroke-width: 0px; text-decoration-style: initial; text-decoration-color: initial; word-spacing: 0px; margin: 0cm 0cm 14.25pt 0cm;\"><strong style=\"box-sizing: border-box;\"><span style=\"font-size: 10.5pt; font-family: 'Source Sans Pro','serif'; color: #666666;\">2. Kombinovan\u00e9 vyt\u00e1p\u011bn\u00ed<\/span><\/strong><span style=\"font-size: 10.5pt; font-family: 'Source Sans Pro','serif'; color: #666666;\"> &#8211; pokud se rozhodnete vyu\u017e\u00edvat koupelnov\u00fd radi\u00e1tor jak pro teplovodn\u00ed vyt\u00e1p\u011bn\u00ed, tak pro elektrick\u00e9, je pot\u0159eba dokoupit topnou ty\u010d EL.05 , T-KUS.1 a p\u0159ipojovac\u00ed sadu ECO<\/span><\/p>\n<p style=\"text-align: justify; background: white; box-sizing: border-box; font-variant-ligatures: normal; font-variant-caps: normal; orphans: 2; widows: 2; -webkit-text-stroke-width: 0px; text-decoration-style: initial; text-decoration-color: initial; word-spacing: 0px; margin: 0cm 0cm 14.25pt 0cm;\"><strong style=\"box-sizing: border-box;\"><span style=\"font-size: 10.5pt; font-family: 'Source Sans Pro','serif'; color: #666666;\">3. Elektrick\u00e9 vyt\u00e1p\u011bn\u00ed<\/span><\/strong><span style=\"font-size: 10.5pt; font-family: 'Source Sans Pro','serif'; color: #666666;\"> &#8211; jestli\u017ee chcete topn\u00fd \u017eeb\u0159\u00edk vyt\u00e1p\u011bt pouze elektricky je nutno naplnit radi\u00e1tor nemrznouc\u00ed teplonosnou kapalinou nap\u0159. <span style=\"color: #239ceb; text-decoration: none; text-underline: none;\">LIKIDO<\/span> a vybrat <span style=\"color: #239ceb; text-decoration: none; text-underline: none;\">topnou ty\u010d<\/span> dle doporu\u010den\u00e9 wat\u00e1\u017ee topn\u00e9ho \u017eeb\u0159\u00edku<\/span><\/p>\n<p style=\"text-align: justify; background: white; box-sizing: border-box; font-variant-ligatures: normal; font-variant-caps: normal; orphans: 2; widows: 2; -webkit-text-stroke-width: 0px; text-decoration-style: initial; text-decoration-color: initial; word-spacing: 0px; margin: 0cm 0cm 14.25pt 0cm;\"><span style=\"font-size: 10.5pt; font-family: 'Source Sans Pro','serif'; color: #666666;\"><\/span><\/p>\n<\/p><\/div>\n","protected":false},"excerpt":{"rendered":"<p>Detailn\u00ed popis produktu Kombinovan\u00fd topn\u00fd \u017eeb\u0159\u00edk rovn\u00fd Thermal Trend KD 450\/1320 &nbsp; KDO Koupelnov\u00e1 otopn\u00e1 trubkov\u00e1 t\u011blesa ( radi\u00e1tory, \u017eeb\u0159\u00edky ) od v\u00fdrobce THERMAL TREND jsou otopn\u00e1 koupelnov\u00e1 t\u011blesa nov\u00e9 generace, a jsou ur\u010den\u00fd k vyt\u00e1p\u011bn\u00ed p\u0159ev\u00e1\u017en\u011b koupelen, chodeb, kuchy\u0148sk\u00fdch kout\u016f atd., kde p\u016fsob\u00ed jako estetick\u00fdi funk\u010dn\u00ed dopln\u011bk. D\u00edky trubkovit\u00e9mu tvaru lze na n\u011bj zav\u011bsit [&hellip;]<\/p>\n","protected":false},"featured_media":35597,"comment_status":"open","ping_status":"open","template":"","meta":[],"product_brand":[],"product_cat":[114],"product_tag":[],"class_list":{"0":"post-35497","1":"product","2":"type-product","3":"status-publish","4":"has-post-thumbnail","6":"product_cat-vytapeni","8":"first","9":"instock","10":"sale","11":"shipping-taxable","12":"purchasable","13":"product-type-simple"},"yoast_head":"<!-- This site is optimized with the Yoast SEO plugin v26.8 - https:\/\/yoast.com\/product\/yoast-seo-wordpress\/ -->\n<title>Ihned K Objedn\u00e1n\u00ed Thermal Trend KD 450 x 1320 kombinovan\u00fd topn\u00fd \u017eeb\u0159\u00edk rovn\u00fd KD 450\/1320 -<\/title>\n<meta name=\"robots\" content=\"index, follow, max-snippet:-1, max-image-preview:large, max-video-preview:-1\" \/>\n<link rel=\"canonical\" href=\"https:\/\/www.domkraftpro.com\/index.php\/produkt\/ihned-k-objednani-thermal-trend-kd-450-x-1320-kombinovany-topny-zebrik-rovny-kd-450-1320-35497\/\" \/>\n<meta property=\"og:locale\" content=\"cs_CZ\" \/>\n<meta property=\"og:type\" content=\"article\" \/>\n<meta property=\"og:title\" content=\"Ihned K Objedn\u00e1n\u00ed Thermal Trend KD 450 x 1320 kombinovan\u00fd topn\u00fd \u017eeb\u0159\u00edk rovn\u00fd KD 450\/1320 -\" \/>\n<meta property=\"og:description\" content=\"Detailn\u00ed popis produktu Kombinovan\u00fd topn\u00fd \u017eeb\u0159\u00edk rovn\u00fd Thermal Trend KD 450\/1320 &nbsp; KDO Koupelnov\u00e1 otopn\u00e1 trubkov\u00e1 t\u011blesa ( radi\u00e1tory, \u017eeb\u0159\u00edky ) od v\u00fdrobce THERMAL TREND jsou otopn\u00e1 koupelnov\u00e1 t\u011blesa nov\u00e9 generace, a jsou ur\u010den\u00fd k vyt\u00e1p\u011bn\u00ed p\u0159ev\u00e1\u017en\u011b koupelen, chodeb, kuchy\u0148sk\u00fdch kout\u016f atd., kde p\u016fsob\u00ed jako estetick\u00fdi funk\u010dn\u00ed dopln\u011bk. D\u00edky trubkovit\u00e9mu tvaru lze na n\u011bj zav\u011bsit [&hellip;]\" \/>\n<meta property=\"og:url\" content=\"https:\/\/www.domkraftpro.com\/index.php\/produkt\/ihned-k-objednani-thermal-trend-kd-450-x-1320-kombinovany-topny-zebrik-rovny-kd-450-1320-35497\/\" \/>\n<meta property=\"og:image\" content=\"https:\/\/www.domkraftpro.com\/wp-content\/uploads\/2026\/SK0007107-CZ20260425-093631-0-1777080994-230385-10_kd-450-1320.webp\" \/>\n\t<meta property=\"og:image:width\" content=\"1000\" \/>\n\t<meta property=\"og:image:height\" content=\"750\" \/>\n\t<meta property=\"og:image:type\" content=\"image\/webp\" \/>\n<meta name=\"twitter:card\" content=\"summary_large_image\" \/>\n<meta name=\"twitter:label1\" content=\"Odhadovan\u00e1 doba \u010dten\u00ed\" \/>\n\t<meta name=\"twitter:data1\" content=\"2 minuty\" \/>\n<script type=\"application\/ld+json\" class=\"yoast-schema-graph\">{\"@context\":\"https:\/\/schema.org\",\"@graph\":[{\"@type\":\"WebPage\",\"@id\":\"https:\/\/www.domkraftpro.com\/index.php\/produkt\/ihned-k-objednani-thermal-trend-kd-450-x-1320-kombinovany-topny-zebrik-rovny-kd-450-1320-35497\/\",\"url\":\"https:\/\/www.domkraftpro.com\/index.php\/produkt\/ihned-k-objednani-thermal-trend-kd-450-x-1320-kombinovany-topny-zebrik-rovny-kd-450-1320-35497\/\",\"name\":\"Ihned K Objedn\u00e1n\u00ed Thermal Trend KD 450 x 1320 kombinovan\u00fd topn\u00fd \u017eeb\u0159\u00edk rovn\u00fd KD 450\/1320 -\",\"isPartOf\":{\"@id\":\"https:\/\/www.domkraftpro.com\/#website\"},\"primaryImageOfPage\":{\"@id\":\"https:\/\/www.domkraftpro.com\/index.php\/produkt\/ihned-k-objednani-thermal-trend-kd-450-x-1320-kombinovany-topny-zebrik-rovny-kd-450-1320-35497\/#primaryimage\"},\"image\":{\"@id\":\"https:\/\/www.domkraftpro.com\/index.php\/produkt\/ihned-k-objednani-thermal-trend-kd-450-x-1320-kombinovany-topny-zebrik-rovny-kd-450-1320-35497\/#primaryimage\"},\"thumbnailUrl\":\"https:\/\/www.domkraftpro.com\/wp-content\/uploads\/2026\/SK0007107-CZ20260425-093631-0-1777080994-230385-10_kd-450-1320.webp\",\"datePublished\":\"2026-04-27T04:41:57+00:00\",\"breadcrumb\":{\"@id\":\"https:\/\/www.domkraftpro.com\/index.php\/produkt\/ihned-k-objednani-thermal-trend-kd-450-x-1320-kombinovany-topny-zebrik-rovny-kd-450-1320-35497\/#breadcrumb\"},\"inLanguage\":\"cs\",\"potentialAction\":[{\"@type\":\"ReadAction\",\"target\":[\"https:\/\/www.domkraftpro.com\/index.php\/produkt\/ihned-k-objednani-thermal-trend-kd-450-x-1320-kombinovany-topny-zebrik-rovny-kd-450-1320-35497\/\"]}]},{\"@type\":\"ImageObject\",\"inLanguage\":\"cs\",\"@id\":\"https:\/\/www.domkraftpro.com\/index.php\/produkt\/ihned-k-objednani-thermal-trend-kd-450-x-1320-kombinovany-topny-zebrik-rovny-kd-450-1320-35497\/#primaryimage\",\"url\":\"https:\/\/www.domkraftpro.com\/wp-content\/uploads\/2026\/SK0007107-CZ20260425-093631-0-1777080994-230385-10_kd-450-1320.webp\",\"contentUrl\":\"https:\/\/www.domkraftpro.com\/wp-content\/uploads\/2026\/SK0007107-CZ20260425-093631-0-1777080994-230385-10_kd-450-1320.webp\",\"width\":1000,\"height\":750},{\"@type\":\"BreadcrumbList\",\"@id\":\"https:\/\/www.domkraftpro.com\/index.php\/produkt\/ihned-k-objednani-thermal-trend-kd-450-x-1320-kombinovany-topny-zebrik-rovny-kd-450-1320-35497\/#breadcrumb\",\"itemListElement\":[{\"@type\":\"ListItem\",\"position\":1,\"name\":\"Home\",\"item\":\"https:\/\/www.domkraftpro.com\/\"},{\"@type\":\"ListItem\",\"position\":2,\"name\":\"Products\",\"item\":\"https:\/\/www.domkraftpro.com\/index.php\/products\/\"},{\"@type\":\"ListItem\",\"position\":3,\"name\":\"Ihned K Objedn\u00e1n\u00ed Thermal Trend KD 450 x 1320 kombinovan\u00fd topn\u00fd \u017eeb\u0159\u00edk rovn\u00fd KD 450\/1320\"}]},{\"@type\":\"WebSite\",\"@id\":\"https:\/\/www.domkraftpro.com\/#website\",\"url\":\"https:\/\/www.domkraftpro.com\/\",\"name\":\"\",\"description\":\"\",\"potentialAction\":[{\"@type\":\"SearchAction\",\"target\":{\"@type\":\"EntryPoint\",\"urlTemplate\":\"https:\/\/www.domkraftpro.com\/?s={search_term_string}\"},\"query-input\":{\"@type\":\"PropertyValueSpecification\",\"valueRequired\":true,\"valueName\":\"search_term_string\"}}],\"inLanguage\":\"cs\"}]}<\/script>\n<!-- \/ Yoast SEO plugin. -->","yoast_head_json":{"title":"Ihned K Objedn\u00e1n\u00ed Thermal Trend KD 450 x 1320 kombinovan\u00fd topn\u00fd \u017eeb\u0159\u00edk rovn\u00fd KD 450\/1320 -","robots":{"index":"index","follow":"follow","max-snippet":"max-snippet:-1","max-image-preview":"max-image-preview:large","max-video-preview":"max-video-preview:-1"},"canonical":"https:\/\/www.domkraftpro.com\/index.php\/produkt\/ihned-k-objednani-thermal-trend-kd-450-x-1320-kombinovany-topny-zebrik-rovny-kd-450-1320-35497\/","og_locale":"cs_CZ","og_type":"article","og_title":"Ihned K Objedn\u00e1n\u00ed Thermal Trend KD 450 x 1320 kombinovan\u00fd topn\u00fd \u017eeb\u0159\u00edk rovn\u00fd KD 450\/1320 -","og_description":"Detailn\u00ed popis produktu Kombinovan\u00fd topn\u00fd \u017eeb\u0159\u00edk rovn\u00fd Thermal Trend KD 450\/1320 &nbsp; KDO Koupelnov\u00e1 otopn\u00e1 trubkov\u00e1 t\u011blesa ( radi\u00e1tory, \u017eeb\u0159\u00edky ) od v\u00fdrobce THERMAL TREND jsou otopn\u00e1 koupelnov\u00e1 t\u011blesa nov\u00e9 generace, a jsou ur\u010den\u00fd k vyt\u00e1p\u011bn\u00ed p\u0159ev\u00e1\u017en\u011b koupelen, chodeb, kuchy\u0148sk\u00fdch kout\u016f atd., kde p\u016fsob\u00ed jako estetick\u00fdi funk\u010dn\u00ed dopln\u011bk. D\u00edky trubkovit\u00e9mu tvaru lze na n\u011bj zav\u011bsit [&hellip;]","og_url":"https:\/\/www.domkraftpro.com\/index.php\/produkt\/ihned-k-objednani-thermal-trend-kd-450-x-1320-kombinovany-topny-zebrik-rovny-kd-450-1320-35497\/","og_image":[{"width":1000,"height":750,"url":"https:\/\/www.domkraftpro.com\/wp-content\/uploads\/2026\/SK0007107-CZ20260425-093631-0-1777080994-230385-10_kd-450-1320.webp","type":"image\/webp"}],"twitter_card":"summary_large_image","twitter_misc":{"Odhadovan\u00e1 doba \u010dten\u00ed":"2 minuty"},"schema":{"@context":"https:\/\/schema.org","@graph":[{"@type":"WebPage","@id":"https:\/\/www.domkraftpro.com\/index.php\/produkt\/ihned-k-objednani-thermal-trend-kd-450-x-1320-kombinovany-topny-zebrik-rovny-kd-450-1320-35497\/","url":"https:\/\/www.domkraftpro.com\/index.php\/produkt\/ihned-k-objednani-thermal-trend-kd-450-x-1320-kombinovany-topny-zebrik-rovny-kd-450-1320-35497\/","name":"Ihned K Objedn\u00e1n\u00ed Thermal Trend KD 450 x 1320 kombinovan\u00fd topn\u00fd \u017eeb\u0159\u00edk rovn\u00fd KD 450\/1320 -","isPartOf":{"@id":"https:\/\/www.domkraftpro.com\/#website"},"primaryImageOfPage":{"@id":"https:\/\/www.domkraftpro.com\/index.php\/produkt\/ihned-k-objednani-thermal-trend-kd-450-x-1320-kombinovany-topny-zebrik-rovny-kd-450-1320-35497\/#primaryimage"},"image":{"@id":"https:\/\/www.domkraftpro.com\/index.php\/produkt\/ihned-k-objednani-thermal-trend-kd-450-x-1320-kombinovany-topny-zebrik-rovny-kd-450-1320-35497\/#primaryimage"},"thumbnailUrl":"https:\/\/www.domkraftpro.com\/wp-content\/uploads\/2026\/SK0007107-CZ20260425-093631-0-1777080994-230385-10_kd-450-1320.webp","datePublished":"2026-04-27T04:41:57+00:00","breadcrumb":{"@id":"https:\/\/www.domkraftpro.com\/index.php\/produkt\/ihned-k-objednani-thermal-trend-kd-450-x-1320-kombinovany-topny-zebrik-rovny-kd-450-1320-35497\/#breadcrumb"},"inLanguage":"cs","potentialAction":[{"@type":"ReadAction","target":["https:\/\/www.domkraftpro.com\/index.php\/produkt\/ihned-k-objednani-thermal-trend-kd-450-x-1320-kombinovany-topny-zebrik-rovny-kd-450-1320-35497\/"]}]},{"@type":"ImageObject","inLanguage":"cs","@id":"https:\/\/www.domkraftpro.com\/index.php\/produkt\/ihned-k-objednani-thermal-trend-kd-450-x-1320-kombinovany-topny-zebrik-rovny-kd-450-1320-35497\/#primaryimage","url":"https:\/\/www.domkraftpro.com\/wp-content\/uploads\/2026\/SK0007107-CZ20260425-093631-0-1777080994-230385-10_kd-450-1320.webp","contentUrl":"https:\/\/www.domkraftpro.com\/wp-content\/uploads\/2026\/SK0007107-CZ20260425-093631-0-1777080994-230385-10_kd-450-1320.webp","width":1000,"height":750},{"@type":"BreadcrumbList","@id":"https:\/\/www.domkraftpro.com\/index.php\/produkt\/ihned-k-objednani-thermal-trend-kd-450-x-1320-kombinovany-topny-zebrik-rovny-kd-450-1320-35497\/#breadcrumb","itemListElement":[{"@type":"ListItem","position":1,"name":"Home","item":"https:\/\/www.domkraftpro.com\/"},{"@type":"ListItem","position":2,"name":"Products","item":"https:\/\/www.domkraftpro.com\/index.php\/products\/"},{"@type":"ListItem","position":3,"name":"Ihned K Objedn\u00e1n\u00ed Thermal Trend KD 450 x 1320 kombinovan\u00fd topn\u00fd \u017eeb\u0159\u00edk rovn\u00fd KD 450\/1320"}]},{"@type":"WebSite","@id":"https:\/\/www.domkraftpro.com\/#website","url":"https:\/\/www.domkraftpro.com\/","name":"","description":"","potentialAction":[{"@type":"SearchAction","target":{"@type":"EntryPoint","urlTemplate":"https:\/\/www.domkraftpro.com\/?s={search_term_string}"},"query-input":{"@type":"PropertyValueSpecification","valueRequired":true,"valueName":"search_term_string"}}],"inLanguage":"cs"}]}},"_links":{"self":[{"href":"https:\/\/www.domkraftpro.com\/index.php\/wp-json\/wp\/v2\/product\/35497","targetHints":{"allow":["GET"]}}],"collection":[{"href":"https:\/\/www.domkraftpro.com\/index.php\/wp-json\/wp\/v2\/product"}],"about":[{"href":"https:\/\/www.domkraftpro.com\/index.php\/wp-json\/wp\/v2\/types\/product"}],"replies":[{"embeddable":true,"href":"https:\/\/www.domkraftpro.com\/index.php\/wp-json\/wp\/v2\/comments?post=35497"}],"wp:featuredmedia":[{"embeddable":true,"href":"https:\/\/www.domkraftpro.com\/index.php\/wp-json\/wp\/v2\/media\/35597"}],"wp:attachment":[{"href":"https:\/\/www.domkraftpro.com\/index.php\/wp-json\/wp\/v2\/media?parent=35497"}],"wp:term":[{"taxonomy":"product_brand","embeddable":true,"href":"https:\/\/www.domkraftpro.com\/index.php\/wp-json\/wp\/v2\/product_brand?post=35497"},{"taxonomy":"product_cat","embeddable":true,"href":"https:\/\/www.domkraftpro.com\/index.php\/wp-json\/wp\/v2\/product_cat?post=35497"},{"taxonomy":"product_tag","embeddable":true,"href":"https:\/\/www.domkraftpro.com\/index.php\/wp-json\/wp\/v2\/product_tag?post=35497"}],"curies":[{"name":"wp","href":"https:\/\/api.w.org\/{rel}","templated":true}]}}