{"id":35385,"date":"2026-04-27T04:41:56","date_gmt":"2026-04-27T04:41:56","guid":{"rendered":""},"modified":"2026-04-27T04:41:56","modified_gmt":"2026-04-27T04:41:56","slug":"vysoce-kvalitni-sapho-silvana-otopne-teleso-500x1236mm-bila-ir161-35385","status":"publish","type":"product","link":"https:\/\/www.domkraftpro.com\/index.php\/produkt\/vysoce-kvalitni-sapho-silvana-otopne-teleso-500x1236mm-bila-ir161-35385\/","title":{"rendered":"Vysoce Kvalitn\u00ed Sapho SILVANA otopn\u00e9 t\u011bleso 500x1236mm, b\u00edl\u00e1 IR161"},"content":{"rendered":"<div class=\"basic-description\">\n<h3>Detailn\u00ed popis produktu<\/h3>\n<p><\/p>\n<p style=\"text-align: justify;\">Nev\u0161edn\u00ed proveden\u00ed s&nbsp;hranat\u00fdmi profily umoc\u0148uje technickou eleganci radi\u00e1toru SILVANA. Radi\u00e1tor&nbsp;lze zav\u011bsit oboustrann\u011b a m\u016f\u017eete si tak zvolit levou nebo pravou variantu instalace.<\/p>\n<ul>\n<li>Topn\u00e1 ty\u010d a p\u0159ipojovac\u00ed ventily nejsou sou\u010d\u00e1st\u00ed balen\u00ed<\/li>\n<\/ul>\n<h2 class=\"props-title\">Vlastnosti<\/h2>\n<table>\n<tr>\n<th>Zna\u010dka<\/th>\n<td>SAPHO<\/td>\n<\/tr>\n<tr>\n<th>S\u00e9rie<\/th>\n<td>SILVANA<\/td>\n<\/tr>\n<tr>\n<th>3D model<\/th>\n<td>ANO<\/td>\n<\/tr>\n<tr>\n<th>Rozm\u011br<\/th>\n<td>500&#215;1236 mm<\/td>\n<\/tr>\n<tr>\n<th>\u0160\u00ed\u0159ka<\/th>\n<td>500&nbsp;mm<\/td>\n<\/tr>\n<tr>\n<th>V\u00fd\u0161ka<\/th>\n<td>1236&nbsp;mm<\/td>\n<\/tr>\n<tr>\n<th>Objem<\/th>\n<td>5.00&nbsp;l<\/td>\n<\/tr>\n<tr>\n<th>Barva<\/th>\n<td>B\u00edl\u00e1<\/td>\n<\/tr>\n<tr>\n<th>Materi\u00e1l<\/th>\n<td>Ocel<\/td>\n<\/tr>\n<tr>\n<th>Tvar<\/th>\n<td>Tvar E<\/td>\n<\/tr>\n<tr>\n<th>Instalace<\/th>\n<td>Oto\u010dn\u00e9 o 180\u00b0<\/td>\n<\/tr>\n<tr>\n<th>Doporu\u010den\u00e1 el. topn\u00e1 ty\u010d<\/th>\n<td>500&nbsp;W<\/td>\n<\/tr>\n<tr>\n<th>Mo\u017enost vyt\u00e1p\u011bn\u00ed<\/th>\n<td>\u00dast\u0159edn\u00ed vyt\u00e1p\u011bn\u00ed, Elektrick\u00e9 vyt\u00e1p\u011bn\u00ed, Kombinovan\u00e9 vyt\u00e1p\u011bn\u00ed<\/td>\n<\/tr>\n<tr>\n<th>Um\u00edst\u011bn\u00ed p\u0159ipojen\u00ed 50 mm<\/th>\n<td>Nesymetrick\u00e9 (na bok)<\/td>\n<\/tr>\n<tr>\n<th>Rozte\u010d p\u0159ipojen\u00ed<\/th>\n<td>50&nbsp;mm<\/td>\n<\/tr>\n<tr>\n<th>V\u00fdkon<\/th>\n<td>496&nbsp;W<\/td>\n<\/tr>\n<tr>\n<th>Teplotn\u00ed sp\u00e1d<\/th>\n<td>75\/65\/20 \u00b0C<\/td>\n<\/tr>\n<tr>\n<th>Max. provozn\u00ed tlak<\/th>\n<td>5&nbsp;bar<\/td>\n<\/tr>\n<tr>\n<th>Hmotnost \/ ks<\/th>\n<td>17.5000&nbsp;kg<\/td>\n<\/tr>\n<tr>\n<th>Balen\u00ed<\/th>\n<td>1&nbsp;ks<\/td>\n<\/tr>\n<tr>\n<th>EAN<\/th>\n<td>8590913889967<\/td>\n<\/tr>\n<tr>\n<th>Taric<\/th>\n<td>73221900<\/td>\n<\/tr>\n<tr>\n<th>Z\u00e1ruka<\/th>\n<td>2 roky<\/td>\n<\/tr>\n<\/table>\n<div class=\"product-explanation-item\">\n<h3>\u00dast\u0159edn\u00ed vyt\u00e1p\u011bn\u00ed<\/h3>\n<p style=\"text-align: justify;\">V p\u0159\u00edpad\u011b \u00fast\u0159edn\u00edho vyt\u00e1p\u011bn\u00ed je d\u016fle\u017eit\u00fd v\u00fdb\u011br p\u0159ipojovac\u00ed sady ventil\u016f. Na v\u00fdb\u011br je pou\u017eit\u00ed ru\u010dn\u00edho ventilu nebo ventilu s termostatickou hlavic\u00ed.<\/p>\n<p style=\"text-align: justify;\"><strong>Ru\u010dn\u00ed ventil:<\/strong> Ovl\u00e1d\u00e1n\u00ed regulace teploty je manu\u00e1ln\u00ed. P\u0159\u00edvod tepl\u00e9 vody lze p\u0159ipojit na levou \/ pravou stranu ventilu bez omezen\u00ed.<br \/><strong>Ventil s termostatickou hlavic\u00ed:<\/strong> Integrovan\u00fd termostat udr\u017euje nastavenou teplotu okol\u00ed. <strong>Termostatick\u00e1 hlavice mus\u00ed b\u00fdt v m\u00edst\u011b p\u0159\u00edvodu tepl\u00e9 vody (mimo MONO ONE).<\/strong><\/p>\n<p style=\"text-align: justify;\">N\u00e1mi nab\u00edzen\u00e9 p\u0159ipojovac\u00ed ventily jsou dod\u00e1v\u00e1ny v\u010detn\u011b sv\u011brn\u00e9ho \u0161rouben\u00ed na nejb\u011b\u017en\u011bj\u0161\u00ed potrub\u00ed (\u00d815 mm Cu a \u00d816 mm Alupex), pro dopojen\u00ed tak nen\u00ed t\u0159eba nic dokupovat. Pro zakryt\u00ed p\u0159\u00edvodn\u00edch trubek a otvor\u016f ve zdi doporu\u010dujeme p\u0159ikoupit kryc\u00ed rozety.<\/p>\n<\/div>\n<div class=\"product-explanation-item\">\n<h3>Elektrick\u00e9 vyt\u00e1p\u011bn\u00ed<\/h3>\n<p style=\"text-align: justify;\">Pokud je otopn\u00e9 t\u011bleso <strong>vyt\u00e1p\u011bno<\/strong> pouze elektricky, tzn. <strong>pouze za pomoci topn\u00e9 ty\u010de, je nutn\u00e9 zakoupit \u00bd&#8220; z\u00e1slepku k radi\u00e1tor\u016fm<\/strong>. Ta slou\u017e\u00ed k zaslepen\u00ed druh\u00e9ho otvoru v t\u011blese, kter\u00fd by byl jinak pou\u017eit pro p\u0159ipojovac\u00ed ventil \u00fast\u0159edn\u00edho vyt\u00e1p\u011bn\u00ed.<br \/>Topn\u00e9 t\u011bleso doporu\u010dujeme naplnit destilovanou vodou. Doporu\u010dujeme t\u00e9\u017e nemrznouc\u00ed teplonosnou antikorozn\u00ed kapalinou zna\u010dky LIKIDO.<br \/>Topnou ty\u010d doporu\u010dujeme se stejn\u00fdm nebo podobn\u00fdm v\u00fdkonem dle specifikace dan\u00e9ho topn\u00e9ho t\u011blesa. U topn\u00fdch ty\u010d\u00ed s termostatem se reguluje teplota kapaliny v radi\u00e1toru.<\/p>\n<\/div>\n<div class=\"product-explanation-item\">\n<h3>Kombinace \u00fast\u0159edn\u00edho a elektrick\u00e9ho vyt\u00e1p\u011bn\u00ed<\/h3>\n<p style=\"text-align: justify;\">Kombinovan\u00e9 p\u0159ipojen\u00ed umo\u017e\u0148uje oh\u0159\u00edvat t\u011bleso jak centr\u00e1ln\u00edm syst\u00e9mem vyt\u00e1p\u011bn\u00ed, tak vyu\u017e\u00edt pro samostatn\u00fd oh\u0159ev elektrickou topnou ty\u010d mimo topnou sezonu. Topnou ty\u010d doporu\u010dujeme se stejn\u00fdm nebo podobn\u00fdm v\u00fdkonem dle specifikace dan\u00e9ho topn\u00e9ho t\u011blesa.<\/p>\n<p style=\"text-align: justify;\">Pokud se jedn\u00e1 o t\u011bleso se st\u0159edov\u00fdm p\u0159ipojen\u00edm, z\u00e1le\u017e\u00ed na tom, zda lze ty\u010d propojit p\u0159es ventil (v tomto p\u0159\u00edpad\u011b se pou\u017eije kombinovan\u00fd ventil) nebo se ty\u010d p\u0159ipojuje samostatn\u011b do stojny t\u011blesa (v tomto p\u0159\u00edpad\u011b se pou\u017eije klasick\u00fd ventil). V p\u0159\u00edpad\u011b bo\u010dn\u00edho p\u0159ipojen\u00ed se v\u017edy pou\u017eije kombinovan\u00fd ventil. Na v\u00fdb\u011br je pou\u017eit\u00ed ru\u010dn\u00edho ventilu nebo ventilu s termostatickou hlavic\u00ed. <\/p>\n<p style=\"text-align: justify;\"><strong>Ru\u010dn\u00ed ventil:<\/strong> Ovl\u00e1d\u00e1n\u00ed regulace teploty je manu\u00e1ln\u00ed. P\u0159\u00edvod tepl\u00e9 vody lze p\u0159ipojit na levou \/ pravou stranu ventilu bez omezen\u00ed.<br \/><strong>Ventil s termostatickou hlavic\u00ed:<\/strong> Integrovan\u00fd termostat udr\u017euje nastavenou teplotu okol\u00ed. <strong>Termostatick\u00e1 hlavice mus\u00ed b\u00fdt v m\u00edst\u011b p\u0159\u00edvodu tepl\u00e9 vody (mimo MONO ONE).<\/strong><\/p>\n<p style=\"text-align: justify;\">N\u00e1mi nab\u00edzen\u00e9 p\u0159ipojovac\u00ed ventily jsou dod\u00e1v\u00e1ny v\u010detn\u011b sv\u011brn\u00e9ho \u0161rouben\u00ed na nejb\u011b\u017en\u011bj\u0161\u00ed potrub\u00ed (\u00d815 mm Cu a \u00d816 mm Alupex), pro dopojen\u00ed tak nen\u00ed t\u0159eba nic dokupovat. Pro zakryt\u00ed p\u0159\u00edvodn\u00edch trubek a otvor\u016f ve zdi doporu\u010dujeme p\u0159ikoupit kryc\u00ed rozety.<\/p>\n<\/div><\/div>\n","protected":false},"excerpt":{"rendered":"<p>Detailn\u00ed popis produktu Nev\u0161edn\u00ed proveden\u00ed s&nbsp;hranat\u00fdmi profily umoc\u0148uje technickou eleganci radi\u00e1toru SILVANA. Radi\u00e1tor&nbsp;lze zav\u011bsit oboustrann\u011b a m\u016f\u017eete si tak zvolit levou nebo pravou variantu instalace. Topn\u00e1 ty\u010d a p\u0159ipojovac\u00ed ventily nejsou sou\u010d\u00e1st\u00ed balen\u00ed Vlastnosti Zna\u010dka SAPHO S\u00e9rie SILVANA 3D model ANO Rozm\u011br 500&#215;1236 mm \u0160\u00ed\u0159ka 500&nbsp;mm V\u00fd\u0161ka 1236&nbsp;mm Objem 5.00&nbsp;l Barva B\u00edl\u00e1 Materi\u00e1l Ocel Tvar [&hellip;]<\/p>\n","protected":false},"featured_media":35485,"comment_status":"open","ping_status":"open","template":"","meta":[],"product_brand":[],"product_cat":[114],"product_tag":[],"class_list":{"0":"post-35385","1":"product","2":"type-product","3":"status-publish","4":"has-post-thumbnail","6":"product_cat-vytapeni","8":"first","9":"instock","10":"sale","11":"shipping-taxable","12":"purchasable","13":"product-type-simple"},"yoast_head":"<!-- This site is optimized with the Yoast SEO plugin v26.8 - https:\/\/yoast.com\/product\/yoast-seo-wordpress\/ -->\n<title>Vysoce Kvalitn\u00ed Sapho SILVANA otopn\u00e9 t\u011bleso 500x1236mm, b\u00edl\u00e1 IR161 -<\/title>\n<meta name=\"robots\" content=\"index, follow, max-snippet:-1, max-image-preview:large, max-video-preview:-1\" \/>\n<link rel=\"canonical\" href=\"https:\/\/www.domkraftpro.com\/index.php\/produkt\/vysoce-kvalitni-sapho-silvana-otopne-teleso-500x1236mm-bila-ir161-35385\/\" \/>\n<meta property=\"og:locale\" content=\"cs_CZ\" \/>\n<meta property=\"og:type\" content=\"article\" \/>\n<meta property=\"og:title\" content=\"Vysoce Kvalitn\u00ed Sapho SILVANA otopn\u00e9 t\u011bleso 500x1236mm, b\u00edl\u00e1 IR161 -\" \/>\n<meta property=\"og:description\" content=\"Detailn\u00ed popis produktu Nev\u0161edn\u00ed proveden\u00ed s&nbsp;hranat\u00fdmi profily umoc\u0148uje technickou eleganci radi\u00e1toru SILVANA. Radi\u00e1tor&nbsp;lze zav\u011bsit oboustrann\u011b a m\u016f\u017eete si tak zvolit levou nebo pravou variantu instalace. Topn\u00e1 ty\u010d a p\u0159ipojovac\u00ed ventily nejsou sou\u010d\u00e1st\u00ed balen\u00ed Vlastnosti Zna\u010dka SAPHO S\u00e9rie SILVANA 3D model ANO Rozm\u011br 500&#215;1236 mm \u0160\u00ed\u0159ka 500&nbsp;mm V\u00fd\u0161ka 1236&nbsp;mm Objem 5.00&nbsp;l Barva B\u00edl\u00e1 Materi\u00e1l Ocel Tvar [&hellip;]\" \/>\n<meta property=\"og:url\" content=\"https:\/\/www.domkraftpro.com\/index.php\/produkt\/vysoce-kvalitni-sapho-silvana-otopne-teleso-500x1236mm-bila-ir161-35385\/\" \/>\n<meta property=\"og:image\" content=\"https:\/\/www.domkraftpro.com\/wp-content\/uploads\/2026\/SK0007095-CZ20260425-093631-0-1777080994-221094_ir161-178906862715856.webp\" \/>\n\t<meta property=\"og:image:width\" content=\"1000\" \/>\n\t<meta property=\"og:image:height\" content=\"750\" \/>\n\t<meta property=\"og:image:type\" content=\"image\/webp\" \/>\n<meta name=\"twitter:card\" content=\"summary_large_image\" \/>\n<meta name=\"twitter:label1\" content=\"Odhadovan\u00e1 doba \u010dten\u00ed\" \/>\n\t<meta name=\"twitter:data1\" content=\"3 minuty\" \/>\n<script type=\"application\/ld+json\" class=\"yoast-schema-graph\">{\"@context\":\"https:\/\/schema.org\",\"@graph\":[{\"@type\":\"WebPage\",\"@id\":\"https:\/\/www.domkraftpro.com\/index.php\/produkt\/vysoce-kvalitni-sapho-silvana-otopne-teleso-500x1236mm-bila-ir161-35385\/\",\"url\":\"https:\/\/www.domkraftpro.com\/index.php\/produkt\/vysoce-kvalitni-sapho-silvana-otopne-teleso-500x1236mm-bila-ir161-35385\/\",\"name\":\"Vysoce Kvalitn\u00ed Sapho SILVANA otopn\u00e9 t\u011bleso 500x1236mm, b\u00edl\u00e1 IR161 -\",\"isPartOf\":{\"@id\":\"https:\/\/www.domkraftpro.com\/#website\"},\"primaryImageOfPage\":{\"@id\":\"https:\/\/www.domkraftpro.com\/index.php\/produkt\/vysoce-kvalitni-sapho-silvana-otopne-teleso-500x1236mm-bila-ir161-35385\/#primaryimage\"},\"image\":{\"@id\":\"https:\/\/www.domkraftpro.com\/index.php\/produkt\/vysoce-kvalitni-sapho-silvana-otopne-teleso-500x1236mm-bila-ir161-35385\/#primaryimage\"},\"thumbnailUrl\":\"https:\/\/www.domkraftpro.com\/wp-content\/uploads\/2026\/SK0007095-CZ20260425-093631-0-1777080994-221094_ir161-178906862715856.webp\",\"datePublished\":\"2026-04-27T04:41:56+00:00\",\"breadcrumb\":{\"@id\":\"https:\/\/www.domkraftpro.com\/index.php\/produkt\/vysoce-kvalitni-sapho-silvana-otopne-teleso-500x1236mm-bila-ir161-35385\/#breadcrumb\"},\"inLanguage\":\"cs\",\"potentialAction\":[{\"@type\":\"ReadAction\",\"target\":[\"https:\/\/www.domkraftpro.com\/index.php\/produkt\/vysoce-kvalitni-sapho-silvana-otopne-teleso-500x1236mm-bila-ir161-35385\/\"]}]},{\"@type\":\"ImageObject\",\"inLanguage\":\"cs\",\"@id\":\"https:\/\/www.domkraftpro.com\/index.php\/produkt\/vysoce-kvalitni-sapho-silvana-otopne-teleso-500x1236mm-bila-ir161-35385\/#primaryimage\",\"url\":\"https:\/\/www.domkraftpro.com\/wp-content\/uploads\/2026\/SK0007095-CZ20260425-093631-0-1777080994-221094_ir161-178906862715856.webp\",\"contentUrl\":\"https:\/\/www.domkraftpro.com\/wp-content\/uploads\/2026\/SK0007095-CZ20260425-093631-0-1777080994-221094_ir161-178906862715856.webp\",\"width\":1000,\"height\":750},{\"@type\":\"BreadcrumbList\",\"@id\":\"https:\/\/www.domkraftpro.com\/index.php\/produkt\/vysoce-kvalitni-sapho-silvana-otopne-teleso-500x1236mm-bila-ir161-35385\/#breadcrumb\",\"itemListElement\":[{\"@type\":\"ListItem\",\"position\":1,\"name\":\"Home\",\"item\":\"https:\/\/www.domkraftpro.com\/\"},{\"@type\":\"ListItem\",\"position\":2,\"name\":\"Products\",\"item\":\"https:\/\/www.domkraftpro.com\/index.php\/products\/\"},{\"@type\":\"ListItem\",\"position\":3,\"name\":\"Vysoce Kvalitn\u00ed Sapho SILVANA otopn\u00e9 t\u011bleso 500x1236mm, b\u00edl\u00e1 IR161\"}]},{\"@type\":\"WebSite\",\"@id\":\"https:\/\/www.domkraftpro.com\/#website\",\"url\":\"https:\/\/www.domkraftpro.com\/\",\"name\":\"\",\"description\":\"\",\"potentialAction\":[{\"@type\":\"SearchAction\",\"target\":{\"@type\":\"EntryPoint\",\"urlTemplate\":\"https:\/\/www.domkraftpro.com\/?s={search_term_string}\"},\"query-input\":{\"@type\":\"PropertyValueSpecification\",\"valueRequired\":true,\"valueName\":\"search_term_string\"}}],\"inLanguage\":\"cs\"}]}<\/script>\n<!-- \/ Yoast SEO plugin. -->","yoast_head_json":{"title":"Vysoce Kvalitn\u00ed Sapho SILVANA otopn\u00e9 t\u011bleso 500x1236mm, b\u00edl\u00e1 IR161 -","robots":{"index":"index","follow":"follow","max-snippet":"max-snippet:-1","max-image-preview":"max-image-preview:large","max-video-preview":"max-video-preview:-1"},"canonical":"https:\/\/www.domkraftpro.com\/index.php\/produkt\/vysoce-kvalitni-sapho-silvana-otopne-teleso-500x1236mm-bila-ir161-35385\/","og_locale":"cs_CZ","og_type":"article","og_title":"Vysoce Kvalitn\u00ed Sapho SILVANA otopn\u00e9 t\u011bleso 500x1236mm, b\u00edl\u00e1 IR161 -","og_description":"Detailn\u00ed popis produktu Nev\u0161edn\u00ed proveden\u00ed s&nbsp;hranat\u00fdmi profily umoc\u0148uje technickou eleganci radi\u00e1toru SILVANA. Radi\u00e1tor&nbsp;lze zav\u011bsit oboustrann\u011b a m\u016f\u017eete si tak zvolit levou nebo pravou variantu instalace. Topn\u00e1 ty\u010d a p\u0159ipojovac\u00ed ventily nejsou sou\u010d\u00e1st\u00ed balen\u00ed Vlastnosti Zna\u010dka SAPHO S\u00e9rie SILVANA 3D model ANO Rozm\u011br 500&#215;1236 mm \u0160\u00ed\u0159ka 500&nbsp;mm V\u00fd\u0161ka 1236&nbsp;mm Objem 5.00&nbsp;l Barva B\u00edl\u00e1 Materi\u00e1l Ocel Tvar [&hellip;]","og_url":"https:\/\/www.domkraftpro.com\/index.php\/produkt\/vysoce-kvalitni-sapho-silvana-otopne-teleso-500x1236mm-bila-ir161-35385\/","og_image":[{"width":1000,"height":750,"url":"https:\/\/www.domkraftpro.com\/wp-content\/uploads\/2026\/SK0007095-CZ20260425-093631-0-1777080994-221094_ir161-178906862715856.webp","type":"image\/webp"}],"twitter_card":"summary_large_image","twitter_misc":{"Odhadovan\u00e1 doba \u010dten\u00ed":"3 minuty"},"schema":{"@context":"https:\/\/schema.org","@graph":[{"@type":"WebPage","@id":"https:\/\/www.domkraftpro.com\/index.php\/produkt\/vysoce-kvalitni-sapho-silvana-otopne-teleso-500x1236mm-bila-ir161-35385\/","url":"https:\/\/www.domkraftpro.com\/index.php\/produkt\/vysoce-kvalitni-sapho-silvana-otopne-teleso-500x1236mm-bila-ir161-35385\/","name":"Vysoce Kvalitn\u00ed Sapho SILVANA otopn\u00e9 t\u011bleso 500x1236mm, b\u00edl\u00e1 IR161 -","isPartOf":{"@id":"https:\/\/www.domkraftpro.com\/#website"},"primaryImageOfPage":{"@id":"https:\/\/www.domkraftpro.com\/index.php\/produkt\/vysoce-kvalitni-sapho-silvana-otopne-teleso-500x1236mm-bila-ir161-35385\/#primaryimage"},"image":{"@id":"https:\/\/www.domkraftpro.com\/index.php\/produkt\/vysoce-kvalitni-sapho-silvana-otopne-teleso-500x1236mm-bila-ir161-35385\/#primaryimage"},"thumbnailUrl":"https:\/\/www.domkraftpro.com\/wp-content\/uploads\/2026\/SK0007095-CZ20260425-093631-0-1777080994-221094_ir161-178906862715856.webp","datePublished":"2026-04-27T04:41:56+00:00","breadcrumb":{"@id":"https:\/\/www.domkraftpro.com\/index.php\/produkt\/vysoce-kvalitni-sapho-silvana-otopne-teleso-500x1236mm-bila-ir161-35385\/#breadcrumb"},"inLanguage":"cs","potentialAction":[{"@type":"ReadAction","target":["https:\/\/www.domkraftpro.com\/index.php\/produkt\/vysoce-kvalitni-sapho-silvana-otopne-teleso-500x1236mm-bila-ir161-35385\/"]}]},{"@type":"ImageObject","inLanguage":"cs","@id":"https:\/\/www.domkraftpro.com\/index.php\/produkt\/vysoce-kvalitni-sapho-silvana-otopne-teleso-500x1236mm-bila-ir161-35385\/#primaryimage","url":"https:\/\/www.domkraftpro.com\/wp-content\/uploads\/2026\/SK0007095-CZ20260425-093631-0-1777080994-221094_ir161-178906862715856.webp","contentUrl":"https:\/\/www.domkraftpro.com\/wp-content\/uploads\/2026\/SK0007095-CZ20260425-093631-0-1777080994-221094_ir161-178906862715856.webp","width":1000,"height":750},{"@type":"BreadcrumbList","@id":"https:\/\/www.domkraftpro.com\/index.php\/produkt\/vysoce-kvalitni-sapho-silvana-otopne-teleso-500x1236mm-bila-ir161-35385\/#breadcrumb","itemListElement":[{"@type":"ListItem","position":1,"name":"Home","item":"https:\/\/www.domkraftpro.com\/"},{"@type":"ListItem","position":2,"name":"Products","item":"https:\/\/www.domkraftpro.com\/index.php\/products\/"},{"@type":"ListItem","position":3,"name":"Vysoce Kvalitn\u00ed Sapho SILVANA otopn\u00e9 t\u011bleso 500x1236mm, b\u00edl\u00e1 IR161"}]},{"@type":"WebSite","@id":"https:\/\/www.domkraftpro.com\/#website","url":"https:\/\/www.domkraftpro.com\/","name":"","description":"","potentialAction":[{"@type":"SearchAction","target":{"@type":"EntryPoint","urlTemplate":"https:\/\/www.domkraftpro.com\/?s={search_term_string}"},"query-input":{"@type":"PropertyValueSpecification","valueRequired":true,"valueName":"search_term_string"}}],"inLanguage":"cs"}]}},"_links":{"self":[{"href":"https:\/\/www.domkraftpro.com\/index.php\/wp-json\/wp\/v2\/product\/35385","targetHints":{"allow":["GET"]}}],"collection":[{"href":"https:\/\/www.domkraftpro.com\/index.php\/wp-json\/wp\/v2\/product"}],"about":[{"href":"https:\/\/www.domkraftpro.com\/index.php\/wp-json\/wp\/v2\/types\/product"}],"replies":[{"embeddable":true,"href":"https:\/\/www.domkraftpro.com\/index.php\/wp-json\/wp\/v2\/comments?post=35385"}],"wp:featuredmedia":[{"embeddable":true,"href":"https:\/\/www.domkraftpro.com\/index.php\/wp-json\/wp\/v2\/media\/35485"}],"wp:attachment":[{"href":"https:\/\/www.domkraftpro.com\/index.php\/wp-json\/wp\/v2\/media?parent=35385"}],"wp:term":[{"taxonomy":"product_brand","embeddable":true,"href":"https:\/\/www.domkraftpro.com\/index.php\/wp-json\/wp\/v2\/product_brand?post=35385"},{"taxonomy":"product_cat","embeddable":true,"href":"https:\/\/www.domkraftpro.com\/index.php\/wp-json\/wp\/v2\/product_cat?post=35385"},{"taxonomy":"product_tag","embeddable":true,"href":"https:\/\/www.domkraftpro.com\/index.php\/wp-json\/wp\/v2\/product_tag?post=35385"}],"curies":[{"name":"wp","href":"https:\/\/api.w.org\/{rel}","templated":true}]}}