{"id":35171,"date":"2026-04-27T04:41:56","date_gmt":"2026-04-27T04:41:56","guid":{"rendered":""},"modified":"2026-04-27T04:41:56","modified_gmt":"2026-04-27T04:41:56","slug":"horka-nabidka-drevojas-koupelnova-skrinka-s-umyvadlem-take-it-szz-75-35171","status":"publish","type":"product","link":"https:\/\/www.domkraftpro.com\/index.php\/produkt\/horka-nabidka-drevojas-koupelnova-skrinka-s-umyvadlem-take-it-szz-75-35171\/","title":{"rendered":"Hork\u00e1 Nab\u00eddka D\u0159evojas Koupelnov\u00e1 sk\u0159\u00ed\u0148ka s umyvadlem TAKE IT SZZ 75"},"content":{"rendered":"<div class=\"basic-description\">\n<h3>Detailn\u00ed popis produktu<\/h3>\n<p>Hled\u00e1te praktickou a prostornou umyvadlovou sk\u0159\u00ed\u0148ku s&nbsp;elegantn\u00edm a designov\u00fdm umyvadlem? Vsa\u010fte na kolekci<span>&nbsp;<\/span>TAKE IT, kter\u00e1 krom\u011b jedno a dvouz\u00e1suvkov\u00e9ho proveden\u00ed nab\u00edz\u00ed dve\u0159ovou variantu. Umyvadlov\u00e1&nbsp;sk\u0159\u00ed\u0148ka<span>&nbsp;<\/span><strong>TAKE IT SZZ 75<\/strong><span>&nbsp;<\/span>je ur\u010den\u00e1 p\u0159edev\u0161\u00edm do men\u0161\u00edch koupelen&nbsp;a ocen\u00edte ji zejm\u00e9na v&nbsp;panel\u00e1kov\u00fdch bytech, kde d\u00edky sv\u00e9 hloubce nezabere tolik m\u00edsta.<span>&nbsp;<strong>N<\/strong><\/span><strong>aopak&nbsp;v\u00e1m poskytne drahocenn\u00fd \u00falo\u017en\u00fd prostor<\/strong>.<\/p>\n<h2><strong>Parametry<\/strong><\/h2>\n<p><meta charset=\"utf-8\" \/><span>Umyvadlov\u00e1 sk\u0159\u00ed\u0148ka&nbsp;<\/span><strong>TAKE IT SZZ 75<\/strong><span>&nbsp;<\/span><span>m\u00e1 jednu velkou z\u00e1suvku s&nbsp;tlumen\u00fdm dov\u00edr\u00e1n\u00edm, kter\u00e9 zaru\u010duje zna\u010dkov\u00e9<\/span><span>&nbsp;<\/span><strong>kov\u00e1n\u00ed Hettich<\/strong><span>.<\/span><span>&nbsp;Pokud je v\u00e1m jedna z\u00e1suvka m\u00e1lo, m\u016f\u017eete si objednat verzi se&nbsp;<\/span>dv\u011bma z\u00e1suvkami<span>.<\/span><\/p>\n<p>Barvu d\u0159evodekor\u016f vyb\u00edrejte ZDE\u2193<\/p>\n<\/p>\n<p><meta charset=\"utf-8\" \/><span>Z\u00e1suvka se otev\u00edr\u00e1 pomoc\u00ed \u00fachytek, vyb\u00edrat m\u016f\u017eete ze sedmi&nbsp;druh\u016f<\/span>:<\/p>\n<ul>\n<li>T01 &#8211; obl\u00e1 \u00fachytka s matn\u00fdm povrchem<\/li>\n<li>T02 &#8211; elegantn\u00ed kovov\u00e1 \u00fachytka vyroben\u00e1 z ocele<\/li>\n<li>T03 &#8211; hranat\u00e1 \u00fachytka s pochromovan\u00fdm povrchem<\/li>\n<li>T04 &#8211; \u00fachytka s pochromovan\u00fdm a bly\u0161tiv\u00fdm povrchem<\/li>\n<li>T05 &#8211; chromovan\u00e1 \u00fachytka<\/li>\n<li>T06 &#8211; tmav\u00e1 \u00fachytka<\/li>\n<li>T07 &#8211; \u010dern\u00e1 mat<\/li>\n<\/ul>\n<h3><strong>Umyvadlo<\/strong><\/h3>\n<p><span>Cena sk\u0159\u00ed\u0148ky zahrnuje elegantn\u00ed keramick\u00e9&nbsp;<\/span>umyvadlo Dreja Plus 75&nbsp;s v\u00fdjime\u010dn\u00fdmi tvary, kter\u00e9 vnesou do va\u0161\u00ed koupelny pot\u0159ebnou d\u00e1vku sv\u011b\u017eesti a pohybu. Umyvadlo je velmi prostorn\u00e9 a zaru\u010d\u00ed v\u00e1m dostate\u010dn\u00fd komfort p\u0159i b\u011b\u017en\u00e9 hygien\u011b.<\/p>\n<h3><strong>Povrchov\u00e9 \u00fapravy<\/strong><\/h3>\n<p>Vyb\u00edrat m\u016f\u017eete z&nbsp;klasick\u00fdch dekor\u016f, nebo elegantn\u00edch d\u0159evodekor\u016f, kter\u00e9 prom\u011bn\u00ed va\u0161i koupelnu v&nbsp;\u00fatuln\u00fd a p\u0159\u00edjemn\u00fd prostor.&nbsp;<\/p>\n<h2><strong>V\u00fdhody sk\u0159\u00ed\u0148ky<\/strong><\/h2>\n<ul>\n<li>Na umyvadlovou sk\u0159\u00ed\u0148ku a umyvadlo se vztahuje<span>&nbsp;<\/span><strong>prodlou\u017een\u00e1 z\u00e1ruka 5 let<\/strong>.<\/li>\n<li>Dv\u00ed\u0159ka sk\u0159\u00ed\u0148ky jsou usazena na&nbsp;zna\u010dkov\u00e9mu kov\u00e1n\u00ed Hettich.<\/li>\n<li><strong>Na kov\u00e1n\u00ed d\u00e1v\u00e1me do\u017eivotn\u00ed z\u00e1ruku<\/strong>.<\/li>\n<li>Sou\u010d\u00e1st\u00ed ceny sk\u0159\u00ed\u0148ky je elegantn\u011b tvarovan\u00e9 umyvadlo Dreja Plus 75.<\/li>\n<li>Sk\u0159\u00ed\u0148ka m\u00e1 sn\u00ed\u017eenou hloubku, d\u00edky tomu je vhodn\u00e1 do men\u0161\u00edch koupelen.<\/li>\n<\/ul>\n<p>&nbsp;<\/p>\n<p><meta charset=\"utf-8\" \/><\/p>\n<p>&nbsp;<\/p>\n<p><strong>Upozorn\u011bn\u00ed pro z\u00e1kazn\u00edky ke koupi produkt\u016f na objedn\u00e1n\u00ed:<\/strong><span>&nbsp;Toto zbo\u017e\u00ed nen\u00ed standardn\u00edm s\u00e9riov\u00fdm v\u00fdrobkem. Bude vyrobeno na p\u0159\u00e1n\u00ed z\u00e1kazn\u00edka a proto jej&nbsp;<\/span><strong>nelze dodavateli v z\u00e1konn\u00e9 lh\u016ft\u011b vr\u00e1tit<\/strong><span>. (viz \u00a71837 odst.d, ob\u010dansk\u00e9ho z\u00e1kon\u00edku). V tomto p\u0159\u00edpad\u011b m\u016f\u017eeme po\u017eadovat nevratnou z\u00e1lohu a\u017e do v\u00fd\u0161e 100 % z ceny v\u00fdrobku.<\/span><\/p>\n<\/p><\/div>\n","protected":false},"excerpt":{"rendered":"<p>Detailn\u00ed popis produktu Hled\u00e1te praktickou a prostornou umyvadlovou sk\u0159\u00ed\u0148ku s&nbsp;elegantn\u00edm a designov\u00fdm umyvadlem? Vsa\u010fte na kolekci&nbsp;TAKE IT, kter\u00e1 krom\u011b jedno a dvouz\u00e1suvkov\u00e9ho proveden\u00ed nab\u00edz\u00ed dve\u0159ovou variantu. Umyvadlov\u00e1&nbsp;sk\u0159\u00ed\u0148ka&nbsp;TAKE IT SZZ 75&nbsp;je ur\u010den\u00e1 p\u0159edev\u0161\u00edm do men\u0161\u00edch koupelen&nbsp;a ocen\u00edte ji zejm\u00e9na v&nbsp;panel\u00e1kov\u00fdch bytech, kde d\u00edky sv\u00e9 hloubce nezabere tolik m\u00edsta.&nbsp;Naopak&nbsp;v\u00e1m poskytne drahocenn\u00fd \u00falo\u017en\u00fd prostor. Parametry Umyvadlov\u00e1 sk\u0159\u00ed\u0148ka&nbsp;TAKE IT [&hellip;]<\/p>\n","protected":false},"featured_media":35271,"comment_status":"open","ping_status":"open","template":"","meta":[],"product_brand":[],"product_cat":[76],"product_tag":[],"class_list":{"0":"post-35171","1":"product","2":"type-product","3":"status-publish","4":"has-post-thumbnail","6":"product_cat-koupelnovy-nabytek","8":"first","9":"instock","10":"sale","11":"shipping-taxable","12":"purchasable","13":"product-type-simple"},"yoast_head":"<!-- This site is optimized with the Yoast SEO plugin v26.8 - https:\/\/yoast.com\/product\/yoast-seo-wordpress\/ -->\n<title>Hork\u00e1 Nab\u00eddka D\u0159evojas Koupelnov\u00e1 sk\u0159\u00ed\u0148ka s umyvadlem TAKE IT SZZ 75 -<\/title>\n<meta name=\"robots\" content=\"index, follow, max-snippet:-1, max-image-preview:large, max-video-preview:-1\" \/>\n<link rel=\"canonical\" href=\"https:\/\/www.domkraftpro.com\/index.php\/produkt\/horka-nabidka-drevojas-koupelnova-skrinka-s-umyvadlem-take-it-szz-75-35171\/\" \/>\n<meta property=\"og:locale\" content=\"cs_CZ\" \/>\n<meta property=\"og:type\" content=\"article\" \/>\n<meta property=\"og:title\" content=\"Hork\u00e1 Nab\u00eddka D\u0159evojas Koupelnov\u00e1 sk\u0159\u00ed\u0148ka s umyvadlem TAKE IT SZZ 75 -\" \/>\n<meta property=\"og:description\" content=\"Detailn\u00ed popis produktu Hled\u00e1te praktickou a prostornou umyvadlovou sk\u0159\u00ed\u0148ku s&nbsp;elegantn\u00edm a designov\u00fdm umyvadlem? Vsa\u010fte na kolekci&nbsp;TAKE IT, kter\u00e1 krom\u011b jedno a dvouz\u00e1suvkov\u00e9ho proveden\u00ed nab\u00edz\u00ed dve\u0159ovou variantu. Umyvadlov\u00e1&nbsp;sk\u0159\u00ed\u0148ka&nbsp;TAKE IT SZZ 75&nbsp;je ur\u010den\u00e1 p\u0159edev\u0161\u00edm do men\u0161\u00edch koupelen&nbsp;a ocen\u00edte ji zejm\u00e9na v&nbsp;panel\u00e1kov\u00fdch bytech, kde d\u00edky sv\u00e9 hloubce nezabere tolik m\u00edsta.&nbsp;Naopak&nbsp;v\u00e1m poskytne drahocenn\u00fd \u00falo\u017en\u00fd prostor. Parametry Umyvadlov\u00e1 sk\u0159\u00ed\u0148ka&nbsp;TAKE IT [&hellip;]\" \/>\n<meta property=\"og:url\" content=\"https:\/\/www.domkraftpro.com\/index.php\/produkt\/horka-nabidka-drevojas-koupelnova-skrinka-s-umyvadlem-take-it-szz-75-35171\/\" \/>\n<meta property=\"og:image\" content=\"https:\/\/www.domkraftpro.com\/wp-content\/uploads\/2026\/SK0006959-CZ20260425-093631-0-1777080994-220203_drevojas-koupelnova-skrinka-take-it-szz-75.webp\" \/>\n\t<meta property=\"og:image:width\" content=\"1000\" \/>\n\t<meta property=\"og:image:height\" content=\"750\" \/>\n\t<meta property=\"og:image:type\" content=\"image\/webp\" \/>\n<meta name=\"twitter:card\" content=\"summary_large_image\" \/>\n<meta name=\"twitter:label1\" content=\"Odhadovan\u00e1 doba \u010dten\u00ed\" \/>\n\t<meta name=\"twitter:data1\" content=\"2 minuty\" \/>\n<script type=\"application\/ld+json\" class=\"yoast-schema-graph\">{\"@context\":\"https:\/\/schema.org\",\"@graph\":[{\"@type\":\"WebPage\",\"@id\":\"https:\/\/www.domkraftpro.com\/index.php\/produkt\/horka-nabidka-drevojas-koupelnova-skrinka-s-umyvadlem-take-it-szz-75-35171\/\",\"url\":\"https:\/\/www.domkraftpro.com\/index.php\/produkt\/horka-nabidka-drevojas-koupelnova-skrinka-s-umyvadlem-take-it-szz-75-35171\/\",\"name\":\"Hork\u00e1 Nab\u00eddka D\u0159evojas Koupelnov\u00e1 sk\u0159\u00ed\u0148ka s umyvadlem TAKE IT SZZ 75 -\",\"isPartOf\":{\"@id\":\"https:\/\/www.domkraftpro.com\/#website\"},\"primaryImageOfPage\":{\"@id\":\"https:\/\/www.domkraftpro.com\/index.php\/produkt\/horka-nabidka-drevojas-koupelnova-skrinka-s-umyvadlem-take-it-szz-75-35171\/#primaryimage\"},\"image\":{\"@id\":\"https:\/\/www.domkraftpro.com\/index.php\/produkt\/horka-nabidka-drevojas-koupelnova-skrinka-s-umyvadlem-take-it-szz-75-35171\/#primaryimage\"},\"thumbnailUrl\":\"https:\/\/www.domkraftpro.com\/wp-content\/uploads\/2026\/SK0006959-CZ20260425-093631-0-1777080994-220203_drevojas-koupelnova-skrinka-take-it-szz-75.webp\",\"datePublished\":\"2026-04-27T04:41:56+00:00\",\"breadcrumb\":{\"@id\":\"https:\/\/www.domkraftpro.com\/index.php\/produkt\/horka-nabidka-drevojas-koupelnova-skrinka-s-umyvadlem-take-it-szz-75-35171\/#breadcrumb\"},\"inLanguage\":\"cs\",\"potentialAction\":[{\"@type\":\"ReadAction\",\"target\":[\"https:\/\/www.domkraftpro.com\/index.php\/produkt\/horka-nabidka-drevojas-koupelnova-skrinka-s-umyvadlem-take-it-szz-75-35171\/\"]}]},{\"@type\":\"ImageObject\",\"inLanguage\":\"cs\",\"@id\":\"https:\/\/www.domkraftpro.com\/index.php\/produkt\/horka-nabidka-drevojas-koupelnova-skrinka-s-umyvadlem-take-it-szz-75-35171\/#primaryimage\",\"url\":\"https:\/\/www.domkraftpro.com\/wp-content\/uploads\/2026\/SK0006959-CZ20260425-093631-0-1777080994-220203_drevojas-koupelnova-skrinka-take-it-szz-75.webp\",\"contentUrl\":\"https:\/\/www.domkraftpro.com\/wp-content\/uploads\/2026\/SK0006959-CZ20260425-093631-0-1777080994-220203_drevojas-koupelnova-skrinka-take-it-szz-75.webp\",\"width\":1000,\"height\":750},{\"@type\":\"BreadcrumbList\",\"@id\":\"https:\/\/www.domkraftpro.com\/index.php\/produkt\/horka-nabidka-drevojas-koupelnova-skrinka-s-umyvadlem-take-it-szz-75-35171\/#breadcrumb\",\"itemListElement\":[{\"@type\":\"ListItem\",\"position\":1,\"name\":\"Home\",\"item\":\"https:\/\/www.domkraftpro.com\/\"},{\"@type\":\"ListItem\",\"position\":2,\"name\":\"Products\",\"item\":\"https:\/\/www.domkraftpro.com\/index.php\/products\/\"},{\"@type\":\"ListItem\",\"position\":3,\"name\":\"Hork\u00e1 Nab\u00eddka D\u0159evojas Koupelnov\u00e1 sk\u0159\u00ed\u0148ka s umyvadlem TAKE IT SZZ 75\"}]},{\"@type\":\"WebSite\",\"@id\":\"https:\/\/www.domkraftpro.com\/#website\",\"url\":\"https:\/\/www.domkraftpro.com\/\",\"name\":\"\",\"description\":\"\",\"potentialAction\":[{\"@type\":\"SearchAction\",\"target\":{\"@type\":\"EntryPoint\",\"urlTemplate\":\"https:\/\/www.domkraftpro.com\/?s={search_term_string}\"},\"query-input\":{\"@type\":\"PropertyValueSpecification\",\"valueRequired\":true,\"valueName\":\"search_term_string\"}}],\"inLanguage\":\"cs\"}]}<\/script>\n<!-- \/ Yoast SEO plugin. -->","yoast_head_json":{"title":"Hork\u00e1 Nab\u00eddka D\u0159evojas Koupelnov\u00e1 sk\u0159\u00ed\u0148ka s umyvadlem TAKE IT SZZ 75 -","robots":{"index":"index","follow":"follow","max-snippet":"max-snippet:-1","max-image-preview":"max-image-preview:large","max-video-preview":"max-video-preview:-1"},"canonical":"https:\/\/www.domkraftpro.com\/index.php\/produkt\/horka-nabidka-drevojas-koupelnova-skrinka-s-umyvadlem-take-it-szz-75-35171\/","og_locale":"cs_CZ","og_type":"article","og_title":"Hork\u00e1 Nab\u00eddka D\u0159evojas Koupelnov\u00e1 sk\u0159\u00ed\u0148ka s umyvadlem TAKE IT SZZ 75 -","og_description":"Detailn\u00ed popis produktu Hled\u00e1te praktickou a prostornou umyvadlovou sk\u0159\u00ed\u0148ku s&nbsp;elegantn\u00edm a designov\u00fdm umyvadlem? Vsa\u010fte na kolekci&nbsp;TAKE IT, kter\u00e1 krom\u011b jedno a dvouz\u00e1suvkov\u00e9ho proveden\u00ed nab\u00edz\u00ed dve\u0159ovou variantu. Umyvadlov\u00e1&nbsp;sk\u0159\u00ed\u0148ka&nbsp;TAKE IT SZZ 75&nbsp;je ur\u010den\u00e1 p\u0159edev\u0161\u00edm do men\u0161\u00edch koupelen&nbsp;a ocen\u00edte ji zejm\u00e9na v&nbsp;panel\u00e1kov\u00fdch bytech, kde d\u00edky sv\u00e9 hloubce nezabere tolik m\u00edsta.&nbsp;Naopak&nbsp;v\u00e1m poskytne drahocenn\u00fd \u00falo\u017en\u00fd prostor. Parametry Umyvadlov\u00e1 sk\u0159\u00ed\u0148ka&nbsp;TAKE IT [&hellip;]","og_url":"https:\/\/www.domkraftpro.com\/index.php\/produkt\/horka-nabidka-drevojas-koupelnova-skrinka-s-umyvadlem-take-it-szz-75-35171\/","og_image":[{"width":1000,"height":750,"url":"https:\/\/www.domkraftpro.com\/wp-content\/uploads\/2026\/SK0006959-CZ20260425-093631-0-1777080994-220203_drevojas-koupelnova-skrinka-take-it-szz-75.webp","type":"image\/webp"}],"twitter_card":"summary_large_image","twitter_misc":{"Odhadovan\u00e1 doba \u010dten\u00ed":"2 minuty"},"schema":{"@context":"https:\/\/schema.org","@graph":[{"@type":"WebPage","@id":"https:\/\/www.domkraftpro.com\/index.php\/produkt\/horka-nabidka-drevojas-koupelnova-skrinka-s-umyvadlem-take-it-szz-75-35171\/","url":"https:\/\/www.domkraftpro.com\/index.php\/produkt\/horka-nabidka-drevojas-koupelnova-skrinka-s-umyvadlem-take-it-szz-75-35171\/","name":"Hork\u00e1 Nab\u00eddka D\u0159evojas Koupelnov\u00e1 sk\u0159\u00ed\u0148ka s umyvadlem TAKE IT SZZ 75 -","isPartOf":{"@id":"https:\/\/www.domkraftpro.com\/#website"},"primaryImageOfPage":{"@id":"https:\/\/www.domkraftpro.com\/index.php\/produkt\/horka-nabidka-drevojas-koupelnova-skrinka-s-umyvadlem-take-it-szz-75-35171\/#primaryimage"},"image":{"@id":"https:\/\/www.domkraftpro.com\/index.php\/produkt\/horka-nabidka-drevojas-koupelnova-skrinka-s-umyvadlem-take-it-szz-75-35171\/#primaryimage"},"thumbnailUrl":"https:\/\/www.domkraftpro.com\/wp-content\/uploads\/2026\/SK0006959-CZ20260425-093631-0-1777080994-220203_drevojas-koupelnova-skrinka-take-it-szz-75.webp","datePublished":"2026-04-27T04:41:56+00:00","breadcrumb":{"@id":"https:\/\/www.domkraftpro.com\/index.php\/produkt\/horka-nabidka-drevojas-koupelnova-skrinka-s-umyvadlem-take-it-szz-75-35171\/#breadcrumb"},"inLanguage":"cs","potentialAction":[{"@type":"ReadAction","target":["https:\/\/www.domkraftpro.com\/index.php\/produkt\/horka-nabidka-drevojas-koupelnova-skrinka-s-umyvadlem-take-it-szz-75-35171\/"]}]},{"@type":"ImageObject","inLanguage":"cs","@id":"https:\/\/www.domkraftpro.com\/index.php\/produkt\/horka-nabidka-drevojas-koupelnova-skrinka-s-umyvadlem-take-it-szz-75-35171\/#primaryimage","url":"https:\/\/www.domkraftpro.com\/wp-content\/uploads\/2026\/SK0006959-CZ20260425-093631-0-1777080994-220203_drevojas-koupelnova-skrinka-take-it-szz-75.webp","contentUrl":"https:\/\/www.domkraftpro.com\/wp-content\/uploads\/2026\/SK0006959-CZ20260425-093631-0-1777080994-220203_drevojas-koupelnova-skrinka-take-it-szz-75.webp","width":1000,"height":750},{"@type":"BreadcrumbList","@id":"https:\/\/www.domkraftpro.com\/index.php\/produkt\/horka-nabidka-drevojas-koupelnova-skrinka-s-umyvadlem-take-it-szz-75-35171\/#breadcrumb","itemListElement":[{"@type":"ListItem","position":1,"name":"Home","item":"https:\/\/www.domkraftpro.com\/"},{"@type":"ListItem","position":2,"name":"Products","item":"https:\/\/www.domkraftpro.com\/index.php\/products\/"},{"@type":"ListItem","position":3,"name":"Hork\u00e1 Nab\u00eddka D\u0159evojas Koupelnov\u00e1 sk\u0159\u00ed\u0148ka s umyvadlem TAKE IT SZZ 75"}]},{"@type":"WebSite","@id":"https:\/\/www.domkraftpro.com\/#website","url":"https:\/\/www.domkraftpro.com\/","name":"","description":"","potentialAction":[{"@type":"SearchAction","target":{"@type":"EntryPoint","urlTemplate":"https:\/\/www.domkraftpro.com\/?s={search_term_string}"},"query-input":{"@type":"PropertyValueSpecification","valueRequired":true,"valueName":"search_term_string"}}],"inLanguage":"cs"}]}},"_links":{"self":[{"href":"https:\/\/www.domkraftpro.com\/index.php\/wp-json\/wp\/v2\/product\/35171","targetHints":{"allow":["GET"]}}],"collection":[{"href":"https:\/\/www.domkraftpro.com\/index.php\/wp-json\/wp\/v2\/product"}],"about":[{"href":"https:\/\/www.domkraftpro.com\/index.php\/wp-json\/wp\/v2\/types\/product"}],"replies":[{"embeddable":true,"href":"https:\/\/www.domkraftpro.com\/index.php\/wp-json\/wp\/v2\/comments?post=35171"}],"wp:featuredmedia":[{"embeddable":true,"href":"https:\/\/www.domkraftpro.com\/index.php\/wp-json\/wp\/v2\/media\/35271"}],"wp:attachment":[{"href":"https:\/\/www.domkraftpro.com\/index.php\/wp-json\/wp\/v2\/media?parent=35171"}],"wp:term":[{"taxonomy":"product_brand","embeddable":true,"href":"https:\/\/www.domkraftpro.com\/index.php\/wp-json\/wp\/v2\/product_brand?post=35171"},{"taxonomy":"product_cat","embeddable":true,"href":"https:\/\/www.domkraftpro.com\/index.php\/wp-json\/wp\/v2\/product_cat?post=35171"},{"taxonomy":"product_tag","embeddable":true,"href":"https:\/\/www.domkraftpro.com\/index.php\/wp-json\/wp\/v2\/product_tag?post=35171"}],"curies":[{"name":"wp","href":"https:\/\/api.w.org\/{rel}","templated":true}]}}