{"id":35166,"date":"2026-04-27T04:41:56","date_gmt":"2026-04-27T04:41:56","guid":{"rendered":""},"modified":"2026-04-27T04:41:56","modified_gmt":"2026-04-27T04:41:56","slug":"vysoce-kvalitni-sapho-moa-topna-tyc-s-termostatem-a-bluetooth-300-w-cerna-moa-b-300-35166","status":"publish","type":"product","link":"https:\/\/www.domkraftpro.com\/index.php\/produkt\/vysoce-kvalitni-sapho-moa-topna-tyc-s-termostatem-a-bluetooth-300-w-cerna-moa-b-300-35166\/","title":{"rendered":"Vysoce Kvalitn\u00ed Sapho MOA topn\u00e1 ty\u010d s termostatem a bluetooth, 300 W, \u010dern\u00e1 MOA-B-300"},"content":{"rendered":"<div class=\"basic-description\">\n<h3>Detailn\u00ed popis produktu<\/h3>\n<p><\/p>\n<p>MOA-B je elektrick\u00e1 topn\u00e1 ty\u010d s&nbsp;designov\u00fdm termostatem a Bluetooth. Kulat\u00fd design je vhodn\u00fd pro v\u0161echny typy radi\u00e1tor\u016f. Symetrick\u00e9 proveden\u00ed umo\u017e\u0148uje instalaci na levou i pravou stranu radi\u00e1toru.<\/p>\n<p>Funkce:<\/p>\n<ul>\n<li>Zapnout\/vypnout<\/li>\n<li>5stup\u0148ov\u00e9 nastaven\u00ed teploty radi\u00e1toru v&nbsp;rozmez\u00ed od 30-60 \u00b0C teploty kapaliny nebo 15-30 \u00b0C teploty v m\u00edstnosti<\/li>\n<li>Funkce Antifrost proti zamrznut\u00ed kapaliny, pokud teplota klesne pod 5-7 \u00b0C<\/li>\n<li><span>Funkce rychl\u00e9ho oh\u0159evu na 2 hodiny pro vysu\u0161en\u00ed ru\u010dn\u00edk\u016f<\/span><\/li>\n<\/ul>\n<p>&nbsp;Parametry:<\/p>\n<ul>\n<li>Provozn\u00ed nap\u011bt\u00ed: 230 V\/50 Hz<\/li>\n<li>P\u0159ipojovac\u00ed z\u00e1vit: G1\/2&#8243;<\/li>\n<li>I. t\u0159\u00edda ochrany<\/li>\n<li>P\u0159ipojovac\u00ed kabel:&nbsp;spir\u00e1lov\u00fd,&nbsp;\u010dern\u00e1 barva, d\u00e9lka 1,5 m<\/li>\n<li>Dvojn\u00e1sobn\u00e1 ochrana proti p\u0159eh\u0159\u00e1t\u00ed<\/li>\n<li>Ovl\u00e1d\u00e1n\u00ed manu\u00e1ln\u00ed nebo p\u0159es Bluetooth<\/li>\n<\/ul>\n<p>Aplikace umo\u017en\u00ed vytvo\u0159it t\u00fddenn\u00ed harmonogram spou\u0161t\u011bn\u00ed nebo nastavit pokro\u010dil\u00fd \u010dasova\u010d.<\/p>\n<p>&nbsp;&nbsp;&nbsp;<\/p>\n<p>V p\u0159\u00edpad\u011b p\u0159ipojen\u00ed topn\u00e9 ty\u010de do otopn\u00e9ho t\u011blesa&nbsp;<strong>pouze na elektrick\u00e9 vyt\u00e1p\u011bn\u00ed<\/strong>&nbsp;je pot\u0159eba do druh\u00e9 stojny dokoupit z\u00e1slepku.<\/p>\n<h2 class=\"props-title\">Vlastnosti<\/h2>\n<table>\n<tr>\n<th>Zna\u010dka<\/th>\n<td>SAPHO<\/td>\n<\/tr>\n<tr>\n<th>S\u00e9rie<\/th>\n<td>MOA BLUE<\/td>\n<\/tr>\n<tr>\n<th>Barva<\/th>\n<td>\u010cern\u00e1 mat<\/td>\n<\/tr>\n<tr>\n<th>V\u00fdkon<\/th>\n<td>300&nbsp;W<\/td>\n<\/tr>\n<tr>\n<th>Stupe\u0148 kryt\u00ed<\/th>\n<td>IPx5<\/td>\n<\/tr>\n<tr>\n<th>V\u00fdbava<\/th>\n<td>Termostat<\/td>\n<\/tr>\n<tr>\n<th>Hmotnost \/ ks<\/th>\n<td>0.6900&nbsp;kg<\/td>\n<\/tr>\n<tr>\n<th>Balen\u00ed<\/th>\n<td>1&nbsp;ks<\/td>\n<\/tr>\n<tr>\n<th>EAN<\/th>\n<td>8590913899003<\/td>\n<\/tr>\n<tr>\n<th>Taric<\/th>\n<td>85168080<\/td>\n<\/tr>\n<tr>\n<th>Z\u00e1ruka<\/th>\n<td>2 roky<\/td>\n<\/tr>\n<\/table><\/div>\n","protected":false},"excerpt":{"rendered":"<p>Detailn\u00ed popis produktu MOA-B je elektrick\u00e1 topn\u00e1 ty\u010d s&nbsp;designov\u00fdm termostatem a Bluetooth. Kulat\u00fd design je vhodn\u00fd pro v\u0161echny typy radi\u00e1tor\u016f. Symetrick\u00e9 proveden\u00ed umo\u017e\u0148uje instalaci na levou i pravou stranu radi\u00e1toru. Funkce: Zapnout\/vypnout 5stup\u0148ov\u00e9 nastaven\u00ed teploty radi\u00e1toru v&nbsp;rozmez\u00ed od 30-60 \u00b0C teploty kapaliny nebo 15-30 \u00b0C teploty v m\u00edstnosti Funkce Antifrost proti zamrznut\u00ed kapaliny, pokud teplota [&hellip;]<\/p>\n","protected":false},"featured_media":35266,"comment_status":"open","ping_status":"open","template":"","meta":[],"product_brand":[],"product_cat":[114],"product_tag":[],"class_list":{"0":"post-35166","1":"product","2":"type-product","3":"status-publish","4":"has-post-thumbnail","6":"product_cat-vytapeni","8":"first","9":"instock","10":"sale","11":"shipping-taxable","12":"purchasable","13":"product-type-simple"},"yoast_head":"<!-- This site is optimized with the Yoast SEO plugin v26.8 - https:\/\/yoast.com\/product\/yoast-seo-wordpress\/ -->\n<title>Vysoce Kvalitn\u00ed Sapho MOA topn\u00e1 ty\u010d s termostatem a bluetooth, 300 W, \u010dern\u00e1 MOA-B-300 -<\/title>\n<meta name=\"robots\" content=\"index, follow, max-snippet:-1, max-image-preview:large, max-video-preview:-1\" \/>\n<link rel=\"canonical\" href=\"https:\/\/www.domkraftpro.com\/index.php\/produkt\/vysoce-kvalitni-sapho-moa-topna-tyc-s-termostatem-a-bluetooth-300-w-cerna-moa-b-300-35166\/\" \/>\n<meta property=\"og:locale\" content=\"cs_CZ\" \/>\n<meta property=\"og:type\" content=\"article\" \/>\n<meta property=\"og:title\" content=\"Vysoce Kvalitn\u00ed Sapho MOA topn\u00e1 ty\u010d s termostatem a bluetooth, 300 W, \u010dern\u00e1 MOA-B-300 -\" \/>\n<meta property=\"og:description\" content=\"Detailn\u00ed popis produktu MOA-B je elektrick\u00e1 topn\u00e1 ty\u010d s&nbsp;designov\u00fdm termostatem a Bluetooth. Kulat\u00fd design je vhodn\u00fd pro v\u0161echny typy radi\u00e1tor\u016f. Symetrick\u00e9 proveden\u00ed umo\u017e\u0148uje instalaci na levou i pravou stranu radi\u00e1toru. Funkce: Zapnout\/vypnout 5stup\u0148ov\u00e9 nastaven\u00ed teploty radi\u00e1toru v&nbsp;rozmez\u00ed od 30-60 \u00b0C teploty kapaliny nebo 15-30 \u00b0C teploty v m\u00edstnosti Funkce Antifrost proti zamrznut\u00ed kapaliny, pokud teplota [&hellip;]\" \/>\n<meta property=\"og:url\" content=\"https:\/\/www.domkraftpro.com\/index.php\/produkt\/vysoce-kvalitni-sapho-moa-topna-tyc-s-termostatem-a-bluetooth-300-w-cerna-moa-b-300-35166\/\" \/>\n<meta property=\"og:image\" content=\"https:\/\/www.domkraftpro.com\/wp-content\/uploads\/2026\/SK0006954-CZ20260425-093631-0-1777080994-214524_moa-b-300-146471269695837.webp\" \/>\n\t<meta property=\"og:image:width\" content=\"1000\" \/>\n\t<meta property=\"og:image:height\" content=\"750\" \/>\n\t<meta property=\"og:image:type\" content=\"image\/webp\" \/>\n<meta name=\"twitter:card\" content=\"summary_large_image\" \/>\n<meta name=\"twitter:label1\" content=\"Odhadovan\u00e1 doba \u010dten\u00ed\" \/>\n\t<meta name=\"twitter:data1\" content=\"1 minuta\" \/>\n<script type=\"application\/ld+json\" class=\"yoast-schema-graph\">{\"@context\":\"https:\/\/schema.org\",\"@graph\":[{\"@type\":\"WebPage\",\"@id\":\"https:\/\/www.domkraftpro.com\/index.php\/produkt\/vysoce-kvalitni-sapho-moa-topna-tyc-s-termostatem-a-bluetooth-300-w-cerna-moa-b-300-35166\/\",\"url\":\"https:\/\/www.domkraftpro.com\/index.php\/produkt\/vysoce-kvalitni-sapho-moa-topna-tyc-s-termostatem-a-bluetooth-300-w-cerna-moa-b-300-35166\/\",\"name\":\"Vysoce Kvalitn\u00ed Sapho MOA topn\u00e1 ty\u010d s termostatem a bluetooth, 300 W, \u010dern\u00e1 MOA-B-300 -\",\"isPartOf\":{\"@id\":\"https:\/\/www.domkraftpro.com\/#website\"},\"primaryImageOfPage\":{\"@id\":\"https:\/\/www.domkraftpro.com\/index.php\/produkt\/vysoce-kvalitni-sapho-moa-topna-tyc-s-termostatem-a-bluetooth-300-w-cerna-moa-b-300-35166\/#primaryimage\"},\"image\":{\"@id\":\"https:\/\/www.domkraftpro.com\/index.php\/produkt\/vysoce-kvalitni-sapho-moa-topna-tyc-s-termostatem-a-bluetooth-300-w-cerna-moa-b-300-35166\/#primaryimage\"},\"thumbnailUrl\":\"https:\/\/www.domkraftpro.com\/wp-content\/uploads\/2026\/SK0006954-CZ20260425-093631-0-1777080994-214524_moa-b-300-146471269695837.webp\",\"datePublished\":\"2026-04-27T04:41:56+00:00\",\"breadcrumb\":{\"@id\":\"https:\/\/www.domkraftpro.com\/index.php\/produkt\/vysoce-kvalitni-sapho-moa-topna-tyc-s-termostatem-a-bluetooth-300-w-cerna-moa-b-300-35166\/#breadcrumb\"},\"inLanguage\":\"cs\",\"potentialAction\":[{\"@type\":\"ReadAction\",\"target\":[\"https:\/\/www.domkraftpro.com\/index.php\/produkt\/vysoce-kvalitni-sapho-moa-topna-tyc-s-termostatem-a-bluetooth-300-w-cerna-moa-b-300-35166\/\"]}]},{\"@type\":\"ImageObject\",\"inLanguage\":\"cs\",\"@id\":\"https:\/\/www.domkraftpro.com\/index.php\/produkt\/vysoce-kvalitni-sapho-moa-topna-tyc-s-termostatem-a-bluetooth-300-w-cerna-moa-b-300-35166\/#primaryimage\",\"url\":\"https:\/\/www.domkraftpro.com\/wp-content\/uploads\/2026\/SK0006954-CZ20260425-093631-0-1777080994-214524_moa-b-300-146471269695837.webp\",\"contentUrl\":\"https:\/\/www.domkraftpro.com\/wp-content\/uploads\/2026\/SK0006954-CZ20260425-093631-0-1777080994-214524_moa-b-300-146471269695837.webp\",\"width\":1000,\"height\":750},{\"@type\":\"BreadcrumbList\",\"@id\":\"https:\/\/www.domkraftpro.com\/index.php\/produkt\/vysoce-kvalitni-sapho-moa-topna-tyc-s-termostatem-a-bluetooth-300-w-cerna-moa-b-300-35166\/#breadcrumb\",\"itemListElement\":[{\"@type\":\"ListItem\",\"position\":1,\"name\":\"Home\",\"item\":\"https:\/\/www.domkraftpro.com\/\"},{\"@type\":\"ListItem\",\"position\":2,\"name\":\"Products\",\"item\":\"https:\/\/www.domkraftpro.com\/index.php\/products\/\"},{\"@type\":\"ListItem\",\"position\":3,\"name\":\"Vysoce Kvalitn\u00ed Sapho MOA topn\u00e1 ty\u010d s termostatem a bluetooth, 300 W, \u010dern\u00e1 MOA-B-300\"}]},{\"@type\":\"WebSite\",\"@id\":\"https:\/\/www.domkraftpro.com\/#website\",\"url\":\"https:\/\/www.domkraftpro.com\/\",\"name\":\"\",\"description\":\"\",\"potentialAction\":[{\"@type\":\"SearchAction\",\"target\":{\"@type\":\"EntryPoint\",\"urlTemplate\":\"https:\/\/www.domkraftpro.com\/?s={search_term_string}\"},\"query-input\":{\"@type\":\"PropertyValueSpecification\",\"valueRequired\":true,\"valueName\":\"search_term_string\"}}],\"inLanguage\":\"cs\"}]}<\/script>\n<!-- \/ Yoast SEO plugin. -->","yoast_head_json":{"title":"Vysoce Kvalitn\u00ed Sapho MOA topn\u00e1 ty\u010d s termostatem a bluetooth, 300 W, \u010dern\u00e1 MOA-B-300 -","robots":{"index":"index","follow":"follow","max-snippet":"max-snippet:-1","max-image-preview":"max-image-preview:large","max-video-preview":"max-video-preview:-1"},"canonical":"https:\/\/www.domkraftpro.com\/index.php\/produkt\/vysoce-kvalitni-sapho-moa-topna-tyc-s-termostatem-a-bluetooth-300-w-cerna-moa-b-300-35166\/","og_locale":"cs_CZ","og_type":"article","og_title":"Vysoce Kvalitn\u00ed Sapho MOA topn\u00e1 ty\u010d s termostatem a bluetooth, 300 W, \u010dern\u00e1 MOA-B-300 -","og_description":"Detailn\u00ed popis produktu MOA-B je elektrick\u00e1 topn\u00e1 ty\u010d s&nbsp;designov\u00fdm termostatem a Bluetooth. Kulat\u00fd design je vhodn\u00fd pro v\u0161echny typy radi\u00e1tor\u016f. Symetrick\u00e9 proveden\u00ed umo\u017e\u0148uje instalaci na levou i pravou stranu radi\u00e1toru. Funkce: Zapnout\/vypnout 5stup\u0148ov\u00e9 nastaven\u00ed teploty radi\u00e1toru v&nbsp;rozmez\u00ed od 30-60 \u00b0C teploty kapaliny nebo 15-30 \u00b0C teploty v m\u00edstnosti Funkce Antifrost proti zamrznut\u00ed kapaliny, pokud teplota [&hellip;]","og_url":"https:\/\/www.domkraftpro.com\/index.php\/produkt\/vysoce-kvalitni-sapho-moa-topna-tyc-s-termostatem-a-bluetooth-300-w-cerna-moa-b-300-35166\/","og_image":[{"width":1000,"height":750,"url":"https:\/\/www.domkraftpro.com\/wp-content\/uploads\/2026\/SK0006954-CZ20260425-093631-0-1777080994-214524_moa-b-300-146471269695837.webp","type":"image\/webp"}],"twitter_card":"summary_large_image","twitter_misc":{"Odhadovan\u00e1 doba \u010dten\u00ed":"1 minuta"},"schema":{"@context":"https:\/\/schema.org","@graph":[{"@type":"WebPage","@id":"https:\/\/www.domkraftpro.com\/index.php\/produkt\/vysoce-kvalitni-sapho-moa-topna-tyc-s-termostatem-a-bluetooth-300-w-cerna-moa-b-300-35166\/","url":"https:\/\/www.domkraftpro.com\/index.php\/produkt\/vysoce-kvalitni-sapho-moa-topna-tyc-s-termostatem-a-bluetooth-300-w-cerna-moa-b-300-35166\/","name":"Vysoce Kvalitn\u00ed Sapho MOA topn\u00e1 ty\u010d s termostatem a bluetooth, 300 W, \u010dern\u00e1 MOA-B-300 -","isPartOf":{"@id":"https:\/\/www.domkraftpro.com\/#website"},"primaryImageOfPage":{"@id":"https:\/\/www.domkraftpro.com\/index.php\/produkt\/vysoce-kvalitni-sapho-moa-topna-tyc-s-termostatem-a-bluetooth-300-w-cerna-moa-b-300-35166\/#primaryimage"},"image":{"@id":"https:\/\/www.domkraftpro.com\/index.php\/produkt\/vysoce-kvalitni-sapho-moa-topna-tyc-s-termostatem-a-bluetooth-300-w-cerna-moa-b-300-35166\/#primaryimage"},"thumbnailUrl":"https:\/\/www.domkraftpro.com\/wp-content\/uploads\/2026\/SK0006954-CZ20260425-093631-0-1777080994-214524_moa-b-300-146471269695837.webp","datePublished":"2026-04-27T04:41:56+00:00","breadcrumb":{"@id":"https:\/\/www.domkraftpro.com\/index.php\/produkt\/vysoce-kvalitni-sapho-moa-topna-tyc-s-termostatem-a-bluetooth-300-w-cerna-moa-b-300-35166\/#breadcrumb"},"inLanguage":"cs","potentialAction":[{"@type":"ReadAction","target":["https:\/\/www.domkraftpro.com\/index.php\/produkt\/vysoce-kvalitni-sapho-moa-topna-tyc-s-termostatem-a-bluetooth-300-w-cerna-moa-b-300-35166\/"]}]},{"@type":"ImageObject","inLanguage":"cs","@id":"https:\/\/www.domkraftpro.com\/index.php\/produkt\/vysoce-kvalitni-sapho-moa-topna-tyc-s-termostatem-a-bluetooth-300-w-cerna-moa-b-300-35166\/#primaryimage","url":"https:\/\/www.domkraftpro.com\/wp-content\/uploads\/2026\/SK0006954-CZ20260425-093631-0-1777080994-214524_moa-b-300-146471269695837.webp","contentUrl":"https:\/\/www.domkraftpro.com\/wp-content\/uploads\/2026\/SK0006954-CZ20260425-093631-0-1777080994-214524_moa-b-300-146471269695837.webp","width":1000,"height":750},{"@type":"BreadcrumbList","@id":"https:\/\/www.domkraftpro.com\/index.php\/produkt\/vysoce-kvalitni-sapho-moa-topna-tyc-s-termostatem-a-bluetooth-300-w-cerna-moa-b-300-35166\/#breadcrumb","itemListElement":[{"@type":"ListItem","position":1,"name":"Home","item":"https:\/\/www.domkraftpro.com\/"},{"@type":"ListItem","position":2,"name":"Products","item":"https:\/\/www.domkraftpro.com\/index.php\/products\/"},{"@type":"ListItem","position":3,"name":"Vysoce Kvalitn\u00ed Sapho MOA topn\u00e1 ty\u010d s termostatem a bluetooth, 300 W, \u010dern\u00e1 MOA-B-300"}]},{"@type":"WebSite","@id":"https:\/\/www.domkraftpro.com\/#website","url":"https:\/\/www.domkraftpro.com\/","name":"","description":"","potentialAction":[{"@type":"SearchAction","target":{"@type":"EntryPoint","urlTemplate":"https:\/\/www.domkraftpro.com\/?s={search_term_string}"},"query-input":{"@type":"PropertyValueSpecification","valueRequired":true,"valueName":"search_term_string"}}],"inLanguage":"cs"}]}},"_links":{"self":[{"href":"https:\/\/www.domkraftpro.com\/index.php\/wp-json\/wp\/v2\/product\/35166","targetHints":{"allow":["GET"]}}],"collection":[{"href":"https:\/\/www.domkraftpro.com\/index.php\/wp-json\/wp\/v2\/product"}],"about":[{"href":"https:\/\/www.domkraftpro.com\/index.php\/wp-json\/wp\/v2\/types\/product"}],"replies":[{"embeddable":true,"href":"https:\/\/www.domkraftpro.com\/index.php\/wp-json\/wp\/v2\/comments?post=35166"}],"wp:featuredmedia":[{"embeddable":true,"href":"https:\/\/www.domkraftpro.com\/index.php\/wp-json\/wp\/v2\/media\/35266"}],"wp:attachment":[{"href":"https:\/\/www.domkraftpro.com\/index.php\/wp-json\/wp\/v2\/media?parent=35166"}],"wp:term":[{"taxonomy":"product_brand","embeddable":true,"href":"https:\/\/www.domkraftpro.com\/index.php\/wp-json\/wp\/v2\/product_brand?post=35166"},{"taxonomy":"product_cat","embeddable":true,"href":"https:\/\/www.domkraftpro.com\/index.php\/wp-json\/wp\/v2\/product_cat?post=35166"},{"taxonomy":"product_tag","embeddable":true,"href":"https:\/\/www.domkraftpro.com\/index.php\/wp-json\/wp\/v2\/product_tag?post=35166"}],"curies":[{"name":"wp","href":"https:\/\/api.w.org\/{rel}","templated":true}]}}