{"id":35153,"date":"2026-04-27T04:41:56","date_gmt":"2026-04-27T04:41:56","guid":{"rendered":""},"modified":"2026-04-27T04:41:56","modified_gmt":"2026-04-27T04:41:56","slug":"znackovy-grohe-get-vanova-nastenna-baterie-chrom-32887000-35153","status":"publish","type":"product","link":"https:\/\/www.domkraftpro.com\/index.php\/produkt\/znackovy-grohe-get-vanova-nastenna-baterie-chrom-32887000-35153\/","title":{"rendered":"Zna\u010dkov\u00fd Grohe Get vanov\u00e1 n\u00e1st\u011bnn\u00e1 baterie, chrom 32887000"},"content":{"rendered":"<div class=\"basic-description\">\n<h3>Detailn\u00ed popis produktu<\/h3>\n<div class=\"detail-text\">\n<div class=\"detail-popis\">\n<p><strong>P\u00e1kov\u00e1 n\u00e1st\u011bnn\u00e1 vanov\u00e1 baterie<\/strong><\/p>\n<ul>\n<li>mont\u00e1\u017e na st\u011bnu<\/li>\n<li>kovov\u00e1 ovl\u00e1dac\u00ed p\u00e1ka<\/li>\n<li><strong>GROHE SilkMove&nbsp;<\/strong>keramick\u00e1 kartu\u0161e 46 mm<\/li>\n<li><strong>GROHE StarLight&nbsp;<\/strong>chromov\u00fd povrch<\/li>\n<li>variabiln\u011b nastaviteln\u00fd omezova\u010d pr\u016ftoku<\/li>\n<li>perl\u00e1tor<\/li>\n<li>automatick\u00e9 p\u0159ep\u00edn\u00e1n\u00ed vana\/sprcha<\/li>\n<li>integrovan\u00e1&nbsp; zp\u011btn\u00e1 klapka ve v\u00fdstupu sprchy<\/li>\n<li>S-p\u0159\u00edpojky<\/li>\n<li>zaji\u0161t\u011bno proti zp\u011btn\u00e9mu toku<\/li>\n<\/ul>\n<\/div>\n<\/div><\/div>\n","protected":false},"excerpt":{"rendered":"<p>Detailn\u00ed popis produktu P\u00e1kov\u00e1 n\u00e1st\u011bnn\u00e1 vanov\u00e1 baterie mont\u00e1\u017e na st\u011bnu kovov\u00e1 ovl\u00e1dac\u00ed p\u00e1ka GROHE SilkMove&nbsp;keramick\u00e1 kartu\u0161e 46 mm GROHE StarLight&nbsp;chromov\u00fd povrch variabiln\u011b nastaviteln\u00fd omezova\u010d pr\u016ftoku perl\u00e1tor automatick\u00e9 p\u0159ep\u00edn\u00e1n\u00ed vana\/sprcha integrovan\u00e1&nbsp; zp\u011btn\u00e1 klapka ve v\u00fdstupu sprchy S-p\u0159\u00edpojky zaji\u0161t\u011bno proti zp\u011btn\u00e9mu toku<\/p>\n","protected":false},"featured_media":35253,"comment_status":"open","ping_status":"open","template":"","meta":[],"product_brand":[],"product_cat":[75],"product_tag":[],"class_list":{"0":"post-35153","1":"product","2":"type-product","3":"status-publish","4":"has-post-thumbnail","6":"product_cat-vodovodni-baterie","8":"first","9":"instock","10":"sale","11":"shipping-taxable","12":"purchasable","13":"product-type-simple"},"yoast_head":"<!-- This site is optimized with the Yoast SEO plugin v26.8 - https:\/\/yoast.com\/product\/yoast-seo-wordpress\/ -->\n<title>Zna\u010dkov\u00fd Grohe Get vanov\u00e1 n\u00e1st\u011bnn\u00e1 baterie, chrom 32887000 -<\/title>\n<meta name=\"robots\" content=\"index, follow, max-snippet:-1, max-image-preview:large, max-video-preview:-1\" \/>\n<link rel=\"canonical\" href=\"https:\/\/www.domkraftpro.com\/index.php\/produkt\/znackovy-grohe-get-vanova-nastenna-baterie-chrom-32887000-35153\/\" \/>\n<meta property=\"og:locale\" content=\"cs_CZ\" \/>\n<meta property=\"og:type\" content=\"article\" \/>\n<meta property=\"og:title\" content=\"Zna\u010dkov\u00fd Grohe Get vanov\u00e1 n\u00e1st\u011bnn\u00e1 baterie, chrom 32887000 -\" \/>\n<meta property=\"og:description\" content=\"Detailn\u00ed popis produktu P\u00e1kov\u00e1 n\u00e1st\u011bnn\u00e1 vanov\u00e1 baterie mont\u00e1\u017e na st\u011bnu kovov\u00e1 ovl\u00e1dac\u00ed p\u00e1ka GROHE SilkMove&nbsp;keramick\u00e1 kartu\u0161e 46 mm GROHE StarLight&nbsp;chromov\u00fd povrch variabiln\u011b nastaviteln\u00fd omezova\u010d pr\u016ftoku perl\u00e1tor automatick\u00e9 p\u0159ep\u00edn\u00e1n\u00ed vana\/sprcha integrovan\u00e1&nbsp; zp\u011btn\u00e1 klapka ve v\u00fdstupu sprchy S-p\u0159\u00edpojky zaji\u0161t\u011bno proti zp\u011btn\u00e9mu toku\" \/>\n<meta property=\"og:url\" content=\"https:\/\/www.domkraftpro.com\/index.php\/produkt\/znackovy-grohe-get-vanova-nastenna-baterie-chrom-32887000-35153\/\" \/>\n<meta property=\"og:image\" content=\"https:\/\/www.domkraftpro.com\/wp-content\/uploads\/2026\/SK0006941-CZ20260425-093631-0-1777080994-203397-1_grohe-get-vanova-nastenna-baterie--chrom-32887000..webp\" \/>\n\t<meta property=\"og:image:width\" content=\"1000\" \/>\n\t<meta property=\"og:image:height\" content=\"750\" \/>\n\t<meta property=\"og:image:type\" content=\"image\/webp\" \/>\n<meta name=\"twitter:card\" content=\"summary_large_image\" \/>\n<script type=\"application\/ld+json\" class=\"yoast-schema-graph\">{\"@context\":\"https:\/\/schema.org\",\"@graph\":[{\"@type\":\"WebPage\",\"@id\":\"https:\/\/www.domkraftpro.com\/index.php\/produkt\/znackovy-grohe-get-vanova-nastenna-baterie-chrom-32887000-35153\/\",\"url\":\"https:\/\/www.domkraftpro.com\/index.php\/produkt\/znackovy-grohe-get-vanova-nastenna-baterie-chrom-32887000-35153\/\",\"name\":\"Zna\u010dkov\u00fd Grohe Get vanov\u00e1 n\u00e1st\u011bnn\u00e1 baterie, chrom 32887000 -\",\"isPartOf\":{\"@id\":\"https:\/\/www.domkraftpro.com\/#website\"},\"primaryImageOfPage\":{\"@id\":\"https:\/\/www.domkraftpro.com\/index.php\/produkt\/znackovy-grohe-get-vanova-nastenna-baterie-chrom-32887000-35153\/#primaryimage\"},\"image\":{\"@id\":\"https:\/\/www.domkraftpro.com\/index.php\/produkt\/znackovy-grohe-get-vanova-nastenna-baterie-chrom-32887000-35153\/#primaryimage\"},\"thumbnailUrl\":\"https:\/\/www.domkraftpro.com\/wp-content\/uploads\/2026\/SK0006941-CZ20260425-093631-0-1777080994-203397-1_grohe-get-vanova-nastenna-baterie--chrom-32887000..webp\",\"datePublished\":\"2026-04-27T04:41:56+00:00\",\"breadcrumb\":{\"@id\":\"https:\/\/www.domkraftpro.com\/index.php\/produkt\/znackovy-grohe-get-vanova-nastenna-baterie-chrom-32887000-35153\/#breadcrumb\"},\"inLanguage\":\"cs\",\"potentialAction\":[{\"@type\":\"ReadAction\",\"target\":[\"https:\/\/www.domkraftpro.com\/index.php\/produkt\/znackovy-grohe-get-vanova-nastenna-baterie-chrom-32887000-35153\/\"]}]},{\"@type\":\"ImageObject\",\"inLanguage\":\"cs\",\"@id\":\"https:\/\/www.domkraftpro.com\/index.php\/produkt\/znackovy-grohe-get-vanova-nastenna-baterie-chrom-32887000-35153\/#primaryimage\",\"url\":\"https:\/\/www.domkraftpro.com\/wp-content\/uploads\/2026\/SK0006941-CZ20260425-093631-0-1777080994-203397-1_grohe-get-vanova-nastenna-baterie--chrom-32887000..webp\",\"contentUrl\":\"https:\/\/www.domkraftpro.com\/wp-content\/uploads\/2026\/SK0006941-CZ20260425-093631-0-1777080994-203397-1_grohe-get-vanova-nastenna-baterie--chrom-32887000..webp\",\"width\":1000,\"height\":750},{\"@type\":\"BreadcrumbList\",\"@id\":\"https:\/\/www.domkraftpro.com\/index.php\/produkt\/znackovy-grohe-get-vanova-nastenna-baterie-chrom-32887000-35153\/#breadcrumb\",\"itemListElement\":[{\"@type\":\"ListItem\",\"position\":1,\"name\":\"Home\",\"item\":\"https:\/\/www.domkraftpro.com\/\"},{\"@type\":\"ListItem\",\"position\":2,\"name\":\"Products\",\"item\":\"https:\/\/www.domkraftpro.com\/index.php\/products\/\"},{\"@type\":\"ListItem\",\"position\":3,\"name\":\"Zna\u010dkov\u00fd Grohe Get vanov\u00e1 n\u00e1st\u011bnn\u00e1 baterie, chrom 32887000\"}]},{\"@type\":\"WebSite\",\"@id\":\"https:\/\/www.domkraftpro.com\/#website\",\"url\":\"https:\/\/www.domkraftpro.com\/\",\"name\":\"\",\"description\":\"\",\"potentialAction\":[{\"@type\":\"SearchAction\",\"target\":{\"@type\":\"EntryPoint\",\"urlTemplate\":\"https:\/\/www.domkraftpro.com\/?s={search_term_string}\"},\"query-input\":{\"@type\":\"PropertyValueSpecification\",\"valueRequired\":true,\"valueName\":\"search_term_string\"}}],\"inLanguage\":\"cs\"}]}<\/script>\n<!-- \/ Yoast SEO plugin. -->","yoast_head_json":{"title":"Zna\u010dkov\u00fd Grohe Get vanov\u00e1 n\u00e1st\u011bnn\u00e1 baterie, chrom 32887000 -","robots":{"index":"index","follow":"follow","max-snippet":"max-snippet:-1","max-image-preview":"max-image-preview:large","max-video-preview":"max-video-preview:-1"},"canonical":"https:\/\/www.domkraftpro.com\/index.php\/produkt\/znackovy-grohe-get-vanova-nastenna-baterie-chrom-32887000-35153\/","og_locale":"cs_CZ","og_type":"article","og_title":"Zna\u010dkov\u00fd Grohe Get vanov\u00e1 n\u00e1st\u011bnn\u00e1 baterie, chrom 32887000 -","og_description":"Detailn\u00ed popis produktu P\u00e1kov\u00e1 n\u00e1st\u011bnn\u00e1 vanov\u00e1 baterie mont\u00e1\u017e na st\u011bnu kovov\u00e1 ovl\u00e1dac\u00ed p\u00e1ka GROHE SilkMove&nbsp;keramick\u00e1 kartu\u0161e 46 mm GROHE StarLight&nbsp;chromov\u00fd povrch variabiln\u011b nastaviteln\u00fd omezova\u010d pr\u016ftoku perl\u00e1tor automatick\u00e9 p\u0159ep\u00edn\u00e1n\u00ed vana\/sprcha integrovan\u00e1&nbsp; zp\u011btn\u00e1 klapka ve v\u00fdstupu sprchy S-p\u0159\u00edpojky zaji\u0161t\u011bno proti zp\u011btn\u00e9mu toku","og_url":"https:\/\/www.domkraftpro.com\/index.php\/produkt\/znackovy-grohe-get-vanova-nastenna-baterie-chrom-32887000-35153\/","og_image":[{"width":1000,"height":750,"url":"https:\/\/www.domkraftpro.com\/wp-content\/uploads\/2026\/SK0006941-CZ20260425-093631-0-1777080994-203397-1_grohe-get-vanova-nastenna-baterie--chrom-32887000..webp","type":"image\/webp"}],"twitter_card":"summary_large_image","schema":{"@context":"https:\/\/schema.org","@graph":[{"@type":"WebPage","@id":"https:\/\/www.domkraftpro.com\/index.php\/produkt\/znackovy-grohe-get-vanova-nastenna-baterie-chrom-32887000-35153\/","url":"https:\/\/www.domkraftpro.com\/index.php\/produkt\/znackovy-grohe-get-vanova-nastenna-baterie-chrom-32887000-35153\/","name":"Zna\u010dkov\u00fd Grohe Get vanov\u00e1 n\u00e1st\u011bnn\u00e1 baterie, chrom 32887000 -","isPartOf":{"@id":"https:\/\/www.domkraftpro.com\/#website"},"primaryImageOfPage":{"@id":"https:\/\/www.domkraftpro.com\/index.php\/produkt\/znackovy-grohe-get-vanova-nastenna-baterie-chrom-32887000-35153\/#primaryimage"},"image":{"@id":"https:\/\/www.domkraftpro.com\/index.php\/produkt\/znackovy-grohe-get-vanova-nastenna-baterie-chrom-32887000-35153\/#primaryimage"},"thumbnailUrl":"https:\/\/www.domkraftpro.com\/wp-content\/uploads\/2026\/SK0006941-CZ20260425-093631-0-1777080994-203397-1_grohe-get-vanova-nastenna-baterie--chrom-32887000..webp","datePublished":"2026-04-27T04:41:56+00:00","breadcrumb":{"@id":"https:\/\/www.domkraftpro.com\/index.php\/produkt\/znackovy-grohe-get-vanova-nastenna-baterie-chrom-32887000-35153\/#breadcrumb"},"inLanguage":"cs","potentialAction":[{"@type":"ReadAction","target":["https:\/\/www.domkraftpro.com\/index.php\/produkt\/znackovy-grohe-get-vanova-nastenna-baterie-chrom-32887000-35153\/"]}]},{"@type":"ImageObject","inLanguage":"cs","@id":"https:\/\/www.domkraftpro.com\/index.php\/produkt\/znackovy-grohe-get-vanova-nastenna-baterie-chrom-32887000-35153\/#primaryimage","url":"https:\/\/www.domkraftpro.com\/wp-content\/uploads\/2026\/SK0006941-CZ20260425-093631-0-1777080994-203397-1_grohe-get-vanova-nastenna-baterie--chrom-32887000..webp","contentUrl":"https:\/\/www.domkraftpro.com\/wp-content\/uploads\/2026\/SK0006941-CZ20260425-093631-0-1777080994-203397-1_grohe-get-vanova-nastenna-baterie--chrom-32887000..webp","width":1000,"height":750},{"@type":"BreadcrumbList","@id":"https:\/\/www.domkraftpro.com\/index.php\/produkt\/znackovy-grohe-get-vanova-nastenna-baterie-chrom-32887000-35153\/#breadcrumb","itemListElement":[{"@type":"ListItem","position":1,"name":"Home","item":"https:\/\/www.domkraftpro.com\/"},{"@type":"ListItem","position":2,"name":"Products","item":"https:\/\/www.domkraftpro.com\/index.php\/products\/"},{"@type":"ListItem","position":3,"name":"Zna\u010dkov\u00fd Grohe Get vanov\u00e1 n\u00e1st\u011bnn\u00e1 baterie, chrom 32887000"}]},{"@type":"WebSite","@id":"https:\/\/www.domkraftpro.com\/#website","url":"https:\/\/www.domkraftpro.com\/","name":"","description":"","potentialAction":[{"@type":"SearchAction","target":{"@type":"EntryPoint","urlTemplate":"https:\/\/www.domkraftpro.com\/?s={search_term_string}"},"query-input":{"@type":"PropertyValueSpecification","valueRequired":true,"valueName":"search_term_string"}}],"inLanguage":"cs"}]}},"_links":{"self":[{"href":"https:\/\/www.domkraftpro.com\/index.php\/wp-json\/wp\/v2\/product\/35153","targetHints":{"allow":["GET"]}}],"collection":[{"href":"https:\/\/www.domkraftpro.com\/index.php\/wp-json\/wp\/v2\/product"}],"about":[{"href":"https:\/\/www.domkraftpro.com\/index.php\/wp-json\/wp\/v2\/types\/product"}],"replies":[{"embeddable":true,"href":"https:\/\/www.domkraftpro.com\/index.php\/wp-json\/wp\/v2\/comments?post=35153"}],"wp:featuredmedia":[{"embeddable":true,"href":"https:\/\/www.domkraftpro.com\/index.php\/wp-json\/wp\/v2\/media\/35253"}],"wp:attachment":[{"href":"https:\/\/www.domkraftpro.com\/index.php\/wp-json\/wp\/v2\/media?parent=35153"}],"wp:term":[{"taxonomy":"product_brand","embeddable":true,"href":"https:\/\/www.domkraftpro.com\/index.php\/wp-json\/wp\/v2\/product_brand?post=35153"},{"taxonomy":"product_cat","embeddable":true,"href":"https:\/\/www.domkraftpro.com\/index.php\/wp-json\/wp\/v2\/product_cat?post=35153"},{"taxonomy":"product_tag","embeddable":true,"href":"https:\/\/www.domkraftpro.com\/index.php\/wp-json\/wp\/v2\/product_tag?post=35153"}],"curies":[{"name":"wp","href":"https:\/\/api.w.org\/{rel}","templated":true}]}}