{"id":35143,"date":"2026-04-27T04:41:56","date_gmt":"2026-04-27T04:41:56","guid":{"rendered":""},"modified":"2026-04-27T04:41:56","modified_gmt":"2026-04-27T04:41:56","slug":"znackovy-grohe-get-drezova-baterie-chrom-30196000-35143","status":"publish","type":"product","link":"https:\/\/www.domkraftpro.com\/index.php\/produkt\/znackovy-grohe-get-drezova-baterie-chrom-30196000-35143\/","title":{"rendered":"Zna\u010dkov\u00fd Grohe Get d\u0159ezov\u00e1 baterie, chrom 30196000"},"content":{"rendered":"<div class=\"basic-description\">\n<h3>Detailn\u00ed popis produktu<\/h3>\n<p><strong>P\u00e1kov\u00e1 d\u0159ezov\u00e1 baterie, DN 15<\/strong><\/p>\n<ul>\n<li>st\u0159edov\u00e1 v\u00fdpus\u0165<\/li>\n<li>jednootvorov\u00e1 mont\u00e1\u017e<\/li>\n<li><strong>GROHE StarLight<\/strong><span>&nbsp;<\/span>chromov\u00fd povrch<\/li>\n<li><strong>GROHE SilkMove<\/strong><span>&nbsp;<\/span>keramick\u00e1 kartu\u0161e 35 mm<\/li>\n<li>variabiln\u011b nastaviteln\u00fd omezova\u010d pr\u016ftoku<\/li>\n<li>oto\u010dn\u00e1 v\u00fdpus\u0165, oto\u010dn\u00fd \u00fahel 140\u00b0<\/li>\n<li>perl\u00e1tor&nbsp;<\/li>\n<li>flexi p\u0159ipojovac\u00ed hadi\u010dky<\/li>\n<li><strong>GROHE QuickFix&nbsp;<\/strong>rychlomont\u00e1\u017en\u00ed syst\u00e9m<\/li>\n<\/ul><\/div>\n","protected":false},"excerpt":{"rendered":"<p>Detailn\u00ed popis produktu P\u00e1kov\u00e1 d\u0159ezov\u00e1 baterie, DN 15 st\u0159edov\u00e1 v\u00fdpus\u0165 jednootvorov\u00e1 mont\u00e1\u017e GROHE StarLight&nbsp;chromov\u00fd povrch GROHE SilkMove&nbsp;keramick\u00e1 kartu\u0161e 35 mm variabiln\u011b nastaviteln\u00fd omezova\u010d pr\u016ftoku oto\u010dn\u00e1 v\u00fdpus\u0165, oto\u010dn\u00fd \u00fahel 140\u00b0 perl\u00e1tor&nbsp; flexi p\u0159ipojovac\u00ed hadi\u010dky GROHE QuickFix&nbsp;rychlomont\u00e1\u017en\u00ed syst\u00e9m<\/p>\n","protected":false},"featured_media":35243,"comment_status":"open","ping_status":"open","template":"","meta":[],"product_brand":[],"product_cat":[75],"product_tag":[],"class_list":{"0":"post-35143","1":"product","2":"type-product","3":"status-publish","4":"has-post-thumbnail","6":"product_cat-vodovodni-baterie","8":"first","9":"instock","10":"sale","11":"shipping-taxable","12":"purchasable","13":"product-type-simple"},"yoast_head":"<!-- This site is optimized with the Yoast SEO plugin v26.8 - https:\/\/yoast.com\/product\/yoast-seo-wordpress\/ -->\n<title>Zna\u010dkov\u00fd Grohe Get d\u0159ezov\u00e1 baterie, chrom 30196000 -<\/title>\n<meta name=\"robots\" content=\"index, follow, max-snippet:-1, max-image-preview:large, max-video-preview:-1\" \/>\n<link rel=\"canonical\" href=\"https:\/\/www.domkraftpro.com\/index.php\/produkt\/znackovy-grohe-get-drezova-baterie-chrom-30196000-35143\/\" \/>\n<meta property=\"og:locale\" content=\"cs_CZ\" \/>\n<meta property=\"og:type\" content=\"article\" \/>\n<meta property=\"og:title\" content=\"Zna\u010dkov\u00fd Grohe Get d\u0159ezov\u00e1 baterie, chrom 30196000 -\" \/>\n<meta property=\"og:description\" content=\"Detailn\u00ed popis produktu P\u00e1kov\u00e1 d\u0159ezov\u00e1 baterie, DN 15 st\u0159edov\u00e1 v\u00fdpus\u0165 jednootvorov\u00e1 mont\u00e1\u017e GROHE StarLight&nbsp;chromov\u00fd povrch GROHE SilkMove&nbsp;keramick\u00e1 kartu\u0161e 35 mm variabiln\u011b nastaviteln\u00fd omezova\u010d pr\u016ftoku oto\u010dn\u00e1 v\u00fdpus\u0165, oto\u010dn\u00fd \u00fahel 140\u00b0 perl\u00e1tor&nbsp; flexi p\u0159ipojovac\u00ed hadi\u010dky GROHE QuickFix&nbsp;rychlomont\u00e1\u017en\u00ed syst\u00e9m\" \/>\n<meta property=\"og:url\" content=\"https:\/\/www.domkraftpro.com\/index.php\/produkt\/znackovy-grohe-get-drezova-baterie-chrom-30196000-35143\/\" \/>\n<meta property=\"og:image\" content=\"https:\/\/www.domkraftpro.com\/wp-content\/uploads\/2026\/SK0006931-CZ20260425-093631-0-1777080994-203358-3_grohe-get-drezova-baterie--chrom-30196000.webp\" \/>\n\t<meta property=\"og:image:width\" content=\"1000\" \/>\n\t<meta property=\"og:image:height\" content=\"750\" \/>\n\t<meta property=\"og:image:type\" content=\"image\/webp\" \/>\n<meta name=\"twitter:card\" content=\"summary_large_image\" \/>\n<script type=\"application\/ld+json\" class=\"yoast-schema-graph\">{\"@context\":\"https:\/\/schema.org\",\"@graph\":[{\"@type\":\"WebPage\",\"@id\":\"https:\/\/www.domkraftpro.com\/index.php\/produkt\/znackovy-grohe-get-drezova-baterie-chrom-30196000-35143\/\",\"url\":\"https:\/\/www.domkraftpro.com\/index.php\/produkt\/znackovy-grohe-get-drezova-baterie-chrom-30196000-35143\/\",\"name\":\"Zna\u010dkov\u00fd Grohe Get d\u0159ezov\u00e1 baterie, chrom 30196000 -\",\"isPartOf\":{\"@id\":\"https:\/\/www.domkraftpro.com\/#website\"},\"primaryImageOfPage\":{\"@id\":\"https:\/\/www.domkraftpro.com\/index.php\/produkt\/znackovy-grohe-get-drezova-baterie-chrom-30196000-35143\/#primaryimage\"},\"image\":{\"@id\":\"https:\/\/www.domkraftpro.com\/index.php\/produkt\/znackovy-grohe-get-drezova-baterie-chrom-30196000-35143\/#primaryimage\"},\"thumbnailUrl\":\"https:\/\/www.domkraftpro.com\/wp-content\/uploads\/2026\/SK0006931-CZ20260425-093631-0-1777080994-203358-3_grohe-get-drezova-baterie--chrom-30196000.webp\",\"datePublished\":\"2026-04-27T04:41:56+00:00\",\"breadcrumb\":{\"@id\":\"https:\/\/www.domkraftpro.com\/index.php\/produkt\/znackovy-grohe-get-drezova-baterie-chrom-30196000-35143\/#breadcrumb\"},\"inLanguage\":\"cs\",\"potentialAction\":[{\"@type\":\"ReadAction\",\"target\":[\"https:\/\/www.domkraftpro.com\/index.php\/produkt\/znackovy-grohe-get-drezova-baterie-chrom-30196000-35143\/\"]}]},{\"@type\":\"ImageObject\",\"inLanguage\":\"cs\",\"@id\":\"https:\/\/www.domkraftpro.com\/index.php\/produkt\/znackovy-grohe-get-drezova-baterie-chrom-30196000-35143\/#primaryimage\",\"url\":\"https:\/\/www.domkraftpro.com\/wp-content\/uploads\/2026\/SK0006931-CZ20260425-093631-0-1777080994-203358-3_grohe-get-drezova-baterie--chrom-30196000.webp\",\"contentUrl\":\"https:\/\/www.domkraftpro.com\/wp-content\/uploads\/2026\/SK0006931-CZ20260425-093631-0-1777080994-203358-3_grohe-get-drezova-baterie--chrom-30196000.webp\",\"width\":1000,\"height\":750},{\"@type\":\"BreadcrumbList\",\"@id\":\"https:\/\/www.domkraftpro.com\/index.php\/produkt\/znackovy-grohe-get-drezova-baterie-chrom-30196000-35143\/#breadcrumb\",\"itemListElement\":[{\"@type\":\"ListItem\",\"position\":1,\"name\":\"Home\",\"item\":\"https:\/\/www.domkraftpro.com\/\"},{\"@type\":\"ListItem\",\"position\":2,\"name\":\"Products\",\"item\":\"https:\/\/www.domkraftpro.com\/index.php\/products\/\"},{\"@type\":\"ListItem\",\"position\":3,\"name\":\"Zna\u010dkov\u00fd Grohe Get d\u0159ezov\u00e1 baterie, chrom 30196000\"}]},{\"@type\":\"WebSite\",\"@id\":\"https:\/\/www.domkraftpro.com\/#website\",\"url\":\"https:\/\/www.domkraftpro.com\/\",\"name\":\"\",\"description\":\"\",\"potentialAction\":[{\"@type\":\"SearchAction\",\"target\":{\"@type\":\"EntryPoint\",\"urlTemplate\":\"https:\/\/www.domkraftpro.com\/?s={search_term_string}\"},\"query-input\":{\"@type\":\"PropertyValueSpecification\",\"valueRequired\":true,\"valueName\":\"search_term_string\"}}],\"inLanguage\":\"cs\"}]}<\/script>\n<!-- \/ Yoast SEO plugin. -->","yoast_head_json":{"title":"Zna\u010dkov\u00fd Grohe Get d\u0159ezov\u00e1 baterie, chrom 30196000 -","robots":{"index":"index","follow":"follow","max-snippet":"max-snippet:-1","max-image-preview":"max-image-preview:large","max-video-preview":"max-video-preview:-1"},"canonical":"https:\/\/www.domkraftpro.com\/index.php\/produkt\/znackovy-grohe-get-drezova-baterie-chrom-30196000-35143\/","og_locale":"cs_CZ","og_type":"article","og_title":"Zna\u010dkov\u00fd Grohe Get d\u0159ezov\u00e1 baterie, chrom 30196000 -","og_description":"Detailn\u00ed popis produktu P\u00e1kov\u00e1 d\u0159ezov\u00e1 baterie, DN 15 st\u0159edov\u00e1 v\u00fdpus\u0165 jednootvorov\u00e1 mont\u00e1\u017e GROHE StarLight&nbsp;chromov\u00fd povrch GROHE SilkMove&nbsp;keramick\u00e1 kartu\u0161e 35 mm variabiln\u011b nastaviteln\u00fd omezova\u010d pr\u016ftoku oto\u010dn\u00e1 v\u00fdpus\u0165, oto\u010dn\u00fd \u00fahel 140\u00b0 perl\u00e1tor&nbsp; flexi p\u0159ipojovac\u00ed hadi\u010dky GROHE QuickFix&nbsp;rychlomont\u00e1\u017en\u00ed syst\u00e9m","og_url":"https:\/\/www.domkraftpro.com\/index.php\/produkt\/znackovy-grohe-get-drezova-baterie-chrom-30196000-35143\/","og_image":[{"width":1000,"height":750,"url":"https:\/\/www.domkraftpro.com\/wp-content\/uploads\/2026\/SK0006931-CZ20260425-093631-0-1777080994-203358-3_grohe-get-drezova-baterie--chrom-30196000.webp","type":"image\/webp"}],"twitter_card":"summary_large_image","schema":{"@context":"https:\/\/schema.org","@graph":[{"@type":"WebPage","@id":"https:\/\/www.domkraftpro.com\/index.php\/produkt\/znackovy-grohe-get-drezova-baterie-chrom-30196000-35143\/","url":"https:\/\/www.domkraftpro.com\/index.php\/produkt\/znackovy-grohe-get-drezova-baterie-chrom-30196000-35143\/","name":"Zna\u010dkov\u00fd Grohe Get d\u0159ezov\u00e1 baterie, chrom 30196000 -","isPartOf":{"@id":"https:\/\/www.domkraftpro.com\/#website"},"primaryImageOfPage":{"@id":"https:\/\/www.domkraftpro.com\/index.php\/produkt\/znackovy-grohe-get-drezova-baterie-chrom-30196000-35143\/#primaryimage"},"image":{"@id":"https:\/\/www.domkraftpro.com\/index.php\/produkt\/znackovy-grohe-get-drezova-baterie-chrom-30196000-35143\/#primaryimage"},"thumbnailUrl":"https:\/\/www.domkraftpro.com\/wp-content\/uploads\/2026\/SK0006931-CZ20260425-093631-0-1777080994-203358-3_grohe-get-drezova-baterie--chrom-30196000.webp","datePublished":"2026-04-27T04:41:56+00:00","breadcrumb":{"@id":"https:\/\/www.domkraftpro.com\/index.php\/produkt\/znackovy-grohe-get-drezova-baterie-chrom-30196000-35143\/#breadcrumb"},"inLanguage":"cs","potentialAction":[{"@type":"ReadAction","target":["https:\/\/www.domkraftpro.com\/index.php\/produkt\/znackovy-grohe-get-drezova-baterie-chrom-30196000-35143\/"]}]},{"@type":"ImageObject","inLanguage":"cs","@id":"https:\/\/www.domkraftpro.com\/index.php\/produkt\/znackovy-grohe-get-drezova-baterie-chrom-30196000-35143\/#primaryimage","url":"https:\/\/www.domkraftpro.com\/wp-content\/uploads\/2026\/SK0006931-CZ20260425-093631-0-1777080994-203358-3_grohe-get-drezova-baterie--chrom-30196000.webp","contentUrl":"https:\/\/www.domkraftpro.com\/wp-content\/uploads\/2026\/SK0006931-CZ20260425-093631-0-1777080994-203358-3_grohe-get-drezova-baterie--chrom-30196000.webp","width":1000,"height":750},{"@type":"BreadcrumbList","@id":"https:\/\/www.domkraftpro.com\/index.php\/produkt\/znackovy-grohe-get-drezova-baterie-chrom-30196000-35143\/#breadcrumb","itemListElement":[{"@type":"ListItem","position":1,"name":"Home","item":"https:\/\/www.domkraftpro.com\/"},{"@type":"ListItem","position":2,"name":"Products","item":"https:\/\/www.domkraftpro.com\/index.php\/products\/"},{"@type":"ListItem","position":3,"name":"Zna\u010dkov\u00fd Grohe Get d\u0159ezov\u00e1 baterie, chrom 30196000"}]},{"@type":"WebSite","@id":"https:\/\/www.domkraftpro.com\/#website","url":"https:\/\/www.domkraftpro.com\/","name":"","description":"","potentialAction":[{"@type":"SearchAction","target":{"@type":"EntryPoint","urlTemplate":"https:\/\/www.domkraftpro.com\/?s={search_term_string}"},"query-input":{"@type":"PropertyValueSpecification","valueRequired":true,"valueName":"search_term_string"}}],"inLanguage":"cs"}]}},"_links":{"self":[{"href":"https:\/\/www.domkraftpro.com\/index.php\/wp-json\/wp\/v2\/product\/35143","targetHints":{"allow":["GET"]}}],"collection":[{"href":"https:\/\/www.domkraftpro.com\/index.php\/wp-json\/wp\/v2\/product"}],"about":[{"href":"https:\/\/www.domkraftpro.com\/index.php\/wp-json\/wp\/v2\/types\/product"}],"replies":[{"embeddable":true,"href":"https:\/\/www.domkraftpro.com\/index.php\/wp-json\/wp\/v2\/comments?post=35143"}],"wp:featuredmedia":[{"embeddable":true,"href":"https:\/\/www.domkraftpro.com\/index.php\/wp-json\/wp\/v2\/media\/35243"}],"wp:attachment":[{"href":"https:\/\/www.domkraftpro.com\/index.php\/wp-json\/wp\/v2\/media?parent=35143"}],"wp:term":[{"taxonomy":"product_brand","embeddable":true,"href":"https:\/\/www.domkraftpro.com\/index.php\/wp-json\/wp\/v2\/product_brand?post=35143"},{"taxonomy":"product_cat","embeddable":true,"href":"https:\/\/www.domkraftpro.com\/index.php\/wp-json\/wp\/v2\/product_cat?post=35143"},{"taxonomy":"product_tag","embeddable":true,"href":"https:\/\/www.domkraftpro.com\/index.php\/wp-json\/wp\/v2\/product_tag?post=35143"}],"curies":[{"name":"wp","href":"https:\/\/api.w.org\/{rel}","templated":true}]}}