{"id":35113,"date":"2026-04-27T04:41:56","date_gmt":"2026-04-27T04:41:56","guid":{"rendered":""},"modified":"2026-04-27T04:41:56","modified_gmt":"2026-04-27T04:41:56","slug":"znackovy-grohe-feel-bidetova-baterie-s-vypusti-chrom-32558000-35113","status":"publish","type":"product","link":"https:\/\/www.domkraftpro.com\/index.php\/produkt\/znackovy-grohe-feel-bidetova-baterie-s-vypusti-chrom-32558000-35113\/","title":{"rendered":"Zna\u010dkov\u00fd Grohe Feel bidetov\u00e1 baterie s v\u00fdpust\u00ed, chrom 32558000"},"content":{"rendered":"<div class=\"basic-description\">\n<h3>Detailn\u00ed popis produktu<\/h3>\n<p><strong>P\u00e1kov\u00e1 bidetov\u00e1 baterie, DN 15<br \/><\/strong><\/p>\n<ul>\n<li>jednootvorov\u00e1 mont\u00e1\u017e<\/li>\n<li><strong>GROHE SilkMove\u00a0<\/strong>keramick\u00e1 kartu\u0161e 35 mm\u00a0<\/li>\n<li>variabiln\u011b nastaviteln\u00fd omezova\u010d pr\u016ftoku<\/li>\n<li><strong>GROHE StarLight<\/strong>\u00a0chromov\u00fd povrch<\/li>\n<li><strong>GROHE QuickFix<\/strong>\u00a0rychlomont\u00e1\u017en\u00ed syst\u00e9m<\/li>\n<li>kloubov\u00fd perl\u00e1tor<\/li>\n<li>odtokov\u00e1 souprava DN 32<\/li>\n<li>flexi p\u0159ipojovac\u00ed hadi\u010dky<\/li>\n<\/ul>\n<p><strong>Omezova\u010d teploty nen\u00ed sou\u010d\u00e1st\u00ed dod\u00e1vky, lze doobjednat.<\/strong><\/p>\n<\/p><\/div>\n","protected":false},"excerpt":{"rendered":"<p>Detailn\u00ed popis produktu P\u00e1kov\u00e1 bidetov\u00e1 baterie, DN 15 jednootvorov\u00e1 mont\u00e1\u017e GROHE SilkMove\u00a0keramick\u00e1 kartu\u0161e 35 mm\u00a0 variabiln\u011b nastaviteln\u00fd omezova\u010d pr\u016ftoku GROHE StarLight\u00a0chromov\u00fd povrch GROHE QuickFix\u00a0rychlomont\u00e1\u017en\u00ed syst\u00e9m kloubov\u00fd perl\u00e1tor odtokov\u00e1 souprava DN 32 flexi p\u0159ipojovac\u00ed hadi\u010dky Omezova\u010d teploty nen\u00ed sou\u010d\u00e1st\u00ed dod\u00e1vky, lze doobjednat.<\/p>\n","protected":false},"featured_media":35213,"comment_status":"open","ping_status":"open","template":"","meta":[],"product_brand":[],"product_cat":[75],"product_tag":[],"class_list":{"0":"post-35113","1":"product","2":"type-product","3":"status-publish","4":"has-post-thumbnail","6":"product_cat-vodovodni-baterie","8":"first","9":"instock","10":"sale","11":"shipping-taxable","12":"purchasable","13":"product-type-simple"},"yoast_head":"<!-- This site is optimized with the Yoast SEO plugin v26.8 - https:\/\/yoast.com\/product\/yoast-seo-wordpress\/ -->\n<title>Zna\u010dkov\u00fd Grohe Feel bidetov\u00e1 baterie s v\u00fdpust\u00ed, chrom 32558000 -<\/title>\n<meta name=\"robots\" content=\"index, follow, max-snippet:-1, max-image-preview:large, max-video-preview:-1\" \/>\n<link rel=\"canonical\" href=\"https:\/\/www.domkraftpro.com\/index.php\/produkt\/znackovy-grohe-feel-bidetova-baterie-s-vypusti-chrom-32558000-35113\/\" \/>\n<meta property=\"og:locale\" content=\"cs_CZ\" \/>\n<meta property=\"og:type\" content=\"article\" \/>\n<meta property=\"og:title\" content=\"Zna\u010dkov\u00fd Grohe Feel bidetov\u00e1 baterie s v\u00fdpust\u00ed, chrom 32558000 -\" \/>\n<meta property=\"og:description\" content=\"Detailn\u00ed popis produktu P\u00e1kov\u00e1 bidetov\u00e1 baterie, DN 15 jednootvorov\u00e1 mont\u00e1\u017e GROHE SilkMove\u00a0keramick\u00e1 kartu\u0161e 35 mm\u00a0 variabiln\u011b nastaviteln\u00fd omezova\u010d pr\u016ftoku GROHE StarLight\u00a0chromov\u00fd povrch GROHE QuickFix\u00a0rychlomont\u00e1\u017en\u00ed syst\u00e9m kloubov\u00fd perl\u00e1tor odtokov\u00e1 souprava DN 32 flexi p\u0159ipojovac\u00ed hadi\u010dky Omezova\u010d teploty nen\u00ed sou\u010d\u00e1st\u00ed dod\u00e1vky, lze doobjednat.\" \/>\n<meta property=\"og:url\" content=\"https:\/\/www.domkraftpro.com\/index.php\/produkt\/znackovy-grohe-feel-bidetova-baterie-s-vypusti-chrom-32558000-35113\/\" \/>\n<meta property=\"og:image\" content=\"https:\/\/www.domkraftpro.com\/wp-content\/uploads\/2026\/SK0006900-CZ20260425-093631-0-1777080994-176547-1_grohe-feel-bidetova-baterie-s-vypusti--chrom-32558.webp\" \/>\n\t<meta property=\"og:image:width\" content=\"1000\" \/>\n\t<meta property=\"og:image:height\" content=\"750\" \/>\n\t<meta property=\"og:image:type\" content=\"image\/webp\" \/>\n<meta name=\"twitter:card\" content=\"summary_large_image\" \/>\n<script type=\"application\/ld+json\" class=\"yoast-schema-graph\">{\"@context\":\"https:\/\/schema.org\",\"@graph\":[{\"@type\":\"WebPage\",\"@id\":\"https:\/\/www.domkraftpro.com\/index.php\/produkt\/znackovy-grohe-feel-bidetova-baterie-s-vypusti-chrom-32558000-35113\/\",\"url\":\"https:\/\/www.domkraftpro.com\/index.php\/produkt\/znackovy-grohe-feel-bidetova-baterie-s-vypusti-chrom-32558000-35113\/\",\"name\":\"Zna\u010dkov\u00fd Grohe Feel bidetov\u00e1 baterie s v\u00fdpust\u00ed, chrom 32558000 -\",\"isPartOf\":{\"@id\":\"https:\/\/www.domkraftpro.com\/#website\"},\"primaryImageOfPage\":{\"@id\":\"https:\/\/www.domkraftpro.com\/index.php\/produkt\/znackovy-grohe-feel-bidetova-baterie-s-vypusti-chrom-32558000-35113\/#primaryimage\"},\"image\":{\"@id\":\"https:\/\/www.domkraftpro.com\/index.php\/produkt\/znackovy-grohe-feel-bidetova-baterie-s-vypusti-chrom-32558000-35113\/#primaryimage\"},\"thumbnailUrl\":\"https:\/\/www.domkraftpro.com\/wp-content\/uploads\/2026\/SK0006900-CZ20260425-093631-0-1777080994-176547-1_grohe-feel-bidetova-baterie-s-vypusti--chrom-32558.webp\",\"datePublished\":\"2026-04-27T04:41:56+00:00\",\"breadcrumb\":{\"@id\":\"https:\/\/www.domkraftpro.com\/index.php\/produkt\/znackovy-grohe-feel-bidetova-baterie-s-vypusti-chrom-32558000-35113\/#breadcrumb\"},\"inLanguage\":\"cs\",\"potentialAction\":[{\"@type\":\"ReadAction\",\"target\":[\"https:\/\/www.domkraftpro.com\/index.php\/produkt\/znackovy-grohe-feel-bidetova-baterie-s-vypusti-chrom-32558000-35113\/\"]}]},{\"@type\":\"ImageObject\",\"inLanguage\":\"cs\",\"@id\":\"https:\/\/www.domkraftpro.com\/index.php\/produkt\/znackovy-grohe-feel-bidetova-baterie-s-vypusti-chrom-32558000-35113\/#primaryimage\",\"url\":\"https:\/\/www.domkraftpro.com\/wp-content\/uploads\/2026\/SK0006900-CZ20260425-093631-0-1777080994-176547-1_grohe-feel-bidetova-baterie-s-vypusti--chrom-32558.webp\",\"contentUrl\":\"https:\/\/www.domkraftpro.com\/wp-content\/uploads\/2026\/SK0006900-CZ20260425-093631-0-1777080994-176547-1_grohe-feel-bidetova-baterie-s-vypusti--chrom-32558.webp\",\"width\":1000,\"height\":750},{\"@type\":\"BreadcrumbList\",\"@id\":\"https:\/\/www.domkraftpro.com\/index.php\/produkt\/znackovy-grohe-feel-bidetova-baterie-s-vypusti-chrom-32558000-35113\/#breadcrumb\",\"itemListElement\":[{\"@type\":\"ListItem\",\"position\":1,\"name\":\"Home\",\"item\":\"https:\/\/www.domkraftpro.com\/\"},{\"@type\":\"ListItem\",\"position\":2,\"name\":\"Products\",\"item\":\"https:\/\/www.domkraftpro.com\/index.php\/products\/\"},{\"@type\":\"ListItem\",\"position\":3,\"name\":\"Zna\u010dkov\u00fd Grohe Feel bidetov\u00e1 baterie s v\u00fdpust\u00ed, chrom 32558000\"}]},{\"@type\":\"WebSite\",\"@id\":\"https:\/\/www.domkraftpro.com\/#website\",\"url\":\"https:\/\/www.domkraftpro.com\/\",\"name\":\"\",\"description\":\"\",\"potentialAction\":[{\"@type\":\"SearchAction\",\"target\":{\"@type\":\"EntryPoint\",\"urlTemplate\":\"https:\/\/www.domkraftpro.com\/?s={search_term_string}\"},\"query-input\":{\"@type\":\"PropertyValueSpecification\",\"valueRequired\":true,\"valueName\":\"search_term_string\"}}],\"inLanguage\":\"cs\"}]}<\/script>\n<!-- \/ Yoast SEO plugin. -->","yoast_head_json":{"title":"Zna\u010dkov\u00fd Grohe Feel bidetov\u00e1 baterie s v\u00fdpust\u00ed, chrom 32558000 -","robots":{"index":"index","follow":"follow","max-snippet":"max-snippet:-1","max-image-preview":"max-image-preview:large","max-video-preview":"max-video-preview:-1"},"canonical":"https:\/\/www.domkraftpro.com\/index.php\/produkt\/znackovy-grohe-feel-bidetova-baterie-s-vypusti-chrom-32558000-35113\/","og_locale":"cs_CZ","og_type":"article","og_title":"Zna\u010dkov\u00fd Grohe Feel bidetov\u00e1 baterie s v\u00fdpust\u00ed, chrom 32558000 -","og_description":"Detailn\u00ed popis produktu P\u00e1kov\u00e1 bidetov\u00e1 baterie, DN 15 jednootvorov\u00e1 mont\u00e1\u017e GROHE SilkMove\u00a0keramick\u00e1 kartu\u0161e 35 mm\u00a0 variabiln\u011b nastaviteln\u00fd omezova\u010d pr\u016ftoku GROHE StarLight\u00a0chromov\u00fd povrch GROHE QuickFix\u00a0rychlomont\u00e1\u017en\u00ed syst\u00e9m kloubov\u00fd perl\u00e1tor odtokov\u00e1 souprava DN 32 flexi p\u0159ipojovac\u00ed hadi\u010dky Omezova\u010d teploty nen\u00ed sou\u010d\u00e1st\u00ed dod\u00e1vky, lze doobjednat.","og_url":"https:\/\/www.domkraftpro.com\/index.php\/produkt\/znackovy-grohe-feel-bidetova-baterie-s-vypusti-chrom-32558000-35113\/","og_image":[{"width":1000,"height":750,"url":"https:\/\/www.domkraftpro.com\/wp-content\/uploads\/2026\/SK0006900-CZ20260425-093631-0-1777080994-176547-1_grohe-feel-bidetova-baterie-s-vypusti--chrom-32558.webp","type":"image\/webp"}],"twitter_card":"summary_large_image","schema":{"@context":"https:\/\/schema.org","@graph":[{"@type":"WebPage","@id":"https:\/\/www.domkraftpro.com\/index.php\/produkt\/znackovy-grohe-feel-bidetova-baterie-s-vypusti-chrom-32558000-35113\/","url":"https:\/\/www.domkraftpro.com\/index.php\/produkt\/znackovy-grohe-feel-bidetova-baterie-s-vypusti-chrom-32558000-35113\/","name":"Zna\u010dkov\u00fd Grohe Feel bidetov\u00e1 baterie s v\u00fdpust\u00ed, chrom 32558000 -","isPartOf":{"@id":"https:\/\/www.domkraftpro.com\/#website"},"primaryImageOfPage":{"@id":"https:\/\/www.domkraftpro.com\/index.php\/produkt\/znackovy-grohe-feel-bidetova-baterie-s-vypusti-chrom-32558000-35113\/#primaryimage"},"image":{"@id":"https:\/\/www.domkraftpro.com\/index.php\/produkt\/znackovy-grohe-feel-bidetova-baterie-s-vypusti-chrom-32558000-35113\/#primaryimage"},"thumbnailUrl":"https:\/\/www.domkraftpro.com\/wp-content\/uploads\/2026\/SK0006900-CZ20260425-093631-0-1777080994-176547-1_grohe-feel-bidetova-baterie-s-vypusti--chrom-32558.webp","datePublished":"2026-04-27T04:41:56+00:00","breadcrumb":{"@id":"https:\/\/www.domkraftpro.com\/index.php\/produkt\/znackovy-grohe-feel-bidetova-baterie-s-vypusti-chrom-32558000-35113\/#breadcrumb"},"inLanguage":"cs","potentialAction":[{"@type":"ReadAction","target":["https:\/\/www.domkraftpro.com\/index.php\/produkt\/znackovy-grohe-feel-bidetova-baterie-s-vypusti-chrom-32558000-35113\/"]}]},{"@type":"ImageObject","inLanguage":"cs","@id":"https:\/\/www.domkraftpro.com\/index.php\/produkt\/znackovy-grohe-feel-bidetova-baterie-s-vypusti-chrom-32558000-35113\/#primaryimage","url":"https:\/\/www.domkraftpro.com\/wp-content\/uploads\/2026\/SK0006900-CZ20260425-093631-0-1777080994-176547-1_grohe-feel-bidetova-baterie-s-vypusti--chrom-32558.webp","contentUrl":"https:\/\/www.domkraftpro.com\/wp-content\/uploads\/2026\/SK0006900-CZ20260425-093631-0-1777080994-176547-1_grohe-feel-bidetova-baterie-s-vypusti--chrom-32558.webp","width":1000,"height":750},{"@type":"BreadcrumbList","@id":"https:\/\/www.domkraftpro.com\/index.php\/produkt\/znackovy-grohe-feel-bidetova-baterie-s-vypusti-chrom-32558000-35113\/#breadcrumb","itemListElement":[{"@type":"ListItem","position":1,"name":"Home","item":"https:\/\/www.domkraftpro.com\/"},{"@type":"ListItem","position":2,"name":"Products","item":"https:\/\/www.domkraftpro.com\/index.php\/products\/"},{"@type":"ListItem","position":3,"name":"Zna\u010dkov\u00fd Grohe Feel bidetov\u00e1 baterie s v\u00fdpust\u00ed, chrom 32558000"}]},{"@type":"WebSite","@id":"https:\/\/www.domkraftpro.com\/#website","url":"https:\/\/www.domkraftpro.com\/","name":"","description":"","potentialAction":[{"@type":"SearchAction","target":{"@type":"EntryPoint","urlTemplate":"https:\/\/www.domkraftpro.com\/?s={search_term_string}"},"query-input":{"@type":"PropertyValueSpecification","valueRequired":true,"valueName":"search_term_string"}}],"inLanguage":"cs"}]}},"_links":{"self":[{"href":"https:\/\/www.domkraftpro.com\/index.php\/wp-json\/wp\/v2\/product\/35113","targetHints":{"allow":["GET"]}}],"collection":[{"href":"https:\/\/www.domkraftpro.com\/index.php\/wp-json\/wp\/v2\/product"}],"about":[{"href":"https:\/\/www.domkraftpro.com\/index.php\/wp-json\/wp\/v2\/types\/product"}],"replies":[{"embeddable":true,"href":"https:\/\/www.domkraftpro.com\/index.php\/wp-json\/wp\/v2\/comments?post=35113"}],"wp:featuredmedia":[{"embeddable":true,"href":"https:\/\/www.domkraftpro.com\/index.php\/wp-json\/wp\/v2\/media\/35213"}],"wp:attachment":[{"href":"https:\/\/www.domkraftpro.com\/index.php\/wp-json\/wp\/v2\/media?parent=35113"}],"wp:term":[{"taxonomy":"product_brand","embeddable":true,"href":"https:\/\/www.domkraftpro.com\/index.php\/wp-json\/wp\/v2\/product_brand?post=35113"},{"taxonomy":"product_cat","embeddable":true,"href":"https:\/\/www.domkraftpro.com\/index.php\/wp-json\/wp\/v2\/product_cat?post=35113"},{"taxonomy":"product_tag","embeddable":true,"href":"https:\/\/www.domkraftpro.com\/index.php\/wp-json\/wp\/v2\/product_tag?post=35113"}],"curies":[{"name":"wp","href":"https:\/\/api.w.org\/{rel}","templated":true}]}}