{"id":34520,"date":"2026-04-27T04:41:54","date_gmt":"2026-04-27T04:41:54","guid":{"rendered":""},"modified":"2026-04-27T04:41:54","modified_gmt":"2026-04-27T04:41:54","slug":"znackovy-novaservis-umyvadlova-baterie-s-vypusti-titania-fresh-chrom-96001-0-34520","status":"publish","type":"product","link":"https:\/\/www.domkraftpro.com\/index.php\/produkt\/znackovy-novaservis-umyvadlova-baterie-s-vypusti-titania-fresh-chrom-96001-0-34520\/","title":{"rendered":"Zna\u010dkov\u00fd Novaservis Umyvadlov\u00e1 baterie s v\u00fdpust\u00ed Titania Fresh chrom 96001,0"},"content":{"rendered":"<div class=\"basic-description\">\n<h3>Detailn\u00ed popis produktu<\/h3>\n<p>                                    Kvalitn\u00ed a odoln\u00e1 keramick\u00e1 kartu\u0161e 35 mm <b>s\u00a0prodlou\u017eenou z\u00e1rukou\u00a05\u00a0let<\/b>.  Prvot\u0159\u00eddn\u00ed chromov\u00e9 proveden\u00ed. Umyvadlov\u00e1 baterie s 5\/4\u201c uz\u00e1v\u011brem v\u00fdpusti. Sou\u010d\u00e1st\u00ed baterie jsou p\u0159\u00edvodn\u00ed hadi\u010dky.                            <\/div>\n","protected":false},"excerpt":{"rendered":"<p>Detailn\u00ed popis produktu Kvalitn\u00ed a odoln\u00e1 keramick\u00e1 kartu\u0161e 35 mm s\u00a0prodlou\u017eenou z\u00e1rukou\u00a05\u00a0let. Prvot\u0159\u00eddn\u00ed chromov\u00e9 proveden\u00ed. Umyvadlov\u00e1 baterie s 5\/4\u201c uz\u00e1v\u011brem v\u00fdpusti. Sou\u010d\u00e1st\u00ed baterie jsou p\u0159\u00edvodn\u00ed hadi\u010dky.<\/p>\n","protected":false},"featured_media":34620,"comment_status":"open","ping_status":"open","template":"","meta":[],"product_brand":[],"product_cat":[75],"product_tag":[],"class_list":{"0":"post-34520","1":"product","2":"type-product","3":"status-publish","4":"has-post-thumbnail","6":"product_cat-vodovodni-baterie","8":"first","9":"instock","10":"sale","11":"shipping-taxable","12":"purchasable","13":"product-type-simple"},"yoast_head":"<!-- This site is optimized with the Yoast SEO plugin v26.8 - https:\/\/yoast.com\/product\/yoast-seo-wordpress\/ -->\n<title>Zna\u010dkov\u00fd Novaservis Umyvadlov\u00e1 baterie s v\u00fdpust\u00ed Titania Fresh chrom 96001,0 -<\/title>\n<meta name=\"robots\" content=\"index, follow, max-snippet:-1, max-image-preview:large, max-video-preview:-1\" \/>\n<link rel=\"canonical\" href=\"https:\/\/www.domkraftpro.com\/index.php\/produkt\/znackovy-novaservis-umyvadlova-baterie-s-vypusti-titania-fresh-chrom-96001-0-34520\/\" \/>\n<meta property=\"og:locale\" content=\"cs_CZ\" \/>\n<meta property=\"og:type\" content=\"article\" \/>\n<meta property=\"og:title\" content=\"Zna\u010dkov\u00fd Novaservis Umyvadlov\u00e1 baterie s v\u00fdpust\u00ed Titania Fresh chrom 96001,0 -\" \/>\n<meta property=\"og:description\" content=\"Detailn\u00ed popis produktu Kvalitn\u00ed a odoln\u00e1 keramick\u00e1 kartu\u0161e 35 mm s\u00a0prodlou\u017eenou z\u00e1rukou\u00a05\u00a0let. Prvot\u0159\u00eddn\u00ed chromov\u00e9 proveden\u00ed. Umyvadlov\u00e1 baterie s 5\/4\u201c uz\u00e1v\u011brem v\u00fdpusti. Sou\u010d\u00e1st\u00ed baterie jsou p\u0159\u00edvodn\u00ed hadi\u010dky.\" \/>\n<meta property=\"og:url\" content=\"https:\/\/www.domkraftpro.com\/index.php\/produkt\/znackovy-novaservis-umyvadlova-baterie-s-vypusti-titania-fresh-chrom-96001-0-34520\/\" \/>\n<meta property=\"og:image\" content=\"https:\/\/www.domkraftpro.com\/wp-content\/uploads\/2026\/SK0006604-CZ20260425-093631-0-1777080994-174897-2_2830-novaservis-umyvadlova-baterie-s-vypusti-titan.webp\" \/>\n\t<meta property=\"og:image:width\" content=\"1000\" \/>\n\t<meta property=\"og:image:height\" content=\"750\" \/>\n\t<meta property=\"og:image:type\" content=\"image\/webp\" \/>\n<meta name=\"twitter:card\" content=\"summary_large_image\" \/>\n<script type=\"application\/ld+json\" class=\"yoast-schema-graph\">{\"@context\":\"https:\/\/schema.org\",\"@graph\":[{\"@type\":\"WebPage\",\"@id\":\"https:\/\/www.domkraftpro.com\/index.php\/produkt\/znackovy-novaservis-umyvadlova-baterie-s-vypusti-titania-fresh-chrom-96001-0-34520\/\",\"url\":\"https:\/\/www.domkraftpro.com\/index.php\/produkt\/znackovy-novaservis-umyvadlova-baterie-s-vypusti-titania-fresh-chrom-96001-0-34520\/\",\"name\":\"Zna\u010dkov\u00fd Novaservis Umyvadlov\u00e1 baterie s v\u00fdpust\u00ed Titania Fresh chrom 96001,0 -\",\"isPartOf\":{\"@id\":\"https:\/\/www.domkraftpro.com\/#website\"},\"primaryImageOfPage\":{\"@id\":\"https:\/\/www.domkraftpro.com\/index.php\/produkt\/znackovy-novaservis-umyvadlova-baterie-s-vypusti-titania-fresh-chrom-96001-0-34520\/#primaryimage\"},\"image\":{\"@id\":\"https:\/\/www.domkraftpro.com\/index.php\/produkt\/znackovy-novaservis-umyvadlova-baterie-s-vypusti-titania-fresh-chrom-96001-0-34520\/#primaryimage\"},\"thumbnailUrl\":\"https:\/\/www.domkraftpro.com\/wp-content\/uploads\/2026\/SK0006604-CZ20260425-093631-0-1777080994-174897-2_2830-novaservis-umyvadlova-baterie-s-vypusti-titan.webp\",\"datePublished\":\"2026-04-27T04:41:54+00:00\",\"breadcrumb\":{\"@id\":\"https:\/\/www.domkraftpro.com\/index.php\/produkt\/znackovy-novaservis-umyvadlova-baterie-s-vypusti-titania-fresh-chrom-96001-0-34520\/#breadcrumb\"},\"inLanguage\":\"cs\",\"potentialAction\":[{\"@type\":\"ReadAction\",\"target\":[\"https:\/\/www.domkraftpro.com\/index.php\/produkt\/znackovy-novaservis-umyvadlova-baterie-s-vypusti-titania-fresh-chrom-96001-0-34520\/\"]}]},{\"@type\":\"ImageObject\",\"inLanguage\":\"cs\",\"@id\":\"https:\/\/www.domkraftpro.com\/index.php\/produkt\/znackovy-novaservis-umyvadlova-baterie-s-vypusti-titania-fresh-chrom-96001-0-34520\/#primaryimage\",\"url\":\"https:\/\/www.domkraftpro.com\/wp-content\/uploads\/2026\/SK0006604-CZ20260425-093631-0-1777080994-174897-2_2830-novaservis-umyvadlova-baterie-s-vypusti-titan.webp\",\"contentUrl\":\"https:\/\/www.domkraftpro.com\/wp-content\/uploads\/2026\/SK0006604-CZ20260425-093631-0-1777080994-174897-2_2830-novaservis-umyvadlova-baterie-s-vypusti-titan.webp\",\"width\":1000,\"height\":750},{\"@type\":\"BreadcrumbList\",\"@id\":\"https:\/\/www.domkraftpro.com\/index.php\/produkt\/znackovy-novaservis-umyvadlova-baterie-s-vypusti-titania-fresh-chrom-96001-0-34520\/#breadcrumb\",\"itemListElement\":[{\"@type\":\"ListItem\",\"position\":1,\"name\":\"Home\",\"item\":\"https:\/\/www.domkraftpro.com\/\"},{\"@type\":\"ListItem\",\"position\":2,\"name\":\"Products\",\"item\":\"https:\/\/www.domkraftpro.com\/index.php\/products\/\"},{\"@type\":\"ListItem\",\"position\":3,\"name\":\"Zna\u010dkov\u00fd Novaservis Umyvadlov\u00e1 baterie s v\u00fdpust\u00ed Titania Fresh chrom 96001,0\"}]},{\"@type\":\"WebSite\",\"@id\":\"https:\/\/www.domkraftpro.com\/#website\",\"url\":\"https:\/\/www.domkraftpro.com\/\",\"name\":\"\",\"description\":\"\",\"potentialAction\":[{\"@type\":\"SearchAction\",\"target\":{\"@type\":\"EntryPoint\",\"urlTemplate\":\"https:\/\/www.domkraftpro.com\/?s={search_term_string}\"},\"query-input\":{\"@type\":\"PropertyValueSpecification\",\"valueRequired\":true,\"valueName\":\"search_term_string\"}}],\"inLanguage\":\"cs\"}]}<\/script>\n<!-- \/ Yoast SEO plugin. -->","yoast_head_json":{"title":"Zna\u010dkov\u00fd Novaservis Umyvadlov\u00e1 baterie s v\u00fdpust\u00ed Titania Fresh chrom 96001,0 -","robots":{"index":"index","follow":"follow","max-snippet":"max-snippet:-1","max-image-preview":"max-image-preview:large","max-video-preview":"max-video-preview:-1"},"canonical":"https:\/\/www.domkraftpro.com\/index.php\/produkt\/znackovy-novaservis-umyvadlova-baterie-s-vypusti-titania-fresh-chrom-96001-0-34520\/","og_locale":"cs_CZ","og_type":"article","og_title":"Zna\u010dkov\u00fd Novaservis Umyvadlov\u00e1 baterie s v\u00fdpust\u00ed Titania Fresh chrom 96001,0 -","og_description":"Detailn\u00ed popis produktu Kvalitn\u00ed a odoln\u00e1 keramick\u00e1 kartu\u0161e 35 mm s\u00a0prodlou\u017eenou z\u00e1rukou\u00a05\u00a0let. Prvot\u0159\u00eddn\u00ed chromov\u00e9 proveden\u00ed. Umyvadlov\u00e1 baterie s 5\/4\u201c uz\u00e1v\u011brem v\u00fdpusti. Sou\u010d\u00e1st\u00ed baterie jsou p\u0159\u00edvodn\u00ed hadi\u010dky.","og_url":"https:\/\/www.domkraftpro.com\/index.php\/produkt\/znackovy-novaservis-umyvadlova-baterie-s-vypusti-titania-fresh-chrom-96001-0-34520\/","og_image":[{"width":1000,"height":750,"url":"https:\/\/www.domkraftpro.com\/wp-content\/uploads\/2026\/SK0006604-CZ20260425-093631-0-1777080994-174897-2_2830-novaservis-umyvadlova-baterie-s-vypusti-titan.webp","type":"image\/webp"}],"twitter_card":"summary_large_image","schema":{"@context":"https:\/\/schema.org","@graph":[{"@type":"WebPage","@id":"https:\/\/www.domkraftpro.com\/index.php\/produkt\/znackovy-novaservis-umyvadlova-baterie-s-vypusti-titania-fresh-chrom-96001-0-34520\/","url":"https:\/\/www.domkraftpro.com\/index.php\/produkt\/znackovy-novaservis-umyvadlova-baterie-s-vypusti-titania-fresh-chrom-96001-0-34520\/","name":"Zna\u010dkov\u00fd Novaservis Umyvadlov\u00e1 baterie s v\u00fdpust\u00ed Titania Fresh chrom 96001,0 -","isPartOf":{"@id":"https:\/\/www.domkraftpro.com\/#website"},"primaryImageOfPage":{"@id":"https:\/\/www.domkraftpro.com\/index.php\/produkt\/znackovy-novaservis-umyvadlova-baterie-s-vypusti-titania-fresh-chrom-96001-0-34520\/#primaryimage"},"image":{"@id":"https:\/\/www.domkraftpro.com\/index.php\/produkt\/znackovy-novaservis-umyvadlova-baterie-s-vypusti-titania-fresh-chrom-96001-0-34520\/#primaryimage"},"thumbnailUrl":"https:\/\/www.domkraftpro.com\/wp-content\/uploads\/2026\/SK0006604-CZ20260425-093631-0-1777080994-174897-2_2830-novaservis-umyvadlova-baterie-s-vypusti-titan.webp","datePublished":"2026-04-27T04:41:54+00:00","breadcrumb":{"@id":"https:\/\/www.domkraftpro.com\/index.php\/produkt\/znackovy-novaservis-umyvadlova-baterie-s-vypusti-titania-fresh-chrom-96001-0-34520\/#breadcrumb"},"inLanguage":"cs","potentialAction":[{"@type":"ReadAction","target":["https:\/\/www.domkraftpro.com\/index.php\/produkt\/znackovy-novaservis-umyvadlova-baterie-s-vypusti-titania-fresh-chrom-96001-0-34520\/"]}]},{"@type":"ImageObject","inLanguage":"cs","@id":"https:\/\/www.domkraftpro.com\/index.php\/produkt\/znackovy-novaservis-umyvadlova-baterie-s-vypusti-titania-fresh-chrom-96001-0-34520\/#primaryimage","url":"https:\/\/www.domkraftpro.com\/wp-content\/uploads\/2026\/SK0006604-CZ20260425-093631-0-1777080994-174897-2_2830-novaservis-umyvadlova-baterie-s-vypusti-titan.webp","contentUrl":"https:\/\/www.domkraftpro.com\/wp-content\/uploads\/2026\/SK0006604-CZ20260425-093631-0-1777080994-174897-2_2830-novaservis-umyvadlova-baterie-s-vypusti-titan.webp","width":1000,"height":750},{"@type":"BreadcrumbList","@id":"https:\/\/www.domkraftpro.com\/index.php\/produkt\/znackovy-novaservis-umyvadlova-baterie-s-vypusti-titania-fresh-chrom-96001-0-34520\/#breadcrumb","itemListElement":[{"@type":"ListItem","position":1,"name":"Home","item":"https:\/\/www.domkraftpro.com\/"},{"@type":"ListItem","position":2,"name":"Products","item":"https:\/\/www.domkraftpro.com\/index.php\/products\/"},{"@type":"ListItem","position":3,"name":"Zna\u010dkov\u00fd Novaservis Umyvadlov\u00e1 baterie s v\u00fdpust\u00ed Titania Fresh chrom 96001,0"}]},{"@type":"WebSite","@id":"https:\/\/www.domkraftpro.com\/#website","url":"https:\/\/www.domkraftpro.com\/","name":"","description":"","potentialAction":[{"@type":"SearchAction","target":{"@type":"EntryPoint","urlTemplate":"https:\/\/www.domkraftpro.com\/?s={search_term_string}"},"query-input":{"@type":"PropertyValueSpecification","valueRequired":true,"valueName":"search_term_string"}}],"inLanguage":"cs"}]}},"_links":{"self":[{"href":"https:\/\/www.domkraftpro.com\/index.php\/wp-json\/wp\/v2\/product\/34520","targetHints":{"allow":["GET"]}}],"collection":[{"href":"https:\/\/www.domkraftpro.com\/index.php\/wp-json\/wp\/v2\/product"}],"about":[{"href":"https:\/\/www.domkraftpro.com\/index.php\/wp-json\/wp\/v2\/types\/product"}],"replies":[{"embeddable":true,"href":"https:\/\/www.domkraftpro.com\/index.php\/wp-json\/wp\/v2\/comments?post=34520"}],"wp:featuredmedia":[{"embeddable":true,"href":"https:\/\/www.domkraftpro.com\/index.php\/wp-json\/wp\/v2\/media\/34620"}],"wp:attachment":[{"href":"https:\/\/www.domkraftpro.com\/index.php\/wp-json\/wp\/v2\/media?parent=34520"}],"wp:term":[{"taxonomy":"product_brand","embeddable":true,"href":"https:\/\/www.domkraftpro.com\/index.php\/wp-json\/wp\/v2\/product_brand?post=34520"},{"taxonomy":"product_cat","embeddable":true,"href":"https:\/\/www.domkraftpro.com\/index.php\/wp-json\/wp\/v2\/product_cat?post=34520"},{"taxonomy":"product_tag","embeddable":true,"href":"https:\/\/www.domkraftpro.com\/index.php\/wp-json\/wp\/v2\/product_tag?post=34520"}],"curies":[{"name":"wp","href":"https:\/\/api.w.org\/{rel}","templated":true}]}}