{"id":33571,"date":"2026-04-27T04:41:51","date_gmt":"2026-04-27T04:41:51","guid":{"rendered":""},"modified":"2026-04-27T04:41:51","modified_gmt":"2026-04-27T04:41:51","slug":"akce-grohe-eurocube-joy-pakova-umyvadlova-baterie-s-chrom-23656000-33571","status":"publish","type":"product","link":"https:\/\/www.domkraftpro.com\/index.php\/produkt\/akce-grohe-eurocube-joy-pakova-umyvadlova-baterie-s-chrom-23656000-33571\/","title":{"rendered":"Akce Grohe Eurocube Joy p\u00e1kov\u00e1 umyvadlov\u00e1 baterie S, chrom 23656000"},"content":{"rendered":"<div class=\"basic-description\">\n<h3>Detailn\u00ed popis produktu<\/h3>\n<h3>Specifikace:<\/h3>\n<div class=\"detail-popis\">\n<p><strong>Eurocube Joy<\/strong><br \/><strong>P\u00e1kov\u00e1 umyvadlov\u00e1 baterie<\/strong><br \/><strong>Velikost S<\/strong><\/p>\n<ul>\n<li>jednootvorov\u00e1 mont\u00e1\u017e<\/li>\n<li>kovov\u00e1 p\u00e1ka<\/li>\n<li><strong>GROHE FeatherControl<\/strong><span>&nbsp;<\/span>Joystick kartu\u0161e<\/li>\n<li><strong>GROHE StarLight\u00ae<\/strong><span>&nbsp;<\/span>chromov\u00fd povrch<\/li>\n<li><strong>GROHE EcoJoy\u00ae SpeedClean<\/strong><span>&nbsp;<\/span>perl\u00e1tor 5,7 l\/min<\/li>\n<li><strong>GROHE QuickFix\u00ae Plus<\/strong>&nbsp;rychloupev\u0148ovac\u00ed syst\u00e9m<\/li>\n<li>hladk\u00e9 t\u011blo<\/li>\n<li>flexi p\u0159ipojovac\u00ed hadi\u010dky<\/li>\n<\/ul>\n<\/div>\n<p><strong>Upozorn\u011bn\u00ed pro z\u00e1kazn\u00edky ke koupi produkt\u016f na objedn\u00e1n\u00ed:<\/strong><span>&nbsp;Toto zbo\u017e\u00ed nen\u00ed standardn\u00edm s\u00e9riov\u00fdm v\u00fdrobkem. Bude vyrobeno na p\u0159\u00e1n\u00ed z\u00e1kazn\u00edka a proto jej&nbsp;<\/span><strong>nelze dodavateli v z\u00e1konn\u00e9 lh\u016ft\u011b vr\u00e1tit<\/strong><span>. (viz \u00a71837 odst.d, ob\u010dansk\u00e9ho z\u00e1kon\u00edku). V tomto p\u0159\u00edpad\u011b m\u016f\u017eeme po\u017eadovat nevratnou z\u00e1lohu a\u017e do v\u00fd\u0161e 100 % z ceny v\u00fdrobku.<\/span><\/p>\n<\/p><\/div>\n","protected":false},"excerpt":{"rendered":"<p>Detailn\u00ed popis produktu Specifikace: Eurocube JoyP\u00e1kov\u00e1 umyvadlov\u00e1 baterieVelikost S jednootvorov\u00e1 mont\u00e1\u017e kovov\u00e1 p\u00e1ka GROHE FeatherControl&nbsp;Joystick kartu\u0161e GROHE StarLight\u00ae&nbsp;chromov\u00fd povrch GROHE EcoJoy\u00ae SpeedClean&nbsp;perl\u00e1tor 5,7 l\/min GROHE QuickFix\u00ae Plus&nbsp;rychloupev\u0148ovac\u00ed syst\u00e9m hladk\u00e9 t\u011blo flexi p\u0159ipojovac\u00ed hadi\u010dky Upozorn\u011bn\u00ed pro z\u00e1kazn\u00edky ke koupi produkt\u016f na objedn\u00e1n\u00ed:&nbsp;Toto zbo\u017e\u00ed nen\u00ed standardn\u00edm s\u00e9riov\u00fdm v\u00fdrobkem. Bude vyrobeno na p\u0159\u00e1n\u00ed z\u00e1kazn\u00edka a proto jej&nbsp;nelze dodavateli [&hellip;]<\/p>\n","protected":false},"featured_media":33671,"comment_status":"open","ping_status":"open","template":"","meta":[],"product_brand":[],"product_cat":[75],"product_tag":[],"class_list":{"0":"post-33571","1":"product","2":"type-product","3":"status-publish","4":"has-post-thumbnail","6":"product_cat-vodovodni-baterie","8":"first","9":"instock","10":"sale","11":"shipping-taxable","12":"purchasable","13":"product-type-simple"},"yoast_head":"<!-- This site is optimized with the Yoast SEO plugin v26.8 - https:\/\/yoast.com\/product\/yoast-seo-wordpress\/ -->\n<title>Akce Grohe Eurocube Joy p\u00e1kov\u00e1 umyvadlov\u00e1 baterie S, chrom 23656000 -<\/title>\n<meta name=\"robots\" content=\"index, follow, max-snippet:-1, max-image-preview:large, max-video-preview:-1\" \/>\n<link rel=\"canonical\" href=\"https:\/\/www.domkraftpro.com\/index.php\/produkt\/akce-grohe-eurocube-joy-pakova-umyvadlova-baterie-s-chrom-23656000-33571\/\" \/>\n<meta property=\"og:locale\" content=\"cs_CZ\" \/>\n<meta property=\"og:type\" content=\"article\" \/>\n<meta property=\"og:title\" content=\"Akce Grohe Eurocube Joy p\u00e1kov\u00e1 umyvadlov\u00e1 baterie S, chrom 23656000 -\" \/>\n<meta property=\"og:description\" content=\"Detailn\u00ed popis produktu Specifikace: Eurocube JoyP\u00e1kov\u00e1 umyvadlov\u00e1 baterieVelikost S jednootvorov\u00e1 mont\u00e1\u017e kovov\u00e1 p\u00e1ka GROHE FeatherControl&nbsp;Joystick kartu\u0161e GROHE StarLight\u00ae&nbsp;chromov\u00fd povrch GROHE EcoJoy\u00ae SpeedClean&nbsp;perl\u00e1tor 5,7 l\/min GROHE QuickFix\u00ae Plus&nbsp;rychloupev\u0148ovac\u00ed syst\u00e9m hladk\u00e9 t\u011blo flexi p\u0159ipojovac\u00ed hadi\u010dky Upozorn\u011bn\u00ed pro z\u00e1kazn\u00edky ke koupi produkt\u016f na objedn\u00e1n\u00ed:&nbsp;Toto zbo\u017e\u00ed nen\u00ed standardn\u00edm s\u00e9riov\u00fdm v\u00fdrobkem. Bude vyrobeno na p\u0159\u00e1n\u00ed z\u00e1kazn\u00edka a proto jej&nbsp;nelze dodavateli [&hellip;]\" \/>\n<meta property=\"og:url\" content=\"https:\/\/www.domkraftpro.com\/index.php\/produkt\/akce-grohe-eurocube-joy-pakova-umyvadlova-baterie-s-chrom-23656000-33571\/\" \/>\n<meta property=\"og:image\" content=\"https:\/\/www.domkraftpro.com\/wp-content\/uploads\/2026\/SK0006143-CZ20260425-093631-0-1777080994-171339-1_grohe-eurocube-joy-pakova-umyvadlova-baterie-s--ch.webp\" \/>\n\t<meta property=\"og:image:width\" content=\"1000\" \/>\n\t<meta property=\"og:image:height\" content=\"750\" \/>\n\t<meta property=\"og:image:type\" content=\"image\/webp\" \/>\n<meta name=\"twitter:card\" content=\"summary_large_image\" \/>\n<meta name=\"twitter:label1\" content=\"Odhadovan\u00e1 doba \u010dten\u00ed\" \/>\n\t<meta name=\"twitter:data1\" content=\"1 minuta\" \/>\n<script type=\"application\/ld+json\" class=\"yoast-schema-graph\">{\"@context\":\"https:\/\/schema.org\",\"@graph\":[{\"@type\":\"WebPage\",\"@id\":\"https:\/\/www.domkraftpro.com\/index.php\/produkt\/akce-grohe-eurocube-joy-pakova-umyvadlova-baterie-s-chrom-23656000-33571\/\",\"url\":\"https:\/\/www.domkraftpro.com\/index.php\/produkt\/akce-grohe-eurocube-joy-pakova-umyvadlova-baterie-s-chrom-23656000-33571\/\",\"name\":\"Akce Grohe Eurocube Joy p\u00e1kov\u00e1 umyvadlov\u00e1 baterie S, chrom 23656000 -\",\"isPartOf\":{\"@id\":\"https:\/\/www.domkraftpro.com\/#website\"},\"primaryImageOfPage\":{\"@id\":\"https:\/\/www.domkraftpro.com\/index.php\/produkt\/akce-grohe-eurocube-joy-pakova-umyvadlova-baterie-s-chrom-23656000-33571\/#primaryimage\"},\"image\":{\"@id\":\"https:\/\/www.domkraftpro.com\/index.php\/produkt\/akce-grohe-eurocube-joy-pakova-umyvadlova-baterie-s-chrom-23656000-33571\/#primaryimage\"},\"thumbnailUrl\":\"https:\/\/www.domkraftpro.com\/wp-content\/uploads\/2026\/SK0006143-CZ20260425-093631-0-1777080994-171339-1_grohe-eurocube-joy-pakova-umyvadlova-baterie-s--ch.webp\",\"datePublished\":\"2026-04-27T04:41:51+00:00\",\"breadcrumb\":{\"@id\":\"https:\/\/www.domkraftpro.com\/index.php\/produkt\/akce-grohe-eurocube-joy-pakova-umyvadlova-baterie-s-chrom-23656000-33571\/#breadcrumb\"},\"inLanguage\":\"cs\",\"potentialAction\":[{\"@type\":\"ReadAction\",\"target\":[\"https:\/\/www.domkraftpro.com\/index.php\/produkt\/akce-grohe-eurocube-joy-pakova-umyvadlova-baterie-s-chrom-23656000-33571\/\"]}]},{\"@type\":\"ImageObject\",\"inLanguage\":\"cs\",\"@id\":\"https:\/\/www.domkraftpro.com\/index.php\/produkt\/akce-grohe-eurocube-joy-pakova-umyvadlova-baterie-s-chrom-23656000-33571\/#primaryimage\",\"url\":\"https:\/\/www.domkraftpro.com\/wp-content\/uploads\/2026\/SK0006143-CZ20260425-093631-0-1777080994-171339-1_grohe-eurocube-joy-pakova-umyvadlova-baterie-s--ch.webp\",\"contentUrl\":\"https:\/\/www.domkraftpro.com\/wp-content\/uploads\/2026\/SK0006143-CZ20260425-093631-0-1777080994-171339-1_grohe-eurocube-joy-pakova-umyvadlova-baterie-s--ch.webp\",\"width\":1000,\"height\":750},{\"@type\":\"BreadcrumbList\",\"@id\":\"https:\/\/www.domkraftpro.com\/index.php\/produkt\/akce-grohe-eurocube-joy-pakova-umyvadlova-baterie-s-chrom-23656000-33571\/#breadcrumb\",\"itemListElement\":[{\"@type\":\"ListItem\",\"position\":1,\"name\":\"Home\",\"item\":\"https:\/\/www.domkraftpro.com\/\"},{\"@type\":\"ListItem\",\"position\":2,\"name\":\"Products\",\"item\":\"https:\/\/www.domkraftpro.com\/index.php\/products\/\"},{\"@type\":\"ListItem\",\"position\":3,\"name\":\"Akce Grohe Eurocube Joy p\u00e1kov\u00e1 umyvadlov\u00e1 baterie S, chrom 23656000\"}]},{\"@type\":\"WebSite\",\"@id\":\"https:\/\/www.domkraftpro.com\/#website\",\"url\":\"https:\/\/www.domkraftpro.com\/\",\"name\":\"\",\"description\":\"\",\"potentialAction\":[{\"@type\":\"SearchAction\",\"target\":{\"@type\":\"EntryPoint\",\"urlTemplate\":\"https:\/\/www.domkraftpro.com\/?s={search_term_string}\"},\"query-input\":{\"@type\":\"PropertyValueSpecification\",\"valueRequired\":true,\"valueName\":\"search_term_string\"}}],\"inLanguage\":\"cs\"}]}<\/script>\n<!-- \/ Yoast SEO plugin. -->","yoast_head_json":{"title":"Akce Grohe Eurocube Joy p\u00e1kov\u00e1 umyvadlov\u00e1 baterie S, chrom 23656000 -","robots":{"index":"index","follow":"follow","max-snippet":"max-snippet:-1","max-image-preview":"max-image-preview:large","max-video-preview":"max-video-preview:-1"},"canonical":"https:\/\/www.domkraftpro.com\/index.php\/produkt\/akce-grohe-eurocube-joy-pakova-umyvadlova-baterie-s-chrom-23656000-33571\/","og_locale":"cs_CZ","og_type":"article","og_title":"Akce Grohe Eurocube Joy p\u00e1kov\u00e1 umyvadlov\u00e1 baterie S, chrom 23656000 -","og_description":"Detailn\u00ed popis produktu Specifikace: Eurocube JoyP\u00e1kov\u00e1 umyvadlov\u00e1 baterieVelikost S jednootvorov\u00e1 mont\u00e1\u017e kovov\u00e1 p\u00e1ka GROHE FeatherControl&nbsp;Joystick kartu\u0161e GROHE StarLight\u00ae&nbsp;chromov\u00fd povrch GROHE EcoJoy\u00ae SpeedClean&nbsp;perl\u00e1tor 5,7 l\/min GROHE QuickFix\u00ae Plus&nbsp;rychloupev\u0148ovac\u00ed syst\u00e9m hladk\u00e9 t\u011blo flexi p\u0159ipojovac\u00ed hadi\u010dky Upozorn\u011bn\u00ed pro z\u00e1kazn\u00edky ke koupi produkt\u016f na objedn\u00e1n\u00ed:&nbsp;Toto zbo\u017e\u00ed nen\u00ed standardn\u00edm s\u00e9riov\u00fdm v\u00fdrobkem. Bude vyrobeno na p\u0159\u00e1n\u00ed z\u00e1kazn\u00edka a proto jej&nbsp;nelze dodavateli [&hellip;]","og_url":"https:\/\/www.domkraftpro.com\/index.php\/produkt\/akce-grohe-eurocube-joy-pakova-umyvadlova-baterie-s-chrom-23656000-33571\/","og_image":[{"width":1000,"height":750,"url":"https:\/\/www.domkraftpro.com\/wp-content\/uploads\/2026\/SK0006143-CZ20260425-093631-0-1777080994-171339-1_grohe-eurocube-joy-pakova-umyvadlova-baterie-s--ch.webp","type":"image\/webp"}],"twitter_card":"summary_large_image","twitter_misc":{"Odhadovan\u00e1 doba \u010dten\u00ed":"1 minuta"},"schema":{"@context":"https:\/\/schema.org","@graph":[{"@type":"WebPage","@id":"https:\/\/www.domkraftpro.com\/index.php\/produkt\/akce-grohe-eurocube-joy-pakova-umyvadlova-baterie-s-chrom-23656000-33571\/","url":"https:\/\/www.domkraftpro.com\/index.php\/produkt\/akce-grohe-eurocube-joy-pakova-umyvadlova-baterie-s-chrom-23656000-33571\/","name":"Akce Grohe Eurocube Joy p\u00e1kov\u00e1 umyvadlov\u00e1 baterie S, chrom 23656000 -","isPartOf":{"@id":"https:\/\/www.domkraftpro.com\/#website"},"primaryImageOfPage":{"@id":"https:\/\/www.domkraftpro.com\/index.php\/produkt\/akce-grohe-eurocube-joy-pakova-umyvadlova-baterie-s-chrom-23656000-33571\/#primaryimage"},"image":{"@id":"https:\/\/www.domkraftpro.com\/index.php\/produkt\/akce-grohe-eurocube-joy-pakova-umyvadlova-baterie-s-chrom-23656000-33571\/#primaryimage"},"thumbnailUrl":"https:\/\/www.domkraftpro.com\/wp-content\/uploads\/2026\/SK0006143-CZ20260425-093631-0-1777080994-171339-1_grohe-eurocube-joy-pakova-umyvadlova-baterie-s--ch.webp","datePublished":"2026-04-27T04:41:51+00:00","breadcrumb":{"@id":"https:\/\/www.domkraftpro.com\/index.php\/produkt\/akce-grohe-eurocube-joy-pakova-umyvadlova-baterie-s-chrom-23656000-33571\/#breadcrumb"},"inLanguage":"cs","potentialAction":[{"@type":"ReadAction","target":["https:\/\/www.domkraftpro.com\/index.php\/produkt\/akce-grohe-eurocube-joy-pakova-umyvadlova-baterie-s-chrom-23656000-33571\/"]}]},{"@type":"ImageObject","inLanguage":"cs","@id":"https:\/\/www.domkraftpro.com\/index.php\/produkt\/akce-grohe-eurocube-joy-pakova-umyvadlova-baterie-s-chrom-23656000-33571\/#primaryimage","url":"https:\/\/www.domkraftpro.com\/wp-content\/uploads\/2026\/SK0006143-CZ20260425-093631-0-1777080994-171339-1_grohe-eurocube-joy-pakova-umyvadlova-baterie-s--ch.webp","contentUrl":"https:\/\/www.domkraftpro.com\/wp-content\/uploads\/2026\/SK0006143-CZ20260425-093631-0-1777080994-171339-1_grohe-eurocube-joy-pakova-umyvadlova-baterie-s--ch.webp","width":1000,"height":750},{"@type":"BreadcrumbList","@id":"https:\/\/www.domkraftpro.com\/index.php\/produkt\/akce-grohe-eurocube-joy-pakova-umyvadlova-baterie-s-chrom-23656000-33571\/#breadcrumb","itemListElement":[{"@type":"ListItem","position":1,"name":"Home","item":"https:\/\/www.domkraftpro.com\/"},{"@type":"ListItem","position":2,"name":"Products","item":"https:\/\/www.domkraftpro.com\/index.php\/products\/"},{"@type":"ListItem","position":3,"name":"Akce Grohe Eurocube Joy p\u00e1kov\u00e1 umyvadlov\u00e1 baterie S, chrom 23656000"}]},{"@type":"WebSite","@id":"https:\/\/www.domkraftpro.com\/#website","url":"https:\/\/www.domkraftpro.com\/","name":"","description":"","potentialAction":[{"@type":"SearchAction","target":{"@type":"EntryPoint","urlTemplate":"https:\/\/www.domkraftpro.com\/?s={search_term_string}"},"query-input":{"@type":"PropertyValueSpecification","valueRequired":true,"valueName":"search_term_string"}}],"inLanguage":"cs"}]}},"_links":{"self":[{"href":"https:\/\/www.domkraftpro.com\/index.php\/wp-json\/wp\/v2\/product\/33571","targetHints":{"allow":["GET"]}}],"collection":[{"href":"https:\/\/www.domkraftpro.com\/index.php\/wp-json\/wp\/v2\/product"}],"about":[{"href":"https:\/\/www.domkraftpro.com\/index.php\/wp-json\/wp\/v2\/types\/product"}],"replies":[{"embeddable":true,"href":"https:\/\/www.domkraftpro.com\/index.php\/wp-json\/wp\/v2\/comments?post=33571"}],"wp:featuredmedia":[{"embeddable":true,"href":"https:\/\/www.domkraftpro.com\/index.php\/wp-json\/wp\/v2\/media\/33671"}],"wp:attachment":[{"href":"https:\/\/www.domkraftpro.com\/index.php\/wp-json\/wp\/v2\/media?parent=33571"}],"wp:term":[{"taxonomy":"product_brand","embeddable":true,"href":"https:\/\/www.domkraftpro.com\/index.php\/wp-json\/wp\/v2\/product_brand?post=33571"},{"taxonomy":"product_cat","embeddable":true,"href":"https:\/\/www.domkraftpro.com\/index.php\/wp-json\/wp\/v2\/product_cat?post=33571"},{"taxonomy":"product_tag","embeddable":true,"href":"https:\/\/www.domkraftpro.com\/index.php\/wp-json\/wp\/v2\/product_tag?post=33571"}],"curies":[{"name":"wp","href":"https:\/\/api.w.org\/{rel}","templated":true}]}}