{"id":33526,"date":"2026-04-27T04:41:51","date_gmt":"2026-04-27T04:41:51","guid":{"rendered":""},"modified":"2026-04-27T04:41:51","modified_gmt":"2026-04-27T04:41:51","slug":"sezonni-sleva-grohe-grohtherm-1000-performance-sprchovy-set-s-termostatem-na-zed-2-proudy-chrom-34787000-33526","status":"publish","type":"product","link":"https:\/\/www.domkraftpro.com\/index.php\/produkt\/sezonni-sleva-grohe-grohtherm-1000-performance-sprchovy-set-s-termostatem-na-zed-2-proudy-chrom-34787000-33526\/","title":{"rendered":"Sez\u00f3nn\u00ed Sleva Grohe Grohtherm 1000 Performance sprchov\u00fd set s termostatem na ze\u010f, 2 proudy, chrom 34787000"},"content":{"rendered":"<div class=\"basic-description\">\n<h3>Detailn\u00ed popis produktu<\/h3>\n<p><strong>Sprchov\u00e1 souprava obsahuje<\/strong><\/p>\n<p><strong>termostatickou sprchovou baterii Grohtherm 1000 Performance<\/strong><\/p>\n<ul>\n<li>mont\u00e1\u017e na st\u011bnu<\/li>\n<li><strong>GROHE EcoJoy<\/strong><span>&nbsp;<\/span>technologie pro n\u00edzkou spot\u0159ebu vody a perfektn\u00ed pr\u016ftok<\/li>\n<li><strong>GROHE CoolTouch<\/strong><span>&nbsp;<\/span>technologie zabra\u0148uj\u00edc\u00ed opa\u0159en\u00ed<\/li>\n<li><strong>GROHE StarLight<\/strong><span>&nbsp;<\/span>chromov\u00fd povrch<\/li>\n<li><strong>GROHE SafeStop<\/strong><span>&nbsp;<\/span>bezpe\u010dnostn\u00ed tla\u010d\u00edtko na 38\u00b0C<\/li>\n<li><strong>GROHE SafeStop Plus<\/strong><span>&nbsp;<\/span>integrovan\u00fd teplotn\u00ed omezova\u010d na max 50\u00b0C<\/li>\n<li><strong>GROHE TurboStat<\/strong><span>&nbsp;<\/span>C3 kompaktn\u00ed kartu\u0161e s voskovan\u00fdm termo\u010dl\u00e1nkem<\/li>\n<li><strong>GROHE ProGrip<\/strong>&nbsp;ergonomicky vroubkovan\u00e9 rukojeti pro snadnou manipulaci<\/li>\n<li>integrovan\u00fd uz\u00e1v\u011br sm\u00ed\u0161en\u00e9 vody<\/li>\n<li>ovl\u00e1d\u00e1n\u00ed pr\u016ftoku \u00fasporn\u00fdm tla\u010d\u00edtkem a individu\u00e1ln\u011b nastavitelnou \u00faspornou zar\u00e1\u017ekou<\/li>\n<li>keramick\u00fd vr\u0161ek DN 15, 180\u00b0<\/li>\n<li>v\u00fdstup sprchy dole DN 15<\/li>\n<li>integrovan\u00e9 zp\u011btn\u00e9 klapky<\/li>\n<li>zachyt\u00e1va\u010d ne\u010distot<\/li>\n<li>S-p\u0159\u00edpojky<\/li>\n<li>zaji\u0161t\u011bno proti zp\u011btn\u00e9mu toku<\/li>\n<li>kovov\u00e1 rozeta<\/li>\n<\/ul>\n<p><strong>ru\u010dn\u00ed sprchu Tempesta Cosmopolitan<\/strong><\/p>\n<ul>\n<li>pr\u016fm\u011br hlavice: 100 mm<\/li>\n<li>sprchov\u00fd proud:<span>&nbsp;<\/span><strong>Rain, Jet<\/strong><\/li>\n<li><strong>GROHE DreamSpray<\/strong>&nbsp;perfektn\u00ed vodn\u00ed paprsky<\/li>\n<li><strong>GROHE StarLight<\/strong><span>&nbsp;<\/span>chromov\u00fd povrch<\/li>\n<li><strong>GROHE SpeedClean&nbsp;<\/strong>&#8211; odstran\u011bn\u00ed&nbsp;vodn\u00edho kamene p\u0159et\u0159en\u00edm<\/li>\n<li>vnit\u0159n\u00ed WaterGuide&nbsp;pro del\u0161\u00ed \u017eivotnost<\/li>\n<li>vhodn\u00e9 pro pr\u016ftokov\u00e9 oh\u0159\u00edva\u010de vody<\/li>\n<li>doporu\u010den\u00fd minim\u00e1ln\u00ed tlak vody 1,0 bar<\/li>\n<\/ul>\n<p><strong>sprchovou ty\u010d 600 mm a sprchovou hadici Relexaflex 1750 mm<\/strong><\/p>\n<\/p><\/div>\n","protected":false},"excerpt":{"rendered":"<p>Detailn\u00ed popis produktu Sprchov\u00e1 souprava obsahuje termostatickou sprchovou baterii Grohtherm 1000 Performance mont\u00e1\u017e na st\u011bnu GROHE EcoJoy&nbsp;technologie pro n\u00edzkou spot\u0159ebu vody a perfektn\u00ed pr\u016ftok GROHE CoolTouch&nbsp;technologie zabra\u0148uj\u00edc\u00ed opa\u0159en\u00ed GROHE StarLight&nbsp;chromov\u00fd povrch GROHE SafeStop&nbsp;bezpe\u010dnostn\u00ed tla\u010d\u00edtko na 38\u00b0C GROHE SafeStop Plus&nbsp;integrovan\u00fd teplotn\u00ed omezova\u010d na max 50\u00b0C GROHE TurboStat&nbsp;C3 kompaktn\u00ed kartu\u0161e s voskovan\u00fdm termo\u010dl\u00e1nkem GROHE ProGrip&nbsp;ergonomicky vroubkovan\u00e9 rukojeti [&hellip;]<\/p>\n","protected":false},"featured_media":33626,"comment_status":"open","ping_status":"open","template":"","meta":[],"product_brand":[],"product_cat":[112],"product_tag":[],"class_list":{"0":"post-33526","1":"product","2":"type-product","3":"status-publish","4":"has-post-thumbnail","6":"product_cat-sprchovy-program","8":"first","9":"instock","10":"sale","11":"shipping-taxable","12":"purchasable","13":"product-type-simple"},"yoast_head":"<!-- This site is optimized with the Yoast SEO plugin v26.8 - https:\/\/yoast.com\/product\/yoast-seo-wordpress\/ -->\n<title>Sez\u00f3nn\u00ed Sleva Grohe Grohtherm 1000 Performance sprchov\u00fd set s termostatem na ze\u010f, 2 proudy, chrom 34787000 -<\/title>\n<meta name=\"robots\" content=\"index, follow, max-snippet:-1, max-image-preview:large, max-video-preview:-1\" \/>\n<link rel=\"canonical\" href=\"https:\/\/www.domkraftpro.com\/index.php\/produkt\/sezonni-sleva-grohe-grohtherm-1000-performance-sprchovy-set-s-termostatem-na-zed-2-proudy-chrom-34787000-33526\/\" \/>\n<meta property=\"og:locale\" content=\"cs_CZ\" \/>\n<meta property=\"og:type\" content=\"article\" \/>\n<meta property=\"og:title\" content=\"Sez\u00f3nn\u00ed Sleva Grohe Grohtherm 1000 Performance sprchov\u00fd set s termostatem na ze\u010f, 2 proudy, chrom 34787000 -\" \/>\n<meta property=\"og:description\" content=\"Detailn\u00ed popis produktu Sprchov\u00e1 souprava obsahuje termostatickou sprchovou baterii Grohtherm 1000 Performance mont\u00e1\u017e na st\u011bnu GROHE EcoJoy&nbsp;technologie pro n\u00edzkou spot\u0159ebu vody a perfektn\u00ed pr\u016ftok GROHE CoolTouch&nbsp;technologie zabra\u0148uj\u00edc\u00ed opa\u0159en\u00ed GROHE StarLight&nbsp;chromov\u00fd povrch GROHE SafeStop&nbsp;bezpe\u010dnostn\u00ed tla\u010d\u00edtko na 38\u00b0C GROHE SafeStop Plus&nbsp;integrovan\u00fd teplotn\u00ed omezova\u010d na max 50\u00b0C GROHE TurboStat&nbsp;C3 kompaktn\u00ed kartu\u0161e s voskovan\u00fdm termo\u010dl\u00e1nkem GROHE ProGrip&nbsp;ergonomicky vroubkovan\u00e9 rukojeti [&hellip;]\" \/>\n<meta property=\"og:url\" content=\"https:\/\/www.domkraftpro.com\/index.php\/produkt\/sezonni-sleva-grohe-grohtherm-1000-performance-sprchovy-set-s-termostatem-na-zed-2-proudy-chrom-34787000-33526\/\" \/>\n<meta property=\"og:image\" content=\"https:\/\/www.domkraftpro.com\/wp-content\/uploads\/2026\/SK0006088-CZ20260425-093631-0-1777080994-171078_grohe-grohtherm-1000-performance-sprchovy-set-s-term.webp\" \/>\n\t<meta property=\"og:image:width\" content=\"1000\" \/>\n\t<meta property=\"og:image:height\" content=\"750\" \/>\n\t<meta property=\"og:image:type\" content=\"image\/webp\" \/>\n<meta name=\"twitter:card\" content=\"summary_large_image\" \/>\n<meta name=\"twitter:label1\" content=\"Odhadovan\u00e1 doba \u010dten\u00ed\" \/>\n\t<meta name=\"twitter:data1\" content=\"1 minuta\" \/>\n<script type=\"application\/ld+json\" class=\"yoast-schema-graph\">{\"@context\":\"https:\/\/schema.org\",\"@graph\":[{\"@type\":\"WebPage\",\"@id\":\"https:\/\/www.domkraftpro.com\/index.php\/produkt\/sezonni-sleva-grohe-grohtherm-1000-performance-sprchovy-set-s-termostatem-na-zed-2-proudy-chrom-34787000-33526\/\",\"url\":\"https:\/\/www.domkraftpro.com\/index.php\/produkt\/sezonni-sleva-grohe-grohtherm-1000-performance-sprchovy-set-s-termostatem-na-zed-2-proudy-chrom-34787000-33526\/\",\"name\":\"Sez\u00f3nn\u00ed Sleva Grohe Grohtherm 1000 Performance sprchov\u00fd set s termostatem na ze\u010f, 2 proudy, chrom 34787000 -\",\"isPartOf\":{\"@id\":\"https:\/\/www.domkraftpro.com\/#website\"},\"primaryImageOfPage\":{\"@id\":\"https:\/\/www.domkraftpro.com\/index.php\/produkt\/sezonni-sleva-grohe-grohtherm-1000-performance-sprchovy-set-s-termostatem-na-zed-2-proudy-chrom-34787000-33526\/#primaryimage\"},\"image\":{\"@id\":\"https:\/\/www.domkraftpro.com\/index.php\/produkt\/sezonni-sleva-grohe-grohtherm-1000-performance-sprchovy-set-s-termostatem-na-zed-2-proudy-chrom-34787000-33526\/#primaryimage\"},\"thumbnailUrl\":\"https:\/\/www.domkraftpro.com\/wp-content\/uploads\/2026\/SK0006088-CZ20260425-093631-0-1777080994-171078_grohe-grohtherm-1000-performance-sprchovy-set-s-term.webp\",\"datePublished\":\"2026-04-27T04:41:51+00:00\",\"breadcrumb\":{\"@id\":\"https:\/\/www.domkraftpro.com\/index.php\/produkt\/sezonni-sleva-grohe-grohtherm-1000-performance-sprchovy-set-s-termostatem-na-zed-2-proudy-chrom-34787000-33526\/#breadcrumb\"},\"inLanguage\":\"cs\",\"potentialAction\":[{\"@type\":\"ReadAction\",\"target\":[\"https:\/\/www.domkraftpro.com\/index.php\/produkt\/sezonni-sleva-grohe-grohtherm-1000-performance-sprchovy-set-s-termostatem-na-zed-2-proudy-chrom-34787000-33526\/\"]}]},{\"@type\":\"ImageObject\",\"inLanguage\":\"cs\",\"@id\":\"https:\/\/www.domkraftpro.com\/index.php\/produkt\/sezonni-sleva-grohe-grohtherm-1000-performance-sprchovy-set-s-termostatem-na-zed-2-proudy-chrom-34787000-33526\/#primaryimage\",\"url\":\"https:\/\/www.domkraftpro.com\/wp-content\/uploads\/2026\/SK0006088-CZ20260425-093631-0-1777080994-171078_grohe-grohtherm-1000-performance-sprchovy-set-s-term.webp\",\"contentUrl\":\"https:\/\/www.domkraftpro.com\/wp-content\/uploads\/2026\/SK0006088-CZ20260425-093631-0-1777080994-171078_grohe-grohtherm-1000-performance-sprchovy-set-s-term.webp\",\"width\":1000,\"height\":750},{\"@type\":\"BreadcrumbList\",\"@id\":\"https:\/\/www.domkraftpro.com\/index.php\/produkt\/sezonni-sleva-grohe-grohtherm-1000-performance-sprchovy-set-s-termostatem-na-zed-2-proudy-chrom-34787000-33526\/#breadcrumb\",\"itemListElement\":[{\"@type\":\"ListItem\",\"position\":1,\"name\":\"Home\",\"item\":\"https:\/\/www.domkraftpro.com\/\"},{\"@type\":\"ListItem\",\"position\":2,\"name\":\"Products\",\"item\":\"https:\/\/www.domkraftpro.com\/index.php\/products\/\"},{\"@type\":\"ListItem\",\"position\":3,\"name\":\"Sez\u00f3nn\u00ed Sleva Grohe Grohtherm 1000 Performance sprchov\u00fd set s termostatem na ze\u010f, 2 proudy, chrom 34787000\"}]},{\"@type\":\"WebSite\",\"@id\":\"https:\/\/www.domkraftpro.com\/#website\",\"url\":\"https:\/\/www.domkraftpro.com\/\",\"name\":\"\",\"description\":\"\",\"potentialAction\":[{\"@type\":\"SearchAction\",\"target\":{\"@type\":\"EntryPoint\",\"urlTemplate\":\"https:\/\/www.domkraftpro.com\/?s={search_term_string}\"},\"query-input\":{\"@type\":\"PropertyValueSpecification\",\"valueRequired\":true,\"valueName\":\"search_term_string\"}}],\"inLanguage\":\"cs\"}]}<\/script>\n<!-- \/ Yoast SEO plugin. -->","yoast_head_json":{"title":"Sez\u00f3nn\u00ed Sleva Grohe Grohtherm 1000 Performance sprchov\u00fd set s termostatem na ze\u010f, 2 proudy, chrom 34787000 -","robots":{"index":"index","follow":"follow","max-snippet":"max-snippet:-1","max-image-preview":"max-image-preview:large","max-video-preview":"max-video-preview:-1"},"canonical":"https:\/\/www.domkraftpro.com\/index.php\/produkt\/sezonni-sleva-grohe-grohtherm-1000-performance-sprchovy-set-s-termostatem-na-zed-2-proudy-chrom-34787000-33526\/","og_locale":"cs_CZ","og_type":"article","og_title":"Sez\u00f3nn\u00ed Sleva Grohe Grohtherm 1000 Performance sprchov\u00fd set s termostatem na ze\u010f, 2 proudy, chrom 34787000 -","og_description":"Detailn\u00ed popis produktu Sprchov\u00e1 souprava obsahuje termostatickou sprchovou baterii Grohtherm 1000 Performance mont\u00e1\u017e na st\u011bnu GROHE EcoJoy&nbsp;technologie pro n\u00edzkou spot\u0159ebu vody a perfektn\u00ed pr\u016ftok GROHE CoolTouch&nbsp;technologie zabra\u0148uj\u00edc\u00ed opa\u0159en\u00ed GROHE StarLight&nbsp;chromov\u00fd povrch GROHE SafeStop&nbsp;bezpe\u010dnostn\u00ed tla\u010d\u00edtko na 38\u00b0C GROHE SafeStop Plus&nbsp;integrovan\u00fd teplotn\u00ed omezova\u010d na max 50\u00b0C GROHE TurboStat&nbsp;C3 kompaktn\u00ed kartu\u0161e s voskovan\u00fdm termo\u010dl\u00e1nkem GROHE ProGrip&nbsp;ergonomicky vroubkovan\u00e9 rukojeti [&hellip;]","og_url":"https:\/\/www.domkraftpro.com\/index.php\/produkt\/sezonni-sleva-grohe-grohtherm-1000-performance-sprchovy-set-s-termostatem-na-zed-2-proudy-chrom-34787000-33526\/","og_image":[{"width":1000,"height":750,"url":"https:\/\/www.domkraftpro.com\/wp-content\/uploads\/2026\/SK0006088-CZ20260425-093631-0-1777080994-171078_grohe-grohtherm-1000-performance-sprchovy-set-s-term.webp","type":"image\/webp"}],"twitter_card":"summary_large_image","twitter_misc":{"Odhadovan\u00e1 doba \u010dten\u00ed":"1 minuta"},"schema":{"@context":"https:\/\/schema.org","@graph":[{"@type":"WebPage","@id":"https:\/\/www.domkraftpro.com\/index.php\/produkt\/sezonni-sleva-grohe-grohtherm-1000-performance-sprchovy-set-s-termostatem-na-zed-2-proudy-chrom-34787000-33526\/","url":"https:\/\/www.domkraftpro.com\/index.php\/produkt\/sezonni-sleva-grohe-grohtherm-1000-performance-sprchovy-set-s-termostatem-na-zed-2-proudy-chrom-34787000-33526\/","name":"Sez\u00f3nn\u00ed Sleva Grohe Grohtherm 1000 Performance sprchov\u00fd set s termostatem na ze\u010f, 2 proudy, chrom 34787000 -","isPartOf":{"@id":"https:\/\/www.domkraftpro.com\/#website"},"primaryImageOfPage":{"@id":"https:\/\/www.domkraftpro.com\/index.php\/produkt\/sezonni-sleva-grohe-grohtherm-1000-performance-sprchovy-set-s-termostatem-na-zed-2-proudy-chrom-34787000-33526\/#primaryimage"},"image":{"@id":"https:\/\/www.domkraftpro.com\/index.php\/produkt\/sezonni-sleva-grohe-grohtherm-1000-performance-sprchovy-set-s-termostatem-na-zed-2-proudy-chrom-34787000-33526\/#primaryimage"},"thumbnailUrl":"https:\/\/www.domkraftpro.com\/wp-content\/uploads\/2026\/SK0006088-CZ20260425-093631-0-1777080994-171078_grohe-grohtherm-1000-performance-sprchovy-set-s-term.webp","datePublished":"2026-04-27T04:41:51+00:00","breadcrumb":{"@id":"https:\/\/www.domkraftpro.com\/index.php\/produkt\/sezonni-sleva-grohe-grohtherm-1000-performance-sprchovy-set-s-termostatem-na-zed-2-proudy-chrom-34787000-33526\/#breadcrumb"},"inLanguage":"cs","potentialAction":[{"@type":"ReadAction","target":["https:\/\/www.domkraftpro.com\/index.php\/produkt\/sezonni-sleva-grohe-grohtherm-1000-performance-sprchovy-set-s-termostatem-na-zed-2-proudy-chrom-34787000-33526\/"]}]},{"@type":"ImageObject","inLanguage":"cs","@id":"https:\/\/www.domkraftpro.com\/index.php\/produkt\/sezonni-sleva-grohe-grohtherm-1000-performance-sprchovy-set-s-termostatem-na-zed-2-proudy-chrom-34787000-33526\/#primaryimage","url":"https:\/\/www.domkraftpro.com\/wp-content\/uploads\/2026\/SK0006088-CZ20260425-093631-0-1777080994-171078_grohe-grohtherm-1000-performance-sprchovy-set-s-term.webp","contentUrl":"https:\/\/www.domkraftpro.com\/wp-content\/uploads\/2026\/SK0006088-CZ20260425-093631-0-1777080994-171078_grohe-grohtherm-1000-performance-sprchovy-set-s-term.webp","width":1000,"height":750},{"@type":"BreadcrumbList","@id":"https:\/\/www.domkraftpro.com\/index.php\/produkt\/sezonni-sleva-grohe-grohtherm-1000-performance-sprchovy-set-s-termostatem-na-zed-2-proudy-chrom-34787000-33526\/#breadcrumb","itemListElement":[{"@type":"ListItem","position":1,"name":"Home","item":"https:\/\/www.domkraftpro.com\/"},{"@type":"ListItem","position":2,"name":"Products","item":"https:\/\/www.domkraftpro.com\/index.php\/products\/"},{"@type":"ListItem","position":3,"name":"Sez\u00f3nn\u00ed Sleva Grohe Grohtherm 1000 Performance sprchov\u00fd set s termostatem na ze\u010f, 2 proudy, chrom 34787000"}]},{"@type":"WebSite","@id":"https:\/\/www.domkraftpro.com\/#website","url":"https:\/\/www.domkraftpro.com\/","name":"","description":"","potentialAction":[{"@type":"SearchAction","target":{"@type":"EntryPoint","urlTemplate":"https:\/\/www.domkraftpro.com\/?s={search_term_string}"},"query-input":{"@type":"PropertyValueSpecification","valueRequired":true,"valueName":"search_term_string"}}],"inLanguage":"cs"}]}},"_links":{"self":[{"href":"https:\/\/www.domkraftpro.com\/index.php\/wp-json\/wp\/v2\/product\/33526","targetHints":{"allow":["GET"]}}],"collection":[{"href":"https:\/\/www.domkraftpro.com\/index.php\/wp-json\/wp\/v2\/product"}],"about":[{"href":"https:\/\/www.domkraftpro.com\/index.php\/wp-json\/wp\/v2\/types\/product"}],"replies":[{"embeddable":true,"href":"https:\/\/www.domkraftpro.com\/index.php\/wp-json\/wp\/v2\/comments?post=33526"}],"wp:featuredmedia":[{"embeddable":true,"href":"https:\/\/www.domkraftpro.com\/index.php\/wp-json\/wp\/v2\/media\/33626"}],"wp:attachment":[{"href":"https:\/\/www.domkraftpro.com\/index.php\/wp-json\/wp\/v2\/media?parent=33526"}],"wp:term":[{"taxonomy":"product_brand","embeddable":true,"href":"https:\/\/www.domkraftpro.com\/index.php\/wp-json\/wp\/v2\/product_brand?post=33526"},{"taxonomy":"product_cat","embeddable":true,"href":"https:\/\/www.domkraftpro.com\/index.php\/wp-json\/wp\/v2\/product_cat?post=33526"},{"taxonomy":"product_tag","embeddable":true,"href":"https:\/\/www.domkraftpro.com\/index.php\/wp-json\/wp\/v2\/product_tag?post=33526"}],"curies":[{"name":"wp","href":"https:\/\/api.w.org\/{rel}","templated":true}]}}