{"id":33510,"date":"2026-04-27T04:41:51","date_gmt":"2026-04-27T04:41:51","guid":{"rendered":""},"modified":"2026-04-27T04:41:51","modified_gmt":"2026-04-27T04:41:51","slug":"doprava-zdarma-grohe-grohtherm-1000-sprchovy-set-s-termostatem-na-zed-roztec-120-mm-chrom-34153004-33510","status":"publish","type":"product","link":"https:\/\/www.domkraftpro.com\/index.php\/produkt\/doprava-zdarma-grohe-grohtherm-1000-sprchovy-set-s-termostatem-na-zed-roztec-120-mm-chrom-34153004-33510\/","title":{"rendered":"Doprava Zdarma Grohe Grohtherm 1000 sprchov\u00fd set s termostatem na ze\u010f, rozte\u010d 120 mm, chrom 34153004"},"content":{"rendered":"<div class=\"basic-description\">\n<h3>Detailn\u00ed popis produktu<\/h3>\n<p><strong>Sprchov\u00fd set obsahuje<\/strong><\/p>\n<p><strong>termostatickou sprchovou baterii Grohtherm 1000 (34147003)<\/strong><\/p>\n<ul>\n<li><strong>rozte\u010d 120 mm<\/strong><span> <\/span>(pozor, nestandardn\u00ed rozm\u011br)<\/li>\n<li>mont\u00e1\u017e na st\u011bnu<\/li>\n<li><strong>GROHE CoolTouch<\/strong> technologie zabra\u0148uj\u00edc\u00ed opa\u0159en\u00ed<\/li>\n<li><strong>GROHE StarLight<\/strong> chromov\u00fd povrch<\/li>\n<li><strong>GROHE MetalGrip<\/strong> ergonomicky tvarovan\u00e1 kovov\u00e1 ram\u00e9nka<\/li>\n<li><strong>GROHE SafeStop<\/strong> bezpe\u010dnostn\u00ed zar\u00e1\u017eka p\u0159i 38\u00b0C<\/li>\n<li><strong>GROHE SafeStop Plus<\/strong> voliteln\u00fd omezova\u010d teploty p\u0159i 43\u00b0C<\/li>\n<li><strong>GROHE EcoJoy<\/strong> technologie pro n\u00edzkou spot\u0159ebu vody a perfektn\u00ed pr\u016ftok<\/li>\n<li>kompaktn\u00ed kartu\u0161e s termoprvkem<\/li>\n<li>integrovan\u00fd uz\u00e1v\u011br sm\u00ed\u0161en\u00e9 vody<\/li>\n<li>ovl\u00e1d\u00e1n\u00ed pr\u016ftoku s \u00fasporn\u00fdm tla\u010d\u00edtkem a individu\u00e1ln\u011b nastavitelnou \u00faspornou zar\u00e1\u017ekou<\/li>\n<li>keramick\u00fd vr\u0161ek DN 15, 180\u00b0<\/li>\n<li>v\u00fdstup sprchy dole DN 15<\/li>\n<li>integrovan\u00e9 zp\u011btn\u00e9 klapky<\/li>\n<li>s\u00ed\u0165ka na ne\u010distoty<\/li>\n<li>zaji\u0161t\u011bno proti zp\u011btn\u00e9mu toku<\/li>\n<li>bez p\u0159\u00edpojek<\/li>\n<li>minim\u00e1ln\u00ed tlak 1,0 bar<\/li>\n<\/ul>\n<p><strong>sprchov\u00fd set New Tempesta (27598)<\/strong><\/p>\n<ul>\n<li>sprchov\u00e1 ty\u010d o d\u00e9lce 600 mm<\/li>\n<li>ru\u010dn\u00ed sprcha s proudy Rain a Jet<\/li>\n<li>sprchov\u00e1 hadice o d\u00e9lce 1750 mm<\/li>\n<\/ul>\n<p><strong>Sprchov\u00fd proud Rain<\/strong><br \/>Tento jemn\u00fd, \u0161etrn\u00fd re\u017eim proudu imituje tepl\u00fd letn\u00ed d\u00e9\u0161\u0165, kter\u00fd uklidn\u00ed va\u0161e t\u011blo i mysl a odplav\u00ed ve\u0161ker\u00e9 nap\u011bt\u00ed a stres.<\/p>\n<p><strong>Sprchov\u00fd proud Jet<\/strong><br \/>Revitalizuj\u00edc\u00ed mas\u00e1\u017e a efektivn\u00ed o\u010dista. Dokonal\u00e1 kombinace \u2013 v p\u0159\u00edpad\u011b, \u017ee pot\u0159ebujete dodat \u010derstvou energii, re\u017eim proudu <strong>Jet<\/strong> v\u00e1m v podob\u011b dynamick\u00e9 trysky poskytne skute\u010dn\u00e9 osv\u011b\u017een\u00ed. A po konci sprchy m\u016f\u017eete siln\u00e9ho sprchov\u00e9ho proudu vyu\u017e\u00edt k \u010di\u0161t\u011bn\u00ed sprchov\u00e9ho koutu \u010di vany.<\/p>\n<p><strong>Upozorn\u011bn\u00ed pro z\u00e1kazn\u00edky ke koupi produkt\u016f na objedn\u00e1n\u00ed:<\/strong> Toto zbo\u017e\u00ed nen\u00ed standardn\u00edm s\u00e9riov\u00fdm v\u00fdrobkem. Bude vyrobeno na p\u0159\u00e1n\u00ed z\u00e1kazn\u00edka a proto jej nelze dodavateli v z\u00e1konn\u00e9 lh\u016ft\u011b vr\u00e1tit. (viz \u00a71837 odst.d, ob\u010dansk\u00e9ho z\u00e1kon\u00edku). V tomto p\u0159\u00edpad\u011b m\u016f\u017eeme po\u017eadovat nevratnou z\u00e1lohu a\u017e do v\u00fd\u0161e 100% z ceny v\u00fdrobku.<\/p>\n<p><strong>Upozorn\u011bn\u00ed pro z\u00e1kazn\u00edky ke koupi produkt\u016f na objedn\u00e1n\u00ed:<\/strong><span>&nbsp;Toto zbo\u017e\u00ed nen\u00ed standardn\u00edm s\u00e9riov\u00fdm v\u00fdrobkem. Bude vyrobeno na p\u0159\u00e1n\u00ed z\u00e1kazn\u00edka a proto jej&nbsp;<\/span><strong>nelze dodavateli v z\u00e1konn\u00e9 lh\u016ft\u011b vr\u00e1tit<\/strong><span>. (viz \u00a71837 odst.d, ob\u010dansk\u00e9ho z\u00e1kon\u00edku). V tomto p\u0159\u00edpad\u011b m\u016f\u017eeme po\u017eadovat nevratnou z\u00e1lohu a\u017e do v\u00fd\u0161e 100 % z ceny v\u00fdrobku.<\/span><\/p>\n<\/p><\/div>\n","protected":false},"excerpt":{"rendered":"<p>Detailn\u00ed popis produktu Sprchov\u00fd set obsahuje termostatickou sprchovou baterii Grohtherm 1000 (34147003) rozte\u010d 120 mm (pozor, nestandardn\u00ed rozm\u011br) mont\u00e1\u017e na st\u011bnu GROHE CoolTouch technologie zabra\u0148uj\u00edc\u00ed opa\u0159en\u00ed GROHE StarLight chromov\u00fd povrch GROHE MetalGrip ergonomicky tvarovan\u00e1 kovov\u00e1 ram\u00e9nka GROHE SafeStop bezpe\u010dnostn\u00ed zar\u00e1\u017eka p\u0159i 38\u00b0C GROHE SafeStop Plus voliteln\u00fd omezova\u010d teploty p\u0159i 43\u00b0C GROHE EcoJoy technologie pro n\u00edzkou [&hellip;]<\/p>\n","protected":false},"featured_media":33610,"comment_status":"open","ping_status":"open","template":"","meta":[],"product_brand":[],"product_cat":[112],"product_tag":[],"class_list":{"0":"post-33510","1":"product","2":"type-product","3":"status-publish","4":"has-post-thumbnail","6":"product_cat-sprchovy-program","8":"first","9":"instock","10":"sale","11":"shipping-taxable","12":"purchasable","13":"product-type-simple"},"yoast_head":"<!-- This site is optimized with the Yoast SEO plugin v26.8 - https:\/\/yoast.com\/product\/yoast-seo-wordpress\/ -->\n<title>Doprava Zdarma Grohe Grohtherm 1000 sprchov\u00fd set s termostatem na ze\u010f, rozte\u010d 120 mm, chrom 34153004 -<\/title>\n<meta name=\"robots\" content=\"index, follow, max-snippet:-1, max-image-preview:large, max-video-preview:-1\" \/>\n<link rel=\"canonical\" href=\"https:\/\/www.domkraftpro.com\/index.php\/produkt\/doprava-zdarma-grohe-grohtherm-1000-sprchovy-set-s-termostatem-na-zed-roztec-120-mm-chrom-34153004-33510\/\" \/>\n<meta property=\"og:locale\" content=\"cs_CZ\" \/>\n<meta property=\"og:type\" content=\"article\" \/>\n<meta property=\"og:title\" content=\"Doprava Zdarma Grohe Grohtherm 1000 sprchov\u00fd set s termostatem na ze\u010f, rozte\u010d 120 mm, chrom 34153004 -\" \/>\n<meta property=\"og:description\" content=\"Detailn\u00ed popis produktu Sprchov\u00fd set obsahuje termostatickou sprchovou baterii Grohtherm 1000 (34147003) rozte\u010d 120 mm (pozor, nestandardn\u00ed rozm\u011br) mont\u00e1\u017e na st\u011bnu GROHE CoolTouch technologie zabra\u0148uj\u00edc\u00ed opa\u0159en\u00ed GROHE StarLight chromov\u00fd povrch GROHE MetalGrip ergonomicky tvarovan\u00e1 kovov\u00e1 ram\u00e9nka GROHE SafeStop bezpe\u010dnostn\u00ed zar\u00e1\u017eka p\u0159i 38\u00b0C GROHE SafeStop Plus voliteln\u00fd omezova\u010d teploty p\u0159i 43\u00b0C GROHE EcoJoy technologie pro n\u00edzkou [&hellip;]\" \/>\n<meta property=\"og:url\" content=\"https:\/\/www.domkraftpro.com\/index.php\/produkt\/doprava-zdarma-grohe-grohtherm-1000-sprchovy-set-s-termostatem-na-zed-roztec-120-mm-chrom-34153004-33510\/\" \/>\n<meta property=\"og:image\" content=\"https:\/\/www.domkraftpro.com\/wp-content\/uploads\/2026\/SK0006072-CZ20260425-093631-0-1777080994-171018_grohe-grohtherm-sprchovy-set-s-termostatem-na-zed--r.webp\" \/>\n\t<meta property=\"og:image:width\" content=\"1000\" \/>\n\t<meta property=\"og:image:height\" content=\"750\" \/>\n\t<meta property=\"og:image:type\" content=\"image\/webp\" \/>\n<meta name=\"twitter:card\" content=\"summary_large_image\" \/>\n<meta name=\"twitter:label1\" content=\"Odhadovan\u00e1 doba \u010dten\u00ed\" \/>\n\t<meta name=\"twitter:data1\" content=\"2 minuty\" \/>\n<script type=\"application\/ld+json\" class=\"yoast-schema-graph\">{\"@context\":\"https:\/\/schema.org\",\"@graph\":[{\"@type\":\"WebPage\",\"@id\":\"https:\/\/www.domkraftpro.com\/index.php\/produkt\/doprava-zdarma-grohe-grohtherm-1000-sprchovy-set-s-termostatem-na-zed-roztec-120-mm-chrom-34153004-33510\/\",\"url\":\"https:\/\/www.domkraftpro.com\/index.php\/produkt\/doprava-zdarma-grohe-grohtherm-1000-sprchovy-set-s-termostatem-na-zed-roztec-120-mm-chrom-34153004-33510\/\",\"name\":\"Doprava Zdarma Grohe Grohtherm 1000 sprchov\u00fd set s termostatem na ze\u010f, rozte\u010d 120 mm, chrom 34153004 -\",\"isPartOf\":{\"@id\":\"https:\/\/www.domkraftpro.com\/#website\"},\"primaryImageOfPage\":{\"@id\":\"https:\/\/www.domkraftpro.com\/index.php\/produkt\/doprava-zdarma-grohe-grohtherm-1000-sprchovy-set-s-termostatem-na-zed-roztec-120-mm-chrom-34153004-33510\/#primaryimage\"},\"image\":{\"@id\":\"https:\/\/www.domkraftpro.com\/index.php\/produkt\/doprava-zdarma-grohe-grohtherm-1000-sprchovy-set-s-termostatem-na-zed-roztec-120-mm-chrom-34153004-33510\/#primaryimage\"},\"thumbnailUrl\":\"https:\/\/www.domkraftpro.com\/wp-content\/uploads\/2026\/SK0006072-CZ20260425-093631-0-1777080994-171018_grohe-grohtherm-sprchovy-set-s-termostatem-na-zed--r.webp\",\"datePublished\":\"2026-04-27T04:41:51+00:00\",\"breadcrumb\":{\"@id\":\"https:\/\/www.domkraftpro.com\/index.php\/produkt\/doprava-zdarma-grohe-grohtherm-1000-sprchovy-set-s-termostatem-na-zed-roztec-120-mm-chrom-34153004-33510\/#breadcrumb\"},\"inLanguage\":\"cs\",\"potentialAction\":[{\"@type\":\"ReadAction\",\"target\":[\"https:\/\/www.domkraftpro.com\/index.php\/produkt\/doprava-zdarma-grohe-grohtherm-1000-sprchovy-set-s-termostatem-na-zed-roztec-120-mm-chrom-34153004-33510\/\"]}]},{\"@type\":\"ImageObject\",\"inLanguage\":\"cs\",\"@id\":\"https:\/\/www.domkraftpro.com\/index.php\/produkt\/doprava-zdarma-grohe-grohtherm-1000-sprchovy-set-s-termostatem-na-zed-roztec-120-mm-chrom-34153004-33510\/#primaryimage\",\"url\":\"https:\/\/www.domkraftpro.com\/wp-content\/uploads\/2026\/SK0006072-CZ20260425-093631-0-1777080994-171018_grohe-grohtherm-sprchovy-set-s-termostatem-na-zed--r.webp\",\"contentUrl\":\"https:\/\/www.domkraftpro.com\/wp-content\/uploads\/2026\/SK0006072-CZ20260425-093631-0-1777080994-171018_grohe-grohtherm-sprchovy-set-s-termostatem-na-zed--r.webp\",\"width\":1000,\"height\":750},{\"@type\":\"BreadcrumbList\",\"@id\":\"https:\/\/www.domkraftpro.com\/index.php\/produkt\/doprava-zdarma-grohe-grohtherm-1000-sprchovy-set-s-termostatem-na-zed-roztec-120-mm-chrom-34153004-33510\/#breadcrumb\",\"itemListElement\":[{\"@type\":\"ListItem\",\"position\":1,\"name\":\"Home\",\"item\":\"https:\/\/www.domkraftpro.com\/\"},{\"@type\":\"ListItem\",\"position\":2,\"name\":\"Products\",\"item\":\"https:\/\/www.domkraftpro.com\/index.php\/products\/\"},{\"@type\":\"ListItem\",\"position\":3,\"name\":\"Doprava Zdarma Grohe Grohtherm 1000 sprchov\u00fd set s termostatem na ze\u010f, rozte\u010d 120 mm, chrom 34153004\"}]},{\"@type\":\"WebSite\",\"@id\":\"https:\/\/www.domkraftpro.com\/#website\",\"url\":\"https:\/\/www.domkraftpro.com\/\",\"name\":\"\",\"description\":\"\",\"potentialAction\":[{\"@type\":\"SearchAction\",\"target\":{\"@type\":\"EntryPoint\",\"urlTemplate\":\"https:\/\/www.domkraftpro.com\/?s={search_term_string}\"},\"query-input\":{\"@type\":\"PropertyValueSpecification\",\"valueRequired\":true,\"valueName\":\"search_term_string\"}}],\"inLanguage\":\"cs\"}]}<\/script>\n<!-- \/ Yoast SEO plugin. -->","yoast_head_json":{"title":"Doprava Zdarma Grohe Grohtherm 1000 sprchov\u00fd set s termostatem na ze\u010f, rozte\u010d 120 mm, chrom 34153004 -","robots":{"index":"index","follow":"follow","max-snippet":"max-snippet:-1","max-image-preview":"max-image-preview:large","max-video-preview":"max-video-preview:-1"},"canonical":"https:\/\/www.domkraftpro.com\/index.php\/produkt\/doprava-zdarma-grohe-grohtherm-1000-sprchovy-set-s-termostatem-na-zed-roztec-120-mm-chrom-34153004-33510\/","og_locale":"cs_CZ","og_type":"article","og_title":"Doprava Zdarma Grohe Grohtherm 1000 sprchov\u00fd set s termostatem na ze\u010f, rozte\u010d 120 mm, chrom 34153004 -","og_description":"Detailn\u00ed popis produktu Sprchov\u00fd set obsahuje termostatickou sprchovou baterii Grohtherm 1000 (34147003) rozte\u010d 120 mm (pozor, nestandardn\u00ed rozm\u011br) mont\u00e1\u017e na st\u011bnu GROHE CoolTouch technologie zabra\u0148uj\u00edc\u00ed opa\u0159en\u00ed GROHE StarLight chromov\u00fd povrch GROHE MetalGrip ergonomicky tvarovan\u00e1 kovov\u00e1 ram\u00e9nka GROHE SafeStop bezpe\u010dnostn\u00ed zar\u00e1\u017eka p\u0159i 38\u00b0C GROHE SafeStop Plus voliteln\u00fd omezova\u010d teploty p\u0159i 43\u00b0C GROHE EcoJoy technologie pro n\u00edzkou [&hellip;]","og_url":"https:\/\/www.domkraftpro.com\/index.php\/produkt\/doprava-zdarma-grohe-grohtherm-1000-sprchovy-set-s-termostatem-na-zed-roztec-120-mm-chrom-34153004-33510\/","og_image":[{"width":1000,"height":750,"url":"https:\/\/www.domkraftpro.com\/wp-content\/uploads\/2026\/SK0006072-CZ20260425-093631-0-1777080994-171018_grohe-grohtherm-sprchovy-set-s-termostatem-na-zed--r.webp","type":"image\/webp"}],"twitter_card":"summary_large_image","twitter_misc":{"Odhadovan\u00e1 doba \u010dten\u00ed":"2 minuty"},"schema":{"@context":"https:\/\/schema.org","@graph":[{"@type":"WebPage","@id":"https:\/\/www.domkraftpro.com\/index.php\/produkt\/doprava-zdarma-grohe-grohtherm-1000-sprchovy-set-s-termostatem-na-zed-roztec-120-mm-chrom-34153004-33510\/","url":"https:\/\/www.domkraftpro.com\/index.php\/produkt\/doprava-zdarma-grohe-grohtherm-1000-sprchovy-set-s-termostatem-na-zed-roztec-120-mm-chrom-34153004-33510\/","name":"Doprava Zdarma Grohe Grohtherm 1000 sprchov\u00fd set s termostatem na ze\u010f, rozte\u010d 120 mm, chrom 34153004 -","isPartOf":{"@id":"https:\/\/www.domkraftpro.com\/#website"},"primaryImageOfPage":{"@id":"https:\/\/www.domkraftpro.com\/index.php\/produkt\/doprava-zdarma-grohe-grohtherm-1000-sprchovy-set-s-termostatem-na-zed-roztec-120-mm-chrom-34153004-33510\/#primaryimage"},"image":{"@id":"https:\/\/www.domkraftpro.com\/index.php\/produkt\/doprava-zdarma-grohe-grohtherm-1000-sprchovy-set-s-termostatem-na-zed-roztec-120-mm-chrom-34153004-33510\/#primaryimage"},"thumbnailUrl":"https:\/\/www.domkraftpro.com\/wp-content\/uploads\/2026\/SK0006072-CZ20260425-093631-0-1777080994-171018_grohe-grohtherm-sprchovy-set-s-termostatem-na-zed--r.webp","datePublished":"2026-04-27T04:41:51+00:00","breadcrumb":{"@id":"https:\/\/www.domkraftpro.com\/index.php\/produkt\/doprava-zdarma-grohe-grohtherm-1000-sprchovy-set-s-termostatem-na-zed-roztec-120-mm-chrom-34153004-33510\/#breadcrumb"},"inLanguage":"cs","potentialAction":[{"@type":"ReadAction","target":["https:\/\/www.domkraftpro.com\/index.php\/produkt\/doprava-zdarma-grohe-grohtherm-1000-sprchovy-set-s-termostatem-na-zed-roztec-120-mm-chrom-34153004-33510\/"]}]},{"@type":"ImageObject","inLanguage":"cs","@id":"https:\/\/www.domkraftpro.com\/index.php\/produkt\/doprava-zdarma-grohe-grohtherm-1000-sprchovy-set-s-termostatem-na-zed-roztec-120-mm-chrom-34153004-33510\/#primaryimage","url":"https:\/\/www.domkraftpro.com\/wp-content\/uploads\/2026\/SK0006072-CZ20260425-093631-0-1777080994-171018_grohe-grohtherm-sprchovy-set-s-termostatem-na-zed--r.webp","contentUrl":"https:\/\/www.domkraftpro.com\/wp-content\/uploads\/2026\/SK0006072-CZ20260425-093631-0-1777080994-171018_grohe-grohtherm-sprchovy-set-s-termostatem-na-zed--r.webp","width":1000,"height":750},{"@type":"BreadcrumbList","@id":"https:\/\/www.domkraftpro.com\/index.php\/produkt\/doprava-zdarma-grohe-grohtherm-1000-sprchovy-set-s-termostatem-na-zed-roztec-120-mm-chrom-34153004-33510\/#breadcrumb","itemListElement":[{"@type":"ListItem","position":1,"name":"Home","item":"https:\/\/www.domkraftpro.com\/"},{"@type":"ListItem","position":2,"name":"Products","item":"https:\/\/www.domkraftpro.com\/index.php\/products\/"},{"@type":"ListItem","position":3,"name":"Doprava Zdarma Grohe Grohtherm 1000 sprchov\u00fd set s termostatem na ze\u010f, rozte\u010d 120 mm, chrom 34153004"}]},{"@type":"WebSite","@id":"https:\/\/www.domkraftpro.com\/#website","url":"https:\/\/www.domkraftpro.com\/","name":"","description":"","potentialAction":[{"@type":"SearchAction","target":{"@type":"EntryPoint","urlTemplate":"https:\/\/www.domkraftpro.com\/?s={search_term_string}"},"query-input":{"@type":"PropertyValueSpecification","valueRequired":true,"valueName":"search_term_string"}}],"inLanguage":"cs"}]}},"_links":{"self":[{"href":"https:\/\/www.domkraftpro.com\/index.php\/wp-json\/wp\/v2\/product\/33510","targetHints":{"allow":["GET"]}}],"collection":[{"href":"https:\/\/www.domkraftpro.com\/index.php\/wp-json\/wp\/v2\/product"}],"about":[{"href":"https:\/\/www.domkraftpro.com\/index.php\/wp-json\/wp\/v2\/types\/product"}],"replies":[{"embeddable":true,"href":"https:\/\/www.domkraftpro.com\/index.php\/wp-json\/wp\/v2\/comments?post=33510"}],"wp:featuredmedia":[{"embeddable":true,"href":"https:\/\/www.domkraftpro.com\/index.php\/wp-json\/wp\/v2\/media\/33610"}],"wp:attachment":[{"href":"https:\/\/www.domkraftpro.com\/index.php\/wp-json\/wp\/v2\/media?parent=33510"}],"wp:term":[{"taxonomy":"product_brand","embeddable":true,"href":"https:\/\/www.domkraftpro.com\/index.php\/wp-json\/wp\/v2\/product_brand?post=33510"},{"taxonomy":"product_cat","embeddable":true,"href":"https:\/\/www.domkraftpro.com\/index.php\/wp-json\/wp\/v2\/product_cat?post=33510"},{"taxonomy":"product_tag","embeddable":true,"href":"https:\/\/www.domkraftpro.com\/index.php\/wp-json\/wp\/v2\/product_tag?post=33510"}],"curies":[{"name":"wp","href":"https:\/\/api.w.org\/{rel}","templated":true}]}}