{"id":33375,"date":"2026-04-27T04:41:50","date_gmt":"2026-04-27T04:41:50","guid":{"rendered":""},"modified":"2026-04-27T04:41:50","modified_gmt":"2026-04-27T04:41:50","slug":"cenovy-hit-grohe-euphoria-sprchova-hlavice-rainshower-110-2-proudy-chrom-27220000-33375","status":"publish","type":"product","link":"https:\/\/www.domkraftpro.com\/index.php\/produkt\/cenovy-hit-grohe-euphoria-sprchova-hlavice-rainshower-110-2-proudy-chrom-27220000-33375\/","title":{"rendered":"Cenov\u00fd Hit Grohe Euphoria sprchov\u00e1 hlavice Rainshower 110, 2 proudy, chrom 27220000"},"content":{"rendered":"<div class=\"basic-description\">\n<h3>Detailn\u00ed popis produktu<\/h3>\n<div class=\"detail-text\">\n<div class=\"detail-popis\">\n<p><strong>Ru\u010dn\u00ed sprcha GROHE Euphoria 110 Duo: pono\u0159te se do revitalizuj\u00edc\u00ed sprchy pomoc\u00ed dvou r\u016fzn\u00fdch re\u017eim\u016f proudu<\/strong><\/p>\n<p>&nbsp;<\/p>\n<p>Stejn\u011b jako v p\u0159\u00edpad\u011b ostatn\u00edch z\u00e1stupc\u016f \u0159ady GROHE Euphoria, tato ru\u010dn\u00ed sprcha disponuje revitalizuj\u00edc\u00edm re\u017eimem Rain, kter\u00fd v\u00e1s obklop\u00ed uvol\u0148uj\u00edc\u00ed imitac\u00ed vlah\u00e9ho letn\u00edho de\u0161t\u011b. Pono\u0159te se do uvol\u0148uj\u00edc\u00ed sprchy a zbavte se nap\u011bt\u00ed a stresu z n\u00e1ro\u010dn\u00e9ho pracovn\u00edho dne pomoc\u00ed pokro\u010dil\u00fdch technologi\u00ed, kter\u00fdmi tento produkt disponuje: technologie GROHE DreamSpray zaru\u010duje rovnom\u011brn\u00fd, vyv\u00e1\u017een\u00fd proud ze v\u0161ech trysek va\u0161\u00ed ru\u010dn\u00ed sprchy. Technologie InnerWater Guide zaji\u0161\u0165uje, \u017ee povrch ru\u010dn\u00ed sprchy nebude nikdy p\u0159\u00edli\u0161 hork\u00fd k dotyku, a chr\u00e1n\u00ed z\u00e1\u0159iv\u00fd povrch GROHE StarLight p\u0159ed nadm\u011brn\u00fdm teplem. V r\u00e1mci ochrany \u017eivotn\u00edho prost\u0159ed\u00ed byl do sprchov\u00e9 hlavy integrov\u00e1n p\u0159ep\u00edna\u010d SprayDimmer, kter\u00fd umo\u017e\u0148uje sn\u00ed\u017eit spot\u0159ebu vody bez nutnosti p\u0159ij\u00edmat kompromisy ve v\u00fdkonu p\u0159i pou\u017e\u00edv\u00e1n\u00ed re\u017eimu SmartRain.<\/p>\n<p>&nbsp;<\/p>\n<ul class=\"technologies\">\n<li>Snadn\u00e9 \u010di\u0161t\u011bn\u00ed d\u00edky chromovan\u00e9mu povrchu GROHE StarLight\u00ae<\/li>\n<li>GROHE DreamSpray pro luxusn\u00ed sprchov\u00e1n\u00ed<\/li>\n<li>Rain Spray \u2013 jako proch\u00e1zka v tepl\u00e9m letn\u00edm de\u0161ti<\/li>\n<li>Re\u017eim SmartRain \u2013 \u0161et\u0159ete vodu bez nutnosti omezovat se v pohodl\u00ed<\/li>\n<li>Chromov\u00fd povrch chr\u00e1n\u011bn\u00fd technologi\u00ed InnerWater Guide<\/li>\n<li>SpeedClean \u2013 \u017e\u00e1dn\u00e9 usazov\u00e1n\u00ed vodn\u00edho kamene na sprchov\u00e9 hlav\u011b<\/li>\n<li>Omezova\u010d pr\u016ftoku pro luxusn\u00ed sprchov\u00e1n\u00ed ohledupln\u00e9 k \u017eivotn\u00edmu prost\u0159ed\u00ed<\/li>\n<\/ul>\n<\/div>\n<h3><span style=\"font-size: 12pt;\"><strong>Specifikace:<\/strong><\/span><\/h3>\n<div class=\"detail-popis\">\n<p><strong>Euphoria 110 Duo<br \/>Ru\u010dn\u00ed sprcha 2 proudy<\/strong><\/p>\n<ul>\n<li>Rain\/SmartRain<\/li>\n<li><strong>GROHE DreamSpray<\/strong><span>&nbsp;<\/span>perfektn\u00ed vodn\u00ed paprsky<\/li>\n<li><strong>GROHE SprayDimmer\u00ae<\/strong><span>&nbsp;<\/span>&#8211; snadn\u00e9 p\u0159ep\u00edn\u00e1n\u00ed mezi sprchov\u00fdmi proudy<\/li>\n<li><strong>GROHE StarLight<\/strong><span>&nbsp;<\/span>chromov\u00fd povrch<\/li>\n<li><strong>GROHE SpeedClean<span>&nbsp;<\/span><\/strong>&#8211; odstran\u011bn\u00ed vodn\u00edho kamene p\u0159et\u0159en\u00edm<\/li>\n<li><strong>vnit\u0159n\u00ed syst\u00e9m WaterGuide<\/strong><span>&nbsp;<\/span>pro del\u0161\u00ed \u017eivotnost<\/li>\n<li>vhodn\u00e9 pro pr\u016ftokov\u00e9 oh\u0159\u00edva\u010de vody<\/li>\n<\/ul>\n<\/div>\n<\/div><\/div>\n","protected":false},"excerpt":{"rendered":"<p>Detailn\u00ed popis produktu Ru\u010dn\u00ed sprcha GROHE Euphoria 110 Duo: pono\u0159te se do revitalizuj\u00edc\u00ed sprchy pomoc\u00ed dvou r\u016fzn\u00fdch re\u017eim\u016f proudu &nbsp; Stejn\u011b jako v p\u0159\u00edpad\u011b ostatn\u00edch z\u00e1stupc\u016f \u0159ady GROHE Euphoria, tato ru\u010dn\u00ed sprcha disponuje revitalizuj\u00edc\u00edm re\u017eimem Rain, kter\u00fd v\u00e1s obklop\u00ed uvol\u0148uj\u00edc\u00ed imitac\u00ed vlah\u00e9ho letn\u00edho de\u0161t\u011b. Pono\u0159te se do uvol\u0148uj\u00edc\u00ed sprchy a zbavte se nap\u011bt\u00ed a stresu [&hellip;]<\/p>\n","protected":false},"featured_media":33475,"comment_status":"open","ping_status":"open","template":"","meta":[],"product_brand":[],"product_cat":[112],"product_tag":[],"class_list":{"0":"post-33375","1":"product","2":"type-product","3":"status-publish","4":"has-post-thumbnail","6":"product_cat-sprchovy-program","8":"first","9":"instock","10":"sale","11":"shipping-taxable","12":"purchasable","13":"product-type-simple"},"yoast_head":"<!-- This site is optimized with the Yoast SEO plugin v26.8 - https:\/\/yoast.com\/product\/yoast-seo-wordpress\/ -->\n<title>Cenov\u00fd Hit Grohe Euphoria sprchov\u00e1 hlavice Rainshower 110, 2 proudy, chrom 27220000 -<\/title>\n<meta name=\"robots\" content=\"index, follow, max-snippet:-1, max-image-preview:large, max-video-preview:-1\" \/>\n<link rel=\"canonical\" href=\"https:\/\/www.domkraftpro.com\/index.php\/produkt\/cenovy-hit-grohe-euphoria-sprchova-hlavice-rainshower-110-2-proudy-chrom-27220000-33375\/\" \/>\n<meta property=\"og:locale\" content=\"cs_CZ\" \/>\n<meta property=\"og:type\" content=\"article\" \/>\n<meta property=\"og:title\" content=\"Cenov\u00fd Hit Grohe Euphoria sprchov\u00e1 hlavice Rainshower 110, 2 proudy, chrom 27220000 -\" \/>\n<meta property=\"og:description\" content=\"Detailn\u00ed popis produktu Ru\u010dn\u00ed sprcha GROHE Euphoria 110 Duo: pono\u0159te se do revitalizuj\u00edc\u00ed sprchy pomoc\u00ed dvou r\u016fzn\u00fdch re\u017eim\u016f proudu &nbsp; Stejn\u011b jako v p\u0159\u00edpad\u011b ostatn\u00edch z\u00e1stupc\u016f \u0159ady GROHE Euphoria, tato ru\u010dn\u00ed sprcha disponuje revitalizuj\u00edc\u00edm re\u017eimem Rain, kter\u00fd v\u00e1s obklop\u00ed uvol\u0148uj\u00edc\u00ed imitac\u00ed vlah\u00e9ho letn\u00edho de\u0161t\u011b. Pono\u0159te se do uvol\u0148uj\u00edc\u00ed sprchy a zbavte se nap\u011bt\u00ed a stresu [&hellip;]\" \/>\n<meta property=\"og:url\" content=\"https:\/\/www.domkraftpro.com\/index.php\/produkt\/cenovy-hit-grohe-euphoria-sprchova-hlavice-rainshower-110-2-proudy-chrom-27220000-33375\/\" \/>\n<meta property=\"og:image\" content=\"https:\/\/www.domkraftpro.com\/wp-content\/uploads\/2026\/SK0006028-CZ20260425-093631-0-1777080994-170835-1_grohe-euphoria-sprchova-hlavice-rainshower-110--2-.webp\" \/>\n\t<meta property=\"og:image:width\" content=\"1000\" \/>\n\t<meta property=\"og:image:height\" content=\"750\" \/>\n\t<meta property=\"og:image:type\" content=\"image\/webp\" \/>\n<meta name=\"twitter:card\" content=\"summary_large_image\" \/>\n<meta name=\"twitter:label1\" content=\"Odhadovan\u00e1 doba \u010dten\u00ed\" \/>\n\t<meta name=\"twitter:data1\" content=\"2 minuty\" \/>\n<script type=\"application\/ld+json\" class=\"yoast-schema-graph\">{\"@context\":\"https:\/\/schema.org\",\"@graph\":[{\"@type\":\"WebPage\",\"@id\":\"https:\/\/www.domkraftpro.com\/index.php\/produkt\/cenovy-hit-grohe-euphoria-sprchova-hlavice-rainshower-110-2-proudy-chrom-27220000-33375\/\",\"url\":\"https:\/\/www.domkraftpro.com\/index.php\/produkt\/cenovy-hit-grohe-euphoria-sprchova-hlavice-rainshower-110-2-proudy-chrom-27220000-33375\/\",\"name\":\"Cenov\u00fd Hit Grohe Euphoria sprchov\u00e1 hlavice Rainshower 110, 2 proudy, chrom 27220000 -\",\"isPartOf\":{\"@id\":\"https:\/\/www.domkraftpro.com\/#website\"},\"primaryImageOfPage\":{\"@id\":\"https:\/\/www.domkraftpro.com\/index.php\/produkt\/cenovy-hit-grohe-euphoria-sprchova-hlavice-rainshower-110-2-proudy-chrom-27220000-33375\/#primaryimage\"},\"image\":{\"@id\":\"https:\/\/www.domkraftpro.com\/index.php\/produkt\/cenovy-hit-grohe-euphoria-sprchova-hlavice-rainshower-110-2-proudy-chrom-27220000-33375\/#primaryimage\"},\"thumbnailUrl\":\"https:\/\/www.domkraftpro.com\/wp-content\/uploads\/2026\/SK0006028-CZ20260425-093631-0-1777080994-170835-1_grohe-euphoria-sprchova-hlavice-rainshower-110--2-.webp\",\"datePublished\":\"2026-04-27T04:41:50+00:00\",\"breadcrumb\":{\"@id\":\"https:\/\/www.domkraftpro.com\/index.php\/produkt\/cenovy-hit-grohe-euphoria-sprchova-hlavice-rainshower-110-2-proudy-chrom-27220000-33375\/#breadcrumb\"},\"inLanguage\":\"cs\",\"potentialAction\":[{\"@type\":\"ReadAction\",\"target\":[\"https:\/\/www.domkraftpro.com\/index.php\/produkt\/cenovy-hit-grohe-euphoria-sprchova-hlavice-rainshower-110-2-proudy-chrom-27220000-33375\/\"]}]},{\"@type\":\"ImageObject\",\"inLanguage\":\"cs\",\"@id\":\"https:\/\/www.domkraftpro.com\/index.php\/produkt\/cenovy-hit-grohe-euphoria-sprchova-hlavice-rainshower-110-2-proudy-chrom-27220000-33375\/#primaryimage\",\"url\":\"https:\/\/www.domkraftpro.com\/wp-content\/uploads\/2026\/SK0006028-CZ20260425-093631-0-1777080994-170835-1_grohe-euphoria-sprchova-hlavice-rainshower-110--2-.webp\",\"contentUrl\":\"https:\/\/www.domkraftpro.com\/wp-content\/uploads\/2026\/SK0006028-CZ20260425-093631-0-1777080994-170835-1_grohe-euphoria-sprchova-hlavice-rainshower-110--2-.webp\",\"width\":1000,\"height\":750},{\"@type\":\"BreadcrumbList\",\"@id\":\"https:\/\/www.domkraftpro.com\/index.php\/produkt\/cenovy-hit-grohe-euphoria-sprchova-hlavice-rainshower-110-2-proudy-chrom-27220000-33375\/#breadcrumb\",\"itemListElement\":[{\"@type\":\"ListItem\",\"position\":1,\"name\":\"Home\",\"item\":\"https:\/\/www.domkraftpro.com\/\"},{\"@type\":\"ListItem\",\"position\":2,\"name\":\"Products\",\"item\":\"https:\/\/www.domkraftpro.com\/index.php\/products\/\"},{\"@type\":\"ListItem\",\"position\":3,\"name\":\"Cenov\u00fd Hit Grohe Euphoria sprchov\u00e1 hlavice Rainshower 110, 2 proudy, chrom 27220000\"}]},{\"@type\":\"WebSite\",\"@id\":\"https:\/\/www.domkraftpro.com\/#website\",\"url\":\"https:\/\/www.domkraftpro.com\/\",\"name\":\"\",\"description\":\"\",\"potentialAction\":[{\"@type\":\"SearchAction\",\"target\":{\"@type\":\"EntryPoint\",\"urlTemplate\":\"https:\/\/www.domkraftpro.com\/?s={search_term_string}\"},\"query-input\":{\"@type\":\"PropertyValueSpecification\",\"valueRequired\":true,\"valueName\":\"search_term_string\"}}],\"inLanguage\":\"cs\"}]}<\/script>\n<!-- \/ Yoast SEO plugin. -->","yoast_head_json":{"title":"Cenov\u00fd Hit Grohe Euphoria sprchov\u00e1 hlavice Rainshower 110, 2 proudy, chrom 27220000 -","robots":{"index":"index","follow":"follow","max-snippet":"max-snippet:-1","max-image-preview":"max-image-preview:large","max-video-preview":"max-video-preview:-1"},"canonical":"https:\/\/www.domkraftpro.com\/index.php\/produkt\/cenovy-hit-grohe-euphoria-sprchova-hlavice-rainshower-110-2-proudy-chrom-27220000-33375\/","og_locale":"cs_CZ","og_type":"article","og_title":"Cenov\u00fd Hit Grohe Euphoria sprchov\u00e1 hlavice Rainshower 110, 2 proudy, chrom 27220000 -","og_description":"Detailn\u00ed popis produktu Ru\u010dn\u00ed sprcha GROHE Euphoria 110 Duo: pono\u0159te se do revitalizuj\u00edc\u00ed sprchy pomoc\u00ed dvou r\u016fzn\u00fdch re\u017eim\u016f proudu &nbsp; Stejn\u011b jako v p\u0159\u00edpad\u011b ostatn\u00edch z\u00e1stupc\u016f \u0159ady GROHE Euphoria, tato ru\u010dn\u00ed sprcha disponuje revitalizuj\u00edc\u00edm re\u017eimem Rain, kter\u00fd v\u00e1s obklop\u00ed uvol\u0148uj\u00edc\u00ed imitac\u00ed vlah\u00e9ho letn\u00edho de\u0161t\u011b. Pono\u0159te se do uvol\u0148uj\u00edc\u00ed sprchy a zbavte se nap\u011bt\u00ed a stresu [&hellip;]","og_url":"https:\/\/www.domkraftpro.com\/index.php\/produkt\/cenovy-hit-grohe-euphoria-sprchova-hlavice-rainshower-110-2-proudy-chrom-27220000-33375\/","og_image":[{"width":1000,"height":750,"url":"https:\/\/www.domkraftpro.com\/wp-content\/uploads\/2026\/SK0006028-CZ20260425-093631-0-1777080994-170835-1_grohe-euphoria-sprchova-hlavice-rainshower-110--2-.webp","type":"image\/webp"}],"twitter_card":"summary_large_image","twitter_misc":{"Odhadovan\u00e1 doba \u010dten\u00ed":"2 minuty"},"schema":{"@context":"https:\/\/schema.org","@graph":[{"@type":"WebPage","@id":"https:\/\/www.domkraftpro.com\/index.php\/produkt\/cenovy-hit-grohe-euphoria-sprchova-hlavice-rainshower-110-2-proudy-chrom-27220000-33375\/","url":"https:\/\/www.domkraftpro.com\/index.php\/produkt\/cenovy-hit-grohe-euphoria-sprchova-hlavice-rainshower-110-2-proudy-chrom-27220000-33375\/","name":"Cenov\u00fd Hit Grohe Euphoria sprchov\u00e1 hlavice Rainshower 110, 2 proudy, chrom 27220000 -","isPartOf":{"@id":"https:\/\/www.domkraftpro.com\/#website"},"primaryImageOfPage":{"@id":"https:\/\/www.domkraftpro.com\/index.php\/produkt\/cenovy-hit-grohe-euphoria-sprchova-hlavice-rainshower-110-2-proudy-chrom-27220000-33375\/#primaryimage"},"image":{"@id":"https:\/\/www.domkraftpro.com\/index.php\/produkt\/cenovy-hit-grohe-euphoria-sprchova-hlavice-rainshower-110-2-proudy-chrom-27220000-33375\/#primaryimage"},"thumbnailUrl":"https:\/\/www.domkraftpro.com\/wp-content\/uploads\/2026\/SK0006028-CZ20260425-093631-0-1777080994-170835-1_grohe-euphoria-sprchova-hlavice-rainshower-110--2-.webp","datePublished":"2026-04-27T04:41:50+00:00","breadcrumb":{"@id":"https:\/\/www.domkraftpro.com\/index.php\/produkt\/cenovy-hit-grohe-euphoria-sprchova-hlavice-rainshower-110-2-proudy-chrom-27220000-33375\/#breadcrumb"},"inLanguage":"cs","potentialAction":[{"@type":"ReadAction","target":["https:\/\/www.domkraftpro.com\/index.php\/produkt\/cenovy-hit-grohe-euphoria-sprchova-hlavice-rainshower-110-2-proudy-chrom-27220000-33375\/"]}]},{"@type":"ImageObject","inLanguage":"cs","@id":"https:\/\/www.domkraftpro.com\/index.php\/produkt\/cenovy-hit-grohe-euphoria-sprchova-hlavice-rainshower-110-2-proudy-chrom-27220000-33375\/#primaryimage","url":"https:\/\/www.domkraftpro.com\/wp-content\/uploads\/2026\/SK0006028-CZ20260425-093631-0-1777080994-170835-1_grohe-euphoria-sprchova-hlavice-rainshower-110--2-.webp","contentUrl":"https:\/\/www.domkraftpro.com\/wp-content\/uploads\/2026\/SK0006028-CZ20260425-093631-0-1777080994-170835-1_grohe-euphoria-sprchova-hlavice-rainshower-110--2-.webp","width":1000,"height":750},{"@type":"BreadcrumbList","@id":"https:\/\/www.domkraftpro.com\/index.php\/produkt\/cenovy-hit-grohe-euphoria-sprchova-hlavice-rainshower-110-2-proudy-chrom-27220000-33375\/#breadcrumb","itemListElement":[{"@type":"ListItem","position":1,"name":"Home","item":"https:\/\/www.domkraftpro.com\/"},{"@type":"ListItem","position":2,"name":"Products","item":"https:\/\/www.domkraftpro.com\/index.php\/products\/"},{"@type":"ListItem","position":3,"name":"Cenov\u00fd Hit Grohe Euphoria sprchov\u00e1 hlavice Rainshower 110, 2 proudy, chrom 27220000"}]},{"@type":"WebSite","@id":"https:\/\/www.domkraftpro.com\/#website","url":"https:\/\/www.domkraftpro.com\/","name":"","description":"","potentialAction":[{"@type":"SearchAction","target":{"@type":"EntryPoint","urlTemplate":"https:\/\/www.domkraftpro.com\/?s={search_term_string}"},"query-input":{"@type":"PropertyValueSpecification","valueRequired":true,"valueName":"search_term_string"}}],"inLanguage":"cs"}]}},"_links":{"self":[{"href":"https:\/\/www.domkraftpro.com\/index.php\/wp-json\/wp\/v2\/product\/33375","targetHints":{"allow":["GET"]}}],"collection":[{"href":"https:\/\/www.domkraftpro.com\/index.php\/wp-json\/wp\/v2\/product"}],"about":[{"href":"https:\/\/www.domkraftpro.com\/index.php\/wp-json\/wp\/v2\/types\/product"}],"replies":[{"embeddable":true,"href":"https:\/\/www.domkraftpro.com\/index.php\/wp-json\/wp\/v2\/comments?post=33375"}],"wp:featuredmedia":[{"embeddable":true,"href":"https:\/\/www.domkraftpro.com\/index.php\/wp-json\/wp\/v2\/media\/33475"}],"wp:attachment":[{"href":"https:\/\/www.domkraftpro.com\/index.php\/wp-json\/wp\/v2\/media?parent=33375"}],"wp:term":[{"taxonomy":"product_brand","embeddable":true,"href":"https:\/\/www.domkraftpro.com\/index.php\/wp-json\/wp\/v2\/product_brand?post=33375"},{"taxonomy":"product_cat","embeddable":true,"href":"https:\/\/www.domkraftpro.com\/index.php\/wp-json\/wp\/v2\/product_cat?post=33375"},{"taxonomy":"product_tag","embeddable":true,"href":"https:\/\/www.domkraftpro.com\/index.php\/wp-json\/wp\/v2\/product_tag?post=33375"}],"curies":[{"name":"wp","href":"https:\/\/api.w.org\/{rel}","templated":true}]}}