{"id":33373,"date":"2026-04-27T04:41:50","date_gmt":"2026-04-27T04:41:50","guid":{"rendered":""},"modified":"2026-04-27T04:41:50","modified_gmt":"2026-04-27T04:41:50","slug":"grohe-euphoria-sprchova-hlavice-eco-110-2-proudy-chrom-27238000-overeny-33373","status":"publish","type":"product","link":"https:\/\/www.domkraftpro.com\/index.php\/produkt\/grohe-euphoria-sprchova-hlavice-eco-110-2-proudy-chrom-27238000-overeny-33373\/","title":{"rendered":"Grohe Euphoria sprchov\u00e1 hlavice Eco 110, 2 proudy, chrom 27238000 Ov\u011b\u0159en\u00fd"},"content":{"rendered":"<div class=\"basic-description\">\n<h3>Detailn\u00ed popis produktu<\/h3>\n<h3>Specifikace:<\/h3>\n<div class=\"detail-popis\">\n<p><strong>Euphoria 110 Duo<br \/>Ru\u010dn\u00ed sprcha 2 proudy<\/strong><\/p>\n<ul>\n<li>Rain\/SmartRain<\/li>\n<li><strong>GROHE EcoJoy<\/strong><span>&nbsp;<\/span>9,5 l\/min omezova\u010d pr\u016ftoku<\/li>\n<li><strong>GROHE DreamSpray<\/strong><span>&nbsp;<\/span>perfektn\u00ed vodn\u00ed paprsky<\/li>\n<li><strong>GROHE SprayDimmer\u00ae<\/strong><span>&nbsp;<\/span>&#8211; snadn\u00e9 p\u0159ep\u00edn\u00e1n\u00ed mezi sprchov\u00fdmi proudy<\/li>\n<li><strong>GROHE StarLight<\/strong><span>&nbsp;<\/span>chromov\u00fd povrch<\/li>\n<li><strong>GROHE SpeedClean<span>&nbsp;<\/span><\/strong>&#8211; odstran\u011bn\u00ed vodn\u00edho kamene p\u0159et\u0159en\u00edm<\/li>\n<li><strong>vnit\u0159n\u00ed syst\u00e9m WaterGuide<\/strong><span>&nbsp;<\/span>pro del\u0161\u00ed \u017eivotnost<\/li>\n<li>vhodn\u00e9 pro pr\u016ftokov\u00e9 oh\u0159\u00edva\u010de vody<\/li>\n<\/ul>\n<\/div><\/div>\n","protected":false},"excerpt":{"rendered":"<p>Detailn\u00ed popis produktu Specifikace: Euphoria 110 DuoRu\u010dn\u00ed sprcha 2 proudy Rain\/SmartRain GROHE EcoJoy&nbsp;9,5 l\/min omezova\u010d pr\u016ftoku GROHE DreamSpray&nbsp;perfektn\u00ed vodn\u00ed paprsky GROHE SprayDimmer\u00ae&nbsp;&#8211; snadn\u00e9 p\u0159ep\u00edn\u00e1n\u00ed mezi sprchov\u00fdmi proudy GROHE StarLight&nbsp;chromov\u00fd povrch GROHE SpeedClean&nbsp;&#8211; odstran\u011bn\u00ed vodn\u00edho kamene p\u0159et\u0159en\u00edm vnit\u0159n\u00ed syst\u00e9m WaterGuide&nbsp;pro del\u0161\u00ed \u017eivotnost vhodn\u00e9 pro pr\u016ftokov\u00e9 oh\u0159\u00edva\u010de vody<\/p>\n","protected":false},"featured_media":33473,"comment_status":"open","ping_status":"open","template":"","meta":[],"product_brand":[],"product_cat":[112],"product_tag":[],"class_list":{"0":"post-33373","1":"product","2":"type-product","3":"status-publish","4":"has-post-thumbnail","6":"product_cat-sprchovy-program","8":"first","9":"instock","10":"sale","11":"shipping-taxable","12":"purchasable","13":"product-type-simple"},"yoast_head":"<!-- This site is optimized with the Yoast SEO plugin v26.8 - https:\/\/yoast.com\/product\/yoast-seo-wordpress\/ -->\n<title>Grohe Euphoria sprchov\u00e1 hlavice Eco 110, 2 proudy, chrom 27238000 Ov\u011b\u0159en\u00fd -<\/title>\n<meta name=\"robots\" content=\"index, follow, max-snippet:-1, max-image-preview:large, max-video-preview:-1\" \/>\n<link rel=\"canonical\" href=\"https:\/\/www.domkraftpro.com\/index.php\/produkt\/grohe-euphoria-sprchova-hlavice-eco-110-2-proudy-chrom-27238000-overeny-33373\/\" \/>\n<meta property=\"og:locale\" content=\"cs_CZ\" \/>\n<meta property=\"og:type\" content=\"article\" \/>\n<meta property=\"og:title\" content=\"Grohe Euphoria sprchov\u00e1 hlavice Eco 110, 2 proudy, chrom 27238000 Ov\u011b\u0159en\u00fd -\" \/>\n<meta property=\"og:description\" content=\"Detailn\u00ed popis produktu Specifikace: Euphoria 110 DuoRu\u010dn\u00ed sprcha 2 proudy Rain\/SmartRain GROHE EcoJoy&nbsp;9,5 l\/min omezova\u010d pr\u016ftoku GROHE DreamSpray&nbsp;perfektn\u00ed vodn\u00ed paprsky GROHE SprayDimmer\u00ae&nbsp;&#8211; snadn\u00e9 p\u0159ep\u00edn\u00e1n\u00ed mezi sprchov\u00fdmi proudy GROHE StarLight&nbsp;chromov\u00fd povrch GROHE SpeedClean&nbsp;&#8211; odstran\u011bn\u00ed vodn\u00edho kamene p\u0159et\u0159en\u00edm vnit\u0159n\u00ed syst\u00e9m WaterGuide&nbsp;pro del\u0161\u00ed \u017eivotnost vhodn\u00e9 pro pr\u016ftokov\u00e9 oh\u0159\u00edva\u010de vody\" \/>\n<meta property=\"og:url\" content=\"https:\/\/www.domkraftpro.com\/index.php\/produkt\/grohe-euphoria-sprchova-hlavice-eco-110-2-proudy-chrom-27238000-overeny-33373\/\" \/>\n<meta property=\"og:image\" content=\"https:\/\/www.domkraftpro.com\/wp-content\/uploads\/2026\/SK0006026-CZ20260425-093631-0-1777080994-170823-1_grohe-euphoria-sprchova-hlavice-eco-110--2-proudy-.webp\" \/>\n\t<meta property=\"og:image:width\" content=\"1000\" \/>\n\t<meta property=\"og:image:height\" content=\"750\" \/>\n\t<meta property=\"og:image:type\" content=\"image\/webp\" \/>\n<meta name=\"twitter:card\" content=\"summary_large_image\" \/>\n<script type=\"application\/ld+json\" class=\"yoast-schema-graph\">{\"@context\":\"https:\/\/schema.org\",\"@graph\":[{\"@type\":\"WebPage\",\"@id\":\"https:\/\/www.domkraftpro.com\/index.php\/produkt\/grohe-euphoria-sprchova-hlavice-eco-110-2-proudy-chrom-27238000-overeny-33373\/\",\"url\":\"https:\/\/www.domkraftpro.com\/index.php\/produkt\/grohe-euphoria-sprchova-hlavice-eco-110-2-proudy-chrom-27238000-overeny-33373\/\",\"name\":\"Grohe Euphoria sprchov\u00e1 hlavice Eco 110, 2 proudy, chrom 27238000 Ov\u011b\u0159en\u00fd -\",\"isPartOf\":{\"@id\":\"https:\/\/www.domkraftpro.com\/#website\"},\"primaryImageOfPage\":{\"@id\":\"https:\/\/www.domkraftpro.com\/index.php\/produkt\/grohe-euphoria-sprchova-hlavice-eco-110-2-proudy-chrom-27238000-overeny-33373\/#primaryimage\"},\"image\":{\"@id\":\"https:\/\/www.domkraftpro.com\/index.php\/produkt\/grohe-euphoria-sprchova-hlavice-eco-110-2-proudy-chrom-27238000-overeny-33373\/#primaryimage\"},\"thumbnailUrl\":\"https:\/\/www.domkraftpro.com\/wp-content\/uploads\/2026\/SK0006026-CZ20260425-093631-0-1777080994-170823-1_grohe-euphoria-sprchova-hlavice-eco-110--2-proudy-.webp\",\"datePublished\":\"2026-04-27T04:41:50+00:00\",\"breadcrumb\":{\"@id\":\"https:\/\/www.domkraftpro.com\/index.php\/produkt\/grohe-euphoria-sprchova-hlavice-eco-110-2-proudy-chrom-27238000-overeny-33373\/#breadcrumb\"},\"inLanguage\":\"cs\",\"potentialAction\":[{\"@type\":\"ReadAction\",\"target\":[\"https:\/\/www.domkraftpro.com\/index.php\/produkt\/grohe-euphoria-sprchova-hlavice-eco-110-2-proudy-chrom-27238000-overeny-33373\/\"]}]},{\"@type\":\"ImageObject\",\"inLanguage\":\"cs\",\"@id\":\"https:\/\/www.domkraftpro.com\/index.php\/produkt\/grohe-euphoria-sprchova-hlavice-eco-110-2-proudy-chrom-27238000-overeny-33373\/#primaryimage\",\"url\":\"https:\/\/www.domkraftpro.com\/wp-content\/uploads\/2026\/SK0006026-CZ20260425-093631-0-1777080994-170823-1_grohe-euphoria-sprchova-hlavice-eco-110--2-proudy-.webp\",\"contentUrl\":\"https:\/\/www.domkraftpro.com\/wp-content\/uploads\/2026\/SK0006026-CZ20260425-093631-0-1777080994-170823-1_grohe-euphoria-sprchova-hlavice-eco-110--2-proudy-.webp\",\"width\":1000,\"height\":750},{\"@type\":\"BreadcrumbList\",\"@id\":\"https:\/\/www.domkraftpro.com\/index.php\/produkt\/grohe-euphoria-sprchova-hlavice-eco-110-2-proudy-chrom-27238000-overeny-33373\/#breadcrumb\",\"itemListElement\":[{\"@type\":\"ListItem\",\"position\":1,\"name\":\"Home\",\"item\":\"https:\/\/www.domkraftpro.com\/\"},{\"@type\":\"ListItem\",\"position\":2,\"name\":\"Products\",\"item\":\"https:\/\/www.domkraftpro.com\/index.php\/products\/\"},{\"@type\":\"ListItem\",\"position\":3,\"name\":\"Grohe Euphoria sprchov\u00e1 hlavice Eco 110, 2 proudy, chrom 27238000 Ov\u011b\u0159en\u00fd\"}]},{\"@type\":\"WebSite\",\"@id\":\"https:\/\/www.domkraftpro.com\/#website\",\"url\":\"https:\/\/www.domkraftpro.com\/\",\"name\":\"\",\"description\":\"\",\"potentialAction\":[{\"@type\":\"SearchAction\",\"target\":{\"@type\":\"EntryPoint\",\"urlTemplate\":\"https:\/\/www.domkraftpro.com\/?s={search_term_string}\"},\"query-input\":{\"@type\":\"PropertyValueSpecification\",\"valueRequired\":true,\"valueName\":\"search_term_string\"}}],\"inLanguage\":\"cs\"}]}<\/script>\n<!-- \/ Yoast SEO plugin. -->","yoast_head_json":{"title":"Grohe Euphoria sprchov\u00e1 hlavice Eco 110, 2 proudy, chrom 27238000 Ov\u011b\u0159en\u00fd -","robots":{"index":"index","follow":"follow","max-snippet":"max-snippet:-1","max-image-preview":"max-image-preview:large","max-video-preview":"max-video-preview:-1"},"canonical":"https:\/\/www.domkraftpro.com\/index.php\/produkt\/grohe-euphoria-sprchova-hlavice-eco-110-2-proudy-chrom-27238000-overeny-33373\/","og_locale":"cs_CZ","og_type":"article","og_title":"Grohe Euphoria sprchov\u00e1 hlavice Eco 110, 2 proudy, chrom 27238000 Ov\u011b\u0159en\u00fd -","og_description":"Detailn\u00ed popis produktu Specifikace: Euphoria 110 DuoRu\u010dn\u00ed sprcha 2 proudy Rain\/SmartRain GROHE EcoJoy&nbsp;9,5 l\/min omezova\u010d pr\u016ftoku GROHE DreamSpray&nbsp;perfektn\u00ed vodn\u00ed paprsky GROHE SprayDimmer\u00ae&nbsp;&#8211; snadn\u00e9 p\u0159ep\u00edn\u00e1n\u00ed mezi sprchov\u00fdmi proudy GROHE StarLight&nbsp;chromov\u00fd povrch GROHE SpeedClean&nbsp;&#8211; odstran\u011bn\u00ed vodn\u00edho kamene p\u0159et\u0159en\u00edm vnit\u0159n\u00ed syst\u00e9m WaterGuide&nbsp;pro del\u0161\u00ed \u017eivotnost vhodn\u00e9 pro pr\u016ftokov\u00e9 oh\u0159\u00edva\u010de vody","og_url":"https:\/\/www.domkraftpro.com\/index.php\/produkt\/grohe-euphoria-sprchova-hlavice-eco-110-2-proudy-chrom-27238000-overeny-33373\/","og_image":[{"width":1000,"height":750,"url":"https:\/\/www.domkraftpro.com\/wp-content\/uploads\/2026\/SK0006026-CZ20260425-093631-0-1777080994-170823-1_grohe-euphoria-sprchova-hlavice-eco-110--2-proudy-.webp","type":"image\/webp"}],"twitter_card":"summary_large_image","schema":{"@context":"https:\/\/schema.org","@graph":[{"@type":"WebPage","@id":"https:\/\/www.domkraftpro.com\/index.php\/produkt\/grohe-euphoria-sprchova-hlavice-eco-110-2-proudy-chrom-27238000-overeny-33373\/","url":"https:\/\/www.domkraftpro.com\/index.php\/produkt\/grohe-euphoria-sprchova-hlavice-eco-110-2-proudy-chrom-27238000-overeny-33373\/","name":"Grohe Euphoria sprchov\u00e1 hlavice Eco 110, 2 proudy, chrom 27238000 Ov\u011b\u0159en\u00fd -","isPartOf":{"@id":"https:\/\/www.domkraftpro.com\/#website"},"primaryImageOfPage":{"@id":"https:\/\/www.domkraftpro.com\/index.php\/produkt\/grohe-euphoria-sprchova-hlavice-eco-110-2-proudy-chrom-27238000-overeny-33373\/#primaryimage"},"image":{"@id":"https:\/\/www.domkraftpro.com\/index.php\/produkt\/grohe-euphoria-sprchova-hlavice-eco-110-2-proudy-chrom-27238000-overeny-33373\/#primaryimage"},"thumbnailUrl":"https:\/\/www.domkraftpro.com\/wp-content\/uploads\/2026\/SK0006026-CZ20260425-093631-0-1777080994-170823-1_grohe-euphoria-sprchova-hlavice-eco-110--2-proudy-.webp","datePublished":"2026-04-27T04:41:50+00:00","breadcrumb":{"@id":"https:\/\/www.domkraftpro.com\/index.php\/produkt\/grohe-euphoria-sprchova-hlavice-eco-110-2-proudy-chrom-27238000-overeny-33373\/#breadcrumb"},"inLanguage":"cs","potentialAction":[{"@type":"ReadAction","target":["https:\/\/www.domkraftpro.com\/index.php\/produkt\/grohe-euphoria-sprchova-hlavice-eco-110-2-proudy-chrom-27238000-overeny-33373\/"]}]},{"@type":"ImageObject","inLanguage":"cs","@id":"https:\/\/www.domkraftpro.com\/index.php\/produkt\/grohe-euphoria-sprchova-hlavice-eco-110-2-proudy-chrom-27238000-overeny-33373\/#primaryimage","url":"https:\/\/www.domkraftpro.com\/wp-content\/uploads\/2026\/SK0006026-CZ20260425-093631-0-1777080994-170823-1_grohe-euphoria-sprchova-hlavice-eco-110--2-proudy-.webp","contentUrl":"https:\/\/www.domkraftpro.com\/wp-content\/uploads\/2026\/SK0006026-CZ20260425-093631-0-1777080994-170823-1_grohe-euphoria-sprchova-hlavice-eco-110--2-proudy-.webp","width":1000,"height":750},{"@type":"BreadcrumbList","@id":"https:\/\/www.domkraftpro.com\/index.php\/produkt\/grohe-euphoria-sprchova-hlavice-eco-110-2-proudy-chrom-27238000-overeny-33373\/#breadcrumb","itemListElement":[{"@type":"ListItem","position":1,"name":"Home","item":"https:\/\/www.domkraftpro.com\/"},{"@type":"ListItem","position":2,"name":"Products","item":"https:\/\/www.domkraftpro.com\/index.php\/products\/"},{"@type":"ListItem","position":3,"name":"Grohe Euphoria sprchov\u00e1 hlavice Eco 110, 2 proudy, chrom 27238000 Ov\u011b\u0159en\u00fd"}]},{"@type":"WebSite","@id":"https:\/\/www.domkraftpro.com\/#website","url":"https:\/\/www.domkraftpro.com\/","name":"","description":"","potentialAction":[{"@type":"SearchAction","target":{"@type":"EntryPoint","urlTemplate":"https:\/\/www.domkraftpro.com\/?s={search_term_string}"},"query-input":{"@type":"PropertyValueSpecification","valueRequired":true,"valueName":"search_term_string"}}],"inLanguage":"cs"}]}},"_links":{"self":[{"href":"https:\/\/www.domkraftpro.com\/index.php\/wp-json\/wp\/v2\/product\/33373","targetHints":{"allow":["GET"]}}],"collection":[{"href":"https:\/\/www.domkraftpro.com\/index.php\/wp-json\/wp\/v2\/product"}],"about":[{"href":"https:\/\/www.domkraftpro.com\/index.php\/wp-json\/wp\/v2\/types\/product"}],"replies":[{"embeddable":true,"href":"https:\/\/www.domkraftpro.com\/index.php\/wp-json\/wp\/v2\/comments?post=33373"}],"wp:featuredmedia":[{"embeddable":true,"href":"https:\/\/www.domkraftpro.com\/index.php\/wp-json\/wp\/v2\/media\/33473"}],"wp:attachment":[{"href":"https:\/\/www.domkraftpro.com\/index.php\/wp-json\/wp\/v2\/media?parent=33373"}],"wp:term":[{"taxonomy":"product_brand","embeddable":true,"href":"https:\/\/www.domkraftpro.com\/index.php\/wp-json\/wp\/v2\/product_brand?post=33373"},{"taxonomy":"product_cat","embeddable":true,"href":"https:\/\/www.domkraftpro.com\/index.php\/wp-json\/wp\/v2\/product_cat?post=33373"},{"taxonomy":"product_tag","embeddable":true,"href":"https:\/\/www.domkraftpro.com\/index.php\/wp-json\/wp\/v2\/product_tag?post=33373"}],"curies":[{"name":"wp","href":"https:\/\/api.w.org\/{rel}","templated":true}]}}