{"id":33371,"date":"2026-04-27T04:41:50","date_gmt":"2026-04-27T04:41:50","guid":{"rendered":""},"modified":"2026-04-27T04:41:50","modified_gmt":"2026-04-27T04:41:50","slug":"grohe-euphoria-sprchova-hlavice-110-mono-chrom-27265000-kup-ted-33371","status":"publish","type":"product","link":"https:\/\/www.domkraftpro.com\/index.php\/produkt\/grohe-euphoria-sprchova-hlavice-110-mono-chrom-27265000-kup-ted-33371\/","title":{"rendered":"Grohe Euphoria sprchov\u00e1 hlavice 110 Mono, chrom 27265000 Kup Te\u010f"},"content":{"rendered":"<div class=\"basic-description\">\n<h3>Detailn\u00ed popis produktu<\/h3>\n<div class=\"detail-text\">\n<h3>Specifikace:<\/h3>\n<div class=\"detail-popis\">\n<p><strong>Euphoria 110 Mono<br \/>Ru\u010dn\u00ed sprcha<\/strong><\/p>\n<ul>\n<li>Rain<\/li>\n<li><strong>GROHE DreamSpray<\/strong><span> <\/span>perfektn\u00ed vodn\u00ed paprsky<\/li>\n<li><strong>GROHE StarLight<\/strong><span> <\/span>chromov\u00fd povrch<\/li>\n<li><strong>GROHE SpeedClean<span> <\/span><\/strong>&#8211; odstran\u011bn\u00ed vodn\u00edho kamene p\u0159et\u0159en\u00edm<\/li>\n<li><strong>vnit\u0159n\u00ed syst\u00e9m WaterGuide<\/strong><span> <\/span>pro del\u0161\u00ed \u017eivotnost<\/li>\n<li>vhodn\u00e9 pro pr\u016ftokov\u00e9 oh\u0159\u00edva\u010de vody<\/li>\n<\/ul>\n<\/div>\n<\/div>\n<p><strong>Upozorn\u011bn\u00ed pro z\u00e1kazn\u00edky ke koupi produkt\u016f na objedn\u00e1n\u00ed:<\/strong> Toto zbo\u017e\u00ed nen\u00ed standardn\u00edm s\u00e9riov\u00fdm v\u00fdrobkem. Bude vyrobeno na p\u0159\u00e1n\u00ed z\u00e1kazn\u00edka a proto jej nelze dodavateli v z\u00e1konn\u00e9 lh\u016ft\u011b vr\u00e1tit. (viz \u00a71837 odst.d, ob\u010dansk\u00e9ho z\u00e1kon\u00edku). V tomto p\u0159\u00edpad\u011b m\u016f\u017eeme po\u017eadovat nevratnou z\u00e1lohu a\u017e do v\u00fd\u0161e 100% z ceny v\u00fdrobku.<\/p>\n<p><strong>Upozorn\u011bn\u00ed pro z\u00e1kazn\u00edky ke koupi produkt\u016f na objedn\u00e1n\u00ed:<\/strong><span>&nbsp;Toto zbo\u017e\u00ed nen\u00ed standardn\u00edm s\u00e9riov\u00fdm v\u00fdrobkem. Bude vyrobeno na p\u0159\u00e1n\u00ed z\u00e1kazn\u00edka a proto jej&nbsp;<\/span><strong>nelze dodavateli v z\u00e1konn\u00e9 lh\u016ft\u011b vr\u00e1tit<\/strong><span>. (viz \u00a71837 odst.d, ob\u010dansk\u00e9ho z\u00e1kon\u00edku). V tomto p\u0159\u00edpad\u011b m\u016f\u017eeme po\u017eadovat nevratnou z\u00e1lohu a\u017e do v\u00fd\u0161e 100 % z ceny v\u00fdrobku.<\/span><\/p>\n<\/p><\/div>\n","protected":false},"excerpt":{"rendered":"<p>Detailn\u00ed popis produktu Specifikace: Euphoria 110 MonoRu\u010dn\u00ed sprcha Rain GROHE DreamSpray perfektn\u00ed vodn\u00ed paprsky GROHE StarLight chromov\u00fd povrch GROHE SpeedClean &#8211; odstran\u011bn\u00ed vodn\u00edho kamene p\u0159et\u0159en\u00edm vnit\u0159n\u00ed syst\u00e9m WaterGuide pro del\u0161\u00ed \u017eivotnost vhodn\u00e9 pro pr\u016ftokov\u00e9 oh\u0159\u00edva\u010de vody Upozorn\u011bn\u00ed pro z\u00e1kazn\u00edky ke koupi produkt\u016f na objedn\u00e1n\u00ed: Toto zbo\u017e\u00ed nen\u00ed standardn\u00edm s\u00e9riov\u00fdm v\u00fdrobkem. Bude vyrobeno na p\u0159\u00e1n\u00ed z\u00e1kazn\u00edka [&hellip;]<\/p>\n","protected":false},"featured_media":33471,"comment_status":"open","ping_status":"open","template":"","meta":[],"product_brand":[],"product_cat":[112],"product_tag":[],"class_list":{"0":"post-33371","1":"product","2":"type-product","3":"status-publish","4":"has-post-thumbnail","6":"product_cat-sprchovy-program","8":"first","9":"instock","10":"sale","11":"shipping-taxable","12":"purchasable","13":"product-type-simple"},"yoast_head":"<!-- This site is optimized with the Yoast SEO plugin v26.8 - https:\/\/yoast.com\/product\/yoast-seo-wordpress\/ -->\n<title>Grohe Euphoria sprchov\u00e1 hlavice 110 Mono, chrom 27265000 Kup Te\u010f -<\/title>\n<meta name=\"robots\" content=\"index, follow, max-snippet:-1, max-image-preview:large, max-video-preview:-1\" \/>\n<link rel=\"canonical\" href=\"https:\/\/www.domkraftpro.com\/index.php\/produkt\/grohe-euphoria-sprchova-hlavice-110-mono-chrom-27265000-kup-ted-33371\/\" \/>\n<meta property=\"og:locale\" content=\"cs_CZ\" \/>\n<meta property=\"og:type\" content=\"article\" \/>\n<meta property=\"og:title\" content=\"Grohe Euphoria sprchov\u00e1 hlavice 110 Mono, chrom 27265000 Kup Te\u010f -\" \/>\n<meta property=\"og:description\" content=\"Detailn\u00ed popis produktu Specifikace: Euphoria 110 MonoRu\u010dn\u00ed sprcha Rain GROHE DreamSpray perfektn\u00ed vodn\u00ed paprsky GROHE StarLight chromov\u00fd povrch GROHE SpeedClean &#8211; odstran\u011bn\u00ed vodn\u00edho kamene p\u0159et\u0159en\u00edm vnit\u0159n\u00ed syst\u00e9m WaterGuide pro del\u0161\u00ed \u017eivotnost vhodn\u00e9 pro pr\u016ftokov\u00e9 oh\u0159\u00edva\u010de vody Upozorn\u011bn\u00ed pro z\u00e1kazn\u00edky ke koupi produkt\u016f na objedn\u00e1n\u00ed: Toto zbo\u017e\u00ed nen\u00ed standardn\u00edm s\u00e9riov\u00fdm v\u00fdrobkem. Bude vyrobeno na p\u0159\u00e1n\u00ed z\u00e1kazn\u00edka [&hellip;]\" \/>\n<meta property=\"og:url\" content=\"https:\/\/www.domkraftpro.com\/index.php\/produkt\/grohe-euphoria-sprchova-hlavice-110-mono-chrom-27265000-kup-ted-33371\/\" \/>\n<meta property=\"og:image\" content=\"https:\/\/www.domkraftpro.com\/wp-content\/uploads\/2026\/SK0006024-CZ20260425-093631-0-1777080994-170817-1_grohe-euphoria-sprchova-hlavice-110-mono--chrom-27.webp\" \/>\n\t<meta property=\"og:image:width\" content=\"1000\" \/>\n\t<meta property=\"og:image:height\" content=\"750\" \/>\n\t<meta property=\"og:image:type\" content=\"image\/webp\" \/>\n<meta name=\"twitter:card\" content=\"summary_large_image\" \/>\n<meta name=\"twitter:label1\" content=\"Odhadovan\u00e1 doba \u010dten\u00ed\" \/>\n\t<meta name=\"twitter:data1\" content=\"1 minuta\" \/>\n<script type=\"application\/ld+json\" class=\"yoast-schema-graph\">{\"@context\":\"https:\/\/schema.org\",\"@graph\":[{\"@type\":\"WebPage\",\"@id\":\"https:\/\/www.domkraftpro.com\/index.php\/produkt\/grohe-euphoria-sprchova-hlavice-110-mono-chrom-27265000-kup-ted-33371\/\",\"url\":\"https:\/\/www.domkraftpro.com\/index.php\/produkt\/grohe-euphoria-sprchova-hlavice-110-mono-chrom-27265000-kup-ted-33371\/\",\"name\":\"Grohe Euphoria sprchov\u00e1 hlavice 110 Mono, chrom 27265000 Kup Te\u010f -\",\"isPartOf\":{\"@id\":\"https:\/\/www.domkraftpro.com\/#website\"},\"primaryImageOfPage\":{\"@id\":\"https:\/\/www.domkraftpro.com\/index.php\/produkt\/grohe-euphoria-sprchova-hlavice-110-mono-chrom-27265000-kup-ted-33371\/#primaryimage\"},\"image\":{\"@id\":\"https:\/\/www.domkraftpro.com\/index.php\/produkt\/grohe-euphoria-sprchova-hlavice-110-mono-chrom-27265000-kup-ted-33371\/#primaryimage\"},\"thumbnailUrl\":\"https:\/\/www.domkraftpro.com\/wp-content\/uploads\/2026\/SK0006024-CZ20260425-093631-0-1777080994-170817-1_grohe-euphoria-sprchova-hlavice-110-mono--chrom-27.webp\",\"datePublished\":\"2026-04-27T04:41:50+00:00\",\"breadcrumb\":{\"@id\":\"https:\/\/www.domkraftpro.com\/index.php\/produkt\/grohe-euphoria-sprchova-hlavice-110-mono-chrom-27265000-kup-ted-33371\/#breadcrumb\"},\"inLanguage\":\"cs\",\"potentialAction\":[{\"@type\":\"ReadAction\",\"target\":[\"https:\/\/www.domkraftpro.com\/index.php\/produkt\/grohe-euphoria-sprchova-hlavice-110-mono-chrom-27265000-kup-ted-33371\/\"]}]},{\"@type\":\"ImageObject\",\"inLanguage\":\"cs\",\"@id\":\"https:\/\/www.domkraftpro.com\/index.php\/produkt\/grohe-euphoria-sprchova-hlavice-110-mono-chrom-27265000-kup-ted-33371\/#primaryimage\",\"url\":\"https:\/\/www.domkraftpro.com\/wp-content\/uploads\/2026\/SK0006024-CZ20260425-093631-0-1777080994-170817-1_grohe-euphoria-sprchova-hlavice-110-mono--chrom-27.webp\",\"contentUrl\":\"https:\/\/www.domkraftpro.com\/wp-content\/uploads\/2026\/SK0006024-CZ20260425-093631-0-1777080994-170817-1_grohe-euphoria-sprchova-hlavice-110-mono--chrom-27.webp\",\"width\":1000,\"height\":750},{\"@type\":\"BreadcrumbList\",\"@id\":\"https:\/\/www.domkraftpro.com\/index.php\/produkt\/grohe-euphoria-sprchova-hlavice-110-mono-chrom-27265000-kup-ted-33371\/#breadcrumb\",\"itemListElement\":[{\"@type\":\"ListItem\",\"position\":1,\"name\":\"Home\",\"item\":\"https:\/\/www.domkraftpro.com\/\"},{\"@type\":\"ListItem\",\"position\":2,\"name\":\"Products\",\"item\":\"https:\/\/www.domkraftpro.com\/index.php\/products\/\"},{\"@type\":\"ListItem\",\"position\":3,\"name\":\"Grohe Euphoria sprchov\u00e1 hlavice 110 Mono, chrom 27265000 Kup Te\u010f\"}]},{\"@type\":\"WebSite\",\"@id\":\"https:\/\/www.domkraftpro.com\/#website\",\"url\":\"https:\/\/www.domkraftpro.com\/\",\"name\":\"\",\"description\":\"\",\"potentialAction\":[{\"@type\":\"SearchAction\",\"target\":{\"@type\":\"EntryPoint\",\"urlTemplate\":\"https:\/\/www.domkraftpro.com\/?s={search_term_string}\"},\"query-input\":{\"@type\":\"PropertyValueSpecification\",\"valueRequired\":true,\"valueName\":\"search_term_string\"}}],\"inLanguage\":\"cs\"}]}<\/script>\n<!-- \/ Yoast SEO plugin. -->","yoast_head_json":{"title":"Grohe Euphoria sprchov\u00e1 hlavice 110 Mono, chrom 27265000 Kup Te\u010f -","robots":{"index":"index","follow":"follow","max-snippet":"max-snippet:-1","max-image-preview":"max-image-preview:large","max-video-preview":"max-video-preview:-1"},"canonical":"https:\/\/www.domkraftpro.com\/index.php\/produkt\/grohe-euphoria-sprchova-hlavice-110-mono-chrom-27265000-kup-ted-33371\/","og_locale":"cs_CZ","og_type":"article","og_title":"Grohe Euphoria sprchov\u00e1 hlavice 110 Mono, chrom 27265000 Kup Te\u010f -","og_description":"Detailn\u00ed popis produktu Specifikace: Euphoria 110 MonoRu\u010dn\u00ed sprcha Rain GROHE DreamSpray perfektn\u00ed vodn\u00ed paprsky GROHE StarLight chromov\u00fd povrch GROHE SpeedClean &#8211; odstran\u011bn\u00ed vodn\u00edho kamene p\u0159et\u0159en\u00edm vnit\u0159n\u00ed syst\u00e9m WaterGuide pro del\u0161\u00ed \u017eivotnost vhodn\u00e9 pro pr\u016ftokov\u00e9 oh\u0159\u00edva\u010de vody Upozorn\u011bn\u00ed pro z\u00e1kazn\u00edky ke koupi produkt\u016f na objedn\u00e1n\u00ed: Toto zbo\u017e\u00ed nen\u00ed standardn\u00edm s\u00e9riov\u00fdm v\u00fdrobkem. Bude vyrobeno na p\u0159\u00e1n\u00ed z\u00e1kazn\u00edka [&hellip;]","og_url":"https:\/\/www.domkraftpro.com\/index.php\/produkt\/grohe-euphoria-sprchova-hlavice-110-mono-chrom-27265000-kup-ted-33371\/","og_image":[{"width":1000,"height":750,"url":"https:\/\/www.domkraftpro.com\/wp-content\/uploads\/2026\/SK0006024-CZ20260425-093631-0-1777080994-170817-1_grohe-euphoria-sprchova-hlavice-110-mono--chrom-27.webp","type":"image\/webp"}],"twitter_card":"summary_large_image","twitter_misc":{"Odhadovan\u00e1 doba \u010dten\u00ed":"1 minuta"},"schema":{"@context":"https:\/\/schema.org","@graph":[{"@type":"WebPage","@id":"https:\/\/www.domkraftpro.com\/index.php\/produkt\/grohe-euphoria-sprchova-hlavice-110-mono-chrom-27265000-kup-ted-33371\/","url":"https:\/\/www.domkraftpro.com\/index.php\/produkt\/grohe-euphoria-sprchova-hlavice-110-mono-chrom-27265000-kup-ted-33371\/","name":"Grohe Euphoria sprchov\u00e1 hlavice 110 Mono, chrom 27265000 Kup Te\u010f -","isPartOf":{"@id":"https:\/\/www.domkraftpro.com\/#website"},"primaryImageOfPage":{"@id":"https:\/\/www.domkraftpro.com\/index.php\/produkt\/grohe-euphoria-sprchova-hlavice-110-mono-chrom-27265000-kup-ted-33371\/#primaryimage"},"image":{"@id":"https:\/\/www.domkraftpro.com\/index.php\/produkt\/grohe-euphoria-sprchova-hlavice-110-mono-chrom-27265000-kup-ted-33371\/#primaryimage"},"thumbnailUrl":"https:\/\/www.domkraftpro.com\/wp-content\/uploads\/2026\/SK0006024-CZ20260425-093631-0-1777080994-170817-1_grohe-euphoria-sprchova-hlavice-110-mono--chrom-27.webp","datePublished":"2026-04-27T04:41:50+00:00","breadcrumb":{"@id":"https:\/\/www.domkraftpro.com\/index.php\/produkt\/grohe-euphoria-sprchova-hlavice-110-mono-chrom-27265000-kup-ted-33371\/#breadcrumb"},"inLanguage":"cs","potentialAction":[{"@type":"ReadAction","target":["https:\/\/www.domkraftpro.com\/index.php\/produkt\/grohe-euphoria-sprchova-hlavice-110-mono-chrom-27265000-kup-ted-33371\/"]}]},{"@type":"ImageObject","inLanguage":"cs","@id":"https:\/\/www.domkraftpro.com\/index.php\/produkt\/grohe-euphoria-sprchova-hlavice-110-mono-chrom-27265000-kup-ted-33371\/#primaryimage","url":"https:\/\/www.domkraftpro.com\/wp-content\/uploads\/2026\/SK0006024-CZ20260425-093631-0-1777080994-170817-1_grohe-euphoria-sprchova-hlavice-110-mono--chrom-27.webp","contentUrl":"https:\/\/www.domkraftpro.com\/wp-content\/uploads\/2026\/SK0006024-CZ20260425-093631-0-1777080994-170817-1_grohe-euphoria-sprchova-hlavice-110-mono--chrom-27.webp","width":1000,"height":750},{"@type":"BreadcrumbList","@id":"https:\/\/www.domkraftpro.com\/index.php\/produkt\/grohe-euphoria-sprchova-hlavice-110-mono-chrom-27265000-kup-ted-33371\/#breadcrumb","itemListElement":[{"@type":"ListItem","position":1,"name":"Home","item":"https:\/\/www.domkraftpro.com\/"},{"@type":"ListItem","position":2,"name":"Products","item":"https:\/\/www.domkraftpro.com\/index.php\/products\/"},{"@type":"ListItem","position":3,"name":"Grohe Euphoria sprchov\u00e1 hlavice 110 Mono, chrom 27265000 Kup Te\u010f"}]},{"@type":"WebSite","@id":"https:\/\/www.domkraftpro.com\/#website","url":"https:\/\/www.domkraftpro.com\/","name":"","description":"","potentialAction":[{"@type":"SearchAction","target":{"@type":"EntryPoint","urlTemplate":"https:\/\/www.domkraftpro.com\/?s={search_term_string}"},"query-input":{"@type":"PropertyValueSpecification","valueRequired":true,"valueName":"search_term_string"}}],"inLanguage":"cs"}]}},"_links":{"self":[{"href":"https:\/\/www.domkraftpro.com\/index.php\/wp-json\/wp\/v2\/product\/33371","targetHints":{"allow":["GET"]}}],"collection":[{"href":"https:\/\/www.domkraftpro.com\/index.php\/wp-json\/wp\/v2\/product"}],"about":[{"href":"https:\/\/www.domkraftpro.com\/index.php\/wp-json\/wp\/v2\/types\/product"}],"replies":[{"embeddable":true,"href":"https:\/\/www.domkraftpro.com\/index.php\/wp-json\/wp\/v2\/comments?post=33371"}],"wp:featuredmedia":[{"embeddable":true,"href":"https:\/\/www.domkraftpro.com\/index.php\/wp-json\/wp\/v2\/media\/33471"}],"wp:attachment":[{"href":"https:\/\/www.domkraftpro.com\/index.php\/wp-json\/wp\/v2\/media?parent=33371"}],"wp:term":[{"taxonomy":"product_brand","embeddable":true,"href":"https:\/\/www.domkraftpro.com\/index.php\/wp-json\/wp\/v2\/product_brand?post=33371"},{"taxonomy":"product_cat","embeddable":true,"href":"https:\/\/www.domkraftpro.com\/index.php\/wp-json\/wp\/v2\/product_cat?post=33371"},{"taxonomy":"product_tag","embeddable":true,"href":"https:\/\/www.domkraftpro.com\/index.php\/wp-json\/wp\/v2\/product_tag?post=33371"}],"curies":[{"name":"wp","href":"https:\/\/api.w.org\/{rel}","templated":true}]}}