{"id":33358,"date":"2026-04-27T04:41:50","date_gmt":"2026-04-27T04:41:50","guid":{"rendered":""},"modified":"2026-04-27T04:41:50","modified_gmt":"2026-04-27T04:41:50","slug":"znackovy-grohe-grohtherm-smartcontrol-ventil-pod-omitku-pro-3-spotrebice-mesicni-bila-29152ls0-33358","status":"publish","type":"product","link":"https:\/\/www.domkraftpro.com\/index.php\/produkt\/znackovy-grohe-grohtherm-smartcontrol-ventil-pod-omitku-pro-3-spotrebice-mesicni-bila-29152ls0-33358\/","title":{"rendered":"Zna\u010dkov\u00fd Grohe Grohtherm SmartControl ventil pod om\u00edtku pro 3 spot\u0159ebi\u010de, m\u011bs\u00ed\u010dn\u00ed b\u00edl\u00e1 29152LS0"},"content":{"rendered":"<div class=\"basic-description\">\n<h3>Detailn\u00ed popis produktu<\/h3>\n<h3>Specifikace:<\/h3>\n<div class=\"detail-popis\">\n<p><strong>Podom\u00edtkov\u00fd ventil se 3 v\u00fdstupy<\/strong><\/p>\n<ul>\n<li>instalace na mont\u00e1\u017en\u00ed t\u011bleso, je t\u0159eba objednat zvl\u00e1\u0161\u0165<\/li>\n<li><strong>GROHE Rapido SmartBox<\/strong><span>&nbsp;<\/span>35 600 000\/35 601 000<\/li>\n<li>kovov\u00e1 rozeta s<span>&nbsp;<\/span><strong>GROHE QuickFix<\/strong><span>&nbsp;<\/span>(kryt\u00e1 rozeta s t\u011bsn\u011bn\u00edm, skryt\u00e9 p\u0159ipevn\u011bn\u00ed), nastaviteln\u00e1 \u00b1 6\u00b0<\/li>\n<li><strong>GROHE StarLight<span>&nbsp;<\/span><\/strong>povrch<\/li>\n<li>SmartControl tla\u010d\u00edtko ON-OFF, ovl\u00e1d\u00e1n\u00ed proudu od EcoJoy do pln\u00e9ho proudu Full Flow<\/li>\n<li>vym\u011bniteln\u00e9 symboly<\/li>\n<li>v\u00fdstupy mohou b\u00fdt spu\u0161t\u011bny sou\u010dasn\u011b<\/li>\n<li>krytka v proveden\u00ed m\u011bs\u00ed\u010dn\u00ed b\u00edl\u00e1<\/li>\n<\/ul>\n<p><strong>Pr\u016ftok<\/strong><\/p>\n<ul>\n<li>v\u00fdstup D = 28 l\/min<\/li>\n<li>v\u00fdstup E = 28 l\/min<\/li>\n<li>v\u00fdstup A = 28 l\/min<\/li>\n<li>v\u00fdstup D+E+A = 65 l\/min<\/li>\n<\/ul>\n<\/div><\/div>\n","protected":false},"excerpt":{"rendered":"<p>Detailn\u00ed popis produktu Specifikace: Podom\u00edtkov\u00fd ventil se 3 v\u00fdstupy instalace na mont\u00e1\u017en\u00ed t\u011bleso, je t\u0159eba objednat zvl\u00e1\u0161\u0165 GROHE Rapido SmartBox&nbsp;35 600 000\/35 601 000 kovov\u00e1 rozeta s&nbsp;GROHE QuickFix&nbsp;(kryt\u00e1 rozeta s t\u011bsn\u011bn\u00edm, skryt\u00e9 p\u0159ipevn\u011bn\u00ed), nastaviteln\u00e1 \u00b1 6\u00b0 GROHE StarLight&nbsp;povrch SmartControl tla\u010d\u00edtko ON-OFF, ovl\u00e1d\u00e1n\u00ed proudu od EcoJoy do pln\u00e9ho proudu Full Flow vym\u011bniteln\u00e9 symboly v\u00fdstupy mohou b\u00fdt [&hellip;]<\/p>\n","protected":false},"featured_media":33458,"comment_status":"open","ping_status":"open","template":"","meta":[],"product_brand":[],"product_cat":[75],"product_tag":[],"class_list":{"0":"post-33358","1":"product","2":"type-product","3":"status-publish","4":"has-post-thumbnail","6":"product_cat-vodovodni-baterie","8":"first","9":"instock","10":"sale","11":"shipping-taxable","12":"purchasable","13":"product-type-simple"},"yoast_head":"<!-- This site is optimized with the Yoast SEO plugin v26.8 - https:\/\/yoast.com\/product\/yoast-seo-wordpress\/ -->\n<title>Zna\u010dkov\u00fd Grohe Grohtherm SmartControl ventil pod om\u00edtku pro 3 spot\u0159ebi\u010de, m\u011bs\u00ed\u010dn\u00ed b\u00edl\u00e1 29152LS0 -<\/title>\n<meta name=\"robots\" content=\"index, follow, max-snippet:-1, max-image-preview:large, max-video-preview:-1\" \/>\n<link rel=\"canonical\" href=\"https:\/\/www.domkraftpro.com\/index.php\/produkt\/znackovy-grohe-grohtherm-smartcontrol-ventil-pod-omitku-pro-3-spotrebice-mesicni-bila-29152ls0-33358\/\" \/>\n<meta property=\"og:locale\" content=\"cs_CZ\" \/>\n<meta property=\"og:type\" content=\"article\" \/>\n<meta property=\"og:title\" content=\"Zna\u010dkov\u00fd Grohe Grohtherm SmartControl ventil pod om\u00edtku pro 3 spot\u0159ebi\u010de, m\u011bs\u00ed\u010dn\u00ed b\u00edl\u00e1 29152LS0 -\" \/>\n<meta property=\"og:description\" content=\"Detailn\u00ed popis produktu Specifikace: Podom\u00edtkov\u00fd ventil se 3 v\u00fdstupy instalace na mont\u00e1\u017en\u00ed t\u011bleso, je t\u0159eba objednat zvl\u00e1\u0161\u0165 GROHE Rapido SmartBox&nbsp;35 600 000\/35 601 000 kovov\u00e1 rozeta s&nbsp;GROHE QuickFix&nbsp;(kryt\u00e1 rozeta s t\u011bsn\u011bn\u00edm, skryt\u00e9 p\u0159ipevn\u011bn\u00ed), nastaviteln\u00e1 \u00b1 6\u00b0 GROHE StarLight&nbsp;povrch SmartControl tla\u010d\u00edtko ON-OFF, ovl\u00e1d\u00e1n\u00ed proudu od EcoJoy do pln\u00e9ho proudu Full Flow vym\u011bniteln\u00e9 symboly v\u00fdstupy mohou b\u00fdt [&hellip;]\" \/>\n<meta property=\"og:url\" content=\"https:\/\/www.domkraftpro.com\/index.php\/produkt\/znackovy-grohe-grohtherm-smartcontrol-ventil-pod-omitku-pro-3-spotrebice-mesicni-bila-29152ls0-33358\/\" \/>\n<meta property=\"og:image\" content=\"https:\/\/www.domkraftpro.com\/wp-content\/uploads\/2026\/SK0006009-CZ20260425-093631-0-1777080994-170739-1_grohe-grohtherm-smartcontrol-ventil-pod-omitku-pro.webp\" \/>\n\t<meta property=\"og:image:width\" content=\"1000\" \/>\n\t<meta property=\"og:image:height\" content=\"750\" \/>\n\t<meta property=\"og:image:type\" content=\"image\/webp\" \/>\n<meta name=\"twitter:card\" content=\"summary_large_image\" \/>\n<meta name=\"twitter:label1\" content=\"Odhadovan\u00e1 doba \u010dten\u00ed\" \/>\n\t<meta name=\"twitter:data1\" content=\"1 minuta\" \/>\n<script type=\"application\/ld+json\" class=\"yoast-schema-graph\">{\"@context\":\"https:\/\/schema.org\",\"@graph\":[{\"@type\":\"WebPage\",\"@id\":\"https:\/\/www.domkraftpro.com\/index.php\/produkt\/znackovy-grohe-grohtherm-smartcontrol-ventil-pod-omitku-pro-3-spotrebice-mesicni-bila-29152ls0-33358\/\",\"url\":\"https:\/\/www.domkraftpro.com\/index.php\/produkt\/znackovy-grohe-grohtherm-smartcontrol-ventil-pod-omitku-pro-3-spotrebice-mesicni-bila-29152ls0-33358\/\",\"name\":\"Zna\u010dkov\u00fd Grohe Grohtherm SmartControl ventil pod om\u00edtku pro 3 spot\u0159ebi\u010de, m\u011bs\u00ed\u010dn\u00ed b\u00edl\u00e1 29152LS0 -\",\"isPartOf\":{\"@id\":\"https:\/\/www.domkraftpro.com\/#website\"},\"primaryImageOfPage\":{\"@id\":\"https:\/\/www.domkraftpro.com\/index.php\/produkt\/znackovy-grohe-grohtherm-smartcontrol-ventil-pod-omitku-pro-3-spotrebice-mesicni-bila-29152ls0-33358\/#primaryimage\"},\"image\":{\"@id\":\"https:\/\/www.domkraftpro.com\/index.php\/produkt\/znackovy-grohe-grohtherm-smartcontrol-ventil-pod-omitku-pro-3-spotrebice-mesicni-bila-29152ls0-33358\/#primaryimage\"},\"thumbnailUrl\":\"https:\/\/www.domkraftpro.com\/wp-content\/uploads\/2026\/SK0006009-CZ20260425-093631-0-1777080994-170739-1_grohe-grohtherm-smartcontrol-ventil-pod-omitku-pro.webp\",\"datePublished\":\"2026-04-27T04:41:50+00:00\",\"breadcrumb\":{\"@id\":\"https:\/\/www.domkraftpro.com\/index.php\/produkt\/znackovy-grohe-grohtherm-smartcontrol-ventil-pod-omitku-pro-3-spotrebice-mesicni-bila-29152ls0-33358\/#breadcrumb\"},\"inLanguage\":\"cs\",\"potentialAction\":[{\"@type\":\"ReadAction\",\"target\":[\"https:\/\/www.domkraftpro.com\/index.php\/produkt\/znackovy-grohe-grohtherm-smartcontrol-ventil-pod-omitku-pro-3-spotrebice-mesicni-bila-29152ls0-33358\/\"]}]},{\"@type\":\"ImageObject\",\"inLanguage\":\"cs\",\"@id\":\"https:\/\/www.domkraftpro.com\/index.php\/produkt\/znackovy-grohe-grohtherm-smartcontrol-ventil-pod-omitku-pro-3-spotrebice-mesicni-bila-29152ls0-33358\/#primaryimage\",\"url\":\"https:\/\/www.domkraftpro.com\/wp-content\/uploads\/2026\/SK0006009-CZ20260425-093631-0-1777080994-170739-1_grohe-grohtherm-smartcontrol-ventil-pod-omitku-pro.webp\",\"contentUrl\":\"https:\/\/www.domkraftpro.com\/wp-content\/uploads\/2026\/SK0006009-CZ20260425-093631-0-1777080994-170739-1_grohe-grohtherm-smartcontrol-ventil-pod-omitku-pro.webp\",\"width\":1000,\"height\":750},{\"@type\":\"BreadcrumbList\",\"@id\":\"https:\/\/www.domkraftpro.com\/index.php\/produkt\/znackovy-grohe-grohtherm-smartcontrol-ventil-pod-omitku-pro-3-spotrebice-mesicni-bila-29152ls0-33358\/#breadcrumb\",\"itemListElement\":[{\"@type\":\"ListItem\",\"position\":1,\"name\":\"Home\",\"item\":\"https:\/\/www.domkraftpro.com\/\"},{\"@type\":\"ListItem\",\"position\":2,\"name\":\"Products\",\"item\":\"https:\/\/www.domkraftpro.com\/index.php\/products\/\"},{\"@type\":\"ListItem\",\"position\":3,\"name\":\"Zna\u010dkov\u00fd Grohe Grohtherm SmartControl ventil pod om\u00edtku pro 3 spot\u0159ebi\u010de, m\u011bs\u00ed\u010dn\u00ed b\u00edl\u00e1 29152LS0\"}]},{\"@type\":\"WebSite\",\"@id\":\"https:\/\/www.domkraftpro.com\/#website\",\"url\":\"https:\/\/www.domkraftpro.com\/\",\"name\":\"\",\"description\":\"\",\"potentialAction\":[{\"@type\":\"SearchAction\",\"target\":{\"@type\":\"EntryPoint\",\"urlTemplate\":\"https:\/\/www.domkraftpro.com\/?s={search_term_string}\"},\"query-input\":{\"@type\":\"PropertyValueSpecification\",\"valueRequired\":true,\"valueName\":\"search_term_string\"}}],\"inLanguage\":\"cs\"}]}<\/script>\n<!-- \/ Yoast SEO plugin. -->","yoast_head_json":{"title":"Zna\u010dkov\u00fd Grohe Grohtherm SmartControl ventil pod om\u00edtku pro 3 spot\u0159ebi\u010de, m\u011bs\u00ed\u010dn\u00ed b\u00edl\u00e1 29152LS0 -","robots":{"index":"index","follow":"follow","max-snippet":"max-snippet:-1","max-image-preview":"max-image-preview:large","max-video-preview":"max-video-preview:-1"},"canonical":"https:\/\/www.domkraftpro.com\/index.php\/produkt\/znackovy-grohe-grohtherm-smartcontrol-ventil-pod-omitku-pro-3-spotrebice-mesicni-bila-29152ls0-33358\/","og_locale":"cs_CZ","og_type":"article","og_title":"Zna\u010dkov\u00fd Grohe Grohtherm SmartControl ventil pod om\u00edtku pro 3 spot\u0159ebi\u010de, m\u011bs\u00ed\u010dn\u00ed b\u00edl\u00e1 29152LS0 -","og_description":"Detailn\u00ed popis produktu Specifikace: Podom\u00edtkov\u00fd ventil se 3 v\u00fdstupy instalace na mont\u00e1\u017en\u00ed t\u011bleso, je t\u0159eba objednat zvl\u00e1\u0161\u0165 GROHE Rapido SmartBox&nbsp;35 600 000\/35 601 000 kovov\u00e1 rozeta s&nbsp;GROHE QuickFix&nbsp;(kryt\u00e1 rozeta s t\u011bsn\u011bn\u00edm, skryt\u00e9 p\u0159ipevn\u011bn\u00ed), nastaviteln\u00e1 \u00b1 6\u00b0 GROHE StarLight&nbsp;povrch SmartControl tla\u010d\u00edtko ON-OFF, ovl\u00e1d\u00e1n\u00ed proudu od EcoJoy do pln\u00e9ho proudu Full Flow vym\u011bniteln\u00e9 symboly v\u00fdstupy mohou b\u00fdt [&hellip;]","og_url":"https:\/\/www.domkraftpro.com\/index.php\/produkt\/znackovy-grohe-grohtherm-smartcontrol-ventil-pod-omitku-pro-3-spotrebice-mesicni-bila-29152ls0-33358\/","og_image":[{"width":1000,"height":750,"url":"https:\/\/www.domkraftpro.com\/wp-content\/uploads\/2026\/SK0006009-CZ20260425-093631-0-1777080994-170739-1_grohe-grohtherm-smartcontrol-ventil-pod-omitku-pro.webp","type":"image\/webp"}],"twitter_card":"summary_large_image","twitter_misc":{"Odhadovan\u00e1 doba \u010dten\u00ed":"1 minuta"},"schema":{"@context":"https:\/\/schema.org","@graph":[{"@type":"WebPage","@id":"https:\/\/www.domkraftpro.com\/index.php\/produkt\/znackovy-grohe-grohtherm-smartcontrol-ventil-pod-omitku-pro-3-spotrebice-mesicni-bila-29152ls0-33358\/","url":"https:\/\/www.domkraftpro.com\/index.php\/produkt\/znackovy-grohe-grohtherm-smartcontrol-ventil-pod-omitku-pro-3-spotrebice-mesicni-bila-29152ls0-33358\/","name":"Zna\u010dkov\u00fd Grohe Grohtherm SmartControl ventil pod om\u00edtku pro 3 spot\u0159ebi\u010de, m\u011bs\u00ed\u010dn\u00ed b\u00edl\u00e1 29152LS0 -","isPartOf":{"@id":"https:\/\/www.domkraftpro.com\/#website"},"primaryImageOfPage":{"@id":"https:\/\/www.domkraftpro.com\/index.php\/produkt\/znackovy-grohe-grohtherm-smartcontrol-ventil-pod-omitku-pro-3-spotrebice-mesicni-bila-29152ls0-33358\/#primaryimage"},"image":{"@id":"https:\/\/www.domkraftpro.com\/index.php\/produkt\/znackovy-grohe-grohtherm-smartcontrol-ventil-pod-omitku-pro-3-spotrebice-mesicni-bila-29152ls0-33358\/#primaryimage"},"thumbnailUrl":"https:\/\/www.domkraftpro.com\/wp-content\/uploads\/2026\/SK0006009-CZ20260425-093631-0-1777080994-170739-1_grohe-grohtherm-smartcontrol-ventil-pod-omitku-pro.webp","datePublished":"2026-04-27T04:41:50+00:00","breadcrumb":{"@id":"https:\/\/www.domkraftpro.com\/index.php\/produkt\/znackovy-grohe-grohtherm-smartcontrol-ventil-pod-omitku-pro-3-spotrebice-mesicni-bila-29152ls0-33358\/#breadcrumb"},"inLanguage":"cs","potentialAction":[{"@type":"ReadAction","target":["https:\/\/www.domkraftpro.com\/index.php\/produkt\/znackovy-grohe-grohtherm-smartcontrol-ventil-pod-omitku-pro-3-spotrebice-mesicni-bila-29152ls0-33358\/"]}]},{"@type":"ImageObject","inLanguage":"cs","@id":"https:\/\/www.domkraftpro.com\/index.php\/produkt\/znackovy-grohe-grohtherm-smartcontrol-ventil-pod-omitku-pro-3-spotrebice-mesicni-bila-29152ls0-33358\/#primaryimage","url":"https:\/\/www.domkraftpro.com\/wp-content\/uploads\/2026\/SK0006009-CZ20260425-093631-0-1777080994-170739-1_grohe-grohtherm-smartcontrol-ventil-pod-omitku-pro.webp","contentUrl":"https:\/\/www.domkraftpro.com\/wp-content\/uploads\/2026\/SK0006009-CZ20260425-093631-0-1777080994-170739-1_grohe-grohtherm-smartcontrol-ventil-pod-omitku-pro.webp","width":1000,"height":750},{"@type":"BreadcrumbList","@id":"https:\/\/www.domkraftpro.com\/index.php\/produkt\/znackovy-grohe-grohtherm-smartcontrol-ventil-pod-omitku-pro-3-spotrebice-mesicni-bila-29152ls0-33358\/#breadcrumb","itemListElement":[{"@type":"ListItem","position":1,"name":"Home","item":"https:\/\/www.domkraftpro.com\/"},{"@type":"ListItem","position":2,"name":"Products","item":"https:\/\/www.domkraftpro.com\/index.php\/products\/"},{"@type":"ListItem","position":3,"name":"Zna\u010dkov\u00fd Grohe Grohtherm SmartControl ventil pod om\u00edtku pro 3 spot\u0159ebi\u010de, m\u011bs\u00ed\u010dn\u00ed b\u00edl\u00e1 29152LS0"}]},{"@type":"WebSite","@id":"https:\/\/www.domkraftpro.com\/#website","url":"https:\/\/www.domkraftpro.com\/","name":"","description":"","potentialAction":[{"@type":"SearchAction","target":{"@type":"EntryPoint","urlTemplate":"https:\/\/www.domkraftpro.com\/?s={search_term_string}"},"query-input":{"@type":"PropertyValueSpecification","valueRequired":true,"valueName":"search_term_string"}}],"inLanguage":"cs"}]}},"_links":{"self":[{"href":"https:\/\/www.domkraftpro.com\/index.php\/wp-json\/wp\/v2\/product\/33358","targetHints":{"allow":["GET"]}}],"collection":[{"href":"https:\/\/www.domkraftpro.com\/index.php\/wp-json\/wp\/v2\/product"}],"about":[{"href":"https:\/\/www.domkraftpro.com\/index.php\/wp-json\/wp\/v2\/types\/product"}],"replies":[{"embeddable":true,"href":"https:\/\/www.domkraftpro.com\/index.php\/wp-json\/wp\/v2\/comments?post=33358"}],"wp:featuredmedia":[{"embeddable":true,"href":"https:\/\/www.domkraftpro.com\/index.php\/wp-json\/wp\/v2\/media\/33458"}],"wp:attachment":[{"href":"https:\/\/www.domkraftpro.com\/index.php\/wp-json\/wp\/v2\/media?parent=33358"}],"wp:term":[{"taxonomy":"product_brand","embeddable":true,"href":"https:\/\/www.domkraftpro.com\/index.php\/wp-json\/wp\/v2\/product_brand?post=33358"},{"taxonomy":"product_cat","embeddable":true,"href":"https:\/\/www.domkraftpro.com\/index.php\/wp-json\/wp\/v2\/product_cat?post=33358"},{"taxonomy":"product_tag","embeddable":true,"href":"https:\/\/www.domkraftpro.com\/index.php\/wp-json\/wp\/v2\/product_tag?post=33358"}],"curies":[{"name":"wp","href":"https:\/\/api.w.org\/{rel}","templated":true}]}}