{"id":33174,"date":"2026-04-27T04:41:50","date_gmt":"2026-04-27T04:41:50","guid":{"rendered":""},"modified":"2026-04-27T04:41:50","modified_gmt":"2026-04-27T04:41:50","slug":"hansa-stilo-sprchova-hlavice-na-okraj-vany-chrom-53549420-nizka-cena-33174","status":"publish","type":"product","link":"https:\/\/www.domkraftpro.com\/index.php\/produkt\/hansa-stilo-sprchova-hlavice-na-okraj-vany-chrom-53549420-nizka-cena-33174\/","title":{"rendered":"Hansa Stilo sprchov\u00e1 hlavice na okraj vany, chrom 53549420 N\u00edzk\u00e1 Cena"},"content":{"rendered":"<div class=\"basic-description\">\n<h3>Detailn\u00ed popis produktu<\/h3>\n<p><strong>Ty\u010dov\u00e1 ru\u010dn\u00ed sprcha pro instalaci na okraj vany<\/strong><\/p>\n<ul>\n<li>materi\u00e1l:&nbsp;kompozitn\u00ed<\/li>\n<li>povrchov\u00e1 \u00faprava :chrom<\/li>\n<li>pr\u016ftok: 13,2 l\/min<\/li>\n<li>p\u0159ipojen\u00ed G 1\/2 (DN15)<\/li>\n<li>sprchov\u00e1 hadice, d\u00e9lka 1750 mm<\/li>\n<li>1 druh proudu: intenzivn\u00ed proud<\/li>\n<li>hranat\u00e1 kryc\u00ed rozeta \u00d8 75 mm<\/li>\n<li>zp\u011btn\u00e1 klapka, s\u00edtko na ne\u010distoty<\/li>\n<li>technologie proti usazov\u00e1n\u00ed vodn\u00edho kamene<\/li>\n<li>zabezpe\u010den\u00ed proti zp\u011btn\u00e9mu toku dle EN 1717<\/li>\n<li>instalace:<span>&nbsp;<\/span><strong>na mont\u00e1\u017en\u00ed t\u011bleso Roll Box<\/strong><span>&nbsp;<\/span>na okraj vany<\/li>\n<\/ul>\n<p><strong>Instala\u010dn\u00ed t\u011bleso Roll Box nen\u00ed sou\u010d\u00e1st\u00ed dod\u00e1vky, je t\u0159eba objednat zvl\u00e1\u0161\u0165.<\/strong>&nbsp;<\/p>\n<\/p><\/div>\n","protected":false},"excerpt":{"rendered":"<p>Detailn\u00ed popis produktu Ty\u010dov\u00e1 ru\u010dn\u00ed sprcha pro instalaci na okraj vany materi\u00e1l:&nbsp;kompozitn\u00ed povrchov\u00e1 \u00faprava :chrom pr\u016ftok: 13,2 l\/min p\u0159ipojen\u00ed G 1\/2 (DN15) sprchov\u00e1 hadice, d\u00e9lka 1750 mm 1 druh proudu: intenzivn\u00ed proud hranat\u00e1 kryc\u00ed rozeta \u00d8 75 mm zp\u011btn\u00e1 klapka, s\u00edtko na ne\u010distoty technologie proti usazov\u00e1n\u00ed vodn\u00edho kamene zabezpe\u010den\u00ed proti zp\u011btn\u00e9mu toku dle EN 1717 [&hellip;]<\/p>\n","protected":false},"featured_media":33274,"comment_status":"open","ping_status":"open","template":"","meta":[],"product_brand":[],"product_cat":[112],"product_tag":[],"class_list":{"0":"post-33174","1":"product","2":"type-product","3":"status-publish","4":"has-post-thumbnail","6":"product_cat-sprchovy-program","8":"first","9":"instock","10":"sale","11":"shipping-taxable","12":"purchasable","13":"product-type-simple"},"yoast_head":"<!-- This site is optimized with the Yoast SEO plugin v26.8 - https:\/\/yoast.com\/product\/yoast-seo-wordpress\/ -->\n<title>Hansa Stilo sprchov\u00e1 hlavice na okraj vany, chrom 53549420 N\u00edzk\u00e1 Cena -<\/title>\n<meta name=\"robots\" content=\"index, follow, max-snippet:-1, max-image-preview:large, max-video-preview:-1\" \/>\n<link rel=\"canonical\" href=\"https:\/\/www.domkraftpro.com\/index.php\/produkt\/hansa-stilo-sprchova-hlavice-na-okraj-vany-chrom-53549420-nizka-cena-33174\/\" \/>\n<meta property=\"og:locale\" content=\"cs_CZ\" \/>\n<meta property=\"og:type\" content=\"article\" \/>\n<meta property=\"og:title\" content=\"Hansa Stilo sprchov\u00e1 hlavice na okraj vany, chrom 53549420 N\u00edzk\u00e1 Cena -\" \/>\n<meta property=\"og:description\" content=\"Detailn\u00ed popis produktu Ty\u010dov\u00e1 ru\u010dn\u00ed sprcha pro instalaci na okraj vany materi\u00e1l:&nbsp;kompozitn\u00ed povrchov\u00e1 \u00faprava :chrom pr\u016ftok: 13,2 l\/min p\u0159ipojen\u00ed G 1\/2 (DN15) sprchov\u00e1 hadice, d\u00e9lka 1750 mm 1 druh proudu: intenzivn\u00ed proud hranat\u00e1 kryc\u00ed rozeta \u00d8 75 mm zp\u011btn\u00e1 klapka, s\u00edtko na ne\u010distoty technologie proti usazov\u00e1n\u00ed vodn\u00edho kamene zabezpe\u010den\u00ed proti zp\u011btn\u00e9mu toku dle EN 1717 [&hellip;]\" \/>\n<meta property=\"og:url\" content=\"https:\/\/www.domkraftpro.com\/index.php\/produkt\/hansa-stilo-sprchova-hlavice-na-okraj-vany-chrom-53549420-nizka-cena-33174\/\" \/>\n<meta property=\"og:image\" content=\"https:\/\/www.domkraftpro.com\/wp-content\/uploads\/2026\/SK0005910-CZ20260425-093631-0-1777080994-170298-3_hansa-stilo-sprchova-hlavice-na-okraj-vany--chrom-.webp\" \/>\n\t<meta property=\"og:image:width\" content=\"1000\" \/>\n\t<meta property=\"og:image:height\" content=\"750\" \/>\n\t<meta property=\"og:image:type\" content=\"image\/webp\" \/>\n<meta name=\"twitter:card\" content=\"summary_large_image\" \/>\n<script type=\"application\/ld+json\" class=\"yoast-schema-graph\">{\"@context\":\"https:\/\/schema.org\",\"@graph\":[{\"@type\":\"WebPage\",\"@id\":\"https:\/\/www.domkraftpro.com\/index.php\/produkt\/hansa-stilo-sprchova-hlavice-na-okraj-vany-chrom-53549420-nizka-cena-33174\/\",\"url\":\"https:\/\/www.domkraftpro.com\/index.php\/produkt\/hansa-stilo-sprchova-hlavice-na-okraj-vany-chrom-53549420-nizka-cena-33174\/\",\"name\":\"Hansa Stilo sprchov\u00e1 hlavice na okraj vany, chrom 53549420 N\u00edzk\u00e1 Cena -\",\"isPartOf\":{\"@id\":\"https:\/\/www.domkraftpro.com\/#website\"},\"primaryImageOfPage\":{\"@id\":\"https:\/\/www.domkraftpro.com\/index.php\/produkt\/hansa-stilo-sprchova-hlavice-na-okraj-vany-chrom-53549420-nizka-cena-33174\/#primaryimage\"},\"image\":{\"@id\":\"https:\/\/www.domkraftpro.com\/index.php\/produkt\/hansa-stilo-sprchova-hlavice-na-okraj-vany-chrom-53549420-nizka-cena-33174\/#primaryimage\"},\"thumbnailUrl\":\"https:\/\/www.domkraftpro.com\/wp-content\/uploads\/2026\/SK0005910-CZ20260425-093631-0-1777080994-170298-3_hansa-stilo-sprchova-hlavice-na-okraj-vany--chrom-.webp\",\"datePublished\":\"2026-04-27T04:41:50+00:00\",\"breadcrumb\":{\"@id\":\"https:\/\/www.domkraftpro.com\/index.php\/produkt\/hansa-stilo-sprchova-hlavice-na-okraj-vany-chrom-53549420-nizka-cena-33174\/#breadcrumb\"},\"inLanguage\":\"cs\",\"potentialAction\":[{\"@type\":\"ReadAction\",\"target\":[\"https:\/\/www.domkraftpro.com\/index.php\/produkt\/hansa-stilo-sprchova-hlavice-na-okraj-vany-chrom-53549420-nizka-cena-33174\/\"]}]},{\"@type\":\"ImageObject\",\"inLanguage\":\"cs\",\"@id\":\"https:\/\/www.domkraftpro.com\/index.php\/produkt\/hansa-stilo-sprchova-hlavice-na-okraj-vany-chrom-53549420-nizka-cena-33174\/#primaryimage\",\"url\":\"https:\/\/www.domkraftpro.com\/wp-content\/uploads\/2026\/SK0005910-CZ20260425-093631-0-1777080994-170298-3_hansa-stilo-sprchova-hlavice-na-okraj-vany--chrom-.webp\",\"contentUrl\":\"https:\/\/www.domkraftpro.com\/wp-content\/uploads\/2026\/SK0005910-CZ20260425-093631-0-1777080994-170298-3_hansa-stilo-sprchova-hlavice-na-okraj-vany--chrom-.webp\",\"width\":1000,\"height\":750},{\"@type\":\"BreadcrumbList\",\"@id\":\"https:\/\/www.domkraftpro.com\/index.php\/produkt\/hansa-stilo-sprchova-hlavice-na-okraj-vany-chrom-53549420-nizka-cena-33174\/#breadcrumb\",\"itemListElement\":[{\"@type\":\"ListItem\",\"position\":1,\"name\":\"Home\",\"item\":\"https:\/\/www.domkraftpro.com\/\"},{\"@type\":\"ListItem\",\"position\":2,\"name\":\"Products\",\"item\":\"https:\/\/www.domkraftpro.com\/index.php\/products\/\"},{\"@type\":\"ListItem\",\"position\":3,\"name\":\"Hansa Stilo sprchov\u00e1 hlavice na okraj vany, chrom 53549420 N\u00edzk\u00e1 Cena\"}]},{\"@type\":\"WebSite\",\"@id\":\"https:\/\/www.domkraftpro.com\/#website\",\"url\":\"https:\/\/www.domkraftpro.com\/\",\"name\":\"\",\"description\":\"\",\"potentialAction\":[{\"@type\":\"SearchAction\",\"target\":{\"@type\":\"EntryPoint\",\"urlTemplate\":\"https:\/\/www.domkraftpro.com\/?s={search_term_string}\"},\"query-input\":{\"@type\":\"PropertyValueSpecification\",\"valueRequired\":true,\"valueName\":\"search_term_string\"}}],\"inLanguage\":\"cs\"}]}<\/script>\n<!-- \/ Yoast SEO plugin. -->","yoast_head_json":{"title":"Hansa Stilo sprchov\u00e1 hlavice na okraj vany, chrom 53549420 N\u00edzk\u00e1 Cena -","robots":{"index":"index","follow":"follow","max-snippet":"max-snippet:-1","max-image-preview":"max-image-preview:large","max-video-preview":"max-video-preview:-1"},"canonical":"https:\/\/www.domkraftpro.com\/index.php\/produkt\/hansa-stilo-sprchova-hlavice-na-okraj-vany-chrom-53549420-nizka-cena-33174\/","og_locale":"cs_CZ","og_type":"article","og_title":"Hansa Stilo sprchov\u00e1 hlavice na okraj vany, chrom 53549420 N\u00edzk\u00e1 Cena -","og_description":"Detailn\u00ed popis produktu Ty\u010dov\u00e1 ru\u010dn\u00ed sprcha pro instalaci na okraj vany materi\u00e1l:&nbsp;kompozitn\u00ed povrchov\u00e1 \u00faprava :chrom pr\u016ftok: 13,2 l\/min p\u0159ipojen\u00ed G 1\/2 (DN15) sprchov\u00e1 hadice, d\u00e9lka 1750 mm 1 druh proudu: intenzivn\u00ed proud hranat\u00e1 kryc\u00ed rozeta \u00d8 75 mm zp\u011btn\u00e1 klapka, s\u00edtko na ne\u010distoty technologie proti usazov\u00e1n\u00ed vodn\u00edho kamene zabezpe\u010den\u00ed proti zp\u011btn\u00e9mu toku dle EN 1717 [&hellip;]","og_url":"https:\/\/www.domkraftpro.com\/index.php\/produkt\/hansa-stilo-sprchova-hlavice-na-okraj-vany-chrom-53549420-nizka-cena-33174\/","og_image":[{"width":1000,"height":750,"url":"https:\/\/www.domkraftpro.com\/wp-content\/uploads\/2026\/SK0005910-CZ20260425-093631-0-1777080994-170298-3_hansa-stilo-sprchova-hlavice-na-okraj-vany--chrom-.webp","type":"image\/webp"}],"twitter_card":"summary_large_image","schema":{"@context":"https:\/\/schema.org","@graph":[{"@type":"WebPage","@id":"https:\/\/www.domkraftpro.com\/index.php\/produkt\/hansa-stilo-sprchova-hlavice-na-okraj-vany-chrom-53549420-nizka-cena-33174\/","url":"https:\/\/www.domkraftpro.com\/index.php\/produkt\/hansa-stilo-sprchova-hlavice-na-okraj-vany-chrom-53549420-nizka-cena-33174\/","name":"Hansa Stilo sprchov\u00e1 hlavice na okraj vany, chrom 53549420 N\u00edzk\u00e1 Cena -","isPartOf":{"@id":"https:\/\/www.domkraftpro.com\/#website"},"primaryImageOfPage":{"@id":"https:\/\/www.domkraftpro.com\/index.php\/produkt\/hansa-stilo-sprchova-hlavice-na-okraj-vany-chrom-53549420-nizka-cena-33174\/#primaryimage"},"image":{"@id":"https:\/\/www.domkraftpro.com\/index.php\/produkt\/hansa-stilo-sprchova-hlavice-na-okraj-vany-chrom-53549420-nizka-cena-33174\/#primaryimage"},"thumbnailUrl":"https:\/\/www.domkraftpro.com\/wp-content\/uploads\/2026\/SK0005910-CZ20260425-093631-0-1777080994-170298-3_hansa-stilo-sprchova-hlavice-na-okraj-vany--chrom-.webp","datePublished":"2026-04-27T04:41:50+00:00","breadcrumb":{"@id":"https:\/\/www.domkraftpro.com\/index.php\/produkt\/hansa-stilo-sprchova-hlavice-na-okraj-vany-chrom-53549420-nizka-cena-33174\/#breadcrumb"},"inLanguage":"cs","potentialAction":[{"@type":"ReadAction","target":["https:\/\/www.domkraftpro.com\/index.php\/produkt\/hansa-stilo-sprchova-hlavice-na-okraj-vany-chrom-53549420-nizka-cena-33174\/"]}]},{"@type":"ImageObject","inLanguage":"cs","@id":"https:\/\/www.domkraftpro.com\/index.php\/produkt\/hansa-stilo-sprchova-hlavice-na-okraj-vany-chrom-53549420-nizka-cena-33174\/#primaryimage","url":"https:\/\/www.domkraftpro.com\/wp-content\/uploads\/2026\/SK0005910-CZ20260425-093631-0-1777080994-170298-3_hansa-stilo-sprchova-hlavice-na-okraj-vany--chrom-.webp","contentUrl":"https:\/\/www.domkraftpro.com\/wp-content\/uploads\/2026\/SK0005910-CZ20260425-093631-0-1777080994-170298-3_hansa-stilo-sprchova-hlavice-na-okraj-vany--chrom-.webp","width":1000,"height":750},{"@type":"BreadcrumbList","@id":"https:\/\/www.domkraftpro.com\/index.php\/produkt\/hansa-stilo-sprchova-hlavice-na-okraj-vany-chrom-53549420-nizka-cena-33174\/#breadcrumb","itemListElement":[{"@type":"ListItem","position":1,"name":"Home","item":"https:\/\/www.domkraftpro.com\/"},{"@type":"ListItem","position":2,"name":"Products","item":"https:\/\/www.domkraftpro.com\/index.php\/products\/"},{"@type":"ListItem","position":3,"name":"Hansa Stilo sprchov\u00e1 hlavice na okraj vany, chrom 53549420 N\u00edzk\u00e1 Cena"}]},{"@type":"WebSite","@id":"https:\/\/www.domkraftpro.com\/#website","url":"https:\/\/www.domkraftpro.com\/","name":"","description":"","potentialAction":[{"@type":"SearchAction","target":{"@type":"EntryPoint","urlTemplate":"https:\/\/www.domkraftpro.com\/?s={search_term_string}"},"query-input":{"@type":"PropertyValueSpecification","valueRequired":true,"valueName":"search_term_string"}}],"inLanguage":"cs"}]}},"_links":{"self":[{"href":"https:\/\/www.domkraftpro.com\/index.php\/wp-json\/wp\/v2\/product\/33174","targetHints":{"allow":["GET"]}}],"collection":[{"href":"https:\/\/www.domkraftpro.com\/index.php\/wp-json\/wp\/v2\/product"}],"about":[{"href":"https:\/\/www.domkraftpro.com\/index.php\/wp-json\/wp\/v2\/types\/product"}],"replies":[{"embeddable":true,"href":"https:\/\/www.domkraftpro.com\/index.php\/wp-json\/wp\/v2\/comments?post=33174"}],"wp:featuredmedia":[{"embeddable":true,"href":"https:\/\/www.domkraftpro.com\/index.php\/wp-json\/wp\/v2\/media\/33274"}],"wp:attachment":[{"href":"https:\/\/www.domkraftpro.com\/index.php\/wp-json\/wp\/v2\/media?parent=33174"}],"wp:term":[{"taxonomy":"product_brand","embeddable":true,"href":"https:\/\/www.domkraftpro.com\/index.php\/wp-json\/wp\/v2\/product_brand?post=33174"},{"taxonomy":"product_cat","embeddable":true,"href":"https:\/\/www.domkraftpro.com\/index.php\/wp-json\/wp\/v2\/product_cat?post=33174"},{"taxonomy":"product_tag","embeddable":true,"href":"https:\/\/www.domkraftpro.com\/index.php\/wp-json\/wp\/v2\/product_tag?post=33174"}],"curies":[{"name":"wp","href":"https:\/\/api.w.org\/{rel}","templated":true}]}}