{"id":33124,"date":"2026-04-27T04:41:50","date_gmt":"2026-04-27T04:41:50","guid":{"rendered":""},"modified":"2026-04-27T04:41:50","modified_gmt":"2026-04-27T04:41:50","slug":"akce-hansa-ronda-pakova-umyvadlova-baterie-chrom-03082273-33124","status":"publish","type":"product","link":"https:\/\/www.domkraftpro.com\/index.php\/produkt\/akce-hansa-ronda-pakova-umyvadlova-baterie-chrom-03082273-33124\/","title":{"rendered":"Akce Hansa Ronda p\u00e1kov\u00e1 umyvadlov\u00e1 baterie, chrom 03082273"},"content":{"rendered":"<div class=\"basic-description\">\n<h3>Detailn\u00ed popis produktu<\/h3>\n<h3>Specifikace:<\/h3>\n<div class=\"detail-popis\">\n<p>P-IX 19480\/IO<\/p>\n<p>pr\u016ftokov\u00e9 mno\u017estv\u00ed: 6 l\/min, m\u011b\u0159eno p\u0159i 3 barech hydraulick\u00e9ho tlaku<\/p>\n<ul>\n<li>T\u011blesa armatur: mosaz neuvol\u0148uj\u00edc\u00ed zinek (MS 63)<\/li>\n<li>Povrchy v kontaktu s pitnou vodou jsou bez povrchov\u00e9 \u00fapravy niklem<\/li>\n<li>ovl\u00e1dac\u00ed p\u00e1ka (kov)<\/li>\n<li>CACH\u00c9<sup>\u00ae<\/sup><span>&nbsp;<\/span>regul\u00e1tor proudu vody s mont\u00e1\u017en\u00edm kl\u00ed\u010dem<\/li>\n<li>(-) zlep\u0161en\u00e1 ochrana proti usazenin\u00e1m pomoc\u00ed HONEYCOMB<sup>\u00ae<\/sup><span>&nbsp;<\/span>struktury<\/li>\n<li>bez odpadn\u00ed soupravy<\/li>\n<li>bez otvoru pro t\u00e1hlo<\/li>\n<li>mont\u00e1\u017en\u00ed syst\u00e9m Rapid<\/li>\n<li>p\u0159ipojen\u00ed tlakov\u00e9 hadice G 3\/8<\/li>\n<\/ul>\n<p>v\u00fdtok: pevn\u00fd, lit\u00fd<\/p>\n<p>vylo\u017een\u00ed: 100 mm<\/p>\n<\/div><\/div>\n","protected":false},"excerpt":{"rendered":"<p>Detailn\u00ed popis produktu Specifikace: P-IX 19480\/IO pr\u016ftokov\u00e9 mno\u017estv\u00ed: 6 l\/min, m\u011b\u0159eno p\u0159i 3 barech hydraulick\u00e9ho tlaku T\u011blesa armatur: mosaz neuvol\u0148uj\u00edc\u00ed zinek (MS 63) Povrchy v kontaktu s pitnou vodou jsou bez povrchov\u00e9 \u00fapravy niklem ovl\u00e1dac\u00ed p\u00e1ka (kov) CACH\u00c9\u00ae&nbsp;regul\u00e1tor proudu vody s mont\u00e1\u017en\u00edm kl\u00ed\u010dem (-) zlep\u0161en\u00e1 ochrana proti usazenin\u00e1m pomoc\u00ed HONEYCOMB\u00ae&nbsp;struktury bez odpadn\u00ed soupravy bez otvoru [&hellip;]<\/p>\n","protected":false},"featured_media":33224,"comment_status":"open","ping_status":"open","template":"","meta":[],"product_brand":[],"product_cat":[75],"product_tag":[],"class_list":{"0":"post-33124","1":"product","2":"type-product","3":"status-publish","4":"has-post-thumbnail","6":"product_cat-vodovodni-baterie","8":"first","9":"instock","10":"sale","11":"shipping-taxable","12":"purchasable","13":"product-type-simple"},"yoast_head":"<!-- This site is optimized with the Yoast SEO plugin v26.8 - https:\/\/yoast.com\/product\/yoast-seo-wordpress\/ -->\n<title>Akce Hansa Ronda p\u00e1kov\u00e1 umyvadlov\u00e1 baterie, chrom 03082273 -<\/title>\n<meta name=\"robots\" content=\"index, follow, max-snippet:-1, max-image-preview:large, max-video-preview:-1\" \/>\n<link rel=\"canonical\" href=\"https:\/\/www.domkraftpro.com\/index.php\/produkt\/akce-hansa-ronda-pakova-umyvadlova-baterie-chrom-03082273-33124\/\" \/>\n<meta property=\"og:locale\" content=\"cs_CZ\" \/>\n<meta property=\"og:type\" content=\"article\" \/>\n<meta property=\"og:title\" content=\"Akce Hansa Ronda p\u00e1kov\u00e1 umyvadlov\u00e1 baterie, chrom 03082273 -\" \/>\n<meta property=\"og:description\" content=\"Detailn\u00ed popis produktu Specifikace: P-IX 19480\/IO pr\u016ftokov\u00e9 mno\u017estv\u00ed: 6 l\/min, m\u011b\u0159eno p\u0159i 3 barech hydraulick\u00e9ho tlaku T\u011blesa armatur: mosaz neuvol\u0148uj\u00edc\u00ed zinek (MS 63) Povrchy v kontaktu s pitnou vodou jsou bez povrchov\u00e9 \u00fapravy niklem ovl\u00e1dac\u00ed p\u00e1ka (kov) CACH\u00c9\u00ae&nbsp;regul\u00e1tor proudu vody s mont\u00e1\u017en\u00edm kl\u00ed\u010dem (-) zlep\u0161en\u00e1 ochrana proti usazenin\u00e1m pomoc\u00ed HONEYCOMB\u00ae&nbsp;struktury bez odpadn\u00ed soupravy bez otvoru [&hellip;]\" \/>\n<meta property=\"og:url\" content=\"https:\/\/www.domkraftpro.com\/index.php\/produkt\/akce-hansa-ronda-pakova-umyvadlova-baterie-chrom-03082273-33124\/\" \/>\n<meta property=\"og:image\" content=\"https:\/\/www.domkraftpro.com\/wp-content\/uploads\/2026\/SK0005854-CZ20260425-093631-0-1777080994-170037_hansa-ronda-pakova-umyvadlova-baterie--chrom-0308227.webp\" \/>\n\t<meta property=\"og:image:width\" content=\"1000\" \/>\n\t<meta property=\"og:image:height\" content=\"750\" \/>\n\t<meta property=\"og:image:type\" content=\"image\/webp\" \/>\n<meta name=\"twitter:card\" content=\"summary_large_image\" \/>\n<script type=\"application\/ld+json\" class=\"yoast-schema-graph\">{\"@context\":\"https:\/\/schema.org\",\"@graph\":[{\"@type\":\"WebPage\",\"@id\":\"https:\/\/www.domkraftpro.com\/index.php\/produkt\/akce-hansa-ronda-pakova-umyvadlova-baterie-chrom-03082273-33124\/\",\"url\":\"https:\/\/www.domkraftpro.com\/index.php\/produkt\/akce-hansa-ronda-pakova-umyvadlova-baterie-chrom-03082273-33124\/\",\"name\":\"Akce Hansa Ronda p\u00e1kov\u00e1 umyvadlov\u00e1 baterie, chrom 03082273 -\",\"isPartOf\":{\"@id\":\"https:\/\/www.domkraftpro.com\/#website\"},\"primaryImageOfPage\":{\"@id\":\"https:\/\/www.domkraftpro.com\/index.php\/produkt\/akce-hansa-ronda-pakova-umyvadlova-baterie-chrom-03082273-33124\/#primaryimage\"},\"image\":{\"@id\":\"https:\/\/www.domkraftpro.com\/index.php\/produkt\/akce-hansa-ronda-pakova-umyvadlova-baterie-chrom-03082273-33124\/#primaryimage\"},\"thumbnailUrl\":\"https:\/\/www.domkraftpro.com\/wp-content\/uploads\/2026\/SK0005854-CZ20260425-093631-0-1777080994-170037_hansa-ronda-pakova-umyvadlova-baterie--chrom-0308227.webp\",\"datePublished\":\"2026-04-27T04:41:50+00:00\",\"breadcrumb\":{\"@id\":\"https:\/\/www.domkraftpro.com\/index.php\/produkt\/akce-hansa-ronda-pakova-umyvadlova-baterie-chrom-03082273-33124\/#breadcrumb\"},\"inLanguage\":\"cs\",\"potentialAction\":[{\"@type\":\"ReadAction\",\"target\":[\"https:\/\/www.domkraftpro.com\/index.php\/produkt\/akce-hansa-ronda-pakova-umyvadlova-baterie-chrom-03082273-33124\/\"]}]},{\"@type\":\"ImageObject\",\"inLanguage\":\"cs\",\"@id\":\"https:\/\/www.domkraftpro.com\/index.php\/produkt\/akce-hansa-ronda-pakova-umyvadlova-baterie-chrom-03082273-33124\/#primaryimage\",\"url\":\"https:\/\/www.domkraftpro.com\/wp-content\/uploads\/2026\/SK0005854-CZ20260425-093631-0-1777080994-170037_hansa-ronda-pakova-umyvadlova-baterie--chrom-0308227.webp\",\"contentUrl\":\"https:\/\/www.domkraftpro.com\/wp-content\/uploads\/2026\/SK0005854-CZ20260425-093631-0-1777080994-170037_hansa-ronda-pakova-umyvadlova-baterie--chrom-0308227.webp\",\"width\":1000,\"height\":750},{\"@type\":\"BreadcrumbList\",\"@id\":\"https:\/\/www.domkraftpro.com\/index.php\/produkt\/akce-hansa-ronda-pakova-umyvadlova-baterie-chrom-03082273-33124\/#breadcrumb\",\"itemListElement\":[{\"@type\":\"ListItem\",\"position\":1,\"name\":\"Home\",\"item\":\"https:\/\/www.domkraftpro.com\/\"},{\"@type\":\"ListItem\",\"position\":2,\"name\":\"Products\",\"item\":\"https:\/\/www.domkraftpro.com\/index.php\/products\/\"},{\"@type\":\"ListItem\",\"position\":3,\"name\":\"Akce Hansa Ronda p\u00e1kov\u00e1 umyvadlov\u00e1 baterie, chrom 03082273\"}]},{\"@type\":\"WebSite\",\"@id\":\"https:\/\/www.domkraftpro.com\/#website\",\"url\":\"https:\/\/www.domkraftpro.com\/\",\"name\":\"\",\"description\":\"\",\"potentialAction\":[{\"@type\":\"SearchAction\",\"target\":{\"@type\":\"EntryPoint\",\"urlTemplate\":\"https:\/\/www.domkraftpro.com\/?s={search_term_string}\"},\"query-input\":{\"@type\":\"PropertyValueSpecification\",\"valueRequired\":true,\"valueName\":\"search_term_string\"}}],\"inLanguage\":\"cs\"}]}<\/script>\n<!-- \/ Yoast SEO plugin. -->","yoast_head_json":{"title":"Akce Hansa Ronda p\u00e1kov\u00e1 umyvadlov\u00e1 baterie, chrom 03082273 -","robots":{"index":"index","follow":"follow","max-snippet":"max-snippet:-1","max-image-preview":"max-image-preview:large","max-video-preview":"max-video-preview:-1"},"canonical":"https:\/\/www.domkraftpro.com\/index.php\/produkt\/akce-hansa-ronda-pakova-umyvadlova-baterie-chrom-03082273-33124\/","og_locale":"cs_CZ","og_type":"article","og_title":"Akce Hansa Ronda p\u00e1kov\u00e1 umyvadlov\u00e1 baterie, chrom 03082273 -","og_description":"Detailn\u00ed popis produktu Specifikace: P-IX 19480\/IO pr\u016ftokov\u00e9 mno\u017estv\u00ed: 6 l\/min, m\u011b\u0159eno p\u0159i 3 barech hydraulick\u00e9ho tlaku T\u011blesa armatur: mosaz neuvol\u0148uj\u00edc\u00ed zinek (MS 63) Povrchy v kontaktu s pitnou vodou jsou bez povrchov\u00e9 \u00fapravy niklem ovl\u00e1dac\u00ed p\u00e1ka (kov) CACH\u00c9\u00ae&nbsp;regul\u00e1tor proudu vody s mont\u00e1\u017en\u00edm kl\u00ed\u010dem (-) zlep\u0161en\u00e1 ochrana proti usazenin\u00e1m pomoc\u00ed HONEYCOMB\u00ae&nbsp;struktury bez odpadn\u00ed soupravy bez otvoru [&hellip;]","og_url":"https:\/\/www.domkraftpro.com\/index.php\/produkt\/akce-hansa-ronda-pakova-umyvadlova-baterie-chrom-03082273-33124\/","og_image":[{"width":1000,"height":750,"url":"https:\/\/www.domkraftpro.com\/wp-content\/uploads\/2026\/SK0005854-CZ20260425-093631-0-1777080994-170037_hansa-ronda-pakova-umyvadlova-baterie--chrom-0308227.webp","type":"image\/webp"}],"twitter_card":"summary_large_image","schema":{"@context":"https:\/\/schema.org","@graph":[{"@type":"WebPage","@id":"https:\/\/www.domkraftpro.com\/index.php\/produkt\/akce-hansa-ronda-pakova-umyvadlova-baterie-chrom-03082273-33124\/","url":"https:\/\/www.domkraftpro.com\/index.php\/produkt\/akce-hansa-ronda-pakova-umyvadlova-baterie-chrom-03082273-33124\/","name":"Akce Hansa Ronda p\u00e1kov\u00e1 umyvadlov\u00e1 baterie, chrom 03082273 -","isPartOf":{"@id":"https:\/\/www.domkraftpro.com\/#website"},"primaryImageOfPage":{"@id":"https:\/\/www.domkraftpro.com\/index.php\/produkt\/akce-hansa-ronda-pakova-umyvadlova-baterie-chrom-03082273-33124\/#primaryimage"},"image":{"@id":"https:\/\/www.domkraftpro.com\/index.php\/produkt\/akce-hansa-ronda-pakova-umyvadlova-baterie-chrom-03082273-33124\/#primaryimage"},"thumbnailUrl":"https:\/\/www.domkraftpro.com\/wp-content\/uploads\/2026\/SK0005854-CZ20260425-093631-0-1777080994-170037_hansa-ronda-pakova-umyvadlova-baterie--chrom-0308227.webp","datePublished":"2026-04-27T04:41:50+00:00","breadcrumb":{"@id":"https:\/\/www.domkraftpro.com\/index.php\/produkt\/akce-hansa-ronda-pakova-umyvadlova-baterie-chrom-03082273-33124\/#breadcrumb"},"inLanguage":"cs","potentialAction":[{"@type":"ReadAction","target":["https:\/\/www.domkraftpro.com\/index.php\/produkt\/akce-hansa-ronda-pakova-umyvadlova-baterie-chrom-03082273-33124\/"]}]},{"@type":"ImageObject","inLanguage":"cs","@id":"https:\/\/www.domkraftpro.com\/index.php\/produkt\/akce-hansa-ronda-pakova-umyvadlova-baterie-chrom-03082273-33124\/#primaryimage","url":"https:\/\/www.domkraftpro.com\/wp-content\/uploads\/2026\/SK0005854-CZ20260425-093631-0-1777080994-170037_hansa-ronda-pakova-umyvadlova-baterie--chrom-0308227.webp","contentUrl":"https:\/\/www.domkraftpro.com\/wp-content\/uploads\/2026\/SK0005854-CZ20260425-093631-0-1777080994-170037_hansa-ronda-pakova-umyvadlova-baterie--chrom-0308227.webp","width":1000,"height":750},{"@type":"BreadcrumbList","@id":"https:\/\/www.domkraftpro.com\/index.php\/produkt\/akce-hansa-ronda-pakova-umyvadlova-baterie-chrom-03082273-33124\/#breadcrumb","itemListElement":[{"@type":"ListItem","position":1,"name":"Home","item":"https:\/\/www.domkraftpro.com\/"},{"@type":"ListItem","position":2,"name":"Products","item":"https:\/\/www.domkraftpro.com\/index.php\/products\/"},{"@type":"ListItem","position":3,"name":"Akce Hansa Ronda p\u00e1kov\u00e1 umyvadlov\u00e1 baterie, chrom 03082273"}]},{"@type":"WebSite","@id":"https:\/\/www.domkraftpro.com\/#website","url":"https:\/\/www.domkraftpro.com\/","name":"","description":"","potentialAction":[{"@type":"SearchAction","target":{"@type":"EntryPoint","urlTemplate":"https:\/\/www.domkraftpro.com\/?s={search_term_string}"},"query-input":{"@type":"PropertyValueSpecification","valueRequired":true,"valueName":"search_term_string"}}],"inLanguage":"cs"}]}},"_links":{"self":[{"href":"https:\/\/www.domkraftpro.com\/index.php\/wp-json\/wp\/v2\/product\/33124","targetHints":{"allow":["GET"]}}],"collection":[{"href":"https:\/\/www.domkraftpro.com\/index.php\/wp-json\/wp\/v2\/product"}],"about":[{"href":"https:\/\/www.domkraftpro.com\/index.php\/wp-json\/wp\/v2\/types\/product"}],"replies":[{"embeddable":true,"href":"https:\/\/www.domkraftpro.com\/index.php\/wp-json\/wp\/v2\/comments?post=33124"}],"wp:featuredmedia":[{"embeddable":true,"href":"https:\/\/www.domkraftpro.com\/index.php\/wp-json\/wp\/v2\/media\/33224"}],"wp:attachment":[{"href":"https:\/\/www.domkraftpro.com\/index.php\/wp-json\/wp\/v2\/media?parent=33124"}],"wp:term":[{"taxonomy":"product_brand","embeddable":true,"href":"https:\/\/www.domkraftpro.com\/index.php\/wp-json\/wp\/v2\/product_brand?post=33124"},{"taxonomy":"product_cat","embeddable":true,"href":"https:\/\/www.domkraftpro.com\/index.php\/wp-json\/wp\/v2\/product_cat?post=33124"},{"taxonomy":"product_tag","embeddable":true,"href":"https:\/\/www.domkraftpro.com\/index.php\/wp-json\/wp\/v2\/product_tag?post=33124"}],"curies":[{"name":"wp","href":"https:\/\/api.w.org\/{rel}","templated":true}]}}