{"id":32571,"date":"2026-04-27T04:41:48","date_gmt":"2026-04-27T04:41:48","guid":{"rendered":""},"modified":"2026-04-27T04:41:48","modified_gmt":"2026-04-27T04:41:48","slug":"znackovy-purmo-klasik-22-400-2000-32571","status":"publish","type":"product","link":"https:\/\/www.domkraftpro.com\/index.php\/produkt\/znackovy-purmo-klasik-22-400-2000-32571\/","title":{"rendered":"Zna\u010dkov\u00fd Purmo Klasik 22-400\/2000"},"content":{"rendered":"<div id=\"e9110916\" class=\"pages\">\n<div>\n<div id=\"PDDescription\" class=\"UserContentView userContent v1a v1 bs-view dcon dc159 PDDescription\" ><dc-con><dc-con><bs-empty><\/bs-empty><\/dc-con><dc-con>        <\/p>\n<div class=\"customDescription\">\n<p><span style=\"color: #ff0000;\"><strong>Tento radi\u00e1tor je vyr\u00e1b\u011bn na zak\u00e1zku, po\u017eadujeme z\u00e1lohu ve v\u00fd\u0161i 50%<\/strong><\/span><\/p>\n<\/p><\/div>\n<p><\/dc-con><dc-con><\/p>\n<p><span style=\"color: #ff0000;\">Rozte\u010d p\u0159ipojen\u00ed je: v\u00fd\u0161ka radi\u00e1toru m\u00ednus 50 mm<\/span>.<\/p>\n<p><span style=\"text-transform: none; text-indent: 0px; letter-spacing: normal; display: inline !important; font: bold 13px\/18px tahoma, verdana, arial, sans-serif; white-space: normal; float: none; color: #000000; word-spacing: 0px; -webkit-text-stroke-width: 0px;\">Radi\u00e1tor Klasik 22-400\/2000 &#8211; PURMO<\/span><\/p>\n<p><span style=\"text-transform: none; text-indent: 0px; letter-spacing: normal; display: inline !important; font: bold 13px\/18px tahoma, verdana, arial, sans-serif; white-space: normal; float: none; color: #000000; word-spacing: 0px; -webkit-text-stroke-width: 0px;\">Typ klasik 22 <span style=\"font-weight: normal;\">&#8211; dvoudeskov\u00fd radi\u00e1tor se dv\u011bma vnit\u0159n\u00edmi konvektory a s bo\u010dn\u00edm p\u0159\u00edpojen\u00edm.<\/span><\/span><\/p>\n<p><\/dc-con><\/dc-con><\/div>\n<div id=\"PDDescription2\" class=\"UserContentView userContent v1a v1 bs-view dcon dc160 PDDescription2\" >\n<p><span style=\"font-weight: bold;\">Materi\u00e1l:<\/span>\u00a0hlubokota\u017en\u00fd n\u00edzkouhl\u00edkov\u00fd plech v\u00e1lcovan\u00fd za studena FePO1<\/p>\n<p><span style=\"font-weight: bold;\">Tlou\u0161\u0165ka plechu:<\/span>\u00a0ze kter\u00e9ho se lisuj\u00ed desky na radi\u00e1tory: 1.25 mm<\/p>\n<p><span style=\"font-weight: bold;\">Rozte\u010d vertik\u00e1ln\u00edch vodn\u00edch kan\u00e1lk\u016f:<\/span>\u00a033 1\/3 mm<\/p>\n<p><strong>Hloubka radi\u00e1tor\u016f:<\/strong> 102 mm<\/p>\n<p><span style=\"font-weight: bold;\">V\u00fd\u0161ky radi\u00e1tor\u016f:<\/span>\u00a0300, 400, 450, 500, 600, 900 mm<\/p>\n<p><span style=\"font-weight: bold;\">D\u00e9lky radi\u00e1tor\u016f:<\/span>\u00a0400, 500, 600, 700, 800, 900, 1000, 1100, 1200, 1400, 1600, 1800, 2000, 2300, 2600, 3000 mm<\/p>\n<p><span style=\"font-weight: bold;\">Maxim\u00e1ln\u00ed provozn\u00ed tlak:<\/span>\u00a010 bar<\/p>\n<p><span style=\"font-weight: bold;\">Zku\u0161ebn\u00ed tlak:<\/span>\u00a013 bar (p\u0159i v\u00fdrob\u011b) a 12 bar (po instalaci)<\/p>\n<p><span style=\"font-weight: bold;\">Maxim\u00e1ln\u00ed teplota:<\/span>\u00a0110\u00b0C<\/p>\n<p><span style=\"font-weight: bold;\">Barva:<\/span>\u00a0RAL 9016 b\u00edl\u00e1, jin\u00e9 na objedn\u00e1vku<\/p>\n<p><span style=\"font-weight: bold;\">Z\u00e1kladov\u00e1 vrstva:<\/span>\u00a0KTL II &#8211; katafor\u00e9za druh\u00e9 generace<\/p>\n<p><span style=\"font-weight: bold;\">Povrchov\u00e1 vrstva:<\/span>\u00a0elektrostaticky nan\u00e1\u0161en\u00e1<\/p>\n<p><span style=\"font-weight: bold;\">V\u00fdroba:<\/span>\u00a0spl\u0148uje BS EN ISO 9001, certifik\u00e1ty FM 32533 a BS EN ISO 14001 certifik\u00e1t EMS 75685 kontrolovan\u00fd organizac\u00ed British Standards Institution<br \/><span style=\"font-weight: bold;\"><br \/>Prohl\u00e1\u0161en\u00ed o shod\u011b:<\/span> PN-EN 442<\/p>\n<p><span style=\"font-weight: bold;\">Hygienick\u00fd atest:<\/span>\u00a0HK\/B\/0050\/01\/2006<\/p>\n<p><span style=\"font-weight: bold;\">P\u0159\u00edslu\u0161enstv\u00ed:<\/span> konzole jsou sou\u010d\u00e1st\u00ed radi\u00e1toru<\/p>\n<p><span style=\"font-weight: bold;\">Pozn\u00e1mka:<\/span> v\u00fdkon radi\u00e1tor\u016f je ud\u00e1v\u00e1n p\u0159i teplotn\u00edm sp\u00e1du 90\/70\u00b0C<br \/><strong><span style=\"color: #c00000;\"><br \/><span style=\"color: #c00000;\"><span style=\"color: #c00000;\"><span style=\"color: #c00000; font-weight: bold;\">Z\u00e1ruka: 10 let na t\u011bsnost radi\u00e1toru a\u00a010\u00a0let na povrchovou \u00fapravu.<\/span><\/span><\/span><\/p>\n<p><\/span><\/strong><span style=\"color: #c00000;\"><span style=\"color: #c00000;\"><span style=\"color: #c00000;\"><strong>Radi\u00e1tor lze\u00a0objednat v\u00a0jin\u00e9\u00a0RAL barv\u011b\u00a0za\u00a0p\u0159\u00edplatek. Pro v\u00edce informac\u00ed n\u00e1s kontaktujte.<\/strong><\/span><\/span><\/span><\/p>\n<\/div><\/div>\n<div id=\"PDTable3\" class=\"ProductDetailTableView v3a v3 bs-view dcon dc180 PDTable3\" >\n<table>\n<thead><\/thead>\n<tbody>\n<tr class=\"attribute attr_Vyska\">\n<td class=\"caption\">V\u00fd\u0161ka v mm<\/td>\n<td class=\"value\">400<\/td>\n<\/tr>\n<tr class=\"attribute attr_Novy attr_atribut attr_delka attr_v attr_mm\">\n<td class=\"caption\">D\u00e9lka v mm<\/td>\n<td class=\"value\">2000<\/td>\n<\/tr>\n<tr class=\"attribute attr_vyrobce\">\n<td class=\"caption\">V\u00fdrobce<\/td>\n<td class=\"value\">Purmo<\/td>\n<\/tr>\n<tr class=\"attribute attr_pocetdesek\">\n<td class=\"caption\">Po\u010det desek s vodou<\/td>\n<td class=\"value\">2 &#8211; desky s vodou<\/td>\n<\/tr>\n<tr class=\"attribute attr_pocetlamel\">\n<td class=\"caption\">Po\u010det vnit\u0159n\u00edch lamel<\/td>\n<td class=\"value\">2 &#8211; lamely<\/td>\n<\/tr>\n<tr class=\"attribute attr_pripojeniradiatoru\">\n<td class=\"caption\">P\u0159ipojen\u00ed radi\u00e1toru<\/td>\n<td class=\"value\">Klasik &#8211; bo\u010dn\u00ed p\u0159ipojen\u00ed<\/td>\n<\/tr>\n<tr class=\"attribute attr_bsshop_e1_VPrBsVykonRad\">\n<td class=\"caption\">V\u00fdkon<\/td>\n<td class=\"value\">3100 W<\/td>\n<\/tr>\n<tr class=\"weight\">\n<td class=\"caption\"><span>Hmotnost<\/span><\/td>\n<td class=\"value\"><span>40,75 kg<\/span><\/td>\n<\/tr>\n<\/tbody>\n<\/table>\n<\/div>\n<div id=\"PdProductGpsr\" class=\"ProductGpsrView v1a v1 bs-view dcon dc212 PdProductGpsr\" >\n<div class=\"subject\"><dc-root class=\"dcon dc214\"><span class=\"title\">Zodpov\u011bdn&#253; subjekt:<\/span><dc-con><dc-con><span class=\"company\">Purmo Group Poland Sp. z o.o.<\/span><span class=\"name\">Purmo<\/span><\/dc-con><dc-con><span class=\"street\">ul. Pu\u0142awska 491<\/span><span class=\"city\">Warszawa<\/span><span class=\"zip\">02 844<\/span><span class=\"country\">Polsko<\/span><\/dc-con><bs-empty><\/bs-empty><span class=\"phone\">+48 22 544 10 00<\/span><bs-empty><\/bs-empty><a href=\"https:\/\/global.purmo.com\/en\" class=\"link\" target=\"_blank\">https:\/\/global.purmo.com\/en<\/a><\/dc-con><bs-empty><\/bs-empty><\/dc-root><\/div>\n<p><bs-empty><\/bs-empty><\/div>\n<\/div>\n<div id=\"e9110917\" class=\"tabs\">\n","protected":false},"excerpt":{"rendered":"<p>Tento radi\u00e1tor je vyr\u00e1b\u011bn na zak\u00e1zku, po\u017eadujeme z\u00e1lohu ve v\u00fd\u0161i 50% Rozte\u010d p\u0159ipojen\u00ed je: v\u00fd\u0161ka radi\u00e1toru m\u00ednus 50 mm. Radi\u00e1tor Klasik 22-400\/2000 &#8211; PURMO Typ klasik 22 &#8211; dvoudeskov\u00fd radi\u00e1tor se dv\u011bma vnit\u0159n\u00edmi konvektory a s bo\u010dn\u00edm p\u0159\u00edpojen\u00edm. Materi\u00e1l:\u00a0hlubokota\u017en\u00fd n\u00edzkouhl\u00edkov\u00fd plech v\u00e1lcovan\u00fd za studena FePO1 Tlou\u0161\u0165ka plechu:\u00a0ze kter\u00e9ho se lisuj\u00ed desky na radi\u00e1tory: 1.25 mm [&hellip;]<\/p>\n","protected":false},"featured_media":32671,"comment_status":"open","ping_status":"open","template":"","meta":[],"product_brand":[],"product_cat":[98],"product_tag":[],"class_list":{"0":"post-32571","1":"product","2":"type-product","3":"status-publish","4":"has-post-thumbnail","6":"product_cat-radi-225-tory","8":"first","9":"instock","10":"sale","11":"shipping-taxable","12":"purchasable","13":"product-type-simple"},"yoast_head":"<!-- This site is optimized with the Yoast SEO plugin v26.8 - https:\/\/yoast.com\/product\/yoast-seo-wordpress\/ -->\n<title>Zna\u010dkov\u00fd Purmo Klasik 22-400\/2000 -<\/title>\n<meta name=\"robots\" content=\"index, follow, max-snippet:-1, max-image-preview:large, max-video-preview:-1\" \/>\n<link rel=\"canonical\" href=\"https:\/\/www.domkraftpro.com\/index.php\/produkt\/znackovy-purmo-klasik-22-400-2000-32571\/\" \/>\n<meta property=\"og:locale\" content=\"cs_CZ\" \/>\n<meta property=\"og:type\" content=\"article\" \/>\n<meta property=\"og:title\" content=\"Zna\u010dkov\u00fd Purmo Klasik 22-400\/2000 -\" \/>\n<meta property=\"og:description\" content=\"Tento radi\u00e1tor je vyr\u00e1b\u011bn na zak\u00e1zku, po\u017eadujeme z\u00e1lohu ve v\u00fd\u0161i 50% Rozte\u010d p\u0159ipojen\u00ed je: v\u00fd\u0161ka radi\u00e1toru m\u00ednus 50 mm. Radi\u00e1tor Klasik 22-400\/2000 &#8211; PURMO Typ klasik 22 &#8211; dvoudeskov\u00fd radi\u00e1tor se dv\u011bma vnit\u0159n\u00edmi konvektory a s bo\u010dn\u00edm p\u0159\u00edpojen\u00edm. Materi\u00e1l:\u00a0hlubokota\u017en\u00fd n\u00edzkouhl\u00edkov\u00fd plech v\u00e1lcovan\u00fd za studena FePO1 Tlou\u0161\u0165ka plechu:\u00a0ze kter\u00e9ho se lisuj\u00ed desky na radi\u00e1tory: 1.25 mm [&hellip;]\" \/>\n<meta property=\"og:url\" content=\"https:\/\/www.domkraftpro.com\/index.php\/produkt\/znackovy-purmo-klasik-22-400-2000-32571\/\" \/>\n<meta property=\"og:image\" content=\"https:\/\/www.domkraftpro.com\/wp-content\/uploads\/2026\/SK0006687-CZ20260425-093449-0-1777080895-purmo-klasik-22-400-2000.webp\" \/>\n\t<meta property=\"og:image:width\" content=\"1000\" \/>\n\t<meta property=\"og:image:height\" content=\"525\" \/>\n\t<meta property=\"og:image:type\" content=\"image\/webp\" \/>\n<meta name=\"twitter:card\" content=\"summary_large_image\" \/>\n<meta name=\"twitter:label1\" content=\"Odhadovan\u00e1 doba \u010dten\u00ed\" \/>\n\t<meta name=\"twitter:data1\" content=\"1 minuta\" \/>\n<script type=\"application\/ld+json\" class=\"yoast-schema-graph\">{\"@context\":\"https:\/\/schema.org\",\"@graph\":[{\"@type\":\"WebPage\",\"@id\":\"https:\/\/www.domkraftpro.com\/index.php\/produkt\/znackovy-purmo-klasik-22-400-2000-32571\/\",\"url\":\"https:\/\/www.domkraftpro.com\/index.php\/produkt\/znackovy-purmo-klasik-22-400-2000-32571\/\",\"name\":\"Zna\u010dkov\u00fd Purmo Klasik 22-400\/2000 -\",\"isPartOf\":{\"@id\":\"https:\/\/www.domkraftpro.com\/#website\"},\"primaryImageOfPage\":{\"@id\":\"https:\/\/www.domkraftpro.com\/index.php\/produkt\/znackovy-purmo-klasik-22-400-2000-32571\/#primaryimage\"},\"image\":{\"@id\":\"https:\/\/www.domkraftpro.com\/index.php\/produkt\/znackovy-purmo-klasik-22-400-2000-32571\/#primaryimage\"},\"thumbnailUrl\":\"https:\/\/www.domkraftpro.com\/wp-content\/uploads\/2026\/SK0006687-CZ20260425-093449-0-1777080895-purmo-klasik-22-400-2000.webp\",\"datePublished\":\"2026-04-27T04:41:48+00:00\",\"breadcrumb\":{\"@id\":\"https:\/\/www.domkraftpro.com\/index.php\/produkt\/znackovy-purmo-klasik-22-400-2000-32571\/#breadcrumb\"},\"inLanguage\":\"cs\",\"potentialAction\":[{\"@type\":\"ReadAction\",\"target\":[\"https:\/\/www.domkraftpro.com\/index.php\/produkt\/znackovy-purmo-klasik-22-400-2000-32571\/\"]}]},{\"@type\":\"ImageObject\",\"inLanguage\":\"cs\",\"@id\":\"https:\/\/www.domkraftpro.com\/index.php\/produkt\/znackovy-purmo-klasik-22-400-2000-32571\/#primaryimage\",\"url\":\"https:\/\/www.domkraftpro.com\/wp-content\/uploads\/2026\/SK0006687-CZ20260425-093449-0-1777080895-purmo-klasik-22-400-2000.webp\",\"contentUrl\":\"https:\/\/www.domkraftpro.com\/wp-content\/uploads\/2026\/SK0006687-CZ20260425-093449-0-1777080895-purmo-klasik-22-400-2000.webp\",\"width\":1000,\"height\":525},{\"@type\":\"BreadcrumbList\",\"@id\":\"https:\/\/www.domkraftpro.com\/index.php\/produkt\/znackovy-purmo-klasik-22-400-2000-32571\/#breadcrumb\",\"itemListElement\":[{\"@type\":\"ListItem\",\"position\":1,\"name\":\"Home\",\"item\":\"https:\/\/www.domkraftpro.com\/\"},{\"@type\":\"ListItem\",\"position\":2,\"name\":\"Products\",\"item\":\"https:\/\/www.domkraftpro.com\/index.php\/products\/\"},{\"@type\":\"ListItem\",\"position\":3,\"name\":\"Zna\u010dkov\u00fd Purmo Klasik 22-400\/2000\"}]},{\"@type\":\"WebSite\",\"@id\":\"https:\/\/www.domkraftpro.com\/#website\",\"url\":\"https:\/\/www.domkraftpro.com\/\",\"name\":\"\",\"description\":\"\",\"potentialAction\":[{\"@type\":\"SearchAction\",\"target\":{\"@type\":\"EntryPoint\",\"urlTemplate\":\"https:\/\/www.domkraftpro.com\/?s={search_term_string}\"},\"query-input\":{\"@type\":\"PropertyValueSpecification\",\"valueRequired\":true,\"valueName\":\"search_term_string\"}}],\"inLanguage\":\"cs\"}]}<\/script>\n<!-- \/ Yoast SEO plugin. -->","yoast_head_json":{"title":"Zna\u010dkov\u00fd Purmo Klasik 22-400\/2000 -","robots":{"index":"index","follow":"follow","max-snippet":"max-snippet:-1","max-image-preview":"max-image-preview:large","max-video-preview":"max-video-preview:-1"},"canonical":"https:\/\/www.domkraftpro.com\/index.php\/produkt\/znackovy-purmo-klasik-22-400-2000-32571\/","og_locale":"cs_CZ","og_type":"article","og_title":"Zna\u010dkov\u00fd Purmo Klasik 22-400\/2000 -","og_description":"Tento radi\u00e1tor je vyr\u00e1b\u011bn na zak\u00e1zku, po\u017eadujeme z\u00e1lohu ve v\u00fd\u0161i 50% Rozte\u010d p\u0159ipojen\u00ed je: v\u00fd\u0161ka radi\u00e1toru m\u00ednus 50 mm. Radi\u00e1tor Klasik 22-400\/2000 &#8211; PURMO Typ klasik 22 &#8211; dvoudeskov\u00fd radi\u00e1tor se dv\u011bma vnit\u0159n\u00edmi konvektory a s bo\u010dn\u00edm p\u0159\u00edpojen\u00edm. Materi\u00e1l:\u00a0hlubokota\u017en\u00fd n\u00edzkouhl\u00edkov\u00fd plech v\u00e1lcovan\u00fd za studena FePO1 Tlou\u0161\u0165ka plechu:\u00a0ze kter\u00e9ho se lisuj\u00ed desky na radi\u00e1tory: 1.25 mm [&hellip;]","og_url":"https:\/\/www.domkraftpro.com\/index.php\/produkt\/znackovy-purmo-klasik-22-400-2000-32571\/","og_image":[{"width":1000,"height":525,"url":"https:\/\/www.domkraftpro.com\/wp-content\/uploads\/2026\/SK0006687-CZ20260425-093449-0-1777080895-purmo-klasik-22-400-2000.webp","type":"image\/webp"}],"twitter_card":"summary_large_image","twitter_misc":{"Odhadovan\u00e1 doba \u010dten\u00ed":"1 minuta"},"schema":{"@context":"https:\/\/schema.org","@graph":[{"@type":"WebPage","@id":"https:\/\/www.domkraftpro.com\/index.php\/produkt\/znackovy-purmo-klasik-22-400-2000-32571\/","url":"https:\/\/www.domkraftpro.com\/index.php\/produkt\/znackovy-purmo-klasik-22-400-2000-32571\/","name":"Zna\u010dkov\u00fd Purmo Klasik 22-400\/2000 -","isPartOf":{"@id":"https:\/\/www.domkraftpro.com\/#website"},"primaryImageOfPage":{"@id":"https:\/\/www.domkraftpro.com\/index.php\/produkt\/znackovy-purmo-klasik-22-400-2000-32571\/#primaryimage"},"image":{"@id":"https:\/\/www.domkraftpro.com\/index.php\/produkt\/znackovy-purmo-klasik-22-400-2000-32571\/#primaryimage"},"thumbnailUrl":"https:\/\/www.domkraftpro.com\/wp-content\/uploads\/2026\/SK0006687-CZ20260425-093449-0-1777080895-purmo-klasik-22-400-2000.webp","datePublished":"2026-04-27T04:41:48+00:00","breadcrumb":{"@id":"https:\/\/www.domkraftpro.com\/index.php\/produkt\/znackovy-purmo-klasik-22-400-2000-32571\/#breadcrumb"},"inLanguage":"cs","potentialAction":[{"@type":"ReadAction","target":["https:\/\/www.domkraftpro.com\/index.php\/produkt\/znackovy-purmo-klasik-22-400-2000-32571\/"]}]},{"@type":"ImageObject","inLanguage":"cs","@id":"https:\/\/www.domkraftpro.com\/index.php\/produkt\/znackovy-purmo-klasik-22-400-2000-32571\/#primaryimage","url":"https:\/\/www.domkraftpro.com\/wp-content\/uploads\/2026\/SK0006687-CZ20260425-093449-0-1777080895-purmo-klasik-22-400-2000.webp","contentUrl":"https:\/\/www.domkraftpro.com\/wp-content\/uploads\/2026\/SK0006687-CZ20260425-093449-0-1777080895-purmo-klasik-22-400-2000.webp","width":1000,"height":525},{"@type":"BreadcrumbList","@id":"https:\/\/www.domkraftpro.com\/index.php\/produkt\/znackovy-purmo-klasik-22-400-2000-32571\/#breadcrumb","itemListElement":[{"@type":"ListItem","position":1,"name":"Home","item":"https:\/\/www.domkraftpro.com\/"},{"@type":"ListItem","position":2,"name":"Products","item":"https:\/\/www.domkraftpro.com\/index.php\/products\/"},{"@type":"ListItem","position":3,"name":"Zna\u010dkov\u00fd Purmo Klasik 22-400\/2000"}]},{"@type":"WebSite","@id":"https:\/\/www.domkraftpro.com\/#website","url":"https:\/\/www.domkraftpro.com\/","name":"","description":"","potentialAction":[{"@type":"SearchAction","target":{"@type":"EntryPoint","urlTemplate":"https:\/\/www.domkraftpro.com\/?s={search_term_string}"},"query-input":{"@type":"PropertyValueSpecification","valueRequired":true,"valueName":"search_term_string"}}],"inLanguage":"cs"}]}},"_links":{"self":[{"href":"https:\/\/www.domkraftpro.com\/index.php\/wp-json\/wp\/v2\/product\/32571","targetHints":{"allow":["GET"]}}],"collection":[{"href":"https:\/\/www.domkraftpro.com\/index.php\/wp-json\/wp\/v2\/product"}],"about":[{"href":"https:\/\/www.domkraftpro.com\/index.php\/wp-json\/wp\/v2\/types\/product"}],"replies":[{"embeddable":true,"href":"https:\/\/www.domkraftpro.com\/index.php\/wp-json\/wp\/v2\/comments?post=32571"}],"wp:featuredmedia":[{"embeddable":true,"href":"https:\/\/www.domkraftpro.com\/index.php\/wp-json\/wp\/v2\/media\/32671"}],"wp:attachment":[{"href":"https:\/\/www.domkraftpro.com\/index.php\/wp-json\/wp\/v2\/media?parent=32571"}],"wp:term":[{"taxonomy":"product_brand","embeddable":true,"href":"https:\/\/www.domkraftpro.com\/index.php\/wp-json\/wp\/v2\/product_brand?post=32571"},{"taxonomy":"product_cat","embeddable":true,"href":"https:\/\/www.domkraftpro.com\/index.php\/wp-json\/wp\/v2\/product_cat?post=32571"},{"taxonomy":"product_tag","embeddable":true,"href":"https:\/\/www.domkraftpro.com\/index.php\/wp-json\/wp\/v2\/product_tag?post=32571"}],"curies":[{"name":"wp","href":"https:\/\/api.w.org\/{rel}","templated":true}]}}