{"id":31561,"date":"2026-04-27T04:41:45","date_gmt":"2026-04-27T04:41:45","guid":{"rendered":""},"modified":"2026-04-27T04:41:45","modified_gmt":"2026-04-27T04:41:45","slug":"znackovy-korado-radik-klasik-r-20-554-1600-31561","status":"publish","type":"product","link":"https:\/\/www.domkraftpro.com\/index.php\/produkt\/znackovy-korado-radik-klasik-r-20-554-1600-31561\/","title":{"rendered":"Zna\u010dkov\u00fd Korado Radik Klasik R 20-554\/1600"},"content":{"rendered":"<div id=\"e8803000\" class=\"pages\">\n<div>\n<div id=\"PDDescription\" class=\"UserContentView userContent v1a v1 bs-view dcon dc159 PDDescription\" ><dc-con><dc-con><bs-empty><\/bs-empty><\/dc-con><dc-con>        <\/p>\n<div class=\"customDescription\">\n<p> <strong>Obr\u00e1zek radi\u00e1toru je pouze ilustra\u010dn\u00ed, radi\u00e1tor je dod\u00e1v\u00e1n bez p\u0159ipojen\u00ed, armatury a termostatick\u00e9 hlavice!!<\/strong><\/p>\n<\/p><\/div>\n<p><\/dc-con><dc-con><\/p>\n<p><span style=\"font-weight: bold;\">Radi\u00e1tor Klasik R 20-554\/1600 &#8211; Radik Korado <\/span><\/p>\n<p><span style=\"font-weight: bold;\"><span style=\"color: #ff0000; text-transform: none; text-indent: 0px; letter-spacing: normal; font-family: Arial, Verdana, Tahoma; font-size: 14px; font-style: normal; font-weight: bold; word-spacing: 0px; float: none; display: inline !important; white-space: normal; orphans: 2; widows: 2; background-color: #ffffff; font-variant-ligatures: normal; font-variant-caps: normal; -webkit-text-stroke-width: 0px; text-decoration-style: initial; text-decoration-color: initial;\">Radi\u00e1tory jsou na zak\u00e1zku, p\u0159ed objedn\u00e1n\u00edm po\u017eadujeme z\u00e1lohu ve v\u00fd\u0161i 50%, kter\u00e1 je nevratn\u00e1 a nelze tak odstoupit od kupn\u00ed smlouvy.<\/span><\/span><\/p>\n<p><span style=\"font-weight: bold;\">Typ rekonstruk\u010dn\u00ed 20<\/span> &#8211; dvoudeskov\u00fd radi\u00e1tor bez vnit\u0159n\u00edho konvektoru s bo\u010dn\u00edm p\u0159ipojen\u00edm.<\/p>\n<p>Radi\u00e1tory jsou ur\u010deny pro v\u00fdm\u011bnu star\u00fdch litinov\u00fdch radi\u00e1tor\u016f a radi\u00e1tor\u016f s rozte\u010d\u00ed p\u0159ipojen\u00ed 500 mm kus za kus.<\/p>\n<p><\/dc-con><\/dc-con><\/div>\n<div id=\"PDDescription2\" class=\"UserContentView userContent v1a v1 bs-view dcon dc160 PDDescription2\" >\n<p><span style=\"font-weight: bold;\">Technick\u00e9 \u00fadaje:<\/span>\u00a0 v\u00fdkon radi\u00e1tor\u016f je ud\u00e1v\u00e1n p\u0159i teplotn\u00edm sp\u00e1du 90\/70\u00b0C<\/p>\n<p><span style=\"font-weight: bold;\">Materi\u00e1l:<\/span>\u00a0hlubokota\u017en\u00fd n\u00edzkouhl\u00edkov\u00fd plech v\u00e1lcovan\u00fd za studena FePO1<\/p>\n<p><span style=\"font-weight: bold;\">Tlou\u0161\u0165ka plechu:<\/span>\u00a0ze kter\u00e9ho se lisuj\u00ed desky na radi\u00e1tory: 1.1 mm<\/p>\n<p><span style=\"font-weight: bold;\">Rozte\u010d vertik\u00e1ln\u00edch vodn\u00edch kan\u00e1lk\u016f:<\/span>\u00a033 1\/3 mm<\/p>\n<p><strong>Hloubka radi\u00e1tor\u016f:<\/strong>\u00a066 mm<\/p>\n<p><span style=\"font-weight: bold;\">V\u00fd\u0161ky radi\u00e1tor\u016f:<\/span>\u00a0554 mm<\/p>\n<p><span style=\"font-weight: bold;\">D\u00e9lky radi\u00e1tor\u016f:<\/span>\u00a0400, 500, 600, 700, 800, 900, 1000, 1100, 1200, 1400, 1600, 1800, 2000, 2300, 2600, 3000 mm<\/p>\n<p><span style=\"font-weight: bold;\">Maxim\u00e1ln\u00ed provozn\u00ed tlak:<\/span>\u00a010 bar<\/p>\n<p><span style=\"font-weight: bold;\">Zku\u0161ebn\u00ed tlak:<\/span>\u00a013 bar (p\u0159i v\u00fdrob\u011b) a 12 bar (po instalaci)<\/p>\n<p><span style=\"font-weight: bold;\">Maxim\u00e1ln\u00ed teplota:<\/span>\u00a0110\u00b0C<\/p>\n<p><span style=\"font-weight: bold;\">Barva:<\/span>\u00a0RAL 9016 b\u00edl\u00e1, jin\u00e9 na objedn\u00e1vku<\/p>\n<p><span style=\"font-weight: bold;\">Z\u00e1kladov\u00e1 vrstva:<\/span>\u00a0KTL I &#8211; katafor\u00e9za prvn\u00ed generace<\/p>\n<p><span style=\"font-weight: bold;\">Povrchov\u00e1 vrstva:<\/span>\u00a0elektrostaticky nan\u00e1\u0161en\u00e1<\/p>\n<p><span style=\"font-weight: bold;\">P\u0159\u00edslu\u0161enstv\u00ed:<\/span> konzole jsou sou\u010d\u00e1st\u00ed radi\u00e1toru<\/p>\n<p><span style=\"font-weight: bold;\">Pozn\u00e1mka:<\/span> v\u00fdkon radi\u00e1tor\u016f je ud\u00e1v\u00e1n p\u0159i teplotn\u00edm sp\u00e1du 90\/70\u00b0C<\/p>\n<p><strong><span style=\"color: #c00000;\"><span style=\"color: #c00000;\"><span style=\"color: #c00000; font-weight: bold;\">Z\u00e1ruka: 10 let na t\u011bsnost radi\u00e1toru a 2 roky na povrchovou \u00fapravu.<\/span><\/p>\n<p><\/span><span style=\"color: #c00000;\"><span style=\"color: #c00000;\"><span style=\"color: #c00000;\"><span style=\"color: #c00000;\">Radi\u00e1tor lze\u00a0objednat v\u00a0jin\u00e9\u00a0RAL barv\u011b\u00a0za\u00a0p\u0159\u00edplatek. Pro v\u00edce informac\u00ed n\u00e1s kontaktujte.<\/span><\/span><\/span><\/span><\/span><\/strong><\/p>\n<\/div><\/div>\n<div id=\"PDTable3\" class=\"ProductDetailTableView v3a v3 bs-view dcon dc180 PDTable3\" >\n<table>\n<thead><\/thead>\n<tbody>\n<tr class=\"attribute attr_Vyska\">\n<td class=\"caption\">V\u00fd\u0161ka v mm<\/td>\n<td class=\"value\">554<\/td>\n<\/tr>\n<tr class=\"attribute attr_Novy attr_atribut attr_delka attr_v attr_mm\">\n<td class=\"caption\">D\u00e9lka v mm<\/td>\n<td class=\"value\">1600<\/td>\n<\/tr>\n<tr class=\"attribute attr_vyrobce\">\n<td class=\"caption\">V\u00fdrobce<\/td>\n<td class=\"value\">Korado &#8211; Radik<\/td>\n<\/tr>\n<tr class=\"attribute attr_pocetdesek\">\n<td class=\"caption\">Po\u010det desek s vodou<\/td>\n<td class=\"value\">2 &#8211; desky s vodou<\/td>\n<\/tr>\n<tr class=\"attribute attr_pocetlamel\">\n<td class=\"caption\">Po\u010det vnit\u0159n\u00edch lamel<\/td>\n<td class=\"value\">0 &#8211; lamel<\/td>\n<\/tr>\n<tr class=\"attribute attr_pripojeniradiatoru\">\n<td class=\"caption\">P\u0159ipojen\u00ed radi\u00e1toru<\/td>\n<td class=\"value\">Klasik R &#8211; bo\u010dn\u00ed rekonstruk\u010dn\u00ed<\/td>\n<\/tr>\n<tr class=\"attribute attr_bsshop_e1_VPrBsVykonRad\">\n<td class=\"caption\">V\u00fdkon<\/td>\n<td class=\"value\">1839 W<\/td>\n<\/tr>\n<tr class=\"weight\">\n<td class=\"caption\"><span>Hmotnost<\/span><\/td>\n<td class=\"value\"><span>31,70 kg<\/span><\/td>\n<\/tr>\n<\/tbody>\n<\/table>\n<\/div>\n<div id=\"PdProductGpsr\" class=\"ProductGpsrView v1a v1 bs-view dcon dc212 PdProductGpsr\" >\n<div class=\"subject\"><dc-root class=\"dcon dc214\"><span class=\"title\">Zodpov\u011bdn&#253; subjekt:<\/span><dc-con><dc-con><span class=\"company\">KORADO, a.s.<\/span><span class=\"name\">Korado<\/span><\/dc-con><dc-con><span class=\"street\">B\u0159&#237; Hub&#225;lk\u016f 869<\/span><span class=\"city\">\u010cesk&#225; T\u0159ebov&#225;<\/span><span class=\"zip\">560 02<\/span><span class=\"country\">\u010cesko<\/span><\/dc-con><span class=\"email\">info@korado.cz<\/span><span class=\"phone\">800 111 506<\/span><bs-empty><\/bs-empty><a href=\"https:\/\/www.korado.cz\/\" class=\"link\" target=\"_blank\">https:\/\/www.korado.cz\/<\/a><\/dc-con><bs-empty><\/bs-empty><\/dc-root><\/div>\n<p><bs-empty><\/bs-empty><\/div>\n<\/div>\n<div id=\"e8803001\" class=\"tabs\">\n","protected":false},"excerpt":{"rendered":"<p>Obr\u00e1zek radi\u00e1toru je pouze ilustra\u010dn\u00ed, radi\u00e1tor je dod\u00e1v\u00e1n bez p\u0159ipojen\u00ed, armatury a termostatick\u00e9 hlavice!! Radi\u00e1tor Klasik R 20-554\/1600 &#8211; Radik Korado Radi\u00e1tory jsou na zak\u00e1zku, p\u0159ed objedn\u00e1n\u00edm po\u017eadujeme z\u00e1lohu ve v\u00fd\u0161i 50%, kter\u00e1 je nevratn\u00e1 a nelze tak odstoupit od kupn\u00ed smlouvy. Typ rekonstruk\u010dn\u00ed 20 &#8211; dvoudeskov\u00fd radi\u00e1tor bez vnit\u0159n\u00edho konvektoru s bo\u010dn\u00edm p\u0159ipojen\u00edm. Radi\u00e1tory [&hellip;]<\/p>\n","protected":false},"featured_media":31661,"comment_status":"open","ping_status":"open","template":"","meta":[],"product_brand":[],"product_cat":[98],"product_tag":[],"class_list":{"0":"post-31561","1":"product","2":"type-product","3":"status-publish","4":"has-post-thumbnail","6":"product_cat-radi-225-tory","8":"first","9":"instock","10":"sale","11":"shipping-taxable","12":"purchasable","13":"product-type-simple"},"yoast_head":"<!-- This site is optimized with the Yoast SEO plugin v26.8 - https:\/\/yoast.com\/product\/yoast-seo-wordpress\/ -->\n<title>Zna\u010dkov\u00fd Korado Radik Klasik R 20-554\/1600 -<\/title>\n<meta name=\"robots\" content=\"index, follow, max-snippet:-1, max-image-preview:large, max-video-preview:-1\" \/>\n<link rel=\"canonical\" href=\"https:\/\/www.domkraftpro.com\/index.php\/produkt\/znackovy-korado-radik-klasik-r-20-554-1600-31561\/\" \/>\n<meta property=\"og:locale\" content=\"cs_CZ\" \/>\n<meta property=\"og:type\" content=\"article\" \/>\n<meta property=\"og:title\" content=\"Zna\u010dkov\u00fd Korado Radik Klasik R 20-554\/1600 -\" \/>\n<meta property=\"og:description\" content=\"Obr\u00e1zek radi\u00e1toru je pouze ilustra\u010dn\u00ed, radi\u00e1tor je dod\u00e1v\u00e1n bez p\u0159ipojen\u00ed, armatury a termostatick\u00e9 hlavice!! Radi\u00e1tor Klasik R 20-554\/1600 &#8211; Radik Korado Radi\u00e1tory jsou na zak\u00e1zku, p\u0159ed objedn\u00e1n\u00edm po\u017eadujeme z\u00e1lohu ve v\u00fd\u0161i 50%, kter\u00e1 je nevratn\u00e1 a nelze tak odstoupit od kupn\u00ed smlouvy. Typ rekonstruk\u010dn\u00ed 20 &#8211; dvoudeskov\u00fd radi\u00e1tor bez vnit\u0159n\u00edho konvektoru s bo\u010dn\u00edm p\u0159ipojen\u00edm. Radi\u00e1tory [&hellip;]\" \/>\n<meta property=\"og:url\" content=\"https:\/\/www.domkraftpro.com\/index.php\/produkt\/znackovy-korado-radik-klasik-r-20-554-1600-31561\/\" \/>\n<meta property=\"og:image\" content=\"https:\/\/www.domkraftpro.com\/wp-content\/uploads\/2026\/SK0006176-CZ20260425-093449-0-1777080895-korado-radik-klasik-r-20-554-1600.webp\" \/>\n\t<meta property=\"og:image:width\" content=\"1000\" \/>\n\t<meta property=\"og:image:height\" content=\"525\" \/>\n\t<meta property=\"og:image:type\" content=\"image\/webp\" \/>\n<meta name=\"twitter:card\" content=\"summary_large_image\" \/>\n<meta name=\"twitter:label1\" content=\"Odhadovan\u00e1 doba \u010dten\u00ed\" \/>\n\t<meta name=\"twitter:data1\" content=\"2 minuty\" \/>\n<script type=\"application\/ld+json\" class=\"yoast-schema-graph\">{\"@context\":\"https:\/\/schema.org\",\"@graph\":[{\"@type\":\"WebPage\",\"@id\":\"https:\/\/www.domkraftpro.com\/index.php\/produkt\/znackovy-korado-radik-klasik-r-20-554-1600-31561\/\",\"url\":\"https:\/\/www.domkraftpro.com\/index.php\/produkt\/znackovy-korado-radik-klasik-r-20-554-1600-31561\/\",\"name\":\"Zna\u010dkov\u00fd Korado Radik Klasik R 20-554\/1600 -\",\"isPartOf\":{\"@id\":\"https:\/\/www.domkraftpro.com\/#website\"},\"primaryImageOfPage\":{\"@id\":\"https:\/\/www.domkraftpro.com\/index.php\/produkt\/znackovy-korado-radik-klasik-r-20-554-1600-31561\/#primaryimage\"},\"image\":{\"@id\":\"https:\/\/www.domkraftpro.com\/index.php\/produkt\/znackovy-korado-radik-klasik-r-20-554-1600-31561\/#primaryimage\"},\"thumbnailUrl\":\"https:\/\/www.domkraftpro.com\/wp-content\/uploads\/2026\/SK0006176-CZ20260425-093449-0-1777080895-korado-radik-klasik-r-20-554-1600.webp\",\"datePublished\":\"2026-04-27T04:41:45+00:00\",\"breadcrumb\":{\"@id\":\"https:\/\/www.domkraftpro.com\/index.php\/produkt\/znackovy-korado-radik-klasik-r-20-554-1600-31561\/#breadcrumb\"},\"inLanguage\":\"cs\",\"potentialAction\":[{\"@type\":\"ReadAction\",\"target\":[\"https:\/\/www.domkraftpro.com\/index.php\/produkt\/znackovy-korado-radik-klasik-r-20-554-1600-31561\/\"]}]},{\"@type\":\"ImageObject\",\"inLanguage\":\"cs\",\"@id\":\"https:\/\/www.domkraftpro.com\/index.php\/produkt\/znackovy-korado-radik-klasik-r-20-554-1600-31561\/#primaryimage\",\"url\":\"https:\/\/www.domkraftpro.com\/wp-content\/uploads\/2026\/SK0006176-CZ20260425-093449-0-1777080895-korado-radik-klasik-r-20-554-1600.webp\",\"contentUrl\":\"https:\/\/www.domkraftpro.com\/wp-content\/uploads\/2026\/SK0006176-CZ20260425-093449-0-1777080895-korado-radik-klasik-r-20-554-1600.webp\",\"width\":1000,\"height\":525},{\"@type\":\"BreadcrumbList\",\"@id\":\"https:\/\/www.domkraftpro.com\/index.php\/produkt\/znackovy-korado-radik-klasik-r-20-554-1600-31561\/#breadcrumb\",\"itemListElement\":[{\"@type\":\"ListItem\",\"position\":1,\"name\":\"Home\",\"item\":\"https:\/\/www.domkraftpro.com\/\"},{\"@type\":\"ListItem\",\"position\":2,\"name\":\"Products\",\"item\":\"https:\/\/www.domkraftpro.com\/index.php\/products\/\"},{\"@type\":\"ListItem\",\"position\":3,\"name\":\"Zna\u010dkov\u00fd Korado Radik Klasik R 20-554\/1600\"}]},{\"@type\":\"WebSite\",\"@id\":\"https:\/\/www.domkraftpro.com\/#website\",\"url\":\"https:\/\/www.domkraftpro.com\/\",\"name\":\"\",\"description\":\"\",\"potentialAction\":[{\"@type\":\"SearchAction\",\"target\":{\"@type\":\"EntryPoint\",\"urlTemplate\":\"https:\/\/www.domkraftpro.com\/?s={search_term_string}\"},\"query-input\":{\"@type\":\"PropertyValueSpecification\",\"valueRequired\":true,\"valueName\":\"search_term_string\"}}],\"inLanguage\":\"cs\"}]}<\/script>\n<!-- \/ Yoast SEO plugin. -->","yoast_head_json":{"title":"Zna\u010dkov\u00fd Korado Radik Klasik R 20-554\/1600 -","robots":{"index":"index","follow":"follow","max-snippet":"max-snippet:-1","max-image-preview":"max-image-preview:large","max-video-preview":"max-video-preview:-1"},"canonical":"https:\/\/www.domkraftpro.com\/index.php\/produkt\/znackovy-korado-radik-klasik-r-20-554-1600-31561\/","og_locale":"cs_CZ","og_type":"article","og_title":"Zna\u010dkov\u00fd Korado Radik Klasik R 20-554\/1600 -","og_description":"Obr\u00e1zek radi\u00e1toru je pouze ilustra\u010dn\u00ed, radi\u00e1tor je dod\u00e1v\u00e1n bez p\u0159ipojen\u00ed, armatury a termostatick\u00e9 hlavice!! Radi\u00e1tor Klasik R 20-554\/1600 &#8211; Radik Korado Radi\u00e1tory jsou na zak\u00e1zku, p\u0159ed objedn\u00e1n\u00edm po\u017eadujeme z\u00e1lohu ve v\u00fd\u0161i 50%, kter\u00e1 je nevratn\u00e1 a nelze tak odstoupit od kupn\u00ed smlouvy. Typ rekonstruk\u010dn\u00ed 20 &#8211; dvoudeskov\u00fd radi\u00e1tor bez vnit\u0159n\u00edho konvektoru s bo\u010dn\u00edm p\u0159ipojen\u00edm. Radi\u00e1tory [&hellip;]","og_url":"https:\/\/www.domkraftpro.com\/index.php\/produkt\/znackovy-korado-radik-klasik-r-20-554-1600-31561\/","og_image":[{"width":1000,"height":525,"url":"https:\/\/www.domkraftpro.com\/wp-content\/uploads\/2026\/SK0006176-CZ20260425-093449-0-1777080895-korado-radik-klasik-r-20-554-1600.webp","type":"image\/webp"}],"twitter_card":"summary_large_image","twitter_misc":{"Odhadovan\u00e1 doba \u010dten\u00ed":"2 minuty"},"schema":{"@context":"https:\/\/schema.org","@graph":[{"@type":"WebPage","@id":"https:\/\/www.domkraftpro.com\/index.php\/produkt\/znackovy-korado-radik-klasik-r-20-554-1600-31561\/","url":"https:\/\/www.domkraftpro.com\/index.php\/produkt\/znackovy-korado-radik-klasik-r-20-554-1600-31561\/","name":"Zna\u010dkov\u00fd Korado Radik Klasik R 20-554\/1600 -","isPartOf":{"@id":"https:\/\/www.domkraftpro.com\/#website"},"primaryImageOfPage":{"@id":"https:\/\/www.domkraftpro.com\/index.php\/produkt\/znackovy-korado-radik-klasik-r-20-554-1600-31561\/#primaryimage"},"image":{"@id":"https:\/\/www.domkraftpro.com\/index.php\/produkt\/znackovy-korado-radik-klasik-r-20-554-1600-31561\/#primaryimage"},"thumbnailUrl":"https:\/\/www.domkraftpro.com\/wp-content\/uploads\/2026\/SK0006176-CZ20260425-093449-0-1777080895-korado-radik-klasik-r-20-554-1600.webp","datePublished":"2026-04-27T04:41:45+00:00","breadcrumb":{"@id":"https:\/\/www.domkraftpro.com\/index.php\/produkt\/znackovy-korado-radik-klasik-r-20-554-1600-31561\/#breadcrumb"},"inLanguage":"cs","potentialAction":[{"@type":"ReadAction","target":["https:\/\/www.domkraftpro.com\/index.php\/produkt\/znackovy-korado-radik-klasik-r-20-554-1600-31561\/"]}]},{"@type":"ImageObject","inLanguage":"cs","@id":"https:\/\/www.domkraftpro.com\/index.php\/produkt\/znackovy-korado-radik-klasik-r-20-554-1600-31561\/#primaryimage","url":"https:\/\/www.domkraftpro.com\/wp-content\/uploads\/2026\/SK0006176-CZ20260425-093449-0-1777080895-korado-radik-klasik-r-20-554-1600.webp","contentUrl":"https:\/\/www.domkraftpro.com\/wp-content\/uploads\/2026\/SK0006176-CZ20260425-093449-0-1777080895-korado-radik-klasik-r-20-554-1600.webp","width":1000,"height":525},{"@type":"BreadcrumbList","@id":"https:\/\/www.domkraftpro.com\/index.php\/produkt\/znackovy-korado-radik-klasik-r-20-554-1600-31561\/#breadcrumb","itemListElement":[{"@type":"ListItem","position":1,"name":"Home","item":"https:\/\/www.domkraftpro.com\/"},{"@type":"ListItem","position":2,"name":"Products","item":"https:\/\/www.domkraftpro.com\/index.php\/products\/"},{"@type":"ListItem","position":3,"name":"Zna\u010dkov\u00fd Korado Radik Klasik R 20-554\/1600"}]},{"@type":"WebSite","@id":"https:\/\/www.domkraftpro.com\/#website","url":"https:\/\/www.domkraftpro.com\/","name":"","description":"","potentialAction":[{"@type":"SearchAction","target":{"@type":"EntryPoint","urlTemplate":"https:\/\/www.domkraftpro.com\/?s={search_term_string}"},"query-input":{"@type":"PropertyValueSpecification","valueRequired":true,"valueName":"search_term_string"}}],"inLanguage":"cs"}]}},"_links":{"self":[{"href":"https:\/\/www.domkraftpro.com\/index.php\/wp-json\/wp\/v2\/product\/31561","targetHints":{"allow":["GET"]}}],"collection":[{"href":"https:\/\/www.domkraftpro.com\/index.php\/wp-json\/wp\/v2\/product"}],"about":[{"href":"https:\/\/www.domkraftpro.com\/index.php\/wp-json\/wp\/v2\/types\/product"}],"replies":[{"embeddable":true,"href":"https:\/\/www.domkraftpro.com\/index.php\/wp-json\/wp\/v2\/comments?post=31561"}],"wp:featuredmedia":[{"embeddable":true,"href":"https:\/\/www.domkraftpro.com\/index.php\/wp-json\/wp\/v2\/media\/31661"}],"wp:attachment":[{"href":"https:\/\/www.domkraftpro.com\/index.php\/wp-json\/wp\/v2\/media?parent=31561"}],"wp:term":[{"taxonomy":"product_brand","embeddable":true,"href":"https:\/\/www.domkraftpro.com\/index.php\/wp-json\/wp\/v2\/product_brand?post=31561"},{"taxonomy":"product_cat","embeddable":true,"href":"https:\/\/www.domkraftpro.com\/index.php\/wp-json\/wp\/v2\/product_cat?post=31561"},{"taxonomy":"product_tag","embeddable":true,"href":"https:\/\/www.domkraftpro.com\/index.php\/wp-json\/wp\/v2\/product_tag?post=31561"}],"curies":[{"name":"wp","href":"https:\/\/api.w.org\/{rel}","templated":true}]}}