{"id":31163,"date":"2026-04-27T04:41:44","date_gmt":"2026-04-27T04:41:44","guid":{"rendered":""},"modified":"2026-04-27T04:41:44","modified_gmt":"2026-04-27T04:41:44","slug":"overeny-ppr-kulovy-kohout-25-s-odvodnenim-motyl-31163","status":"publish","type":"product","link":"https:\/\/www.domkraftpro.com\/index.php\/produkt\/overeny-ppr-kulovy-kohout-25-s-odvodnenim-motyl-31163\/","title":{"rendered":"Ov\u011b\u0159en\u00fd PPR kulov\u00fd kohout 25 s odvodn\u011bn\u00edm &#8211; mot\u00fdl"},"content":{"rendered":"<div id=\"e20313116\" class=\"pages\">\n<div>\n<div id=\"PDDescription\" class=\"UserContentView userContent v1a v1 bs-view dcon dc159 PDDescription\" ><dc-con><dc-con><bs-empty><\/bs-empty><\/dc-con><dc-con>        <\/p>\n<div class=\"customDescription\">                    <\/div>\n<p><\/dc-con><dc-con><\/p>\n<p><strong>Vyr\u00e1b\u011bn\u00fd sortiment:<\/strong><br \/>Tvarovky &#8211; celoplastov\u00e9 (shodn\u011b pro v\u0161echny tlakov\u00e9 \u0159ady v PN 20) <br \/>\u00a0\u00a0\u00a0\u00a0\u00a0 \u00a0\u00a0\u00a0\u00a0\u00a0\u00a0\u00a0\u00a0 &#8211; kombinovan\u00e9 (plast + poniklovan\u00e1 mosaz &#8211; PN 20)<\/p>\n<p><strong>Deklarovan\u00e9 pou\u017eit\u00ed:<\/strong><br \/>Pro dopravu studen\u00e9 a tepl\u00e9 vody, podlahov\u00e9ho a \u00fast\u0159edn\u00ed vyt\u00e1p\u011bn\u00ed, doprava vzduchu &#8211; provozn\u00ed podm\u00ednky naleznete v sekci mont\u00e1\u017en\u00ed p\u0159edpis<\/p>\n<p><strong>Osv\u011bd\u010den\u00ed, certifik\u00e1ty a normy pro v\u00fdrobu:<\/strong><br \/>Na kopie certifik\u00e1t\u016f pro \u010cR i zahrani\u010d\u00ed lze nahl\u00e9dnout na stran\u011b certifik\u00e1ty <br \/>DIN 8077\/8078\u00a0 <br \/>DIN 16 962 1 &#8211; 13\u00a0 <br \/>prEN 12 202 <br \/>ISO 3212 a ISO 7279 a souvisej\u00edc\u00ed\u00a0 <br \/>Podnikov\u00e1 norma PN 01 &#8211; prvky pro tlakov\u00e1 potrub\u00ed z kopolymeru polypropylenu<\/p>\n<p><strong>Technick\u00e9 specifikace:<\/strong><br \/>Materi\u00e1l &#8211; statistick\u00fd kopolymer polypropylenu (Random &#8211; kopolymer) pro zpracov\u00e1n\u00ed vst\u0159ikov\u00e1n\u00edm a vytla\u010dov\u00e1n\u00edm s vynikaj\u00edc\u00ed sva\u0159itelnost\u00ed, u kombinovan\u00fdch tvarovek poniklovan\u00e1 mosaz <br \/>Technologie v\u00fdroby &#8211; trubky vytla\u010dov\u00e1n\u00edm (extruze), tvarovky vst\u0159ikov\u00e1n\u00edm &#8211; popis tvaru &#8211; trubky v ty\u010d\u00edch nebo kotou\u010d\u00edch <br \/>Kompletace &#8211; skladba v\u00fdrobk\u016f pokr\u00fdv\u00e1 pot\u0159eby potrub\u00ed vnit\u0159n\u00edch vodovod\u016f a potrubn\u00ed trasy vyt\u00e1p\u011bn\u00ed; sortiment podrobn\u011b v kapitole katalog <br \/>P\u0159echod na jin\u00fd materi\u00e1l potrub\u00ed &#8211; realizuje se mechanick\u00fdmi z\u00e1vitov\u00fdmi spoji (tj. kombinovan\u00fdmi p\u0159echodkami) nebo p\u0159\u00edrubov\u00fdm spojem <br \/>Spojov\u00e1n\u00ed &#8211; standardn\u011b polyf\u00fazn\u00edm sva\u0159ov\u00e1n\u00edm, p\u0159\u00edp. elektrotvarovkou, trubky v\u011bt\u0161\u00edch pr\u016fm\u011br\u016f sva\u0159ov\u00e1n\u00edm na tupo.<\/p>\n<p><strong>Technick\u00e9 \u00fadaje:<\/strong><br \/>Rozm\u011bry &#8211; vn\u011bj\u0161\u00ed pr\u016fm\u011br potrub\u00ed &#8211; 16, 20, 25, 32, 40, 50, 63, 75, 90 a 110 mm<br \/>Tlakov\u00e9 \u0159ady PN 10, PN 16 a PN 20<\/p>\n<p><strong>Fyzik\u00e1ln\u00ed \u00fadaje:<\/strong><br \/>Hmotnost &#8211; 0,9 kg\/m3 <br \/>Koeficient tepeln\u00e9 rozta\u017enosti\u00a00,12mm\/mK <br \/>Kombinace teplotn\u00edho a tlakov\u00e9ho zat\u00ed\u017een\u00ed dle pevnostn\u00edch k\u0159ivek v mont\u00e1\u017en\u00edm p\u0159edpisu<br \/>Tepeln\u00e1 vodivost 0,22 W\/mK, po\u017e\u00e1rn\u00ed klasifikace &#8211; t\u0159\u00edda C3 <br \/>Odolnost proti chemik\u00e1li\u00edm &#8211; potrubn\u00ed syst\u00e9m z PPR je ur\u010den p\u0159edev\u0161\u00edm pro dopravu vody (pitn\u00e9 studen\u00e9, tepl\u00e9 u\u017eitkov\u00e9, z\u00e1vlahov\u00e9 atd.) &#8211; je mo\u017en\u00e9 je pou\u017e\u00edt i pro dopravu jin\u00fdch medi\u00ed, p\u0159i\u010dem\u017e konkr\u00e9tn\u00ed pou\u017eit\u00ed se \u0159\u00edd\u00ed normou DIN 8078 Bb 1 &#8211; mo\u017eno konzultovat u v\u00fdrobce<\/p>\n<p><strong>Stavebn\u00ed realizace &#8211; veden\u00ed potrub\u00ed:<\/strong> <br \/>&#8211; voln\u011b ve \u017elabech\u00a0 <br \/>&#8211; na konzol\u00e1ch\u00a0 <br \/>&#8211; v plastov\u00fdch nebo kovov\u00fdch obj\u00edmk\u00e1ch\u00a0 <br \/>&#8211; ve voln\u00fdch dr\u00e1\u017ek\u00e1ch ve zdivu\u00a0 <br \/>&#8211; pod\u00e9l stavebn\u00ed konstrukce v krytech\u00a0 <br \/>&#8211; v podlaze\u00a0 <br \/>\u00a0<br \/><span style=\"color: #ff0000;\"><strong>Nutnou podm\u00ednkou je respektov\u00e1n\u00ed mont\u00e1\u017en\u00edho p\u0159edpisu!\u00a0\u00a0<\/strong> <\/span><br \/>Nedoporu\u010duje se sva\u0159ovat s jin\u00fdm plastov\u00fdm syst\u00e9mem.<br \/>Doporu\u010den\u00e1 izolace p\u011bn\u011bn\u00fdm polyetyl\u00e9nem, polyuretanem, polystyrenem.<\/p>\n<p>M\u00e9dium &#8211; Voda<br \/>Z\u00e1vit &#8211; Letovac\u00ed<br \/>Teplota &#8211; 110 \u00b0C<\/p>\n<p><\/dc-con><\/dc-con><\/div>\n<\/p><\/div>\n<div id=\"PDTable3\" class=\"ProductDetailTableView v3a v3 bs-view dcon dc180 PDTable3\" >\n<table>\n<thead><\/thead>\n<tbody>\n<tr class=\"attribute attr_typ\">\n<td class=\"caption\">Typ<\/td>\n<td class=\"value\">Kulov\u00e9 kohouty<\/td>\n<\/tr>\n<tr class=\"attribute attr_material\">\n<td class=\"caption\">Materi\u00e1l<\/td>\n<td class=\"value\">Fitinky &#8211; PPR plastov\u00e9<\/td>\n<\/tr>\n<tr class=\"attribute attr_rozmerplast\">\n<td class=\"caption\">Rozm\u011br PPR tvarovek<\/td>\n<td class=\"value\">25 mm<\/td>\n<\/tr>\n<tr class=\"attribute attr_bsshop_maker\">\n<td class=\"caption\">V\u00fdrobce<\/td>\n<td class=\"value\">FV-plast<\/td>\n<\/tr>\n<tr class=\"weight\">\n<td class=\"caption\"><span>Hmotnost<\/span><\/td>\n<td class=\"value\"><span>0,14 kg<\/span><\/td>\n<\/tr>\n<\/tbody>\n<\/table>\n<\/div>\n<div id=\"PdProductGpsr\" class=\"ProductGpsrView v1a v1 bs-view dcon dc212 PdProductGpsr\" >\n<div class=\"subject\"><dc-root class=\"dcon dc214\"><span class=\"title\">Zodpov\u011bdn&#253; subjekt:<\/span><dc-con><dc-con><span class=\"company\">FV &#8211; Plast, a.s.<\/span><span class=\"name\">FV plast<\/span><\/dc-con><dc-con><span class=\"street\">Pod Harfou 3\/3<\/span><span class=\"city\">Praha 9 &#8211; Vyso\u010dany<\/span><span class=\"zip\">190 00<\/span><span class=\"country\">\u010cesko<\/span><\/dc-con><span class=\"email\">fv-plast@fv-plast.cz<\/span><span class=\"phone\">326 706 711<\/span><bs-empty><\/bs-empty><a href=\"https:\/\/www.fv-plast.cz\/kontakt\" class=\"link\" target=\"_blank\">https:\/\/www.fv-plast.cz\/kontakt<\/a><\/dc-con><bs-empty><\/bs-empty><\/dc-root><\/div>\n<p><bs-empty><\/bs-empty><\/div>\n<\/div>\n<div id=\"e20313117\" class=\"tabs\">\n","protected":false},"excerpt":{"rendered":"<p>Vyr\u00e1b\u011bn\u00fd sortiment:Tvarovky &#8211; celoplastov\u00e9 (shodn\u011b pro v\u0161echny tlakov\u00e9 \u0159ady v PN 20) \u00a0\u00a0\u00a0\u00a0\u00a0 \u00a0\u00a0\u00a0\u00a0\u00a0\u00a0\u00a0\u00a0 &#8211; kombinovan\u00e9 (plast + poniklovan\u00e1 mosaz &#8211; PN 20) Deklarovan\u00e9 pou\u017eit\u00ed:Pro dopravu studen\u00e9 a tepl\u00e9 vody, podlahov\u00e9ho a \u00fast\u0159edn\u00ed vyt\u00e1p\u011bn\u00ed, doprava vzduchu &#8211; provozn\u00ed podm\u00ednky naleznete v sekci mont\u00e1\u017en\u00ed p\u0159edpis Osv\u011bd\u010den\u00ed, certifik\u00e1ty a normy pro v\u00fdrobu:Na kopie certifik\u00e1t\u016f pro \u010cR i [&hellip;]<\/p>\n","protected":false},"featured_media":31263,"comment_status":"open","ping_status":"open","template":"","meta":[],"product_brand":[],"product_cat":[100],"product_tag":[],"class_list":{"0":"post-31163","1":"product","2":"type-product","3":"status-publish","4":"has-post-thumbnail","6":"product_cat-tvarovky-fitinky","8":"first","9":"instock","10":"sale","11":"shipping-taxable","12":"purchasable","13":"product-type-simple"},"yoast_head":"<!-- This site is optimized with the Yoast SEO plugin v26.8 - https:\/\/yoast.com\/product\/yoast-seo-wordpress\/ -->\n<title>Ov\u011b\u0159en\u00fd PPR kulov\u00fd kohout 25 s odvodn\u011bn\u00edm - mot\u00fdl -<\/title>\n<meta name=\"robots\" content=\"index, follow, max-snippet:-1, max-image-preview:large, max-video-preview:-1\" \/>\n<link rel=\"canonical\" href=\"https:\/\/www.domkraftpro.com\/index.php\/produkt\/overeny-ppr-kulovy-kohout-25-s-odvodnenim-motyl-31163\/\" \/>\n<meta property=\"og:locale\" content=\"cs_CZ\" \/>\n<meta property=\"og:type\" content=\"article\" \/>\n<meta property=\"og:title\" content=\"Ov\u011b\u0159en\u00fd PPR kulov\u00fd kohout 25 s odvodn\u011bn\u00edm - mot\u00fdl -\" \/>\n<meta property=\"og:description\" content=\"Vyr\u00e1b\u011bn\u00fd sortiment:Tvarovky &#8211; celoplastov\u00e9 (shodn\u011b pro v\u0161echny tlakov\u00e9 \u0159ady v PN 20) \u00a0\u00a0\u00a0\u00a0\u00a0 \u00a0\u00a0\u00a0\u00a0\u00a0\u00a0\u00a0\u00a0 &#8211; kombinovan\u00e9 (plast + poniklovan\u00e1 mosaz &#8211; PN 20) Deklarovan\u00e9 pou\u017eit\u00ed:Pro dopravu studen\u00e9 a tepl\u00e9 vody, podlahov\u00e9ho a \u00fast\u0159edn\u00ed vyt\u00e1p\u011bn\u00ed, doprava vzduchu &#8211; provozn\u00ed podm\u00ednky naleznete v sekci mont\u00e1\u017en\u00ed p\u0159edpis Osv\u011bd\u010den\u00ed, certifik\u00e1ty a normy pro v\u00fdrobu:Na kopie certifik\u00e1t\u016f pro \u010cR i [&hellip;]\" \/>\n<meta property=\"og:url\" content=\"https:\/\/www.domkraftpro.com\/index.php\/produkt\/overeny-ppr-kulovy-kohout-25-s-odvodnenim-motyl-31163\/\" \/>\n<meta property=\"og:image\" content=\"https:\/\/www.domkraftpro.com\/wp-content\/uploads\/2026\/SK0005975-CZ20260425-093449-0-1777080895-ppr-kulovy-kohout-25-s-odvodnenim-motyl.webp\" \/>\n\t<meta property=\"og:image:width\" content=\"1000\" \/>\n\t<meta property=\"og:image:height\" content=\"525\" \/>\n\t<meta property=\"og:image:type\" content=\"image\/webp\" \/>\n<meta name=\"twitter:card\" content=\"summary_large_image\" \/>\n<meta name=\"twitter:label1\" content=\"Odhadovan\u00e1 doba \u010dten\u00ed\" \/>\n\t<meta name=\"twitter:data1\" content=\"2 minuty\" \/>\n<script type=\"application\/ld+json\" class=\"yoast-schema-graph\">{\"@context\":\"https:\/\/schema.org\",\"@graph\":[{\"@type\":\"WebPage\",\"@id\":\"https:\/\/www.domkraftpro.com\/index.php\/produkt\/overeny-ppr-kulovy-kohout-25-s-odvodnenim-motyl-31163\/\",\"url\":\"https:\/\/www.domkraftpro.com\/index.php\/produkt\/overeny-ppr-kulovy-kohout-25-s-odvodnenim-motyl-31163\/\",\"name\":\"Ov\u011b\u0159en\u00fd PPR kulov\u00fd kohout 25 s odvodn\u011bn\u00edm - mot\u00fdl -\",\"isPartOf\":{\"@id\":\"https:\/\/www.domkraftpro.com\/#website\"},\"primaryImageOfPage\":{\"@id\":\"https:\/\/www.domkraftpro.com\/index.php\/produkt\/overeny-ppr-kulovy-kohout-25-s-odvodnenim-motyl-31163\/#primaryimage\"},\"image\":{\"@id\":\"https:\/\/www.domkraftpro.com\/index.php\/produkt\/overeny-ppr-kulovy-kohout-25-s-odvodnenim-motyl-31163\/#primaryimage\"},\"thumbnailUrl\":\"https:\/\/www.domkraftpro.com\/wp-content\/uploads\/2026\/SK0005975-CZ20260425-093449-0-1777080895-ppr-kulovy-kohout-25-s-odvodnenim-motyl.webp\",\"datePublished\":\"2026-04-27T04:41:44+00:00\",\"breadcrumb\":{\"@id\":\"https:\/\/www.domkraftpro.com\/index.php\/produkt\/overeny-ppr-kulovy-kohout-25-s-odvodnenim-motyl-31163\/#breadcrumb\"},\"inLanguage\":\"cs\",\"potentialAction\":[{\"@type\":\"ReadAction\",\"target\":[\"https:\/\/www.domkraftpro.com\/index.php\/produkt\/overeny-ppr-kulovy-kohout-25-s-odvodnenim-motyl-31163\/\"]}]},{\"@type\":\"ImageObject\",\"inLanguage\":\"cs\",\"@id\":\"https:\/\/www.domkraftpro.com\/index.php\/produkt\/overeny-ppr-kulovy-kohout-25-s-odvodnenim-motyl-31163\/#primaryimage\",\"url\":\"https:\/\/www.domkraftpro.com\/wp-content\/uploads\/2026\/SK0005975-CZ20260425-093449-0-1777080895-ppr-kulovy-kohout-25-s-odvodnenim-motyl.webp\",\"contentUrl\":\"https:\/\/www.domkraftpro.com\/wp-content\/uploads\/2026\/SK0005975-CZ20260425-093449-0-1777080895-ppr-kulovy-kohout-25-s-odvodnenim-motyl.webp\",\"width\":1000,\"height\":525},{\"@type\":\"BreadcrumbList\",\"@id\":\"https:\/\/www.domkraftpro.com\/index.php\/produkt\/overeny-ppr-kulovy-kohout-25-s-odvodnenim-motyl-31163\/#breadcrumb\",\"itemListElement\":[{\"@type\":\"ListItem\",\"position\":1,\"name\":\"Home\",\"item\":\"https:\/\/www.domkraftpro.com\/\"},{\"@type\":\"ListItem\",\"position\":2,\"name\":\"Products\",\"item\":\"https:\/\/www.domkraftpro.com\/index.php\/products\/\"},{\"@type\":\"ListItem\",\"position\":3,\"name\":\"Ov\u011b\u0159en\u00fd PPR kulov\u00fd kohout 25 s odvodn\u011bn\u00edm &#8211; mot\u00fdl\"}]},{\"@type\":\"WebSite\",\"@id\":\"https:\/\/www.domkraftpro.com\/#website\",\"url\":\"https:\/\/www.domkraftpro.com\/\",\"name\":\"\",\"description\":\"\",\"potentialAction\":[{\"@type\":\"SearchAction\",\"target\":{\"@type\":\"EntryPoint\",\"urlTemplate\":\"https:\/\/www.domkraftpro.com\/?s={search_term_string}\"},\"query-input\":{\"@type\":\"PropertyValueSpecification\",\"valueRequired\":true,\"valueName\":\"search_term_string\"}}],\"inLanguage\":\"cs\"}]}<\/script>\n<!-- \/ Yoast SEO plugin. -->","yoast_head_json":{"title":"Ov\u011b\u0159en\u00fd PPR kulov\u00fd kohout 25 s odvodn\u011bn\u00edm - mot\u00fdl -","robots":{"index":"index","follow":"follow","max-snippet":"max-snippet:-1","max-image-preview":"max-image-preview:large","max-video-preview":"max-video-preview:-1"},"canonical":"https:\/\/www.domkraftpro.com\/index.php\/produkt\/overeny-ppr-kulovy-kohout-25-s-odvodnenim-motyl-31163\/","og_locale":"cs_CZ","og_type":"article","og_title":"Ov\u011b\u0159en\u00fd PPR kulov\u00fd kohout 25 s odvodn\u011bn\u00edm - mot\u00fdl -","og_description":"Vyr\u00e1b\u011bn\u00fd sortiment:Tvarovky &#8211; celoplastov\u00e9 (shodn\u011b pro v\u0161echny tlakov\u00e9 \u0159ady v PN 20) \u00a0\u00a0\u00a0\u00a0\u00a0 \u00a0\u00a0\u00a0\u00a0\u00a0\u00a0\u00a0\u00a0 &#8211; kombinovan\u00e9 (plast + poniklovan\u00e1 mosaz &#8211; PN 20) Deklarovan\u00e9 pou\u017eit\u00ed:Pro dopravu studen\u00e9 a tepl\u00e9 vody, podlahov\u00e9ho a \u00fast\u0159edn\u00ed vyt\u00e1p\u011bn\u00ed, doprava vzduchu &#8211; provozn\u00ed podm\u00ednky naleznete v sekci mont\u00e1\u017en\u00ed p\u0159edpis Osv\u011bd\u010den\u00ed, certifik\u00e1ty a normy pro v\u00fdrobu:Na kopie certifik\u00e1t\u016f pro \u010cR i [&hellip;]","og_url":"https:\/\/www.domkraftpro.com\/index.php\/produkt\/overeny-ppr-kulovy-kohout-25-s-odvodnenim-motyl-31163\/","og_image":[{"width":1000,"height":525,"url":"https:\/\/www.domkraftpro.com\/wp-content\/uploads\/2026\/SK0005975-CZ20260425-093449-0-1777080895-ppr-kulovy-kohout-25-s-odvodnenim-motyl.webp","type":"image\/webp"}],"twitter_card":"summary_large_image","twitter_misc":{"Odhadovan\u00e1 doba \u010dten\u00ed":"2 minuty"},"schema":{"@context":"https:\/\/schema.org","@graph":[{"@type":"WebPage","@id":"https:\/\/www.domkraftpro.com\/index.php\/produkt\/overeny-ppr-kulovy-kohout-25-s-odvodnenim-motyl-31163\/","url":"https:\/\/www.domkraftpro.com\/index.php\/produkt\/overeny-ppr-kulovy-kohout-25-s-odvodnenim-motyl-31163\/","name":"Ov\u011b\u0159en\u00fd PPR kulov\u00fd kohout 25 s odvodn\u011bn\u00edm - mot\u00fdl -","isPartOf":{"@id":"https:\/\/www.domkraftpro.com\/#website"},"primaryImageOfPage":{"@id":"https:\/\/www.domkraftpro.com\/index.php\/produkt\/overeny-ppr-kulovy-kohout-25-s-odvodnenim-motyl-31163\/#primaryimage"},"image":{"@id":"https:\/\/www.domkraftpro.com\/index.php\/produkt\/overeny-ppr-kulovy-kohout-25-s-odvodnenim-motyl-31163\/#primaryimage"},"thumbnailUrl":"https:\/\/www.domkraftpro.com\/wp-content\/uploads\/2026\/SK0005975-CZ20260425-093449-0-1777080895-ppr-kulovy-kohout-25-s-odvodnenim-motyl.webp","datePublished":"2026-04-27T04:41:44+00:00","breadcrumb":{"@id":"https:\/\/www.domkraftpro.com\/index.php\/produkt\/overeny-ppr-kulovy-kohout-25-s-odvodnenim-motyl-31163\/#breadcrumb"},"inLanguage":"cs","potentialAction":[{"@type":"ReadAction","target":["https:\/\/www.domkraftpro.com\/index.php\/produkt\/overeny-ppr-kulovy-kohout-25-s-odvodnenim-motyl-31163\/"]}]},{"@type":"ImageObject","inLanguage":"cs","@id":"https:\/\/www.domkraftpro.com\/index.php\/produkt\/overeny-ppr-kulovy-kohout-25-s-odvodnenim-motyl-31163\/#primaryimage","url":"https:\/\/www.domkraftpro.com\/wp-content\/uploads\/2026\/SK0005975-CZ20260425-093449-0-1777080895-ppr-kulovy-kohout-25-s-odvodnenim-motyl.webp","contentUrl":"https:\/\/www.domkraftpro.com\/wp-content\/uploads\/2026\/SK0005975-CZ20260425-093449-0-1777080895-ppr-kulovy-kohout-25-s-odvodnenim-motyl.webp","width":1000,"height":525},{"@type":"BreadcrumbList","@id":"https:\/\/www.domkraftpro.com\/index.php\/produkt\/overeny-ppr-kulovy-kohout-25-s-odvodnenim-motyl-31163\/#breadcrumb","itemListElement":[{"@type":"ListItem","position":1,"name":"Home","item":"https:\/\/www.domkraftpro.com\/"},{"@type":"ListItem","position":2,"name":"Products","item":"https:\/\/www.domkraftpro.com\/index.php\/products\/"},{"@type":"ListItem","position":3,"name":"Ov\u011b\u0159en\u00fd PPR kulov\u00fd kohout 25 s odvodn\u011bn\u00edm &#8211; mot\u00fdl"}]},{"@type":"WebSite","@id":"https:\/\/www.domkraftpro.com\/#website","url":"https:\/\/www.domkraftpro.com\/","name":"","description":"","potentialAction":[{"@type":"SearchAction","target":{"@type":"EntryPoint","urlTemplate":"https:\/\/www.domkraftpro.com\/?s={search_term_string}"},"query-input":{"@type":"PropertyValueSpecification","valueRequired":true,"valueName":"search_term_string"}}],"inLanguage":"cs"}]}},"_links":{"self":[{"href":"https:\/\/www.domkraftpro.com\/index.php\/wp-json\/wp\/v2\/product\/31163","targetHints":{"allow":["GET"]}}],"collection":[{"href":"https:\/\/www.domkraftpro.com\/index.php\/wp-json\/wp\/v2\/product"}],"about":[{"href":"https:\/\/www.domkraftpro.com\/index.php\/wp-json\/wp\/v2\/types\/product"}],"replies":[{"embeddable":true,"href":"https:\/\/www.domkraftpro.com\/index.php\/wp-json\/wp\/v2\/comments?post=31163"}],"wp:featuredmedia":[{"embeddable":true,"href":"https:\/\/www.domkraftpro.com\/index.php\/wp-json\/wp\/v2\/media\/31263"}],"wp:attachment":[{"href":"https:\/\/www.domkraftpro.com\/index.php\/wp-json\/wp\/v2\/media?parent=31163"}],"wp:term":[{"taxonomy":"product_brand","embeddable":true,"href":"https:\/\/www.domkraftpro.com\/index.php\/wp-json\/wp\/v2\/product_brand?post=31163"},{"taxonomy":"product_cat","embeddable":true,"href":"https:\/\/www.domkraftpro.com\/index.php\/wp-json\/wp\/v2\/product_cat?post=31163"},{"taxonomy":"product_tag","embeddable":true,"href":"https:\/\/www.domkraftpro.com\/index.php\/wp-json\/wp\/v2\/product_tag?post=31163"}],"curies":[{"name":"wp","href":"https:\/\/api.w.org\/{rel}","templated":true}]}}