{"id":31127,"date":"2026-04-27T04:41:44","date_gmt":"2026-04-27T04:41:44","guid":{"rendered":""},"modified":"2026-04-27T04:41:44","modified_gmt":"2026-04-27T04:41:44","slug":"nova-kolekce-ravak-podpora-asymmetric-31127","status":"publish","type":"product","link":"https:\/\/www.domkraftpro.com\/index.php\/produkt\/nova-kolekce-ravak-podpora-asymmetric-31127\/","title":{"rendered":"Nov\u00e1 Kolekce Ravak Podpora Asymmetric"},"content":{"rendered":"<div id=\"e8686737\" class=\"pages\">\n<div>\n<div id=\"PDDescription\" class=\"UserContentView userContent v1a v1 bs-view dcon dc159 PDDescription\" ><dc-con><dc-con><bs-empty><\/bs-empty><\/dc-con><dc-con>        <\/p>\n<div class=\"customDescription\">                    <\/div>\n<p><\/dc-con><dc-con>Podpora (ustavovac\u00ed no\u017ei\u010dky) pod vanu Asymmetric.<\/dc-con><\/dc-con><\/div>\n<div id=\"PDDescription2\" class=\"UserContentView userContent v1a v1 bs-view dcon dc160 PDDescription2\" >\n<ul>\n<li>vhodn\u00e9 pro vanu Asymmetric<\/li>\n<\/ul>\n<p>Podpora Asymmetric slou\u017e\u00ed k\u00a0ustaven\u00ed vany do roviny, kterou je mo\u017en\u00e9 snadno podezd\u00edt a oblo\u017eit.\u00a0<\/p>\n<\/div><\/div>\n<div id=\"PDTable3\" class=\"ProductDetailTableView v3a v3 bs-view dcon dc180 PDTable3\" >\n<table>\n<thead><\/thead>\n<tbody>\n<tr class=\"attribute attr_typ\">\n<td class=\"caption\">Typ<\/td>\n<td class=\"value\">Nohy v van\u011b<\/td>\n<\/tr>\n<tr class=\"attribute attr_bsshop_maker\">\n<td class=\"caption\">V\u00fdrobce<\/td>\n<td class=\"value\">Ravak<\/td>\n<\/tr>\n<tr class=\"attribute attr_material\">\n<td class=\"caption\">Materi\u00e1l<\/td>\n<td class=\"value\">Ocel<\/td>\n<\/tr>\n<tr class=\"weight\">\n<td class=\"caption\"><span>Hmotnost<\/span><\/td>\n<td class=\"value\"><span>4,12 kg<\/span><\/td>\n<\/tr>\n<\/tbody>\n<\/table>\n<\/div>\n<\/div>\n<div id=\"e8686738\" class=\"tabs\">\n","protected":false},"excerpt":{"rendered":"<p>Podpora (ustavovac\u00ed no\u017ei\u010dky) pod vanu Asymmetric. vhodn\u00e9 pro vanu Asymmetric Podpora Asymmetric slou\u017e\u00ed k\u00a0ustaven\u00ed vany do roviny, kterou je mo\u017en\u00e9 snadno podezd\u00edt a oblo\u017eit.\u00a0 Typ Nohy v van\u011b V\u00fdrobce Ravak Materi\u00e1l Ocel Hmotnost 4,12 kg<\/p>\n","protected":false},"featured_media":31227,"comment_status":"open","ping_status":"open","template":"","meta":[],"product_brand":[],"product_cat":[101],"product_tag":[],"class_list":{"0":"post-31127","1":"product","2":"type-product","3":"status-publish","4":"has-post-thumbnail","6":"product_cat-vybaven-237-koupelny","8":"first","9":"instock","10":"sale","11":"shipping-taxable","12":"purchasable","13":"product-type-simple"},"yoast_head":"<!-- This site is optimized with the Yoast SEO plugin v26.8 - https:\/\/yoast.com\/product\/yoast-seo-wordpress\/ -->\n<title>Nov\u00e1 Kolekce Ravak Podpora Asymmetric -<\/title>\n<meta name=\"robots\" content=\"index, follow, max-snippet:-1, max-image-preview:large, max-video-preview:-1\" \/>\n<link rel=\"canonical\" href=\"https:\/\/www.domkraftpro.com\/index.php\/produkt\/nova-kolekce-ravak-podpora-asymmetric-31127\/\" \/>\n<meta property=\"og:locale\" content=\"cs_CZ\" \/>\n<meta property=\"og:type\" content=\"article\" \/>\n<meta property=\"og:title\" content=\"Nov\u00e1 Kolekce Ravak Podpora Asymmetric -\" \/>\n<meta property=\"og:description\" content=\"Podpora (ustavovac\u00ed no\u017ei\u010dky) pod vanu Asymmetric. vhodn\u00e9 pro vanu Asymmetric Podpora Asymmetric slou\u017e\u00ed k\u00a0ustaven\u00ed vany do roviny, kterou je mo\u017en\u00e9 snadno podezd\u00edt a oblo\u017eit.\u00a0 Typ Nohy v van\u011b V\u00fdrobce Ravak Materi\u00e1l Ocel Hmotnost 4,12 kg\" \/>\n<meta property=\"og:url\" content=\"https:\/\/www.domkraftpro.com\/index.php\/produkt\/nova-kolekce-ravak-podpora-asymmetric-31127\/\" \/>\n<meta property=\"og:image\" content=\"https:\/\/www.domkraftpro.com\/wp-content\/uploads\/2026\/SK0005939-CZ20260425-093449-0-1777080895-ravak-podpora-asymmetric.webp\" \/>\n\t<meta property=\"og:image:width\" content=\"1000\" \/>\n\t<meta property=\"og:image:height\" content=\"525\" \/>\n\t<meta property=\"og:image:type\" content=\"image\/webp\" \/>\n<meta name=\"twitter:card\" content=\"summary_large_image\" \/>\n<script type=\"application\/ld+json\" class=\"yoast-schema-graph\">{\"@context\":\"https:\/\/schema.org\",\"@graph\":[{\"@type\":\"WebPage\",\"@id\":\"https:\/\/www.domkraftpro.com\/index.php\/produkt\/nova-kolekce-ravak-podpora-asymmetric-31127\/\",\"url\":\"https:\/\/www.domkraftpro.com\/index.php\/produkt\/nova-kolekce-ravak-podpora-asymmetric-31127\/\",\"name\":\"Nov\u00e1 Kolekce Ravak Podpora Asymmetric -\",\"isPartOf\":{\"@id\":\"https:\/\/www.domkraftpro.com\/#website\"},\"primaryImageOfPage\":{\"@id\":\"https:\/\/www.domkraftpro.com\/index.php\/produkt\/nova-kolekce-ravak-podpora-asymmetric-31127\/#primaryimage\"},\"image\":{\"@id\":\"https:\/\/www.domkraftpro.com\/index.php\/produkt\/nova-kolekce-ravak-podpora-asymmetric-31127\/#primaryimage\"},\"thumbnailUrl\":\"https:\/\/www.domkraftpro.com\/wp-content\/uploads\/2026\/SK0005939-CZ20260425-093449-0-1777080895-ravak-podpora-asymmetric.webp\",\"datePublished\":\"2026-04-27T04:41:44+00:00\",\"breadcrumb\":{\"@id\":\"https:\/\/www.domkraftpro.com\/index.php\/produkt\/nova-kolekce-ravak-podpora-asymmetric-31127\/#breadcrumb\"},\"inLanguage\":\"cs\",\"potentialAction\":[{\"@type\":\"ReadAction\",\"target\":[\"https:\/\/www.domkraftpro.com\/index.php\/produkt\/nova-kolekce-ravak-podpora-asymmetric-31127\/\"]}]},{\"@type\":\"ImageObject\",\"inLanguage\":\"cs\",\"@id\":\"https:\/\/www.domkraftpro.com\/index.php\/produkt\/nova-kolekce-ravak-podpora-asymmetric-31127\/#primaryimage\",\"url\":\"https:\/\/www.domkraftpro.com\/wp-content\/uploads\/2026\/SK0005939-CZ20260425-093449-0-1777080895-ravak-podpora-asymmetric.webp\",\"contentUrl\":\"https:\/\/www.domkraftpro.com\/wp-content\/uploads\/2026\/SK0005939-CZ20260425-093449-0-1777080895-ravak-podpora-asymmetric.webp\",\"width\":1000,\"height\":525},{\"@type\":\"BreadcrumbList\",\"@id\":\"https:\/\/www.domkraftpro.com\/index.php\/produkt\/nova-kolekce-ravak-podpora-asymmetric-31127\/#breadcrumb\",\"itemListElement\":[{\"@type\":\"ListItem\",\"position\":1,\"name\":\"Home\",\"item\":\"https:\/\/www.domkraftpro.com\/\"},{\"@type\":\"ListItem\",\"position\":2,\"name\":\"Products\",\"item\":\"https:\/\/www.domkraftpro.com\/index.php\/products\/\"},{\"@type\":\"ListItem\",\"position\":3,\"name\":\"Nov\u00e1 Kolekce Ravak Podpora Asymmetric\"}]},{\"@type\":\"WebSite\",\"@id\":\"https:\/\/www.domkraftpro.com\/#website\",\"url\":\"https:\/\/www.domkraftpro.com\/\",\"name\":\"\",\"description\":\"\",\"potentialAction\":[{\"@type\":\"SearchAction\",\"target\":{\"@type\":\"EntryPoint\",\"urlTemplate\":\"https:\/\/www.domkraftpro.com\/?s={search_term_string}\"},\"query-input\":{\"@type\":\"PropertyValueSpecification\",\"valueRequired\":true,\"valueName\":\"search_term_string\"}}],\"inLanguage\":\"cs\"}]}<\/script>\n<!-- \/ Yoast SEO plugin. -->","yoast_head_json":{"title":"Nov\u00e1 Kolekce Ravak Podpora Asymmetric -","robots":{"index":"index","follow":"follow","max-snippet":"max-snippet:-1","max-image-preview":"max-image-preview:large","max-video-preview":"max-video-preview:-1"},"canonical":"https:\/\/www.domkraftpro.com\/index.php\/produkt\/nova-kolekce-ravak-podpora-asymmetric-31127\/","og_locale":"cs_CZ","og_type":"article","og_title":"Nov\u00e1 Kolekce Ravak Podpora Asymmetric -","og_description":"Podpora (ustavovac\u00ed no\u017ei\u010dky) pod vanu Asymmetric. vhodn\u00e9 pro vanu Asymmetric Podpora Asymmetric slou\u017e\u00ed k\u00a0ustaven\u00ed vany do roviny, kterou je mo\u017en\u00e9 snadno podezd\u00edt a oblo\u017eit.\u00a0 Typ Nohy v van\u011b V\u00fdrobce Ravak Materi\u00e1l Ocel Hmotnost 4,12 kg","og_url":"https:\/\/www.domkraftpro.com\/index.php\/produkt\/nova-kolekce-ravak-podpora-asymmetric-31127\/","og_image":[{"width":1000,"height":525,"url":"https:\/\/www.domkraftpro.com\/wp-content\/uploads\/2026\/SK0005939-CZ20260425-093449-0-1777080895-ravak-podpora-asymmetric.webp","type":"image\/webp"}],"twitter_card":"summary_large_image","schema":{"@context":"https:\/\/schema.org","@graph":[{"@type":"WebPage","@id":"https:\/\/www.domkraftpro.com\/index.php\/produkt\/nova-kolekce-ravak-podpora-asymmetric-31127\/","url":"https:\/\/www.domkraftpro.com\/index.php\/produkt\/nova-kolekce-ravak-podpora-asymmetric-31127\/","name":"Nov\u00e1 Kolekce Ravak Podpora Asymmetric -","isPartOf":{"@id":"https:\/\/www.domkraftpro.com\/#website"},"primaryImageOfPage":{"@id":"https:\/\/www.domkraftpro.com\/index.php\/produkt\/nova-kolekce-ravak-podpora-asymmetric-31127\/#primaryimage"},"image":{"@id":"https:\/\/www.domkraftpro.com\/index.php\/produkt\/nova-kolekce-ravak-podpora-asymmetric-31127\/#primaryimage"},"thumbnailUrl":"https:\/\/www.domkraftpro.com\/wp-content\/uploads\/2026\/SK0005939-CZ20260425-093449-0-1777080895-ravak-podpora-asymmetric.webp","datePublished":"2026-04-27T04:41:44+00:00","breadcrumb":{"@id":"https:\/\/www.domkraftpro.com\/index.php\/produkt\/nova-kolekce-ravak-podpora-asymmetric-31127\/#breadcrumb"},"inLanguage":"cs","potentialAction":[{"@type":"ReadAction","target":["https:\/\/www.domkraftpro.com\/index.php\/produkt\/nova-kolekce-ravak-podpora-asymmetric-31127\/"]}]},{"@type":"ImageObject","inLanguage":"cs","@id":"https:\/\/www.domkraftpro.com\/index.php\/produkt\/nova-kolekce-ravak-podpora-asymmetric-31127\/#primaryimage","url":"https:\/\/www.domkraftpro.com\/wp-content\/uploads\/2026\/SK0005939-CZ20260425-093449-0-1777080895-ravak-podpora-asymmetric.webp","contentUrl":"https:\/\/www.domkraftpro.com\/wp-content\/uploads\/2026\/SK0005939-CZ20260425-093449-0-1777080895-ravak-podpora-asymmetric.webp","width":1000,"height":525},{"@type":"BreadcrumbList","@id":"https:\/\/www.domkraftpro.com\/index.php\/produkt\/nova-kolekce-ravak-podpora-asymmetric-31127\/#breadcrumb","itemListElement":[{"@type":"ListItem","position":1,"name":"Home","item":"https:\/\/www.domkraftpro.com\/"},{"@type":"ListItem","position":2,"name":"Products","item":"https:\/\/www.domkraftpro.com\/index.php\/products\/"},{"@type":"ListItem","position":3,"name":"Nov\u00e1 Kolekce Ravak Podpora Asymmetric"}]},{"@type":"WebSite","@id":"https:\/\/www.domkraftpro.com\/#website","url":"https:\/\/www.domkraftpro.com\/","name":"","description":"","potentialAction":[{"@type":"SearchAction","target":{"@type":"EntryPoint","urlTemplate":"https:\/\/www.domkraftpro.com\/?s={search_term_string}"},"query-input":{"@type":"PropertyValueSpecification","valueRequired":true,"valueName":"search_term_string"}}],"inLanguage":"cs"}]}},"_links":{"self":[{"href":"https:\/\/www.domkraftpro.com\/index.php\/wp-json\/wp\/v2\/product\/31127","targetHints":{"allow":["GET"]}}],"collection":[{"href":"https:\/\/www.domkraftpro.com\/index.php\/wp-json\/wp\/v2\/product"}],"about":[{"href":"https:\/\/www.domkraftpro.com\/index.php\/wp-json\/wp\/v2\/types\/product"}],"replies":[{"embeddable":true,"href":"https:\/\/www.domkraftpro.com\/index.php\/wp-json\/wp\/v2\/comments?post=31127"}],"wp:featuredmedia":[{"embeddable":true,"href":"https:\/\/www.domkraftpro.com\/index.php\/wp-json\/wp\/v2\/media\/31227"}],"wp:attachment":[{"href":"https:\/\/www.domkraftpro.com\/index.php\/wp-json\/wp\/v2\/media?parent=31127"}],"wp:term":[{"taxonomy":"product_brand","embeddable":true,"href":"https:\/\/www.domkraftpro.com\/index.php\/wp-json\/wp\/v2\/product_brand?post=31127"},{"taxonomy":"product_cat","embeddable":true,"href":"https:\/\/www.domkraftpro.com\/index.php\/wp-json\/wp\/v2\/product_cat?post=31127"},{"taxonomy":"product_tag","embeddable":true,"href":"https:\/\/www.domkraftpro.com\/index.php\/wp-json\/wp\/v2\/product_tag?post=31127"}],"curies":[{"name":"wp","href":"https:\/\/api.w.org\/{rel}","templated":true}]}}