{"id":31125,"date":"2026-04-27T04:41:44","date_gmt":"2026-04-27T04:41:44","guid":{"rendered":""},"modified":"2026-04-27T04:41:44","modified_gmt":"2026-04-27T04:41:44","slug":"pozink-zatka-290-2-1-2-quot-omezena-nabidka-31125","status":"publish","type":"product","link":"https:\/\/www.domkraftpro.com\/index.php\/produkt\/pozink-zatka-290-2-1-2-quot-omezena-nabidka-31125\/","title":{"rendered":"Pozink z\u00e1tka 290 &#8211; 2 1\/2&quot; Omezen\u00e1 Nab\u00eddka"},"content":{"rendered":"<div id=\"e20289449\" class=\"pages\">\n<div>\n<div id=\"PDDescription\" class=\"UserContentView userContent v1a v1 bs-view dcon dc159 PDDescription\" ><dc-con><dc-con><bs-empty><\/bs-empty><\/dc-con><dc-con>        <\/p>\n<div class=\"customDescription\">                    <\/div>\n<p><\/dc-con><dc-con><\/p>\n<p><strong>Pozink z\u00e1tka<\/strong><\/p>\n<p>Armatury z temperovan\u00e9 litiny v souladu s n\u00ed\u017ee uvedenou normou jsou vhodn\u00e9 pro m\u00e9dia stla\u010den\u00fd vzduch,ho\u0159lav\u00fd plyn,uhlovod\u00edk a jin\u00e1, pokud jsou dodr\u017eeny p\u0159edepsan\u00e9 hodnoty teplot a tlak\u016f.<\/p>\n<p><strong>Standardn\u00ed pou\u017eit\u00ed:<\/strong><br \/>Povolen\u00fd pracovn\u00ed tlak p\u0159i teplot\u00e1ch mezi -20 a 120\u00b0C:25 bar<br \/>Povolen\u00fd pracovn\u00ed tlak p\u0159i teplot\u00e1ch mezi 120 a 300\u00b0C:20-25 bar<\/p>\n<p><strong>Zinkov\u00e1n\u00ed<\/strong><br \/>Fitinky z temperovan\u00e9 litiny jsou \u017e\u00e1rov\u011b zinkov\u00e1ny dle normy DIN EN 10242:1994 (pono\u0159en\u00edm do zinkov\u00e9 l\u00e1zn\u011b).<br \/>S\u00edla zinkov\u00e9 vrstvy je minim\u00e1ln\u011b 500g\/m2, co\u017e odpov\u00edd\u00e1 pr\u016fm\u011brn\u00e9 tlou\u0161\u0165ce 70 um.<br \/>Dostate\u010dn\u00e1 tlou\u0161\u0165ka zinkov\u00e9 vrstvy a pevn\u00e1 vazba mezi podkladem a c\u00ednem zabezpe\u010duje optim\u00e1ln\u00ed a dlouhotrvaj\u00edc\u00ed antikorozn\u00ed ochranu.<\/p>\n<p><strong>Dopl\u0148uj\u00edc\u00ed antikorozn\u00ed ochrana:<\/strong><br \/>Po strojn\u00edm obr\u00e1b\u011bn\u00ed na armatury je aplikovan\u00e1 dopl\u0148kov\u00e1 antikorozn\u00ed ochrana dle normy \u010d.DIN 50961 formou elektrogalvanick\u00e9ho pozinkov\u00e1n\u00ed.D\u00edky tomu jsou v\u0161echny kusy zinkovan\u00fdch armatur prosty zbytk\u016f po v\u00fdrobn\u00edm procesu a mastnoty.<\/p>\n<p><\/dc-con><\/dc-con><\/div>\n<\/p><\/div>\n<div id=\"PDTable3\" class=\"ProductDetailTableView v3a v3 bs-view dcon dc180 PDTable3\" >\n<table>\n<thead><\/thead>\n<tbody>\n<tr class=\"attribute attr_typ\">\n<td class=\"caption\">Typ<\/td>\n<td class=\"value\">Z\u00e1tky &#8211; z\u00e1slepky<\/td>\n<\/tr>\n<tr class=\"attribute attr_material\">\n<td class=\"caption\">Materi\u00e1l<\/td>\n<td class=\"value\">Fitinky pozinkovan\u00e9<\/td>\n<\/tr>\n<tr class=\"attribute attr_rozmerzavitovychtvarovek\">\n<td class=\"caption\">Rozm\u011br z\u00e1vitov\u00fdch tvarovek<\/td>\n<td class=\"value\">DN 15 &#8211; 1\/2&#8243;, DN 65 &#8211; 2 1\/2&#8243;<\/td>\n<\/tr>\n<tr class=\"attribute attr_bsshop_maker\">\n<td class=\"caption\">V\u00fdrobce<\/td>\n<td class=\"value\">EU<\/td>\n<\/tr>\n<tr class=\"attribute attr_zavit\">\n<td class=\"caption\">Z\u00e1vit<\/td>\n<td class=\"value\">Vn\u011bj\u0161\u00ed<\/td>\n<\/tr>\n<\/tbody>\n<\/table>\n<\/div>\n<\/div>\n<div id=\"e20289450\" class=\"tabs\">\n","protected":false},"excerpt":{"rendered":"<p>Pozink z\u00e1tka Armatury z temperovan\u00e9 litiny v souladu s n\u00ed\u017ee uvedenou normou jsou vhodn\u00e9 pro m\u00e9dia stla\u010den\u00fd vzduch,ho\u0159lav\u00fd plyn,uhlovod\u00edk a jin\u00e1, pokud jsou dodr\u017eeny p\u0159edepsan\u00e9 hodnoty teplot a tlak\u016f. Standardn\u00ed pou\u017eit\u00ed:Povolen\u00fd pracovn\u00ed tlak p\u0159i teplot\u00e1ch mezi -20 a 120\u00b0C:25 barPovolen\u00fd pracovn\u00ed tlak p\u0159i teplot\u00e1ch mezi 120 a 300\u00b0C:20-25 bar Zinkov\u00e1n\u00edFitinky z temperovan\u00e9 litiny jsou \u017e\u00e1rov\u011b [&hellip;]<\/p>\n","protected":false},"featured_media":31225,"comment_status":"open","ping_status":"open","template":"","meta":[],"product_brand":[],"product_cat":[100],"product_tag":[],"class_list":{"0":"post-31125","1":"product","2":"type-product","3":"status-publish","4":"has-post-thumbnail","6":"product_cat-tvarovky-fitinky","8":"first","9":"instock","10":"sale","11":"shipping-taxable","12":"purchasable","13":"product-type-simple"},"yoast_head":"<!-- This site is optimized with the Yoast SEO plugin v26.8 - https:\/\/yoast.com\/product\/yoast-seo-wordpress\/ -->\n<title>Pozink z\u00e1tka 290 - 2 1\/2&quot; Omezen\u00e1 Nab\u00eddka -<\/title>\n<meta name=\"robots\" content=\"index, follow, max-snippet:-1, max-image-preview:large, max-video-preview:-1\" \/>\n<link rel=\"canonical\" href=\"https:\/\/www.domkraftpro.com\/index.php\/produkt\/pozink-zatka-290-2-1-2-quot-omezena-nabidka-31125\/\" \/>\n<meta property=\"og:locale\" content=\"cs_CZ\" \/>\n<meta property=\"og:type\" content=\"article\" \/>\n<meta property=\"og:title\" content=\"Pozink z\u00e1tka 290 - 2 1\/2&quot; Omezen\u00e1 Nab\u00eddka -\" \/>\n<meta property=\"og:description\" content=\"Pozink z\u00e1tka Armatury z temperovan\u00e9 litiny v souladu s n\u00ed\u017ee uvedenou normou jsou vhodn\u00e9 pro m\u00e9dia stla\u010den\u00fd vzduch,ho\u0159lav\u00fd plyn,uhlovod\u00edk a jin\u00e1, pokud jsou dodr\u017eeny p\u0159edepsan\u00e9 hodnoty teplot a tlak\u016f. Standardn\u00ed pou\u017eit\u00ed:Povolen\u00fd pracovn\u00ed tlak p\u0159i teplot\u00e1ch mezi -20 a 120\u00b0C:25 barPovolen\u00fd pracovn\u00ed tlak p\u0159i teplot\u00e1ch mezi 120 a 300\u00b0C:20-25 bar Zinkov\u00e1n\u00edFitinky z temperovan\u00e9 litiny jsou \u017e\u00e1rov\u011b [&hellip;]\" \/>\n<meta property=\"og:url\" content=\"https:\/\/www.domkraftpro.com\/index.php\/produkt\/pozink-zatka-290-2-1-2-quot-omezena-nabidka-31125\/\" \/>\n<meta property=\"og:image\" content=\"https:\/\/www.domkraftpro.com\/wp-content\/uploads\/2026\/SK0005937-CZ20260425-093449-0-1777080895-pozink-zatka-290-2-1-2.webp\" \/>\n\t<meta property=\"og:image:width\" content=\"1000\" \/>\n\t<meta property=\"og:image:height\" content=\"525\" \/>\n\t<meta property=\"og:image:type\" content=\"image\/webp\" \/>\n<meta name=\"twitter:card\" content=\"summary_large_image\" \/>\n<meta name=\"twitter:label1\" content=\"Odhadovan\u00e1 doba \u010dten\u00ed\" \/>\n\t<meta name=\"twitter:data1\" content=\"1 minuta\" \/>\n<script type=\"application\/ld+json\" class=\"yoast-schema-graph\">{\"@context\":\"https:\/\/schema.org\",\"@graph\":[{\"@type\":\"WebPage\",\"@id\":\"https:\/\/www.domkraftpro.com\/index.php\/produkt\/pozink-zatka-290-2-1-2-quot-omezena-nabidka-31125\/\",\"url\":\"https:\/\/www.domkraftpro.com\/index.php\/produkt\/pozink-zatka-290-2-1-2-quot-omezena-nabidka-31125\/\",\"name\":\"Pozink z\u00e1tka 290 - 2 1\/2&quot; Omezen\u00e1 Nab\u00eddka -\",\"isPartOf\":{\"@id\":\"https:\/\/www.domkraftpro.com\/#website\"},\"primaryImageOfPage\":{\"@id\":\"https:\/\/www.domkraftpro.com\/index.php\/produkt\/pozink-zatka-290-2-1-2-quot-omezena-nabidka-31125\/#primaryimage\"},\"image\":{\"@id\":\"https:\/\/www.domkraftpro.com\/index.php\/produkt\/pozink-zatka-290-2-1-2-quot-omezena-nabidka-31125\/#primaryimage\"},\"thumbnailUrl\":\"https:\/\/www.domkraftpro.com\/wp-content\/uploads\/2026\/SK0005937-CZ20260425-093449-0-1777080895-pozink-zatka-290-2-1-2.webp\",\"datePublished\":\"2026-04-27T04:41:44+00:00\",\"breadcrumb\":{\"@id\":\"https:\/\/www.domkraftpro.com\/index.php\/produkt\/pozink-zatka-290-2-1-2-quot-omezena-nabidka-31125\/#breadcrumb\"},\"inLanguage\":\"cs\",\"potentialAction\":[{\"@type\":\"ReadAction\",\"target\":[\"https:\/\/www.domkraftpro.com\/index.php\/produkt\/pozink-zatka-290-2-1-2-quot-omezena-nabidka-31125\/\"]}]},{\"@type\":\"ImageObject\",\"inLanguage\":\"cs\",\"@id\":\"https:\/\/www.domkraftpro.com\/index.php\/produkt\/pozink-zatka-290-2-1-2-quot-omezena-nabidka-31125\/#primaryimage\",\"url\":\"https:\/\/www.domkraftpro.com\/wp-content\/uploads\/2026\/SK0005937-CZ20260425-093449-0-1777080895-pozink-zatka-290-2-1-2.webp\",\"contentUrl\":\"https:\/\/www.domkraftpro.com\/wp-content\/uploads\/2026\/SK0005937-CZ20260425-093449-0-1777080895-pozink-zatka-290-2-1-2.webp\",\"width\":1000,\"height\":525},{\"@type\":\"BreadcrumbList\",\"@id\":\"https:\/\/www.domkraftpro.com\/index.php\/produkt\/pozink-zatka-290-2-1-2-quot-omezena-nabidka-31125\/#breadcrumb\",\"itemListElement\":[{\"@type\":\"ListItem\",\"position\":1,\"name\":\"Home\",\"item\":\"https:\/\/www.domkraftpro.com\/\"},{\"@type\":\"ListItem\",\"position\":2,\"name\":\"Products\",\"item\":\"https:\/\/www.domkraftpro.com\/index.php\/products\/\"},{\"@type\":\"ListItem\",\"position\":3,\"name\":\"Pozink z\u00e1tka 290 &#8211; 2 1\/2&quot; Omezen\u00e1 Nab\u00eddka\"}]},{\"@type\":\"WebSite\",\"@id\":\"https:\/\/www.domkraftpro.com\/#website\",\"url\":\"https:\/\/www.domkraftpro.com\/\",\"name\":\"\",\"description\":\"\",\"potentialAction\":[{\"@type\":\"SearchAction\",\"target\":{\"@type\":\"EntryPoint\",\"urlTemplate\":\"https:\/\/www.domkraftpro.com\/?s={search_term_string}\"},\"query-input\":{\"@type\":\"PropertyValueSpecification\",\"valueRequired\":true,\"valueName\":\"search_term_string\"}}],\"inLanguage\":\"cs\"}]}<\/script>\n<!-- \/ Yoast SEO plugin. -->","yoast_head_json":{"title":"Pozink z\u00e1tka 290 - 2 1\/2&quot; Omezen\u00e1 Nab\u00eddka -","robots":{"index":"index","follow":"follow","max-snippet":"max-snippet:-1","max-image-preview":"max-image-preview:large","max-video-preview":"max-video-preview:-1"},"canonical":"https:\/\/www.domkraftpro.com\/index.php\/produkt\/pozink-zatka-290-2-1-2-quot-omezena-nabidka-31125\/","og_locale":"cs_CZ","og_type":"article","og_title":"Pozink z\u00e1tka 290 - 2 1\/2&quot; Omezen\u00e1 Nab\u00eddka -","og_description":"Pozink z\u00e1tka Armatury z temperovan\u00e9 litiny v souladu s n\u00ed\u017ee uvedenou normou jsou vhodn\u00e9 pro m\u00e9dia stla\u010den\u00fd vzduch,ho\u0159lav\u00fd plyn,uhlovod\u00edk a jin\u00e1, pokud jsou dodr\u017eeny p\u0159edepsan\u00e9 hodnoty teplot a tlak\u016f. Standardn\u00ed pou\u017eit\u00ed:Povolen\u00fd pracovn\u00ed tlak p\u0159i teplot\u00e1ch mezi -20 a 120\u00b0C:25 barPovolen\u00fd pracovn\u00ed tlak p\u0159i teplot\u00e1ch mezi 120 a 300\u00b0C:20-25 bar Zinkov\u00e1n\u00edFitinky z temperovan\u00e9 litiny jsou \u017e\u00e1rov\u011b [&hellip;]","og_url":"https:\/\/www.domkraftpro.com\/index.php\/produkt\/pozink-zatka-290-2-1-2-quot-omezena-nabidka-31125\/","og_image":[{"width":1000,"height":525,"url":"https:\/\/www.domkraftpro.com\/wp-content\/uploads\/2026\/SK0005937-CZ20260425-093449-0-1777080895-pozink-zatka-290-2-1-2.webp","type":"image\/webp"}],"twitter_card":"summary_large_image","twitter_misc":{"Odhadovan\u00e1 doba \u010dten\u00ed":"1 minuta"},"schema":{"@context":"https:\/\/schema.org","@graph":[{"@type":"WebPage","@id":"https:\/\/www.domkraftpro.com\/index.php\/produkt\/pozink-zatka-290-2-1-2-quot-omezena-nabidka-31125\/","url":"https:\/\/www.domkraftpro.com\/index.php\/produkt\/pozink-zatka-290-2-1-2-quot-omezena-nabidka-31125\/","name":"Pozink z\u00e1tka 290 - 2 1\/2&quot; Omezen\u00e1 Nab\u00eddka -","isPartOf":{"@id":"https:\/\/www.domkraftpro.com\/#website"},"primaryImageOfPage":{"@id":"https:\/\/www.domkraftpro.com\/index.php\/produkt\/pozink-zatka-290-2-1-2-quot-omezena-nabidka-31125\/#primaryimage"},"image":{"@id":"https:\/\/www.domkraftpro.com\/index.php\/produkt\/pozink-zatka-290-2-1-2-quot-omezena-nabidka-31125\/#primaryimage"},"thumbnailUrl":"https:\/\/www.domkraftpro.com\/wp-content\/uploads\/2026\/SK0005937-CZ20260425-093449-0-1777080895-pozink-zatka-290-2-1-2.webp","datePublished":"2026-04-27T04:41:44+00:00","breadcrumb":{"@id":"https:\/\/www.domkraftpro.com\/index.php\/produkt\/pozink-zatka-290-2-1-2-quot-omezena-nabidka-31125\/#breadcrumb"},"inLanguage":"cs","potentialAction":[{"@type":"ReadAction","target":["https:\/\/www.domkraftpro.com\/index.php\/produkt\/pozink-zatka-290-2-1-2-quot-omezena-nabidka-31125\/"]}]},{"@type":"ImageObject","inLanguage":"cs","@id":"https:\/\/www.domkraftpro.com\/index.php\/produkt\/pozink-zatka-290-2-1-2-quot-omezena-nabidka-31125\/#primaryimage","url":"https:\/\/www.domkraftpro.com\/wp-content\/uploads\/2026\/SK0005937-CZ20260425-093449-0-1777080895-pozink-zatka-290-2-1-2.webp","contentUrl":"https:\/\/www.domkraftpro.com\/wp-content\/uploads\/2026\/SK0005937-CZ20260425-093449-0-1777080895-pozink-zatka-290-2-1-2.webp","width":1000,"height":525},{"@type":"BreadcrumbList","@id":"https:\/\/www.domkraftpro.com\/index.php\/produkt\/pozink-zatka-290-2-1-2-quot-omezena-nabidka-31125\/#breadcrumb","itemListElement":[{"@type":"ListItem","position":1,"name":"Home","item":"https:\/\/www.domkraftpro.com\/"},{"@type":"ListItem","position":2,"name":"Products","item":"https:\/\/www.domkraftpro.com\/index.php\/products\/"},{"@type":"ListItem","position":3,"name":"Pozink z\u00e1tka 290 &#8211; 2 1\/2&quot; Omezen\u00e1 Nab\u00eddka"}]},{"@type":"WebSite","@id":"https:\/\/www.domkraftpro.com\/#website","url":"https:\/\/www.domkraftpro.com\/","name":"","description":"","potentialAction":[{"@type":"SearchAction","target":{"@type":"EntryPoint","urlTemplate":"https:\/\/www.domkraftpro.com\/?s={search_term_string}"},"query-input":{"@type":"PropertyValueSpecification","valueRequired":true,"valueName":"search_term_string"}}],"inLanguage":"cs"}]}},"_links":{"self":[{"href":"https:\/\/www.domkraftpro.com\/index.php\/wp-json\/wp\/v2\/product\/31125","targetHints":{"allow":["GET"]}}],"collection":[{"href":"https:\/\/www.domkraftpro.com\/index.php\/wp-json\/wp\/v2\/product"}],"about":[{"href":"https:\/\/www.domkraftpro.com\/index.php\/wp-json\/wp\/v2\/types\/product"}],"replies":[{"embeddable":true,"href":"https:\/\/www.domkraftpro.com\/index.php\/wp-json\/wp\/v2\/comments?post=31125"}],"wp:featuredmedia":[{"embeddable":true,"href":"https:\/\/www.domkraftpro.com\/index.php\/wp-json\/wp\/v2\/media\/31225"}],"wp:attachment":[{"href":"https:\/\/www.domkraftpro.com\/index.php\/wp-json\/wp\/v2\/media?parent=31125"}],"wp:term":[{"taxonomy":"product_brand","embeddable":true,"href":"https:\/\/www.domkraftpro.com\/index.php\/wp-json\/wp\/v2\/product_brand?post=31125"},{"taxonomy":"product_cat","embeddable":true,"href":"https:\/\/www.domkraftpro.com\/index.php\/wp-json\/wp\/v2\/product_cat?post=31125"},{"taxonomy":"product_tag","embeddable":true,"href":"https:\/\/www.domkraftpro.com\/index.php\/wp-json\/wp\/v2\/product_tag?post=31125"}],"curies":[{"name":"wp","href":"https:\/\/api.w.org\/{rel}","templated":true}]}}