{"id":31115,"date":"2026-04-27T04:41:44","date_gmt":"2026-04-27T04:41:44","guid":{"rendered":""},"modified":"2026-04-27T04:41:44","modified_gmt":"2026-04-27T04:41:44","slug":"finalni-vyprodej-lipovica-orion-350-2-cl-31115","status":"publish","type":"product","link":"https:\/\/www.domkraftpro.com\/index.php\/produkt\/finalni-vyprodej-lipovica-orion-350-2-cl-31115\/","title":{"rendered":"Fin\u00e1ln\u00ed V\u00fdprodej Lipovica ORION 350 &#8211; 2 \u010dl."},"content":{"rendered":"<div id=\"e8681570\" class=\"pages\">\n<div>\n<div id=\"PDDescription\" class=\"UserContentView userContent v1a v1 bs-view dcon dc159 PDDescription\" ><dc-con><dc-con><bs-empty><\/bs-empty><\/dc-con><dc-con>        <\/p>\n<div class=\"customDescription\">\n<p><strong>V\u00e1ha jednoho \u010dl\u00e1nku je 1,20 kg<\/strong><\/p>\n<\/p><\/div>\n<p><\/dc-con><dc-con>Po\u010det \u010dl\u00e1nk\u016f 2<\/dc-con><\/dc-con><\/div>\n<div id=\"PDDescription2\" class=\"UserContentView userContent v1a v1 bs-view dcon dc160 PDDescription2\" >\n<p><span style=\"font-weight: bold;\">ORION<\/span> &#8211; tato \u0159ada p\u0159edstavuje nejnov\u011bj\u0161\u00ed design. Zakulacen\u00e9 hrany a vyv\u00e1\u017een\u00e9 proporce <br \/>vytv\u00e1\u0159\u00ed pocit bezpe\u010d\u00ed a luxusu. P\u016fsob\u00ed hladce a modern\u011b. Maj\u00ed dokonalej\u0161\u00ed proud\u011bn\u00ed tepla <br \/>a nejv\u011bt\u0161\u00ed oh\u0159evnou plochu. Jsou vhodn\u00e9 do m\u00edst, kde je zapot\u0159eb\u00ed velk\u00fd v\u00fdkon na malou <br \/>d\u00e9lku a zejm\u00e9na v\u0161ude, kde vynikne jejich exlusivn\u00ed vzhled.<\/p>\n<p><span style=\"color: #000000; font-weight: bold;\">Bo\u010dn\u00ed p\u0159ipojen\u00ed!<br \/><\/span><span style=\"color: #ff0000; font-weight: bold;\">Ke ka\u017ed\u00e9mu radi\u00e1toru je t\u0159eba objednat univerz\u00e1ln\u00ed mont\u00e1\u017en\u00ed bal\u00ed\u010dek SMOB.<br \/><\/span>Pro vytvo\u0159en\u00ed del\u0161\u00edch radi\u00e1tor\u016f doobjednejte nutn\u00fd po\u010det \u010dl\u00e1nk\u016f ze z\u00e1kladn\u00e1 \u0159ady +<br \/>spojovac\u00ed komplet SSPK.<br \/>Pro spojov\u00e1n\u00ed del\u0161\u00edch radi\u00e1tor\u016f ( v\u00edce jak 14 \u010dl\u00e1nk\u016f )\u00a0slou\u017e\u00ed kl\u00ed\u010d SKLI.<\/p>\n<p>Radi\u00e1tory jsou dod\u00e1v\u00e1ny ve standardn\u00ed b\u00edl\u00e9 barv\u011b RAL 9016. Ostatn\u00ed<br \/>barvy dle vzorn\u00edku RAL. P\u0159\u00edplatek za barevn\u00e9 variace je + 45%.<\/p>\n<p>Tepeln\u00fd v\u00fdkon je po\u010d\u00edt\u00e1n p\u0159i teplotn\u00edm sp\u00e1du 90\/70\/20\u00b0C<\/p>\n<\/div><\/div>\n<div id=\"PDTable3\" class=\"ProductDetailTableView v3a v3 bs-view dcon dc180 PDTable3\" >\n<table>\n<thead><\/thead>\n<tbody>\n<tr class=\"attribute attr_Vyska\">\n<td class=\"caption\">V\u00fd\u0161ka v mm<\/td>\n<td class=\"value\">429<\/td>\n<\/tr>\n<tr class=\"attribute attr_Pocet attr_clanku\">\n<td class=\"caption\">Po\u010det \u010dl\u00e1nk\u016f<\/td>\n<td class=\"value\">2<\/td>\n<\/tr>\n<tr class=\"attribute attr_Roztec attr_pripojeni attr_v attr_mm\">\n<td class=\"caption\">Rozte\u010d p\u0159ipojen\u00ed v mm<\/td>\n<td class=\"value\">350<\/td>\n<\/tr>\n<tr class=\"attribute attr_bsshop_maker\">\n<td class=\"caption\">V\u00fdrobce<\/td>\n<td class=\"value\">Lipovica<\/td>\n<\/tr>\n<tr class=\"attribute attr_bsshop_e1_VPrBsVykonRad\">\n<td class=\"caption\">V\u00fdkon<\/td>\n<td class=\"value\">228 W<\/td>\n<\/tr>\n<\/tbody>\n<\/table>\n<\/div>\n<div id=\"PdProductGpsr\" class=\"ProductGpsrView v1a v1 bs-view dcon dc212 PdProductGpsr\" >\n<div class=\"subject\"><dc-root class=\"dcon dc214\"><span class=\"title\">Zodpov\u011bdn&#253; subjekt:<\/span><dc-con><dc-con><span class=\"company\">LIPOVICA trade s.r.o.<\/span><span class=\"name\">Lipovica<\/span><\/dc-con><dc-con><span class=\"street\">Pr\u016fmyslov&#225; 981\/1<\/span><span class=\"city\">Moravany<\/span><span class=\"zip\">664 48<\/span><span class=\"country\">\u010cesko<\/span><\/dc-con><span class=\"email\">info@lipovica.cz<\/span><span class=\"phone\">604 709 236<\/span><bs-empty><\/bs-empty><a href=\"https:\/\/www.lipovica.cz\/\" class=\"link\" target=\"_blank\">https:\/\/www.lipovica.cz\/<\/a><\/dc-con><bs-empty><\/bs-empty><\/dc-root><\/div>\n<p><bs-empty><\/bs-empty><\/div>\n<\/div>\n<div id=\"e8681571\" class=\"tabs\">\n","protected":false},"excerpt":{"rendered":"<p>V\u00e1ha jednoho \u010dl\u00e1nku je 1,20 kg Po\u010det \u010dl\u00e1nk\u016f 2 ORION &#8211; tato \u0159ada p\u0159edstavuje nejnov\u011bj\u0161\u00ed design. Zakulacen\u00e9 hrany a vyv\u00e1\u017een\u00e9 proporce vytv\u00e1\u0159\u00ed pocit bezpe\u010d\u00ed a luxusu. P\u016fsob\u00ed hladce a modern\u011b. Maj\u00ed dokonalej\u0161\u00ed proud\u011bn\u00ed tepla a nejv\u011bt\u0161\u00ed oh\u0159evnou plochu. Jsou vhodn\u00e9 do m\u00edst, kde je zapot\u0159eb\u00ed velk\u00fd v\u00fdkon na malou d\u00e9lku a zejm\u00e9na v\u0161ude, kde vynikne [&hellip;]<\/p>\n","protected":false},"featured_media":31215,"comment_status":"open","ping_status":"open","template":"","meta":[],"product_brand":[],"product_cat":[98],"product_tag":[],"class_list":{"0":"post-31115","1":"product","2":"type-product","3":"status-publish","4":"has-post-thumbnail","6":"product_cat-radi-225-tory","8":"first","9":"instock","10":"sale","11":"shipping-taxable","12":"purchasable","13":"product-type-simple"},"yoast_head":"<!-- This site is optimized with the Yoast SEO plugin v26.8 - https:\/\/yoast.com\/product\/yoast-seo-wordpress\/ -->\n<title>Fin\u00e1ln\u00ed V\u00fdprodej Lipovica ORION 350 - 2 \u010dl. -<\/title>\n<meta name=\"robots\" content=\"index, follow, max-snippet:-1, max-image-preview:large, max-video-preview:-1\" \/>\n<link rel=\"canonical\" href=\"https:\/\/www.domkraftpro.com\/index.php\/produkt\/finalni-vyprodej-lipovica-orion-350-2-cl-31115\/\" \/>\n<meta property=\"og:locale\" content=\"cs_CZ\" \/>\n<meta property=\"og:type\" content=\"article\" \/>\n<meta property=\"og:title\" content=\"Fin\u00e1ln\u00ed V\u00fdprodej Lipovica ORION 350 - 2 \u010dl. -\" \/>\n<meta property=\"og:description\" content=\"V\u00e1ha jednoho \u010dl\u00e1nku je 1,20 kg Po\u010det \u010dl\u00e1nk\u016f 2 ORION &#8211; tato \u0159ada p\u0159edstavuje nejnov\u011bj\u0161\u00ed design. Zakulacen\u00e9 hrany a vyv\u00e1\u017een\u00e9 proporce vytv\u00e1\u0159\u00ed pocit bezpe\u010d\u00ed a luxusu. P\u016fsob\u00ed hladce a modern\u011b. Maj\u00ed dokonalej\u0161\u00ed proud\u011bn\u00ed tepla a nejv\u011bt\u0161\u00ed oh\u0159evnou plochu. Jsou vhodn\u00e9 do m\u00edst, kde je zapot\u0159eb\u00ed velk\u00fd v\u00fdkon na malou d\u00e9lku a zejm\u00e9na v\u0161ude, kde vynikne [&hellip;]\" \/>\n<meta property=\"og:url\" content=\"https:\/\/www.domkraftpro.com\/index.php\/produkt\/finalni-vyprodej-lipovica-orion-350-2-cl-31115\/\" \/>\n<meta property=\"og:image\" content=\"https:\/\/www.domkraftpro.com\/wp-content\/uploads\/2026\/SK0005927-CZ20260425-093449-0-1777080895-lipovica-orion-350-2-cl.webp\" \/>\n\t<meta property=\"og:image:width\" content=\"1000\" \/>\n\t<meta property=\"og:image:height\" content=\"525\" \/>\n\t<meta property=\"og:image:type\" content=\"image\/webp\" \/>\n<meta name=\"twitter:card\" content=\"summary_large_image\" \/>\n<meta name=\"twitter:label1\" content=\"Odhadovan\u00e1 doba \u010dten\u00ed\" \/>\n\t<meta name=\"twitter:data1\" content=\"1 minuta\" \/>\n<script type=\"application\/ld+json\" class=\"yoast-schema-graph\">{\"@context\":\"https:\/\/schema.org\",\"@graph\":[{\"@type\":\"WebPage\",\"@id\":\"https:\/\/www.domkraftpro.com\/index.php\/produkt\/finalni-vyprodej-lipovica-orion-350-2-cl-31115\/\",\"url\":\"https:\/\/www.domkraftpro.com\/index.php\/produkt\/finalni-vyprodej-lipovica-orion-350-2-cl-31115\/\",\"name\":\"Fin\u00e1ln\u00ed V\u00fdprodej Lipovica ORION 350 - 2 \u010dl. -\",\"isPartOf\":{\"@id\":\"https:\/\/www.domkraftpro.com\/#website\"},\"primaryImageOfPage\":{\"@id\":\"https:\/\/www.domkraftpro.com\/index.php\/produkt\/finalni-vyprodej-lipovica-orion-350-2-cl-31115\/#primaryimage\"},\"image\":{\"@id\":\"https:\/\/www.domkraftpro.com\/index.php\/produkt\/finalni-vyprodej-lipovica-orion-350-2-cl-31115\/#primaryimage\"},\"thumbnailUrl\":\"https:\/\/www.domkraftpro.com\/wp-content\/uploads\/2026\/SK0005927-CZ20260425-093449-0-1777080895-lipovica-orion-350-2-cl.webp\",\"datePublished\":\"2026-04-27T04:41:44+00:00\",\"breadcrumb\":{\"@id\":\"https:\/\/www.domkraftpro.com\/index.php\/produkt\/finalni-vyprodej-lipovica-orion-350-2-cl-31115\/#breadcrumb\"},\"inLanguage\":\"cs\",\"potentialAction\":[{\"@type\":\"ReadAction\",\"target\":[\"https:\/\/www.domkraftpro.com\/index.php\/produkt\/finalni-vyprodej-lipovica-orion-350-2-cl-31115\/\"]}]},{\"@type\":\"ImageObject\",\"inLanguage\":\"cs\",\"@id\":\"https:\/\/www.domkraftpro.com\/index.php\/produkt\/finalni-vyprodej-lipovica-orion-350-2-cl-31115\/#primaryimage\",\"url\":\"https:\/\/www.domkraftpro.com\/wp-content\/uploads\/2026\/SK0005927-CZ20260425-093449-0-1777080895-lipovica-orion-350-2-cl.webp\",\"contentUrl\":\"https:\/\/www.domkraftpro.com\/wp-content\/uploads\/2026\/SK0005927-CZ20260425-093449-0-1777080895-lipovica-orion-350-2-cl.webp\",\"width\":1000,\"height\":525},{\"@type\":\"BreadcrumbList\",\"@id\":\"https:\/\/www.domkraftpro.com\/index.php\/produkt\/finalni-vyprodej-lipovica-orion-350-2-cl-31115\/#breadcrumb\",\"itemListElement\":[{\"@type\":\"ListItem\",\"position\":1,\"name\":\"Home\",\"item\":\"https:\/\/www.domkraftpro.com\/\"},{\"@type\":\"ListItem\",\"position\":2,\"name\":\"Products\",\"item\":\"https:\/\/www.domkraftpro.com\/index.php\/products\/\"},{\"@type\":\"ListItem\",\"position\":3,\"name\":\"Fin\u00e1ln\u00ed V\u00fdprodej Lipovica ORION 350 &#8211; 2 \u010dl.\"}]},{\"@type\":\"WebSite\",\"@id\":\"https:\/\/www.domkraftpro.com\/#website\",\"url\":\"https:\/\/www.domkraftpro.com\/\",\"name\":\"\",\"description\":\"\",\"potentialAction\":[{\"@type\":\"SearchAction\",\"target\":{\"@type\":\"EntryPoint\",\"urlTemplate\":\"https:\/\/www.domkraftpro.com\/?s={search_term_string}\"},\"query-input\":{\"@type\":\"PropertyValueSpecification\",\"valueRequired\":true,\"valueName\":\"search_term_string\"}}],\"inLanguage\":\"cs\"}]}<\/script>\n<!-- \/ Yoast SEO plugin. -->","yoast_head_json":{"title":"Fin\u00e1ln\u00ed V\u00fdprodej Lipovica ORION 350 - 2 \u010dl. -","robots":{"index":"index","follow":"follow","max-snippet":"max-snippet:-1","max-image-preview":"max-image-preview:large","max-video-preview":"max-video-preview:-1"},"canonical":"https:\/\/www.domkraftpro.com\/index.php\/produkt\/finalni-vyprodej-lipovica-orion-350-2-cl-31115\/","og_locale":"cs_CZ","og_type":"article","og_title":"Fin\u00e1ln\u00ed V\u00fdprodej Lipovica ORION 350 - 2 \u010dl. -","og_description":"V\u00e1ha jednoho \u010dl\u00e1nku je 1,20 kg Po\u010det \u010dl\u00e1nk\u016f 2 ORION &#8211; tato \u0159ada p\u0159edstavuje nejnov\u011bj\u0161\u00ed design. Zakulacen\u00e9 hrany a vyv\u00e1\u017een\u00e9 proporce vytv\u00e1\u0159\u00ed pocit bezpe\u010d\u00ed a luxusu. P\u016fsob\u00ed hladce a modern\u011b. Maj\u00ed dokonalej\u0161\u00ed proud\u011bn\u00ed tepla a nejv\u011bt\u0161\u00ed oh\u0159evnou plochu. Jsou vhodn\u00e9 do m\u00edst, kde je zapot\u0159eb\u00ed velk\u00fd v\u00fdkon na malou d\u00e9lku a zejm\u00e9na v\u0161ude, kde vynikne [&hellip;]","og_url":"https:\/\/www.domkraftpro.com\/index.php\/produkt\/finalni-vyprodej-lipovica-orion-350-2-cl-31115\/","og_image":[{"width":1000,"height":525,"url":"https:\/\/www.domkraftpro.com\/wp-content\/uploads\/2026\/SK0005927-CZ20260425-093449-0-1777080895-lipovica-orion-350-2-cl.webp","type":"image\/webp"}],"twitter_card":"summary_large_image","twitter_misc":{"Odhadovan\u00e1 doba \u010dten\u00ed":"1 minuta"},"schema":{"@context":"https:\/\/schema.org","@graph":[{"@type":"WebPage","@id":"https:\/\/www.domkraftpro.com\/index.php\/produkt\/finalni-vyprodej-lipovica-orion-350-2-cl-31115\/","url":"https:\/\/www.domkraftpro.com\/index.php\/produkt\/finalni-vyprodej-lipovica-orion-350-2-cl-31115\/","name":"Fin\u00e1ln\u00ed V\u00fdprodej Lipovica ORION 350 - 2 \u010dl. -","isPartOf":{"@id":"https:\/\/www.domkraftpro.com\/#website"},"primaryImageOfPage":{"@id":"https:\/\/www.domkraftpro.com\/index.php\/produkt\/finalni-vyprodej-lipovica-orion-350-2-cl-31115\/#primaryimage"},"image":{"@id":"https:\/\/www.domkraftpro.com\/index.php\/produkt\/finalni-vyprodej-lipovica-orion-350-2-cl-31115\/#primaryimage"},"thumbnailUrl":"https:\/\/www.domkraftpro.com\/wp-content\/uploads\/2026\/SK0005927-CZ20260425-093449-0-1777080895-lipovica-orion-350-2-cl.webp","datePublished":"2026-04-27T04:41:44+00:00","breadcrumb":{"@id":"https:\/\/www.domkraftpro.com\/index.php\/produkt\/finalni-vyprodej-lipovica-orion-350-2-cl-31115\/#breadcrumb"},"inLanguage":"cs","potentialAction":[{"@type":"ReadAction","target":["https:\/\/www.domkraftpro.com\/index.php\/produkt\/finalni-vyprodej-lipovica-orion-350-2-cl-31115\/"]}]},{"@type":"ImageObject","inLanguage":"cs","@id":"https:\/\/www.domkraftpro.com\/index.php\/produkt\/finalni-vyprodej-lipovica-orion-350-2-cl-31115\/#primaryimage","url":"https:\/\/www.domkraftpro.com\/wp-content\/uploads\/2026\/SK0005927-CZ20260425-093449-0-1777080895-lipovica-orion-350-2-cl.webp","contentUrl":"https:\/\/www.domkraftpro.com\/wp-content\/uploads\/2026\/SK0005927-CZ20260425-093449-0-1777080895-lipovica-orion-350-2-cl.webp","width":1000,"height":525},{"@type":"BreadcrumbList","@id":"https:\/\/www.domkraftpro.com\/index.php\/produkt\/finalni-vyprodej-lipovica-orion-350-2-cl-31115\/#breadcrumb","itemListElement":[{"@type":"ListItem","position":1,"name":"Home","item":"https:\/\/www.domkraftpro.com\/"},{"@type":"ListItem","position":2,"name":"Products","item":"https:\/\/www.domkraftpro.com\/index.php\/products\/"},{"@type":"ListItem","position":3,"name":"Fin\u00e1ln\u00ed V\u00fdprodej Lipovica ORION 350 &#8211; 2 \u010dl."}]},{"@type":"WebSite","@id":"https:\/\/www.domkraftpro.com\/#website","url":"https:\/\/www.domkraftpro.com\/","name":"","description":"","potentialAction":[{"@type":"SearchAction","target":{"@type":"EntryPoint","urlTemplate":"https:\/\/www.domkraftpro.com\/?s={search_term_string}"},"query-input":{"@type":"PropertyValueSpecification","valueRequired":true,"valueName":"search_term_string"}}],"inLanguage":"cs"}]}},"_links":{"self":[{"href":"https:\/\/www.domkraftpro.com\/index.php\/wp-json\/wp\/v2\/product\/31115","targetHints":{"allow":["GET"]}}],"collection":[{"href":"https:\/\/www.domkraftpro.com\/index.php\/wp-json\/wp\/v2\/product"}],"about":[{"href":"https:\/\/www.domkraftpro.com\/index.php\/wp-json\/wp\/v2\/types\/product"}],"replies":[{"embeddable":true,"href":"https:\/\/www.domkraftpro.com\/index.php\/wp-json\/wp\/v2\/comments?post=31115"}],"wp:featuredmedia":[{"embeddable":true,"href":"https:\/\/www.domkraftpro.com\/index.php\/wp-json\/wp\/v2\/media\/31215"}],"wp:attachment":[{"href":"https:\/\/www.domkraftpro.com\/index.php\/wp-json\/wp\/v2\/media?parent=31115"}],"wp:term":[{"taxonomy":"product_brand","embeddable":true,"href":"https:\/\/www.domkraftpro.com\/index.php\/wp-json\/wp\/v2\/product_brand?post=31115"},{"taxonomy":"product_cat","embeddable":true,"href":"https:\/\/www.domkraftpro.com\/index.php\/wp-json\/wp\/v2\/product_cat?post=31115"},{"taxonomy":"product_tag","embeddable":true,"href":"https:\/\/www.domkraftpro.com\/index.php\/wp-json\/wp\/v2\/product_tag?post=31115"}],"curies":[{"name":"wp","href":"https:\/\/api.w.org\/{rel}","templated":true}]}}