{"id":31109,"date":"2026-04-27T04:41:44","date_gmt":"2026-04-27T04:41:44","guid":{"rendered":""},"modified":"2026-04-27T04:41:44","modified_gmt":"2026-04-27T04:41:44","slug":"cenove-vyhodny-lipovica-hmozdinka-do-mekkeho-zdiva-1rkp-31109","status":"publish","type":"product","link":"https:\/\/www.domkraftpro.com\/index.php\/produkt\/cenove-vyhodny-lipovica-hmozdinka-do-mekkeho-zdiva-1rkp-31109\/","title":{"rendered":"Cenov\u011b V\u00fdhodn\u00fd Lipovica hmo\u017edinka do m\u011bkk\u00e9ho zdiva 1RKP"},"content":{"rendered":"<div id=\"e8678167\" class=\"pages\">\n<div>                    <\/div>\n<div id=\"PDTable3\" class=\"ProductDetailTableView v3a v3 bs-view dcon dc180 PDTable3\" >\n<table>\n<thead><\/thead>\n<tbody>\n<tr class=\"attribute attr_bsshop_maker\">\n<td class=\"caption\">V\u00fdrobce<\/td>\n<td class=\"value\">Lipovica<\/td>\n<\/tr>\n<\/tbody>\n<\/table>\n<\/div>\n<div id=\"PdProductGpsr\" class=\"ProductGpsrView v1a v1 bs-view dcon dc212 PdProductGpsr\" >\n<div class=\"subject\"><dc-root class=\"dcon dc214\"><span class=\"title\">Zodpov\u011bdn&#253; subjekt:<\/span><dc-con><dc-con><span class=\"company\">LIPOVICA trade s.r.o.<\/span><span class=\"name\">Lipovica<\/span><\/dc-con><dc-con><span class=\"street\">Pr\u016fmyslov&#225; 981\/1<\/span><span class=\"city\">Moravany<\/span><span class=\"zip\">664 48<\/span><span class=\"country\">\u010cesko<\/span><\/dc-con><span class=\"email\">info@lipovica.cz<\/span><span class=\"phone\">604 709 236<\/span><bs-empty><\/bs-empty><a href=\"https:\/\/www.lipovica.cz\/\" class=\"link\" target=\"_blank\">https:\/\/www.lipovica.cz\/<\/a><\/dc-con><bs-empty><\/bs-empty><\/dc-root><\/div>\n<p><bs-empty><\/bs-empty><\/div>\n<\/div>\n<div id=\"e8678168\" class=\"tabs\">\n","protected":false},"excerpt":{"rendered":"<p>V\u00fdrobce Lipovica Zodpov\u011bdn&#253; subjekt:LIPOVICA trade s.r.o.LipovicaPr\u016fmyslov&#225; 981\/1Moravany664 48\u010ceskoinfo@lipovica.cz604 709 236https:\/\/www.lipovica.cz\/<\/p>\n","protected":false},"featured_media":31209,"comment_status":"open","ping_status":"open","template":"","meta":[],"product_brand":[],"product_cat":[98],"product_tag":[],"class_list":{"0":"post-31109","1":"product","2":"type-product","3":"status-publish","4":"has-post-thumbnail","6":"product_cat-radi-225-tory","8":"first","9":"instock","10":"sale","11":"shipping-taxable","12":"purchasable","13":"product-type-simple"},"yoast_head":"<!-- This site is optimized with the Yoast SEO plugin v26.8 - https:\/\/yoast.com\/product\/yoast-seo-wordpress\/ -->\n<title>Cenov\u011b V\u00fdhodn\u00fd Lipovica hmo\u017edinka do m\u011bkk\u00e9ho zdiva 1RKP -<\/title>\n<meta name=\"robots\" content=\"index, follow, max-snippet:-1, max-image-preview:large, max-video-preview:-1\" \/>\n<link rel=\"canonical\" href=\"https:\/\/www.domkraftpro.com\/index.php\/produkt\/cenove-vyhodny-lipovica-hmozdinka-do-mekkeho-zdiva-1rkp-31109\/\" \/>\n<meta property=\"og:locale\" content=\"cs_CZ\" \/>\n<meta property=\"og:type\" content=\"article\" \/>\n<meta property=\"og:title\" content=\"Cenov\u011b V\u00fdhodn\u00fd Lipovica hmo\u017edinka do m\u011bkk\u00e9ho zdiva 1RKP -\" \/>\n<meta property=\"og:description\" content=\"V\u00fdrobce Lipovica Zodpov\u011bdn&#253; subjekt:LIPOVICA trade s.r.o.LipovicaPr\u016fmyslov&#225; 981\/1Moravany664 48\u010ceskoinfo@lipovica.cz604 709 236https:\/\/www.lipovica.cz\/\" \/>\n<meta property=\"og:url\" content=\"https:\/\/www.domkraftpro.com\/index.php\/produkt\/cenove-vyhodny-lipovica-hmozdinka-do-mekkeho-zdiva-1rkp-31109\/\" \/>\n<meta property=\"og:image\" content=\"https:\/\/www.domkraftpro.com\/wp-content\/uploads\/2026\/SK0005921-CZ20260425-093449-0-1777080895-lipovica-hmozdinka-do-mekkeho-zdiva-1rkp.webp\" \/>\n\t<meta property=\"og:image:width\" content=\"1000\" \/>\n\t<meta property=\"og:image:height\" content=\"525\" \/>\n\t<meta property=\"og:image:type\" content=\"image\/webp\" \/>\n<meta name=\"twitter:card\" content=\"summary_large_image\" \/>\n<script type=\"application\/ld+json\" class=\"yoast-schema-graph\">{\"@context\":\"https:\/\/schema.org\",\"@graph\":[{\"@type\":\"WebPage\",\"@id\":\"https:\/\/www.domkraftpro.com\/index.php\/produkt\/cenove-vyhodny-lipovica-hmozdinka-do-mekkeho-zdiva-1rkp-31109\/\",\"url\":\"https:\/\/www.domkraftpro.com\/index.php\/produkt\/cenove-vyhodny-lipovica-hmozdinka-do-mekkeho-zdiva-1rkp-31109\/\",\"name\":\"Cenov\u011b V\u00fdhodn\u00fd Lipovica hmo\u017edinka do m\u011bkk\u00e9ho zdiva 1RKP -\",\"isPartOf\":{\"@id\":\"https:\/\/www.domkraftpro.com\/#website\"},\"primaryImageOfPage\":{\"@id\":\"https:\/\/www.domkraftpro.com\/index.php\/produkt\/cenove-vyhodny-lipovica-hmozdinka-do-mekkeho-zdiva-1rkp-31109\/#primaryimage\"},\"image\":{\"@id\":\"https:\/\/www.domkraftpro.com\/index.php\/produkt\/cenove-vyhodny-lipovica-hmozdinka-do-mekkeho-zdiva-1rkp-31109\/#primaryimage\"},\"thumbnailUrl\":\"https:\/\/www.domkraftpro.com\/wp-content\/uploads\/2026\/SK0005921-CZ20260425-093449-0-1777080895-lipovica-hmozdinka-do-mekkeho-zdiva-1rkp.webp\",\"datePublished\":\"2026-04-27T04:41:44+00:00\",\"breadcrumb\":{\"@id\":\"https:\/\/www.domkraftpro.com\/index.php\/produkt\/cenove-vyhodny-lipovica-hmozdinka-do-mekkeho-zdiva-1rkp-31109\/#breadcrumb\"},\"inLanguage\":\"cs\",\"potentialAction\":[{\"@type\":\"ReadAction\",\"target\":[\"https:\/\/www.domkraftpro.com\/index.php\/produkt\/cenove-vyhodny-lipovica-hmozdinka-do-mekkeho-zdiva-1rkp-31109\/\"]}]},{\"@type\":\"ImageObject\",\"inLanguage\":\"cs\",\"@id\":\"https:\/\/www.domkraftpro.com\/index.php\/produkt\/cenove-vyhodny-lipovica-hmozdinka-do-mekkeho-zdiva-1rkp-31109\/#primaryimage\",\"url\":\"https:\/\/www.domkraftpro.com\/wp-content\/uploads\/2026\/SK0005921-CZ20260425-093449-0-1777080895-lipovica-hmozdinka-do-mekkeho-zdiva-1rkp.webp\",\"contentUrl\":\"https:\/\/www.domkraftpro.com\/wp-content\/uploads\/2026\/SK0005921-CZ20260425-093449-0-1777080895-lipovica-hmozdinka-do-mekkeho-zdiva-1rkp.webp\",\"width\":1000,\"height\":525},{\"@type\":\"BreadcrumbList\",\"@id\":\"https:\/\/www.domkraftpro.com\/index.php\/produkt\/cenove-vyhodny-lipovica-hmozdinka-do-mekkeho-zdiva-1rkp-31109\/#breadcrumb\",\"itemListElement\":[{\"@type\":\"ListItem\",\"position\":1,\"name\":\"Home\",\"item\":\"https:\/\/www.domkraftpro.com\/\"},{\"@type\":\"ListItem\",\"position\":2,\"name\":\"Products\",\"item\":\"https:\/\/www.domkraftpro.com\/index.php\/products\/\"},{\"@type\":\"ListItem\",\"position\":3,\"name\":\"Cenov\u011b V\u00fdhodn\u00fd Lipovica hmo\u017edinka do m\u011bkk\u00e9ho zdiva 1RKP\"}]},{\"@type\":\"WebSite\",\"@id\":\"https:\/\/www.domkraftpro.com\/#website\",\"url\":\"https:\/\/www.domkraftpro.com\/\",\"name\":\"\",\"description\":\"\",\"potentialAction\":[{\"@type\":\"SearchAction\",\"target\":{\"@type\":\"EntryPoint\",\"urlTemplate\":\"https:\/\/www.domkraftpro.com\/?s={search_term_string}\"},\"query-input\":{\"@type\":\"PropertyValueSpecification\",\"valueRequired\":true,\"valueName\":\"search_term_string\"}}],\"inLanguage\":\"cs\"}]}<\/script>\n<!-- \/ Yoast SEO plugin. -->","yoast_head_json":{"title":"Cenov\u011b V\u00fdhodn\u00fd Lipovica hmo\u017edinka do m\u011bkk\u00e9ho zdiva 1RKP -","robots":{"index":"index","follow":"follow","max-snippet":"max-snippet:-1","max-image-preview":"max-image-preview:large","max-video-preview":"max-video-preview:-1"},"canonical":"https:\/\/www.domkraftpro.com\/index.php\/produkt\/cenove-vyhodny-lipovica-hmozdinka-do-mekkeho-zdiva-1rkp-31109\/","og_locale":"cs_CZ","og_type":"article","og_title":"Cenov\u011b V\u00fdhodn\u00fd Lipovica hmo\u017edinka do m\u011bkk\u00e9ho zdiva 1RKP -","og_description":"V\u00fdrobce Lipovica Zodpov\u011bdn&#253; subjekt:LIPOVICA trade s.r.o.LipovicaPr\u016fmyslov&#225; 981\/1Moravany664 48\u010ceskoinfo@lipovica.cz604 709 236https:\/\/www.lipovica.cz\/","og_url":"https:\/\/www.domkraftpro.com\/index.php\/produkt\/cenove-vyhodny-lipovica-hmozdinka-do-mekkeho-zdiva-1rkp-31109\/","og_image":[{"width":1000,"height":525,"url":"https:\/\/www.domkraftpro.com\/wp-content\/uploads\/2026\/SK0005921-CZ20260425-093449-0-1777080895-lipovica-hmozdinka-do-mekkeho-zdiva-1rkp.webp","type":"image\/webp"}],"twitter_card":"summary_large_image","schema":{"@context":"https:\/\/schema.org","@graph":[{"@type":"WebPage","@id":"https:\/\/www.domkraftpro.com\/index.php\/produkt\/cenove-vyhodny-lipovica-hmozdinka-do-mekkeho-zdiva-1rkp-31109\/","url":"https:\/\/www.domkraftpro.com\/index.php\/produkt\/cenove-vyhodny-lipovica-hmozdinka-do-mekkeho-zdiva-1rkp-31109\/","name":"Cenov\u011b V\u00fdhodn\u00fd Lipovica hmo\u017edinka do m\u011bkk\u00e9ho zdiva 1RKP -","isPartOf":{"@id":"https:\/\/www.domkraftpro.com\/#website"},"primaryImageOfPage":{"@id":"https:\/\/www.domkraftpro.com\/index.php\/produkt\/cenove-vyhodny-lipovica-hmozdinka-do-mekkeho-zdiva-1rkp-31109\/#primaryimage"},"image":{"@id":"https:\/\/www.domkraftpro.com\/index.php\/produkt\/cenove-vyhodny-lipovica-hmozdinka-do-mekkeho-zdiva-1rkp-31109\/#primaryimage"},"thumbnailUrl":"https:\/\/www.domkraftpro.com\/wp-content\/uploads\/2026\/SK0005921-CZ20260425-093449-0-1777080895-lipovica-hmozdinka-do-mekkeho-zdiva-1rkp.webp","datePublished":"2026-04-27T04:41:44+00:00","breadcrumb":{"@id":"https:\/\/www.domkraftpro.com\/index.php\/produkt\/cenove-vyhodny-lipovica-hmozdinka-do-mekkeho-zdiva-1rkp-31109\/#breadcrumb"},"inLanguage":"cs","potentialAction":[{"@type":"ReadAction","target":["https:\/\/www.domkraftpro.com\/index.php\/produkt\/cenove-vyhodny-lipovica-hmozdinka-do-mekkeho-zdiva-1rkp-31109\/"]}]},{"@type":"ImageObject","inLanguage":"cs","@id":"https:\/\/www.domkraftpro.com\/index.php\/produkt\/cenove-vyhodny-lipovica-hmozdinka-do-mekkeho-zdiva-1rkp-31109\/#primaryimage","url":"https:\/\/www.domkraftpro.com\/wp-content\/uploads\/2026\/SK0005921-CZ20260425-093449-0-1777080895-lipovica-hmozdinka-do-mekkeho-zdiva-1rkp.webp","contentUrl":"https:\/\/www.domkraftpro.com\/wp-content\/uploads\/2026\/SK0005921-CZ20260425-093449-0-1777080895-lipovica-hmozdinka-do-mekkeho-zdiva-1rkp.webp","width":1000,"height":525},{"@type":"BreadcrumbList","@id":"https:\/\/www.domkraftpro.com\/index.php\/produkt\/cenove-vyhodny-lipovica-hmozdinka-do-mekkeho-zdiva-1rkp-31109\/#breadcrumb","itemListElement":[{"@type":"ListItem","position":1,"name":"Home","item":"https:\/\/www.domkraftpro.com\/"},{"@type":"ListItem","position":2,"name":"Products","item":"https:\/\/www.domkraftpro.com\/index.php\/products\/"},{"@type":"ListItem","position":3,"name":"Cenov\u011b V\u00fdhodn\u00fd Lipovica hmo\u017edinka do m\u011bkk\u00e9ho zdiva 1RKP"}]},{"@type":"WebSite","@id":"https:\/\/www.domkraftpro.com\/#website","url":"https:\/\/www.domkraftpro.com\/","name":"","description":"","potentialAction":[{"@type":"SearchAction","target":{"@type":"EntryPoint","urlTemplate":"https:\/\/www.domkraftpro.com\/?s={search_term_string}"},"query-input":{"@type":"PropertyValueSpecification","valueRequired":true,"valueName":"search_term_string"}}],"inLanguage":"cs"}]}},"_links":{"self":[{"href":"https:\/\/www.domkraftpro.com\/index.php\/wp-json\/wp\/v2\/product\/31109","targetHints":{"allow":["GET"]}}],"collection":[{"href":"https:\/\/www.domkraftpro.com\/index.php\/wp-json\/wp\/v2\/product"}],"about":[{"href":"https:\/\/www.domkraftpro.com\/index.php\/wp-json\/wp\/v2\/types\/product"}],"replies":[{"embeddable":true,"href":"https:\/\/www.domkraftpro.com\/index.php\/wp-json\/wp\/v2\/comments?post=31109"}],"wp:featuredmedia":[{"embeddable":true,"href":"https:\/\/www.domkraftpro.com\/index.php\/wp-json\/wp\/v2\/media\/31209"}],"wp:attachment":[{"href":"https:\/\/www.domkraftpro.com\/index.php\/wp-json\/wp\/v2\/media?parent=31109"}],"wp:term":[{"taxonomy":"product_brand","embeddable":true,"href":"https:\/\/www.domkraftpro.com\/index.php\/wp-json\/wp\/v2\/product_brand?post=31109"},{"taxonomy":"product_cat","embeddable":true,"href":"https:\/\/www.domkraftpro.com\/index.php\/wp-json\/wp\/v2\/product_cat?post=31109"},{"taxonomy":"product_tag","embeddable":true,"href":"https:\/\/www.domkraftpro.com\/index.php\/wp-json\/wp\/v2\/product_tag?post=31109"}],"curies":[{"name":"wp","href":"https:\/\/api.w.org\/{rel}","templated":true}]}}