{"id":30900,"date":"2026-04-27T04:41:44","date_gmt":"2026-04-27T04:41:44","guid":{"rendered":""},"modified":"2026-04-27T04:41:44","modified_gmt":"2026-04-27T04:41:44","slug":"akce-boki-pml-mrizka-290-1500-dub-30900","status":"publish","type":"product","link":"https:\/\/www.domkraftpro.com\/index.php\/produkt\/akce-boki-pml-mrizka-290-1500-dub-30900\/","title":{"rendered":"Akce BOKI PML m\u0159\u00ed\u017eka 290\/1500 Dub"},"content":{"rendered":"<div id=\"e20215730\" class=\"pages\">\n<div>\n<div id=\"PDDescription\" class=\"UserContentView userContent v1a v1 bs-view dcon dc159 PDDescription\" ><dc-con><dc-con><bs-empty><\/bs-empty><\/dc-con><dc-con>        <\/p>\n<div class=\"customDescription\">\n<p> <span style=\"color: #ff0000; font-family: 'Open Sans'; background-repeat: no-repeat;\"><strong><span style=\"font-family: Open Sans;\">Zbo\u017e\u00ed je vyr\u00e1b\u011bno na zak\u00e1zku, po\u017eadujeme z\u00e1lohu ve v\u00fd\u0161i 50% p\u0159ed objedn\u00e1n\u00edm.<\/span><\/strong><\/span><\/p>\n<\/p><\/div>\n<p><\/dc-con><dc-con><\/p>\n<div class=\"customDescription\" style=\"background-repeat: no-repeat;\">\n<p style=\"background-repeat: no-repeat;\"><span style=\"color: #ff0000; font-family: 'Open Sans'; background-repeat: no-repeat;\"><strong style=\"background-repeat: no-repeat;\"><span style=\"font-family: 'Open Sans'; background-repeat: no-repeat;\">Zbo\u017e\u00ed je vyr\u00e1b\u011bno na zak\u00e1zku, po\u017eadujeme z\u00e1lohu ve v\u00fd\u0161i 50% p\u0159ed objedn\u00e1n\u00edm.<\/span><\/strong><\/span><\/p>\n<\/div>\n<h1 style=\"background-repeat: no-repeat;\"><span style=\"font-size: 21px; background-repeat: no-repeat;\">Kryc\u00ed m\u0159\u00ed\u017eky podlahov\u00fdch konvektor\u016f<\/span><\/h1>\n<p style=\"background-repeat: no-repeat;\">Kryc\u00ed m\u0159\u00ed\u017eky jsou jedinou viditelnou \u010d\u00e1st\u00ed podlahov\u00e9ho konvektoru, umo\u017e\u0148uj\u00edc\u00ed standardn\u00ed plo\u0161n\u00e9 zat\u00ed\u017een\u00ed, kter\u00e9 je p\u0159es lem vany konvektoru p\u0159en\u00e1\u0161eno do podlahy. Tvarem lamel, jejich rozte\u010d\u00ed, a uspo\u0159\u00e1d\u00e1n\u00edm \u00fa\u010dinn\u011b ovliv\u0148uje proud\u011bn\u00ed vzduchu, kter\u00e9 je vyj\u00e1d\u0159eno parametrem voln\u00e9ho pr\u016f\u0159ezu m\u0159\u00ed\u017eky v procentech. Kryc\u00ed m\u0159\u00ed\u017eky jsou dod\u00e1v\u00e1ny samostatn\u011b, nebo spole\u010dn\u011b s podlahov\u00fdmi konvektory. V\u00fdrobn\u00ed program nen\u00ed omezen rozm\u011brem kryc\u00ed m\u0159\u00ed\u017eky a zahrnuje v\u0161echny rozm\u011brov\u00e9 kombinace v\u010detn\u011b nestandardn\u00edch a atypick\u00fdch \u0159e\u0161en\u00ed dle po\u017eadavk\u016f z\u00e1kazn\u00edka.<\/p>\n<h2 style=\"background-repeat: no-repeat;\"><span style=\"font-size: 15.75px; background-repeat: no-repeat;\">Proveden\u00ed<\/span><\/h2>\n<p style=\"background-repeat: no-repeat;\">Kryc\u00ed m\u0159\u00ed\u017eky se vyr\u00e1b\u00ed ve verzi p\u0159\u00ed\u010dn\u00e9 a pod\u00e9ln\u00e9. P\u0159\u00ed\u010dn\u00e1 (rolovac\u00ed) m\u0159\u00ed\u017eka m\u00e1 lamely spole\u010dn\u011b s distan\u010dn\u00edmi krou\u017eky navl\u00e9knuty na pru\u017ein\u011b. Tato varianta je vhodn\u00e1 pro v\u0161echny materi\u00e1ly lamel a pro v\u0161echny typy a rozm\u011bry konvektor\u016f. Pod\u00e9ln\u00e9 proveden\u00ed m\u0159\u00ed\u017eek se vyr\u00e1b\u00ed pouze z duralov\u00fdch nebo nerezov\u00fdch lamel, tuto variantu nen\u00ed mo\u017en\u00e9 pou\u017e\u00edt pro konvektory F1S a konvektory F2C, F2V a F4C, F4V.<\/p>\n<h2 style=\"background-repeat: no-repeat;\"><span style=\"font-size: 15.75px; background-repeat: no-repeat;\">Materi\u00e1l kryc\u00edch m\u0159\u00ed\u017eek<\/span><\/h2>\n<p style=\"background-repeat: no-repeat;\">Kryc\u00ed m\u0159\u00ed\u017eky jsou vyr\u00e1b\u011bny v proveden\u00ed s duralov\u00fdmi, nerezov\u00fdmi, nebo d\u0159ev\u011bn\u00fdmi lamelami. V\u0161echny lamely maj\u00ed standardn\u00ed v\u00fd\u0161ku 20 mm. M\u0159\u00ed\u017eky s duralov\u00fdmi lamelami jsou standardn\u011b dod\u00e1v\u00e1ny v barevn\u00e9m proveden\u00ed p\u0159\u00edrodn\u00ed elox, tmav\u00fd bronz, sv\u011btl\u00fd bronz a \u010dern\u00fd elox. M\u0159\u00ed\u017eky s d\u0159ev\u011bn\u00fdmi lamelami jsou dod\u00e1v\u00e1ny v proveden\u00ed buk a dub, ob\u011b proveden\u00ed mohou b\u00fdt dod\u00e1ny v surov\u00e9m, olejovan\u00e9m, nebo lakovan\u00e9m proveden\u00ed. U d\u0159ev\u011bn\u00fdch m\u0159\u00ed\u017eek v surov\u00e9m proveden\u00ed nen\u00ed garantov\u00e1na rozm\u011brov\u00e1 st\u00e1lost, m\u0159\u00ed\u017eky mohou dilatovat v z\u00e1vislosti na zm\u011bn\u00e1ch vlhkosti v interi\u00e9ru.<\/p>\n<p style=\"background-repeat: no-repeat;\"><span style=\"color: #ff0000; background-repeat: no-repeat;\"><strong style=\"background-repeat: no-repeat;\">Ozna\u010den\u00ed m\u0159\u00ed\u017eky konvektoru oznamuje typ konvektoru, pro kter\u00fd je m\u0159\u00ed\u017eka vhodn\u00e1. Nejde o rozm\u011br m\u0159\u00ed\u017eky!!!<\/strong><\/span><\/p>\n<\/p>\n<p><strong>Proveden\u00ed s okrajovou li\u0161tou &#8220; L &#8220; m\u00e1 ozna\u010den\u00ed PML<\/strong><\/p>\n<p><a target=\"_blank\" href=\"\/\/cdn.topenilevne.cz\/data\/user-content\/boki\/0104_fms_pml_la_1920_1080.jpg.jpeg\"><img decoding=\"async\" title=\"\" style=\"width: 407px; height: 186px;\" src=\"\/\/cdn.topenilevne.cz\/data\/user-content\/boki\/0104_fms_pml_la_1920_1080.jpg.jpeg\"><\/a><\/p>\n<\/p>\n<p><strong>Proveden\u00ed s okrajovou li\u0161tou &#8220; U &#8220; m\u00e1 ozna\u010den\u00ed PMU<\/strong><\/p>\n<p><a target=\"_blank\" href=\"\/\/cdn.topenilevne.cz\/data\/user-content\/boki\/0105_fms_pmu_la_1920_1080.jpg.jpeg\"><img decoding=\"async\" title=\"\" style=\"width: 407px; height: 186px;\" src=\"\/\/cdn.topenilevne.cz\/data\/user-content\/boki\/0105_fms_pmu_la_1920_1080.jpg.jpeg\"><\/a><\/p>\n<\/p>\n<p><strong>Proveden\u00ed bez okrajov\u00e9 li\u0161ty m\u00e1 ozna\u010den\u00ed PMO<\/strong><\/p>\n<p><a target=\"_blank\" href=\"\/\/cdn.topenilevne.cz\/data\/user-content\/boki\/0106_fms_pmo_ln_1920_1080.jpg.jpeg\"><img decoding=\"async\" title=\"\" style=\"width: 407px; height: 186px;\" src=\"\/\/cdn.topenilevne.cz\/data\/user-content\/boki\/0106_fms_pmo_ln_1920_1080.jpg.jpeg\"><\/a><\/p>\n<\/p>\n<p><strong>Proveden\u00ed s okrajovou li\u0161tou &#8220; Z &#8220; m\u00e1 ozna\u010den\u00ed PMZ<\/strong><\/p>\n<p><a target=\"_blank\" href=\"\/\/cdn.topenilevne.cz\/data\/user-content\/boki\/0107_fms_pmz_la_1920_1080.jpg.jpeg\"><img decoding=\"async\" title=\"\" style=\"width: 407px; height: 186px;\" src=\"\/\/cdn.topenilevne.cz\/data\/user-content\/boki\/0107_fms_pmz_la_1920_1080.jpg.jpeg\"><\/a><\/p>\n<\/p>\n<p><\/dc-con><\/dc-con><\/div>\n<div id=\"PDDescription2\" class=\"UserContentView userContent v1a v1 bs-view dcon dc160 PDDescription2\" >\n<p><span style=\"color: #ff0000;\"><strong>Ozna\u010den\u00ed m\u0159\u00ed\u017eky konvektoru oznamuje typ konvektoru, pro kter\u00fd je m\u0159\u00ed\u017eka vhodn\u00e1.\u00a0Nejde o rozm\u011br m\u0159\u00ed\u017eky!!!<\/strong><\/span><\/p>\n<\/div><\/div>\n<div id=\"PDTable3\" class=\"ProductDetailTableView v3a v3 bs-view dcon dc180 PDTable3\" >\n<table>\n<thead><\/thead>\n<tbody>\n<tr class=\"attribute attr_typ\">\n<td class=\"caption\">Typ<\/td>\n<td class=\"value\">s &#8222;L&#8220; li\u0161tou<\/td>\n<\/tr>\n<tr class=\"attribute attr_sirka\">\n<td class=\"caption\">\u0160\u00ed\u0159ka v mm<\/td>\n<td class=\"value\">290<\/td>\n<\/tr>\n<tr class=\"attribute attr_Novy attr_atribut attr_delka attr_v attr_mm\">\n<td class=\"caption\">D\u00e9lka v mm<\/td>\n<td class=\"value\">1500<\/td>\n<\/tr>\n<tr class=\"attribute attr_vyrobce\">\n<td class=\"caption\">V\u00fdrobce<\/td>\n<td class=\"value\">BOKI<\/td>\n<\/tr>\n<tr class=\"weight\">\n<td class=\"caption\"><span>Hmotnost<\/span><\/td>\n<td class=\"value\"><span>4,98 kg<\/span><\/td>\n<\/tr>\n<\/tbody>\n<\/table>\n<\/div>\n<\/div>\n<div id=\"e20215731\" class=\"tabs\">\n","protected":false},"excerpt":{"rendered":"<p>Zbo\u017e\u00ed je vyr\u00e1b\u011bno na zak\u00e1zku, po\u017eadujeme z\u00e1lohu ve v\u00fd\u0161i 50% p\u0159ed objedn\u00e1n\u00edm. Zbo\u017e\u00ed je vyr\u00e1b\u011bno na zak\u00e1zku, po\u017eadujeme z\u00e1lohu ve v\u00fd\u0161i 50% p\u0159ed objedn\u00e1n\u00edm. Kryc\u00ed m\u0159\u00ed\u017eky podlahov\u00fdch konvektor\u016f Kryc\u00ed m\u0159\u00ed\u017eky jsou jedinou viditelnou \u010d\u00e1st\u00ed podlahov\u00e9ho konvektoru, umo\u017e\u0148uj\u00edc\u00ed standardn\u00ed plo\u0161n\u00e9 zat\u00ed\u017een\u00ed, kter\u00e9 je p\u0159es lem vany konvektoru p\u0159en\u00e1\u0161eno do podlahy. Tvarem lamel, jejich rozte\u010d\u00ed, a uspo\u0159\u00e1d\u00e1n\u00edm [&hellip;]<\/p>\n","protected":false},"featured_media":31000,"comment_status":"open","ping_status":"open","template":"","meta":[],"product_brand":[],"product_cat":[97],"product_tag":[],"class_list":{"0":"post-30900","1":"product","2":"type-product","3":"status-publish","4":"has-post-thumbnail","6":"product_cat-konvektory","8":"first","9":"instock","10":"sale","11":"shipping-taxable","12":"purchasable","13":"product-type-simple"},"yoast_head":"<!-- This site is optimized with the Yoast SEO plugin v26.8 - https:\/\/yoast.com\/product\/yoast-seo-wordpress\/ -->\n<title>Akce BOKI PML m\u0159\u00ed\u017eka 290\/1500 Dub -<\/title>\n<meta name=\"robots\" content=\"index, follow, max-snippet:-1, max-image-preview:large, max-video-preview:-1\" \/>\n<link rel=\"canonical\" href=\"https:\/\/www.domkraftpro.com\/index.php\/produkt\/akce-boki-pml-mrizka-290-1500-dub-30900\/\" \/>\n<meta property=\"og:locale\" content=\"cs_CZ\" \/>\n<meta property=\"og:type\" content=\"article\" \/>\n<meta property=\"og:title\" content=\"Akce BOKI PML m\u0159\u00ed\u017eka 290\/1500 Dub -\" \/>\n<meta property=\"og:description\" content=\"Zbo\u017e\u00ed je vyr\u00e1b\u011bno na zak\u00e1zku, po\u017eadujeme z\u00e1lohu ve v\u00fd\u0161i 50% p\u0159ed objedn\u00e1n\u00edm. Zbo\u017e\u00ed je vyr\u00e1b\u011bno na zak\u00e1zku, po\u017eadujeme z\u00e1lohu ve v\u00fd\u0161i 50% p\u0159ed objedn\u00e1n\u00edm. Kryc\u00ed m\u0159\u00ed\u017eky podlahov\u00fdch konvektor\u016f Kryc\u00ed m\u0159\u00ed\u017eky jsou jedinou viditelnou \u010d\u00e1st\u00ed podlahov\u00e9ho konvektoru, umo\u017e\u0148uj\u00edc\u00ed standardn\u00ed plo\u0161n\u00e9 zat\u00ed\u017een\u00ed, kter\u00e9 je p\u0159es lem vany konvektoru p\u0159en\u00e1\u0161eno do podlahy. Tvarem lamel, jejich rozte\u010d\u00ed, a uspo\u0159\u00e1d\u00e1n\u00edm [&hellip;]\" \/>\n<meta property=\"og:url\" content=\"https:\/\/www.domkraftpro.com\/index.php\/produkt\/akce-boki-pml-mrizka-290-1500-dub-30900\/\" \/>\n<meta property=\"og:image\" content=\"https:\/\/www.domkraftpro.com\/wp-content\/uploads\/2026\/SK0005811-CZ20260425-093449-0-1777080895-boki-pml-mrizka-290-1500-dub.webp\" \/>\n\t<meta property=\"og:image:width\" content=\"1000\" \/>\n\t<meta property=\"og:image:height\" content=\"525\" \/>\n\t<meta property=\"og:image:type\" content=\"image\/webp\" \/>\n<meta name=\"twitter:card\" content=\"summary_large_image\" \/>\n<meta name=\"twitter:label1\" content=\"Odhadovan\u00e1 doba \u010dten\u00ed\" \/>\n\t<meta name=\"twitter:data1\" content=\"2 minuty\" \/>\n<script type=\"application\/ld+json\" class=\"yoast-schema-graph\">{\"@context\":\"https:\/\/schema.org\",\"@graph\":[{\"@type\":\"WebPage\",\"@id\":\"https:\/\/www.domkraftpro.com\/index.php\/produkt\/akce-boki-pml-mrizka-290-1500-dub-30900\/\",\"url\":\"https:\/\/www.domkraftpro.com\/index.php\/produkt\/akce-boki-pml-mrizka-290-1500-dub-30900\/\",\"name\":\"Akce BOKI PML m\u0159\u00ed\u017eka 290\/1500 Dub -\",\"isPartOf\":{\"@id\":\"https:\/\/www.domkraftpro.com\/#website\"},\"primaryImageOfPage\":{\"@id\":\"https:\/\/www.domkraftpro.com\/index.php\/produkt\/akce-boki-pml-mrizka-290-1500-dub-30900\/#primaryimage\"},\"image\":{\"@id\":\"https:\/\/www.domkraftpro.com\/index.php\/produkt\/akce-boki-pml-mrizka-290-1500-dub-30900\/#primaryimage\"},\"thumbnailUrl\":\"https:\/\/www.domkraftpro.com\/wp-content\/uploads\/2026\/SK0005811-CZ20260425-093449-0-1777080895-boki-pml-mrizka-290-1500-dub.webp\",\"datePublished\":\"2026-04-27T04:41:44+00:00\",\"breadcrumb\":{\"@id\":\"https:\/\/www.domkraftpro.com\/index.php\/produkt\/akce-boki-pml-mrizka-290-1500-dub-30900\/#breadcrumb\"},\"inLanguage\":\"cs\",\"potentialAction\":[{\"@type\":\"ReadAction\",\"target\":[\"https:\/\/www.domkraftpro.com\/index.php\/produkt\/akce-boki-pml-mrizka-290-1500-dub-30900\/\"]}]},{\"@type\":\"ImageObject\",\"inLanguage\":\"cs\",\"@id\":\"https:\/\/www.domkraftpro.com\/index.php\/produkt\/akce-boki-pml-mrizka-290-1500-dub-30900\/#primaryimage\",\"url\":\"https:\/\/www.domkraftpro.com\/wp-content\/uploads\/2026\/SK0005811-CZ20260425-093449-0-1777080895-boki-pml-mrizka-290-1500-dub.webp\",\"contentUrl\":\"https:\/\/www.domkraftpro.com\/wp-content\/uploads\/2026\/SK0005811-CZ20260425-093449-0-1777080895-boki-pml-mrizka-290-1500-dub.webp\",\"width\":1000,\"height\":525},{\"@type\":\"BreadcrumbList\",\"@id\":\"https:\/\/www.domkraftpro.com\/index.php\/produkt\/akce-boki-pml-mrizka-290-1500-dub-30900\/#breadcrumb\",\"itemListElement\":[{\"@type\":\"ListItem\",\"position\":1,\"name\":\"Home\",\"item\":\"https:\/\/www.domkraftpro.com\/\"},{\"@type\":\"ListItem\",\"position\":2,\"name\":\"Products\",\"item\":\"https:\/\/www.domkraftpro.com\/index.php\/products\/\"},{\"@type\":\"ListItem\",\"position\":3,\"name\":\"Akce BOKI PML m\u0159\u00ed\u017eka 290\/1500 Dub\"}]},{\"@type\":\"WebSite\",\"@id\":\"https:\/\/www.domkraftpro.com\/#website\",\"url\":\"https:\/\/www.domkraftpro.com\/\",\"name\":\"\",\"description\":\"\",\"potentialAction\":[{\"@type\":\"SearchAction\",\"target\":{\"@type\":\"EntryPoint\",\"urlTemplate\":\"https:\/\/www.domkraftpro.com\/?s={search_term_string}\"},\"query-input\":{\"@type\":\"PropertyValueSpecification\",\"valueRequired\":true,\"valueName\":\"search_term_string\"}}],\"inLanguage\":\"cs\"}]}<\/script>\n<!-- \/ Yoast SEO plugin. -->","yoast_head_json":{"title":"Akce BOKI PML m\u0159\u00ed\u017eka 290\/1500 Dub -","robots":{"index":"index","follow":"follow","max-snippet":"max-snippet:-1","max-image-preview":"max-image-preview:large","max-video-preview":"max-video-preview:-1"},"canonical":"https:\/\/www.domkraftpro.com\/index.php\/produkt\/akce-boki-pml-mrizka-290-1500-dub-30900\/","og_locale":"cs_CZ","og_type":"article","og_title":"Akce BOKI PML m\u0159\u00ed\u017eka 290\/1500 Dub -","og_description":"Zbo\u017e\u00ed je vyr\u00e1b\u011bno na zak\u00e1zku, po\u017eadujeme z\u00e1lohu ve v\u00fd\u0161i 50% p\u0159ed objedn\u00e1n\u00edm. Zbo\u017e\u00ed je vyr\u00e1b\u011bno na zak\u00e1zku, po\u017eadujeme z\u00e1lohu ve v\u00fd\u0161i 50% p\u0159ed objedn\u00e1n\u00edm. Kryc\u00ed m\u0159\u00ed\u017eky podlahov\u00fdch konvektor\u016f Kryc\u00ed m\u0159\u00ed\u017eky jsou jedinou viditelnou \u010d\u00e1st\u00ed podlahov\u00e9ho konvektoru, umo\u017e\u0148uj\u00edc\u00ed standardn\u00ed plo\u0161n\u00e9 zat\u00ed\u017een\u00ed, kter\u00e9 je p\u0159es lem vany konvektoru p\u0159en\u00e1\u0161eno do podlahy. Tvarem lamel, jejich rozte\u010d\u00ed, a uspo\u0159\u00e1d\u00e1n\u00edm [&hellip;]","og_url":"https:\/\/www.domkraftpro.com\/index.php\/produkt\/akce-boki-pml-mrizka-290-1500-dub-30900\/","og_image":[{"width":1000,"height":525,"url":"https:\/\/www.domkraftpro.com\/wp-content\/uploads\/2026\/SK0005811-CZ20260425-093449-0-1777080895-boki-pml-mrizka-290-1500-dub.webp","type":"image\/webp"}],"twitter_card":"summary_large_image","twitter_misc":{"Odhadovan\u00e1 doba \u010dten\u00ed":"2 minuty"},"schema":{"@context":"https:\/\/schema.org","@graph":[{"@type":"WebPage","@id":"https:\/\/www.domkraftpro.com\/index.php\/produkt\/akce-boki-pml-mrizka-290-1500-dub-30900\/","url":"https:\/\/www.domkraftpro.com\/index.php\/produkt\/akce-boki-pml-mrizka-290-1500-dub-30900\/","name":"Akce BOKI PML m\u0159\u00ed\u017eka 290\/1500 Dub -","isPartOf":{"@id":"https:\/\/www.domkraftpro.com\/#website"},"primaryImageOfPage":{"@id":"https:\/\/www.domkraftpro.com\/index.php\/produkt\/akce-boki-pml-mrizka-290-1500-dub-30900\/#primaryimage"},"image":{"@id":"https:\/\/www.domkraftpro.com\/index.php\/produkt\/akce-boki-pml-mrizka-290-1500-dub-30900\/#primaryimage"},"thumbnailUrl":"https:\/\/www.domkraftpro.com\/wp-content\/uploads\/2026\/SK0005811-CZ20260425-093449-0-1777080895-boki-pml-mrizka-290-1500-dub.webp","datePublished":"2026-04-27T04:41:44+00:00","breadcrumb":{"@id":"https:\/\/www.domkraftpro.com\/index.php\/produkt\/akce-boki-pml-mrizka-290-1500-dub-30900\/#breadcrumb"},"inLanguage":"cs","potentialAction":[{"@type":"ReadAction","target":["https:\/\/www.domkraftpro.com\/index.php\/produkt\/akce-boki-pml-mrizka-290-1500-dub-30900\/"]}]},{"@type":"ImageObject","inLanguage":"cs","@id":"https:\/\/www.domkraftpro.com\/index.php\/produkt\/akce-boki-pml-mrizka-290-1500-dub-30900\/#primaryimage","url":"https:\/\/www.domkraftpro.com\/wp-content\/uploads\/2026\/SK0005811-CZ20260425-093449-0-1777080895-boki-pml-mrizka-290-1500-dub.webp","contentUrl":"https:\/\/www.domkraftpro.com\/wp-content\/uploads\/2026\/SK0005811-CZ20260425-093449-0-1777080895-boki-pml-mrizka-290-1500-dub.webp","width":1000,"height":525},{"@type":"BreadcrumbList","@id":"https:\/\/www.domkraftpro.com\/index.php\/produkt\/akce-boki-pml-mrizka-290-1500-dub-30900\/#breadcrumb","itemListElement":[{"@type":"ListItem","position":1,"name":"Home","item":"https:\/\/www.domkraftpro.com\/"},{"@type":"ListItem","position":2,"name":"Products","item":"https:\/\/www.domkraftpro.com\/index.php\/products\/"},{"@type":"ListItem","position":3,"name":"Akce BOKI PML m\u0159\u00ed\u017eka 290\/1500 Dub"}]},{"@type":"WebSite","@id":"https:\/\/www.domkraftpro.com\/#website","url":"https:\/\/www.domkraftpro.com\/","name":"","description":"","potentialAction":[{"@type":"SearchAction","target":{"@type":"EntryPoint","urlTemplate":"https:\/\/www.domkraftpro.com\/?s={search_term_string}"},"query-input":{"@type":"PropertyValueSpecification","valueRequired":true,"valueName":"search_term_string"}}],"inLanguage":"cs"}]}},"_links":{"self":[{"href":"https:\/\/www.domkraftpro.com\/index.php\/wp-json\/wp\/v2\/product\/30900","targetHints":{"allow":["GET"]}}],"collection":[{"href":"https:\/\/www.domkraftpro.com\/index.php\/wp-json\/wp\/v2\/product"}],"about":[{"href":"https:\/\/www.domkraftpro.com\/index.php\/wp-json\/wp\/v2\/types\/product"}],"replies":[{"embeddable":true,"href":"https:\/\/www.domkraftpro.com\/index.php\/wp-json\/wp\/v2\/comments?post=30900"}],"wp:featuredmedia":[{"embeddable":true,"href":"https:\/\/www.domkraftpro.com\/index.php\/wp-json\/wp\/v2\/media\/31000"}],"wp:attachment":[{"href":"https:\/\/www.domkraftpro.com\/index.php\/wp-json\/wp\/v2\/media?parent=30900"}],"wp:term":[{"taxonomy":"product_brand","embeddable":true,"href":"https:\/\/www.domkraftpro.com\/index.php\/wp-json\/wp\/v2\/product_brand?post=30900"},{"taxonomy":"product_cat","embeddable":true,"href":"https:\/\/www.domkraftpro.com\/index.php\/wp-json\/wp\/v2\/product_cat?post=30900"},{"taxonomy":"product_tag","embeddable":true,"href":"https:\/\/www.domkraftpro.com\/index.php\/wp-json\/wp\/v2\/product_tag?post=30900"}],"curies":[{"name":"wp","href":"https:\/\/api.w.org\/{rel}","templated":true}]}}