{"id":29903,"date":"2026-04-27T04:41:41","date_gmt":"2026-04-27T04:41:41","guid":{"rendered":""},"modified":"2026-04-27T04:41:41","modified_gmt":"2026-04-27T04:41:41","slug":"akce-napousteci-ventil-bocni-pro-plastove-nadrzky-a150p-3-8-29903","status":"publish","type":"product","link":"https:\/\/www.domkraftpro.com\/index.php\/produkt\/akce-napousteci-ventil-bocni-pro-plastove-nadrzky-a150p-3-8-29903\/","title":{"rendered":"Akce Napou\u0161t\u011bc\u00ed ventil bo\u010dn\u00ed pro plastov\u00e9 n\u00e1dr\u017eky A150P-3\/8"},"content":{"rendered":"<div class=\"basic-description\">\n<h3>Detailn\u00ed popis produktu<\/h3>\n<p>                                    <strong>Pou\u017eit\u00ed:<\/strong><br \/>Pro instalaci na stran\u011b n\u00e1dr\u017eky<br \/>Pro plastov\u00e9 splachovac\u00ed n\u00e1dr\u017eky<br \/>Pro v\u00fdm\u011bnu nebo n\u00e1hradu<\/p>\n<p><strong>Vlastnosti:<\/strong><br \/>Mal\u00e1 citlivost na rozd\u00edl tlaku ve vodovodn\u00edm \u0159\u00e1du<br \/>Materi\u00e1l: POM<br \/>Nastaviteln\u00e1 v\u00fd\u0161ka vodn\u00ed hladiny<br \/>Plastov\u00fd z\u00e1vit d\u00e9lka 22 mm<br \/>Plynul\u00e9 uzav\u0159en\u00ed bez r\u00e1z\u016f<br \/>Zabudovan\u00e9 s\u00edtko pro zachycen\u00ed ne\u010distot<\/p>\n<p><strong>Technick\u00e9 parametry:<\/strong><br \/>Akustick\u00e1 skupina I &#8211;  &#8211; <20 - dB<br \/>Doporu\u010den\u00fd provozn\u00ed tlak &#8211; 0,3 &#8211; 0,5 &#8211; MPa<br \/>Pracovn\u00ed rozsah &#8211; 0,05 &#8211; 1,6 &#8211; MPa<br \/>Z\u00e1vit pr\u016fm\u011br &#8211;  &#8211; 3\/8 &#8211; &#8222;<\/p>\n<p><strong>Rozsah dod\u00e1vky:<\/strong><br \/>Matice 3\/8&#8243; \u2013 b\u00edl\u00e1<br \/>S\u00edtko pro zachycov\u00e1n\u00ed ne\u010distot<br \/>Ventil                            <\/div>\n","protected":false},"excerpt":{"rendered":"<p>Detailn\u00ed popis produktu Pou\u017eit\u00ed:Pro instalaci na stran\u011b n\u00e1dr\u017ekyPro plastov\u00e9 splachovac\u00ed n\u00e1dr\u017ekyPro v\u00fdm\u011bnu nebo n\u00e1hradu Vlastnosti:Mal\u00e1 citlivost na rozd\u00edl tlaku ve vodovodn\u00edm \u0159\u00e1duMateri\u00e1l: POMNastaviteln\u00e1 v\u00fd\u0161ka vodn\u00ed hladinyPlastov\u00fd z\u00e1vit d\u00e9lka 22 mmPlynul\u00e9 uzav\u0159en\u00ed bez r\u00e1z\u016fZabudovan\u00e9 s\u00edtko pro zachycen\u00ed ne\u010distot Technick\u00e9 parametry:Akustick\u00e1 skupina I &#8211; &#8211;<\/p>\n","protected":false},"featured_media":30003,"comment_status":"open","ping_status":"open","template":"","meta":[],"product_brand":[],"product_cat":[96],"product_tag":[],"class_list":{"0":"post-29903","1":"product","2":"type-product","3":"status-publish","4":"has-post-thumbnail","6":"product_cat-koupelny-a-sanitarni-technika","8":"first","9":"instock","10":"sale","11":"shipping-taxable","12":"purchasable","13":"product-type-simple"},"yoast_head":"<!-- This site is optimized with the Yoast SEO plugin v26.8 - https:\/\/yoast.com\/product\/yoast-seo-wordpress\/ -->\n<title>Akce Napou\u0161t\u011bc\u00ed ventil bo\u010dn\u00ed pro plastov\u00e9 n\u00e1dr\u017eky A150P-3\/8 -<\/title>\n<meta name=\"robots\" content=\"index, follow, max-snippet:-1, max-image-preview:large, max-video-preview:-1\" \/>\n<link rel=\"canonical\" href=\"https:\/\/www.domkraftpro.com\/index.php\/produkt\/akce-napousteci-ventil-bocni-pro-plastove-nadrzky-a150p-3-8-29903\/\" \/>\n<meta property=\"og:locale\" content=\"cs_CZ\" \/>\n<meta property=\"og:type\" content=\"article\" \/>\n<meta property=\"og:title\" content=\"Akce Napou\u0161t\u011bc\u00ed ventil bo\u010dn\u00ed pro plastov\u00e9 n\u00e1dr\u017eky A150P-3\/8 -\" \/>\n<meta property=\"og:description\" content=\"Detailn\u00ed popis produktu Pou\u017eit\u00ed:Pro instalaci na stran\u011b n\u00e1dr\u017ekyPro plastov\u00e9 splachovac\u00ed n\u00e1dr\u017ekyPro v\u00fdm\u011bnu nebo n\u00e1hradu Vlastnosti:Mal\u00e1 citlivost na rozd\u00edl tlaku ve vodovodn\u00edm \u0159\u00e1duMateri\u00e1l: POMNastaviteln\u00e1 v\u00fd\u0161ka vodn\u00ed hladinyPlastov\u00fd z\u00e1vit d\u00e9lka 22 mmPlynul\u00e9 uzav\u0159en\u00ed bez r\u00e1z\u016fZabudovan\u00e9 s\u00edtko pro zachycen\u00ed ne\u010distot Technick\u00e9 parametry:Akustick\u00e1 skupina I &#8211; &#8211;\" \/>\n<meta property=\"og:url\" content=\"https:\/\/www.domkraftpro.com\/index.php\/produkt\/akce-napousteci-ventil-bocni-pro-plastove-nadrzky-a150p-3-8-29903\/\" \/>\n<meta property=\"og:image\" content=\"https:\/\/www.domkraftpro.com\/wp-content\/uploads\/2026\/SK0007368-CZ20260425-093351-0-1777080838-1217843-2_photo2_-image-p8919-4.webp\" \/>\n\t<meta property=\"og:image:width\" content=\"1000\" \/>\n\t<meta property=\"og:image:height\" content=\"750\" \/>\n\t<meta property=\"og:image:type\" content=\"image\/webp\" \/>\n<meta name=\"twitter:card\" content=\"summary_large_image\" \/>\n<script type=\"application\/ld+json\" class=\"yoast-schema-graph\">{\"@context\":\"https:\/\/schema.org\",\"@graph\":[{\"@type\":\"WebPage\",\"@id\":\"https:\/\/www.domkraftpro.com\/index.php\/produkt\/akce-napousteci-ventil-bocni-pro-plastove-nadrzky-a150p-3-8-29903\/\",\"url\":\"https:\/\/www.domkraftpro.com\/index.php\/produkt\/akce-napousteci-ventil-bocni-pro-plastove-nadrzky-a150p-3-8-29903\/\",\"name\":\"Akce Napou\u0161t\u011bc\u00ed ventil bo\u010dn\u00ed pro plastov\u00e9 n\u00e1dr\u017eky A150P-3\/8 -\",\"isPartOf\":{\"@id\":\"https:\/\/www.domkraftpro.com\/#website\"},\"primaryImageOfPage\":{\"@id\":\"https:\/\/www.domkraftpro.com\/index.php\/produkt\/akce-napousteci-ventil-bocni-pro-plastove-nadrzky-a150p-3-8-29903\/#primaryimage\"},\"image\":{\"@id\":\"https:\/\/www.domkraftpro.com\/index.php\/produkt\/akce-napousteci-ventil-bocni-pro-plastove-nadrzky-a150p-3-8-29903\/#primaryimage\"},\"thumbnailUrl\":\"https:\/\/www.domkraftpro.com\/wp-content\/uploads\/2026\/SK0007368-CZ20260425-093351-0-1777080838-1217843-2_photo2_-image-p8919-4.webp\",\"datePublished\":\"2026-04-27T04:41:41+00:00\",\"breadcrumb\":{\"@id\":\"https:\/\/www.domkraftpro.com\/index.php\/produkt\/akce-napousteci-ventil-bocni-pro-plastove-nadrzky-a150p-3-8-29903\/#breadcrumb\"},\"inLanguage\":\"cs\",\"potentialAction\":[{\"@type\":\"ReadAction\",\"target\":[\"https:\/\/www.domkraftpro.com\/index.php\/produkt\/akce-napousteci-ventil-bocni-pro-plastove-nadrzky-a150p-3-8-29903\/\"]}]},{\"@type\":\"ImageObject\",\"inLanguage\":\"cs\",\"@id\":\"https:\/\/www.domkraftpro.com\/index.php\/produkt\/akce-napousteci-ventil-bocni-pro-plastove-nadrzky-a150p-3-8-29903\/#primaryimage\",\"url\":\"https:\/\/www.domkraftpro.com\/wp-content\/uploads\/2026\/SK0007368-CZ20260425-093351-0-1777080838-1217843-2_photo2_-image-p8919-4.webp\",\"contentUrl\":\"https:\/\/www.domkraftpro.com\/wp-content\/uploads\/2026\/SK0007368-CZ20260425-093351-0-1777080838-1217843-2_photo2_-image-p8919-4.webp\",\"width\":1000,\"height\":750},{\"@type\":\"BreadcrumbList\",\"@id\":\"https:\/\/www.domkraftpro.com\/index.php\/produkt\/akce-napousteci-ventil-bocni-pro-plastove-nadrzky-a150p-3-8-29903\/#breadcrumb\",\"itemListElement\":[{\"@type\":\"ListItem\",\"position\":1,\"name\":\"Home\",\"item\":\"https:\/\/www.domkraftpro.com\/\"},{\"@type\":\"ListItem\",\"position\":2,\"name\":\"Products\",\"item\":\"https:\/\/www.domkraftpro.com\/index.php\/products\/\"},{\"@type\":\"ListItem\",\"position\":3,\"name\":\"Akce Napou\u0161t\u011bc\u00ed ventil bo\u010dn\u00ed pro plastov\u00e9 n\u00e1dr\u017eky A150P-3\/8\"}]},{\"@type\":\"WebSite\",\"@id\":\"https:\/\/www.domkraftpro.com\/#website\",\"url\":\"https:\/\/www.domkraftpro.com\/\",\"name\":\"\",\"description\":\"\",\"potentialAction\":[{\"@type\":\"SearchAction\",\"target\":{\"@type\":\"EntryPoint\",\"urlTemplate\":\"https:\/\/www.domkraftpro.com\/?s={search_term_string}\"},\"query-input\":{\"@type\":\"PropertyValueSpecification\",\"valueRequired\":true,\"valueName\":\"search_term_string\"}}],\"inLanguage\":\"cs\"}]}<\/script>\n<!-- \/ Yoast SEO plugin. -->","yoast_head_json":{"title":"Akce Napou\u0161t\u011bc\u00ed ventil bo\u010dn\u00ed pro plastov\u00e9 n\u00e1dr\u017eky A150P-3\/8 -","robots":{"index":"index","follow":"follow","max-snippet":"max-snippet:-1","max-image-preview":"max-image-preview:large","max-video-preview":"max-video-preview:-1"},"canonical":"https:\/\/www.domkraftpro.com\/index.php\/produkt\/akce-napousteci-ventil-bocni-pro-plastove-nadrzky-a150p-3-8-29903\/","og_locale":"cs_CZ","og_type":"article","og_title":"Akce Napou\u0161t\u011bc\u00ed ventil bo\u010dn\u00ed pro plastov\u00e9 n\u00e1dr\u017eky A150P-3\/8 -","og_description":"Detailn\u00ed popis produktu Pou\u017eit\u00ed:Pro instalaci na stran\u011b n\u00e1dr\u017ekyPro plastov\u00e9 splachovac\u00ed n\u00e1dr\u017ekyPro v\u00fdm\u011bnu nebo n\u00e1hradu Vlastnosti:Mal\u00e1 citlivost na rozd\u00edl tlaku ve vodovodn\u00edm \u0159\u00e1duMateri\u00e1l: POMNastaviteln\u00e1 v\u00fd\u0161ka vodn\u00ed hladinyPlastov\u00fd z\u00e1vit d\u00e9lka 22 mmPlynul\u00e9 uzav\u0159en\u00ed bez r\u00e1z\u016fZabudovan\u00e9 s\u00edtko pro zachycen\u00ed ne\u010distot Technick\u00e9 parametry:Akustick\u00e1 skupina I &#8211; &#8211;","og_url":"https:\/\/www.domkraftpro.com\/index.php\/produkt\/akce-napousteci-ventil-bocni-pro-plastove-nadrzky-a150p-3-8-29903\/","og_image":[{"width":1000,"height":750,"url":"https:\/\/www.domkraftpro.com\/wp-content\/uploads\/2026\/SK0007368-CZ20260425-093351-0-1777080838-1217843-2_photo2_-image-p8919-4.webp","type":"image\/webp"}],"twitter_card":"summary_large_image","schema":{"@context":"https:\/\/schema.org","@graph":[{"@type":"WebPage","@id":"https:\/\/www.domkraftpro.com\/index.php\/produkt\/akce-napousteci-ventil-bocni-pro-plastove-nadrzky-a150p-3-8-29903\/","url":"https:\/\/www.domkraftpro.com\/index.php\/produkt\/akce-napousteci-ventil-bocni-pro-plastove-nadrzky-a150p-3-8-29903\/","name":"Akce Napou\u0161t\u011bc\u00ed ventil bo\u010dn\u00ed pro plastov\u00e9 n\u00e1dr\u017eky A150P-3\/8 -","isPartOf":{"@id":"https:\/\/www.domkraftpro.com\/#website"},"primaryImageOfPage":{"@id":"https:\/\/www.domkraftpro.com\/index.php\/produkt\/akce-napousteci-ventil-bocni-pro-plastove-nadrzky-a150p-3-8-29903\/#primaryimage"},"image":{"@id":"https:\/\/www.domkraftpro.com\/index.php\/produkt\/akce-napousteci-ventil-bocni-pro-plastove-nadrzky-a150p-3-8-29903\/#primaryimage"},"thumbnailUrl":"https:\/\/www.domkraftpro.com\/wp-content\/uploads\/2026\/SK0007368-CZ20260425-093351-0-1777080838-1217843-2_photo2_-image-p8919-4.webp","datePublished":"2026-04-27T04:41:41+00:00","breadcrumb":{"@id":"https:\/\/www.domkraftpro.com\/index.php\/produkt\/akce-napousteci-ventil-bocni-pro-plastove-nadrzky-a150p-3-8-29903\/#breadcrumb"},"inLanguage":"cs","potentialAction":[{"@type":"ReadAction","target":["https:\/\/www.domkraftpro.com\/index.php\/produkt\/akce-napousteci-ventil-bocni-pro-plastove-nadrzky-a150p-3-8-29903\/"]}]},{"@type":"ImageObject","inLanguage":"cs","@id":"https:\/\/www.domkraftpro.com\/index.php\/produkt\/akce-napousteci-ventil-bocni-pro-plastove-nadrzky-a150p-3-8-29903\/#primaryimage","url":"https:\/\/www.domkraftpro.com\/wp-content\/uploads\/2026\/SK0007368-CZ20260425-093351-0-1777080838-1217843-2_photo2_-image-p8919-4.webp","contentUrl":"https:\/\/www.domkraftpro.com\/wp-content\/uploads\/2026\/SK0007368-CZ20260425-093351-0-1777080838-1217843-2_photo2_-image-p8919-4.webp","width":1000,"height":750},{"@type":"BreadcrumbList","@id":"https:\/\/www.domkraftpro.com\/index.php\/produkt\/akce-napousteci-ventil-bocni-pro-plastove-nadrzky-a150p-3-8-29903\/#breadcrumb","itemListElement":[{"@type":"ListItem","position":1,"name":"Home","item":"https:\/\/www.domkraftpro.com\/"},{"@type":"ListItem","position":2,"name":"Products","item":"https:\/\/www.domkraftpro.com\/index.php\/products\/"},{"@type":"ListItem","position":3,"name":"Akce Napou\u0161t\u011bc\u00ed ventil bo\u010dn\u00ed pro plastov\u00e9 n\u00e1dr\u017eky A150P-3\/8"}]},{"@type":"WebSite","@id":"https:\/\/www.domkraftpro.com\/#website","url":"https:\/\/www.domkraftpro.com\/","name":"","description":"","potentialAction":[{"@type":"SearchAction","target":{"@type":"EntryPoint","urlTemplate":"https:\/\/www.domkraftpro.com\/?s={search_term_string}"},"query-input":{"@type":"PropertyValueSpecification","valueRequired":true,"valueName":"search_term_string"}}],"inLanguage":"cs"}]}},"_links":{"self":[{"href":"https:\/\/www.domkraftpro.com\/index.php\/wp-json\/wp\/v2\/product\/29903","targetHints":{"allow":["GET"]}}],"collection":[{"href":"https:\/\/www.domkraftpro.com\/index.php\/wp-json\/wp\/v2\/product"}],"about":[{"href":"https:\/\/www.domkraftpro.com\/index.php\/wp-json\/wp\/v2\/types\/product"}],"replies":[{"embeddable":true,"href":"https:\/\/www.domkraftpro.com\/index.php\/wp-json\/wp\/v2\/comments?post=29903"}],"wp:featuredmedia":[{"embeddable":true,"href":"https:\/\/www.domkraftpro.com\/index.php\/wp-json\/wp\/v2\/media\/30003"}],"wp:attachment":[{"href":"https:\/\/www.domkraftpro.com\/index.php\/wp-json\/wp\/v2\/media?parent=29903"}],"wp:term":[{"taxonomy":"product_brand","embeddable":true,"href":"https:\/\/www.domkraftpro.com\/index.php\/wp-json\/wp\/v2\/product_brand?post=29903"},{"taxonomy":"product_cat","embeddable":true,"href":"https:\/\/www.domkraftpro.com\/index.php\/wp-json\/wp\/v2\/product_cat?post=29903"},{"taxonomy":"product_tag","embeddable":true,"href":"https:\/\/www.domkraftpro.com\/index.php\/wp-json\/wp\/v2\/product_tag?post=29903"}],"curies":[{"name":"wp","href":"https:\/\/api.w.org\/{rel}","templated":true}]}}