{"id":2959,"date":"2026-04-27T04:40:34","date_gmt":"2026-04-27T04:40:34","guid":{"rendered":""},"modified":"2026-04-27T04:40:34","modified_gmt":"2026-04-27T04:40:34","slug":"horka-nabidka-ceska-manufaktura-bax-prirodni-160-x-120-cm-stredni-plemena-75-x-75-cm-2959","status":"publish","type":"product","link":"https:\/\/www.domkraftpro.com\/index.php\/produkt\/horka-nabidka-ceska-manufaktura-bax-prirodni-160-x-120-cm-stredni-plemena-75-x-75-cm-2959\/","title":{"rendered":"Hork\u00e1 Nab\u00eddka \u010cesk\u00e1 Manufaktura Bax p\u0159\u00edrodn\u00ed 160 x 120 cm St\u0159edn\u00ed plemena 75 x 75 cm"},"content":{"rendered":"<div class=\"detail-description__right\">\n<div class=\"parameters\">\n<div class=\"table\">\n<table>\n<tbody>\n<tr class=\"parameters-switch-tr\">\n<td colspan=\"2\" class=\"parameters-switch\">\n<h4>Konstrukce<\/h4>\n<\/td>\n<\/tr>\n<tr>\n<th>\t\t\t\t\t\t\tMateri\u00e1l konstrukce \t\t\t\t\t\t<\/th>\n<td>\t\t\t\t\t\t\t\t\tsmrkov\u00e9 d\u0159evo\t\t\t\t\t\t<\/td>\n<\/tr>\n<tr>\n<th>\t\t\t\t\t\t\tPovrchov\u00e1 \u00faprava \t\t\t\t\t\t<\/th>\n<td>\t\t\t\t\t\t\t\t\thoblov\u00e1n\u00ed\t\t\t\t\t\t<\/td>\n<\/tr>\n<tr>\n<th>\t\t\t\t\t\t\tImpregnace \t\t\t\t\t\t<\/th>\n<td>\t\t\t\t\t\t\t\t\tne (lze dokoupit)\t\t\t\t\t\t<\/td>\n<\/tr>\n<tr>\n<th>\t\t\t\t\t\t\tV\u00fd\u0161ka \t\t\t\t\t\t<\/th>\n<td>\t\t\t\t\t\t\t\t\t2000\u00a0mm\t\t\t\t\t\t<\/td>\n<\/tr>\n<tr>\n<th>\t\t\t\t\t\t\t\u0160\u00ed\u0159ka \t\t\t\t\t\t<\/th>\n<td>\t\t\t\t\t\t\t\t\t1400\u00a0\u2013 1800\u00a0mm\t\t\t\t\t\t<\/td>\n<\/tr>\n<tr>\n<th>\t\t\t\t\t\t\tHloubka \t\t\t\t\t\t<\/th>\n<td>\t\t\t\t\t\t\t\t\t1000\u00a0\u2013 1200\u00a0mm\t\t\t\t\t\t<\/td>\n<\/tr>\n<tr class=\"parameters-switch-tr\">\n<td colspan=\"2\" class=\"parameters-switch\">\n<h4>Dve\u0159e<\/h4>\n<\/td>\n<\/tr>\n<tr>\n<th>\t\t\t\t\t\t\tOtev\u00edr\u00e1n\u00ed \t\t\t\t\t\t<\/th>\n<td>\t\t\t\t\t\t\t\t\tpanty\t\t\t\t\t\t<\/td>\n<\/tr>\n<tr>\n<th>\t\t\t\t\t\t\tPo\u010det \t\t\t\t\t\t<\/th>\n<td>\t\t\t\t\t\t\t\t\t6\u00a0ks\t\t\t\t\t\t<\/td>\n<\/tr>\n<tr>\n<th>\t\t\t\t\t\t\tTyp \t\t\t\t\t\t<\/th>\n<td>\t\t\t\t\t\t\t\t\tjednok\u0159\u00eddl\u00e9\t\t\t\t\t\t<\/td>\n<\/tr>\n<tr>\n<th>\t\t\t\t\t\t\tMateri\u00e1l \t\t\t\t\t\t<\/th>\n<td>\t\t\t\t\t\t\t\t\tocelov\u00e9 pletivo\t\t\t\t\t\t<\/td>\n<\/tr>\n<tr>\n<th>\t\t\t\t\t\t\tZ\u00e1padka \t\t\t\t\t\t<\/th>\n<td>\t\t\t\t\t\t\t\t\tano\t\t\t\t\t\t<\/td>\n<\/tr>\n<tr class=\"parameters-switch-tr\">\n<td colspan=\"2\" class=\"parameters-switch\">\n<h4>V\u00fdbava<\/h4>\n<\/td>\n<\/tr>\n<tr>\n<th>\t\t\t\t\t\t\tLak \t\t\t\t\t\t<\/th>\n<td>\t\t\t\t\t\t\t\t\tne (lze dokoupit)\t\t\t\t\t\t<\/td>\n<\/tr>\n<tr>\n<th>\t\t\t\t\t\t\tRo\u0161ty \t\t\t\t\t\t<\/th>\n<td>\t\t\t\t\t\t\t\t\tne (lze dokoupit)\t\t\t\t\t\t<\/td>\n<\/tr>\n<tr>\n<th>\t\t\t\t\t\t\tKrm\u00edc\u00ed chodbi\u010dka \t\t\t\t\t\t<\/th>\n<td>\t\t\t\t\t\t\t\t\tne (lze dokoupit)\t\t\t\t\t\t<\/td>\n<\/tr>\n<tr>\n<th>\t\t\t\t\t\t\tJesle \t\t\t\t\t\t<\/th>\n<td>\t\t\t\t\t\t\t\t\tne\t\t\t\t\t\t<\/td>\n<\/tr>\n<tr>\n<th>\t\t\t\t\t\t\tV\u00fdb\u011bh \t\t\t\t\t\t<\/th>\n<td>\t\t\t\t\t\t\t\t\tne\t\t\t\t\t\t<\/td>\n<\/tr>\n<tr>\n<th>\t\t\t\t\t\t\tOdd\u011bliteln\u00e9 kotce \t\t\t\t\t\t<\/th>\n<td>\t\t\t\t\t\t\t\t\tne\t\t\t\t\t\t<\/td>\n<\/tr>\n<tr>\n<th>\t\t\t\t\t\t\tKoti\u0161t\u011b \t\t\t\t\t\t<\/th>\n<td>\t\t\t\t\t\t\t\t\tne\t\t\t\t\t\t<\/td>\n<\/tr>\n<tr class=\"parameters-switch-tr\">\n<td colspan=\"2\" class=\"parameters-switch\">\n<h4>St\u0159echa<\/h4>\n<\/td>\n<\/tr>\n<tr>\n<th>\t\t\t\t\t\t\tTyp \t\t\t\t\t\t<\/th>\n<td>\t\t\t\t\t\t\t\t\tpultov\u00e1\t\t\t\t\t\t<\/td>\n<\/tr>\n<tr>\n<th>\t\t\t\t\t\t\tSklon \t\t\t\t\t\t<\/th>\n<td>\t\t\t\t\t\t\t\t\t\u2013\t\t\t\t\t\t<\/td>\n<\/tr>\n<tr>\n<th>\t\t\t\t\t\t\tKrytina \t\t\t\t\t\t<\/th>\n<td>\t\t\t\t\t\t\t\t\tne (lze dokoupit)\t\t\t\t\t\t<\/td>\n<\/tr>\n<tr class=\"parameters-switch-tr\">\n<td colspan=\"2\" class=\"parameters-switch\">\n<h4>Kotec<\/h4>\n<\/td>\n<\/tr>\n<tr>\n<th>\t\t\t\t\t\t\tPo\u010det kotc\u016f \t\t\t\t\t\t<\/th>\n<td>\t\t\t\t\t\t\t\t\t6\u00a0ks\t\t\t\t\t\t<\/td>\n<\/tr>\n<tr>\n<th>\t\t\t\t\t\t\t\u0160\u00ed\u0159ka \t\t\t\t\t\t<\/th>\n<td>\t\t\t\t\t\t\t\t\t650\u00a0\u2013 850\u00a0mm\t\t\t\t\t\t<\/td>\n<\/tr>\n<tr>\n<th>\t\t\t\t\t\t\tHloubka \t\t\t\t\t\t<\/th>\n<td>\t\t\t\t\t\t\t\t\t650\u00a0\u2013 850\u00a0mm\t\t\t\t\t\t<\/td>\n<\/tr>\n<tr>\n<th>\t\t\t\t\t\t\tV\u00fd\u0161ka \t\t\t\t\t\t<\/th>\n<td>\t\t\t\t\t\t\t\t\t500\u00a0mm\t\t\t\t\t\t<\/td>\n<\/tr>\n<tr class=\"parameters-switch-tr\">\n<td colspan=\"2\" class=\"parameters-switch\">\n<h4>Parametry<\/h4>\n<\/td>\n<\/tr>\n<tr>\n<th>P\u016fvod<\/th>\n<td>Vyrobeno v \u010cR<\/td>\n<\/tr>\n<tr>\n<th>Z\u00e1ruka<\/th>\n<td>2 roky<\/td>\n<\/tr>\n<tr>\n<th>Zna\u010dka<\/th>\n<td>\u010cesk\u00e1 Manufaktura<\/td>\n<\/tr>\n<tr class=\"parameters-switch-tr-last\">\n<th colspan=\"2\"><\/th>\n<\/tr>\n<\/tbody>\n<thead>\n<tr>\n<th colspan=\"2\">Parametry produktu:<\/th>\n<\/tr>\n<\/thead>\n<\/table><\/div>\n<\/div><\/div>\n<div class=\"detail-description__top\">\t\t\t\t<\/div>\n<div class=\"detail-description__left\">\n<div class=\"detail-description__left__overflow\">\n<div class=\"detail-description__left__head\">\t\t\t\t\t\tPopis:\t\t\t\t\t<\/div>\n<div class=\"ul-style ul-style--check\">\n<p>D\u0159ev\u011bn\u00e1 kr\u00e1l\u00edk\u00e1rna \u010desk\u00e9 v\u00fdroby se skl\u00e1d\u00e1 z \u0161esti kotc\u016f, kter\u00e9 jsou uspo\u0159\u00e1d\u00e1n\u00e9 do t\u0159\u00ed pater po dvou. Konstrukci tvo\u0159\u00ed ohoblovan\u00e9 vysu\u0161en\u00e9 smrkov\u00e9 d\u0159evo.\u00a0Spodn\u00ed strana kr\u00e1l\u00edk\u00e1rny je um\u00edst\u011bna na no\u017ei\u010dk\u00e1ch cca deset centimetr\u016f nad zem\u00ed.<strong>\u00a0D\u0159evo je pot\u0159eba o\u0161et\u0159it lazurou<\/strong>\u00a0pro lep\u0161\u00ed odolnost v\u016f\u010di pov\u011btrnostn\u00edm podm\u00ednk\u00e1m. Lazura zlep\u0161\u00ed odolnost, p\u0159id\u00e1 n\u00e1dech barvy a zachov\u00e1 kresbu d\u0159eva.<\/p>\n<ul class=\"plusminus\">\n<li><i class=\"fas fa-check\"><\/i><span>\u010cesk\u00fd v\u00fdrobek<\/span><\/li>\n<li><i class=\"fas fa-check\"><\/i><span>Kvalitn\u00ed smrkov\u00e9 d\u0159evo<\/span><\/li>\n<li><i class=\"fas fa-check\"><\/i><span>Rozm\u011brov\u00e9 varianty<\/span><\/li>\n<\/ul>\n<p>Dv\u00ed\u0159ka kotc\u016f jsou vypln\u011bn\u00e1 ocelov\u00fdm pletivem a obsahuj\u00ed n\u00e1bytkovou z\u00e1str\u010dku pro snadn\u00e9 uzav\u00edr\u00e1n\u00ed. V p\u0159\u00edpad\u011b dopln\u011bn\u00ed kr\u00e1l\u00edk\u00e1rny o krm\u00edc\u00ed chodbi\u010dky jsou chodbi\u010dky vno\u0159en\u00e9 mezi kotce. U\u0161et\u0159\u00ed \u010das p\u0159i pod\u00e1v\u00e1n\u00ed potravy, kter\u00e1 tak m\u016f\u017ee prob\u00edhat bez otev\u00edr\u00e1n\u00ed jednotliv\u00fdch kotc\u016f. Kr\u00e1l\u00edk\u00e1rnu\u00a0<strong>lze tak\u00e9 doplnit plastov\u00fdmi ro\u0161ty<\/strong>, skrz kter\u00e9 propad\u00e1 odpad do \u010dist\u00edc\u00edho \u0161upl\u00edku. Tento syst\u00e9m usnad\u0148uje \u010di\u0161t\u011bn\u00ed kotc\u016f.<\/p>\n<p>Masivn\u00ed pultov\u00e1 st\u0159echa s m\u00edrn\u00fdm sklonem v zadn\u00ed \u010d\u00e1sti p\u0159esahuje ze v\u0161ech stran p\u016fdorys podlahy.\u00a0<strong>Konstrukci st\u0159echy lze nechat doplnit modifikovan\u00fdm asfaltov\u00fdm p\u00e1sem<\/strong>. St\u0159e\u0161n\u00ed krytina m\u016f\u017ee v\u00fdrazn\u011b p\u0159isp\u011bt k\u00a0v\u00fdborn\u00e9 odolnosti proti nep\u0159\u00edzniv\u00fdm vliv\u016fm po\u010das\u00ed.<\/p>\n<div class='videoWrapper'><\/div>\n<\/div>\n<div class=\"detail-description__left__more\">\t\t\t\t\t\t<span> <\/span><span> <\/span>\t\t\t\t\t<\/div>\n<\/p><\/div>\n<div class=\"extra-note\">\n<p>Kotec pro mal\u00e9 kr\u00e1l\u00edky je vhodn\u00fd pro mal\u00e1 plemena o hmotnosti 1,5 &#8211; 2 kg. Jde nap\u0159\u00edklad o Mal\u00e9ho berana, Holandsk\u00e9ho zakrsl\u00e9ho kr\u00e1l\u00edka, \u010cesk\u00e9ho \u010derven\u00e9ho kr\u00e1l\u00edka a dal\u0161\u00ed. Kotec pro kr\u00e1l\u00edky st\u0159edn\u00ed velikosti, kter\u00e9 maj\u00ed hmotnost 3,5 &#8211; 5 kg, je ide\u00e1ln\u00ed pro plemena jako nap\u0159\u00edklad Anglick\u00fd beran, \u010cesk\u00fd alb\u00edn, \u010cesk\u00fd strak\u00e1\u010d a dal\u0161\u00ed. Kotec pro velk\u00e9 kr\u00e1l\u00edky je vhodn\u00fd pro plemena o hmotnosti 6 kg a v\u00edce. Pat\u0159\u00ed sem nap\u0159\u00edklad Moravsk\u00fd modr\u00fd kr\u00e1l\u00edk, N\u011bmeck\u00fd obrovit\u00fd strak\u00e1\u010d, Belgick\u00fd obr, Francouzsk\u00fd beran a dal\u0161\u00ed.<\/p>\n<p>V\u00e1\u017een\u00ed z\u00e1kazn\u00edci, uveden\u00e1 doba \u201edod\u00e1n\u00ed\u201c zde odpov\u00edd\u00e1 \u010dasu, za kter\u00fd bude V\u00e1\u0161 produkt vyroben od momentu uhrazen\u00ed objedn\u00e1vky. Term\u00edn z\u00e1vozu V\u00e1m ozn\u00e1m\u00edme, jakmile bude po p\u0159ijet\u00ed \u010d\u00e1stky za\u0159azen do rozvozov\u00e9ho pl\u00e1nu.<\/p>\n<\/p><\/div>\n<\/p><\/div>\n<div class=\"detail-description__more\"><span> <\/span><span> <\/span><\/div>\n<\/p><\/div>\n<\/p><\/div>\n<div class=\"tab tab-detail-7\">\n<div class=\"table-size-classic  table-size--selectable\">\n<table>\n<thead>\n<tr>\n<th data-product-code=\"[&quot;K\u00f3d&quot;]\"><span class=\"selected\">Vybr\u00e1no<\/span><span>Rozm\u011br\u00a0kr\u00e1l\u00edk\u00e1rny<\/span><\/th>\n<th>[\u0161 x h x v]<\/th>\n<th>[mm]<\/th>\n<th data-product-code=\"[&quot;CKNYA3BACBPMWR97R7&quot;]\"><span class=\"selected\">Vybr\u00e1no<\/span><span>1400 x 1000 x 2000<\/span><\/th>\n<th data-product-code=\"[&quot;CHUXJWFBMXW6G7E2X3&quot;]\"><span class=\"selected\">Vybr\u00e1no<\/span><span>1600 x 1200 x 2000<\/span><\/th>\n<th data-product-code=\"[&quot;C5XGY9CXBRSH7NXQPA&quot;]\"><span class=\"selected\">Vybr\u00e1no<\/span><span>1800 x 1200 x 2000<\/span><\/th>\n<\/tr>\n<\/thead>\n<tbody>\n<tr class=\"space\">\n<td><\/td>\n<td><\/td>\n<td><\/td>\n<td><\/td>\n<td><\/td>\n<td><\/td>\n<\/tr>\n<tr>\n<td><strong>Rozm\u011br kotce<\/strong><\/td>\n<td><\/td>\n<td>[mm]<\/td>\n<td>650 x 650 x 500<\/td>\n<td>750 x 750 x 500<\/td>\n<td>850 x 850 x 500<\/td>\n<\/tr>\n<tr>\n<td><strong>Objem kotce<\/strong><\/td>\n<td><\/td>\n<td>[m<sup>3<\/sup>]<\/td>\n<td>0,2<\/td>\n<td>0,3<\/td>\n<td>0,4<\/td>\n<\/tr>\n<tr>\n<td><strong>\u0160\u00ed\u0159ka<\/strong><\/td>\n<td><\/td>\n<td>[mm]<\/td>\n<td>650<\/td>\n<td>750<\/td>\n<td>850<\/td>\n<\/tr>\n<tr>\n<td><strong>Hloubka<\/strong><\/td>\n<td><\/td>\n<td>[mm]<\/td>\n<td>650<\/td>\n<td>750<\/td>\n<td>850<\/td>\n<\/tr>\n<tr>\n<td><strong>V\u00fd\u0161ka<\/strong><\/td>\n<td><\/td>\n<td>[mm]<\/td>\n<td>500<\/td>\n<td>500<\/td>\n<td>500<\/td>\n<\/tr>\n<tr>\n<td><strong>Krm\u00edc\u00ed chodbi\u010dky<\/strong><\/td>\n<td>[\u0161]<\/td>\n<td>[mm]<\/td>\n<td>+200<\/td>\n<td>+200<\/td>\n<td>+200<\/td>\n<\/tr>\n<tr>\n<td><strong>Ro\u0161ty<\/strong><\/td>\n<td>[v]<\/td>\n<td>[mm]<\/td>\n<td>+300<\/td>\n<td>+300<\/td>\n<td>+300<\/td>\n<\/tr>\n<tr>\n<td><strong>S\u00edla palubky<\/strong><\/td>\n<td><\/td>\n<td>[mm]<\/td>\n<td>15 mm<\/td>\n<td>15 mm<\/td>\n<td>15 mm<\/td>\n<\/tr>\n<tr>\n<td><strong>Vhodn\u00e9 pro<\/strong><\/td>\n<td><\/td>\n<td><\/td>\n<td>mal\u00e1 plemena<\/td>\n<td>st\u0159edn\u00ed plemena<\/td>\n<td>st\u0159edn\u00ed plemena<\/td>\n<\/tr>\n<\/tbody>\n<\/table>\n<\/div><\/div>\n","protected":false},"excerpt":{"rendered":"<p>Konstrukce Materi\u00e1l konstrukce smrkov\u00e9 d\u0159evo Povrchov\u00e1 \u00faprava hoblov\u00e1n\u00ed Impregnace ne (lze dokoupit) V\u00fd\u0161ka 2000\u00a0mm \u0160\u00ed\u0159ka 1400\u00a0\u2013 1800\u00a0mm Hloubka 1000\u00a0\u2013 1200\u00a0mm Dve\u0159e Otev\u00edr\u00e1n\u00ed panty Po\u010det 6\u00a0ks Typ jednok\u0159\u00eddl\u00e9 Materi\u00e1l ocelov\u00e9 pletivo Z\u00e1padka ano V\u00fdbava Lak ne (lze dokoupit) Ro\u0161ty ne (lze dokoupit) Krm\u00edc\u00ed chodbi\u010dka ne (lze dokoupit) Jesle ne V\u00fdb\u011bh ne Odd\u011bliteln\u00e9 kotce ne Koti\u0161t\u011b ne [&hellip;]<\/p>\n","protected":false},"featured_media":3059,"comment_status":"open","ping_status":"open","template":"","meta":[],"product_brand":[],"product_cat":[47],"product_tag":[],"class_list":{"0":"post-2959","1":"product","2":"type-product","3":"status-publish","4":"has-post-thumbnail","6":"product_cat-zahrada","8":"first","9":"instock","10":"sale","11":"shipping-taxable","12":"purchasable","13":"product-type-simple"},"yoast_head":"<!-- This site is optimized with the Yoast SEO plugin v26.8 - https:\/\/yoast.com\/product\/yoast-seo-wordpress\/ -->\n<title>Hork\u00e1 Nab\u00eddka \u010cesk\u00e1 Manufaktura Bax p\u0159\u00edrodn\u00ed 160 x 120 cm St\u0159edn\u00ed plemena 75 x 75 cm -<\/title>\n<meta name=\"robots\" content=\"index, follow, max-snippet:-1, max-image-preview:large, max-video-preview:-1\" \/>\n<link rel=\"canonical\" href=\"https:\/\/www.domkraftpro.com\/index.php\/produkt\/horka-nabidka-ceska-manufaktura-bax-prirodni-160-x-120-cm-stredni-plemena-75-x-75-cm-2959\/\" \/>\n<meta property=\"og:locale\" content=\"cs_CZ\" \/>\n<meta property=\"og:type\" content=\"article\" \/>\n<meta property=\"og:title\" content=\"Hork\u00e1 Nab\u00eddka \u010cesk\u00e1 Manufaktura Bax p\u0159\u00edrodn\u00ed 160 x 120 cm St\u0159edn\u00ed plemena 75 x 75 cm -\" \/>\n<meta property=\"og:description\" content=\"Konstrukce Materi\u00e1l konstrukce smrkov\u00e9 d\u0159evo Povrchov\u00e1 \u00faprava hoblov\u00e1n\u00ed Impregnace ne (lze dokoupit) V\u00fd\u0161ka 2000\u00a0mm \u0160\u00ed\u0159ka 1400\u00a0\u2013 1800\u00a0mm Hloubka 1000\u00a0\u2013 1200\u00a0mm Dve\u0159e Otev\u00edr\u00e1n\u00ed panty Po\u010det 6\u00a0ks Typ jednok\u0159\u00eddl\u00e9 Materi\u00e1l ocelov\u00e9 pletivo Z\u00e1padka ano V\u00fdbava Lak ne (lze dokoupit) Ro\u0161ty ne (lze dokoupit) Krm\u00edc\u00ed chodbi\u010dka ne (lze dokoupit) Jesle ne V\u00fdb\u011bh ne Odd\u011bliteln\u00e9 kotce ne Koti\u0161t\u011b ne [&hellip;]\" \/>\n<meta property=\"og:url\" content=\"https:\/\/www.domkraftpro.com\/index.php\/produkt\/horka-nabidka-ceska-manufaktura-bax-prirodni-160-x-120-cm-stredni-plemena-75-x-75-cm-2959\/\" \/>\n<meta property=\"og:image\" content=\"https:\/\/www.domkraftpro.com\/wp-content\/uploads\/2026\/SK0008746-CZ20260425-091936-0-1777079982-kralikarna-ceska-manufaktura-bax-prirodni-160-x-120-cm-stre.webp\" \/>\n\t<meta property=\"og:image:width\" content=\"1000\" \/>\n\t<meta property=\"og:image:height\" content=\"523\" \/>\n\t<meta property=\"og:image:type\" content=\"image\/webp\" \/>\n<meta name=\"twitter:card\" content=\"summary_large_image\" \/>\n<meta name=\"twitter:label1\" content=\"Odhadovan\u00e1 doba \u010dten\u00ed\" \/>\n\t<meta name=\"twitter:data1\" content=\"3 minuty\" \/>\n<script type=\"application\/ld+json\" class=\"yoast-schema-graph\">{\"@context\":\"https:\/\/schema.org\",\"@graph\":[{\"@type\":\"WebPage\",\"@id\":\"https:\/\/www.domkraftpro.com\/index.php\/produkt\/horka-nabidka-ceska-manufaktura-bax-prirodni-160-x-120-cm-stredni-plemena-75-x-75-cm-2959\/\",\"url\":\"https:\/\/www.domkraftpro.com\/index.php\/produkt\/horka-nabidka-ceska-manufaktura-bax-prirodni-160-x-120-cm-stredni-plemena-75-x-75-cm-2959\/\",\"name\":\"Hork\u00e1 Nab\u00eddka \u010cesk\u00e1 Manufaktura Bax p\u0159\u00edrodn\u00ed 160 x 120 cm St\u0159edn\u00ed plemena 75 x 75 cm -\",\"isPartOf\":{\"@id\":\"https:\/\/www.domkraftpro.com\/#website\"},\"primaryImageOfPage\":{\"@id\":\"https:\/\/www.domkraftpro.com\/index.php\/produkt\/horka-nabidka-ceska-manufaktura-bax-prirodni-160-x-120-cm-stredni-plemena-75-x-75-cm-2959\/#primaryimage\"},\"image\":{\"@id\":\"https:\/\/www.domkraftpro.com\/index.php\/produkt\/horka-nabidka-ceska-manufaktura-bax-prirodni-160-x-120-cm-stredni-plemena-75-x-75-cm-2959\/#primaryimage\"},\"thumbnailUrl\":\"https:\/\/www.domkraftpro.com\/wp-content\/uploads\/2026\/SK0008746-CZ20260425-091936-0-1777079982-kralikarna-ceska-manufaktura-bax-prirodni-160-x-120-cm-stre.webp\",\"datePublished\":\"2026-04-27T04:40:34+00:00\",\"breadcrumb\":{\"@id\":\"https:\/\/www.domkraftpro.com\/index.php\/produkt\/horka-nabidka-ceska-manufaktura-bax-prirodni-160-x-120-cm-stredni-plemena-75-x-75-cm-2959\/#breadcrumb\"},\"inLanguage\":\"cs\",\"potentialAction\":[{\"@type\":\"ReadAction\",\"target\":[\"https:\/\/www.domkraftpro.com\/index.php\/produkt\/horka-nabidka-ceska-manufaktura-bax-prirodni-160-x-120-cm-stredni-plemena-75-x-75-cm-2959\/\"]}]},{\"@type\":\"ImageObject\",\"inLanguage\":\"cs\",\"@id\":\"https:\/\/www.domkraftpro.com\/index.php\/produkt\/horka-nabidka-ceska-manufaktura-bax-prirodni-160-x-120-cm-stredni-plemena-75-x-75-cm-2959\/#primaryimage\",\"url\":\"https:\/\/www.domkraftpro.com\/wp-content\/uploads\/2026\/SK0008746-CZ20260425-091936-0-1777079982-kralikarna-ceska-manufaktura-bax-prirodni-160-x-120-cm-stre.webp\",\"contentUrl\":\"https:\/\/www.domkraftpro.com\/wp-content\/uploads\/2026\/SK0008746-CZ20260425-091936-0-1777079982-kralikarna-ceska-manufaktura-bax-prirodni-160-x-120-cm-stre.webp\",\"width\":1000,\"height\":523},{\"@type\":\"BreadcrumbList\",\"@id\":\"https:\/\/www.domkraftpro.com\/index.php\/produkt\/horka-nabidka-ceska-manufaktura-bax-prirodni-160-x-120-cm-stredni-plemena-75-x-75-cm-2959\/#breadcrumb\",\"itemListElement\":[{\"@type\":\"ListItem\",\"position\":1,\"name\":\"Home\",\"item\":\"https:\/\/www.domkraftpro.com\/\"},{\"@type\":\"ListItem\",\"position\":2,\"name\":\"Products\",\"item\":\"https:\/\/www.domkraftpro.com\/index.php\/products\/\"},{\"@type\":\"ListItem\",\"position\":3,\"name\":\"Hork\u00e1 Nab\u00eddka \u010cesk\u00e1 Manufaktura Bax p\u0159\u00edrodn\u00ed 160 x 120 cm St\u0159edn\u00ed plemena 75 x 75 cm\"}]},{\"@type\":\"WebSite\",\"@id\":\"https:\/\/www.domkraftpro.com\/#website\",\"url\":\"https:\/\/www.domkraftpro.com\/\",\"name\":\"\",\"description\":\"\",\"potentialAction\":[{\"@type\":\"SearchAction\",\"target\":{\"@type\":\"EntryPoint\",\"urlTemplate\":\"https:\/\/www.domkraftpro.com\/?s={search_term_string}\"},\"query-input\":{\"@type\":\"PropertyValueSpecification\",\"valueRequired\":true,\"valueName\":\"search_term_string\"}}],\"inLanguage\":\"cs\"}]}<\/script>\n<!-- \/ Yoast SEO plugin. -->","yoast_head_json":{"title":"Hork\u00e1 Nab\u00eddka \u010cesk\u00e1 Manufaktura Bax p\u0159\u00edrodn\u00ed 160 x 120 cm St\u0159edn\u00ed plemena 75 x 75 cm -","robots":{"index":"index","follow":"follow","max-snippet":"max-snippet:-1","max-image-preview":"max-image-preview:large","max-video-preview":"max-video-preview:-1"},"canonical":"https:\/\/www.domkraftpro.com\/index.php\/produkt\/horka-nabidka-ceska-manufaktura-bax-prirodni-160-x-120-cm-stredni-plemena-75-x-75-cm-2959\/","og_locale":"cs_CZ","og_type":"article","og_title":"Hork\u00e1 Nab\u00eddka \u010cesk\u00e1 Manufaktura Bax p\u0159\u00edrodn\u00ed 160 x 120 cm St\u0159edn\u00ed plemena 75 x 75 cm -","og_description":"Konstrukce Materi\u00e1l konstrukce smrkov\u00e9 d\u0159evo Povrchov\u00e1 \u00faprava hoblov\u00e1n\u00ed Impregnace ne (lze dokoupit) V\u00fd\u0161ka 2000\u00a0mm \u0160\u00ed\u0159ka 1400\u00a0\u2013 1800\u00a0mm Hloubka 1000\u00a0\u2013 1200\u00a0mm Dve\u0159e Otev\u00edr\u00e1n\u00ed panty Po\u010det 6\u00a0ks Typ jednok\u0159\u00eddl\u00e9 Materi\u00e1l ocelov\u00e9 pletivo Z\u00e1padka ano V\u00fdbava Lak ne (lze dokoupit) Ro\u0161ty ne (lze dokoupit) Krm\u00edc\u00ed chodbi\u010dka ne (lze dokoupit) Jesle ne V\u00fdb\u011bh ne Odd\u011bliteln\u00e9 kotce ne Koti\u0161t\u011b ne [&hellip;]","og_url":"https:\/\/www.domkraftpro.com\/index.php\/produkt\/horka-nabidka-ceska-manufaktura-bax-prirodni-160-x-120-cm-stredni-plemena-75-x-75-cm-2959\/","og_image":[{"width":1000,"height":523,"url":"https:\/\/www.domkraftpro.com\/wp-content\/uploads\/2026\/SK0008746-CZ20260425-091936-0-1777079982-kralikarna-ceska-manufaktura-bax-prirodni-160-x-120-cm-stre.webp","type":"image\/webp"}],"twitter_card":"summary_large_image","twitter_misc":{"Odhadovan\u00e1 doba \u010dten\u00ed":"3 minuty"},"schema":{"@context":"https:\/\/schema.org","@graph":[{"@type":"WebPage","@id":"https:\/\/www.domkraftpro.com\/index.php\/produkt\/horka-nabidka-ceska-manufaktura-bax-prirodni-160-x-120-cm-stredni-plemena-75-x-75-cm-2959\/","url":"https:\/\/www.domkraftpro.com\/index.php\/produkt\/horka-nabidka-ceska-manufaktura-bax-prirodni-160-x-120-cm-stredni-plemena-75-x-75-cm-2959\/","name":"Hork\u00e1 Nab\u00eddka \u010cesk\u00e1 Manufaktura Bax p\u0159\u00edrodn\u00ed 160 x 120 cm St\u0159edn\u00ed plemena 75 x 75 cm -","isPartOf":{"@id":"https:\/\/www.domkraftpro.com\/#website"},"primaryImageOfPage":{"@id":"https:\/\/www.domkraftpro.com\/index.php\/produkt\/horka-nabidka-ceska-manufaktura-bax-prirodni-160-x-120-cm-stredni-plemena-75-x-75-cm-2959\/#primaryimage"},"image":{"@id":"https:\/\/www.domkraftpro.com\/index.php\/produkt\/horka-nabidka-ceska-manufaktura-bax-prirodni-160-x-120-cm-stredni-plemena-75-x-75-cm-2959\/#primaryimage"},"thumbnailUrl":"https:\/\/www.domkraftpro.com\/wp-content\/uploads\/2026\/SK0008746-CZ20260425-091936-0-1777079982-kralikarna-ceska-manufaktura-bax-prirodni-160-x-120-cm-stre.webp","datePublished":"2026-04-27T04:40:34+00:00","breadcrumb":{"@id":"https:\/\/www.domkraftpro.com\/index.php\/produkt\/horka-nabidka-ceska-manufaktura-bax-prirodni-160-x-120-cm-stredni-plemena-75-x-75-cm-2959\/#breadcrumb"},"inLanguage":"cs","potentialAction":[{"@type":"ReadAction","target":["https:\/\/www.domkraftpro.com\/index.php\/produkt\/horka-nabidka-ceska-manufaktura-bax-prirodni-160-x-120-cm-stredni-plemena-75-x-75-cm-2959\/"]}]},{"@type":"ImageObject","inLanguage":"cs","@id":"https:\/\/www.domkraftpro.com\/index.php\/produkt\/horka-nabidka-ceska-manufaktura-bax-prirodni-160-x-120-cm-stredni-plemena-75-x-75-cm-2959\/#primaryimage","url":"https:\/\/www.domkraftpro.com\/wp-content\/uploads\/2026\/SK0008746-CZ20260425-091936-0-1777079982-kralikarna-ceska-manufaktura-bax-prirodni-160-x-120-cm-stre.webp","contentUrl":"https:\/\/www.domkraftpro.com\/wp-content\/uploads\/2026\/SK0008746-CZ20260425-091936-0-1777079982-kralikarna-ceska-manufaktura-bax-prirodni-160-x-120-cm-stre.webp","width":1000,"height":523},{"@type":"BreadcrumbList","@id":"https:\/\/www.domkraftpro.com\/index.php\/produkt\/horka-nabidka-ceska-manufaktura-bax-prirodni-160-x-120-cm-stredni-plemena-75-x-75-cm-2959\/#breadcrumb","itemListElement":[{"@type":"ListItem","position":1,"name":"Home","item":"https:\/\/www.domkraftpro.com\/"},{"@type":"ListItem","position":2,"name":"Products","item":"https:\/\/www.domkraftpro.com\/index.php\/products\/"},{"@type":"ListItem","position":3,"name":"Hork\u00e1 Nab\u00eddka \u010cesk\u00e1 Manufaktura Bax p\u0159\u00edrodn\u00ed 160 x 120 cm St\u0159edn\u00ed plemena 75 x 75 cm"}]},{"@type":"WebSite","@id":"https:\/\/www.domkraftpro.com\/#website","url":"https:\/\/www.domkraftpro.com\/","name":"","description":"","potentialAction":[{"@type":"SearchAction","target":{"@type":"EntryPoint","urlTemplate":"https:\/\/www.domkraftpro.com\/?s={search_term_string}"},"query-input":{"@type":"PropertyValueSpecification","valueRequired":true,"valueName":"search_term_string"}}],"inLanguage":"cs"}]}},"_links":{"self":[{"href":"https:\/\/www.domkraftpro.com\/index.php\/wp-json\/wp\/v2\/product\/2959","targetHints":{"allow":["GET"]}}],"collection":[{"href":"https:\/\/www.domkraftpro.com\/index.php\/wp-json\/wp\/v2\/product"}],"about":[{"href":"https:\/\/www.domkraftpro.com\/index.php\/wp-json\/wp\/v2\/types\/product"}],"replies":[{"embeddable":true,"href":"https:\/\/www.domkraftpro.com\/index.php\/wp-json\/wp\/v2\/comments?post=2959"}],"wp:featuredmedia":[{"embeddable":true,"href":"https:\/\/www.domkraftpro.com\/index.php\/wp-json\/wp\/v2\/media\/3059"}],"wp:attachment":[{"href":"https:\/\/www.domkraftpro.com\/index.php\/wp-json\/wp\/v2\/media?parent=2959"}],"wp:term":[{"taxonomy":"product_brand","embeddable":true,"href":"https:\/\/www.domkraftpro.com\/index.php\/wp-json\/wp\/v2\/product_brand?post=2959"},{"taxonomy":"product_cat","embeddable":true,"href":"https:\/\/www.domkraftpro.com\/index.php\/wp-json\/wp\/v2\/product_cat?post=2959"},{"taxonomy":"product_tag","embeddable":true,"href":"https:\/\/www.domkraftpro.com\/index.php\/wp-json\/wp\/v2\/product_tag?post=2959"}],"curies":[{"name":"wp","href":"https:\/\/api.w.org\/{rel}","templated":true}]}}