{"id":29546,"date":"2026-04-27T04:41:40","date_gmt":"2026-04-27T04:41:40","guid":{"rendered":""},"modified":"2026-04-27T04:41:40","modified_gmt":"2026-04-27T04:41:40","slug":"akce-podlahovy-zlab-s-okrajem-pro-perforovany-rost-cerna-mat-apz10black-550m-29546","status":"publish","type":"product","link":"https:\/\/www.domkraftpro.com\/index.php\/produkt\/akce-podlahovy-zlab-s-okrajem-pro-perforovany-rost-cerna-mat-apz10black-550m-29546\/","title":{"rendered":"Akce Podlahov\u00fd \u017elab s okrajem pro perforovan\u00fd ro\u0161t, \u010dern\u00e1-mat APZ10BLACK-550M"},"content":{"rendered":"<div class=\"basic-description\">\n<h3>Detailn\u00ed popis produktu<\/h3>\n<p>                                    <strong>Pou\u017eit\u00ed:<\/strong><br \/>Pro bezbari\u00e9rov\u00fd p\u0159\u00edstup<br \/>Pro odvodn\u011bn\u00ed sprch v \u00farovni podlahy<br \/>Pro osazen\u00ed do prostoru nebo do bl\u00edzkosti st\u011bn<br \/>Pro pou\u017eit\u00ed uvnit\u0159 budov<\/p>\n<p><strong>Vlastnosti:<\/strong><br \/>Barva: \u010dern\u00e1<br \/>Bezpe\u010dn\u00e9 napojen\u00ed na hydroizolaci stavby<br \/>Kombinovan\u00e1 z\u00e1pachov\u00e1 uz\u00e1v\u011bra (vlastn\u00ed \u0159e\u0161en\u00ed chr\u00e1n\u011bn\u00e9 u\u017eitn\u00fdm vzorem) zaru\u010duje ochranu proti z\u00e1pachu z kanalizace i po vyschnut\u00ed vody v sifonu<br \/>Materi\u00e1l: polypropylen pln\u011bn\u00fd mastkem odoln\u00fd proti mechanick\u00e9mu, chemick\u00e9mu a tepeln\u00e9mu po\u0161kozen\u00ed<br \/>Mechanicky \u010distiteln\u00fd sifon a\u017e po odpadn\u00ed trubku<br \/>Podlahov\u00fd \u017elab z vysoce odoln\u00e9ho plastu, kter\u00fd odol\u00e1 mrazu i chemii<br \/>Ro\u0161t je sou\u010d\u00e1st\u00ed balen\u00ed<br \/>Samolepic\u00ed p\u00e1ska pro kvalitn\u00ed hydroizolaci<br \/>Stavebn\u00ed v\u00fd\u0161ka od 62 mm<br \/>V\u00fd\u0161kov\u011b staviteln\u00e9 plastov\u00e9 kotv\u00edc\u00ed nohy 0\u201335 mm umo\u017e\u0148uj\u00edc\u00ed rychlou a komfortn\u00ed instalaci v\u010detn\u011b p\u0159esn\u00e9ho nastaven\u00ed roviny<br \/>Zv\u00fd\u0161en\u00e1 odolnost proti chemik\u00e1li\u00edm<\/p>\n<p><strong>Technick\u00e9 parametry:<\/strong><br \/>Celkov\u00e1 stavebn\u00ed v\u00fd\u0161ka &#8211; 75 &#8211; 110 &#8211; mm<br \/>Minim\u00e1ln\u00ed tlou\u0161\u0165ka betonu &#8211;  &#8211; 62 &#8211; mm<br \/>Odolnost z\u00e1pachov\u00e9 uz\u00e1v\u011bry proti tlaku &#8211;  &#8211; 640 &#8211; Pa<br \/>Pr\u016fm\u011br odpadn\u00edho potrub\u00ed &#8211;  &#8211; 40 &#8211; mm<br \/>Pr\u016ftok s vtokovou m\u0159\u00ed\u017ekou &#8211;  &#8211; 28 &#8211; l\/min<br \/>T\u0159\u00edda zat\u00ed\u017een\u00ed K3 &#8211;  &#8211; 300 &#8211; kg<br \/>Z\u00e1pachov\u00e1 uz\u00e1v\u011bra kombinovan\u00e1 s vodn\u00edm sloupcem &#8211;  &#8211; 29 &#8211; mm<\/p>\n<p><strong>Rozsah dod\u00e1vky:<\/strong><br \/>Fixa\u010dn\u00ed set pro uchycen\u00ed staviteln\u00fdch noh: vrut 4,2\u00d79,5 \u2013 4 ks<br \/>Fixa\u010dn\u00ed set: vrut \u00d84 \u2013 4 ks, 2\u00d738, hmo\u017edinka \u00d88 \u2013 4 ks<br \/>Kombinovan\u00e1 z\u00e1pachov\u00e1 uz\u00e1v\u011bra SMART<br \/>Nerezov\u00fd perforovan\u00fd ro\u0161t Simple 10 mat s ochrannou f\u00f3li\u00ed<br \/>Samolepic\u00ed hydroizola\u010dn\u00ed p\u00e1ska<br \/>V\u00fd\u0161kov\u011b staviteln\u00e9 nohy 2 ks<br \/>\u017dlab                            <\/div>\n","protected":false},"excerpt":{"rendered":"<p>Detailn\u00ed popis produktu Pou\u017eit\u00ed:Pro bezbari\u00e9rov\u00fd p\u0159\u00edstupPro odvodn\u011bn\u00ed sprch v \u00farovni podlahyPro osazen\u00ed do prostoru nebo do bl\u00edzkosti st\u011bnPro pou\u017eit\u00ed uvnit\u0159 budov Vlastnosti:Barva: \u010dern\u00e1Bezpe\u010dn\u00e9 napojen\u00ed na hydroizolaci stavbyKombinovan\u00e1 z\u00e1pachov\u00e1 uz\u00e1v\u011bra (vlastn\u00ed \u0159e\u0161en\u00ed chr\u00e1n\u011bn\u00e9 u\u017eitn\u00fdm vzorem) zaru\u010duje ochranu proti z\u00e1pachu z kanalizace i po vyschnut\u00ed vody v sifonuMateri\u00e1l: polypropylen pln\u011bn\u00fd mastkem odoln\u00fd proti mechanick\u00e9mu, chemick\u00e9mu a tepeln\u00e9mu [&hellip;]<\/p>\n","protected":false},"featured_media":29646,"comment_status":"open","ping_status":"open","template":"","meta":[],"product_brand":[],"product_cat":[96],"product_tag":[],"class_list":{"0":"post-29546","1":"product","2":"type-product","3":"status-publish","4":"has-post-thumbnail","6":"product_cat-koupelny-a-sanitarni-technika","8":"first","9":"instock","10":"sale","11":"shipping-taxable","12":"purchasable","13":"product-type-simple"},"yoast_head":"<!-- This site is optimized with the Yoast SEO plugin v26.8 - https:\/\/yoast.com\/product\/yoast-seo-wordpress\/ -->\n<title>Akce Podlahov\u00fd \u017elab s okrajem pro perforovan\u00fd ro\u0161t, \u010dern\u00e1-mat APZ10BLACK-550M -<\/title>\n<meta name=\"robots\" content=\"index, follow, max-snippet:-1, max-image-preview:large, max-video-preview:-1\" \/>\n<link rel=\"canonical\" href=\"https:\/\/www.domkraftpro.com\/index.php\/produkt\/akce-podlahovy-zlab-s-okrajem-pro-perforovany-rost-cerna-mat-apz10black-550m-29546\/\" \/>\n<meta property=\"og:locale\" content=\"cs_CZ\" \/>\n<meta property=\"og:type\" content=\"article\" \/>\n<meta property=\"og:title\" content=\"Akce Podlahov\u00fd \u017elab s okrajem pro perforovan\u00fd ro\u0161t, \u010dern\u00e1-mat APZ10BLACK-550M -\" \/>\n<meta property=\"og:description\" content=\"Detailn\u00ed popis produktu Pou\u017eit\u00ed:Pro bezbari\u00e9rov\u00fd p\u0159\u00edstupPro odvodn\u011bn\u00ed sprch v \u00farovni podlahyPro osazen\u00ed do prostoru nebo do bl\u00edzkosti st\u011bnPro pou\u017eit\u00ed uvnit\u0159 budov Vlastnosti:Barva: \u010dern\u00e1Bezpe\u010dn\u00e9 napojen\u00ed na hydroizolaci stavbyKombinovan\u00e1 z\u00e1pachov\u00e1 uz\u00e1v\u011bra (vlastn\u00ed \u0159e\u0161en\u00ed chr\u00e1n\u011bn\u00e9 u\u017eitn\u00fdm vzorem) zaru\u010duje ochranu proti z\u00e1pachu z kanalizace i po vyschnut\u00ed vody v sifonuMateri\u00e1l: polypropylen pln\u011bn\u00fd mastkem odoln\u00fd proti mechanick\u00e9mu, chemick\u00e9mu a tepeln\u00e9mu [&hellip;]\" \/>\n<meta property=\"og:url\" content=\"https:\/\/www.domkraftpro.com\/index.php\/produkt\/akce-podlahovy-zlab-s-okrajem-pro-perforovany-rost-cerna-mat-apz10black-550m-29546\/\" \/>\n<meta property=\"og:image\" content=\"https:\/\/www.domkraftpro.com\/wp-content\/uploads\/2026\/SK0007211-CZ20260425-093351-0-1777080838-1220186_photo2_-image-p9116-8.webp\" \/>\n\t<meta property=\"og:image:width\" content=\"1000\" \/>\n\t<meta property=\"og:image:height\" content=\"750\" \/>\n\t<meta property=\"og:image:type\" content=\"image\/webp\" \/>\n<meta name=\"twitter:card\" content=\"summary_large_image\" \/>\n<meta name=\"twitter:label1\" content=\"Odhadovan\u00e1 doba \u010dten\u00ed\" \/>\n\t<meta name=\"twitter:data1\" content=\"1 minuta\" \/>\n<script type=\"application\/ld+json\" class=\"yoast-schema-graph\">{\"@context\":\"https:\/\/schema.org\",\"@graph\":[{\"@type\":\"WebPage\",\"@id\":\"https:\/\/www.domkraftpro.com\/index.php\/produkt\/akce-podlahovy-zlab-s-okrajem-pro-perforovany-rost-cerna-mat-apz10black-550m-29546\/\",\"url\":\"https:\/\/www.domkraftpro.com\/index.php\/produkt\/akce-podlahovy-zlab-s-okrajem-pro-perforovany-rost-cerna-mat-apz10black-550m-29546\/\",\"name\":\"Akce Podlahov\u00fd \u017elab s okrajem pro perforovan\u00fd ro\u0161t, \u010dern\u00e1-mat APZ10BLACK-550M -\",\"isPartOf\":{\"@id\":\"https:\/\/www.domkraftpro.com\/#website\"},\"primaryImageOfPage\":{\"@id\":\"https:\/\/www.domkraftpro.com\/index.php\/produkt\/akce-podlahovy-zlab-s-okrajem-pro-perforovany-rost-cerna-mat-apz10black-550m-29546\/#primaryimage\"},\"image\":{\"@id\":\"https:\/\/www.domkraftpro.com\/index.php\/produkt\/akce-podlahovy-zlab-s-okrajem-pro-perforovany-rost-cerna-mat-apz10black-550m-29546\/#primaryimage\"},\"thumbnailUrl\":\"https:\/\/www.domkraftpro.com\/wp-content\/uploads\/2026\/SK0007211-CZ20260425-093351-0-1777080838-1220186_photo2_-image-p9116-8.webp\",\"datePublished\":\"2026-04-27T04:41:40+00:00\",\"breadcrumb\":{\"@id\":\"https:\/\/www.domkraftpro.com\/index.php\/produkt\/akce-podlahovy-zlab-s-okrajem-pro-perforovany-rost-cerna-mat-apz10black-550m-29546\/#breadcrumb\"},\"inLanguage\":\"cs\",\"potentialAction\":[{\"@type\":\"ReadAction\",\"target\":[\"https:\/\/www.domkraftpro.com\/index.php\/produkt\/akce-podlahovy-zlab-s-okrajem-pro-perforovany-rost-cerna-mat-apz10black-550m-29546\/\"]}]},{\"@type\":\"ImageObject\",\"inLanguage\":\"cs\",\"@id\":\"https:\/\/www.domkraftpro.com\/index.php\/produkt\/akce-podlahovy-zlab-s-okrajem-pro-perforovany-rost-cerna-mat-apz10black-550m-29546\/#primaryimage\",\"url\":\"https:\/\/www.domkraftpro.com\/wp-content\/uploads\/2026\/SK0007211-CZ20260425-093351-0-1777080838-1220186_photo2_-image-p9116-8.webp\",\"contentUrl\":\"https:\/\/www.domkraftpro.com\/wp-content\/uploads\/2026\/SK0007211-CZ20260425-093351-0-1777080838-1220186_photo2_-image-p9116-8.webp\",\"width\":1000,\"height\":750},{\"@type\":\"BreadcrumbList\",\"@id\":\"https:\/\/www.domkraftpro.com\/index.php\/produkt\/akce-podlahovy-zlab-s-okrajem-pro-perforovany-rost-cerna-mat-apz10black-550m-29546\/#breadcrumb\",\"itemListElement\":[{\"@type\":\"ListItem\",\"position\":1,\"name\":\"Home\",\"item\":\"https:\/\/www.domkraftpro.com\/\"},{\"@type\":\"ListItem\",\"position\":2,\"name\":\"Products\",\"item\":\"https:\/\/www.domkraftpro.com\/index.php\/products\/\"},{\"@type\":\"ListItem\",\"position\":3,\"name\":\"Akce Podlahov\u00fd \u017elab s okrajem pro perforovan\u00fd ro\u0161t, \u010dern\u00e1-mat APZ10BLACK-550M\"}]},{\"@type\":\"WebSite\",\"@id\":\"https:\/\/www.domkraftpro.com\/#website\",\"url\":\"https:\/\/www.domkraftpro.com\/\",\"name\":\"\",\"description\":\"\",\"potentialAction\":[{\"@type\":\"SearchAction\",\"target\":{\"@type\":\"EntryPoint\",\"urlTemplate\":\"https:\/\/www.domkraftpro.com\/?s={search_term_string}\"},\"query-input\":{\"@type\":\"PropertyValueSpecification\",\"valueRequired\":true,\"valueName\":\"search_term_string\"}}],\"inLanguage\":\"cs\"}]}<\/script>\n<!-- \/ Yoast SEO plugin. -->","yoast_head_json":{"title":"Akce Podlahov\u00fd \u017elab s okrajem pro perforovan\u00fd ro\u0161t, \u010dern\u00e1-mat APZ10BLACK-550M -","robots":{"index":"index","follow":"follow","max-snippet":"max-snippet:-1","max-image-preview":"max-image-preview:large","max-video-preview":"max-video-preview:-1"},"canonical":"https:\/\/www.domkraftpro.com\/index.php\/produkt\/akce-podlahovy-zlab-s-okrajem-pro-perforovany-rost-cerna-mat-apz10black-550m-29546\/","og_locale":"cs_CZ","og_type":"article","og_title":"Akce Podlahov\u00fd \u017elab s okrajem pro perforovan\u00fd ro\u0161t, \u010dern\u00e1-mat APZ10BLACK-550M -","og_description":"Detailn\u00ed popis produktu Pou\u017eit\u00ed:Pro bezbari\u00e9rov\u00fd p\u0159\u00edstupPro odvodn\u011bn\u00ed sprch v \u00farovni podlahyPro osazen\u00ed do prostoru nebo do bl\u00edzkosti st\u011bnPro pou\u017eit\u00ed uvnit\u0159 budov Vlastnosti:Barva: \u010dern\u00e1Bezpe\u010dn\u00e9 napojen\u00ed na hydroizolaci stavbyKombinovan\u00e1 z\u00e1pachov\u00e1 uz\u00e1v\u011bra (vlastn\u00ed \u0159e\u0161en\u00ed chr\u00e1n\u011bn\u00e9 u\u017eitn\u00fdm vzorem) zaru\u010duje ochranu proti z\u00e1pachu z kanalizace i po vyschnut\u00ed vody v sifonuMateri\u00e1l: polypropylen pln\u011bn\u00fd mastkem odoln\u00fd proti mechanick\u00e9mu, chemick\u00e9mu a tepeln\u00e9mu [&hellip;]","og_url":"https:\/\/www.domkraftpro.com\/index.php\/produkt\/akce-podlahovy-zlab-s-okrajem-pro-perforovany-rost-cerna-mat-apz10black-550m-29546\/","og_image":[{"width":1000,"height":750,"url":"https:\/\/www.domkraftpro.com\/wp-content\/uploads\/2026\/SK0007211-CZ20260425-093351-0-1777080838-1220186_photo2_-image-p9116-8.webp","type":"image\/webp"}],"twitter_card":"summary_large_image","twitter_misc":{"Odhadovan\u00e1 doba \u010dten\u00ed":"1 minuta"},"schema":{"@context":"https:\/\/schema.org","@graph":[{"@type":"WebPage","@id":"https:\/\/www.domkraftpro.com\/index.php\/produkt\/akce-podlahovy-zlab-s-okrajem-pro-perforovany-rost-cerna-mat-apz10black-550m-29546\/","url":"https:\/\/www.domkraftpro.com\/index.php\/produkt\/akce-podlahovy-zlab-s-okrajem-pro-perforovany-rost-cerna-mat-apz10black-550m-29546\/","name":"Akce Podlahov\u00fd \u017elab s okrajem pro perforovan\u00fd ro\u0161t, \u010dern\u00e1-mat APZ10BLACK-550M -","isPartOf":{"@id":"https:\/\/www.domkraftpro.com\/#website"},"primaryImageOfPage":{"@id":"https:\/\/www.domkraftpro.com\/index.php\/produkt\/akce-podlahovy-zlab-s-okrajem-pro-perforovany-rost-cerna-mat-apz10black-550m-29546\/#primaryimage"},"image":{"@id":"https:\/\/www.domkraftpro.com\/index.php\/produkt\/akce-podlahovy-zlab-s-okrajem-pro-perforovany-rost-cerna-mat-apz10black-550m-29546\/#primaryimage"},"thumbnailUrl":"https:\/\/www.domkraftpro.com\/wp-content\/uploads\/2026\/SK0007211-CZ20260425-093351-0-1777080838-1220186_photo2_-image-p9116-8.webp","datePublished":"2026-04-27T04:41:40+00:00","breadcrumb":{"@id":"https:\/\/www.domkraftpro.com\/index.php\/produkt\/akce-podlahovy-zlab-s-okrajem-pro-perforovany-rost-cerna-mat-apz10black-550m-29546\/#breadcrumb"},"inLanguage":"cs","potentialAction":[{"@type":"ReadAction","target":["https:\/\/www.domkraftpro.com\/index.php\/produkt\/akce-podlahovy-zlab-s-okrajem-pro-perforovany-rost-cerna-mat-apz10black-550m-29546\/"]}]},{"@type":"ImageObject","inLanguage":"cs","@id":"https:\/\/www.domkraftpro.com\/index.php\/produkt\/akce-podlahovy-zlab-s-okrajem-pro-perforovany-rost-cerna-mat-apz10black-550m-29546\/#primaryimage","url":"https:\/\/www.domkraftpro.com\/wp-content\/uploads\/2026\/SK0007211-CZ20260425-093351-0-1777080838-1220186_photo2_-image-p9116-8.webp","contentUrl":"https:\/\/www.domkraftpro.com\/wp-content\/uploads\/2026\/SK0007211-CZ20260425-093351-0-1777080838-1220186_photo2_-image-p9116-8.webp","width":1000,"height":750},{"@type":"BreadcrumbList","@id":"https:\/\/www.domkraftpro.com\/index.php\/produkt\/akce-podlahovy-zlab-s-okrajem-pro-perforovany-rost-cerna-mat-apz10black-550m-29546\/#breadcrumb","itemListElement":[{"@type":"ListItem","position":1,"name":"Home","item":"https:\/\/www.domkraftpro.com\/"},{"@type":"ListItem","position":2,"name":"Products","item":"https:\/\/www.domkraftpro.com\/index.php\/products\/"},{"@type":"ListItem","position":3,"name":"Akce Podlahov\u00fd \u017elab s okrajem pro perforovan\u00fd ro\u0161t, \u010dern\u00e1-mat APZ10BLACK-550M"}]},{"@type":"WebSite","@id":"https:\/\/www.domkraftpro.com\/#website","url":"https:\/\/www.domkraftpro.com\/","name":"","description":"","potentialAction":[{"@type":"SearchAction","target":{"@type":"EntryPoint","urlTemplate":"https:\/\/www.domkraftpro.com\/?s={search_term_string}"},"query-input":{"@type":"PropertyValueSpecification","valueRequired":true,"valueName":"search_term_string"}}],"inLanguage":"cs"}]}},"_links":{"self":[{"href":"https:\/\/www.domkraftpro.com\/index.php\/wp-json\/wp\/v2\/product\/29546","targetHints":{"allow":["GET"]}}],"collection":[{"href":"https:\/\/www.domkraftpro.com\/index.php\/wp-json\/wp\/v2\/product"}],"about":[{"href":"https:\/\/www.domkraftpro.com\/index.php\/wp-json\/wp\/v2\/types\/product"}],"replies":[{"embeddable":true,"href":"https:\/\/www.domkraftpro.com\/index.php\/wp-json\/wp\/v2\/comments?post=29546"}],"wp:featuredmedia":[{"embeddable":true,"href":"https:\/\/www.domkraftpro.com\/index.php\/wp-json\/wp\/v2\/media\/29646"}],"wp:attachment":[{"href":"https:\/\/www.domkraftpro.com\/index.php\/wp-json\/wp\/v2\/media?parent=29546"}],"wp:term":[{"taxonomy":"product_brand","embeddable":true,"href":"https:\/\/www.domkraftpro.com\/index.php\/wp-json\/wp\/v2\/product_brand?post=29546"},{"taxonomy":"product_cat","embeddable":true,"href":"https:\/\/www.domkraftpro.com\/index.php\/wp-json\/wp\/v2\/product_cat?post=29546"},{"taxonomy":"product_tag","embeddable":true,"href":"https:\/\/www.domkraftpro.com\/index.php\/wp-json\/wp\/v2\/product_tag?post=29546"}],"curies":[{"name":"wp","href":"https:\/\/api.w.org\/{rel}","templated":true}]}}