{"id":28712,"date":"2026-04-27T04:41:37","date_gmt":"2026-04-27T04:41:37","guid":{"rendered":""},"modified":"2026-04-27T04:41:37","modified_gmt":"2026-04-27T04:41:37","slug":"akce-oddalene-pneumaticke-splachovani-nozni-kov-zabudovani-do-podlahy-mpo12-28712","status":"publish","type":"product","link":"https:\/\/www.domkraftpro.com\/index.php\/produkt\/akce-oddalene-pneumaticke-splachovani-nozni-kov-zabudovani-do-podlahy-mpo12-28712\/","title":{"rendered":"Akce Odd\u00e1len\u00e9 pneumatick\u00e9 splachov\u00e1n\u00ed no\u017en\u00ed, kov, zabudov\u00e1n\u00ed: do podlahy MPO12"},"content":{"rendered":"<div class=\"basic-description\">\n<h3>Detailn\u00ed popis produktu<\/h3>\n<p>                                    <strong>Pou\u017eit\u00ed:<\/strong><br \/>Nelze pou\u017e\u00edt pro p\u0159edst\u011bnov\u00e9 instala\u010dn\u00ed syst\u00e9my Slim<br \/>Pro osoby se sn\u00ed\u017eenou schopnost\u00ed pohybu<br \/>Pro plastov\u00e9 n\u00e1dr\u017eky Alca po v\u00fdm\u011bn\u011b t\u00e1hla a spodn\u00ed v\u00fdpusti<br \/>Pro pou\u017eit\u00ed ve ve\u0159ejn\u00fdch prostor\u00e1ch<br \/>Pro p\u0159edst\u011bnov\u00e9 instala\u010dn\u00ed syst\u00e9my Alca<br \/>Pro zabudov\u00e1n\u00ed do podlahy<\/p>\n<p><strong>Vlastnosti:<\/strong><br \/>Barva: chrom<br \/>Jeden objem splachov\u00e1n\u00ed 6 l<br \/>Lze um\u00edstit a\u017e 3 m od toalety<br \/>Materi\u00e1l: nerez, ABS, polypropylen<\/p>\n<p><strong>Technick\u00e9 parametry:<\/strong><br \/>Hygienick\u00e1 rezerva &#8211;  &#8211; 3 &#8211; l<br \/>Maxim\u00e1ln\u00ed d\u00e9lka pneumatick\u00e9 hadi\u010dky ovl\u00e1d\u00e1n\u00ed &#8211;  &#8211; 3 &#8211; m<br \/>Rozsah nastaven\u00ed spl\u00e1chnut\u00ed &#8211; 6 &#8211; 9 &#8211; l<br \/>Standardn\u00ed nastaven\u00ed spl\u00e1chnut\u00ed &#8211;  &#8211; 6 &#8211; l<\/p>\n<p><strong>Rozsah dod\u00e1vky:<\/strong><br \/>Fixa\u010dn\u00ed set: vrut 3,5\u00d710 \u2013 2 ks<br \/>Hadi\u010dka 3 m pro propojen\u00ed tla\u010d\u00edtka a vypou\u0161t\u011bc\u00edho ventilu<br \/>Ovl\u00e1dac\u00ed mechanismus<br \/>Tla\u010d\u00edtko pneumatick\u00e9ho ovl\u00e1d\u00e1n\u00ed<br \/>Vypou\u0161t\u011bc\u00ed ventil                            <\/div>\n","protected":false},"excerpt":{"rendered":"<p>Detailn\u00ed popis produktu Pou\u017eit\u00ed:Nelze pou\u017e\u00edt pro p\u0159edst\u011bnov\u00e9 instala\u010dn\u00ed syst\u00e9my SlimPro osoby se sn\u00ed\u017eenou schopnost\u00ed pohybuPro plastov\u00e9 n\u00e1dr\u017eky Alca po v\u00fdm\u011bn\u011b t\u00e1hla a spodn\u00ed v\u00fdpustiPro pou\u017eit\u00ed ve ve\u0159ejn\u00fdch prostor\u00e1chPro p\u0159edst\u011bnov\u00e9 instala\u010dn\u00ed syst\u00e9my AlcaPro zabudov\u00e1n\u00ed do podlahy Vlastnosti:Barva: chromJeden objem splachov\u00e1n\u00ed 6 lLze um\u00edstit a\u017e 3 m od toaletyMateri\u00e1l: nerez, ABS, polypropylen Technick\u00e9 parametry:Hygienick\u00e1 rezerva &#8211; &#8211; [&hellip;]<\/p>\n","protected":false},"featured_media":28812,"comment_status":"open","ping_status":"open","template":"","meta":[],"product_brand":[],"product_cat":[96],"product_tag":[],"class_list":{"0":"post-28712","1":"product","2":"type-product","3":"status-publish","4":"has-post-thumbnail","6":"product_cat-koupelny-a-sanitarni-technika","8":"first","9":"instock","10":"sale","11":"shipping-taxable","12":"purchasable","13":"product-type-simple"},"yoast_head":"<!-- This site is optimized with the Yoast SEO plugin v26.8 - https:\/\/yoast.com\/product\/yoast-seo-wordpress\/ -->\n<title>Akce Odd\u00e1len\u00e9 pneumatick\u00e9 splachov\u00e1n\u00ed no\u017en\u00ed, kov, zabudov\u00e1n\u00ed: do podlahy MPO12 -<\/title>\n<meta name=\"robots\" content=\"index, follow, max-snippet:-1, max-image-preview:large, max-video-preview:-1\" \/>\n<link rel=\"canonical\" href=\"https:\/\/www.domkraftpro.com\/index.php\/produkt\/akce-oddalene-pneumaticke-splachovani-nozni-kov-zabudovani-do-podlahy-mpo12-28712\/\" \/>\n<meta property=\"og:locale\" content=\"cs_CZ\" \/>\n<meta property=\"og:type\" content=\"article\" \/>\n<meta property=\"og:title\" content=\"Akce Odd\u00e1len\u00e9 pneumatick\u00e9 splachov\u00e1n\u00ed no\u017en\u00ed, kov, zabudov\u00e1n\u00ed: do podlahy MPO12 -\" \/>\n<meta property=\"og:description\" content=\"Detailn\u00ed popis produktu Pou\u017eit\u00ed:Nelze pou\u017e\u00edt pro p\u0159edst\u011bnov\u00e9 instala\u010dn\u00ed syst\u00e9my SlimPro osoby se sn\u00ed\u017eenou schopnost\u00ed pohybuPro plastov\u00e9 n\u00e1dr\u017eky Alca po v\u00fdm\u011bn\u011b t\u00e1hla a spodn\u00ed v\u00fdpustiPro pou\u017eit\u00ed ve ve\u0159ejn\u00fdch prostor\u00e1chPro p\u0159edst\u011bnov\u00e9 instala\u010dn\u00ed syst\u00e9my AlcaPro zabudov\u00e1n\u00ed do podlahy Vlastnosti:Barva: chromJeden objem splachov\u00e1n\u00ed 6 lLze um\u00edstit a\u017e 3 m od toaletyMateri\u00e1l: nerez, ABS, polypropylen Technick\u00e9 parametry:Hygienick\u00e1 rezerva &#8211; &#8211; [&hellip;]\" \/>\n<meta property=\"og:url\" content=\"https:\/\/www.domkraftpro.com\/index.php\/produkt\/akce-oddalene-pneumaticke-splachovani-nozni-kov-zabudovani-do-podlahy-mpo12-28712\/\" \/>\n<meta property=\"og:image\" content=\"https:\/\/www.domkraftpro.com\/wp-content\/uploads\/2026\/SK0006777-CZ20260425-093351-0-1777080838-1222286-2_photo2_-image-p3524-11.webp\" \/>\n\t<meta property=\"og:image:width\" content=\"1000\" \/>\n\t<meta property=\"og:image:height\" content=\"750\" \/>\n\t<meta property=\"og:image:type\" content=\"image\/webp\" \/>\n<meta name=\"twitter:card\" content=\"summary_large_image\" \/>\n<meta name=\"twitter:label1\" content=\"Odhadovan\u00e1 doba \u010dten\u00ed\" \/>\n\t<meta name=\"twitter:data1\" content=\"1 minuta\" \/>\n<script type=\"application\/ld+json\" class=\"yoast-schema-graph\">{\"@context\":\"https:\/\/schema.org\",\"@graph\":[{\"@type\":\"WebPage\",\"@id\":\"https:\/\/www.domkraftpro.com\/index.php\/produkt\/akce-oddalene-pneumaticke-splachovani-nozni-kov-zabudovani-do-podlahy-mpo12-28712\/\",\"url\":\"https:\/\/www.domkraftpro.com\/index.php\/produkt\/akce-oddalene-pneumaticke-splachovani-nozni-kov-zabudovani-do-podlahy-mpo12-28712\/\",\"name\":\"Akce Odd\u00e1len\u00e9 pneumatick\u00e9 splachov\u00e1n\u00ed no\u017en\u00ed, kov, zabudov\u00e1n\u00ed: do podlahy MPO12 -\",\"isPartOf\":{\"@id\":\"https:\/\/www.domkraftpro.com\/#website\"},\"primaryImageOfPage\":{\"@id\":\"https:\/\/www.domkraftpro.com\/index.php\/produkt\/akce-oddalene-pneumaticke-splachovani-nozni-kov-zabudovani-do-podlahy-mpo12-28712\/#primaryimage\"},\"image\":{\"@id\":\"https:\/\/www.domkraftpro.com\/index.php\/produkt\/akce-oddalene-pneumaticke-splachovani-nozni-kov-zabudovani-do-podlahy-mpo12-28712\/#primaryimage\"},\"thumbnailUrl\":\"https:\/\/www.domkraftpro.com\/wp-content\/uploads\/2026\/SK0006777-CZ20260425-093351-0-1777080838-1222286-2_photo2_-image-p3524-11.webp\",\"datePublished\":\"2026-04-27T04:41:37+00:00\",\"breadcrumb\":{\"@id\":\"https:\/\/www.domkraftpro.com\/index.php\/produkt\/akce-oddalene-pneumaticke-splachovani-nozni-kov-zabudovani-do-podlahy-mpo12-28712\/#breadcrumb\"},\"inLanguage\":\"cs\",\"potentialAction\":[{\"@type\":\"ReadAction\",\"target\":[\"https:\/\/www.domkraftpro.com\/index.php\/produkt\/akce-oddalene-pneumaticke-splachovani-nozni-kov-zabudovani-do-podlahy-mpo12-28712\/\"]}]},{\"@type\":\"ImageObject\",\"inLanguage\":\"cs\",\"@id\":\"https:\/\/www.domkraftpro.com\/index.php\/produkt\/akce-oddalene-pneumaticke-splachovani-nozni-kov-zabudovani-do-podlahy-mpo12-28712\/#primaryimage\",\"url\":\"https:\/\/www.domkraftpro.com\/wp-content\/uploads\/2026\/SK0006777-CZ20260425-093351-0-1777080838-1222286-2_photo2_-image-p3524-11.webp\",\"contentUrl\":\"https:\/\/www.domkraftpro.com\/wp-content\/uploads\/2026\/SK0006777-CZ20260425-093351-0-1777080838-1222286-2_photo2_-image-p3524-11.webp\",\"width\":1000,\"height\":750},{\"@type\":\"BreadcrumbList\",\"@id\":\"https:\/\/www.domkraftpro.com\/index.php\/produkt\/akce-oddalene-pneumaticke-splachovani-nozni-kov-zabudovani-do-podlahy-mpo12-28712\/#breadcrumb\",\"itemListElement\":[{\"@type\":\"ListItem\",\"position\":1,\"name\":\"Home\",\"item\":\"https:\/\/www.domkraftpro.com\/\"},{\"@type\":\"ListItem\",\"position\":2,\"name\":\"Products\",\"item\":\"https:\/\/www.domkraftpro.com\/index.php\/products\/\"},{\"@type\":\"ListItem\",\"position\":3,\"name\":\"Akce Odd\u00e1len\u00e9 pneumatick\u00e9 splachov\u00e1n\u00ed no\u017en\u00ed, kov, zabudov\u00e1n\u00ed: do podlahy MPO12\"}]},{\"@type\":\"WebSite\",\"@id\":\"https:\/\/www.domkraftpro.com\/#website\",\"url\":\"https:\/\/www.domkraftpro.com\/\",\"name\":\"\",\"description\":\"\",\"potentialAction\":[{\"@type\":\"SearchAction\",\"target\":{\"@type\":\"EntryPoint\",\"urlTemplate\":\"https:\/\/www.domkraftpro.com\/?s={search_term_string}\"},\"query-input\":{\"@type\":\"PropertyValueSpecification\",\"valueRequired\":true,\"valueName\":\"search_term_string\"}}],\"inLanguage\":\"cs\"}]}<\/script>\n<!-- \/ Yoast SEO plugin. -->","yoast_head_json":{"title":"Akce Odd\u00e1len\u00e9 pneumatick\u00e9 splachov\u00e1n\u00ed no\u017en\u00ed, kov, zabudov\u00e1n\u00ed: do podlahy MPO12 -","robots":{"index":"index","follow":"follow","max-snippet":"max-snippet:-1","max-image-preview":"max-image-preview:large","max-video-preview":"max-video-preview:-1"},"canonical":"https:\/\/www.domkraftpro.com\/index.php\/produkt\/akce-oddalene-pneumaticke-splachovani-nozni-kov-zabudovani-do-podlahy-mpo12-28712\/","og_locale":"cs_CZ","og_type":"article","og_title":"Akce Odd\u00e1len\u00e9 pneumatick\u00e9 splachov\u00e1n\u00ed no\u017en\u00ed, kov, zabudov\u00e1n\u00ed: do podlahy MPO12 -","og_description":"Detailn\u00ed popis produktu Pou\u017eit\u00ed:Nelze pou\u017e\u00edt pro p\u0159edst\u011bnov\u00e9 instala\u010dn\u00ed syst\u00e9my SlimPro osoby se sn\u00ed\u017eenou schopnost\u00ed pohybuPro plastov\u00e9 n\u00e1dr\u017eky Alca po v\u00fdm\u011bn\u011b t\u00e1hla a spodn\u00ed v\u00fdpustiPro pou\u017eit\u00ed ve ve\u0159ejn\u00fdch prostor\u00e1chPro p\u0159edst\u011bnov\u00e9 instala\u010dn\u00ed syst\u00e9my AlcaPro zabudov\u00e1n\u00ed do podlahy Vlastnosti:Barva: chromJeden objem splachov\u00e1n\u00ed 6 lLze um\u00edstit a\u017e 3 m od toaletyMateri\u00e1l: nerez, ABS, polypropylen Technick\u00e9 parametry:Hygienick\u00e1 rezerva &#8211; &#8211; [&hellip;]","og_url":"https:\/\/www.domkraftpro.com\/index.php\/produkt\/akce-oddalene-pneumaticke-splachovani-nozni-kov-zabudovani-do-podlahy-mpo12-28712\/","og_image":[{"width":1000,"height":750,"url":"https:\/\/www.domkraftpro.com\/wp-content\/uploads\/2026\/SK0006777-CZ20260425-093351-0-1777080838-1222286-2_photo2_-image-p3524-11.webp","type":"image\/webp"}],"twitter_card":"summary_large_image","twitter_misc":{"Odhadovan\u00e1 doba \u010dten\u00ed":"1 minuta"},"schema":{"@context":"https:\/\/schema.org","@graph":[{"@type":"WebPage","@id":"https:\/\/www.domkraftpro.com\/index.php\/produkt\/akce-oddalene-pneumaticke-splachovani-nozni-kov-zabudovani-do-podlahy-mpo12-28712\/","url":"https:\/\/www.domkraftpro.com\/index.php\/produkt\/akce-oddalene-pneumaticke-splachovani-nozni-kov-zabudovani-do-podlahy-mpo12-28712\/","name":"Akce Odd\u00e1len\u00e9 pneumatick\u00e9 splachov\u00e1n\u00ed no\u017en\u00ed, kov, zabudov\u00e1n\u00ed: do podlahy MPO12 -","isPartOf":{"@id":"https:\/\/www.domkraftpro.com\/#website"},"primaryImageOfPage":{"@id":"https:\/\/www.domkraftpro.com\/index.php\/produkt\/akce-oddalene-pneumaticke-splachovani-nozni-kov-zabudovani-do-podlahy-mpo12-28712\/#primaryimage"},"image":{"@id":"https:\/\/www.domkraftpro.com\/index.php\/produkt\/akce-oddalene-pneumaticke-splachovani-nozni-kov-zabudovani-do-podlahy-mpo12-28712\/#primaryimage"},"thumbnailUrl":"https:\/\/www.domkraftpro.com\/wp-content\/uploads\/2026\/SK0006777-CZ20260425-093351-0-1777080838-1222286-2_photo2_-image-p3524-11.webp","datePublished":"2026-04-27T04:41:37+00:00","breadcrumb":{"@id":"https:\/\/www.domkraftpro.com\/index.php\/produkt\/akce-oddalene-pneumaticke-splachovani-nozni-kov-zabudovani-do-podlahy-mpo12-28712\/#breadcrumb"},"inLanguage":"cs","potentialAction":[{"@type":"ReadAction","target":["https:\/\/www.domkraftpro.com\/index.php\/produkt\/akce-oddalene-pneumaticke-splachovani-nozni-kov-zabudovani-do-podlahy-mpo12-28712\/"]}]},{"@type":"ImageObject","inLanguage":"cs","@id":"https:\/\/www.domkraftpro.com\/index.php\/produkt\/akce-oddalene-pneumaticke-splachovani-nozni-kov-zabudovani-do-podlahy-mpo12-28712\/#primaryimage","url":"https:\/\/www.domkraftpro.com\/wp-content\/uploads\/2026\/SK0006777-CZ20260425-093351-0-1777080838-1222286-2_photo2_-image-p3524-11.webp","contentUrl":"https:\/\/www.domkraftpro.com\/wp-content\/uploads\/2026\/SK0006777-CZ20260425-093351-0-1777080838-1222286-2_photo2_-image-p3524-11.webp","width":1000,"height":750},{"@type":"BreadcrumbList","@id":"https:\/\/www.domkraftpro.com\/index.php\/produkt\/akce-oddalene-pneumaticke-splachovani-nozni-kov-zabudovani-do-podlahy-mpo12-28712\/#breadcrumb","itemListElement":[{"@type":"ListItem","position":1,"name":"Home","item":"https:\/\/www.domkraftpro.com\/"},{"@type":"ListItem","position":2,"name":"Products","item":"https:\/\/www.domkraftpro.com\/index.php\/products\/"},{"@type":"ListItem","position":3,"name":"Akce Odd\u00e1len\u00e9 pneumatick\u00e9 splachov\u00e1n\u00ed no\u017en\u00ed, kov, zabudov\u00e1n\u00ed: do podlahy MPO12"}]},{"@type":"WebSite","@id":"https:\/\/www.domkraftpro.com\/#website","url":"https:\/\/www.domkraftpro.com\/","name":"","description":"","potentialAction":[{"@type":"SearchAction","target":{"@type":"EntryPoint","urlTemplate":"https:\/\/www.domkraftpro.com\/?s={search_term_string}"},"query-input":{"@type":"PropertyValueSpecification","valueRequired":true,"valueName":"search_term_string"}}],"inLanguage":"cs"}]}},"_links":{"self":[{"href":"https:\/\/www.domkraftpro.com\/index.php\/wp-json\/wp\/v2\/product\/28712","targetHints":{"allow":["GET"]}}],"collection":[{"href":"https:\/\/www.domkraftpro.com\/index.php\/wp-json\/wp\/v2\/product"}],"about":[{"href":"https:\/\/www.domkraftpro.com\/index.php\/wp-json\/wp\/v2\/types\/product"}],"replies":[{"embeddable":true,"href":"https:\/\/www.domkraftpro.com\/index.php\/wp-json\/wp\/v2\/comments?post=28712"}],"wp:featuredmedia":[{"embeddable":true,"href":"https:\/\/www.domkraftpro.com\/index.php\/wp-json\/wp\/v2\/media\/28812"}],"wp:attachment":[{"href":"https:\/\/www.domkraftpro.com\/index.php\/wp-json\/wp\/v2\/media?parent=28712"}],"wp:term":[{"taxonomy":"product_brand","embeddable":true,"href":"https:\/\/www.domkraftpro.com\/index.php\/wp-json\/wp\/v2\/product_brand?post=28712"},{"taxonomy":"product_cat","embeddable":true,"href":"https:\/\/www.domkraftpro.com\/index.php\/wp-json\/wp\/v2\/product_cat?post=28712"},{"taxonomy":"product_tag","embeddable":true,"href":"https:\/\/www.domkraftpro.com\/index.php\/wp-json\/wp\/v2\/product_tag?post=28712"}],"curies":[{"name":"wp","href":"https:\/\/api.w.org\/{rel}","templated":true}]}}