{"id":28570,"date":"2026-04-27T04:41:37","date_gmt":"2026-04-27T04:41:37","guid":{"rendered":""},"modified":"2026-04-27T04:41:37","modified_gmt":"2026-04-27T04:41:37","slug":"akce-rost-pro-liniovy-podlahovy-zlab-nerez-mat-pure-1150m-28570","status":"publish","type":"product","link":"https:\/\/www.domkraftpro.com\/index.php\/produkt\/akce-rost-pro-liniovy-podlahovy-zlab-nerez-mat-pure-1150m-28570\/","title":{"rendered":"Akce Ro\u0161t pro liniov\u00fd podlahov\u00fd \u017elab, nerez-mat PURE-1150M"},"content":{"rendered":"<div class=\"basic-description\">\n<h3>Detailn\u00ed popis produktu<\/h3>\n<p>                                    <strong>Pou\u017eit\u00ed:<\/strong><br \/>Pro podlahov\u00e9 \u017elaby ALCA: APZ1, APZ101, APZ1001, APZ1101, APZ4, APZ104, APZ1004, APZ1104, APZ12, APZ22, APZ2012, APZ2022<\/p>\n<p><strong>Vlastnosti:<\/strong><br \/>Materi\u00e1l: nerezov\u00e1 ocel AISI 304, DIN 1.4301<br \/>Povrch: nerez mat<\/p>\n<p><strong>Technick\u00e9 parametry:<\/strong><br \/>T\u0159\u00edda zat\u00ed\u017een\u00ed K3 &#8211;  &#8211; 300 &#8211; kg<\/p>\n<p><strong>Rozsah dod\u00e1vky:<\/strong><br \/>Demont\u00e1\u017en\u00ed h\u00e1\u010dek<br \/>Plastov\u00e1 vymezovac\u00ed op\u011brka<br \/>Ro\u0161t                            <\/div>\n","protected":false},"excerpt":{"rendered":"<p>Detailn\u00ed popis produktu Pou\u017eit\u00ed:Pro podlahov\u00e9 \u017elaby ALCA: APZ1, APZ101, APZ1001, APZ1101, APZ4, APZ104, APZ1004, APZ1104, APZ12, APZ22, APZ2012, APZ2022 Vlastnosti:Materi\u00e1l: nerezov\u00e1 ocel AISI 304, DIN 1.4301Povrch: nerez mat Technick\u00e9 parametry:T\u0159\u00edda zat\u00ed\u017een\u00ed K3 &#8211; &#8211; 300 &#8211; kg Rozsah dod\u00e1vky:Demont\u00e1\u017en\u00ed h\u00e1\u010dekPlastov\u00e1 vymezovac\u00ed op\u011brkaRo\u0161t<\/p>\n","protected":false},"featured_media":28670,"comment_status":"open","ping_status":"open","template":"","meta":[],"product_brand":[],"product_cat":[96],"product_tag":[],"class_list":{"0":"post-28570","1":"product","2":"type-product","3":"status-publish","4":"has-post-thumbnail","6":"product_cat-koupelny-a-sanitarni-technika","8":"first","9":"instock","10":"sale","11":"shipping-taxable","12":"purchasable","13":"product-type-simple"},"yoast_head":"<!-- This site is optimized with the Yoast SEO plugin v26.8 - https:\/\/yoast.com\/product\/yoast-seo-wordpress\/ -->\n<title>Akce Ro\u0161t pro liniov\u00fd podlahov\u00fd \u017elab, nerez-mat PURE-1150M -<\/title>\n<meta name=\"robots\" content=\"index, follow, max-snippet:-1, max-image-preview:large, max-video-preview:-1\" \/>\n<link rel=\"canonical\" href=\"https:\/\/www.domkraftpro.com\/index.php\/produkt\/akce-rost-pro-liniovy-podlahovy-zlab-nerez-mat-pure-1150m-28570\/\" \/>\n<meta property=\"og:locale\" content=\"cs_CZ\" \/>\n<meta property=\"og:type\" content=\"article\" \/>\n<meta property=\"og:title\" content=\"Akce Ro\u0161t pro liniov\u00fd podlahov\u00fd \u017elab, nerez-mat PURE-1150M -\" \/>\n<meta property=\"og:description\" content=\"Detailn\u00ed popis produktu Pou\u017eit\u00ed:Pro podlahov\u00e9 \u017elaby ALCA: APZ1, APZ101, APZ1001, APZ1101, APZ4, APZ104, APZ1004, APZ1104, APZ12, APZ22, APZ2012, APZ2022 Vlastnosti:Materi\u00e1l: nerezov\u00e1 ocel AISI 304, DIN 1.4301Povrch: nerez mat Technick\u00e9 parametry:T\u0159\u00edda zat\u00ed\u017een\u00ed K3 &#8211; &#8211; 300 &#8211; kg Rozsah dod\u00e1vky:Demont\u00e1\u017en\u00ed h\u00e1\u010dekPlastov\u00e1 vymezovac\u00ed op\u011brkaRo\u0161t\" \/>\n<meta property=\"og:url\" content=\"https:\/\/www.domkraftpro.com\/index.php\/produkt\/akce-rost-pro-liniovy-podlahovy-zlab-nerez-mat-pure-1150m-28570\/\" \/>\n<meta property=\"og:image\" content=\"https:\/\/www.domkraftpro.com\/wp-content\/uploads\/2026\/SK0006735-CZ20260425-093351-0-1777080838-1222505-2_photo2_-image-p3579-8.webp\" \/>\n\t<meta property=\"og:image:width\" content=\"1000\" \/>\n\t<meta property=\"og:image:height\" content=\"750\" \/>\n\t<meta property=\"og:image:type\" content=\"image\/webp\" \/>\n<meta name=\"twitter:card\" content=\"summary_large_image\" \/>\n<script type=\"application\/ld+json\" class=\"yoast-schema-graph\">{\"@context\":\"https:\/\/schema.org\",\"@graph\":[{\"@type\":\"WebPage\",\"@id\":\"https:\/\/www.domkraftpro.com\/index.php\/produkt\/akce-rost-pro-liniovy-podlahovy-zlab-nerez-mat-pure-1150m-28570\/\",\"url\":\"https:\/\/www.domkraftpro.com\/index.php\/produkt\/akce-rost-pro-liniovy-podlahovy-zlab-nerez-mat-pure-1150m-28570\/\",\"name\":\"Akce Ro\u0161t pro liniov\u00fd podlahov\u00fd \u017elab, nerez-mat PURE-1150M -\",\"isPartOf\":{\"@id\":\"https:\/\/www.domkraftpro.com\/#website\"},\"primaryImageOfPage\":{\"@id\":\"https:\/\/www.domkraftpro.com\/index.php\/produkt\/akce-rost-pro-liniovy-podlahovy-zlab-nerez-mat-pure-1150m-28570\/#primaryimage\"},\"image\":{\"@id\":\"https:\/\/www.domkraftpro.com\/index.php\/produkt\/akce-rost-pro-liniovy-podlahovy-zlab-nerez-mat-pure-1150m-28570\/#primaryimage\"},\"thumbnailUrl\":\"https:\/\/www.domkraftpro.com\/wp-content\/uploads\/2026\/SK0006735-CZ20260425-093351-0-1777080838-1222505-2_photo2_-image-p3579-8.webp\",\"datePublished\":\"2026-04-27T04:41:37+00:00\",\"breadcrumb\":{\"@id\":\"https:\/\/www.domkraftpro.com\/index.php\/produkt\/akce-rost-pro-liniovy-podlahovy-zlab-nerez-mat-pure-1150m-28570\/#breadcrumb\"},\"inLanguage\":\"cs\",\"potentialAction\":[{\"@type\":\"ReadAction\",\"target\":[\"https:\/\/www.domkraftpro.com\/index.php\/produkt\/akce-rost-pro-liniovy-podlahovy-zlab-nerez-mat-pure-1150m-28570\/\"]}]},{\"@type\":\"ImageObject\",\"inLanguage\":\"cs\",\"@id\":\"https:\/\/www.domkraftpro.com\/index.php\/produkt\/akce-rost-pro-liniovy-podlahovy-zlab-nerez-mat-pure-1150m-28570\/#primaryimage\",\"url\":\"https:\/\/www.domkraftpro.com\/wp-content\/uploads\/2026\/SK0006735-CZ20260425-093351-0-1777080838-1222505-2_photo2_-image-p3579-8.webp\",\"contentUrl\":\"https:\/\/www.domkraftpro.com\/wp-content\/uploads\/2026\/SK0006735-CZ20260425-093351-0-1777080838-1222505-2_photo2_-image-p3579-8.webp\",\"width\":1000,\"height\":750},{\"@type\":\"BreadcrumbList\",\"@id\":\"https:\/\/www.domkraftpro.com\/index.php\/produkt\/akce-rost-pro-liniovy-podlahovy-zlab-nerez-mat-pure-1150m-28570\/#breadcrumb\",\"itemListElement\":[{\"@type\":\"ListItem\",\"position\":1,\"name\":\"Home\",\"item\":\"https:\/\/www.domkraftpro.com\/\"},{\"@type\":\"ListItem\",\"position\":2,\"name\":\"Products\",\"item\":\"https:\/\/www.domkraftpro.com\/index.php\/products\/\"},{\"@type\":\"ListItem\",\"position\":3,\"name\":\"Akce Ro\u0161t pro liniov\u00fd podlahov\u00fd \u017elab, nerez-mat PURE-1150M\"}]},{\"@type\":\"WebSite\",\"@id\":\"https:\/\/www.domkraftpro.com\/#website\",\"url\":\"https:\/\/www.domkraftpro.com\/\",\"name\":\"\",\"description\":\"\",\"potentialAction\":[{\"@type\":\"SearchAction\",\"target\":{\"@type\":\"EntryPoint\",\"urlTemplate\":\"https:\/\/www.domkraftpro.com\/?s={search_term_string}\"},\"query-input\":{\"@type\":\"PropertyValueSpecification\",\"valueRequired\":true,\"valueName\":\"search_term_string\"}}],\"inLanguage\":\"cs\"}]}<\/script>\n<!-- \/ Yoast SEO plugin. -->","yoast_head_json":{"title":"Akce Ro\u0161t pro liniov\u00fd podlahov\u00fd \u017elab, nerez-mat PURE-1150M -","robots":{"index":"index","follow":"follow","max-snippet":"max-snippet:-1","max-image-preview":"max-image-preview:large","max-video-preview":"max-video-preview:-1"},"canonical":"https:\/\/www.domkraftpro.com\/index.php\/produkt\/akce-rost-pro-liniovy-podlahovy-zlab-nerez-mat-pure-1150m-28570\/","og_locale":"cs_CZ","og_type":"article","og_title":"Akce Ro\u0161t pro liniov\u00fd podlahov\u00fd \u017elab, nerez-mat PURE-1150M -","og_description":"Detailn\u00ed popis produktu Pou\u017eit\u00ed:Pro podlahov\u00e9 \u017elaby ALCA: APZ1, APZ101, APZ1001, APZ1101, APZ4, APZ104, APZ1004, APZ1104, APZ12, APZ22, APZ2012, APZ2022 Vlastnosti:Materi\u00e1l: nerezov\u00e1 ocel AISI 304, DIN 1.4301Povrch: nerez mat Technick\u00e9 parametry:T\u0159\u00edda zat\u00ed\u017een\u00ed K3 &#8211; &#8211; 300 &#8211; kg Rozsah dod\u00e1vky:Demont\u00e1\u017en\u00ed h\u00e1\u010dekPlastov\u00e1 vymezovac\u00ed op\u011brkaRo\u0161t","og_url":"https:\/\/www.domkraftpro.com\/index.php\/produkt\/akce-rost-pro-liniovy-podlahovy-zlab-nerez-mat-pure-1150m-28570\/","og_image":[{"width":1000,"height":750,"url":"https:\/\/www.domkraftpro.com\/wp-content\/uploads\/2026\/SK0006735-CZ20260425-093351-0-1777080838-1222505-2_photo2_-image-p3579-8.webp","type":"image\/webp"}],"twitter_card":"summary_large_image","schema":{"@context":"https:\/\/schema.org","@graph":[{"@type":"WebPage","@id":"https:\/\/www.domkraftpro.com\/index.php\/produkt\/akce-rost-pro-liniovy-podlahovy-zlab-nerez-mat-pure-1150m-28570\/","url":"https:\/\/www.domkraftpro.com\/index.php\/produkt\/akce-rost-pro-liniovy-podlahovy-zlab-nerez-mat-pure-1150m-28570\/","name":"Akce Ro\u0161t pro liniov\u00fd podlahov\u00fd \u017elab, nerez-mat PURE-1150M -","isPartOf":{"@id":"https:\/\/www.domkraftpro.com\/#website"},"primaryImageOfPage":{"@id":"https:\/\/www.domkraftpro.com\/index.php\/produkt\/akce-rost-pro-liniovy-podlahovy-zlab-nerez-mat-pure-1150m-28570\/#primaryimage"},"image":{"@id":"https:\/\/www.domkraftpro.com\/index.php\/produkt\/akce-rost-pro-liniovy-podlahovy-zlab-nerez-mat-pure-1150m-28570\/#primaryimage"},"thumbnailUrl":"https:\/\/www.domkraftpro.com\/wp-content\/uploads\/2026\/SK0006735-CZ20260425-093351-0-1777080838-1222505-2_photo2_-image-p3579-8.webp","datePublished":"2026-04-27T04:41:37+00:00","breadcrumb":{"@id":"https:\/\/www.domkraftpro.com\/index.php\/produkt\/akce-rost-pro-liniovy-podlahovy-zlab-nerez-mat-pure-1150m-28570\/#breadcrumb"},"inLanguage":"cs","potentialAction":[{"@type":"ReadAction","target":["https:\/\/www.domkraftpro.com\/index.php\/produkt\/akce-rost-pro-liniovy-podlahovy-zlab-nerez-mat-pure-1150m-28570\/"]}]},{"@type":"ImageObject","inLanguage":"cs","@id":"https:\/\/www.domkraftpro.com\/index.php\/produkt\/akce-rost-pro-liniovy-podlahovy-zlab-nerez-mat-pure-1150m-28570\/#primaryimage","url":"https:\/\/www.domkraftpro.com\/wp-content\/uploads\/2026\/SK0006735-CZ20260425-093351-0-1777080838-1222505-2_photo2_-image-p3579-8.webp","contentUrl":"https:\/\/www.domkraftpro.com\/wp-content\/uploads\/2026\/SK0006735-CZ20260425-093351-0-1777080838-1222505-2_photo2_-image-p3579-8.webp","width":1000,"height":750},{"@type":"BreadcrumbList","@id":"https:\/\/www.domkraftpro.com\/index.php\/produkt\/akce-rost-pro-liniovy-podlahovy-zlab-nerez-mat-pure-1150m-28570\/#breadcrumb","itemListElement":[{"@type":"ListItem","position":1,"name":"Home","item":"https:\/\/www.domkraftpro.com\/"},{"@type":"ListItem","position":2,"name":"Products","item":"https:\/\/www.domkraftpro.com\/index.php\/products\/"},{"@type":"ListItem","position":3,"name":"Akce Ro\u0161t pro liniov\u00fd podlahov\u00fd \u017elab, nerez-mat PURE-1150M"}]},{"@type":"WebSite","@id":"https:\/\/www.domkraftpro.com\/#website","url":"https:\/\/www.domkraftpro.com\/","name":"","description":"","potentialAction":[{"@type":"SearchAction","target":{"@type":"EntryPoint","urlTemplate":"https:\/\/www.domkraftpro.com\/?s={search_term_string}"},"query-input":{"@type":"PropertyValueSpecification","valueRequired":true,"valueName":"search_term_string"}}],"inLanguage":"cs"}]}},"_links":{"self":[{"href":"https:\/\/www.domkraftpro.com\/index.php\/wp-json\/wp\/v2\/product\/28570","targetHints":{"allow":["GET"]}}],"collection":[{"href":"https:\/\/www.domkraftpro.com\/index.php\/wp-json\/wp\/v2\/product"}],"about":[{"href":"https:\/\/www.domkraftpro.com\/index.php\/wp-json\/wp\/v2\/types\/product"}],"replies":[{"embeddable":true,"href":"https:\/\/www.domkraftpro.com\/index.php\/wp-json\/wp\/v2\/comments?post=28570"}],"wp:featuredmedia":[{"embeddable":true,"href":"https:\/\/www.domkraftpro.com\/index.php\/wp-json\/wp\/v2\/media\/28670"}],"wp:attachment":[{"href":"https:\/\/www.domkraftpro.com\/index.php\/wp-json\/wp\/v2\/media?parent=28570"}],"wp:term":[{"taxonomy":"product_brand","embeddable":true,"href":"https:\/\/www.domkraftpro.com\/index.php\/wp-json\/wp\/v2\/product_brand?post=28570"},{"taxonomy":"product_cat","embeddable":true,"href":"https:\/\/www.domkraftpro.com\/index.php\/wp-json\/wp\/v2\/product_cat?post=28570"},{"taxonomy":"product_tag","embeddable":true,"href":"https:\/\/www.domkraftpro.com\/index.php\/wp-json\/wp\/v2\/product_tag?post=28570"}],"curies":[{"name":"wp","href":"https:\/\/api.w.org\/{rel}","templated":true}]}}