{"id":28500,"date":"2026-04-27T04:41:37","date_gmt":"2026-04-27T04:41:37","guid":{"rendered":""},"modified":"2026-04-27T04:41:37","modified_gmt":"2026-04-27T04:41:37","slug":"akce-nimco-unix-cerna-matna-hacek-dlouhy-unc-13054l-90-28500","status":"publish","type":"product","link":"https:\/\/www.domkraftpro.com\/index.php\/produkt\/akce-nimco-unix-cerna-matna-hacek-dlouhy-unc-13054l-90-28500\/","title":{"rendered":"Akce Nimco UNIX &#8211; \u010cern\u00e1 matn\u00e1 H\u00e1\u010dek dlouh\u00fd UNC 13054L-90"},"content":{"rendered":"<div class=\"basic-description\">\n<h3>Detailn\u00ed popis produktu<\/h3>\n<p>                                    H\u00e1\u010dek dlouh\u00fd je skv\u011bl\u00fdm dopl\u0148kem do koupelny. V sou\u010dasn\u00fdch trendech panuje n\u00e1dech funkcionalismu a technick\u00fdch prvk\u016f. Tyto modern\u00ed tendence bezesporu reprezentuje \u0159ada koupelnov\u00fdch dopl\u0148k\u016f UNIX \u010dern\u00fd. Spojuje univerz\u00e1lnost chromu spolu s \u010dist\u00fdm a nevt\u00edrav\u00fdm vzez\u0159en\u00edm keramiky. D\u00edky technicky univerz\u00e1ln\u00edmu designu bude vhodn\u011b ladit s ostatn\u00edmi prvky dne\u0161n\u00edch koupelen. Dlouh\u00e1 \u017eivotnost, byteln\u00e9 proveden\u00ed, kvalitn\u00ed materi\u00e1l ji p\u0159edur\u010duj\u00ed z\u00edskat si \u0161irok\u00e9 uplatn\u011bn\u00ed, jak ve ve\u0159ejn\u00fdch za\u0159\u00edzen\u00edch, tak v dom\u00e1cnostech. H\u00e1\u010dek nen\u00ed k nalepen\u00ed!\u00a0  H\u00e1\u010dek dlouh\u00fd bude koupeln\u011b slu\u0161et mnohem v\u00edce, pokud zvol\u00edte i dal\u0161\u00ed dopl\u0148ky s\u00e9rie UNIX \u010dern\u00fd z nab\u00eddky koupelnov\u00fdch a WC dopl\u0148k\u016f NIMCO.                            <\/p><\/div>\n","protected":false},"excerpt":{"rendered":"<p>Detailn\u00ed popis produktu H\u00e1\u010dek dlouh\u00fd je skv\u011bl\u00fdm dopl\u0148kem do koupelny. V sou\u010dasn\u00fdch trendech panuje n\u00e1dech funkcionalismu a technick\u00fdch prvk\u016f. Tyto modern\u00ed tendence bezesporu reprezentuje \u0159ada koupelnov\u00fdch dopl\u0148k\u016f UNIX \u010dern\u00fd. Spojuje univerz\u00e1lnost chromu spolu s \u010dist\u00fdm a nevt\u00edrav\u00fdm vzez\u0159en\u00edm keramiky. D\u00edky technicky univerz\u00e1ln\u00edmu designu bude vhodn\u011b ladit s ostatn\u00edmi prvky dne\u0161n\u00edch koupelen. Dlouh\u00e1 \u017eivotnost, byteln\u00e9 proveden\u00ed, [&hellip;]<\/p>\n","protected":false},"featured_media":28600,"comment_status":"open","ping_status":"open","template":"","meta":[],"product_brand":[],"product_cat":[96],"product_tag":[],"class_list":{"0":"post-28500","1":"product","2":"type-product","3":"status-publish","4":"has-post-thumbnail","6":"product_cat-koupelny-a-sanitarni-technika","8":"first","9":"instock","10":"sale","11":"shipping-taxable","12":"purchasable","13":"product-type-simple"},"yoast_head":"<!-- This site is optimized with the Yoast SEO plugin v26.8 - https:\/\/yoast.com\/product\/yoast-seo-wordpress\/ -->\n<title>Akce Nimco UNIX - \u010cern\u00e1 matn\u00e1 H\u00e1\u010dek dlouh\u00fd UNC 13054L-90 -<\/title>\n<meta name=\"robots\" content=\"index, follow, max-snippet:-1, max-image-preview:large, max-video-preview:-1\" \/>\n<link rel=\"canonical\" href=\"https:\/\/www.domkraftpro.com\/index.php\/produkt\/akce-nimco-unix-cerna-matna-hacek-dlouhy-unc-13054l-90-28500\/\" \/>\n<meta property=\"og:locale\" content=\"cs_CZ\" \/>\n<meta property=\"og:type\" content=\"article\" \/>\n<meta property=\"og:title\" content=\"Akce Nimco UNIX - \u010cern\u00e1 matn\u00e1 H\u00e1\u010dek dlouh\u00fd UNC 13054L-90 -\" \/>\n<meta property=\"og:description\" content=\"Detailn\u00ed popis produktu H\u00e1\u010dek dlouh\u00fd je skv\u011bl\u00fdm dopl\u0148kem do koupelny. V sou\u010dasn\u00fdch trendech panuje n\u00e1dech funkcionalismu a technick\u00fdch prvk\u016f. Tyto modern\u00ed tendence bezesporu reprezentuje \u0159ada koupelnov\u00fdch dopl\u0148k\u016f UNIX \u010dern\u00fd. Spojuje univerz\u00e1lnost chromu spolu s \u010dist\u00fdm a nevt\u00edrav\u00fdm vzez\u0159en\u00edm keramiky. D\u00edky technicky univerz\u00e1ln\u00edmu designu bude vhodn\u011b ladit s ostatn\u00edmi prvky dne\u0161n\u00edch koupelen. Dlouh\u00e1 \u017eivotnost, byteln\u00e9 proveden\u00ed, [&hellip;]\" \/>\n<meta property=\"og:url\" content=\"https:\/\/www.domkraftpro.com\/index.php\/produkt\/akce-nimco-unix-cerna-matna-hacek-dlouhy-unc-13054l-90-28500\/\" \/>\n<meta property=\"og:image\" content=\"https:\/\/www.domkraftpro.com\/wp-content\/uploads\/2026\/SK0006665-CZ20260425-093351-0-1777080838-1223012_vykres.webp\" \/>\n\t<meta property=\"og:image:width\" content=\"1000\" \/>\n\t<meta property=\"og:image:height\" content=\"750\" \/>\n\t<meta property=\"og:image:type\" content=\"image\/webp\" \/>\n<meta name=\"twitter:card\" content=\"summary_large_image\" \/>\n<meta name=\"twitter:label1\" content=\"Odhadovan\u00e1 doba \u010dten\u00ed\" \/>\n\t<meta name=\"twitter:data1\" content=\"1 minuta\" \/>\n<script type=\"application\/ld+json\" class=\"yoast-schema-graph\">{\"@context\":\"https:\/\/schema.org\",\"@graph\":[{\"@type\":\"WebPage\",\"@id\":\"https:\/\/www.domkraftpro.com\/index.php\/produkt\/akce-nimco-unix-cerna-matna-hacek-dlouhy-unc-13054l-90-28500\/\",\"url\":\"https:\/\/www.domkraftpro.com\/index.php\/produkt\/akce-nimco-unix-cerna-matna-hacek-dlouhy-unc-13054l-90-28500\/\",\"name\":\"Akce Nimco UNIX - \u010cern\u00e1 matn\u00e1 H\u00e1\u010dek dlouh\u00fd UNC 13054L-90 -\",\"isPartOf\":{\"@id\":\"https:\/\/www.domkraftpro.com\/#website\"},\"primaryImageOfPage\":{\"@id\":\"https:\/\/www.domkraftpro.com\/index.php\/produkt\/akce-nimco-unix-cerna-matna-hacek-dlouhy-unc-13054l-90-28500\/#primaryimage\"},\"image\":{\"@id\":\"https:\/\/www.domkraftpro.com\/index.php\/produkt\/akce-nimco-unix-cerna-matna-hacek-dlouhy-unc-13054l-90-28500\/#primaryimage\"},\"thumbnailUrl\":\"https:\/\/www.domkraftpro.com\/wp-content\/uploads\/2026\/SK0006665-CZ20260425-093351-0-1777080838-1223012_vykres.webp\",\"datePublished\":\"2026-04-27T04:41:37+00:00\",\"breadcrumb\":{\"@id\":\"https:\/\/www.domkraftpro.com\/index.php\/produkt\/akce-nimco-unix-cerna-matna-hacek-dlouhy-unc-13054l-90-28500\/#breadcrumb\"},\"inLanguage\":\"cs\",\"potentialAction\":[{\"@type\":\"ReadAction\",\"target\":[\"https:\/\/www.domkraftpro.com\/index.php\/produkt\/akce-nimco-unix-cerna-matna-hacek-dlouhy-unc-13054l-90-28500\/\"]}]},{\"@type\":\"ImageObject\",\"inLanguage\":\"cs\",\"@id\":\"https:\/\/www.domkraftpro.com\/index.php\/produkt\/akce-nimco-unix-cerna-matna-hacek-dlouhy-unc-13054l-90-28500\/#primaryimage\",\"url\":\"https:\/\/www.domkraftpro.com\/wp-content\/uploads\/2026\/SK0006665-CZ20260425-093351-0-1777080838-1223012_vykres.webp\",\"contentUrl\":\"https:\/\/www.domkraftpro.com\/wp-content\/uploads\/2026\/SK0006665-CZ20260425-093351-0-1777080838-1223012_vykres.webp\",\"width\":1000,\"height\":750},{\"@type\":\"BreadcrumbList\",\"@id\":\"https:\/\/www.domkraftpro.com\/index.php\/produkt\/akce-nimco-unix-cerna-matna-hacek-dlouhy-unc-13054l-90-28500\/#breadcrumb\",\"itemListElement\":[{\"@type\":\"ListItem\",\"position\":1,\"name\":\"Home\",\"item\":\"https:\/\/www.domkraftpro.com\/\"},{\"@type\":\"ListItem\",\"position\":2,\"name\":\"Products\",\"item\":\"https:\/\/www.domkraftpro.com\/index.php\/products\/\"},{\"@type\":\"ListItem\",\"position\":3,\"name\":\"Akce Nimco UNIX &#8211; \u010cern\u00e1 matn\u00e1 H\u00e1\u010dek dlouh\u00fd UNC 13054L-90\"}]},{\"@type\":\"WebSite\",\"@id\":\"https:\/\/www.domkraftpro.com\/#website\",\"url\":\"https:\/\/www.domkraftpro.com\/\",\"name\":\"\",\"description\":\"\",\"potentialAction\":[{\"@type\":\"SearchAction\",\"target\":{\"@type\":\"EntryPoint\",\"urlTemplate\":\"https:\/\/www.domkraftpro.com\/?s={search_term_string}\"},\"query-input\":{\"@type\":\"PropertyValueSpecification\",\"valueRequired\":true,\"valueName\":\"search_term_string\"}}],\"inLanguage\":\"cs\"}]}<\/script>\n<!-- \/ Yoast SEO plugin. -->","yoast_head_json":{"title":"Akce Nimco UNIX - \u010cern\u00e1 matn\u00e1 H\u00e1\u010dek dlouh\u00fd UNC 13054L-90 -","robots":{"index":"index","follow":"follow","max-snippet":"max-snippet:-1","max-image-preview":"max-image-preview:large","max-video-preview":"max-video-preview:-1"},"canonical":"https:\/\/www.domkraftpro.com\/index.php\/produkt\/akce-nimco-unix-cerna-matna-hacek-dlouhy-unc-13054l-90-28500\/","og_locale":"cs_CZ","og_type":"article","og_title":"Akce Nimco UNIX - \u010cern\u00e1 matn\u00e1 H\u00e1\u010dek dlouh\u00fd UNC 13054L-90 -","og_description":"Detailn\u00ed popis produktu H\u00e1\u010dek dlouh\u00fd je skv\u011bl\u00fdm dopl\u0148kem do koupelny. V sou\u010dasn\u00fdch trendech panuje n\u00e1dech funkcionalismu a technick\u00fdch prvk\u016f. Tyto modern\u00ed tendence bezesporu reprezentuje \u0159ada koupelnov\u00fdch dopl\u0148k\u016f UNIX \u010dern\u00fd. Spojuje univerz\u00e1lnost chromu spolu s \u010dist\u00fdm a nevt\u00edrav\u00fdm vzez\u0159en\u00edm keramiky. D\u00edky technicky univerz\u00e1ln\u00edmu designu bude vhodn\u011b ladit s ostatn\u00edmi prvky dne\u0161n\u00edch koupelen. Dlouh\u00e1 \u017eivotnost, byteln\u00e9 proveden\u00ed, [&hellip;]","og_url":"https:\/\/www.domkraftpro.com\/index.php\/produkt\/akce-nimco-unix-cerna-matna-hacek-dlouhy-unc-13054l-90-28500\/","og_image":[{"width":1000,"height":750,"url":"https:\/\/www.domkraftpro.com\/wp-content\/uploads\/2026\/SK0006665-CZ20260425-093351-0-1777080838-1223012_vykres.webp","type":"image\/webp"}],"twitter_card":"summary_large_image","twitter_misc":{"Odhadovan\u00e1 doba \u010dten\u00ed":"1 minuta"},"schema":{"@context":"https:\/\/schema.org","@graph":[{"@type":"WebPage","@id":"https:\/\/www.domkraftpro.com\/index.php\/produkt\/akce-nimco-unix-cerna-matna-hacek-dlouhy-unc-13054l-90-28500\/","url":"https:\/\/www.domkraftpro.com\/index.php\/produkt\/akce-nimco-unix-cerna-matna-hacek-dlouhy-unc-13054l-90-28500\/","name":"Akce Nimco UNIX - \u010cern\u00e1 matn\u00e1 H\u00e1\u010dek dlouh\u00fd UNC 13054L-90 -","isPartOf":{"@id":"https:\/\/www.domkraftpro.com\/#website"},"primaryImageOfPage":{"@id":"https:\/\/www.domkraftpro.com\/index.php\/produkt\/akce-nimco-unix-cerna-matna-hacek-dlouhy-unc-13054l-90-28500\/#primaryimage"},"image":{"@id":"https:\/\/www.domkraftpro.com\/index.php\/produkt\/akce-nimco-unix-cerna-matna-hacek-dlouhy-unc-13054l-90-28500\/#primaryimage"},"thumbnailUrl":"https:\/\/www.domkraftpro.com\/wp-content\/uploads\/2026\/SK0006665-CZ20260425-093351-0-1777080838-1223012_vykres.webp","datePublished":"2026-04-27T04:41:37+00:00","breadcrumb":{"@id":"https:\/\/www.domkraftpro.com\/index.php\/produkt\/akce-nimco-unix-cerna-matna-hacek-dlouhy-unc-13054l-90-28500\/#breadcrumb"},"inLanguage":"cs","potentialAction":[{"@type":"ReadAction","target":["https:\/\/www.domkraftpro.com\/index.php\/produkt\/akce-nimco-unix-cerna-matna-hacek-dlouhy-unc-13054l-90-28500\/"]}]},{"@type":"ImageObject","inLanguage":"cs","@id":"https:\/\/www.domkraftpro.com\/index.php\/produkt\/akce-nimco-unix-cerna-matna-hacek-dlouhy-unc-13054l-90-28500\/#primaryimage","url":"https:\/\/www.domkraftpro.com\/wp-content\/uploads\/2026\/SK0006665-CZ20260425-093351-0-1777080838-1223012_vykres.webp","contentUrl":"https:\/\/www.domkraftpro.com\/wp-content\/uploads\/2026\/SK0006665-CZ20260425-093351-0-1777080838-1223012_vykres.webp","width":1000,"height":750},{"@type":"BreadcrumbList","@id":"https:\/\/www.domkraftpro.com\/index.php\/produkt\/akce-nimco-unix-cerna-matna-hacek-dlouhy-unc-13054l-90-28500\/#breadcrumb","itemListElement":[{"@type":"ListItem","position":1,"name":"Home","item":"https:\/\/www.domkraftpro.com\/"},{"@type":"ListItem","position":2,"name":"Products","item":"https:\/\/www.domkraftpro.com\/index.php\/products\/"},{"@type":"ListItem","position":3,"name":"Akce Nimco UNIX &#8211; \u010cern\u00e1 matn\u00e1 H\u00e1\u010dek dlouh\u00fd UNC 13054L-90"}]},{"@type":"WebSite","@id":"https:\/\/www.domkraftpro.com\/#website","url":"https:\/\/www.domkraftpro.com\/","name":"","description":"","potentialAction":[{"@type":"SearchAction","target":{"@type":"EntryPoint","urlTemplate":"https:\/\/www.domkraftpro.com\/?s={search_term_string}"},"query-input":{"@type":"PropertyValueSpecification","valueRequired":true,"valueName":"search_term_string"}}],"inLanguage":"cs"}]}},"_links":{"self":[{"href":"https:\/\/www.domkraftpro.com\/index.php\/wp-json\/wp\/v2\/product\/28500","targetHints":{"allow":["GET"]}}],"collection":[{"href":"https:\/\/www.domkraftpro.com\/index.php\/wp-json\/wp\/v2\/product"}],"about":[{"href":"https:\/\/www.domkraftpro.com\/index.php\/wp-json\/wp\/v2\/types\/product"}],"replies":[{"embeddable":true,"href":"https:\/\/www.domkraftpro.com\/index.php\/wp-json\/wp\/v2\/comments?post=28500"}],"wp:featuredmedia":[{"embeddable":true,"href":"https:\/\/www.domkraftpro.com\/index.php\/wp-json\/wp\/v2\/media\/28600"}],"wp:attachment":[{"href":"https:\/\/www.domkraftpro.com\/index.php\/wp-json\/wp\/v2\/media?parent=28500"}],"wp:term":[{"taxonomy":"product_brand","embeddable":true,"href":"https:\/\/www.domkraftpro.com\/index.php\/wp-json\/wp\/v2\/product_brand?post=28500"},{"taxonomy":"product_cat","embeddable":true,"href":"https:\/\/www.domkraftpro.com\/index.php\/wp-json\/wp\/v2\/product_cat?post=28500"},{"taxonomy":"product_tag","embeddable":true,"href":"https:\/\/www.domkraftpro.com\/index.php\/wp-json\/wp\/v2\/product_tag?post=28500"}],"curies":[{"name":"wp","href":"https:\/\/api.w.org\/{rel}","templated":true}]}}