{"id":28370,"date":"2026-04-27T04:41:36","date_gmt":"2026-04-27T04:41:36","guid":{"rendered":""},"modified":"2026-04-27T04:41:36","modified_gmt":"2026-04-27T04:41:36","slug":"akce-donner-round-foam-cerny-28370","status":"publish","type":"product","link":"https:\/\/www.domkraftpro.com\/index.php\/produkt\/akce-donner-round-foam-cerny-28370\/","title":{"rendered":"Akce Donner ROUND (Foam) \u010cern\u00fd"},"content":{"rendered":"<div class=\"basic-description\">\n<h3>Detailn\u00ed popis produktu<\/h3>\n<div class=\"rowNewText\">\n<p>D\u00e1vkova\u010d p\u011bnov\u00e9ho m\u00fddla a desinfekce Donner ROUND Foam funguje zcela bezkontaktn\u011b, jeho provoz je tak maxim\u00e1ln\u011b hygienick\u00fd. Spot\u0159eba p\u011bnov\u00e9ho m\u00fddla \/ desinfekce je v&nbsp;porovn\u00e1n\u00ed s&nbsp;tekutou n\u00e1pln\u00ed&nbsp;v\u00fdrazn\u011b ni\u017e\u0161\u00ed. S&nbsp;d\u00e1vkova\u010dem p\u011bnov\u00e9ho&nbsp;m\u00fddla \/ desinfekce ROUND Foam&nbsp;nejste v\u00e1z\u00e1ni na jednoho dodavatele n\u00e1pln\u00ed. Do n\u00e1dobky o kapacit\u011b 700 ml m\u016f\u017eete nal\u00edt p\u011bnov\u00e9 m\u00fddlo nebo desinfekci od libovoln\u00e9ho v\u00fdrobce. D\u00edky sv\u00fdm kompaktn\u00edm rozm\u011br\u016fm a elegantn\u00edmu designu m\u016f\u017eete tento d\u00e1vkova\u010d um\u00edstit do jak\u00e9hokoliv interi\u00e9ru.<\/p>\n<\/div>\n<div class=\"rowNewText\">\n<h3>Bezkontaktn\u00ed hygienick\u00e9 pou\u017eit\u00ed<\/h3>\n<\/div>\n<div class=\"rowNewText\">\n<p>Bezprost\u0159edn\u011b po p\u0159ilo\u017een\u00ed rukou dojde k&nbsp;automatick\u00e9mu v\u00fddeji d\u00e1vky p\u011bnov\u00e9ho m\u00fddla \/ desinfekce. Nedoch\u00e1z\u00ed tak k&nbsp;\u017e\u00e1dn\u00e9mu kontaktu s&nbsp;d\u00e1vkova\u010dem.<\/p>\n<\/div>\n<div class=\"rowNewText\">\n<h3>Univerz\u00e1ln\u00ed d\u00e1vkova\u010d p\u011bnov\u00e9ho m\u00fddla a desinfekce<\/h3>\n<\/div>\n<div class=\"rowNewText\">\n<p>P\u011bnov\u00e9 m\u00fddlo nab\u00edz\u00ed celou \u0159adu v\u00fdhod. Na jedno umyt\u00ed je jej zapot\u0159eb\u00ed mnohem men\u0161\u00ed mno\u017estv\u00ed. N\u00e1dobku tak nen\u00ed nutn\u00e9 tak \u010dasto dopl\u0148ovat. Samotn\u00e9 umyt\u00ed rukou je rychlej\u0161\u00ed. Donner ROUND Foam&nbsp;je mo\u017en\u00e9 vyu\u017e\u00edt pro d\u00e1vkov\u00e1n\u00ed p\u011bnov\u00e9ho m\u00fddla od jak\u00e9hokoliv v\u00fdrobce. Takt\u00e9\u017e si m\u016f\u017eete p\u011bnov\u00e9 m\u00fddlo vyrobit sami, sta\u010d\u00ed jednodu\u0161e sm\u00edchat gelov\u00e9 m\u00fddlo s&nbsp;p\u0159eva\u0159enou \u010di destilovanou vodou. Donner ROUND Foam stejn\u011b tak dob\u0159e poslou\u017e\u00ed jako d\u00e1vkova\u010d p\u011bnov\u00e9 dezinfekce.<\/p>\n<\/div>\n<div class=\"rowNewText\">\n<h3>Odoln\u00e9 t\u011blo z&nbsp;nerezov\u00e9 oceli<\/h3>\n<\/div>\n<div class=\"rowNewText\">\n<p>Automatick\u00fd d\u00e1vkova\u010d p\u011bnov\u00e9ho m\u00fddla je dostupn\u00fd v b\u00edl\u00e9 povrchov\u00e9 \u00faprav\u011b a matn\u00e9m nerezu. T\u011blo p\u0159\u00edstroje je vyrobeno z kvalitn\u00ed nerezov\u00e9 oceli. Pou\u017eit\u00e9 materi\u00e1ly zaji\u0161tuj\u00ed dlouhou \u017eivotnost a mechanickou odolnost.<\/p>\n<\/div>\n<div class=\"rowNewText\">\n<h3>Jednoduch\u00e9 pln\u011bn\u00ed a snadn\u00e1 \u00fadr\u017eba<\/h3>\n<\/div>\n<div class=\"rowNewText\">\n<p>N\u00e1hradn\u00ed n\u00e1pl\u0148 se do d\u00e1vkova\u010de jednodu\u0161e dol\u00e9v\u00e1 \u0161irok\u00fdm hrdlem. Z\u00e1sobn\u00edk je zabezpe\u010den proti neautorizovan\u00e9 manipulaci servisn\u00edm kl\u00ed\u010dem. Na t\u011ble d\u00e1vkova\u010de se nenach\u00e1z\u00ed \u017e\u00e1dn\u00e9 z\u00e1hyby na kter\u00fdch by se mohla dr\u017eet p\u0159\u00edpadn\u00e9 ne\u010distoty. D\u00e1vkova\u010d sta\u010d\u00ed v&nbsp;r\u00e1mci b\u011b\u017en\u00e9 sanitace jednodu\u0161e ut\u0159\u00edt had\u0159\u00edkem s&nbsp;b\u011b\u017en\u00fdm \u010dist\u00edc\u00edm prost\u0159edkem. Tryska d\u00e1vkova\u010de je vyj\u00edmateln\u00e1. D\u00edky tomu je mo\u017en\u00e9 ji ob\u010das opl\u00e1chnout a zamezit tak jej\u00edmu zanesen\u00ed.<\/p>\n<\/div>\n<div class=\"rowNewText\">\n<h3>Dlouh\u00e1 v\u00fddr\u017e bateri\u00ed<\/h3>\n<\/div>\n<div class=\"rowNewText\">\n<p>D\u00e1vkova\u010d je nap\u00e1jen\u00fd pomoc\u00ed \u010dty\u0159 kus\u016f tu\u017ekov\u00fdch AA bateri\u00ed (nebo adapt\u00e9r DC6V). P\u0159i pou\u017eit\u00ed kvalitn\u00edch bateri\u00ed v\u00e1m bude d\u00e1vkova\u010d p\u011bnov\u00e9ho m\u00fddla ROUND Foam slou\u017eit v\u00edce ne\u017e 6 m\u011bs\u00edc\u016f (p\u0159i b\u011b\u017en\u00e9m provozu).<\/p>\n<\/div>\n<div class=\"rowNewText\">\n<p><i><b>Upozorn\u011bn\u00ed:<\/b>&nbsp;Pro spr\u00e1vnou funk\u010dnost automatick\u00e9ho d\u00e1vkova\u010de pou\u017e\u00edvejte pouze v\u00fdrobcem stanoven\u00e9 nap\u00e1jec\u00ed baterie. Nepou\u017e\u00edvejte nealkalick\u00e9 a nab\u00edjec\u00ed baterie, jeliko\u017e u tohoto typu doch\u00e1z\u00ed k jeho rychl\u00e9mu samo-vyb\u00edjen\u00ed.<\/i><\/p>\n<\/div><\/div>\n","protected":false},"excerpt":{"rendered":"<p>Detailn\u00ed popis produktu D\u00e1vkova\u010d p\u011bnov\u00e9ho m\u00fddla a desinfekce Donner ROUND Foam funguje zcela bezkontaktn\u011b, jeho provoz je tak maxim\u00e1ln\u011b hygienick\u00fd. Spot\u0159eba p\u011bnov\u00e9ho m\u00fddla \/ desinfekce je v&nbsp;porovn\u00e1n\u00ed s&nbsp;tekutou n\u00e1pln\u00ed&nbsp;v\u00fdrazn\u011b ni\u017e\u0161\u00ed. S&nbsp;d\u00e1vkova\u010dem p\u011bnov\u00e9ho&nbsp;m\u00fddla \/ desinfekce ROUND Foam&nbsp;nejste v\u00e1z\u00e1ni na jednoho dodavatele n\u00e1pln\u00ed. Do n\u00e1dobky o kapacit\u011b 700 ml m\u016f\u017eete nal\u00edt p\u011bnov\u00e9 m\u00fddlo nebo desinfekci od libovoln\u00e9ho [&hellip;]<\/p>\n","protected":false},"featured_media":28470,"comment_status":"open","ping_status":"open","template":"","meta":[],"product_brand":[],"product_cat":[96],"product_tag":[],"class_list":{"0":"post-28370","1":"product","2":"type-product","3":"status-publish","4":"has-post-thumbnail","6":"product_cat-koupelny-a-sanitarni-technika","8":"first","9":"instock","10":"sale","11":"shipping-taxable","12":"purchasable","13":"product-type-simple"},"yoast_head":"<!-- This site is optimized with the Yoast SEO plugin v26.8 - https:\/\/yoast.com\/product\/yoast-seo-wordpress\/ -->\n<title>Akce Donner ROUND (Foam) \u010cern\u00fd -<\/title>\n<meta name=\"robots\" content=\"index, follow, max-snippet:-1, max-image-preview:large, max-video-preview:-1\" \/>\n<link rel=\"canonical\" href=\"https:\/\/www.domkraftpro.com\/index.php\/produkt\/akce-donner-round-foam-cerny-28370\/\" \/>\n<meta property=\"og:locale\" content=\"cs_CZ\" \/>\n<meta property=\"og:type\" content=\"article\" \/>\n<meta property=\"og:title\" content=\"Akce Donner ROUND (Foam) \u010cern\u00fd -\" \/>\n<meta property=\"og:description\" content=\"Detailn\u00ed popis produktu D\u00e1vkova\u010d p\u011bnov\u00e9ho m\u00fddla a desinfekce Donner ROUND Foam funguje zcela bezkontaktn\u011b, jeho provoz je tak maxim\u00e1ln\u011b hygienick\u00fd. Spot\u0159eba p\u011bnov\u00e9ho m\u00fddla \/ desinfekce je v&nbsp;porovn\u00e1n\u00ed s&nbsp;tekutou n\u00e1pln\u00ed&nbsp;v\u00fdrazn\u011b ni\u017e\u0161\u00ed. S&nbsp;d\u00e1vkova\u010dem p\u011bnov\u00e9ho&nbsp;m\u00fddla \/ desinfekce ROUND Foam&nbsp;nejste v\u00e1z\u00e1ni na jednoho dodavatele n\u00e1pln\u00ed. Do n\u00e1dobky o kapacit\u011b 700 ml m\u016f\u017eete nal\u00edt p\u011bnov\u00e9 m\u00fddlo nebo desinfekci od libovoln\u00e9ho [&hellip;]\" \/>\n<meta property=\"og:url\" content=\"https:\/\/www.domkraftpro.com\/index.php\/produkt\/akce-donner-round-foam-cerny-28370\/\" \/>\n<meta property=\"og:image\" content=\"https:\/\/www.domkraftpro.com\/wp-content\/uploads\/2026\/SK0006635-CZ20260425-093351-0-1777080838-1234381_donner-round--foam--cerny.webp\" \/>\n\t<meta property=\"og:image:width\" content=\"1000\" \/>\n\t<meta property=\"og:image:height\" content=\"750\" \/>\n\t<meta property=\"og:image:type\" content=\"image\/webp\" \/>\n<meta name=\"twitter:card\" content=\"summary_large_image\" \/>\n<meta name=\"twitter:label1\" content=\"Odhadovan\u00e1 doba \u010dten\u00ed\" \/>\n\t<meta name=\"twitter:data1\" content=\"3 minuty\" \/>\n<script type=\"application\/ld+json\" class=\"yoast-schema-graph\">{\"@context\":\"https:\/\/schema.org\",\"@graph\":[{\"@type\":\"WebPage\",\"@id\":\"https:\/\/www.domkraftpro.com\/index.php\/produkt\/akce-donner-round-foam-cerny-28370\/\",\"url\":\"https:\/\/www.domkraftpro.com\/index.php\/produkt\/akce-donner-round-foam-cerny-28370\/\",\"name\":\"Akce Donner ROUND (Foam) \u010cern\u00fd -\",\"isPartOf\":{\"@id\":\"https:\/\/www.domkraftpro.com\/#website\"},\"primaryImageOfPage\":{\"@id\":\"https:\/\/www.domkraftpro.com\/index.php\/produkt\/akce-donner-round-foam-cerny-28370\/#primaryimage\"},\"image\":{\"@id\":\"https:\/\/www.domkraftpro.com\/index.php\/produkt\/akce-donner-round-foam-cerny-28370\/#primaryimage\"},\"thumbnailUrl\":\"https:\/\/www.domkraftpro.com\/wp-content\/uploads\/2026\/SK0006635-CZ20260425-093351-0-1777080838-1234381_donner-round--foam--cerny.webp\",\"datePublished\":\"2026-04-27T04:41:36+00:00\",\"breadcrumb\":{\"@id\":\"https:\/\/www.domkraftpro.com\/index.php\/produkt\/akce-donner-round-foam-cerny-28370\/#breadcrumb\"},\"inLanguage\":\"cs\",\"potentialAction\":[{\"@type\":\"ReadAction\",\"target\":[\"https:\/\/www.domkraftpro.com\/index.php\/produkt\/akce-donner-round-foam-cerny-28370\/\"]}]},{\"@type\":\"ImageObject\",\"inLanguage\":\"cs\",\"@id\":\"https:\/\/www.domkraftpro.com\/index.php\/produkt\/akce-donner-round-foam-cerny-28370\/#primaryimage\",\"url\":\"https:\/\/www.domkraftpro.com\/wp-content\/uploads\/2026\/SK0006635-CZ20260425-093351-0-1777080838-1234381_donner-round--foam--cerny.webp\",\"contentUrl\":\"https:\/\/www.domkraftpro.com\/wp-content\/uploads\/2026\/SK0006635-CZ20260425-093351-0-1777080838-1234381_donner-round--foam--cerny.webp\",\"width\":1000,\"height\":750},{\"@type\":\"BreadcrumbList\",\"@id\":\"https:\/\/www.domkraftpro.com\/index.php\/produkt\/akce-donner-round-foam-cerny-28370\/#breadcrumb\",\"itemListElement\":[{\"@type\":\"ListItem\",\"position\":1,\"name\":\"Home\",\"item\":\"https:\/\/www.domkraftpro.com\/\"},{\"@type\":\"ListItem\",\"position\":2,\"name\":\"Products\",\"item\":\"https:\/\/www.domkraftpro.com\/index.php\/products\/\"},{\"@type\":\"ListItem\",\"position\":3,\"name\":\"Akce Donner ROUND (Foam) \u010cern\u00fd\"}]},{\"@type\":\"WebSite\",\"@id\":\"https:\/\/www.domkraftpro.com\/#website\",\"url\":\"https:\/\/www.domkraftpro.com\/\",\"name\":\"\",\"description\":\"\",\"potentialAction\":[{\"@type\":\"SearchAction\",\"target\":{\"@type\":\"EntryPoint\",\"urlTemplate\":\"https:\/\/www.domkraftpro.com\/?s={search_term_string}\"},\"query-input\":{\"@type\":\"PropertyValueSpecification\",\"valueRequired\":true,\"valueName\":\"search_term_string\"}}],\"inLanguage\":\"cs\"}]}<\/script>\n<!-- \/ Yoast SEO plugin. -->","yoast_head_json":{"title":"Akce Donner ROUND (Foam) \u010cern\u00fd -","robots":{"index":"index","follow":"follow","max-snippet":"max-snippet:-1","max-image-preview":"max-image-preview:large","max-video-preview":"max-video-preview:-1"},"canonical":"https:\/\/www.domkraftpro.com\/index.php\/produkt\/akce-donner-round-foam-cerny-28370\/","og_locale":"cs_CZ","og_type":"article","og_title":"Akce Donner ROUND (Foam) \u010cern\u00fd -","og_description":"Detailn\u00ed popis produktu D\u00e1vkova\u010d p\u011bnov\u00e9ho m\u00fddla a desinfekce Donner ROUND Foam funguje zcela bezkontaktn\u011b, jeho provoz je tak maxim\u00e1ln\u011b hygienick\u00fd. Spot\u0159eba p\u011bnov\u00e9ho m\u00fddla \/ desinfekce je v&nbsp;porovn\u00e1n\u00ed s&nbsp;tekutou n\u00e1pln\u00ed&nbsp;v\u00fdrazn\u011b ni\u017e\u0161\u00ed. S&nbsp;d\u00e1vkova\u010dem p\u011bnov\u00e9ho&nbsp;m\u00fddla \/ desinfekce ROUND Foam&nbsp;nejste v\u00e1z\u00e1ni na jednoho dodavatele n\u00e1pln\u00ed. Do n\u00e1dobky o kapacit\u011b 700 ml m\u016f\u017eete nal\u00edt p\u011bnov\u00e9 m\u00fddlo nebo desinfekci od libovoln\u00e9ho [&hellip;]","og_url":"https:\/\/www.domkraftpro.com\/index.php\/produkt\/akce-donner-round-foam-cerny-28370\/","og_image":[{"width":1000,"height":750,"url":"https:\/\/www.domkraftpro.com\/wp-content\/uploads\/2026\/SK0006635-CZ20260425-093351-0-1777080838-1234381_donner-round--foam--cerny.webp","type":"image\/webp"}],"twitter_card":"summary_large_image","twitter_misc":{"Odhadovan\u00e1 doba \u010dten\u00ed":"3 minuty"},"schema":{"@context":"https:\/\/schema.org","@graph":[{"@type":"WebPage","@id":"https:\/\/www.domkraftpro.com\/index.php\/produkt\/akce-donner-round-foam-cerny-28370\/","url":"https:\/\/www.domkraftpro.com\/index.php\/produkt\/akce-donner-round-foam-cerny-28370\/","name":"Akce Donner ROUND (Foam) \u010cern\u00fd -","isPartOf":{"@id":"https:\/\/www.domkraftpro.com\/#website"},"primaryImageOfPage":{"@id":"https:\/\/www.domkraftpro.com\/index.php\/produkt\/akce-donner-round-foam-cerny-28370\/#primaryimage"},"image":{"@id":"https:\/\/www.domkraftpro.com\/index.php\/produkt\/akce-donner-round-foam-cerny-28370\/#primaryimage"},"thumbnailUrl":"https:\/\/www.domkraftpro.com\/wp-content\/uploads\/2026\/SK0006635-CZ20260425-093351-0-1777080838-1234381_donner-round--foam--cerny.webp","datePublished":"2026-04-27T04:41:36+00:00","breadcrumb":{"@id":"https:\/\/www.domkraftpro.com\/index.php\/produkt\/akce-donner-round-foam-cerny-28370\/#breadcrumb"},"inLanguage":"cs","potentialAction":[{"@type":"ReadAction","target":["https:\/\/www.domkraftpro.com\/index.php\/produkt\/akce-donner-round-foam-cerny-28370\/"]}]},{"@type":"ImageObject","inLanguage":"cs","@id":"https:\/\/www.domkraftpro.com\/index.php\/produkt\/akce-donner-round-foam-cerny-28370\/#primaryimage","url":"https:\/\/www.domkraftpro.com\/wp-content\/uploads\/2026\/SK0006635-CZ20260425-093351-0-1777080838-1234381_donner-round--foam--cerny.webp","contentUrl":"https:\/\/www.domkraftpro.com\/wp-content\/uploads\/2026\/SK0006635-CZ20260425-093351-0-1777080838-1234381_donner-round--foam--cerny.webp","width":1000,"height":750},{"@type":"BreadcrumbList","@id":"https:\/\/www.domkraftpro.com\/index.php\/produkt\/akce-donner-round-foam-cerny-28370\/#breadcrumb","itemListElement":[{"@type":"ListItem","position":1,"name":"Home","item":"https:\/\/www.domkraftpro.com\/"},{"@type":"ListItem","position":2,"name":"Products","item":"https:\/\/www.domkraftpro.com\/index.php\/products\/"},{"@type":"ListItem","position":3,"name":"Akce Donner ROUND (Foam) \u010cern\u00fd"}]},{"@type":"WebSite","@id":"https:\/\/www.domkraftpro.com\/#website","url":"https:\/\/www.domkraftpro.com\/","name":"","description":"","potentialAction":[{"@type":"SearchAction","target":{"@type":"EntryPoint","urlTemplate":"https:\/\/www.domkraftpro.com\/?s={search_term_string}"},"query-input":{"@type":"PropertyValueSpecification","valueRequired":true,"valueName":"search_term_string"}}],"inLanguage":"cs"}]}},"_links":{"self":[{"href":"https:\/\/www.domkraftpro.com\/index.php\/wp-json\/wp\/v2\/product\/28370","targetHints":{"allow":["GET"]}}],"collection":[{"href":"https:\/\/www.domkraftpro.com\/index.php\/wp-json\/wp\/v2\/product"}],"about":[{"href":"https:\/\/www.domkraftpro.com\/index.php\/wp-json\/wp\/v2\/types\/product"}],"replies":[{"embeddable":true,"href":"https:\/\/www.domkraftpro.com\/index.php\/wp-json\/wp\/v2\/comments?post=28370"}],"wp:featuredmedia":[{"embeddable":true,"href":"https:\/\/www.domkraftpro.com\/index.php\/wp-json\/wp\/v2\/media\/28470"}],"wp:attachment":[{"href":"https:\/\/www.domkraftpro.com\/index.php\/wp-json\/wp\/v2\/media?parent=28370"}],"wp:term":[{"taxonomy":"product_brand","embeddable":true,"href":"https:\/\/www.domkraftpro.com\/index.php\/wp-json\/wp\/v2\/product_brand?post=28370"},{"taxonomy":"product_cat","embeddable":true,"href":"https:\/\/www.domkraftpro.com\/index.php\/wp-json\/wp\/v2\/product_cat?post=28370"},{"taxonomy":"product_tag","embeddable":true,"href":"https:\/\/www.domkraftpro.com\/index.php\/wp-json\/wp\/v2\/product_tag?post=28370"}],"curies":[{"name":"wp","href":"https:\/\/api.w.org\/{rel}","templated":true}]}}