{"id":28313,"date":"2026-04-27T04:41:36","date_gmt":"2026-04-27T04:41:36","guid":{"rendered":""},"modified":"2026-04-27T04:41:36","modified_gmt":"2026-04-27T04:41:36","slug":"akce-donner-tesneni-pro-manualni-davkovac-28313","status":"publish","type":"product","link":"https:\/\/www.domkraftpro.com\/index.php\/produkt\/akce-donner-tesneni-pro-manualni-davkovac-28313\/","title":{"rendered":"Akce Donner t\u011bsn\u011bn\u00ed pro manu\u00e1ln\u00ed d\u00e1vkova\u010d"},"content":{"rendered":"<div class=\"basic-description\">\n<h3>Detailn\u00ed popis produktu<\/h3>\n<div class=\"rowNewText\">\n<p><b>T\u011bsn\u011bn\u00ed<\/b> je ur\u010deno pro <b>manu\u00e1ln\u00ed d\u00e1vkova\u010de Donner<\/b>. T\u011bsn\u011bn\u00ed je pot\u0159eba vym\u011bnit v p\u0159\u00edpad\u011b, \u017ee v\u00e1\u0161 d\u00e1vkova\u010d p\u0159estal fungovat &#8211; prot\u00e9k\u00e1 nebo naopak ned\u00e1vkuje jak m\u00e1. P\u0159\u00ed\u010dinou m\u016f\u017ee b\u00fdt praskl\u00e9 p\u0159\u00edpadn\u011b zte\u0159el\u00e9 t\u011bsn\u011bn\u00ed.<\/p>\n<\/div>\n<div class=\"rowNewText\">\n<p>T\u011bsn\u011bn\u00ed je ur\u010deno pro d\u00e1vkova\u010de Donner Click, Donner Wheel, Donner Top nebo Donner Smart. D\u0159\u00edv\u011bj\u0161\u00ed pou\u017e\u00edvan\u00e9 t\u011bsn\u011bn\u00ed je nyn\u00ed nahrazeno <b>nov\u00fdm typem t\u011bsn\u011bn\u00ed<\/b>, kter\u00e9 pou\u017e\u00edv\u00e1 dva t\u011bsn\u00edc\u00ed krou\u017eky. Je pot\u0159eba vym\u011bnit cel\u00fd st\u0159ed d\u00e1vkova\u010de, jednodu\u0161e vy\u0161roubujete star\u00fd st\u0159edov\u00fd kus a nahrad\u00edte jej nov\u00fdm.<\/p>\n<\/div>\n<div class=\"rowNewText\">\n<p>Ve videu najdete <b>podrobn\u00fd video n\u00e1vod<\/b>, jak jednodu\u0161e vym\u011bnit star\u00e9 t\u011bsn\u011bn\u00ed v d\u00e1vkova\u010di za nov\u00e9.<\/p>\n<\/div>\n<div class=\"rowNewText\">\n<p><i>Pozor! T\u011bsn\u011bn\u00ed nen\u00ed ur\u010deno pro d\u00e1vkova\u010de Donner Tower a Cube.<\/i><\/p>\n<\/div><\/div>\n","protected":false},"excerpt":{"rendered":"<p>Detailn\u00ed popis produktu T\u011bsn\u011bn\u00ed je ur\u010deno pro manu\u00e1ln\u00ed d\u00e1vkova\u010de Donner. T\u011bsn\u011bn\u00ed je pot\u0159eba vym\u011bnit v p\u0159\u00edpad\u011b, \u017ee v\u00e1\u0161 d\u00e1vkova\u010d p\u0159estal fungovat &#8211; prot\u00e9k\u00e1 nebo naopak ned\u00e1vkuje jak m\u00e1. P\u0159\u00ed\u010dinou m\u016f\u017ee b\u00fdt praskl\u00e9 p\u0159\u00edpadn\u011b zte\u0159el\u00e9 t\u011bsn\u011bn\u00ed. T\u011bsn\u011bn\u00ed je ur\u010deno pro d\u00e1vkova\u010de Donner Click, Donner Wheel, Donner Top nebo Donner Smart. D\u0159\u00edv\u011bj\u0161\u00ed pou\u017e\u00edvan\u00e9 t\u011bsn\u011bn\u00ed je nyn\u00ed nahrazeno [&hellip;]<\/p>\n","protected":false},"featured_media":28413,"comment_status":"open","ping_status":"open","template":"","meta":[],"product_brand":[],"product_cat":[96],"product_tag":[],"class_list":{"0":"post-28313","1":"product","2":"type-product","3":"status-publish","4":"has-post-thumbnail","6":"product_cat-koupelny-a-sanitarni-technika","8":"first","9":"instock","10":"sale","11":"shipping-taxable","12":"purchasable","13":"product-type-simple"},"yoast_head":"<!-- This site is optimized with the Yoast SEO plugin v26.8 - https:\/\/yoast.com\/product\/yoast-seo-wordpress\/ -->\n<title>Akce Donner t\u011bsn\u011bn\u00ed pro manu\u00e1ln\u00ed d\u00e1vkova\u010d -<\/title>\n<meta name=\"robots\" content=\"index, follow, max-snippet:-1, max-image-preview:large, max-video-preview:-1\" \/>\n<link rel=\"canonical\" href=\"https:\/\/www.domkraftpro.com\/index.php\/produkt\/akce-donner-tesneni-pro-manualni-davkovac-28313\/\" \/>\n<meta property=\"og:locale\" content=\"cs_CZ\" \/>\n<meta property=\"og:type\" content=\"article\" \/>\n<meta property=\"og:title\" content=\"Akce Donner t\u011bsn\u011bn\u00ed pro manu\u00e1ln\u00ed d\u00e1vkova\u010d -\" \/>\n<meta property=\"og:description\" content=\"Detailn\u00ed popis produktu T\u011bsn\u011bn\u00ed je ur\u010deno pro manu\u00e1ln\u00ed d\u00e1vkova\u010de Donner. T\u011bsn\u011bn\u00ed je pot\u0159eba vym\u011bnit v p\u0159\u00edpad\u011b, \u017ee v\u00e1\u0161 d\u00e1vkova\u010d p\u0159estal fungovat &#8211; prot\u00e9k\u00e1 nebo naopak ned\u00e1vkuje jak m\u00e1. P\u0159\u00ed\u010dinou m\u016f\u017ee b\u00fdt praskl\u00e9 p\u0159\u00edpadn\u011b zte\u0159el\u00e9 t\u011bsn\u011bn\u00ed. T\u011bsn\u011bn\u00ed je ur\u010deno pro d\u00e1vkova\u010de Donner Click, Donner Wheel, Donner Top nebo Donner Smart. D\u0159\u00edv\u011bj\u0161\u00ed pou\u017e\u00edvan\u00e9 t\u011bsn\u011bn\u00ed je nyn\u00ed nahrazeno [&hellip;]\" \/>\n<meta property=\"og:url\" content=\"https:\/\/www.domkraftpro.com\/index.php\/produkt\/akce-donner-tesneni-pro-manualni-davkovac-28313\/\" \/>\n<meta property=\"og:image\" content=\"https:\/\/www.domkraftpro.com\/wp-content\/uploads\/2026\/SK0006578-CZ20260425-093351-0-1777080838-1235650_davkovac-donner-1.webp\" \/>\n\t<meta property=\"og:image:width\" content=\"1000\" \/>\n\t<meta property=\"og:image:height\" content=\"750\" \/>\n\t<meta property=\"og:image:type\" content=\"image\/webp\" \/>\n<meta name=\"twitter:card\" content=\"summary_large_image\" \/>\n<meta name=\"twitter:label1\" content=\"Odhadovan\u00e1 doba \u010dten\u00ed\" \/>\n\t<meta name=\"twitter:data1\" content=\"1 minuta\" \/>\n<script type=\"application\/ld+json\" class=\"yoast-schema-graph\">{\"@context\":\"https:\/\/schema.org\",\"@graph\":[{\"@type\":\"WebPage\",\"@id\":\"https:\/\/www.domkraftpro.com\/index.php\/produkt\/akce-donner-tesneni-pro-manualni-davkovac-28313\/\",\"url\":\"https:\/\/www.domkraftpro.com\/index.php\/produkt\/akce-donner-tesneni-pro-manualni-davkovac-28313\/\",\"name\":\"Akce Donner t\u011bsn\u011bn\u00ed pro manu\u00e1ln\u00ed d\u00e1vkova\u010d -\",\"isPartOf\":{\"@id\":\"https:\/\/www.domkraftpro.com\/#website\"},\"primaryImageOfPage\":{\"@id\":\"https:\/\/www.domkraftpro.com\/index.php\/produkt\/akce-donner-tesneni-pro-manualni-davkovac-28313\/#primaryimage\"},\"image\":{\"@id\":\"https:\/\/www.domkraftpro.com\/index.php\/produkt\/akce-donner-tesneni-pro-manualni-davkovac-28313\/#primaryimage\"},\"thumbnailUrl\":\"https:\/\/www.domkraftpro.com\/wp-content\/uploads\/2026\/SK0006578-CZ20260425-093351-0-1777080838-1235650_davkovac-donner-1.webp\",\"datePublished\":\"2026-04-27T04:41:36+00:00\",\"breadcrumb\":{\"@id\":\"https:\/\/www.domkraftpro.com\/index.php\/produkt\/akce-donner-tesneni-pro-manualni-davkovac-28313\/#breadcrumb\"},\"inLanguage\":\"cs\",\"potentialAction\":[{\"@type\":\"ReadAction\",\"target\":[\"https:\/\/www.domkraftpro.com\/index.php\/produkt\/akce-donner-tesneni-pro-manualni-davkovac-28313\/\"]}]},{\"@type\":\"ImageObject\",\"inLanguage\":\"cs\",\"@id\":\"https:\/\/www.domkraftpro.com\/index.php\/produkt\/akce-donner-tesneni-pro-manualni-davkovac-28313\/#primaryimage\",\"url\":\"https:\/\/www.domkraftpro.com\/wp-content\/uploads\/2026\/SK0006578-CZ20260425-093351-0-1777080838-1235650_davkovac-donner-1.webp\",\"contentUrl\":\"https:\/\/www.domkraftpro.com\/wp-content\/uploads\/2026\/SK0006578-CZ20260425-093351-0-1777080838-1235650_davkovac-donner-1.webp\",\"width\":1000,\"height\":750},{\"@type\":\"BreadcrumbList\",\"@id\":\"https:\/\/www.domkraftpro.com\/index.php\/produkt\/akce-donner-tesneni-pro-manualni-davkovac-28313\/#breadcrumb\",\"itemListElement\":[{\"@type\":\"ListItem\",\"position\":1,\"name\":\"Home\",\"item\":\"https:\/\/www.domkraftpro.com\/\"},{\"@type\":\"ListItem\",\"position\":2,\"name\":\"Products\",\"item\":\"https:\/\/www.domkraftpro.com\/index.php\/products\/\"},{\"@type\":\"ListItem\",\"position\":3,\"name\":\"Akce Donner t\u011bsn\u011bn\u00ed pro manu\u00e1ln\u00ed d\u00e1vkova\u010d\"}]},{\"@type\":\"WebSite\",\"@id\":\"https:\/\/www.domkraftpro.com\/#website\",\"url\":\"https:\/\/www.domkraftpro.com\/\",\"name\":\"\",\"description\":\"\",\"potentialAction\":[{\"@type\":\"SearchAction\",\"target\":{\"@type\":\"EntryPoint\",\"urlTemplate\":\"https:\/\/www.domkraftpro.com\/?s={search_term_string}\"},\"query-input\":{\"@type\":\"PropertyValueSpecification\",\"valueRequired\":true,\"valueName\":\"search_term_string\"}}],\"inLanguage\":\"cs\"}]}<\/script>\n<!-- \/ Yoast SEO plugin. -->","yoast_head_json":{"title":"Akce Donner t\u011bsn\u011bn\u00ed pro manu\u00e1ln\u00ed d\u00e1vkova\u010d -","robots":{"index":"index","follow":"follow","max-snippet":"max-snippet:-1","max-image-preview":"max-image-preview:large","max-video-preview":"max-video-preview:-1"},"canonical":"https:\/\/www.domkraftpro.com\/index.php\/produkt\/akce-donner-tesneni-pro-manualni-davkovac-28313\/","og_locale":"cs_CZ","og_type":"article","og_title":"Akce Donner t\u011bsn\u011bn\u00ed pro manu\u00e1ln\u00ed d\u00e1vkova\u010d -","og_description":"Detailn\u00ed popis produktu T\u011bsn\u011bn\u00ed je ur\u010deno pro manu\u00e1ln\u00ed d\u00e1vkova\u010de Donner. T\u011bsn\u011bn\u00ed je pot\u0159eba vym\u011bnit v p\u0159\u00edpad\u011b, \u017ee v\u00e1\u0161 d\u00e1vkova\u010d p\u0159estal fungovat &#8211; prot\u00e9k\u00e1 nebo naopak ned\u00e1vkuje jak m\u00e1. P\u0159\u00ed\u010dinou m\u016f\u017ee b\u00fdt praskl\u00e9 p\u0159\u00edpadn\u011b zte\u0159el\u00e9 t\u011bsn\u011bn\u00ed. T\u011bsn\u011bn\u00ed je ur\u010deno pro d\u00e1vkova\u010de Donner Click, Donner Wheel, Donner Top nebo Donner Smart. D\u0159\u00edv\u011bj\u0161\u00ed pou\u017e\u00edvan\u00e9 t\u011bsn\u011bn\u00ed je nyn\u00ed nahrazeno [&hellip;]","og_url":"https:\/\/www.domkraftpro.com\/index.php\/produkt\/akce-donner-tesneni-pro-manualni-davkovac-28313\/","og_image":[{"width":1000,"height":750,"url":"https:\/\/www.domkraftpro.com\/wp-content\/uploads\/2026\/SK0006578-CZ20260425-093351-0-1777080838-1235650_davkovac-donner-1.webp","type":"image\/webp"}],"twitter_card":"summary_large_image","twitter_misc":{"Odhadovan\u00e1 doba \u010dten\u00ed":"1 minuta"},"schema":{"@context":"https:\/\/schema.org","@graph":[{"@type":"WebPage","@id":"https:\/\/www.domkraftpro.com\/index.php\/produkt\/akce-donner-tesneni-pro-manualni-davkovac-28313\/","url":"https:\/\/www.domkraftpro.com\/index.php\/produkt\/akce-donner-tesneni-pro-manualni-davkovac-28313\/","name":"Akce Donner t\u011bsn\u011bn\u00ed pro manu\u00e1ln\u00ed d\u00e1vkova\u010d -","isPartOf":{"@id":"https:\/\/www.domkraftpro.com\/#website"},"primaryImageOfPage":{"@id":"https:\/\/www.domkraftpro.com\/index.php\/produkt\/akce-donner-tesneni-pro-manualni-davkovac-28313\/#primaryimage"},"image":{"@id":"https:\/\/www.domkraftpro.com\/index.php\/produkt\/akce-donner-tesneni-pro-manualni-davkovac-28313\/#primaryimage"},"thumbnailUrl":"https:\/\/www.domkraftpro.com\/wp-content\/uploads\/2026\/SK0006578-CZ20260425-093351-0-1777080838-1235650_davkovac-donner-1.webp","datePublished":"2026-04-27T04:41:36+00:00","breadcrumb":{"@id":"https:\/\/www.domkraftpro.com\/index.php\/produkt\/akce-donner-tesneni-pro-manualni-davkovac-28313\/#breadcrumb"},"inLanguage":"cs","potentialAction":[{"@type":"ReadAction","target":["https:\/\/www.domkraftpro.com\/index.php\/produkt\/akce-donner-tesneni-pro-manualni-davkovac-28313\/"]}]},{"@type":"ImageObject","inLanguage":"cs","@id":"https:\/\/www.domkraftpro.com\/index.php\/produkt\/akce-donner-tesneni-pro-manualni-davkovac-28313\/#primaryimage","url":"https:\/\/www.domkraftpro.com\/wp-content\/uploads\/2026\/SK0006578-CZ20260425-093351-0-1777080838-1235650_davkovac-donner-1.webp","contentUrl":"https:\/\/www.domkraftpro.com\/wp-content\/uploads\/2026\/SK0006578-CZ20260425-093351-0-1777080838-1235650_davkovac-donner-1.webp","width":1000,"height":750},{"@type":"BreadcrumbList","@id":"https:\/\/www.domkraftpro.com\/index.php\/produkt\/akce-donner-tesneni-pro-manualni-davkovac-28313\/#breadcrumb","itemListElement":[{"@type":"ListItem","position":1,"name":"Home","item":"https:\/\/www.domkraftpro.com\/"},{"@type":"ListItem","position":2,"name":"Products","item":"https:\/\/www.domkraftpro.com\/index.php\/products\/"},{"@type":"ListItem","position":3,"name":"Akce Donner t\u011bsn\u011bn\u00ed pro manu\u00e1ln\u00ed d\u00e1vkova\u010d"}]},{"@type":"WebSite","@id":"https:\/\/www.domkraftpro.com\/#website","url":"https:\/\/www.domkraftpro.com\/","name":"","description":"","potentialAction":[{"@type":"SearchAction","target":{"@type":"EntryPoint","urlTemplate":"https:\/\/www.domkraftpro.com\/?s={search_term_string}"},"query-input":{"@type":"PropertyValueSpecification","valueRequired":true,"valueName":"search_term_string"}}],"inLanguage":"cs"}]}},"_links":{"self":[{"href":"https:\/\/www.domkraftpro.com\/index.php\/wp-json\/wp\/v2\/product\/28313","targetHints":{"allow":["GET"]}}],"collection":[{"href":"https:\/\/www.domkraftpro.com\/index.php\/wp-json\/wp\/v2\/product"}],"about":[{"href":"https:\/\/www.domkraftpro.com\/index.php\/wp-json\/wp\/v2\/types\/product"}],"replies":[{"embeddable":true,"href":"https:\/\/www.domkraftpro.com\/index.php\/wp-json\/wp\/v2\/comments?post=28313"}],"wp:featuredmedia":[{"embeddable":true,"href":"https:\/\/www.domkraftpro.com\/index.php\/wp-json\/wp\/v2\/media\/28413"}],"wp:attachment":[{"href":"https:\/\/www.domkraftpro.com\/index.php\/wp-json\/wp\/v2\/media?parent=28313"}],"wp:term":[{"taxonomy":"product_brand","embeddable":true,"href":"https:\/\/www.domkraftpro.com\/index.php\/wp-json\/wp\/v2\/product_brand?post=28313"},{"taxonomy":"product_cat","embeddable":true,"href":"https:\/\/www.domkraftpro.com\/index.php\/wp-json\/wp\/v2\/product_cat?post=28313"},{"taxonomy":"product_tag","embeddable":true,"href":"https:\/\/www.domkraftpro.com\/index.php\/wp-json\/wp\/v2\/product_tag?post=28313"}],"curies":[{"name":"wp","href":"https:\/\/api.w.org\/{rel}","templated":true}]}}