{"id":27777,"date":"2026-04-27T04:41:35","date_gmt":"2026-04-27T04:41:35","guid":{"rendered":""},"modified":"2026-04-27T04:41:35","modified_gmt":"2026-04-27T04:41:35","slug":"znackovy-smsd2-90-b-l-lesk-chrom-transparent-27777","status":"publish","type":"product","link":"https:\/\/www.domkraftpro.com\/index.php\/produkt\/znackovy-smsd2-90-b-l-lesk-chrom-transparent-27777\/","title":{"rendered":"Zna\u010dkov\u00fd SMSD2 90 B-L, lesk\/chrom+transparent"},"content":{"rendered":"<div class=\"basic-description\">\n<h3>Detailn\u00ed popis produktu<\/h3>\n<ul>\n<li>rozm\u011br: 90 cm<\/li>\n<li>typov\u00e9 proveden\u00ed: lev\u00e9<\/li>\n<li>barevn\u00e9 proveden\u00ed: panty, madla, \u00fachyty v proveden\u00ed chrom,\u00a0ustavovac\u00ed profil leskl\u00fd chrom<\/li>\n<li>v\u00fdpl\u0148 z bezpe\u010dnostn\u00edho skla: 6 mm; Transparent<\/li>\n<li>v\u00fd\u0161ka v\u00fdrobku: 190 cm<\/li>\n<\/ul>\n<p>Sprchov\u00e9 dve\u0159e se montuj\u00ed do oblo\u017een\u00e9ho rohu koupelny (ide\u00e1ln\u011b do vyzd\u011bn\u00e9 niky nebo v kombinaci s pevnou st\u011bnou SMPS) na vani\u010dky Ravak Angela, Perseus Pro, Perseus Pro Flat, Perseus Pro Chrome, Gigant, Gigant Pro, Gigant Pro Flat, Gigant Pro Chrome nebo p\u0159\u00edmo na podlahu se zabudovan\u00fdm odtokov\u00fdm \u017elabem \u010di podlahovou vpust\u00ed. Varianta B je ur\u010dena pro stavebn\u00ed otvor a\u017e o 16 mm v\u011bt\u0161\u00ed, ne\u017e je standardn\u00ed rozm\u011br v\u00fdrobku. <strong>Pro kombinaci s pevnou st\u011bnou volte dve\u0159e typu B.<br \/><\/strong><\/p>\n<p><em>P\u0159ed mont\u00e1\u017e\u00ed v\u00fdrobku v\u011bnujte pozornost technick\u00fdm dokument\u016fm v z\u00e1lo\u017ece &#8222;Data ke sta\u017een\u00ed&#8220;, \u010d\u00edslice uveden\u00e1 v n\u00e1zvu konkr\u00e9tn\u00edho v\u00fdrobku, neud\u00e1v\u00e1 jeho p\u0159esn\u00fd rozm\u011br.<\/em><\/p>\n<\/p><\/div>\n","protected":false},"excerpt":{"rendered":"<p>Detailn\u00ed popis produktu rozm\u011br: 90 cm typov\u00e9 proveden\u00ed: lev\u00e9 barevn\u00e9 proveden\u00ed: panty, madla, \u00fachyty v proveden\u00ed chrom,\u00a0ustavovac\u00ed profil leskl\u00fd chrom v\u00fdpl\u0148 z bezpe\u010dnostn\u00edho skla: 6 mm; Transparent v\u00fd\u0161ka v\u00fdrobku: 190 cm Sprchov\u00e9 dve\u0159e se montuj\u00ed do oblo\u017een\u00e9ho rohu koupelny (ide\u00e1ln\u011b do vyzd\u011bn\u00e9 niky nebo v kombinaci s pevnou st\u011bnou SMPS) na vani\u010dky Ravak Angela, Perseus [&hellip;]<\/p>\n","protected":false},"featured_media":27877,"comment_status":"open","ping_status":"open","template":"","meta":[],"product_brand":[],"product_cat":[96],"product_tag":[],"class_list":{"0":"post-27777","1":"product","2":"type-product","3":"status-publish","4":"has-post-thumbnail","6":"product_cat-koupelny-a-sanitarni-technika","8":"first","9":"instock","10":"sale","11":"shipping-taxable","12":"purchasable","13":"product-type-simple"},"yoast_head":"<!-- This site is optimized with the Yoast SEO plugin v26.8 - https:\/\/yoast.com\/product\/yoast-seo-wordpress\/ -->\n<title>Zna\u010dkov\u00fd SMSD2 90 B-L, lesk\/chrom+transparent -<\/title>\n<meta name=\"robots\" content=\"index, follow, max-snippet:-1, max-image-preview:large, max-video-preview:-1\" \/>\n<link rel=\"canonical\" href=\"https:\/\/www.domkraftpro.com\/index.php\/produkt\/znackovy-smsd2-90-b-l-lesk-chrom-transparent-27777\/\" \/>\n<meta property=\"og:locale\" content=\"cs_CZ\" \/>\n<meta property=\"og:type\" content=\"article\" \/>\n<meta property=\"og:title\" content=\"Zna\u010dkov\u00fd SMSD2 90 B-L, lesk\/chrom+transparent -\" \/>\n<meta property=\"og:description\" content=\"Detailn\u00ed popis produktu rozm\u011br: 90 cm typov\u00e9 proveden\u00ed: lev\u00e9 barevn\u00e9 proveden\u00ed: panty, madla, \u00fachyty v proveden\u00ed chrom,\u00a0ustavovac\u00ed profil leskl\u00fd chrom v\u00fdpl\u0148 z bezpe\u010dnostn\u00edho skla: 6 mm; Transparent v\u00fd\u0161ka v\u00fdrobku: 190 cm Sprchov\u00e9 dve\u0159e se montuj\u00ed do oblo\u017een\u00e9ho rohu koupelny (ide\u00e1ln\u011b do vyzd\u011bn\u00e9 niky nebo v kombinaci s pevnou st\u011bnou SMPS) na vani\u010dky Ravak Angela, Perseus [&hellip;]\" \/>\n<meta property=\"og:url\" content=\"https:\/\/www.domkraftpro.com\/index.php\/produkt\/znackovy-smsd2-90-b-l-lesk-chrom-transparent-27777\/\" \/>\n<meta property=\"og:image\" content=\"https:\/\/www.domkraftpro.com\/wp-content\/uploads\/2026\/SK0006338-CZ20260425-093351-0-1777080838-1267362-6_ravak-smartline-smsd2-0sl7ba00z1-01-img1.webp\" \/>\n\t<meta property=\"og:image:width\" content=\"1000\" \/>\n\t<meta property=\"og:image:height\" content=\"750\" \/>\n\t<meta property=\"og:image:type\" content=\"image\/webp\" \/>\n<meta name=\"twitter:card\" content=\"summary_large_image\" \/>\n<meta name=\"twitter:label1\" content=\"Odhadovan\u00e1 doba \u010dten\u00ed\" \/>\n\t<meta name=\"twitter:data1\" content=\"1 minuta\" \/>\n<script type=\"application\/ld+json\" class=\"yoast-schema-graph\">{\"@context\":\"https:\/\/schema.org\",\"@graph\":[{\"@type\":\"WebPage\",\"@id\":\"https:\/\/www.domkraftpro.com\/index.php\/produkt\/znackovy-smsd2-90-b-l-lesk-chrom-transparent-27777\/\",\"url\":\"https:\/\/www.domkraftpro.com\/index.php\/produkt\/znackovy-smsd2-90-b-l-lesk-chrom-transparent-27777\/\",\"name\":\"Zna\u010dkov\u00fd SMSD2 90 B-L, lesk\/chrom+transparent -\",\"isPartOf\":{\"@id\":\"https:\/\/www.domkraftpro.com\/#website\"},\"primaryImageOfPage\":{\"@id\":\"https:\/\/www.domkraftpro.com\/index.php\/produkt\/znackovy-smsd2-90-b-l-lesk-chrom-transparent-27777\/#primaryimage\"},\"image\":{\"@id\":\"https:\/\/www.domkraftpro.com\/index.php\/produkt\/znackovy-smsd2-90-b-l-lesk-chrom-transparent-27777\/#primaryimage\"},\"thumbnailUrl\":\"https:\/\/www.domkraftpro.com\/wp-content\/uploads\/2026\/SK0006338-CZ20260425-093351-0-1777080838-1267362-6_ravak-smartline-smsd2-0sl7ba00z1-01-img1.webp\",\"datePublished\":\"2026-04-27T04:41:35+00:00\",\"breadcrumb\":{\"@id\":\"https:\/\/www.domkraftpro.com\/index.php\/produkt\/znackovy-smsd2-90-b-l-lesk-chrom-transparent-27777\/#breadcrumb\"},\"inLanguage\":\"cs\",\"potentialAction\":[{\"@type\":\"ReadAction\",\"target\":[\"https:\/\/www.domkraftpro.com\/index.php\/produkt\/znackovy-smsd2-90-b-l-lesk-chrom-transparent-27777\/\"]}]},{\"@type\":\"ImageObject\",\"inLanguage\":\"cs\",\"@id\":\"https:\/\/www.domkraftpro.com\/index.php\/produkt\/znackovy-smsd2-90-b-l-lesk-chrom-transparent-27777\/#primaryimage\",\"url\":\"https:\/\/www.domkraftpro.com\/wp-content\/uploads\/2026\/SK0006338-CZ20260425-093351-0-1777080838-1267362-6_ravak-smartline-smsd2-0sl7ba00z1-01-img1.webp\",\"contentUrl\":\"https:\/\/www.domkraftpro.com\/wp-content\/uploads\/2026\/SK0006338-CZ20260425-093351-0-1777080838-1267362-6_ravak-smartline-smsd2-0sl7ba00z1-01-img1.webp\",\"width\":1000,\"height\":750},{\"@type\":\"BreadcrumbList\",\"@id\":\"https:\/\/www.domkraftpro.com\/index.php\/produkt\/znackovy-smsd2-90-b-l-lesk-chrom-transparent-27777\/#breadcrumb\",\"itemListElement\":[{\"@type\":\"ListItem\",\"position\":1,\"name\":\"Home\",\"item\":\"https:\/\/www.domkraftpro.com\/\"},{\"@type\":\"ListItem\",\"position\":2,\"name\":\"Products\",\"item\":\"https:\/\/www.domkraftpro.com\/index.php\/products\/\"},{\"@type\":\"ListItem\",\"position\":3,\"name\":\"Zna\u010dkov\u00fd SMSD2 90 B-L, lesk\/chrom+transparent\"}]},{\"@type\":\"WebSite\",\"@id\":\"https:\/\/www.domkraftpro.com\/#website\",\"url\":\"https:\/\/www.domkraftpro.com\/\",\"name\":\"\",\"description\":\"\",\"potentialAction\":[{\"@type\":\"SearchAction\",\"target\":{\"@type\":\"EntryPoint\",\"urlTemplate\":\"https:\/\/www.domkraftpro.com\/?s={search_term_string}\"},\"query-input\":{\"@type\":\"PropertyValueSpecification\",\"valueRequired\":true,\"valueName\":\"search_term_string\"}}],\"inLanguage\":\"cs\"}]}<\/script>\n<!-- \/ Yoast SEO plugin. -->","yoast_head_json":{"title":"Zna\u010dkov\u00fd SMSD2 90 B-L, lesk\/chrom+transparent -","robots":{"index":"index","follow":"follow","max-snippet":"max-snippet:-1","max-image-preview":"max-image-preview:large","max-video-preview":"max-video-preview:-1"},"canonical":"https:\/\/www.domkraftpro.com\/index.php\/produkt\/znackovy-smsd2-90-b-l-lesk-chrom-transparent-27777\/","og_locale":"cs_CZ","og_type":"article","og_title":"Zna\u010dkov\u00fd SMSD2 90 B-L, lesk\/chrom+transparent -","og_description":"Detailn\u00ed popis produktu rozm\u011br: 90 cm typov\u00e9 proveden\u00ed: lev\u00e9 barevn\u00e9 proveden\u00ed: panty, madla, \u00fachyty v proveden\u00ed chrom,\u00a0ustavovac\u00ed profil leskl\u00fd chrom v\u00fdpl\u0148 z bezpe\u010dnostn\u00edho skla: 6 mm; Transparent v\u00fd\u0161ka v\u00fdrobku: 190 cm Sprchov\u00e9 dve\u0159e se montuj\u00ed do oblo\u017een\u00e9ho rohu koupelny (ide\u00e1ln\u011b do vyzd\u011bn\u00e9 niky nebo v kombinaci s pevnou st\u011bnou SMPS) na vani\u010dky Ravak Angela, Perseus [&hellip;]","og_url":"https:\/\/www.domkraftpro.com\/index.php\/produkt\/znackovy-smsd2-90-b-l-lesk-chrom-transparent-27777\/","og_image":[{"width":1000,"height":750,"url":"https:\/\/www.domkraftpro.com\/wp-content\/uploads\/2026\/SK0006338-CZ20260425-093351-0-1777080838-1267362-6_ravak-smartline-smsd2-0sl7ba00z1-01-img1.webp","type":"image\/webp"}],"twitter_card":"summary_large_image","twitter_misc":{"Odhadovan\u00e1 doba \u010dten\u00ed":"1 minuta"},"schema":{"@context":"https:\/\/schema.org","@graph":[{"@type":"WebPage","@id":"https:\/\/www.domkraftpro.com\/index.php\/produkt\/znackovy-smsd2-90-b-l-lesk-chrom-transparent-27777\/","url":"https:\/\/www.domkraftpro.com\/index.php\/produkt\/znackovy-smsd2-90-b-l-lesk-chrom-transparent-27777\/","name":"Zna\u010dkov\u00fd SMSD2 90 B-L, lesk\/chrom+transparent -","isPartOf":{"@id":"https:\/\/www.domkraftpro.com\/#website"},"primaryImageOfPage":{"@id":"https:\/\/www.domkraftpro.com\/index.php\/produkt\/znackovy-smsd2-90-b-l-lesk-chrom-transparent-27777\/#primaryimage"},"image":{"@id":"https:\/\/www.domkraftpro.com\/index.php\/produkt\/znackovy-smsd2-90-b-l-lesk-chrom-transparent-27777\/#primaryimage"},"thumbnailUrl":"https:\/\/www.domkraftpro.com\/wp-content\/uploads\/2026\/SK0006338-CZ20260425-093351-0-1777080838-1267362-6_ravak-smartline-smsd2-0sl7ba00z1-01-img1.webp","datePublished":"2026-04-27T04:41:35+00:00","breadcrumb":{"@id":"https:\/\/www.domkraftpro.com\/index.php\/produkt\/znackovy-smsd2-90-b-l-lesk-chrom-transparent-27777\/#breadcrumb"},"inLanguage":"cs","potentialAction":[{"@type":"ReadAction","target":["https:\/\/www.domkraftpro.com\/index.php\/produkt\/znackovy-smsd2-90-b-l-lesk-chrom-transparent-27777\/"]}]},{"@type":"ImageObject","inLanguage":"cs","@id":"https:\/\/www.domkraftpro.com\/index.php\/produkt\/znackovy-smsd2-90-b-l-lesk-chrom-transparent-27777\/#primaryimage","url":"https:\/\/www.domkraftpro.com\/wp-content\/uploads\/2026\/SK0006338-CZ20260425-093351-0-1777080838-1267362-6_ravak-smartline-smsd2-0sl7ba00z1-01-img1.webp","contentUrl":"https:\/\/www.domkraftpro.com\/wp-content\/uploads\/2026\/SK0006338-CZ20260425-093351-0-1777080838-1267362-6_ravak-smartline-smsd2-0sl7ba00z1-01-img1.webp","width":1000,"height":750},{"@type":"BreadcrumbList","@id":"https:\/\/www.domkraftpro.com\/index.php\/produkt\/znackovy-smsd2-90-b-l-lesk-chrom-transparent-27777\/#breadcrumb","itemListElement":[{"@type":"ListItem","position":1,"name":"Home","item":"https:\/\/www.domkraftpro.com\/"},{"@type":"ListItem","position":2,"name":"Products","item":"https:\/\/www.domkraftpro.com\/index.php\/products\/"},{"@type":"ListItem","position":3,"name":"Zna\u010dkov\u00fd SMSD2 90 B-L, lesk\/chrom+transparent"}]},{"@type":"WebSite","@id":"https:\/\/www.domkraftpro.com\/#website","url":"https:\/\/www.domkraftpro.com\/","name":"","description":"","potentialAction":[{"@type":"SearchAction","target":{"@type":"EntryPoint","urlTemplate":"https:\/\/www.domkraftpro.com\/?s={search_term_string}"},"query-input":{"@type":"PropertyValueSpecification","valueRequired":true,"valueName":"search_term_string"}}],"inLanguage":"cs"}]}},"_links":{"self":[{"href":"https:\/\/www.domkraftpro.com\/index.php\/wp-json\/wp\/v2\/product\/27777","targetHints":{"allow":["GET"]}}],"collection":[{"href":"https:\/\/www.domkraftpro.com\/index.php\/wp-json\/wp\/v2\/product"}],"about":[{"href":"https:\/\/www.domkraftpro.com\/index.php\/wp-json\/wp\/v2\/types\/product"}],"replies":[{"embeddable":true,"href":"https:\/\/www.domkraftpro.com\/index.php\/wp-json\/wp\/v2\/comments?post=27777"}],"wp:featuredmedia":[{"embeddable":true,"href":"https:\/\/www.domkraftpro.com\/index.php\/wp-json\/wp\/v2\/media\/27877"}],"wp:attachment":[{"href":"https:\/\/www.domkraftpro.com\/index.php\/wp-json\/wp\/v2\/media?parent=27777"}],"wp:term":[{"taxonomy":"product_brand","embeddable":true,"href":"https:\/\/www.domkraftpro.com\/index.php\/wp-json\/wp\/v2\/product_brand?post=27777"},{"taxonomy":"product_cat","embeddable":true,"href":"https:\/\/www.domkraftpro.com\/index.php\/wp-json\/wp\/v2\/product_cat?post=27777"},{"taxonomy":"product_tag","embeddable":true,"href":"https:\/\/www.domkraftpro.com\/index.php\/wp-json\/wp\/v2\/product_tag?post=27777"}],"curies":[{"name":"wp","href":"https:\/\/api.w.org\/{rel}","templated":true}]}}