{"id":27737,"date":"2026-04-27T04:41:35","date_gmt":"2026-04-27T04:41:35","guid":{"rendered":""},"modified":"2026-04-27T04:41:35","modified_gmt":"2026-04-27T04:41:35","slug":"csd1-80-lesk-transparent-oblibeny-27737","status":"publish","type":"product","link":"https:\/\/www.domkraftpro.com\/index.php\/produkt\/csd1-80-lesk-transparent-oblibeny-27737\/","title":{"rendered":"CSD1 80, lesk+transparent Obl\u00edben\u00fd"},"content":{"rendered":"<div class=\"basic-description\">\n<h3>Detailn\u00ed popis produktu<\/h3>\n<ul>\n<li>rozm\u011br: 80 cm<\/li>\n<li>typov\u00e9 proveden\u00ed: oto\u010diteln\u00fd v\u00fdrobek (L\/P)<\/li>\n<li>barevn\u00e9 proveden\u00ed: leskl\u00fd chrom<\/li>\n<li>v\u00fdpl\u0148 z bezpe\u010dnostn\u00edho skla: 6 mm; Transparent<\/li>\n<li>v\u00fd\u0161ka v\u00fdrobku: 195 cm<\/li>\n<\/ul>\n<p>Oto\u010den\u00edm v\u00fdrobku o 180\u00b0 z\u00edsk\u00e1te pravou nebo levou variantu vstupu. V\u00fdrobek se montuje do vyzd\u011bn\u00e9 niky na lit\u00e9 vani\u010dky Ravak\u00a0 Perseus Pro, Perseus Pro Flat, Perseus Pro Chrome, Gigant Pro, Gigant Pro Flat, Gigant Pro Chrome nebo p\u0159\u00edmo na podlahu se zabudovan\u00fdm odtokov\u00fdm \u017elabem \u010di podlahovou vpust\u00ed. Nelze kombinovat s pevnou st\u011bnou CPS. <br \/>Nov\u00fdm prodlou\u017een\u00fdm ustavovac\u00edm profilem CNPS m\u016f\u017eete nahradit standardn\u00ed ustavovac\u00ed profil, kter\u00fd je sou\u010d\u00e1st\u00ed balen\u00ed v\u00fdrobku. V\u00fdm\u011bnou standardn\u00edho ustavovac\u00edho profilu za prodlou\u017een\u00fd ustavovac\u00ed profil CNPS lze v\u00fdrobek roz\u0161\u00ed\u0159it o dal\u0161\u00ed 2 cm.<\/p>\n<p><em>P\u0159ed mont\u00e1\u017e\u00ed v\u00fdrobku v\u011bnujte pozornost technick\u00fdm dokument\u016fm v z\u00e1lo\u017ece &#8222;Data ke sta\u017een\u00ed&#8220;, \u010d\u00edslice uveden\u00e1 v n\u00e1zvu konkr\u00e9tn\u00edho v\u00fdrobku, neud\u00e1v\u00e1 jeho p\u0159esn\u00fd rozm\u011br.<\/em><\/p>\n<\/p><\/div>\n","protected":false},"excerpt":{"rendered":"<p>Detailn\u00ed popis produktu rozm\u011br: 80 cm typov\u00e9 proveden\u00ed: oto\u010diteln\u00fd v\u00fdrobek (L\/P) barevn\u00e9 proveden\u00ed: leskl\u00fd chrom v\u00fdpl\u0148 z bezpe\u010dnostn\u00edho skla: 6 mm; Transparent v\u00fd\u0161ka v\u00fdrobku: 195 cm Oto\u010den\u00edm v\u00fdrobku o 180\u00b0 z\u00edsk\u00e1te pravou nebo levou variantu vstupu. V\u00fdrobek se montuje do vyzd\u011bn\u00e9 niky na lit\u00e9 vani\u010dky Ravak\u00a0 Perseus Pro, Perseus Pro Flat, Perseus Pro Chrome, Gigant [&hellip;]<\/p>\n","protected":false},"featured_media":27837,"comment_status":"open","ping_status":"open","template":"","meta":[],"product_brand":[],"product_cat":[96],"product_tag":[],"class_list":{"0":"post-27737","1":"product","2":"type-product","3":"status-publish","4":"has-post-thumbnail","6":"product_cat-koupelny-a-sanitarni-technika","8":"first","9":"instock","10":"sale","11":"shipping-taxable","12":"purchasable","13":"product-type-simple"},"yoast_head":"<!-- This site is optimized with the Yoast SEO plugin v26.8 - https:\/\/yoast.com\/product\/yoast-seo-wordpress\/ -->\n<title>CSD1 80, lesk+transparent Obl\u00edben\u00fd -<\/title>\n<meta name=\"robots\" content=\"index, follow, max-snippet:-1, max-image-preview:large, max-video-preview:-1\" \/>\n<link rel=\"canonical\" href=\"https:\/\/www.domkraftpro.com\/index.php\/produkt\/csd1-80-lesk-transparent-oblibeny-27737\/\" \/>\n<meta property=\"og:locale\" content=\"cs_CZ\" \/>\n<meta property=\"og:type\" content=\"article\" \/>\n<meta property=\"og:title\" content=\"CSD1 80, lesk+transparent Obl\u00edben\u00fd -\" \/>\n<meta property=\"og:description\" content=\"Detailn\u00ed popis produktu rozm\u011br: 80 cm typov\u00e9 proveden\u00ed: oto\u010diteln\u00fd v\u00fdrobek (L\/P) barevn\u00e9 proveden\u00ed: leskl\u00fd chrom v\u00fdpl\u0148 z bezpe\u010dnostn\u00edho skla: 6 mm; Transparent v\u00fd\u0161ka v\u00fdrobku: 195 cm Oto\u010den\u00edm v\u00fdrobku o 180\u00b0 z\u00edsk\u00e1te pravou nebo levou variantu vstupu. V\u00fdrobek se montuje do vyzd\u011bn\u00e9 niky na lit\u00e9 vani\u010dky Ravak\u00a0 Perseus Pro, Perseus Pro Flat, Perseus Pro Chrome, Gigant [&hellip;]\" \/>\n<meta property=\"og:url\" content=\"https:\/\/www.domkraftpro.com\/index.php\/produkt\/csd1-80-lesk-transparent-oblibeny-27737\/\" \/>\n<meta property=\"og:image\" content=\"https:\/\/www.domkraftpro.com\/wp-content\/uploads\/2026\/SK0006298-CZ20260425-093351-0-1777080838-1267719-7_ravak-chrome-csd1-0qv40c00z1-01-img1.webp\" \/>\n\t<meta property=\"og:image:width\" content=\"1000\" \/>\n\t<meta property=\"og:image:height\" content=\"750\" \/>\n\t<meta property=\"og:image:type\" content=\"image\/webp\" \/>\n<meta name=\"twitter:card\" content=\"summary_large_image\" \/>\n<meta name=\"twitter:label1\" content=\"Odhadovan\u00e1 doba \u010dten\u00ed\" \/>\n\t<meta name=\"twitter:data1\" content=\"1 minuta\" \/>\n<script type=\"application\/ld+json\" class=\"yoast-schema-graph\">{\"@context\":\"https:\/\/schema.org\",\"@graph\":[{\"@type\":\"WebPage\",\"@id\":\"https:\/\/www.domkraftpro.com\/index.php\/produkt\/csd1-80-lesk-transparent-oblibeny-27737\/\",\"url\":\"https:\/\/www.domkraftpro.com\/index.php\/produkt\/csd1-80-lesk-transparent-oblibeny-27737\/\",\"name\":\"CSD1 80, lesk+transparent Obl\u00edben\u00fd -\",\"isPartOf\":{\"@id\":\"https:\/\/www.domkraftpro.com\/#website\"},\"primaryImageOfPage\":{\"@id\":\"https:\/\/www.domkraftpro.com\/index.php\/produkt\/csd1-80-lesk-transparent-oblibeny-27737\/#primaryimage\"},\"image\":{\"@id\":\"https:\/\/www.domkraftpro.com\/index.php\/produkt\/csd1-80-lesk-transparent-oblibeny-27737\/#primaryimage\"},\"thumbnailUrl\":\"https:\/\/www.domkraftpro.com\/wp-content\/uploads\/2026\/SK0006298-CZ20260425-093351-0-1777080838-1267719-7_ravak-chrome-csd1-0qv40c00z1-01-img1.webp\",\"datePublished\":\"2026-04-27T04:41:35+00:00\",\"breadcrumb\":{\"@id\":\"https:\/\/www.domkraftpro.com\/index.php\/produkt\/csd1-80-lesk-transparent-oblibeny-27737\/#breadcrumb\"},\"inLanguage\":\"cs\",\"potentialAction\":[{\"@type\":\"ReadAction\",\"target\":[\"https:\/\/www.domkraftpro.com\/index.php\/produkt\/csd1-80-lesk-transparent-oblibeny-27737\/\"]}]},{\"@type\":\"ImageObject\",\"inLanguage\":\"cs\",\"@id\":\"https:\/\/www.domkraftpro.com\/index.php\/produkt\/csd1-80-lesk-transparent-oblibeny-27737\/#primaryimage\",\"url\":\"https:\/\/www.domkraftpro.com\/wp-content\/uploads\/2026\/SK0006298-CZ20260425-093351-0-1777080838-1267719-7_ravak-chrome-csd1-0qv40c00z1-01-img1.webp\",\"contentUrl\":\"https:\/\/www.domkraftpro.com\/wp-content\/uploads\/2026\/SK0006298-CZ20260425-093351-0-1777080838-1267719-7_ravak-chrome-csd1-0qv40c00z1-01-img1.webp\",\"width\":1000,\"height\":750},{\"@type\":\"BreadcrumbList\",\"@id\":\"https:\/\/www.domkraftpro.com\/index.php\/produkt\/csd1-80-lesk-transparent-oblibeny-27737\/#breadcrumb\",\"itemListElement\":[{\"@type\":\"ListItem\",\"position\":1,\"name\":\"Home\",\"item\":\"https:\/\/www.domkraftpro.com\/\"},{\"@type\":\"ListItem\",\"position\":2,\"name\":\"Products\",\"item\":\"https:\/\/www.domkraftpro.com\/index.php\/products\/\"},{\"@type\":\"ListItem\",\"position\":3,\"name\":\"CSD1 80, lesk+transparent Obl\u00edben\u00fd\"}]},{\"@type\":\"WebSite\",\"@id\":\"https:\/\/www.domkraftpro.com\/#website\",\"url\":\"https:\/\/www.domkraftpro.com\/\",\"name\":\"\",\"description\":\"\",\"potentialAction\":[{\"@type\":\"SearchAction\",\"target\":{\"@type\":\"EntryPoint\",\"urlTemplate\":\"https:\/\/www.domkraftpro.com\/?s={search_term_string}\"},\"query-input\":{\"@type\":\"PropertyValueSpecification\",\"valueRequired\":true,\"valueName\":\"search_term_string\"}}],\"inLanguage\":\"cs\"}]}<\/script>\n<!-- \/ Yoast SEO plugin. -->","yoast_head_json":{"title":"CSD1 80, lesk+transparent Obl\u00edben\u00fd -","robots":{"index":"index","follow":"follow","max-snippet":"max-snippet:-1","max-image-preview":"max-image-preview:large","max-video-preview":"max-video-preview:-1"},"canonical":"https:\/\/www.domkraftpro.com\/index.php\/produkt\/csd1-80-lesk-transparent-oblibeny-27737\/","og_locale":"cs_CZ","og_type":"article","og_title":"CSD1 80, lesk+transparent Obl\u00edben\u00fd -","og_description":"Detailn\u00ed popis produktu rozm\u011br: 80 cm typov\u00e9 proveden\u00ed: oto\u010diteln\u00fd v\u00fdrobek (L\/P) barevn\u00e9 proveden\u00ed: leskl\u00fd chrom v\u00fdpl\u0148 z bezpe\u010dnostn\u00edho skla: 6 mm; Transparent v\u00fd\u0161ka v\u00fdrobku: 195 cm Oto\u010den\u00edm v\u00fdrobku o 180\u00b0 z\u00edsk\u00e1te pravou nebo levou variantu vstupu. V\u00fdrobek se montuje do vyzd\u011bn\u00e9 niky na lit\u00e9 vani\u010dky Ravak\u00a0 Perseus Pro, Perseus Pro Flat, Perseus Pro Chrome, Gigant [&hellip;]","og_url":"https:\/\/www.domkraftpro.com\/index.php\/produkt\/csd1-80-lesk-transparent-oblibeny-27737\/","og_image":[{"width":1000,"height":750,"url":"https:\/\/www.domkraftpro.com\/wp-content\/uploads\/2026\/SK0006298-CZ20260425-093351-0-1777080838-1267719-7_ravak-chrome-csd1-0qv40c00z1-01-img1.webp","type":"image\/webp"}],"twitter_card":"summary_large_image","twitter_misc":{"Odhadovan\u00e1 doba \u010dten\u00ed":"1 minuta"},"schema":{"@context":"https:\/\/schema.org","@graph":[{"@type":"WebPage","@id":"https:\/\/www.domkraftpro.com\/index.php\/produkt\/csd1-80-lesk-transparent-oblibeny-27737\/","url":"https:\/\/www.domkraftpro.com\/index.php\/produkt\/csd1-80-lesk-transparent-oblibeny-27737\/","name":"CSD1 80, lesk+transparent Obl\u00edben\u00fd -","isPartOf":{"@id":"https:\/\/www.domkraftpro.com\/#website"},"primaryImageOfPage":{"@id":"https:\/\/www.domkraftpro.com\/index.php\/produkt\/csd1-80-lesk-transparent-oblibeny-27737\/#primaryimage"},"image":{"@id":"https:\/\/www.domkraftpro.com\/index.php\/produkt\/csd1-80-lesk-transparent-oblibeny-27737\/#primaryimage"},"thumbnailUrl":"https:\/\/www.domkraftpro.com\/wp-content\/uploads\/2026\/SK0006298-CZ20260425-093351-0-1777080838-1267719-7_ravak-chrome-csd1-0qv40c00z1-01-img1.webp","datePublished":"2026-04-27T04:41:35+00:00","breadcrumb":{"@id":"https:\/\/www.domkraftpro.com\/index.php\/produkt\/csd1-80-lesk-transparent-oblibeny-27737\/#breadcrumb"},"inLanguage":"cs","potentialAction":[{"@type":"ReadAction","target":["https:\/\/www.domkraftpro.com\/index.php\/produkt\/csd1-80-lesk-transparent-oblibeny-27737\/"]}]},{"@type":"ImageObject","inLanguage":"cs","@id":"https:\/\/www.domkraftpro.com\/index.php\/produkt\/csd1-80-lesk-transparent-oblibeny-27737\/#primaryimage","url":"https:\/\/www.domkraftpro.com\/wp-content\/uploads\/2026\/SK0006298-CZ20260425-093351-0-1777080838-1267719-7_ravak-chrome-csd1-0qv40c00z1-01-img1.webp","contentUrl":"https:\/\/www.domkraftpro.com\/wp-content\/uploads\/2026\/SK0006298-CZ20260425-093351-0-1777080838-1267719-7_ravak-chrome-csd1-0qv40c00z1-01-img1.webp","width":1000,"height":750},{"@type":"BreadcrumbList","@id":"https:\/\/www.domkraftpro.com\/index.php\/produkt\/csd1-80-lesk-transparent-oblibeny-27737\/#breadcrumb","itemListElement":[{"@type":"ListItem","position":1,"name":"Home","item":"https:\/\/www.domkraftpro.com\/"},{"@type":"ListItem","position":2,"name":"Products","item":"https:\/\/www.domkraftpro.com\/index.php\/products\/"},{"@type":"ListItem","position":3,"name":"CSD1 80, lesk+transparent Obl\u00edben\u00fd"}]},{"@type":"WebSite","@id":"https:\/\/www.domkraftpro.com\/#website","url":"https:\/\/www.domkraftpro.com\/","name":"","description":"","potentialAction":[{"@type":"SearchAction","target":{"@type":"EntryPoint","urlTemplate":"https:\/\/www.domkraftpro.com\/?s={search_term_string}"},"query-input":{"@type":"PropertyValueSpecification","valueRequired":true,"valueName":"search_term_string"}}],"inLanguage":"cs"}]}},"_links":{"self":[{"href":"https:\/\/www.domkraftpro.com\/index.php\/wp-json\/wp\/v2\/product\/27737","targetHints":{"allow":["GET"]}}],"collection":[{"href":"https:\/\/www.domkraftpro.com\/index.php\/wp-json\/wp\/v2\/product"}],"about":[{"href":"https:\/\/www.domkraftpro.com\/index.php\/wp-json\/wp\/v2\/types\/product"}],"replies":[{"embeddable":true,"href":"https:\/\/www.domkraftpro.com\/index.php\/wp-json\/wp\/v2\/comments?post=27737"}],"wp:featuredmedia":[{"embeddable":true,"href":"https:\/\/www.domkraftpro.com\/index.php\/wp-json\/wp\/v2\/media\/27837"}],"wp:attachment":[{"href":"https:\/\/www.domkraftpro.com\/index.php\/wp-json\/wp\/v2\/media?parent=27737"}],"wp:term":[{"taxonomy":"product_brand","embeddable":true,"href":"https:\/\/www.domkraftpro.com\/index.php\/wp-json\/wp\/v2\/product_brand?post=27737"},{"taxonomy":"product_cat","embeddable":true,"href":"https:\/\/www.domkraftpro.com\/index.php\/wp-json\/wp\/v2\/product_cat?post=27737"},{"taxonomy":"product_tag","embeddable":true,"href":"https:\/\/www.domkraftpro.com\/index.php\/wp-json\/wp\/v2\/product_tag?post=27737"}],"curies":[{"name":"wp","href":"https:\/\/api.w.org\/{rel}","templated":true}]}}