{"id":27325,"date":"2026-04-27T04:41:33","date_gmt":"2026-04-27T04:41:33","guid":{"rendered":""},"modified":"2026-04-27T04:41:33","modified_gmt":"2026-04-27T04:41:33","slug":"znackovy-sapho-theia-umyvadlova-skrinka-56-4x70x44-2cm-2xzasuvka-bila-th060-3030-27325","status":"publish","type":"product","link":"https:\/\/www.domkraftpro.com\/index.php\/produkt\/znackovy-sapho-theia-umyvadlova-skrinka-56-4x70x44-2cm-2xzasuvka-bila-th060-3030-27325\/","title":{"rendered":"Zna\u010dkov\u00fd Sapho THEIA umyvadlov\u00e1 sk\u0159\u00ed\u0148ka 56, 4x70x44, 2cm, 2xz\u00e1suvka, b\u00edl\u00e1 TH060-3030"},"content":{"rendered":"<h3>Dopl\u0148kov\u00e9 parametry<\/h3>\n<table class=\"detail-parameters\">\n<tbody>\n<tr>\n<th>        <span class=\"row-header-label\">            Kategorie<span class=\"row-header-label-colon\">:<\/span>        <\/span>    <\/th>\n<td>        S\u00e9rie Sapho THEIA    <\/td>\n<\/tr>\n<tr>\n<th>            <span class=\"row-header-label\">                Hmotnost<span class=\"row-header-label-colon\">:<\/span>            <\/span>        <\/th>\n<td>            14.24 kg        <\/td>\n<\/tr>\n<tr class=\"productEan\">\n<th>          <span class=\"row-header-label productEan__label\">              EAN<span class=\"row-header-label-colon\">:<\/span>          <\/span>      <\/th>\n<td>          <span class=\"productEan__value\">8590913828621<\/span>      <\/td>\n<\/tr>\n<tr>\n<th>                <span class=\"row-header-label\">                                            3D model<span class=\"row-header-label-colon\">:<\/span>                                    <\/span>            <\/th>\n<td>                                                            ANO                                                <\/td>\n<\/tr>\n<tr>\n<th>                <span class=\"row-header-label\">                                            Balen\u00ed<span class=\"row-header-label-colon\">:<\/span>                                    <\/span>            <\/th>\n<td>                                                            1 ks                                                <\/td>\n<\/tr>\n<tr>\n<th>                <span class=\"row-header-label\">                                            Balen\u00ed neobsahuje<span class=\"row-header-label-colon\">:<\/span>                                    <\/span>            <\/th>\n<td>                                                            Umyvadlo                                                <\/td>\n<\/tr>\n<tr>\n<th>                <span class=\"row-header-label\">                                            Balen\u00ed obsahuje<span class=\"row-header-label-colon\">:<\/span>                                    <\/span>            <\/th>\n<td>                                                            \u00dachytka                                                <\/td>\n<\/tr>\n<tr>\n<th>                <span class=\"row-header-label\">                                            Barva<span class=\"row-header-label-colon\">:<\/span>                                    <\/span>            <\/th>\n<td>                                                            B\u00edl\u00e1                                                <\/td>\n<\/tr>\n<tr>\n<th>                <span class=\"row-header-label\">                                            Hloubka<span class=\"row-header-label-colon\">:<\/span>                                    <\/span>            <\/th>\n<td>                                                            442 mm                                                <\/td>\n<\/tr>\n<tr>\n<th>                <span class=\"row-header-label\">                                            Hmotnost<span class=\"row-header-label-colon\">:<\/span>                                    <\/span>            <\/th>\n<td>                                                            14.24 kg                                                <\/td>\n<\/tr>\n<tr>\n<th>                <span class=\"row-header-label\">                                            Jin\u00e9 barevn\u00e9 proveden\u00ed<span class=\"row-header-label-colon\">:<\/span>                                    <\/span>            <\/th>\n<td>                                                            Dle vzorn\u00edku                                                <\/td>\n<\/tr>\n<tr>\n<th>                <span class=\"row-header-label\">                                            Materi\u00e1l<span class=\"row-header-label-colon\">:<\/span>                                    <\/span>            <\/th>\n<td>                                                            MDF\/lamino                                                <\/td>\n<\/tr>\n<tr>\n<th>                <span class=\"row-header-label\">                                            Rozm\u011br<span class=\"row-header-label-colon\">:<\/span>                                    <\/span>            <\/th>\n<td>                                                            56,4x70x44,2 cm                                                <\/td>\n<\/tr>\n<tr>\n<th>                <span class=\"row-header-label\">                                            S\u00e9rie<span class=\"row-header-label-colon\">:<\/span>                                    <\/span>            <\/th>\n<td>                                                            THEIA                                                <\/td>\n<\/tr>\n<tr>\n<th>                <span class=\"row-header-label\">                                            Speci\u00e1ln\u00ed mo\u017enosti<span class=\"row-header-label-colon\">:<\/span>                                    <\/span>            <\/th>\n<td>                                                            Tich\u00e9 a plynul\u00e9 zav\u00edr\u00e1n\u00ed                                                <\/td>\n<\/tr>\n<tr>\n<th>                <span class=\"row-header-label\">                                            \u0160\u00ed\u0159ka<span class=\"row-header-label-colon\">:<\/span>                                    <\/span>            <\/th>\n<td>                                                            564 mm                                                <\/td>\n<\/tr>\n<tr>\n<th>                <span class=\"row-header-label\">                                            Typ sk\u0159\u00ed\u0148ky<span class=\"row-header-label-colon\">:<\/span>                                    <\/span>            <\/th>\n<td>                                                            Z\u00e1suvky                                                <\/td>\n<\/tr>\n<tr>\n<th>                <span class=\"row-header-label\">                                            Typ umyvadla<span class=\"row-header-label-colon\">:<\/span>                                    <\/span>            <\/th>\n<td>                                                            Klasick\u00e9 umyvadlo                                                <\/td>\n<\/tr>\n<tr>\n<th>                <span class=\"row-header-label\">                                            V\u00fd\u0161ka<span class=\"row-header-label-colon\">:<\/span>                                    <\/span>            <\/th>\n<td>                                                            700 mm                                                <\/td>\n<\/tr>\n<tr>\n<th>                <span class=\"row-header-label\">                                            Z\u00e1ru\u010dn\u00ed doba<span class=\"row-header-label-colon\">:<\/span>                                    <\/span>            <\/th>\n<td>                                                            2 roky                                                <\/td>\n<\/tr>\n<tr>\n<th>                <span class=\"row-header-label\">                                            Instalace<span class=\"row-header-label-colon\">:<\/span>                                    <\/span>            <\/th>\n<td>                                                            Z\u00e1v\u011bsn\u00e9 na st\u011bnu                                                <\/td>\n<\/tr>\n<tr>\n<th>                <span class=\"row-header-label\">                                            Balen\u00ed &#8211; hmotnost<span class=\"row-header-label-colon\">:<\/span>                                    <\/span>            <\/th>\n<td>                                                            14.240 kg                                                <\/td>\n<\/tr>\n<tr>\n<th>                <span class=\"row-header-label\">                                            Balen\u00ed &#8211; \u0161\u00ed\u0159ka<span class=\"row-header-label-colon\">:<\/span>                                    <\/span>            <\/th>\n<td>                                                            600 mm                                                <\/td>\n<\/tr>\n<tr>\n<th>                <span class=\"row-header-label\">                                            Balen\u00ed &#8211; tlou\u0161\u0165ka<span class=\"row-header-label-colon\">:<\/span>                                    <\/span>            <\/th>\n<td>                                                            480 mm                                                <\/td>\n<\/tr>\n<tr>\n<th>                <span class=\"row-header-label\">                                            Balen\u00ed &#8211; v\u00fd\u0161ka<span class=\"row-header-label-colon\">:<\/span>                                    <\/span>            <\/th>\n<td>                                                            725 mm                                                <\/td>\n<\/tr>\n<\/tbody>\n<\/table><\/div>\n<\/p><\/div>\n<\/p><\/div>\n","protected":false},"excerpt":{"rendered":"<p>Dopl\u0148kov\u00e9 parametry Kategorie: S\u00e9rie Sapho THEIA Hmotnost: 14.24 kg EAN: 8590913828621 3D model: ANO Balen\u00ed: 1 ks Balen\u00ed neobsahuje: Umyvadlo Balen\u00ed obsahuje: \u00dachytka Barva: B\u00edl\u00e1 Hloubka: 442 mm Hmotnost: 14.24 kg Jin\u00e9 barevn\u00e9 proveden\u00ed: Dle vzorn\u00edku Materi\u00e1l: MDF\/lamino Rozm\u011br: 56,4x70x44,2 cm S\u00e9rie: THEIA Speci\u00e1ln\u00ed mo\u017enosti: Tich\u00e9 a plynul\u00e9 zav\u00edr\u00e1n\u00ed \u0160\u00ed\u0159ka: 564 mm Typ sk\u0159\u00ed\u0148ky: Z\u00e1suvky [&hellip;]<\/p>\n","protected":false},"featured_media":27425,"comment_status":"open","ping_status":"open","template":"","meta":[],"product_brand":[],"product_cat":[90],"product_tag":[],"class_list":{"0":"post-27325","1":"product","2":"type-product","3":"status-publish","4":"has-post-thumbnail","6":"product_cat-koupelny","8":"first","9":"instock","10":"sale","11":"shipping-taxable","12":"purchasable","13":"product-type-simple"},"yoast_head":"<!-- This site is optimized with the Yoast SEO plugin v26.8 - https:\/\/yoast.com\/product\/yoast-seo-wordpress\/ -->\n<title>Zna\u010dkov\u00fd Sapho THEIA umyvadlov\u00e1 sk\u0159\u00ed\u0148ka 56, 4x70x44, 2cm, 2xz\u00e1suvka, b\u00edl\u00e1 TH060-3030 -<\/title>\n<meta name=\"robots\" content=\"index, follow, max-snippet:-1, max-image-preview:large, max-video-preview:-1\" \/>\n<link rel=\"canonical\" href=\"https:\/\/www.domkraftpro.com\/index.php\/produkt\/znackovy-sapho-theia-umyvadlova-skrinka-56-4x70x44-2cm-2xzasuvka-bila-th060-3030-27325\/\" \/>\n<meta property=\"og:locale\" content=\"cs_CZ\" \/>\n<meta property=\"og:type\" content=\"article\" \/>\n<meta property=\"og:title\" content=\"Zna\u010dkov\u00fd Sapho THEIA umyvadlov\u00e1 sk\u0159\u00ed\u0148ka 56, 4x70x44, 2cm, 2xz\u00e1suvka, b\u00edl\u00e1 TH060-3030 -\" \/>\n<meta property=\"og:description\" content=\"Dopl\u0148kov\u00e9 parametry Kategorie: S\u00e9rie Sapho THEIA Hmotnost: 14.24 kg EAN: 8590913828621 3D model: ANO Balen\u00ed: 1 ks Balen\u00ed neobsahuje: Umyvadlo Balen\u00ed obsahuje: \u00dachytka Barva: B\u00edl\u00e1 Hloubka: 442 mm Hmotnost: 14.24 kg Jin\u00e9 barevn\u00e9 proveden\u00ed: Dle vzorn\u00edku Materi\u00e1l: MDF\/lamino Rozm\u011br: 56,4x70x44,2 cm S\u00e9rie: THEIA Speci\u00e1ln\u00ed mo\u017enosti: Tich\u00e9 a plynul\u00e9 zav\u00edr\u00e1n\u00ed \u0160\u00ed\u0159ka: 564 mm Typ sk\u0159\u00ed\u0148ky: Z\u00e1suvky [&hellip;]\" \/>\n<meta property=\"og:url\" content=\"https:\/\/www.domkraftpro.com\/index.php\/produkt\/znackovy-sapho-theia-umyvadlova-skrinka-56-4x70x44-2cm-2xzasuvka-bila-th060-3030-27325\/\" \/>\n<meta property=\"og:image\" content=\"https:\/\/www.domkraftpro.com\/wp-content\/uploads\/2026\/SK0006666-CZ20260425-093136-0-1777080698-32277-4_th060-3030-155834298401693.webp\" \/>\n\t<meta property=\"og:image:width\" content=\"1000\" \/>\n\t<meta property=\"og:image:height\" content=\"750\" \/>\n\t<meta property=\"og:image:type\" content=\"image\/webp\" \/>\n<meta name=\"twitter:card\" content=\"summary_large_image\" \/>\n<meta name=\"twitter:label1\" content=\"Odhadovan\u00e1 doba \u010dten\u00ed\" \/>\n\t<meta name=\"twitter:data1\" content=\"1 minuta\" \/>\n<script type=\"application\/ld+json\" class=\"yoast-schema-graph\">{\"@context\":\"https:\/\/schema.org\",\"@graph\":[{\"@type\":\"WebPage\",\"@id\":\"https:\/\/www.domkraftpro.com\/index.php\/produkt\/znackovy-sapho-theia-umyvadlova-skrinka-56-4x70x44-2cm-2xzasuvka-bila-th060-3030-27325\/\",\"url\":\"https:\/\/www.domkraftpro.com\/index.php\/produkt\/znackovy-sapho-theia-umyvadlova-skrinka-56-4x70x44-2cm-2xzasuvka-bila-th060-3030-27325\/\",\"name\":\"Zna\u010dkov\u00fd Sapho THEIA umyvadlov\u00e1 sk\u0159\u00ed\u0148ka 56, 4x70x44, 2cm, 2xz\u00e1suvka, b\u00edl\u00e1 TH060-3030 -\",\"isPartOf\":{\"@id\":\"https:\/\/www.domkraftpro.com\/#website\"},\"primaryImageOfPage\":{\"@id\":\"https:\/\/www.domkraftpro.com\/index.php\/produkt\/znackovy-sapho-theia-umyvadlova-skrinka-56-4x70x44-2cm-2xzasuvka-bila-th060-3030-27325\/#primaryimage\"},\"image\":{\"@id\":\"https:\/\/www.domkraftpro.com\/index.php\/produkt\/znackovy-sapho-theia-umyvadlova-skrinka-56-4x70x44-2cm-2xzasuvka-bila-th060-3030-27325\/#primaryimage\"},\"thumbnailUrl\":\"https:\/\/www.domkraftpro.com\/wp-content\/uploads\/2026\/SK0006666-CZ20260425-093136-0-1777080698-32277-4_th060-3030-155834298401693.webp\",\"datePublished\":\"2026-04-27T04:41:33+00:00\",\"breadcrumb\":{\"@id\":\"https:\/\/www.domkraftpro.com\/index.php\/produkt\/znackovy-sapho-theia-umyvadlova-skrinka-56-4x70x44-2cm-2xzasuvka-bila-th060-3030-27325\/#breadcrumb\"},\"inLanguage\":\"cs\",\"potentialAction\":[{\"@type\":\"ReadAction\",\"target\":[\"https:\/\/www.domkraftpro.com\/index.php\/produkt\/znackovy-sapho-theia-umyvadlova-skrinka-56-4x70x44-2cm-2xzasuvka-bila-th060-3030-27325\/\"]}]},{\"@type\":\"ImageObject\",\"inLanguage\":\"cs\",\"@id\":\"https:\/\/www.domkraftpro.com\/index.php\/produkt\/znackovy-sapho-theia-umyvadlova-skrinka-56-4x70x44-2cm-2xzasuvka-bila-th060-3030-27325\/#primaryimage\",\"url\":\"https:\/\/www.domkraftpro.com\/wp-content\/uploads\/2026\/SK0006666-CZ20260425-093136-0-1777080698-32277-4_th060-3030-155834298401693.webp\",\"contentUrl\":\"https:\/\/www.domkraftpro.com\/wp-content\/uploads\/2026\/SK0006666-CZ20260425-093136-0-1777080698-32277-4_th060-3030-155834298401693.webp\",\"width\":1000,\"height\":750},{\"@type\":\"BreadcrumbList\",\"@id\":\"https:\/\/www.domkraftpro.com\/index.php\/produkt\/znackovy-sapho-theia-umyvadlova-skrinka-56-4x70x44-2cm-2xzasuvka-bila-th060-3030-27325\/#breadcrumb\",\"itemListElement\":[{\"@type\":\"ListItem\",\"position\":1,\"name\":\"Home\",\"item\":\"https:\/\/www.domkraftpro.com\/\"},{\"@type\":\"ListItem\",\"position\":2,\"name\":\"Products\",\"item\":\"https:\/\/www.domkraftpro.com\/index.php\/products\/\"},{\"@type\":\"ListItem\",\"position\":3,\"name\":\"Zna\u010dkov\u00fd Sapho THEIA umyvadlov\u00e1 sk\u0159\u00ed\u0148ka 56, 4x70x44, 2cm, 2xz\u00e1suvka, b\u00edl\u00e1 TH060-3030\"}]},{\"@type\":\"WebSite\",\"@id\":\"https:\/\/www.domkraftpro.com\/#website\",\"url\":\"https:\/\/www.domkraftpro.com\/\",\"name\":\"\",\"description\":\"\",\"potentialAction\":[{\"@type\":\"SearchAction\",\"target\":{\"@type\":\"EntryPoint\",\"urlTemplate\":\"https:\/\/www.domkraftpro.com\/?s={search_term_string}\"},\"query-input\":{\"@type\":\"PropertyValueSpecification\",\"valueRequired\":true,\"valueName\":\"search_term_string\"}}],\"inLanguage\":\"cs\"}]}<\/script>\n<!-- \/ Yoast SEO plugin. -->","yoast_head_json":{"title":"Zna\u010dkov\u00fd Sapho THEIA umyvadlov\u00e1 sk\u0159\u00ed\u0148ka 56, 4x70x44, 2cm, 2xz\u00e1suvka, b\u00edl\u00e1 TH060-3030 -","robots":{"index":"index","follow":"follow","max-snippet":"max-snippet:-1","max-image-preview":"max-image-preview:large","max-video-preview":"max-video-preview:-1"},"canonical":"https:\/\/www.domkraftpro.com\/index.php\/produkt\/znackovy-sapho-theia-umyvadlova-skrinka-56-4x70x44-2cm-2xzasuvka-bila-th060-3030-27325\/","og_locale":"cs_CZ","og_type":"article","og_title":"Zna\u010dkov\u00fd Sapho THEIA umyvadlov\u00e1 sk\u0159\u00ed\u0148ka 56, 4x70x44, 2cm, 2xz\u00e1suvka, b\u00edl\u00e1 TH060-3030 -","og_description":"Dopl\u0148kov\u00e9 parametry Kategorie: S\u00e9rie Sapho THEIA Hmotnost: 14.24 kg EAN: 8590913828621 3D model: ANO Balen\u00ed: 1 ks Balen\u00ed neobsahuje: Umyvadlo Balen\u00ed obsahuje: \u00dachytka Barva: B\u00edl\u00e1 Hloubka: 442 mm Hmotnost: 14.24 kg Jin\u00e9 barevn\u00e9 proveden\u00ed: Dle vzorn\u00edku Materi\u00e1l: MDF\/lamino Rozm\u011br: 56,4x70x44,2 cm S\u00e9rie: THEIA Speci\u00e1ln\u00ed mo\u017enosti: Tich\u00e9 a plynul\u00e9 zav\u00edr\u00e1n\u00ed \u0160\u00ed\u0159ka: 564 mm Typ sk\u0159\u00ed\u0148ky: Z\u00e1suvky [&hellip;]","og_url":"https:\/\/www.domkraftpro.com\/index.php\/produkt\/znackovy-sapho-theia-umyvadlova-skrinka-56-4x70x44-2cm-2xzasuvka-bila-th060-3030-27325\/","og_image":[{"width":1000,"height":750,"url":"https:\/\/www.domkraftpro.com\/wp-content\/uploads\/2026\/SK0006666-CZ20260425-093136-0-1777080698-32277-4_th060-3030-155834298401693.webp","type":"image\/webp"}],"twitter_card":"summary_large_image","twitter_misc":{"Odhadovan\u00e1 doba \u010dten\u00ed":"1 minuta"},"schema":{"@context":"https:\/\/schema.org","@graph":[{"@type":"WebPage","@id":"https:\/\/www.domkraftpro.com\/index.php\/produkt\/znackovy-sapho-theia-umyvadlova-skrinka-56-4x70x44-2cm-2xzasuvka-bila-th060-3030-27325\/","url":"https:\/\/www.domkraftpro.com\/index.php\/produkt\/znackovy-sapho-theia-umyvadlova-skrinka-56-4x70x44-2cm-2xzasuvka-bila-th060-3030-27325\/","name":"Zna\u010dkov\u00fd Sapho THEIA umyvadlov\u00e1 sk\u0159\u00ed\u0148ka 56, 4x70x44, 2cm, 2xz\u00e1suvka, b\u00edl\u00e1 TH060-3030 -","isPartOf":{"@id":"https:\/\/www.domkraftpro.com\/#website"},"primaryImageOfPage":{"@id":"https:\/\/www.domkraftpro.com\/index.php\/produkt\/znackovy-sapho-theia-umyvadlova-skrinka-56-4x70x44-2cm-2xzasuvka-bila-th060-3030-27325\/#primaryimage"},"image":{"@id":"https:\/\/www.domkraftpro.com\/index.php\/produkt\/znackovy-sapho-theia-umyvadlova-skrinka-56-4x70x44-2cm-2xzasuvka-bila-th060-3030-27325\/#primaryimage"},"thumbnailUrl":"https:\/\/www.domkraftpro.com\/wp-content\/uploads\/2026\/SK0006666-CZ20260425-093136-0-1777080698-32277-4_th060-3030-155834298401693.webp","datePublished":"2026-04-27T04:41:33+00:00","breadcrumb":{"@id":"https:\/\/www.domkraftpro.com\/index.php\/produkt\/znackovy-sapho-theia-umyvadlova-skrinka-56-4x70x44-2cm-2xzasuvka-bila-th060-3030-27325\/#breadcrumb"},"inLanguage":"cs","potentialAction":[{"@type":"ReadAction","target":["https:\/\/www.domkraftpro.com\/index.php\/produkt\/znackovy-sapho-theia-umyvadlova-skrinka-56-4x70x44-2cm-2xzasuvka-bila-th060-3030-27325\/"]}]},{"@type":"ImageObject","inLanguage":"cs","@id":"https:\/\/www.domkraftpro.com\/index.php\/produkt\/znackovy-sapho-theia-umyvadlova-skrinka-56-4x70x44-2cm-2xzasuvka-bila-th060-3030-27325\/#primaryimage","url":"https:\/\/www.domkraftpro.com\/wp-content\/uploads\/2026\/SK0006666-CZ20260425-093136-0-1777080698-32277-4_th060-3030-155834298401693.webp","contentUrl":"https:\/\/www.domkraftpro.com\/wp-content\/uploads\/2026\/SK0006666-CZ20260425-093136-0-1777080698-32277-4_th060-3030-155834298401693.webp","width":1000,"height":750},{"@type":"BreadcrumbList","@id":"https:\/\/www.domkraftpro.com\/index.php\/produkt\/znackovy-sapho-theia-umyvadlova-skrinka-56-4x70x44-2cm-2xzasuvka-bila-th060-3030-27325\/#breadcrumb","itemListElement":[{"@type":"ListItem","position":1,"name":"Home","item":"https:\/\/www.domkraftpro.com\/"},{"@type":"ListItem","position":2,"name":"Products","item":"https:\/\/www.domkraftpro.com\/index.php\/products\/"},{"@type":"ListItem","position":3,"name":"Zna\u010dkov\u00fd Sapho THEIA umyvadlov\u00e1 sk\u0159\u00ed\u0148ka 56, 4x70x44, 2cm, 2xz\u00e1suvka, b\u00edl\u00e1 TH060-3030"}]},{"@type":"WebSite","@id":"https:\/\/www.domkraftpro.com\/#website","url":"https:\/\/www.domkraftpro.com\/","name":"","description":"","potentialAction":[{"@type":"SearchAction","target":{"@type":"EntryPoint","urlTemplate":"https:\/\/www.domkraftpro.com\/?s={search_term_string}"},"query-input":{"@type":"PropertyValueSpecification","valueRequired":true,"valueName":"search_term_string"}}],"inLanguage":"cs"}]}},"_links":{"self":[{"href":"https:\/\/www.domkraftpro.com\/index.php\/wp-json\/wp\/v2\/product\/27325","targetHints":{"allow":["GET"]}}],"collection":[{"href":"https:\/\/www.domkraftpro.com\/index.php\/wp-json\/wp\/v2\/product"}],"about":[{"href":"https:\/\/www.domkraftpro.com\/index.php\/wp-json\/wp\/v2\/types\/product"}],"replies":[{"embeddable":true,"href":"https:\/\/www.domkraftpro.com\/index.php\/wp-json\/wp\/v2\/comments?post=27325"}],"wp:featuredmedia":[{"embeddable":true,"href":"https:\/\/www.domkraftpro.com\/index.php\/wp-json\/wp\/v2\/media\/27425"}],"wp:attachment":[{"href":"https:\/\/www.domkraftpro.com\/index.php\/wp-json\/wp\/v2\/media?parent=27325"}],"wp:term":[{"taxonomy":"product_brand","embeddable":true,"href":"https:\/\/www.domkraftpro.com\/index.php\/wp-json\/wp\/v2\/product_brand?post=27325"},{"taxonomy":"product_cat","embeddable":true,"href":"https:\/\/www.domkraftpro.com\/index.php\/wp-json\/wp\/v2\/product_cat?post=27325"},{"taxonomy":"product_tag","embeddable":true,"href":"https:\/\/www.domkraftpro.com\/index.php\/wp-json\/wp\/v2\/product_tag?post=27325"}],"curies":[{"name":"wp","href":"https:\/\/api.w.org\/{rel}","templated":true}]}}