{"id":27157,"date":"2026-04-27T04:41:33","date_gmt":"2026-04-27T04:41:33","guid":{"rendered":""},"modified":"2026-04-27T04:41:33","modified_gmt":"2026-04-27T04:41:33","slug":"znackovy-sapho-quadrado-betonove-dvojumyvadlo-vcetne-vypusti-96x44cm-cerny-granit-ar473-27157","status":"publish","type":"product","link":"https:\/\/www.domkraftpro.com\/index.php\/produkt\/znackovy-sapho-quadrado-betonove-dvojumyvadlo-vcetne-vypusti-96x44cm-cerny-granit-ar473-27157\/","title":{"rendered":"Zna\u010dkov\u00fd Sapho QUADRADO betonov\u00e9 dvojumyvadlo v\u010detn\u011b v\u00fdpusti, 96x44cm, \u010dern\u00fd granit AR473"},"content":{"rendered":"<h3>Dopl\u0148kov\u00e9 parametry<\/h3>\n<table class=\"detail-parameters\">\n<tbody>\n<tr>\n<th>        <span class=\"row-header-label\">            Kategorie<span class=\"row-header-label-colon\">:<\/span>        <\/span>    <\/th>\n<td>        Dvojumyvadla    <\/td>\n<\/tr>\n<tr>\n<th>            <span class=\"row-header-label\">                Hmotnost<span class=\"row-header-label-colon\">:<\/span>            <\/span>        <\/th>\n<td>            31 kg        <\/td>\n<\/tr>\n<tr class=\"productEan\">\n<th>          <span class=\"row-header-label productEan__label\">              EAN<span class=\"row-header-label-colon\">:<\/span>          <\/span>      <\/th>\n<td>          <span class=\"productEan__value\">8590913886423<\/span>      <\/td>\n<\/tr>\n<tr>\n<th>                <span class=\"row-header-label\">                                            Barva<span class=\"row-header-label-colon\">:<\/span>                                    <\/span>            <\/th>\n<td>                                                            \u010cern\u00e1                                                <\/td>\n<\/tr>\n<tr>\n<th>                <span class=\"row-header-label\">                                            Hloubka<span class=\"row-header-label-colon\">:<\/span>                                    <\/span>            <\/th>\n<td>                                                            44.00 cm                                                <\/td>\n<\/tr>\n<tr>\n<th>                <span class=\"row-header-label\">                                            Hmotnost<span class=\"row-header-label-colon\">:<\/span>                                    <\/span>            <\/th>\n<td>                                                            31.0 kg                                                <\/td>\n<\/tr>\n<tr>\n<th>                <span class=\"row-header-label\">                                            Materi\u00e1l<span class=\"row-header-label-colon\">:<\/span>                                    <\/span>            <\/th>\n<td>                                                            Beton                                                <\/td>\n<\/tr>\n<tr>\n<th>                <span class=\"row-header-label\">                                            Po\u010det otvor\u016f<span class=\"row-header-label-colon\">:<\/span>                                    <\/span>            <\/th>\n<td>                                                            2 otvory                                                <\/td>\n<\/tr>\n<tr>\n<th>                <span class=\"row-header-label\">                                            P\u0159epad<span class=\"row-header-label-colon\">:<\/span>                                    <\/span>            <\/th>\n<td>                                                            NE                                                <\/td>\n<\/tr>\n<tr>\n<th>                <span class=\"row-header-label\">                                            Rozm\u011br<span class=\"row-header-label-colon\">:<\/span>                                    <\/span>            <\/th>\n<td>                                                            96&#215;44 cm                                                <\/td>\n<\/tr>\n<tr>\n<th>                <span class=\"row-header-label\">                                            Styl<span class=\"row-header-label-colon\">:<\/span>                                    <\/span>            <\/th>\n<td>                                                            Obd\u00e9ln\u00edk                                                <\/td>\n<\/tr>\n<tr>\n<th>                <span class=\"row-header-label\">                                            \u0160\u00ed\u0159ka<span class=\"row-header-label-colon\">:<\/span>                                    <\/span>            <\/th>\n<td>                                                            96.00 cm                                                <\/td>\n<\/tr>\n<tr>\n<th>                <span class=\"row-header-label\">                                            Typ<span class=\"row-header-label-colon\">:<\/span>                                    <\/span>            <\/th>\n<td>                                                            Do n\u00e1bytku                                                <\/td>\n<\/tr>\n<tr>\n<th>                <span class=\"row-header-label\">                                            V\u00edcekus<span class=\"row-header-label-colon\">:<\/span>                                    <\/span>            <\/th>\n<td>                                                            1                                                <\/td>\n<\/tr>\n<tr>\n<th>                <span class=\"row-header-label\">                                            Z\u00e1ru\u010dn\u00ed doba<span class=\"row-header-label-colon\">:<\/span>                                    <\/span>            <\/th>\n<td>                                                            2 roky                                                <\/td>\n<\/tr>\n<tr>\n<th>                <span class=\"row-header-label\">                                            Balen\u00ed &#8211; hmotnost<span class=\"row-header-label-colon\">:<\/span>                                    <\/span>            <\/th>\n<td>                                                            31.000 kg                                                <\/td>\n<\/tr>\n<tr>\n<th>                <span class=\"row-header-label\">                                            Balen\u00ed &#8211; \u0161\u00ed\u0159ka<span class=\"row-header-label-colon\">:<\/span>                                    <\/span>            <\/th>\n<td>                                                            510 mm                                                <\/td>\n<\/tr>\n<tr>\n<th>                <span class=\"row-header-label\">                                            Balen\u00ed &#8211; tlou\u0161\u0165ka<span class=\"row-header-label-colon\">:<\/span>                                    <\/span>            <\/th>\n<td>                                                            1030 mm                                                <\/td>\n<\/tr>\n<tr>\n<th>                <span class=\"row-header-label\">                                            Balen\u00ed &#8211; v\u00fd\u0161ka<span class=\"row-header-label-colon\">:<\/span>                                    <\/span>            <\/th>\n<td>                                                            220 mm                                                <\/td>\n<\/tr>\n<\/tbody>\n<\/table><\/div>\n<\/p><\/div>\n<\/p><\/div>\n","protected":false},"excerpt":{"rendered":"<p>Dopl\u0148kov\u00e9 parametry Kategorie: Dvojumyvadla Hmotnost: 31 kg EAN: 8590913886423 Barva: \u010cern\u00e1 Hloubka: 44.00 cm Hmotnost: 31.0 kg Materi\u00e1l: Beton Po\u010det otvor\u016f: 2 otvory P\u0159epad: NE Rozm\u011br: 96&#215;44 cm Styl: Obd\u00e9ln\u00edk \u0160\u00ed\u0159ka: 96.00 cm Typ: Do n\u00e1bytku V\u00edcekus: 1 Z\u00e1ru\u010dn\u00ed doba: 2 roky Balen\u00ed &#8211; hmotnost: 31.000 kg Balen\u00ed &#8211; \u0161\u00ed\u0159ka: 510 mm Balen\u00ed &#8211; tlou\u0161\u0165ka: [&hellip;]<\/p>\n","protected":false},"featured_media":27257,"comment_status":"open","ping_status":"open","template":"","meta":[],"product_brand":[],"product_cat":[90],"product_tag":[],"class_list":{"0":"post-27157","1":"product","2":"type-product","3":"status-publish","4":"has-post-thumbnail","6":"product_cat-koupelny","8":"first","9":"instock","10":"sale","11":"shipping-taxable","12":"purchasable","13":"product-type-simple"},"yoast_head":"<!-- This site is optimized with the Yoast SEO plugin v26.8 - https:\/\/yoast.com\/product\/yoast-seo-wordpress\/ -->\n<title>Zna\u010dkov\u00fd Sapho QUADRADO betonov\u00e9 dvojumyvadlo v\u010detn\u011b v\u00fdpusti, 96x44cm, \u010dern\u00fd granit AR473 -<\/title>\n<meta name=\"robots\" content=\"index, follow, max-snippet:-1, max-image-preview:large, max-video-preview:-1\" \/>\n<link rel=\"canonical\" href=\"https:\/\/www.domkraftpro.com\/index.php\/produkt\/znackovy-sapho-quadrado-betonove-dvojumyvadlo-vcetne-vypusti-96x44cm-cerny-granit-ar473-27157\/\" \/>\n<meta property=\"og:locale\" content=\"cs_CZ\" \/>\n<meta property=\"og:type\" content=\"article\" \/>\n<meta property=\"og:title\" content=\"Zna\u010dkov\u00fd Sapho QUADRADO betonov\u00e9 dvojumyvadlo v\u010detn\u011b v\u00fdpusti, 96x44cm, \u010dern\u00fd granit AR473 -\" \/>\n<meta property=\"og:description\" content=\"Dopl\u0148kov\u00e9 parametry Kategorie: Dvojumyvadla Hmotnost: 31 kg EAN: 8590913886423 Barva: \u010cern\u00e1 Hloubka: 44.00 cm Hmotnost: 31.0 kg Materi\u00e1l: Beton Po\u010det otvor\u016f: 2 otvory P\u0159epad: NE Rozm\u011br: 96&#215;44 cm Styl: Obd\u00e9ln\u00edk \u0160\u00ed\u0159ka: 96.00 cm Typ: Do n\u00e1bytku V\u00edcekus: 1 Z\u00e1ru\u010dn\u00ed doba: 2 roky Balen\u00ed &#8211; hmotnost: 31.000 kg Balen\u00ed &#8211; \u0161\u00ed\u0159ka: 510 mm Balen\u00ed &#8211; tlou\u0161\u0165ka: [&hellip;]\" \/>\n<meta property=\"og:url\" content=\"https:\/\/www.domkraftpro.com\/index.php\/produkt\/znackovy-sapho-quadrado-betonove-dvojumyvadlo-vcetne-vypusti-96x44cm-cerny-granit-ar473-27157\/\" \/>\n<meta property=\"og:image\" content=\"https:\/\/www.domkraftpro.com\/wp-content\/uploads\/2026\/SK0006597-CZ20260425-093136-0-1777080698-32556-6_ar473-144302311211032.webp\" \/>\n\t<meta property=\"og:image:width\" content=\"1000\" \/>\n\t<meta property=\"og:image:height\" content=\"750\" \/>\n\t<meta property=\"og:image:type\" content=\"image\/webp\" \/>\n<meta name=\"twitter:card\" content=\"summary_large_image\" \/>\n<script type=\"application\/ld+json\" class=\"yoast-schema-graph\">{\"@context\":\"https:\/\/schema.org\",\"@graph\":[{\"@type\":\"WebPage\",\"@id\":\"https:\/\/www.domkraftpro.com\/index.php\/produkt\/znackovy-sapho-quadrado-betonove-dvojumyvadlo-vcetne-vypusti-96x44cm-cerny-granit-ar473-27157\/\",\"url\":\"https:\/\/www.domkraftpro.com\/index.php\/produkt\/znackovy-sapho-quadrado-betonove-dvojumyvadlo-vcetne-vypusti-96x44cm-cerny-granit-ar473-27157\/\",\"name\":\"Zna\u010dkov\u00fd Sapho QUADRADO betonov\u00e9 dvojumyvadlo v\u010detn\u011b v\u00fdpusti, 96x44cm, \u010dern\u00fd granit AR473 -\",\"isPartOf\":{\"@id\":\"https:\/\/www.domkraftpro.com\/#website\"},\"primaryImageOfPage\":{\"@id\":\"https:\/\/www.domkraftpro.com\/index.php\/produkt\/znackovy-sapho-quadrado-betonove-dvojumyvadlo-vcetne-vypusti-96x44cm-cerny-granit-ar473-27157\/#primaryimage\"},\"image\":{\"@id\":\"https:\/\/www.domkraftpro.com\/index.php\/produkt\/znackovy-sapho-quadrado-betonove-dvojumyvadlo-vcetne-vypusti-96x44cm-cerny-granit-ar473-27157\/#primaryimage\"},\"thumbnailUrl\":\"https:\/\/www.domkraftpro.com\/wp-content\/uploads\/2026\/SK0006597-CZ20260425-093136-0-1777080698-32556-6_ar473-144302311211032.webp\",\"datePublished\":\"2026-04-27T04:41:33+00:00\",\"breadcrumb\":{\"@id\":\"https:\/\/www.domkraftpro.com\/index.php\/produkt\/znackovy-sapho-quadrado-betonove-dvojumyvadlo-vcetne-vypusti-96x44cm-cerny-granit-ar473-27157\/#breadcrumb\"},\"inLanguage\":\"cs\",\"potentialAction\":[{\"@type\":\"ReadAction\",\"target\":[\"https:\/\/www.domkraftpro.com\/index.php\/produkt\/znackovy-sapho-quadrado-betonove-dvojumyvadlo-vcetne-vypusti-96x44cm-cerny-granit-ar473-27157\/\"]}]},{\"@type\":\"ImageObject\",\"inLanguage\":\"cs\",\"@id\":\"https:\/\/www.domkraftpro.com\/index.php\/produkt\/znackovy-sapho-quadrado-betonove-dvojumyvadlo-vcetne-vypusti-96x44cm-cerny-granit-ar473-27157\/#primaryimage\",\"url\":\"https:\/\/www.domkraftpro.com\/wp-content\/uploads\/2026\/SK0006597-CZ20260425-093136-0-1777080698-32556-6_ar473-144302311211032.webp\",\"contentUrl\":\"https:\/\/www.domkraftpro.com\/wp-content\/uploads\/2026\/SK0006597-CZ20260425-093136-0-1777080698-32556-6_ar473-144302311211032.webp\",\"width\":1000,\"height\":750},{\"@type\":\"BreadcrumbList\",\"@id\":\"https:\/\/www.domkraftpro.com\/index.php\/produkt\/znackovy-sapho-quadrado-betonove-dvojumyvadlo-vcetne-vypusti-96x44cm-cerny-granit-ar473-27157\/#breadcrumb\",\"itemListElement\":[{\"@type\":\"ListItem\",\"position\":1,\"name\":\"Home\",\"item\":\"https:\/\/www.domkraftpro.com\/\"},{\"@type\":\"ListItem\",\"position\":2,\"name\":\"Products\",\"item\":\"https:\/\/www.domkraftpro.com\/index.php\/products\/\"},{\"@type\":\"ListItem\",\"position\":3,\"name\":\"Zna\u010dkov\u00fd Sapho QUADRADO betonov\u00e9 dvojumyvadlo v\u010detn\u011b v\u00fdpusti, 96x44cm, \u010dern\u00fd granit AR473\"}]},{\"@type\":\"WebSite\",\"@id\":\"https:\/\/www.domkraftpro.com\/#website\",\"url\":\"https:\/\/www.domkraftpro.com\/\",\"name\":\"\",\"description\":\"\",\"potentialAction\":[{\"@type\":\"SearchAction\",\"target\":{\"@type\":\"EntryPoint\",\"urlTemplate\":\"https:\/\/www.domkraftpro.com\/?s={search_term_string}\"},\"query-input\":{\"@type\":\"PropertyValueSpecification\",\"valueRequired\":true,\"valueName\":\"search_term_string\"}}],\"inLanguage\":\"cs\"}]}<\/script>\n<!-- \/ Yoast SEO plugin. -->","yoast_head_json":{"title":"Zna\u010dkov\u00fd Sapho QUADRADO betonov\u00e9 dvojumyvadlo v\u010detn\u011b v\u00fdpusti, 96x44cm, \u010dern\u00fd granit AR473 -","robots":{"index":"index","follow":"follow","max-snippet":"max-snippet:-1","max-image-preview":"max-image-preview:large","max-video-preview":"max-video-preview:-1"},"canonical":"https:\/\/www.domkraftpro.com\/index.php\/produkt\/znackovy-sapho-quadrado-betonove-dvojumyvadlo-vcetne-vypusti-96x44cm-cerny-granit-ar473-27157\/","og_locale":"cs_CZ","og_type":"article","og_title":"Zna\u010dkov\u00fd Sapho QUADRADO betonov\u00e9 dvojumyvadlo v\u010detn\u011b v\u00fdpusti, 96x44cm, \u010dern\u00fd granit AR473 -","og_description":"Dopl\u0148kov\u00e9 parametry Kategorie: Dvojumyvadla Hmotnost: 31 kg EAN: 8590913886423 Barva: \u010cern\u00e1 Hloubka: 44.00 cm Hmotnost: 31.0 kg Materi\u00e1l: Beton Po\u010det otvor\u016f: 2 otvory P\u0159epad: NE Rozm\u011br: 96&#215;44 cm Styl: Obd\u00e9ln\u00edk \u0160\u00ed\u0159ka: 96.00 cm Typ: Do n\u00e1bytku V\u00edcekus: 1 Z\u00e1ru\u010dn\u00ed doba: 2 roky Balen\u00ed &#8211; hmotnost: 31.000 kg Balen\u00ed &#8211; \u0161\u00ed\u0159ka: 510 mm Balen\u00ed &#8211; tlou\u0161\u0165ka: [&hellip;]","og_url":"https:\/\/www.domkraftpro.com\/index.php\/produkt\/znackovy-sapho-quadrado-betonove-dvojumyvadlo-vcetne-vypusti-96x44cm-cerny-granit-ar473-27157\/","og_image":[{"width":1000,"height":750,"url":"https:\/\/www.domkraftpro.com\/wp-content\/uploads\/2026\/SK0006597-CZ20260425-093136-0-1777080698-32556-6_ar473-144302311211032.webp","type":"image\/webp"}],"twitter_card":"summary_large_image","schema":{"@context":"https:\/\/schema.org","@graph":[{"@type":"WebPage","@id":"https:\/\/www.domkraftpro.com\/index.php\/produkt\/znackovy-sapho-quadrado-betonove-dvojumyvadlo-vcetne-vypusti-96x44cm-cerny-granit-ar473-27157\/","url":"https:\/\/www.domkraftpro.com\/index.php\/produkt\/znackovy-sapho-quadrado-betonove-dvojumyvadlo-vcetne-vypusti-96x44cm-cerny-granit-ar473-27157\/","name":"Zna\u010dkov\u00fd Sapho QUADRADO betonov\u00e9 dvojumyvadlo v\u010detn\u011b v\u00fdpusti, 96x44cm, \u010dern\u00fd granit AR473 -","isPartOf":{"@id":"https:\/\/www.domkraftpro.com\/#website"},"primaryImageOfPage":{"@id":"https:\/\/www.domkraftpro.com\/index.php\/produkt\/znackovy-sapho-quadrado-betonove-dvojumyvadlo-vcetne-vypusti-96x44cm-cerny-granit-ar473-27157\/#primaryimage"},"image":{"@id":"https:\/\/www.domkraftpro.com\/index.php\/produkt\/znackovy-sapho-quadrado-betonove-dvojumyvadlo-vcetne-vypusti-96x44cm-cerny-granit-ar473-27157\/#primaryimage"},"thumbnailUrl":"https:\/\/www.domkraftpro.com\/wp-content\/uploads\/2026\/SK0006597-CZ20260425-093136-0-1777080698-32556-6_ar473-144302311211032.webp","datePublished":"2026-04-27T04:41:33+00:00","breadcrumb":{"@id":"https:\/\/www.domkraftpro.com\/index.php\/produkt\/znackovy-sapho-quadrado-betonove-dvojumyvadlo-vcetne-vypusti-96x44cm-cerny-granit-ar473-27157\/#breadcrumb"},"inLanguage":"cs","potentialAction":[{"@type":"ReadAction","target":["https:\/\/www.domkraftpro.com\/index.php\/produkt\/znackovy-sapho-quadrado-betonove-dvojumyvadlo-vcetne-vypusti-96x44cm-cerny-granit-ar473-27157\/"]}]},{"@type":"ImageObject","inLanguage":"cs","@id":"https:\/\/www.domkraftpro.com\/index.php\/produkt\/znackovy-sapho-quadrado-betonove-dvojumyvadlo-vcetne-vypusti-96x44cm-cerny-granit-ar473-27157\/#primaryimage","url":"https:\/\/www.domkraftpro.com\/wp-content\/uploads\/2026\/SK0006597-CZ20260425-093136-0-1777080698-32556-6_ar473-144302311211032.webp","contentUrl":"https:\/\/www.domkraftpro.com\/wp-content\/uploads\/2026\/SK0006597-CZ20260425-093136-0-1777080698-32556-6_ar473-144302311211032.webp","width":1000,"height":750},{"@type":"BreadcrumbList","@id":"https:\/\/www.domkraftpro.com\/index.php\/produkt\/znackovy-sapho-quadrado-betonove-dvojumyvadlo-vcetne-vypusti-96x44cm-cerny-granit-ar473-27157\/#breadcrumb","itemListElement":[{"@type":"ListItem","position":1,"name":"Home","item":"https:\/\/www.domkraftpro.com\/"},{"@type":"ListItem","position":2,"name":"Products","item":"https:\/\/www.domkraftpro.com\/index.php\/products\/"},{"@type":"ListItem","position":3,"name":"Zna\u010dkov\u00fd Sapho QUADRADO betonov\u00e9 dvojumyvadlo v\u010detn\u011b v\u00fdpusti, 96x44cm, \u010dern\u00fd granit AR473"}]},{"@type":"WebSite","@id":"https:\/\/www.domkraftpro.com\/#website","url":"https:\/\/www.domkraftpro.com\/","name":"","description":"","potentialAction":[{"@type":"SearchAction","target":{"@type":"EntryPoint","urlTemplate":"https:\/\/www.domkraftpro.com\/?s={search_term_string}"},"query-input":{"@type":"PropertyValueSpecification","valueRequired":true,"valueName":"search_term_string"}}],"inLanguage":"cs"}]}},"_links":{"self":[{"href":"https:\/\/www.domkraftpro.com\/index.php\/wp-json\/wp\/v2\/product\/27157","targetHints":{"allow":["GET"]}}],"collection":[{"href":"https:\/\/www.domkraftpro.com\/index.php\/wp-json\/wp\/v2\/product"}],"about":[{"href":"https:\/\/www.domkraftpro.com\/index.php\/wp-json\/wp\/v2\/types\/product"}],"replies":[{"embeddable":true,"href":"https:\/\/www.domkraftpro.com\/index.php\/wp-json\/wp\/v2\/comments?post=27157"}],"wp:featuredmedia":[{"embeddable":true,"href":"https:\/\/www.domkraftpro.com\/index.php\/wp-json\/wp\/v2\/media\/27257"}],"wp:attachment":[{"href":"https:\/\/www.domkraftpro.com\/index.php\/wp-json\/wp\/v2\/media?parent=27157"}],"wp:term":[{"taxonomy":"product_brand","embeddable":true,"href":"https:\/\/www.domkraftpro.com\/index.php\/wp-json\/wp\/v2\/product_brand?post=27157"},{"taxonomy":"product_cat","embeddable":true,"href":"https:\/\/www.domkraftpro.com\/index.php\/wp-json\/wp\/v2\/product_cat?post=27157"},{"taxonomy":"product_tag","embeddable":true,"href":"https:\/\/www.domkraftpro.com\/index.php\/wp-json\/wp\/v2\/product_tag?post=27157"}],"curies":[{"name":"wp","href":"https:\/\/api.w.org\/{rel}","templated":true}]}}