{"id":27108,"date":"2026-04-27T04:41:33","date_gmt":"2026-04-27T04:41:33","guid":{"rendered":""},"modified":"2026-04-27T04:41:33","modified_gmt":"2026-04-27T04:41:33","slug":"znackovy-nimco-nikau-cerna-police-40-cm-nkc-30091b-40-90-27108","status":"publish","type":"product","link":"https:\/\/www.domkraftpro.com\/index.php\/produkt\/znackovy-nimco-nikau-cerna-police-40-cm-nkc-30091b-40-90-27108\/","title":{"rendered":"Zna\u010dkov\u00fd Nimco NIKAU \u010dern\u00e1 Police, 40 cm NKC 30091B-40-90"},"content":{"rendered":"<h3>Dopl\u0148kov\u00e9 parametry<\/h3>\n<table class=\"detail-parameters\">\n<tbody>\n<tr>\n<th>        <span class=\"row-header-label\">            Kategorie<span class=\"row-header-label-colon\">:<\/span>        <\/span>    <\/th>\n<td>        Nimco NIKAU    <\/td>\n<\/tr>\n<tr>\n<th>            <span class=\"row-header-label\">                Hmotnost<span class=\"row-header-label-colon\">:<\/span>            <\/span>        <\/th>\n<td>            1.462 kg        <\/td>\n<\/tr>\n<tr class=\"productEan\">\n<th>          <span class=\"row-header-label productEan__label\">              EAN<span class=\"row-header-label-colon\">:<\/span>          <\/span>      <\/th>\n<td>          <span class=\"productEan__value\">8595187115071<\/span>      <\/td>\n<\/tr>\n<tr>\n<th>                <span class=\"row-header-label\">                                            Balen\u00ed (\u0161 x v x h)<span class=\"row-header-label-colon\">:<\/span>                                    <\/span>            <\/th>\n<td>                                                            420 x 150 x 60mm                                                <\/td>\n<\/tr>\n<tr>\n<th>                <span class=\"row-header-label\">                                            Barva<span class=\"row-header-label-colon\">:<\/span>                                    <\/span>            <\/th>\n<td>                                                            \u010cern\u00e1                                                <\/td>\n<\/tr>\n<tr>\n<th>                <span class=\"row-header-label\">                                            Hmotnost<span class=\"row-header-label-colon\">:<\/span>                                    <\/span>            <\/th>\n<td>                                                            1,462 kg kg                                                <\/td>\n<\/tr>\n<tr>\n<th>                <span class=\"row-header-label\">                                            Materi\u00e1l<span class=\"row-header-label-colon\">:<\/span>                                    <\/span>            <\/th>\n<td>                                                            Matn\u00e9 sklo                                                <\/td>\n<\/tr>\n<tr>\n<th>                <span class=\"row-header-label\">                                            Rozm\u011br<span class=\"row-header-label-colon\">:<\/span>                                    <\/span>            <\/th>\n<td>                                                            301-400 mm                                                <\/td>\n<\/tr>\n<tr>\n<th>                <span class=\"row-header-label\">                                            Rozm\u011bry (\u0161 x v x h)<span class=\"row-header-label-colon\">:<\/span>                                    <\/span>            <\/th>\n<td>                                                            400 x 21 x 115mm                                                <\/td>\n<\/tr>\n<tr>\n<th>                <span class=\"row-header-label\">                                            S\u00e9rie<span class=\"row-header-label-colon\">:<\/span>                                    <\/span>            <\/th>\n<td>                                                            NIKAU \u010dern\u00e1                                                <\/td>\n<\/tr>\n<tr>\n<th>                <span class=\"row-header-label\">                                            Tvar<span class=\"row-header-label-colon\">:<\/span>                                    <\/span>            <\/th>\n<td>                                                            Obd\u00e9ln\u00edkov\u00e9                                                <\/td>\n<\/tr>\n<tr>\n<th>                <span class=\"row-header-label\">                                            Typ<span class=\"row-header-label-colon\">:<\/span>                                    <\/span>            <\/th>\n<td>                                                            Vrt\u00e1n\u00ed                                                <\/td>\n<\/tr>\n<tr>\n<th>                <span class=\"row-header-label\">                                            Z\u00e1ru\u010dn\u00ed doba<span class=\"row-header-label-colon\">:<\/span>                                    <\/span>            <\/th>\n<td>                                                            10 let                                                <\/td>\n<\/tr>\n<\/tbody>\n<\/table><\/div>\n<\/p><\/div>\n<\/p><\/div>\n","protected":false},"excerpt":{"rendered":"<p>Dopl\u0148kov\u00e9 parametry Kategorie: Nimco NIKAU Hmotnost: 1.462 kg EAN: 8595187115071 Balen\u00ed (\u0161 x v x h): 420 x 150 x 60mm Barva: \u010cern\u00e1 Hmotnost: 1,462 kg kg Materi\u00e1l: Matn\u00e9 sklo Rozm\u011br: 301-400 mm Rozm\u011bry (\u0161 x v x h): 400 x 21 x 115mm S\u00e9rie: NIKAU \u010dern\u00e1 Tvar: Obd\u00e9ln\u00edkov\u00e9 Typ: Vrt\u00e1n\u00ed Z\u00e1ru\u010dn\u00ed doba: 10 let<\/p>\n","protected":false},"featured_media":27208,"comment_status":"open","ping_status":"open","template":"","meta":[],"product_brand":[],"product_cat":[90],"product_tag":[],"class_list":{"0":"post-27108","1":"product","2":"type-product","3":"status-publish","4":"has-post-thumbnail","6":"product_cat-koupelny","8":"first","9":"instock","10":"sale","11":"shipping-taxable","12":"purchasable","13":"product-type-simple"},"yoast_head":"<!-- This site is optimized with the Yoast SEO plugin v26.8 - https:\/\/yoast.com\/product\/yoast-seo-wordpress\/ -->\n<title>Zna\u010dkov\u00fd Nimco NIKAU \u010dern\u00e1 Police, 40 cm NKC 30091B-40-90 -<\/title>\n<meta name=\"robots\" content=\"index, follow, max-snippet:-1, max-image-preview:large, max-video-preview:-1\" \/>\n<link rel=\"canonical\" href=\"https:\/\/www.domkraftpro.com\/index.php\/produkt\/znackovy-nimco-nikau-cerna-police-40-cm-nkc-30091b-40-90-27108\/\" \/>\n<meta property=\"og:locale\" content=\"cs_CZ\" \/>\n<meta property=\"og:type\" content=\"article\" \/>\n<meta property=\"og:title\" content=\"Zna\u010dkov\u00fd Nimco NIKAU \u010dern\u00e1 Police, 40 cm NKC 30091B-40-90 -\" \/>\n<meta property=\"og:description\" content=\"Dopl\u0148kov\u00e9 parametry Kategorie: Nimco NIKAU Hmotnost: 1.462 kg EAN: 8595187115071 Balen\u00ed (\u0161 x v x h): 420 x 150 x 60mm Barva: \u010cern\u00e1 Hmotnost: 1,462 kg kg Materi\u00e1l: Matn\u00e9 sklo Rozm\u011br: 301-400 mm Rozm\u011bry (\u0161 x v x h): 400 x 21 x 115mm S\u00e9rie: NIKAU \u010dern\u00e1 Tvar: Obd\u00e9ln\u00edkov\u00e9 Typ: Vrt\u00e1n\u00ed Z\u00e1ru\u010dn\u00ed doba: 10 let\" \/>\n<meta property=\"og:url\" content=\"https:\/\/www.domkraftpro.com\/index.php\/produkt\/znackovy-nimco-nikau-cerna-police-40-cm-nkc-30091b-40-90-27108\/\" \/>\n<meta property=\"og:image\" content=\"https:\/\/www.domkraftpro.com\/wp-content\/uploads\/2026\/SK0006544-CZ20260425-093136-0-1777080698-32724_police-40-cm-nahled.webp\" \/>\n\t<meta property=\"og:image:width\" content=\"1000\" \/>\n\t<meta property=\"og:image:height\" content=\"750\" \/>\n\t<meta property=\"og:image:type\" content=\"image\/webp\" \/>\n<meta name=\"twitter:card\" content=\"summary_large_image\" \/>\n<script type=\"application\/ld+json\" class=\"yoast-schema-graph\">{\"@context\":\"https:\/\/schema.org\",\"@graph\":[{\"@type\":\"WebPage\",\"@id\":\"https:\/\/www.domkraftpro.com\/index.php\/produkt\/znackovy-nimco-nikau-cerna-police-40-cm-nkc-30091b-40-90-27108\/\",\"url\":\"https:\/\/www.domkraftpro.com\/index.php\/produkt\/znackovy-nimco-nikau-cerna-police-40-cm-nkc-30091b-40-90-27108\/\",\"name\":\"Zna\u010dkov\u00fd Nimco NIKAU \u010dern\u00e1 Police, 40 cm NKC 30091B-40-90 -\",\"isPartOf\":{\"@id\":\"https:\/\/www.domkraftpro.com\/#website\"},\"primaryImageOfPage\":{\"@id\":\"https:\/\/www.domkraftpro.com\/index.php\/produkt\/znackovy-nimco-nikau-cerna-police-40-cm-nkc-30091b-40-90-27108\/#primaryimage\"},\"image\":{\"@id\":\"https:\/\/www.domkraftpro.com\/index.php\/produkt\/znackovy-nimco-nikau-cerna-police-40-cm-nkc-30091b-40-90-27108\/#primaryimage\"},\"thumbnailUrl\":\"https:\/\/www.domkraftpro.com\/wp-content\/uploads\/2026\/SK0006544-CZ20260425-093136-0-1777080698-32724_police-40-cm-nahled.webp\",\"datePublished\":\"2026-04-27T04:41:33+00:00\",\"breadcrumb\":{\"@id\":\"https:\/\/www.domkraftpro.com\/index.php\/produkt\/znackovy-nimco-nikau-cerna-police-40-cm-nkc-30091b-40-90-27108\/#breadcrumb\"},\"inLanguage\":\"cs\",\"potentialAction\":[{\"@type\":\"ReadAction\",\"target\":[\"https:\/\/www.domkraftpro.com\/index.php\/produkt\/znackovy-nimco-nikau-cerna-police-40-cm-nkc-30091b-40-90-27108\/\"]}]},{\"@type\":\"ImageObject\",\"inLanguage\":\"cs\",\"@id\":\"https:\/\/www.domkraftpro.com\/index.php\/produkt\/znackovy-nimco-nikau-cerna-police-40-cm-nkc-30091b-40-90-27108\/#primaryimage\",\"url\":\"https:\/\/www.domkraftpro.com\/wp-content\/uploads\/2026\/SK0006544-CZ20260425-093136-0-1777080698-32724_police-40-cm-nahled.webp\",\"contentUrl\":\"https:\/\/www.domkraftpro.com\/wp-content\/uploads\/2026\/SK0006544-CZ20260425-093136-0-1777080698-32724_police-40-cm-nahled.webp\",\"width\":1000,\"height\":750},{\"@type\":\"BreadcrumbList\",\"@id\":\"https:\/\/www.domkraftpro.com\/index.php\/produkt\/znackovy-nimco-nikau-cerna-police-40-cm-nkc-30091b-40-90-27108\/#breadcrumb\",\"itemListElement\":[{\"@type\":\"ListItem\",\"position\":1,\"name\":\"Home\",\"item\":\"https:\/\/www.domkraftpro.com\/\"},{\"@type\":\"ListItem\",\"position\":2,\"name\":\"Products\",\"item\":\"https:\/\/www.domkraftpro.com\/index.php\/products\/\"},{\"@type\":\"ListItem\",\"position\":3,\"name\":\"Zna\u010dkov\u00fd Nimco NIKAU \u010dern\u00e1 Police, 40 cm NKC 30091B-40-90\"}]},{\"@type\":\"WebSite\",\"@id\":\"https:\/\/www.domkraftpro.com\/#website\",\"url\":\"https:\/\/www.domkraftpro.com\/\",\"name\":\"\",\"description\":\"\",\"potentialAction\":[{\"@type\":\"SearchAction\",\"target\":{\"@type\":\"EntryPoint\",\"urlTemplate\":\"https:\/\/www.domkraftpro.com\/?s={search_term_string}\"},\"query-input\":{\"@type\":\"PropertyValueSpecification\",\"valueRequired\":true,\"valueName\":\"search_term_string\"}}],\"inLanguage\":\"cs\"}]}<\/script>\n<!-- \/ Yoast SEO plugin. -->","yoast_head_json":{"title":"Zna\u010dkov\u00fd Nimco NIKAU \u010dern\u00e1 Police, 40 cm NKC 30091B-40-90 -","robots":{"index":"index","follow":"follow","max-snippet":"max-snippet:-1","max-image-preview":"max-image-preview:large","max-video-preview":"max-video-preview:-1"},"canonical":"https:\/\/www.domkraftpro.com\/index.php\/produkt\/znackovy-nimco-nikau-cerna-police-40-cm-nkc-30091b-40-90-27108\/","og_locale":"cs_CZ","og_type":"article","og_title":"Zna\u010dkov\u00fd Nimco NIKAU \u010dern\u00e1 Police, 40 cm NKC 30091B-40-90 -","og_description":"Dopl\u0148kov\u00e9 parametry Kategorie: Nimco NIKAU Hmotnost: 1.462 kg EAN: 8595187115071 Balen\u00ed (\u0161 x v x h): 420 x 150 x 60mm Barva: \u010cern\u00e1 Hmotnost: 1,462 kg kg Materi\u00e1l: Matn\u00e9 sklo Rozm\u011br: 301-400 mm Rozm\u011bry (\u0161 x v x h): 400 x 21 x 115mm S\u00e9rie: NIKAU \u010dern\u00e1 Tvar: Obd\u00e9ln\u00edkov\u00e9 Typ: Vrt\u00e1n\u00ed Z\u00e1ru\u010dn\u00ed doba: 10 let","og_url":"https:\/\/www.domkraftpro.com\/index.php\/produkt\/znackovy-nimco-nikau-cerna-police-40-cm-nkc-30091b-40-90-27108\/","og_image":[{"width":1000,"height":750,"url":"https:\/\/www.domkraftpro.com\/wp-content\/uploads\/2026\/SK0006544-CZ20260425-093136-0-1777080698-32724_police-40-cm-nahled.webp","type":"image\/webp"}],"twitter_card":"summary_large_image","schema":{"@context":"https:\/\/schema.org","@graph":[{"@type":"WebPage","@id":"https:\/\/www.domkraftpro.com\/index.php\/produkt\/znackovy-nimco-nikau-cerna-police-40-cm-nkc-30091b-40-90-27108\/","url":"https:\/\/www.domkraftpro.com\/index.php\/produkt\/znackovy-nimco-nikau-cerna-police-40-cm-nkc-30091b-40-90-27108\/","name":"Zna\u010dkov\u00fd Nimco NIKAU \u010dern\u00e1 Police, 40 cm NKC 30091B-40-90 -","isPartOf":{"@id":"https:\/\/www.domkraftpro.com\/#website"},"primaryImageOfPage":{"@id":"https:\/\/www.domkraftpro.com\/index.php\/produkt\/znackovy-nimco-nikau-cerna-police-40-cm-nkc-30091b-40-90-27108\/#primaryimage"},"image":{"@id":"https:\/\/www.domkraftpro.com\/index.php\/produkt\/znackovy-nimco-nikau-cerna-police-40-cm-nkc-30091b-40-90-27108\/#primaryimage"},"thumbnailUrl":"https:\/\/www.domkraftpro.com\/wp-content\/uploads\/2026\/SK0006544-CZ20260425-093136-0-1777080698-32724_police-40-cm-nahled.webp","datePublished":"2026-04-27T04:41:33+00:00","breadcrumb":{"@id":"https:\/\/www.domkraftpro.com\/index.php\/produkt\/znackovy-nimco-nikau-cerna-police-40-cm-nkc-30091b-40-90-27108\/#breadcrumb"},"inLanguage":"cs","potentialAction":[{"@type":"ReadAction","target":["https:\/\/www.domkraftpro.com\/index.php\/produkt\/znackovy-nimco-nikau-cerna-police-40-cm-nkc-30091b-40-90-27108\/"]}]},{"@type":"ImageObject","inLanguage":"cs","@id":"https:\/\/www.domkraftpro.com\/index.php\/produkt\/znackovy-nimco-nikau-cerna-police-40-cm-nkc-30091b-40-90-27108\/#primaryimage","url":"https:\/\/www.domkraftpro.com\/wp-content\/uploads\/2026\/SK0006544-CZ20260425-093136-0-1777080698-32724_police-40-cm-nahled.webp","contentUrl":"https:\/\/www.domkraftpro.com\/wp-content\/uploads\/2026\/SK0006544-CZ20260425-093136-0-1777080698-32724_police-40-cm-nahled.webp","width":1000,"height":750},{"@type":"BreadcrumbList","@id":"https:\/\/www.domkraftpro.com\/index.php\/produkt\/znackovy-nimco-nikau-cerna-police-40-cm-nkc-30091b-40-90-27108\/#breadcrumb","itemListElement":[{"@type":"ListItem","position":1,"name":"Home","item":"https:\/\/www.domkraftpro.com\/"},{"@type":"ListItem","position":2,"name":"Products","item":"https:\/\/www.domkraftpro.com\/index.php\/products\/"},{"@type":"ListItem","position":3,"name":"Zna\u010dkov\u00fd Nimco NIKAU \u010dern\u00e1 Police, 40 cm NKC 30091B-40-90"}]},{"@type":"WebSite","@id":"https:\/\/www.domkraftpro.com\/#website","url":"https:\/\/www.domkraftpro.com\/","name":"","description":"","potentialAction":[{"@type":"SearchAction","target":{"@type":"EntryPoint","urlTemplate":"https:\/\/www.domkraftpro.com\/?s={search_term_string}"},"query-input":{"@type":"PropertyValueSpecification","valueRequired":true,"valueName":"search_term_string"}}],"inLanguage":"cs"}]}},"_links":{"self":[{"href":"https:\/\/www.domkraftpro.com\/index.php\/wp-json\/wp\/v2\/product\/27108","targetHints":{"allow":["GET"]}}],"collection":[{"href":"https:\/\/www.domkraftpro.com\/index.php\/wp-json\/wp\/v2\/product"}],"about":[{"href":"https:\/\/www.domkraftpro.com\/index.php\/wp-json\/wp\/v2\/types\/product"}],"replies":[{"embeddable":true,"href":"https:\/\/www.domkraftpro.com\/index.php\/wp-json\/wp\/v2\/comments?post=27108"}],"wp:featuredmedia":[{"embeddable":true,"href":"https:\/\/www.domkraftpro.com\/index.php\/wp-json\/wp\/v2\/media\/27208"}],"wp:attachment":[{"href":"https:\/\/www.domkraftpro.com\/index.php\/wp-json\/wp\/v2\/media?parent=27108"}],"wp:term":[{"taxonomy":"product_brand","embeddable":true,"href":"https:\/\/www.domkraftpro.com\/index.php\/wp-json\/wp\/v2\/product_brand?post=27108"},{"taxonomy":"product_cat","embeddable":true,"href":"https:\/\/www.domkraftpro.com\/index.php\/wp-json\/wp\/v2\/product_cat?post=27108"},{"taxonomy":"product_tag","embeddable":true,"href":"https:\/\/www.domkraftpro.com\/index.php\/wp-json\/wp\/v2\/product_tag?post=27108"}],"curies":[{"name":"wp","href":"https:\/\/api.w.org\/{rel}","templated":true}]}}