{"id":2706,"date":"2026-04-27T04:40:34","date_gmt":"2026-04-27T04:40:34","guid":{"rendered":""},"modified":"2026-04-27T04:40:34","modified_gmt":"2026-04-27T04:40:34","slug":"solight-pg12b-zahradni-sloupek-z-hliniku-ip44-2-zasuvky-cerny-super-cena-2706","status":"publish","type":"product","link":"https:\/\/www.domkraftpro.com\/index.php\/produkt\/solight-pg12b-zahradni-sloupek-z-hliniku-ip44-2-zasuvky-cerny-super-cena-2706\/","title":{"rendered":"SOLIGHT PG12B zahradn\u00ed sloupek z hlin\u00edku IP44, 2 z\u00e1suvky, \u010dern\u00fd Super Cena"},"content":{"rendered":"<div id=\"e9909138\" class=\"pages\">\n<div id=\"PDDescription\" class=\"UserContentView userContent v1a v1 bs-view dcon dc150 PDDescription\" >\n<h2><span style=\"color: #007980;\">SOLIGHT PG12B zahradn\u00ed sloupek z hlin\u00edku IP44, 2 z\u00e1suvky, \u010dern\u00fd<\/span><\/h2>\n<p data-start=\"72\" data-end=\"509\">Elegantn\u00ed venkovn\u00ed elektrick\u00fd rozvodn\u00fd sloupek v modern\u00edm proveden\u00ed je praktick\u00fdm a z\u00e1rove\u0148 designov\u00fdm \u0159e\u0161en\u00edm pro p\u0159\u00edvod elektrick\u00e9 energie na zahrad\u011b, u pergoly, na dvo\u0159e nebo p\u0159\u00edjezdov\u00e9 cest\u011b. T\u011blo sloupku je vyrobeno z tlakov\u011b lit\u00e9ho hlin\u00edku, kter\u00fd zaji\u0161\u0165uje vysokou odolnost v\u016f\u010di pov\u011btrnostn\u00edm vliv\u016fm i dlouhou \u017eivotnost. Matn\u00e1 \u010dern\u00e1 povrchov\u00e1 \u00faprava p\u016fsob\u00ed nen\u00e1padn\u011b a elegantn\u011b a snadno zapadne do jak\u00e9hokoli venkovn\u00edho prost\u0159ed\u00ed.<\/p>\n<p data-start=\"511\" data-end=\"845\">Sloupek je vybaven dv\u011bma z\u00e1suvkami s d\u011btsk\u00fdmi pojistkami a samouzav\u00edrateln\u00fdmi krytkami, kter\u00e9 chr\u00e1n\u00ed p\u0159ed vlhkost\u00ed a ne\u010distotami. Kryt\u00ed IP44 umo\u017e\u0148uje bezpe\u010dn\u00e9 pou\u017e\u00edv\u00e1n\u00ed i ve venkovn\u00edch a vlh\u010d\u00edch podm\u00ednk\u00e1ch. Maxim\u00e1ln\u00ed zat\u00ed\u017een\u00ed a\u017e 3680 W zaji\u0161\u0165uje dostatek v\u00fdkonu pro zahradn\u00ed techniku, venkovn\u00ed osv\u011btlen\u00ed i b\u011b\u017en\u00e9 elektrick\u00e9 spot\u0159ebi\u010de.<\/p>\n<p data-start=\"847\" data-end=\"1082\">Instalace je rychl\u00e1 a stabiln\u00ed d\u00edky z\u00e1kladn\u011b se \u010dty\u0159mi mont\u00e1\u017en\u00edmi otvory, kter\u00e1 je ur\u010dena pro upevn\u011bn\u00ed na beton, dla\u017ebu nebo jin\u00fd pevn\u00fd povrch. Uvnit\u0159 sloupku se nach\u00e1z\u00ed svorkovnice s uzemn\u011bn\u00edm pro bezpe\u010dn\u00e9 p\u0159ipojen\u00ed p\u0159\u00edvodn\u00edho kabelu.<\/p>\n<h3 data-start=\"847\" data-end=\"1082\"><span style=\"color: #007980;\">Parametry:<\/span><\/h3>\n<p><span style=\"color: #000000;\">materi\u00e1l hlin\u00edk<br data-start=\"1115\" data-end=\"1118\"> pou\u017eit\u00ed venkovn\u00ed p\u0159\u00edvod elektrick\u00e9 energie<br data-start=\"1160\" data-end=\"1163\"> po\u010det z\u00e1suvek 2<br data-start=\"1178\" data-end=\"1181\"> maxim\u00e1ln\u00ed zat\u00ed\u017een\u00ed 3680 W<br data-start=\"1206\" data-end=\"1209\"> proud 16 A<br data-start=\"1219\" data-end=\"1222\"> nap\u011bt\u00ed 230 V<br data-start=\"1234\" data-end=\"1237\" data-is-only-node=\"\"> d\u011btsk\u00e9 pojistky ano<br data-start=\"1256\" data-end=\"1259\"> ochrann\u00e9 krytky z\u00e1suvek samouzav\u00edrateln\u00e9<br data-start=\"1299\" data-end=\"1302\"> svorkovnice s uzemn\u011bn\u00edm ano<br data-start=\"1329\" data-end=\"1332\"> mont\u00e1\u017e na pevn\u00fd povrch<br data-start=\"1354\" data-end=\"1357\"> t\u0159\u00edda ochrany IP44<br data-start=\"1375\" data-end=\"1378\"> barva matn\u00e1 \u010dern\u00e1<br data-start=\"1395\" data-end=\"1398\"> rozm\u011bry 7 x 7 x 23 cm<\/span><\/p>\n<p>\u00a0<\/p>\n<div id=\"PDTable3\" class=\"ProductDetailTableView v3a v3 bs-view dcon dc175 PDTable3\" >\n<table>\n<thead><\/thead>\n<tbody>\n<tr class=\"attribute attr_bsshop_maker\">\n<td class=\"caption\">V\u00fdrobce<\/td>\n<td class=\"value\">Solight<\/td>\n<\/tr>\n<\/tbody>\n<\/table><\/div>\n<\/div>\n<div id=\"ProductMedia\" class=\"ProductMediaView MediaViewBase v1a v1 bs-view dcon dc398 ProductMedia\" ><bs-empty><\/bs-empty><\/p>\n<div class=\"files\">\n<div class=\"title sub\">Soubory<\/div>\n<p>pg12b_sk n&#225;vod.pdfpg12b_en_manual.pdfpg12b_cz n&#225;vod.pdf<\/p><\/div>\n<p><bs-empty><\/bs-empty><\/div>\n<\/div>\n<div id=\"e9909139\" class=\"tabs\">\n","protected":false},"excerpt":{"rendered":"<p>SOLIGHT PG12B zahradn\u00ed sloupek z hlin\u00edku IP44, 2 z\u00e1suvky, \u010dern\u00fd Elegantn\u00ed venkovn\u00ed elektrick\u00fd rozvodn\u00fd sloupek v modern\u00edm proveden\u00ed je praktick\u00fdm a z\u00e1rove\u0148 designov\u00fdm \u0159e\u0161en\u00edm pro p\u0159\u00edvod elektrick\u00e9 energie na zahrad\u011b, u pergoly, na dvo\u0159e nebo p\u0159\u00edjezdov\u00e9 cest\u011b. T\u011blo sloupku je vyrobeno z tlakov\u011b lit\u00e9ho hlin\u00edku, kter\u00fd zaji\u0161\u0165uje vysokou odolnost v\u016f\u010di pov\u011btrnostn\u00edm vliv\u016fm i dlouhou \u017eivotnost. [&hellip;]<\/p>\n","protected":false},"featured_media":2806,"comment_status":"open","ping_status":"open","template":"","meta":[],"product_brand":[],"product_cat":[41],"product_tag":[],"class_list":{"0":"post-2706","1":"product","2":"type-product","3":"status-publish","4":"has-post-thumbnail","6":"product_cat-vyp-237-nace-a-z-225-suvky","8":"first","9":"instock","10":"sale","11":"shipping-taxable","12":"purchasable","13":"product-type-simple"},"yoast_head":"<!-- This site is optimized with the Yoast SEO plugin v26.8 - https:\/\/yoast.com\/product\/yoast-seo-wordpress\/ -->\n<title>SOLIGHT PG12B zahradn\u00ed sloupek z hlin\u00edku IP44, 2 z\u00e1suvky, \u010dern\u00fd Super Cena -<\/title>\n<meta name=\"robots\" content=\"index, follow, max-snippet:-1, max-image-preview:large, max-video-preview:-1\" \/>\n<link rel=\"canonical\" href=\"https:\/\/www.domkraftpro.com\/index.php\/produkt\/solight-pg12b-zahradni-sloupek-z-hliniku-ip44-2-zasuvky-cerny-super-cena-2706\/\" \/>\n<meta property=\"og:locale\" content=\"cs_CZ\" \/>\n<meta property=\"og:type\" content=\"article\" \/>\n<meta property=\"og:title\" content=\"SOLIGHT PG12B zahradn\u00ed sloupek z hlin\u00edku IP44, 2 z\u00e1suvky, \u010dern\u00fd Super Cena -\" \/>\n<meta property=\"og:description\" content=\"SOLIGHT PG12B zahradn\u00ed sloupek z hlin\u00edku IP44, 2 z\u00e1suvky, \u010dern\u00fd Elegantn\u00ed venkovn\u00ed elektrick\u00fd rozvodn\u00fd sloupek v modern\u00edm proveden\u00ed je praktick\u00fdm a z\u00e1rove\u0148 designov\u00fdm \u0159e\u0161en\u00edm pro p\u0159\u00edvod elektrick\u00e9 energie na zahrad\u011b, u pergoly, na dvo\u0159e nebo p\u0159\u00edjezdov\u00e9 cest\u011b. T\u011blo sloupku je vyrobeno z tlakov\u011b lit\u00e9ho hlin\u00edku, kter\u00fd zaji\u0161\u0165uje vysokou odolnost v\u016f\u010di pov\u011btrnostn\u00edm vliv\u016fm i dlouhou \u017eivotnost. [&hellip;]\" \/>\n<meta property=\"og:url\" content=\"https:\/\/www.domkraftpro.com\/index.php\/produkt\/solight-pg12b-zahradni-sloupek-z-hliniku-ip44-2-zasuvky-cerny-super-cena-2706\/\" \/>\n<meta property=\"og:image\" content=\"https:\/\/www.domkraftpro.com\/wp-content\/uploads\/2026\/SK0008544-CZ20260425-091623-0-1777079785-solight-pg12b-zahradni-sloupek-z-hliniku-ip44-2-zasuvky-cer.webp\" \/>\n\t<meta property=\"og:image:width\" content=\"1000\" \/>\n\t<meta property=\"og:image:height\" content=\"525\" \/>\n\t<meta property=\"og:image:type\" content=\"image\/webp\" \/>\n<meta name=\"twitter:card\" content=\"summary_large_image\" \/>\n<meta name=\"twitter:label1\" content=\"Odhadovan\u00e1 doba \u010dten\u00ed\" \/>\n\t<meta name=\"twitter:data1\" content=\"1 minuta\" \/>\n<script type=\"application\/ld+json\" class=\"yoast-schema-graph\">{\"@context\":\"https:\/\/schema.org\",\"@graph\":[{\"@type\":\"WebPage\",\"@id\":\"https:\/\/www.domkraftpro.com\/index.php\/produkt\/solight-pg12b-zahradni-sloupek-z-hliniku-ip44-2-zasuvky-cerny-super-cena-2706\/\",\"url\":\"https:\/\/www.domkraftpro.com\/index.php\/produkt\/solight-pg12b-zahradni-sloupek-z-hliniku-ip44-2-zasuvky-cerny-super-cena-2706\/\",\"name\":\"SOLIGHT PG12B zahradn\u00ed sloupek z hlin\u00edku IP44, 2 z\u00e1suvky, \u010dern\u00fd Super Cena -\",\"isPartOf\":{\"@id\":\"https:\/\/www.domkraftpro.com\/#website\"},\"primaryImageOfPage\":{\"@id\":\"https:\/\/www.domkraftpro.com\/index.php\/produkt\/solight-pg12b-zahradni-sloupek-z-hliniku-ip44-2-zasuvky-cerny-super-cena-2706\/#primaryimage\"},\"image\":{\"@id\":\"https:\/\/www.domkraftpro.com\/index.php\/produkt\/solight-pg12b-zahradni-sloupek-z-hliniku-ip44-2-zasuvky-cerny-super-cena-2706\/#primaryimage\"},\"thumbnailUrl\":\"https:\/\/www.domkraftpro.com\/wp-content\/uploads\/2026\/SK0008544-CZ20260425-091623-0-1777079785-solight-pg12b-zahradni-sloupek-z-hliniku-ip44-2-zasuvky-cer.webp\",\"datePublished\":\"2026-04-27T04:40:34+00:00\",\"breadcrumb\":{\"@id\":\"https:\/\/www.domkraftpro.com\/index.php\/produkt\/solight-pg12b-zahradni-sloupek-z-hliniku-ip44-2-zasuvky-cerny-super-cena-2706\/#breadcrumb\"},\"inLanguage\":\"cs\",\"potentialAction\":[{\"@type\":\"ReadAction\",\"target\":[\"https:\/\/www.domkraftpro.com\/index.php\/produkt\/solight-pg12b-zahradni-sloupek-z-hliniku-ip44-2-zasuvky-cerny-super-cena-2706\/\"]}]},{\"@type\":\"ImageObject\",\"inLanguage\":\"cs\",\"@id\":\"https:\/\/www.domkraftpro.com\/index.php\/produkt\/solight-pg12b-zahradni-sloupek-z-hliniku-ip44-2-zasuvky-cerny-super-cena-2706\/#primaryimage\",\"url\":\"https:\/\/www.domkraftpro.com\/wp-content\/uploads\/2026\/SK0008544-CZ20260425-091623-0-1777079785-solight-pg12b-zahradni-sloupek-z-hliniku-ip44-2-zasuvky-cer.webp\",\"contentUrl\":\"https:\/\/www.domkraftpro.com\/wp-content\/uploads\/2026\/SK0008544-CZ20260425-091623-0-1777079785-solight-pg12b-zahradni-sloupek-z-hliniku-ip44-2-zasuvky-cer.webp\",\"width\":1000,\"height\":525},{\"@type\":\"BreadcrumbList\",\"@id\":\"https:\/\/www.domkraftpro.com\/index.php\/produkt\/solight-pg12b-zahradni-sloupek-z-hliniku-ip44-2-zasuvky-cerny-super-cena-2706\/#breadcrumb\",\"itemListElement\":[{\"@type\":\"ListItem\",\"position\":1,\"name\":\"Home\",\"item\":\"https:\/\/www.domkraftpro.com\/\"},{\"@type\":\"ListItem\",\"position\":2,\"name\":\"Products\",\"item\":\"https:\/\/www.domkraftpro.com\/index.php\/products\/\"},{\"@type\":\"ListItem\",\"position\":3,\"name\":\"SOLIGHT PG12B zahradn\u00ed sloupek z hlin\u00edku IP44, 2 z\u00e1suvky, \u010dern\u00fd Super Cena\"}]},{\"@type\":\"WebSite\",\"@id\":\"https:\/\/www.domkraftpro.com\/#website\",\"url\":\"https:\/\/www.domkraftpro.com\/\",\"name\":\"\",\"description\":\"\",\"potentialAction\":[{\"@type\":\"SearchAction\",\"target\":{\"@type\":\"EntryPoint\",\"urlTemplate\":\"https:\/\/www.domkraftpro.com\/?s={search_term_string}\"},\"query-input\":{\"@type\":\"PropertyValueSpecification\",\"valueRequired\":true,\"valueName\":\"search_term_string\"}}],\"inLanguage\":\"cs\"}]}<\/script>\n<!-- \/ Yoast SEO plugin. -->","yoast_head_json":{"title":"SOLIGHT PG12B zahradn\u00ed sloupek z hlin\u00edku IP44, 2 z\u00e1suvky, \u010dern\u00fd Super Cena -","robots":{"index":"index","follow":"follow","max-snippet":"max-snippet:-1","max-image-preview":"max-image-preview:large","max-video-preview":"max-video-preview:-1"},"canonical":"https:\/\/www.domkraftpro.com\/index.php\/produkt\/solight-pg12b-zahradni-sloupek-z-hliniku-ip44-2-zasuvky-cerny-super-cena-2706\/","og_locale":"cs_CZ","og_type":"article","og_title":"SOLIGHT PG12B zahradn\u00ed sloupek z hlin\u00edku IP44, 2 z\u00e1suvky, \u010dern\u00fd Super Cena -","og_description":"SOLIGHT PG12B zahradn\u00ed sloupek z hlin\u00edku IP44, 2 z\u00e1suvky, \u010dern\u00fd Elegantn\u00ed venkovn\u00ed elektrick\u00fd rozvodn\u00fd sloupek v modern\u00edm proveden\u00ed je praktick\u00fdm a z\u00e1rove\u0148 designov\u00fdm \u0159e\u0161en\u00edm pro p\u0159\u00edvod elektrick\u00e9 energie na zahrad\u011b, u pergoly, na dvo\u0159e nebo p\u0159\u00edjezdov\u00e9 cest\u011b. T\u011blo sloupku je vyrobeno z tlakov\u011b lit\u00e9ho hlin\u00edku, kter\u00fd zaji\u0161\u0165uje vysokou odolnost v\u016f\u010di pov\u011btrnostn\u00edm vliv\u016fm i dlouhou \u017eivotnost. [&hellip;]","og_url":"https:\/\/www.domkraftpro.com\/index.php\/produkt\/solight-pg12b-zahradni-sloupek-z-hliniku-ip44-2-zasuvky-cerny-super-cena-2706\/","og_image":[{"width":1000,"height":525,"url":"https:\/\/www.domkraftpro.com\/wp-content\/uploads\/2026\/SK0008544-CZ20260425-091623-0-1777079785-solight-pg12b-zahradni-sloupek-z-hliniku-ip44-2-zasuvky-cer.webp","type":"image\/webp"}],"twitter_card":"summary_large_image","twitter_misc":{"Odhadovan\u00e1 doba \u010dten\u00ed":"1 minuta"},"schema":{"@context":"https:\/\/schema.org","@graph":[{"@type":"WebPage","@id":"https:\/\/www.domkraftpro.com\/index.php\/produkt\/solight-pg12b-zahradni-sloupek-z-hliniku-ip44-2-zasuvky-cerny-super-cena-2706\/","url":"https:\/\/www.domkraftpro.com\/index.php\/produkt\/solight-pg12b-zahradni-sloupek-z-hliniku-ip44-2-zasuvky-cerny-super-cena-2706\/","name":"SOLIGHT PG12B zahradn\u00ed sloupek z hlin\u00edku IP44, 2 z\u00e1suvky, \u010dern\u00fd Super Cena -","isPartOf":{"@id":"https:\/\/www.domkraftpro.com\/#website"},"primaryImageOfPage":{"@id":"https:\/\/www.domkraftpro.com\/index.php\/produkt\/solight-pg12b-zahradni-sloupek-z-hliniku-ip44-2-zasuvky-cerny-super-cena-2706\/#primaryimage"},"image":{"@id":"https:\/\/www.domkraftpro.com\/index.php\/produkt\/solight-pg12b-zahradni-sloupek-z-hliniku-ip44-2-zasuvky-cerny-super-cena-2706\/#primaryimage"},"thumbnailUrl":"https:\/\/www.domkraftpro.com\/wp-content\/uploads\/2026\/SK0008544-CZ20260425-091623-0-1777079785-solight-pg12b-zahradni-sloupek-z-hliniku-ip44-2-zasuvky-cer.webp","datePublished":"2026-04-27T04:40:34+00:00","breadcrumb":{"@id":"https:\/\/www.domkraftpro.com\/index.php\/produkt\/solight-pg12b-zahradni-sloupek-z-hliniku-ip44-2-zasuvky-cerny-super-cena-2706\/#breadcrumb"},"inLanguage":"cs","potentialAction":[{"@type":"ReadAction","target":["https:\/\/www.domkraftpro.com\/index.php\/produkt\/solight-pg12b-zahradni-sloupek-z-hliniku-ip44-2-zasuvky-cerny-super-cena-2706\/"]}]},{"@type":"ImageObject","inLanguage":"cs","@id":"https:\/\/www.domkraftpro.com\/index.php\/produkt\/solight-pg12b-zahradni-sloupek-z-hliniku-ip44-2-zasuvky-cerny-super-cena-2706\/#primaryimage","url":"https:\/\/www.domkraftpro.com\/wp-content\/uploads\/2026\/SK0008544-CZ20260425-091623-0-1777079785-solight-pg12b-zahradni-sloupek-z-hliniku-ip44-2-zasuvky-cer.webp","contentUrl":"https:\/\/www.domkraftpro.com\/wp-content\/uploads\/2026\/SK0008544-CZ20260425-091623-0-1777079785-solight-pg12b-zahradni-sloupek-z-hliniku-ip44-2-zasuvky-cer.webp","width":1000,"height":525},{"@type":"BreadcrumbList","@id":"https:\/\/www.domkraftpro.com\/index.php\/produkt\/solight-pg12b-zahradni-sloupek-z-hliniku-ip44-2-zasuvky-cerny-super-cena-2706\/#breadcrumb","itemListElement":[{"@type":"ListItem","position":1,"name":"Home","item":"https:\/\/www.domkraftpro.com\/"},{"@type":"ListItem","position":2,"name":"Products","item":"https:\/\/www.domkraftpro.com\/index.php\/products\/"},{"@type":"ListItem","position":3,"name":"SOLIGHT PG12B zahradn\u00ed sloupek z hlin\u00edku IP44, 2 z\u00e1suvky, \u010dern\u00fd Super Cena"}]},{"@type":"WebSite","@id":"https:\/\/www.domkraftpro.com\/#website","url":"https:\/\/www.domkraftpro.com\/","name":"","description":"","potentialAction":[{"@type":"SearchAction","target":{"@type":"EntryPoint","urlTemplate":"https:\/\/www.domkraftpro.com\/?s={search_term_string}"},"query-input":{"@type":"PropertyValueSpecification","valueRequired":true,"valueName":"search_term_string"}}],"inLanguage":"cs"}]}},"_links":{"self":[{"href":"https:\/\/www.domkraftpro.com\/index.php\/wp-json\/wp\/v2\/product\/2706","targetHints":{"allow":["GET"]}}],"collection":[{"href":"https:\/\/www.domkraftpro.com\/index.php\/wp-json\/wp\/v2\/product"}],"about":[{"href":"https:\/\/www.domkraftpro.com\/index.php\/wp-json\/wp\/v2\/types\/product"}],"replies":[{"embeddable":true,"href":"https:\/\/www.domkraftpro.com\/index.php\/wp-json\/wp\/v2\/comments?post=2706"}],"wp:featuredmedia":[{"embeddable":true,"href":"https:\/\/www.domkraftpro.com\/index.php\/wp-json\/wp\/v2\/media\/2806"}],"wp:attachment":[{"href":"https:\/\/www.domkraftpro.com\/index.php\/wp-json\/wp\/v2\/media?parent=2706"}],"wp:term":[{"taxonomy":"product_brand","embeddable":true,"href":"https:\/\/www.domkraftpro.com\/index.php\/wp-json\/wp\/v2\/product_brand?post=2706"},{"taxonomy":"product_cat","embeddable":true,"href":"https:\/\/www.domkraftpro.com\/index.php\/wp-json\/wp\/v2\/product_cat?post=2706"},{"taxonomy":"product_tag","embeddable":true,"href":"https:\/\/www.domkraftpro.com\/index.php\/wp-json\/wp\/v2\/product_tag?post=2706"}],"curies":[{"name":"wp","href":"https:\/\/api.w.org\/{rel}","templated":true}]}}