{"id":2694,"date":"2026-04-27T04:40:34","date_gmt":"2026-04-27T04:40:34","guid":{"rendered":""},"modified":"2026-04-27T04:40:34","modified_gmt":"2026-04-27T04:40:34","slug":"eleman-paguro-5660-4-55-spojka-gelova-odbocna-pro-4-kabely-o-prurezu-5x1-5-2-5mm2-se-svorkovnici-ip68-1005628-ihned-k-objednani-2694","status":"publish","type":"product","link":"https:\/\/www.domkraftpro.com\/index.php\/produkt\/eleman-paguro-5660-4-55-spojka-gelova-odbocna-pro-4-kabely-o-prurezu-5x1-5-2-5mm2-se-svorkovnici-ip68-1005628-ihned-k-objednani-2694\/","title":{"rendered":"Eleman PAGURO 5660\/4\/55 spojka gelov\u00e1 odbo\u010dn\u00e1 pro 4 kabely o pr\u016f\u0159ezu 5&#215;1,5-2,5mm2 se svorkovnic\u00ed, IP68\/1005628\/ Ihned K Objedn\u00e1n\u00ed"},"content":{"rendered":"<div id=\"e9908214\" class=\"pages\">\n<div id=\"PDDescription\" class=\"UserContentView userContent v1a v1 bs-view dcon dc150 PDDescription\" >\n<h2><span style=\"color: #007980;\">Eleman PAGURO 5660\/4\/55 spojka gelov\u00e1 odbo\u010dn\u00e1 pro 4 kabely o pr\u016f\u0159ezu 5&#215;1,5-2,5mm2 se svorkovnic\u00ed, IP68\/1005628\/<\/span><\/h2>\n<p>Profesion\u00e1ln\u00ed spojka pro elektrick\u00e9 spoje s velmi vysokou odolnost\u00ed proti vod\u011b, vlhkosti a mechanick\u00e9mu nam\u00e1h\u00e1n\u00ed \u2014 ide\u00e1ln\u00ed pro instalace do zemin nebo venkovn\u00ed prost\u0159ed\u00ed. Spojka je p\u0159edvypln\u011bn\u00e1 speci\u00e1ln\u00edm gelem, kter\u00fd zaji\u0161\u0165uje dlouhodobou izolaci bez nutnosti \u00fadr\u017eby. Obsahuje \u0161roubov\u00e9 svorky (vhodn\u00e9 i pro lan\u011bn\u00e9 vodi\u010de) a podlo\u017eky pro kabely s izolac\u00ed PVC i gumovou. Syst\u00e9m spojky je navr\u017een tak, aby zvl\u00e1dl dlouhodob\u00e9 vystaven\u00ed p\u0159\u00edrodn\u00edm vliv\u016fm.<\/p>\n<\/p>\n<h3><span style=\"color: #007980;\">Parametry:<\/span><\/h3>\n<p>Typ spojky: odbo\u010dn\u00e1 gelov\u00e1 spojka<br data-start=\"84\" data-end=\"87\"> Po\u010det kabel\u016f \/ v\u00fdvod\u016f: a\u017e 4\u00d7 kabel<br data-start=\"121\" data-end=\"124\" data-is-only-node=\"\"> Minim\u00e1ln\u00ed pr\u016f\u0159ez vodi\u010de: 1,5 mm\u00b2<br data-start=\"156\" data-end=\"159\"> Maxim\u00e1ln\u00ed pr\u016f\u0159ez vodi\u010de: 2,5 mm\u00b2<br data-start=\"191\" data-end=\"194\"> Vn\u011bj\u0161\u00ed pr\u016fm\u011br kabelu: 7,5\u201316 mm<br data-start=\"225\" data-end=\"228\"> Materi\u00e1l vodi\u010d\u016f: m\u011b\u010f<br data-start=\"248\" data-end=\"251\"> Kryt\u00ed: IP68<br data-start=\"262\" data-end=\"265\"> Jmenovit\u00e9 nap\u011bt\u00ed: 450 V<br data-start=\"288\" data-end=\"291\"> Jmenovit\u00fd proud: 25 A<br data-start=\"312\" data-end=\"315\"> Spojovac\u00ed prvek: \u0161roubov\u00e9 svorky<br data-start=\"347\" data-end=\"350\"> Materi\u00e1l t\u011bla spojky: plast (Nylon 66)<br data-start=\"394\" data-end=\"397\"> Rozm\u011bry spojky: cca 138 \u00d7 78 \u00d7 35 mm<\/p>\n<p>Katalogov\u00fd list naleznete ZDE:<\/p>\n<\/p>\n<div id=\"PDTable3\" class=\"ProductDetailTableView v3a v3 bs-view dcon dc175 PDTable3\" >\n<table>\n<thead><\/thead>\n<tbody>\n<tr class=\"attribute attr_bsshop_maker\">\n<td class=\"caption\">V\u00fdrobce<\/td>\n<td class=\"value\">ELEMAN<\/td>\n<\/tr>\n<\/tbody>\n<\/table><\/div>\n<\/div>\n<\/div>\n<div id=\"e9908215\" class=\"tabs\">\n","protected":false},"excerpt":{"rendered":"<p>Eleman PAGURO 5660\/4\/55 spojka gelov\u00e1 odbo\u010dn\u00e1 pro 4 kabely o pr\u016f\u0159ezu 5&#215;1,5-2,5mm2 se svorkovnic\u00ed, IP68\/1005628\/ Profesion\u00e1ln\u00ed spojka pro elektrick\u00e9 spoje s velmi vysokou odolnost\u00ed proti vod\u011b, vlhkosti a mechanick\u00e9mu nam\u00e1h\u00e1n\u00ed \u2014 ide\u00e1ln\u00ed pro instalace do zemin nebo venkovn\u00ed prost\u0159ed\u00ed. Spojka je p\u0159edvypln\u011bn\u00e1 speci\u00e1ln\u00edm gelem, kter\u00fd zaji\u0161\u0165uje dlouhodobou izolaci bez nutnosti \u00fadr\u017eby. Obsahuje \u0161roubov\u00e9 svorky (vhodn\u00e9 [&hellip;]<\/p>\n","protected":false},"featured_media":2794,"comment_status":"open","ping_status":"open","template":"","meta":[],"product_brand":[],"product_cat":[37],"product_tag":[],"class_list":{"0":"post-2694","1":"product","2":"type-product","3":"status-publish","4":"has-post-thumbnail","6":"product_cat-elektromateri-225-l","8":"first","9":"instock","10":"sale","11":"shipping-taxable","12":"purchasable","13":"product-type-simple"},"yoast_head":"<!-- This site is optimized with the Yoast SEO plugin v26.8 - https:\/\/yoast.com\/product\/yoast-seo-wordpress\/ -->\n<title>Eleman PAGURO 5660\/4\/55 spojka gelov\u00e1 odbo\u010dn\u00e1 pro 4 kabely o pr\u016f\u0159ezu 5x1,5-2,5mm2 se svorkovnic\u00ed, IP68\/1005628\/ Ihned K Objedn\u00e1n\u00ed -<\/title>\n<meta name=\"robots\" content=\"index, follow, max-snippet:-1, max-image-preview:large, max-video-preview:-1\" \/>\n<link rel=\"canonical\" href=\"https:\/\/www.domkraftpro.com\/index.php\/produkt\/eleman-paguro-5660-4-55-spojka-gelova-odbocna-pro-4-kabely-o-prurezu-5x1-5-2-5mm2-se-svorkovnici-ip68-1005628-ihned-k-objednani-2694\/\" \/>\n<meta property=\"og:locale\" content=\"cs_CZ\" \/>\n<meta property=\"og:type\" content=\"article\" \/>\n<meta property=\"og:title\" content=\"Eleman PAGURO 5660\/4\/55 spojka gelov\u00e1 odbo\u010dn\u00e1 pro 4 kabely o pr\u016f\u0159ezu 5x1,5-2,5mm2 se svorkovnic\u00ed, IP68\/1005628\/ Ihned K Objedn\u00e1n\u00ed -\" \/>\n<meta property=\"og:description\" content=\"Eleman PAGURO 5660\/4\/55 spojka gelov\u00e1 odbo\u010dn\u00e1 pro 4 kabely o pr\u016f\u0159ezu 5&#215;1,5-2,5mm2 se svorkovnic\u00ed, IP68\/1005628\/ Profesion\u00e1ln\u00ed spojka pro elektrick\u00e9 spoje s velmi vysokou odolnost\u00ed proti vod\u011b, vlhkosti a mechanick\u00e9mu nam\u00e1h\u00e1n\u00ed \u2014 ide\u00e1ln\u00ed pro instalace do zemin nebo venkovn\u00ed prost\u0159ed\u00ed. Spojka je p\u0159edvypln\u011bn\u00e1 speci\u00e1ln\u00edm gelem, kter\u00fd zaji\u0161\u0165uje dlouhodobou izolaci bez nutnosti \u00fadr\u017eby. Obsahuje \u0161roubov\u00e9 svorky (vhodn\u00e9 [&hellip;]\" \/>\n<meta property=\"og:url\" content=\"https:\/\/www.domkraftpro.com\/index.php\/produkt\/eleman-paguro-5660-4-55-spojka-gelova-odbocna-pro-4-kabely-o-prurezu-5x1-5-2-5mm2-se-svorkovnici-ip68-1005628-ihned-k-objednani-2694\/\" \/>\n<meta property=\"og:image\" content=\"https:\/\/www.domkraftpro.com\/wp-content\/uploads\/2026\/SK0008532-CZ20260425-091623-0-1777079785-eleman-paguro-5660-4-55-spojka-gelova-odbocna-pro-4-kabely-.webp\" \/>\n\t<meta property=\"og:image:width\" content=\"1000\" \/>\n\t<meta property=\"og:image:height\" content=\"525\" \/>\n\t<meta property=\"og:image:type\" content=\"image\/webp\" \/>\n<meta name=\"twitter:card\" content=\"summary_large_image\" \/>\n<meta name=\"twitter:label1\" content=\"Odhadovan\u00e1 doba \u010dten\u00ed\" \/>\n\t<meta name=\"twitter:data1\" content=\"1 minuta\" \/>\n<script type=\"application\/ld+json\" class=\"yoast-schema-graph\">{\"@context\":\"https:\/\/schema.org\",\"@graph\":[{\"@type\":\"WebPage\",\"@id\":\"https:\/\/www.domkraftpro.com\/index.php\/produkt\/eleman-paguro-5660-4-55-spojka-gelova-odbocna-pro-4-kabely-o-prurezu-5x1-5-2-5mm2-se-svorkovnici-ip68-1005628-ihned-k-objednani-2694\/\",\"url\":\"https:\/\/www.domkraftpro.com\/index.php\/produkt\/eleman-paguro-5660-4-55-spojka-gelova-odbocna-pro-4-kabely-o-prurezu-5x1-5-2-5mm2-se-svorkovnici-ip68-1005628-ihned-k-objednani-2694\/\",\"name\":\"Eleman PAGURO 5660\/4\/55 spojka gelov\u00e1 odbo\u010dn\u00e1 pro 4 kabely o pr\u016f\u0159ezu 5x1,5-2,5mm2 se svorkovnic\u00ed, IP68\/1005628\/ Ihned K Objedn\u00e1n\u00ed -\",\"isPartOf\":{\"@id\":\"https:\/\/www.domkraftpro.com\/#website\"},\"primaryImageOfPage\":{\"@id\":\"https:\/\/www.domkraftpro.com\/index.php\/produkt\/eleman-paguro-5660-4-55-spojka-gelova-odbocna-pro-4-kabely-o-prurezu-5x1-5-2-5mm2-se-svorkovnici-ip68-1005628-ihned-k-objednani-2694\/#primaryimage\"},\"image\":{\"@id\":\"https:\/\/www.domkraftpro.com\/index.php\/produkt\/eleman-paguro-5660-4-55-spojka-gelova-odbocna-pro-4-kabely-o-prurezu-5x1-5-2-5mm2-se-svorkovnici-ip68-1005628-ihned-k-objednani-2694\/#primaryimage\"},\"thumbnailUrl\":\"https:\/\/www.domkraftpro.com\/wp-content\/uploads\/2026\/SK0008532-CZ20260425-091623-0-1777079785-eleman-paguro-5660-4-55-spojka-gelova-odbocna-pro-4-kabely-.webp\",\"datePublished\":\"2026-04-27T04:40:34+00:00\",\"breadcrumb\":{\"@id\":\"https:\/\/www.domkraftpro.com\/index.php\/produkt\/eleman-paguro-5660-4-55-spojka-gelova-odbocna-pro-4-kabely-o-prurezu-5x1-5-2-5mm2-se-svorkovnici-ip68-1005628-ihned-k-objednani-2694\/#breadcrumb\"},\"inLanguage\":\"cs\",\"potentialAction\":[{\"@type\":\"ReadAction\",\"target\":[\"https:\/\/www.domkraftpro.com\/index.php\/produkt\/eleman-paguro-5660-4-55-spojka-gelova-odbocna-pro-4-kabely-o-prurezu-5x1-5-2-5mm2-se-svorkovnici-ip68-1005628-ihned-k-objednani-2694\/\"]}]},{\"@type\":\"ImageObject\",\"inLanguage\":\"cs\",\"@id\":\"https:\/\/www.domkraftpro.com\/index.php\/produkt\/eleman-paguro-5660-4-55-spojka-gelova-odbocna-pro-4-kabely-o-prurezu-5x1-5-2-5mm2-se-svorkovnici-ip68-1005628-ihned-k-objednani-2694\/#primaryimage\",\"url\":\"https:\/\/www.domkraftpro.com\/wp-content\/uploads\/2026\/SK0008532-CZ20260425-091623-0-1777079785-eleman-paguro-5660-4-55-spojka-gelova-odbocna-pro-4-kabely-.webp\",\"contentUrl\":\"https:\/\/www.domkraftpro.com\/wp-content\/uploads\/2026\/SK0008532-CZ20260425-091623-0-1777079785-eleman-paguro-5660-4-55-spojka-gelova-odbocna-pro-4-kabely-.webp\",\"width\":1000,\"height\":525},{\"@type\":\"BreadcrumbList\",\"@id\":\"https:\/\/www.domkraftpro.com\/index.php\/produkt\/eleman-paguro-5660-4-55-spojka-gelova-odbocna-pro-4-kabely-o-prurezu-5x1-5-2-5mm2-se-svorkovnici-ip68-1005628-ihned-k-objednani-2694\/#breadcrumb\",\"itemListElement\":[{\"@type\":\"ListItem\",\"position\":1,\"name\":\"Home\",\"item\":\"https:\/\/www.domkraftpro.com\/\"},{\"@type\":\"ListItem\",\"position\":2,\"name\":\"Products\",\"item\":\"https:\/\/www.domkraftpro.com\/index.php\/products\/\"},{\"@type\":\"ListItem\",\"position\":3,\"name\":\"Eleman PAGURO 5660\/4\/55 spojka gelov\u00e1 odbo\u010dn\u00e1 pro 4 kabely o pr\u016f\u0159ezu 5&#215;1,5-2,5mm2 se svorkovnic\u00ed, IP68\/1005628\/ Ihned K Objedn\u00e1n\u00ed\"}]},{\"@type\":\"WebSite\",\"@id\":\"https:\/\/www.domkraftpro.com\/#website\",\"url\":\"https:\/\/www.domkraftpro.com\/\",\"name\":\"\",\"description\":\"\",\"potentialAction\":[{\"@type\":\"SearchAction\",\"target\":{\"@type\":\"EntryPoint\",\"urlTemplate\":\"https:\/\/www.domkraftpro.com\/?s={search_term_string}\"},\"query-input\":{\"@type\":\"PropertyValueSpecification\",\"valueRequired\":true,\"valueName\":\"search_term_string\"}}],\"inLanguage\":\"cs\"}]}<\/script>\n<!-- \/ Yoast SEO plugin. -->","yoast_head_json":{"title":"Eleman PAGURO 5660\/4\/55 spojka gelov\u00e1 odbo\u010dn\u00e1 pro 4 kabely o pr\u016f\u0159ezu 5x1,5-2,5mm2 se svorkovnic\u00ed, IP68\/1005628\/ Ihned K Objedn\u00e1n\u00ed -","robots":{"index":"index","follow":"follow","max-snippet":"max-snippet:-1","max-image-preview":"max-image-preview:large","max-video-preview":"max-video-preview:-1"},"canonical":"https:\/\/www.domkraftpro.com\/index.php\/produkt\/eleman-paguro-5660-4-55-spojka-gelova-odbocna-pro-4-kabely-o-prurezu-5x1-5-2-5mm2-se-svorkovnici-ip68-1005628-ihned-k-objednani-2694\/","og_locale":"cs_CZ","og_type":"article","og_title":"Eleman PAGURO 5660\/4\/55 spojka gelov\u00e1 odbo\u010dn\u00e1 pro 4 kabely o pr\u016f\u0159ezu 5x1,5-2,5mm2 se svorkovnic\u00ed, IP68\/1005628\/ Ihned K Objedn\u00e1n\u00ed -","og_description":"Eleman PAGURO 5660\/4\/55 spojka gelov\u00e1 odbo\u010dn\u00e1 pro 4 kabely o pr\u016f\u0159ezu 5&#215;1,5-2,5mm2 se svorkovnic\u00ed, IP68\/1005628\/ Profesion\u00e1ln\u00ed spojka pro elektrick\u00e9 spoje s velmi vysokou odolnost\u00ed proti vod\u011b, vlhkosti a mechanick\u00e9mu nam\u00e1h\u00e1n\u00ed \u2014 ide\u00e1ln\u00ed pro instalace do zemin nebo venkovn\u00ed prost\u0159ed\u00ed. Spojka je p\u0159edvypln\u011bn\u00e1 speci\u00e1ln\u00edm gelem, kter\u00fd zaji\u0161\u0165uje dlouhodobou izolaci bez nutnosti \u00fadr\u017eby. Obsahuje \u0161roubov\u00e9 svorky (vhodn\u00e9 [&hellip;]","og_url":"https:\/\/www.domkraftpro.com\/index.php\/produkt\/eleman-paguro-5660-4-55-spojka-gelova-odbocna-pro-4-kabely-o-prurezu-5x1-5-2-5mm2-se-svorkovnici-ip68-1005628-ihned-k-objednani-2694\/","og_image":[{"width":1000,"height":525,"url":"https:\/\/www.domkraftpro.com\/wp-content\/uploads\/2026\/SK0008532-CZ20260425-091623-0-1777079785-eleman-paguro-5660-4-55-spojka-gelova-odbocna-pro-4-kabely-.webp","type":"image\/webp"}],"twitter_card":"summary_large_image","twitter_misc":{"Odhadovan\u00e1 doba \u010dten\u00ed":"1 minuta"},"schema":{"@context":"https:\/\/schema.org","@graph":[{"@type":"WebPage","@id":"https:\/\/www.domkraftpro.com\/index.php\/produkt\/eleman-paguro-5660-4-55-spojka-gelova-odbocna-pro-4-kabely-o-prurezu-5x1-5-2-5mm2-se-svorkovnici-ip68-1005628-ihned-k-objednani-2694\/","url":"https:\/\/www.domkraftpro.com\/index.php\/produkt\/eleman-paguro-5660-4-55-spojka-gelova-odbocna-pro-4-kabely-o-prurezu-5x1-5-2-5mm2-se-svorkovnici-ip68-1005628-ihned-k-objednani-2694\/","name":"Eleman PAGURO 5660\/4\/55 spojka gelov\u00e1 odbo\u010dn\u00e1 pro 4 kabely o pr\u016f\u0159ezu 5x1,5-2,5mm2 se svorkovnic\u00ed, IP68\/1005628\/ Ihned K Objedn\u00e1n\u00ed -","isPartOf":{"@id":"https:\/\/www.domkraftpro.com\/#website"},"primaryImageOfPage":{"@id":"https:\/\/www.domkraftpro.com\/index.php\/produkt\/eleman-paguro-5660-4-55-spojka-gelova-odbocna-pro-4-kabely-o-prurezu-5x1-5-2-5mm2-se-svorkovnici-ip68-1005628-ihned-k-objednani-2694\/#primaryimage"},"image":{"@id":"https:\/\/www.domkraftpro.com\/index.php\/produkt\/eleman-paguro-5660-4-55-spojka-gelova-odbocna-pro-4-kabely-o-prurezu-5x1-5-2-5mm2-se-svorkovnici-ip68-1005628-ihned-k-objednani-2694\/#primaryimage"},"thumbnailUrl":"https:\/\/www.domkraftpro.com\/wp-content\/uploads\/2026\/SK0008532-CZ20260425-091623-0-1777079785-eleman-paguro-5660-4-55-spojka-gelova-odbocna-pro-4-kabely-.webp","datePublished":"2026-04-27T04:40:34+00:00","breadcrumb":{"@id":"https:\/\/www.domkraftpro.com\/index.php\/produkt\/eleman-paguro-5660-4-55-spojka-gelova-odbocna-pro-4-kabely-o-prurezu-5x1-5-2-5mm2-se-svorkovnici-ip68-1005628-ihned-k-objednani-2694\/#breadcrumb"},"inLanguage":"cs","potentialAction":[{"@type":"ReadAction","target":["https:\/\/www.domkraftpro.com\/index.php\/produkt\/eleman-paguro-5660-4-55-spojka-gelova-odbocna-pro-4-kabely-o-prurezu-5x1-5-2-5mm2-se-svorkovnici-ip68-1005628-ihned-k-objednani-2694\/"]}]},{"@type":"ImageObject","inLanguage":"cs","@id":"https:\/\/www.domkraftpro.com\/index.php\/produkt\/eleman-paguro-5660-4-55-spojka-gelova-odbocna-pro-4-kabely-o-prurezu-5x1-5-2-5mm2-se-svorkovnici-ip68-1005628-ihned-k-objednani-2694\/#primaryimage","url":"https:\/\/www.domkraftpro.com\/wp-content\/uploads\/2026\/SK0008532-CZ20260425-091623-0-1777079785-eleman-paguro-5660-4-55-spojka-gelova-odbocna-pro-4-kabely-.webp","contentUrl":"https:\/\/www.domkraftpro.com\/wp-content\/uploads\/2026\/SK0008532-CZ20260425-091623-0-1777079785-eleman-paguro-5660-4-55-spojka-gelova-odbocna-pro-4-kabely-.webp","width":1000,"height":525},{"@type":"BreadcrumbList","@id":"https:\/\/www.domkraftpro.com\/index.php\/produkt\/eleman-paguro-5660-4-55-spojka-gelova-odbocna-pro-4-kabely-o-prurezu-5x1-5-2-5mm2-se-svorkovnici-ip68-1005628-ihned-k-objednani-2694\/#breadcrumb","itemListElement":[{"@type":"ListItem","position":1,"name":"Home","item":"https:\/\/www.domkraftpro.com\/"},{"@type":"ListItem","position":2,"name":"Products","item":"https:\/\/www.domkraftpro.com\/index.php\/products\/"},{"@type":"ListItem","position":3,"name":"Eleman PAGURO 5660\/4\/55 spojka gelov\u00e1 odbo\u010dn\u00e1 pro 4 kabely o pr\u016f\u0159ezu 5&#215;1,5-2,5mm2 se svorkovnic\u00ed, IP68\/1005628\/ Ihned K Objedn\u00e1n\u00ed"}]},{"@type":"WebSite","@id":"https:\/\/www.domkraftpro.com\/#website","url":"https:\/\/www.domkraftpro.com\/","name":"","description":"","potentialAction":[{"@type":"SearchAction","target":{"@type":"EntryPoint","urlTemplate":"https:\/\/www.domkraftpro.com\/?s={search_term_string}"},"query-input":{"@type":"PropertyValueSpecification","valueRequired":true,"valueName":"search_term_string"}}],"inLanguage":"cs"}]}},"_links":{"self":[{"href":"https:\/\/www.domkraftpro.com\/index.php\/wp-json\/wp\/v2\/product\/2694","targetHints":{"allow":["GET"]}}],"collection":[{"href":"https:\/\/www.domkraftpro.com\/index.php\/wp-json\/wp\/v2\/product"}],"about":[{"href":"https:\/\/www.domkraftpro.com\/index.php\/wp-json\/wp\/v2\/types\/product"}],"replies":[{"embeddable":true,"href":"https:\/\/www.domkraftpro.com\/index.php\/wp-json\/wp\/v2\/comments?post=2694"}],"wp:featuredmedia":[{"embeddable":true,"href":"https:\/\/www.domkraftpro.com\/index.php\/wp-json\/wp\/v2\/media\/2794"}],"wp:attachment":[{"href":"https:\/\/www.domkraftpro.com\/index.php\/wp-json\/wp\/v2\/media?parent=2694"}],"wp:term":[{"taxonomy":"product_brand","embeddable":true,"href":"https:\/\/www.domkraftpro.com\/index.php\/wp-json\/wp\/v2\/product_brand?post=2694"},{"taxonomy":"product_cat","embeddable":true,"href":"https:\/\/www.domkraftpro.com\/index.php\/wp-json\/wp\/v2\/product_cat?post=2694"},{"taxonomy":"product_tag","embeddable":true,"href":"https:\/\/www.domkraftpro.com\/index.php\/wp-json\/wp\/v2\/product_tag?post=2694"}],"curies":[{"name":"wp","href":"https:\/\/api.w.org\/{rel}","templated":true}]}}