{"id":2693,"date":"2026-04-27T04:40:34","date_gmt":"2026-04-27T04:40:34","guid":{"rendered":""},"modified":"2026-04-27T04:40:34","modified_gmt":"2026-04-27T04:40:34","slug":"solight-pp112pd20-bila-prodluzovaci-kabel-s-vypinacem-3x-zasuvka-230v-3m-1x-usb-a-c-zlevneny-2693","status":"publish","type":"product","link":"https:\/\/www.domkraftpro.com\/index.php\/produkt\/solight-pp112pd20-bila-prodluzovaci-kabel-s-vypinacem-3x-zasuvka-230v-3m-1x-usb-a-c-zlevneny-2693\/","title":{"rendered":"SOLIGHT PP112PD20 B\u00edl\u00e1 prodlu\u017eovac\u00ed kabel s vyp\u00edna\u010dem 3x z\u00e1suvka 230V, 3m, 1x USB-A+C Zlevn\u011bn\u00fd"},"content":{"rendered":"<div id=\"e9908137\" class=\"pages\">\n<div id=\"PDDescription\" class=\"UserContentView userContent v1a v1 bs-view dcon dc150 PDDescription\" >\n<h2><span style=\"color: #007980;\">SOLIGHT PP112PD20 B\u00edl\u00e1 prodlu\u017eovac\u00ed kabel s vyp\u00edna\u010dem 3x z\u00e1suvka 230V, 3m, 1x USB-A+C<\/span><\/h2>\n<p><span style=\"color: #000000;\">praktick\u00fd prodlu\u017eovac\u00ed p\u0159\u00edvod se t\u0159emi z\u00e1suvkami a modern\u00edm USB-A a USB-C nab\u00edjen\u00edm v\u00e1m usnadn\u00ed ka\u017edodenn\u00ed pou\u017e\u00edv\u00e1n\u00ed elektroniky doma i v kancel\u00e1\u0159i. P\u0159ipojte spot\u0159ebi\u010de, nab\u00edjejte telefon rychl\u00fdm 20W Power Delivery a m\u011bjte v\u0161e pod kontrolou d\u00edky podsv\u011btlen\u00e9mu vyp\u00edna\u010di. \u00dahlov\u00e1 vidlice \u0161et\u0159\u00ed m\u00edsto za n\u00e1bytkem, d\u011btsk\u00e9 pojistky zvy\u0161uj\u00ed bezpe\u010dnost a 3metrov\u00fd kabel zajist\u00ed dostate\u010dn\u00fd dosah p\u0159esn\u011b tam, kde ho pot\u0159ebujete. Ide\u00e1ln\u00ed \u0159e\u0161en\u00ed pro pracovn\u00ed st\u016fl, ob\u00fdvac\u00ed pokoj i lo\u017enici<\/span><\/p>\n<h3><span style=\"color: #007980;\">Parametry:<\/span><\/h3>\n<p><span style=\"color: #000000;\">po\u010det z\u00e1suvek 3<br data-end=\"665\" data-start=\"662\"> USB porty 1x USB-A a\u017e 18 W, 1x USB-C a\u017e 20 W Power Delivery<br data-end=\"727\" data-start=\"724\"> sou\u010dasn\u00fd v\u00fdkon USB A a C max 5 V \/ 3,0 A, celkem 15 W<br data-end=\"783\" data-start=\"780\"> podsv\u011btlen\u00fd vyp\u00edna\u010d ano<br data-end=\"809\" data-start=\"806\"> pr\u016f\u0159ez vodi\u010d\u016f 3 x 1 mm2<br data-end=\"835\" data-start=\"832\"> typ kabelu H05VV-F 3G<br data-end=\"859\" data-start=\"856\"> d\u00e9lka kabelu 3 m<br data-end=\"878\" data-start=\"875\"> \u00fahlov\u00e1 vidlice ano<br data-end=\"899\" data-start=\"896\"> barva b\u00edl\u00e1<br data-end=\"912\" data-start=\"909\"> maxim\u00e1ln\u00ed zat\u00ed\u017een\u00ed 2300 W p\u0159i 10 A \/ 230 V<br data-end=\"957\" data-start=\"954\"> d\u011btsk\u00e9 pojistky ano<\/span><\/p>\n<div id=\"PDTable3\" class=\"ProductDetailTableView v3a v3 bs-view dcon dc175 PDTable3\" >\n<table>\n<thead><\/thead>\n<tbody>\n<tr class=\"attribute attr_bsshop_maker\">\n<td class=\"caption\">V\u00fdrobce<\/td>\n<td class=\"value\">Solight<\/td>\n<\/tr>\n<\/tbody>\n<\/table><\/div>\n<\/div>\n<div id=\"ProductMedia\" class=\"ProductMediaView MediaViewBase v1a v1 bs-view dcon dc398 ProductMedia\" ><bs-empty><\/bs-empty><\/p>\n<div class=\"files\">\n<div class=\"title sub\">Soubory<\/div>\n<p>pp112pd20_prohl&#225;\u0161en&#237; o shod\u011b.pdf<\/p><\/div>\n<p><bs-empty><\/bs-empty><\/div>\n<\/div>\n<div id=\"e9908138\" class=\"tabs\">\n","protected":false},"excerpt":{"rendered":"<p>SOLIGHT PP112PD20 B\u00edl\u00e1 prodlu\u017eovac\u00ed kabel s vyp\u00edna\u010dem 3x z\u00e1suvka 230V, 3m, 1x USB-A+C praktick\u00fd prodlu\u017eovac\u00ed p\u0159\u00edvod se t\u0159emi z\u00e1suvkami a modern\u00edm USB-A a USB-C nab\u00edjen\u00edm v\u00e1m usnadn\u00ed ka\u017edodenn\u00ed pou\u017e\u00edv\u00e1n\u00ed elektroniky doma i v kancel\u00e1\u0159i. P\u0159ipojte spot\u0159ebi\u010de, nab\u00edjejte telefon rychl\u00fdm 20W Power Delivery a m\u011bjte v\u0161e pod kontrolou d\u00edky podsv\u011btlen\u00e9mu vyp\u00edna\u010di. \u00dahlov\u00e1 vidlice \u0161et\u0159\u00ed m\u00edsto za [&hellip;]<\/p>\n","protected":false},"featured_media":2793,"comment_status":"open","ping_status":"open","template":"","meta":[],"product_brand":[],"product_cat":[37],"product_tag":[],"class_list":{"0":"post-2693","1":"product","2":"type-product","3":"status-publish","4":"has-post-thumbnail","6":"product_cat-elektromateri-225-l","8":"first","9":"instock","10":"sale","11":"shipping-taxable","12":"purchasable","13":"product-type-simple"},"yoast_head":"<!-- This site is optimized with the Yoast SEO plugin v26.8 - https:\/\/yoast.com\/product\/yoast-seo-wordpress\/ -->\n<title>SOLIGHT PP112PD20 B\u00edl\u00e1 prodlu\u017eovac\u00ed kabel s vyp\u00edna\u010dem 3x z\u00e1suvka 230V, 3m, 1x USB-A+C Zlevn\u011bn\u00fd -<\/title>\n<meta name=\"robots\" content=\"index, follow, max-snippet:-1, max-image-preview:large, max-video-preview:-1\" \/>\n<link rel=\"canonical\" href=\"https:\/\/www.domkraftpro.com\/index.php\/produkt\/solight-pp112pd20-bila-prodluzovaci-kabel-s-vypinacem-3x-zasuvka-230v-3m-1x-usb-a-c-zlevneny-2693\/\" \/>\n<meta property=\"og:locale\" content=\"cs_CZ\" \/>\n<meta property=\"og:type\" content=\"article\" \/>\n<meta property=\"og:title\" content=\"SOLIGHT PP112PD20 B\u00edl\u00e1 prodlu\u017eovac\u00ed kabel s vyp\u00edna\u010dem 3x z\u00e1suvka 230V, 3m, 1x USB-A+C Zlevn\u011bn\u00fd -\" \/>\n<meta property=\"og:description\" content=\"SOLIGHT PP112PD20 B\u00edl\u00e1 prodlu\u017eovac\u00ed kabel s vyp\u00edna\u010dem 3x z\u00e1suvka 230V, 3m, 1x USB-A+C praktick\u00fd prodlu\u017eovac\u00ed p\u0159\u00edvod se t\u0159emi z\u00e1suvkami a modern\u00edm USB-A a USB-C nab\u00edjen\u00edm v\u00e1m usnadn\u00ed ka\u017edodenn\u00ed pou\u017e\u00edv\u00e1n\u00ed elektroniky doma i v kancel\u00e1\u0159i. P\u0159ipojte spot\u0159ebi\u010de, nab\u00edjejte telefon rychl\u00fdm 20W Power Delivery a m\u011bjte v\u0161e pod kontrolou d\u00edky podsv\u011btlen\u00e9mu vyp\u00edna\u010di. \u00dahlov\u00e1 vidlice \u0161et\u0159\u00ed m\u00edsto za [&hellip;]\" \/>\n<meta property=\"og:url\" content=\"https:\/\/www.domkraftpro.com\/index.php\/produkt\/solight-pp112pd20-bila-prodluzovaci-kabel-s-vypinacem-3x-zasuvka-230v-3m-1x-usb-a-c-zlevneny-2693\/\" \/>\n<meta property=\"og:image\" content=\"https:\/\/www.domkraftpro.com\/wp-content\/uploads\/2026\/SK0008531-CZ20260425-091623-0-1777079785-solight-pp112pd20-bila-prodluzovaci-kabel-s-vypinacem-3x-za.webp\" \/>\n\t<meta property=\"og:image:width\" content=\"1000\" \/>\n\t<meta property=\"og:image:height\" content=\"525\" \/>\n\t<meta property=\"og:image:type\" content=\"image\/webp\" \/>\n<meta name=\"twitter:card\" content=\"summary_large_image\" \/>\n<meta name=\"twitter:label1\" content=\"Odhadovan\u00e1 doba \u010dten\u00ed\" \/>\n\t<meta name=\"twitter:data1\" content=\"1 minuta\" \/>\n<script type=\"application\/ld+json\" class=\"yoast-schema-graph\">{\"@context\":\"https:\/\/schema.org\",\"@graph\":[{\"@type\":\"WebPage\",\"@id\":\"https:\/\/www.domkraftpro.com\/index.php\/produkt\/solight-pp112pd20-bila-prodluzovaci-kabel-s-vypinacem-3x-zasuvka-230v-3m-1x-usb-a-c-zlevneny-2693\/\",\"url\":\"https:\/\/www.domkraftpro.com\/index.php\/produkt\/solight-pp112pd20-bila-prodluzovaci-kabel-s-vypinacem-3x-zasuvka-230v-3m-1x-usb-a-c-zlevneny-2693\/\",\"name\":\"SOLIGHT PP112PD20 B\u00edl\u00e1 prodlu\u017eovac\u00ed kabel s vyp\u00edna\u010dem 3x z\u00e1suvka 230V, 3m, 1x USB-A+C Zlevn\u011bn\u00fd -\",\"isPartOf\":{\"@id\":\"https:\/\/www.domkraftpro.com\/#website\"},\"primaryImageOfPage\":{\"@id\":\"https:\/\/www.domkraftpro.com\/index.php\/produkt\/solight-pp112pd20-bila-prodluzovaci-kabel-s-vypinacem-3x-zasuvka-230v-3m-1x-usb-a-c-zlevneny-2693\/#primaryimage\"},\"image\":{\"@id\":\"https:\/\/www.domkraftpro.com\/index.php\/produkt\/solight-pp112pd20-bila-prodluzovaci-kabel-s-vypinacem-3x-zasuvka-230v-3m-1x-usb-a-c-zlevneny-2693\/#primaryimage\"},\"thumbnailUrl\":\"https:\/\/www.domkraftpro.com\/wp-content\/uploads\/2026\/SK0008531-CZ20260425-091623-0-1777079785-solight-pp112pd20-bila-prodluzovaci-kabel-s-vypinacem-3x-za.webp\",\"datePublished\":\"2026-04-27T04:40:34+00:00\",\"breadcrumb\":{\"@id\":\"https:\/\/www.domkraftpro.com\/index.php\/produkt\/solight-pp112pd20-bila-prodluzovaci-kabel-s-vypinacem-3x-zasuvka-230v-3m-1x-usb-a-c-zlevneny-2693\/#breadcrumb\"},\"inLanguage\":\"cs\",\"potentialAction\":[{\"@type\":\"ReadAction\",\"target\":[\"https:\/\/www.domkraftpro.com\/index.php\/produkt\/solight-pp112pd20-bila-prodluzovaci-kabel-s-vypinacem-3x-zasuvka-230v-3m-1x-usb-a-c-zlevneny-2693\/\"]}]},{\"@type\":\"ImageObject\",\"inLanguage\":\"cs\",\"@id\":\"https:\/\/www.domkraftpro.com\/index.php\/produkt\/solight-pp112pd20-bila-prodluzovaci-kabel-s-vypinacem-3x-zasuvka-230v-3m-1x-usb-a-c-zlevneny-2693\/#primaryimage\",\"url\":\"https:\/\/www.domkraftpro.com\/wp-content\/uploads\/2026\/SK0008531-CZ20260425-091623-0-1777079785-solight-pp112pd20-bila-prodluzovaci-kabel-s-vypinacem-3x-za.webp\",\"contentUrl\":\"https:\/\/www.domkraftpro.com\/wp-content\/uploads\/2026\/SK0008531-CZ20260425-091623-0-1777079785-solight-pp112pd20-bila-prodluzovaci-kabel-s-vypinacem-3x-za.webp\",\"width\":1000,\"height\":525},{\"@type\":\"BreadcrumbList\",\"@id\":\"https:\/\/www.domkraftpro.com\/index.php\/produkt\/solight-pp112pd20-bila-prodluzovaci-kabel-s-vypinacem-3x-zasuvka-230v-3m-1x-usb-a-c-zlevneny-2693\/#breadcrumb\",\"itemListElement\":[{\"@type\":\"ListItem\",\"position\":1,\"name\":\"Home\",\"item\":\"https:\/\/www.domkraftpro.com\/\"},{\"@type\":\"ListItem\",\"position\":2,\"name\":\"Products\",\"item\":\"https:\/\/www.domkraftpro.com\/index.php\/products\/\"},{\"@type\":\"ListItem\",\"position\":3,\"name\":\"SOLIGHT PP112PD20 B\u00edl\u00e1 prodlu\u017eovac\u00ed kabel s vyp\u00edna\u010dem 3x z\u00e1suvka 230V, 3m, 1x USB-A+C Zlevn\u011bn\u00fd\"}]},{\"@type\":\"WebSite\",\"@id\":\"https:\/\/www.domkraftpro.com\/#website\",\"url\":\"https:\/\/www.domkraftpro.com\/\",\"name\":\"\",\"description\":\"\",\"potentialAction\":[{\"@type\":\"SearchAction\",\"target\":{\"@type\":\"EntryPoint\",\"urlTemplate\":\"https:\/\/www.domkraftpro.com\/?s={search_term_string}\"},\"query-input\":{\"@type\":\"PropertyValueSpecification\",\"valueRequired\":true,\"valueName\":\"search_term_string\"}}],\"inLanguage\":\"cs\"}]}<\/script>\n<!-- \/ Yoast SEO plugin. -->","yoast_head_json":{"title":"SOLIGHT PP112PD20 B\u00edl\u00e1 prodlu\u017eovac\u00ed kabel s vyp\u00edna\u010dem 3x z\u00e1suvka 230V, 3m, 1x USB-A+C Zlevn\u011bn\u00fd -","robots":{"index":"index","follow":"follow","max-snippet":"max-snippet:-1","max-image-preview":"max-image-preview:large","max-video-preview":"max-video-preview:-1"},"canonical":"https:\/\/www.domkraftpro.com\/index.php\/produkt\/solight-pp112pd20-bila-prodluzovaci-kabel-s-vypinacem-3x-zasuvka-230v-3m-1x-usb-a-c-zlevneny-2693\/","og_locale":"cs_CZ","og_type":"article","og_title":"SOLIGHT PP112PD20 B\u00edl\u00e1 prodlu\u017eovac\u00ed kabel s vyp\u00edna\u010dem 3x z\u00e1suvka 230V, 3m, 1x USB-A+C Zlevn\u011bn\u00fd -","og_description":"SOLIGHT PP112PD20 B\u00edl\u00e1 prodlu\u017eovac\u00ed kabel s vyp\u00edna\u010dem 3x z\u00e1suvka 230V, 3m, 1x USB-A+C praktick\u00fd prodlu\u017eovac\u00ed p\u0159\u00edvod se t\u0159emi z\u00e1suvkami a modern\u00edm USB-A a USB-C nab\u00edjen\u00edm v\u00e1m usnadn\u00ed ka\u017edodenn\u00ed pou\u017e\u00edv\u00e1n\u00ed elektroniky doma i v kancel\u00e1\u0159i. P\u0159ipojte spot\u0159ebi\u010de, nab\u00edjejte telefon rychl\u00fdm 20W Power Delivery a m\u011bjte v\u0161e pod kontrolou d\u00edky podsv\u011btlen\u00e9mu vyp\u00edna\u010di. \u00dahlov\u00e1 vidlice \u0161et\u0159\u00ed m\u00edsto za [&hellip;]","og_url":"https:\/\/www.domkraftpro.com\/index.php\/produkt\/solight-pp112pd20-bila-prodluzovaci-kabel-s-vypinacem-3x-zasuvka-230v-3m-1x-usb-a-c-zlevneny-2693\/","og_image":[{"width":1000,"height":525,"url":"https:\/\/www.domkraftpro.com\/wp-content\/uploads\/2026\/SK0008531-CZ20260425-091623-0-1777079785-solight-pp112pd20-bila-prodluzovaci-kabel-s-vypinacem-3x-za.webp","type":"image\/webp"}],"twitter_card":"summary_large_image","twitter_misc":{"Odhadovan\u00e1 doba \u010dten\u00ed":"1 minuta"},"schema":{"@context":"https:\/\/schema.org","@graph":[{"@type":"WebPage","@id":"https:\/\/www.domkraftpro.com\/index.php\/produkt\/solight-pp112pd20-bila-prodluzovaci-kabel-s-vypinacem-3x-zasuvka-230v-3m-1x-usb-a-c-zlevneny-2693\/","url":"https:\/\/www.domkraftpro.com\/index.php\/produkt\/solight-pp112pd20-bila-prodluzovaci-kabel-s-vypinacem-3x-zasuvka-230v-3m-1x-usb-a-c-zlevneny-2693\/","name":"SOLIGHT PP112PD20 B\u00edl\u00e1 prodlu\u017eovac\u00ed kabel s vyp\u00edna\u010dem 3x z\u00e1suvka 230V, 3m, 1x USB-A+C Zlevn\u011bn\u00fd -","isPartOf":{"@id":"https:\/\/www.domkraftpro.com\/#website"},"primaryImageOfPage":{"@id":"https:\/\/www.domkraftpro.com\/index.php\/produkt\/solight-pp112pd20-bila-prodluzovaci-kabel-s-vypinacem-3x-zasuvka-230v-3m-1x-usb-a-c-zlevneny-2693\/#primaryimage"},"image":{"@id":"https:\/\/www.domkraftpro.com\/index.php\/produkt\/solight-pp112pd20-bila-prodluzovaci-kabel-s-vypinacem-3x-zasuvka-230v-3m-1x-usb-a-c-zlevneny-2693\/#primaryimage"},"thumbnailUrl":"https:\/\/www.domkraftpro.com\/wp-content\/uploads\/2026\/SK0008531-CZ20260425-091623-0-1777079785-solight-pp112pd20-bila-prodluzovaci-kabel-s-vypinacem-3x-za.webp","datePublished":"2026-04-27T04:40:34+00:00","breadcrumb":{"@id":"https:\/\/www.domkraftpro.com\/index.php\/produkt\/solight-pp112pd20-bila-prodluzovaci-kabel-s-vypinacem-3x-zasuvka-230v-3m-1x-usb-a-c-zlevneny-2693\/#breadcrumb"},"inLanguage":"cs","potentialAction":[{"@type":"ReadAction","target":["https:\/\/www.domkraftpro.com\/index.php\/produkt\/solight-pp112pd20-bila-prodluzovaci-kabel-s-vypinacem-3x-zasuvka-230v-3m-1x-usb-a-c-zlevneny-2693\/"]}]},{"@type":"ImageObject","inLanguage":"cs","@id":"https:\/\/www.domkraftpro.com\/index.php\/produkt\/solight-pp112pd20-bila-prodluzovaci-kabel-s-vypinacem-3x-zasuvka-230v-3m-1x-usb-a-c-zlevneny-2693\/#primaryimage","url":"https:\/\/www.domkraftpro.com\/wp-content\/uploads\/2026\/SK0008531-CZ20260425-091623-0-1777079785-solight-pp112pd20-bila-prodluzovaci-kabel-s-vypinacem-3x-za.webp","contentUrl":"https:\/\/www.domkraftpro.com\/wp-content\/uploads\/2026\/SK0008531-CZ20260425-091623-0-1777079785-solight-pp112pd20-bila-prodluzovaci-kabel-s-vypinacem-3x-za.webp","width":1000,"height":525},{"@type":"BreadcrumbList","@id":"https:\/\/www.domkraftpro.com\/index.php\/produkt\/solight-pp112pd20-bila-prodluzovaci-kabel-s-vypinacem-3x-zasuvka-230v-3m-1x-usb-a-c-zlevneny-2693\/#breadcrumb","itemListElement":[{"@type":"ListItem","position":1,"name":"Home","item":"https:\/\/www.domkraftpro.com\/"},{"@type":"ListItem","position":2,"name":"Products","item":"https:\/\/www.domkraftpro.com\/index.php\/products\/"},{"@type":"ListItem","position":3,"name":"SOLIGHT PP112PD20 B\u00edl\u00e1 prodlu\u017eovac\u00ed kabel s vyp\u00edna\u010dem 3x z\u00e1suvka 230V, 3m, 1x USB-A+C Zlevn\u011bn\u00fd"}]},{"@type":"WebSite","@id":"https:\/\/www.domkraftpro.com\/#website","url":"https:\/\/www.domkraftpro.com\/","name":"","description":"","potentialAction":[{"@type":"SearchAction","target":{"@type":"EntryPoint","urlTemplate":"https:\/\/www.domkraftpro.com\/?s={search_term_string}"},"query-input":{"@type":"PropertyValueSpecification","valueRequired":true,"valueName":"search_term_string"}}],"inLanguage":"cs"}]}},"_links":{"self":[{"href":"https:\/\/www.domkraftpro.com\/index.php\/wp-json\/wp\/v2\/product\/2693","targetHints":{"allow":["GET"]}}],"collection":[{"href":"https:\/\/www.domkraftpro.com\/index.php\/wp-json\/wp\/v2\/product"}],"about":[{"href":"https:\/\/www.domkraftpro.com\/index.php\/wp-json\/wp\/v2\/types\/product"}],"replies":[{"embeddable":true,"href":"https:\/\/www.domkraftpro.com\/index.php\/wp-json\/wp\/v2\/comments?post=2693"}],"wp:featuredmedia":[{"embeddable":true,"href":"https:\/\/www.domkraftpro.com\/index.php\/wp-json\/wp\/v2\/media\/2793"}],"wp:attachment":[{"href":"https:\/\/www.domkraftpro.com\/index.php\/wp-json\/wp\/v2\/media?parent=2693"}],"wp:term":[{"taxonomy":"product_brand","embeddable":true,"href":"https:\/\/www.domkraftpro.com\/index.php\/wp-json\/wp\/v2\/product_brand?post=2693"},{"taxonomy":"product_cat","embeddable":true,"href":"https:\/\/www.domkraftpro.com\/index.php\/wp-json\/wp\/v2\/product_cat?post=2693"},{"taxonomy":"product_tag","embeddable":true,"href":"https:\/\/www.domkraftpro.com\/index.php\/wp-json\/wp\/v2\/product_tag?post=2693"}],"curies":[{"name":"wp","href":"https:\/\/api.w.org\/{rel}","templated":true}]}}