{"id":2691,"date":"2026-04-27T04:40:34","date_gmt":"2026-04-27T04:40:34","guid":{"rendered":""},"modified":"2026-04-27T04:40:34","modified_gmt":"2026-04-27T04:40:34","slug":"solight-5b322w-vestavna-podlahova-zasuvka-ip55-matna-bila-obdelnikove-vicko-dokud-zasoby-vydrzi-2691","status":"publish","type":"product","link":"https:\/\/www.domkraftpro.com\/index.php\/produkt\/solight-5b322w-vestavna-podlahova-zasuvka-ip55-matna-bila-obdelnikove-vicko-dokud-zasoby-vydrzi-2691\/","title":{"rendered":"Solight 5B322W vestavn\u00e1 podlahov\u00e1 z\u00e1suvka, IP55,, matn\u00e1 b\u00edl\u00e1, obdeln\u00edkov\u00e9 v\u00ed\u010dko Dokud Z\u00e1soby Vydr\u017e\u00ed"},"content":{"rendered":"<div id=\"e9907906\" class=\"pages\">\n<div id=\"PDDescription\" class=\"UserContentView userContent v1a v1 bs-view dcon dc150 PDDescription\" >\n<h2><span style=\"color: #007980;\">Solight 5B322W vestavn\u00e1 podlahov\u00e1 z\u00e1suvka, IP55,, matn\u00e1 b\u00edl\u00e1, obdeln\u00edkov\u00e9 v\u00ed\u010dko<\/span><\/h2>\n<p>Tato jednoduch\u00e1 z\u00e1suvka s kryt\u00edm IP55 je ide\u00e1ln\u00ed volbou pro interi\u00e9ry i exteri\u00e9ry. Spojuje funk\u010dnost, bezpe\u010dnost a modern\u00ed design v elegantn\u00ed matn\u011b b\u00edl\u00e9 barv\u011b, kter\u00e1 dokonale lad\u00ed s\u00a0sv\u011btl\u00fdmi kuchy\u0148sk\u00fdmi deskami, modern\u00edm n\u00e1bytkem nebo venkovn\u00edmi prostory, jako jsou terasy, pergoly nebo okol\u00ed baz\u00e9n\u016f \u010di fas\u00e1dy dom\u016f. Robustn\u00ed konstrukce umo\u017e\u0148uje zabudov\u00e1n\u00ed do podlahy, pod om\u00edtku nebo do n\u00e1bytku. Vysok\u00e1 odolnost v\u016f\u010di vod\u011b a ne\u010distot\u00e1m &#8211; kryt\u00ed IP55 chr\u00e1n\u00ed p\u0159ed st\u0159\u00edkaj\u00edc\u00ed vodou a prachem, co\u017e umo\u017e\u0148uje bezpe\u010dn\u00e9 pou\u017e\u00edv\u00e1n\u00ed i v n\u00e1ro\u010dn\u00fdch podm\u00ednk\u00e1ch.<\/p>\n<p>Automatick\u00e9 zav\u00edr\u00e1n\u00ed v\u00ed\u010dka pru\u017einou zaji\u0161\u0165uje, \u017ee z\u00e1suvka z\u016fstane chr\u00e1n\u011bn\u00e1, kdy\u017e ji pr\u00e1v\u011b nepou\u017e\u00edv\u00e1te. A p\u0159i zapojen\u00e9m p\u0159\u00edvodn\u00edm kabelu zaji\u0161\u0165uje p\u0159itla\u010den\u00ed v\u00ed\u010dka k z\u00e1str\u010dce. Gumov\u00e9 t\u011bsn\u011bn\u00ed chr\u00e1n\u00ed p\u0159ed pronik\u00e1n\u00edm vlhkosti pod kryt i do vnit\u0159n\u00ed konstrukce. \u0160irok\u00fd \u00fahel otev\u0159en\u00ed v\u00ed\u010dka a\u017e do 120 stup\u0148\u016f pro snadn\u00e9 p\u0159ipojen\u00ed za\u0159\u00edzen\u00ed. Bez\u0161roubov\u00e9 uchycen\u00ed vodi\u010d\u016f umo\u017e\u0148uje rychlou a pohodlnou mont\u00e1\u017e.<\/p>\n<p>\u00a0<\/p>\n<p><span style=\"color: #007980;\"><strong>Dal\u0161\u00ed vlastnosti:<\/strong><\/span><\/p>\n<ul>\n<li>z\u00e1suvka jednoduch\u00e1 uzemn\u011bn\u00e1 2P+E, obd\u00e9ln\u00edkov\u00fd tvar<\/li>\n<li>IP55 kryt\u00ed pro mokr\u00e9 \u010di\u0161t\u011bn\u00ed nebo proti st\u0159\u00edkaj\u00edc\u00ed vod\u011b<\/li>\n<li>instalace do podlahy, pod om\u00edtku nebo do n\u00e1bytku vhodn\u00e9 pro venkovn\u00ed prostory &#8211; terasy, pergoly, apod.<\/li>\n<li>vrchn\u00ed kryt z hlin\u00edku s povrchovou \u00fapravou v matn\u00e9 \u010dern\u00e9 barv\u011b<\/li>\n<li>pevn\u00e9 v\u00ed\u010dko s pru\u017einou pro automatick\u00e9 zav\u00edr\u00e1n\u00ed<\/li>\n<li>gumov\u00e9 t\u011bsn\u011bn\u00ed ve v\u00ed\u010dku i pod vrchn\u00edm krytem<\/li>\n<li>otev\u0159en\u00ed v\u00ed\u010dka do 120 stup\u0148\u016f<\/li>\n<li>uzav\u0159en\u00e9 pouzdro chr\u00e1n\u00ed vnit\u0159n\u00ed konstrukci p\u0159ed pronik\u00e1n\u00edm vlhkosti z okoln\u00edho prost\u0159ed\u00ed<\/li>\n<li>bez\u0161roubov\u00e9 uchycen\u00ed vodi\u010d\u016f v\u010detn\u011b instala\u010dn\u00ed krabice (sou\u010d\u00e1st\u00ed balen\u00ed)<\/li>\n<li>rozm\u011bry: 9,5 x 8,4x 4,1cm<\/li>\n<li>hloubka zapu\u0161t\u011bn\u00e9 \u010d\u00e1sti: 3,53cm<\/li>\n<li>tlou\u0161\u0165ka vrchn\u00edho krytu v\u010d. t\u011bsn\u011bn\u00ed: 0,6cm<\/li>\n<\/ul>\n<p>\u00a0<\/p>\n<div id=\"PDTable3\" class=\"ProductDetailTableView v3a v3 bs-view dcon dc175 PDTable3\" >\n<table>\n<thead><\/thead>\n<tbody>\n<tr class=\"attribute attr_bsshop_maker\">\n<td class=\"caption\">V\u00fdrobce<\/td>\n<td class=\"value\">Solight<\/td>\n<\/tr>\n<\/tbody>\n<\/table><\/div>\n<\/div>\n<div id=\"ProductMedia\" class=\"ProductMediaView MediaViewBase v1a v1 bs-view dcon dc398 ProductMedia\" ><bs-empty><\/bs-empty><\/p>\n<div class=\"files\">\n<div class=\"title sub\">Soubory<\/div>\n<p>5b322w_sk n&#225;vod.pdf5b322w_en manual.pdf5b322w_cz n&#225;vod.pdf<\/p><\/div>\n<p><bs-empty><\/bs-empty><\/div>\n<\/div>\n<div id=\"e9907907\" class=\"tabs\">\n","protected":false},"excerpt":{"rendered":"<p>Solight 5B322W vestavn\u00e1 podlahov\u00e1 z\u00e1suvka, IP55,, matn\u00e1 b\u00edl\u00e1, obdeln\u00edkov\u00e9 v\u00ed\u010dko Tato jednoduch\u00e1 z\u00e1suvka s kryt\u00edm IP55 je ide\u00e1ln\u00ed volbou pro interi\u00e9ry i exteri\u00e9ry. Spojuje funk\u010dnost, bezpe\u010dnost a modern\u00ed design v elegantn\u00ed matn\u011b b\u00edl\u00e9 barv\u011b, kter\u00e1 dokonale lad\u00ed s\u00a0sv\u011btl\u00fdmi kuchy\u0148sk\u00fdmi deskami, modern\u00edm n\u00e1bytkem nebo venkovn\u00edmi prostory, jako jsou terasy, pergoly nebo okol\u00ed baz\u00e9n\u016f \u010di fas\u00e1dy dom\u016f. [&hellip;]<\/p>\n","protected":false},"featured_media":2791,"comment_status":"open","ping_status":"open","template":"","meta":[],"product_brand":[],"product_cat":[41],"product_tag":[],"class_list":{"0":"post-2691","1":"product","2":"type-product","3":"status-publish","4":"has-post-thumbnail","6":"product_cat-vyp-237-nace-a-z-225-suvky","8":"first","9":"instock","10":"sale","11":"shipping-taxable","12":"purchasable","13":"product-type-simple"},"yoast_head":"<!-- This site is optimized with the Yoast SEO plugin v26.8 - https:\/\/yoast.com\/product\/yoast-seo-wordpress\/ -->\n<title>Solight 5B322W vestavn\u00e1 podlahov\u00e1 z\u00e1suvka, IP55,, matn\u00e1 b\u00edl\u00e1, obdeln\u00edkov\u00e9 v\u00ed\u010dko Dokud Z\u00e1soby Vydr\u017e\u00ed -<\/title>\n<meta name=\"robots\" content=\"index, follow, max-snippet:-1, max-image-preview:large, max-video-preview:-1\" \/>\n<link rel=\"canonical\" href=\"https:\/\/www.domkraftpro.com\/index.php\/produkt\/solight-5b322w-vestavna-podlahova-zasuvka-ip55-matna-bila-obdelnikove-vicko-dokud-zasoby-vydrzi-2691\/\" \/>\n<meta property=\"og:locale\" content=\"cs_CZ\" \/>\n<meta property=\"og:type\" content=\"article\" \/>\n<meta property=\"og:title\" content=\"Solight 5B322W vestavn\u00e1 podlahov\u00e1 z\u00e1suvka, IP55,, matn\u00e1 b\u00edl\u00e1, obdeln\u00edkov\u00e9 v\u00ed\u010dko Dokud Z\u00e1soby Vydr\u017e\u00ed -\" \/>\n<meta property=\"og:description\" content=\"Solight 5B322W vestavn\u00e1 podlahov\u00e1 z\u00e1suvka, IP55,, matn\u00e1 b\u00edl\u00e1, obdeln\u00edkov\u00e9 v\u00ed\u010dko Tato jednoduch\u00e1 z\u00e1suvka s kryt\u00edm IP55 je ide\u00e1ln\u00ed volbou pro interi\u00e9ry i exteri\u00e9ry. Spojuje funk\u010dnost, bezpe\u010dnost a modern\u00ed design v elegantn\u00ed matn\u011b b\u00edl\u00e9 barv\u011b, kter\u00e1 dokonale lad\u00ed s\u00a0sv\u011btl\u00fdmi kuchy\u0148sk\u00fdmi deskami, modern\u00edm n\u00e1bytkem nebo venkovn\u00edmi prostory, jako jsou terasy, pergoly nebo okol\u00ed baz\u00e9n\u016f \u010di fas\u00e1dy dom\u016f. [&hellip;]\" \/>\n<meta property=\"og:url\" content=\"https:\/\/www.domkraftpro.com\/index.php\/produkt\/solight-5b322w-vestavna-podlahova-zasuvka-ip55-matna-bila-obdelnikove-vicko-dokud-zasoby-vydrzi-2691\/\" \/>\n<meta property=\"og:image\" content=\"https:\/\/www.domkraftpro.com\/wp-content\/uploads\/2026\/SK0008529-CZ20260425-091623-0-1777079785-solight-5b322w-vestavna-podlahova-zasuvka-ip55-matna-bila-o.webp\" \/>\n\t<meta property=\"og:image:width\" content=\"1000\" \/>\n\t<meta property=\"og:image:height\" content=\"525\" \/>\n\t<meta property=\"og:image:type\" content=\"image\/webp\" \/>\n<meta name=\"twitter:card\" content=\"summary_large_image\" \/>\n<meta name=\"twitter:label1\" content=\"Odhadovan\u00e1 doba \u010dten\u00ed\" \/>\n\t<meta name=\"twitter:data1\" content=\"2 minuty\" \/>\n<script type=\"application\/ld+json\" class=\"yoast-schema-graph\">{\"@context\":\"https:\/\/schema.org\",\"@graph\":[{\"@type\":\"WebPage\",\"@id\":\"https:\/\/www.domkraftpro.com\/index.php\/produkt\/solight-5b322w-vestavna-podlahova-zasuvka-ip55-matna-bila-obdelnikove-vicko-dokud-zasoby-vydrzi-2691\/\",\"url\":\"https:\/\/www.domkraftpro.com\/index.php\/produkt\/solight-5b322w-vestavna-podlahova-zasuvka-ip55-matna-bila-obdelnikove-vicko-dokud-zasoby-vydrzi-2691\/\",\"name\":\"Solight 5B322W vestavn\u00e1 podlahov\u00e1 z\u00e1suvka, IP55,, matn\u00e1 b\u00edl\u00e1, obdeln\u00edkov\u00e9 v\u00ed\u010dko Dokud Z\u00e1soby Vydr\u017e\u00ed -\",\"isPartOf\":{\"@id\":\"https:\/\/www.domkraftpro.com\/#website\"},\"primaryImageOfPage\":{\"@id\":\"https:\/\/www.domkraftpro.com\/index.php\/produkt\/solight-5b322w-vestavna-podlahova-zasuvka-ip55-matna-bila-obdelnikove-vicko-dokud-zasoby-vydrzi-2691\/#primaryimage\"},\"image\":{\"@id\":\"https:\/\/www.domkraftpro.com\/index.php\/produkt\/solight-5b322w-vestavna-podlahova-zasuvka-ip55-matna-bila-obdelnikove-vicko-dokud-zasoby-vydrzi-2691\/#primaryimage\"},\"thumbnailUrl\":\"https:\/\/www.domkraftpro.com\/wp-content\/uploads\/2026\/SK0008529-CZ20260425-091623-0-1777079785-solight-5b322w-vestavna-podlahova-zasuvka-ip55-matna-bila-o.webp\",\"datePublished\":\"2026-04-27T04:40:34+00:00\",\"breadcrumb\":{\"@id\":\"https:\/\/www.domkraftpro.com\/index.php\/produkt\/solight-5b322w-vestavna-podlahova-zasuvka-ip55-matna-bila-obdelnikove-vicko-dokud-zasoby-vydrzi-2691\/#breadcrumb\"},\"inLanguage\":\"cs\",\"potentialAction\":[{\"@type\":\"ReadAction\",\"target\":[\"https:\/\/www.domkraftpro.com\/index.php\/produkt\/solight-5b322w-vestavna-podlahova-zasuvka-ip55-matna-bila-obdelnikove-vicko-dokud-zasoby-vydrzi-2691\/\"]}]},{\"@type\":\"ImageObject\",\"inLanguage\":\"cs\",\"@id\":\"https:\/\/www.domkraftpro.com\/index.php\/produkt\/solight-5b322w-vestavna-podlahova-zasuvka-ip55-matna-bila-obdelnikove-vicko-dokud-zasoby-vydrzi-2691\/#primaryimage\",\"url\":\"https:\/\/www.domkraftpro.com\/wp-content\/uploads\/2026\/SK0008529-CZ20260425-091623-0-1777079785-solight-5b322w-vestavna-podlahova-zasuvka-ip55-matna-bila-o.webp\",\"contentUrl\":\"https:\/\/www.domkraftpro.com\/wp-content\/uploads\/2026\/SK0008529-CZ20260425-091623-0-1777079785-solight-5b322w-vestavna-podlahova-zasuvka-ip55-matna-bila-o.webp\",\"width\":1000,\"height\":525},{\"@type\":\"BreadcrumbList\",\"@id\":\"https:\/\/www.domkraftpro.com\/index.php\/produkt\/solight-5b322w-vestavna-podlahova-zasuvka-ip55-matna-bila-obdelnikove-vicko-dokud-zasoby-vydrzi-2691\/#breadcrumb\",\"itemListElement\":[{\"@type\":\"ListItem\",\"position\":1,\"name\":\"Home\",\"item\":\"https:\/\/www.domkraftpro.com\/\"},{\"@type\":\"ListItem\",\"position\":2,\"name\":\"Products\",\"item\":\"https:\/\/www.domkraftpro.com\/index.php\/products\/\"},{\"@type\":\"ListItem\",\"position\":3,\"name\":\"Solight 5B322W vestavn\u00e1 podlahov\u00e1 z\u00e1suvka, IP55,, matn\u00e1 b\u00edl\u00e1, obdeln\u00edkov\u00e9 v\u00ed\u010dko Dokud Z\u00e1soby Vydr\u017e\u00ed\"}]},{\"@type\":\"WebSite\",\"@id\":\"https:\/\/www.domkraftpro.com\/#website\",\"url\":\"https:\/\/www.domkraftpro.com\/\",\"name\":\"\",\"description\":\"\",\"potentialAction\":[{\"@type\":\"SearchAction\",\"target\":{\"@type\":\"EntryPoint\",\"urlTemplate\":\"https:\/\/www.domkraftpro.com\/?s={search_term_string}\"},\"query-input\":{\"@type\":\"PropertyValueSpecification\",\"valueRequired\":true,\"valueName\":\"search_term_string\"}}],\"inLanguage\":\"cs\"}]}<\/script>\n<!-- \/ Yoast SEO plugin. -->","yoast_head_json":{"title":"Solight 5B322W vestavn\u00e1 podlahov\u00e1 z\u00e1suvka, IP55,, matn\u00e1 b\u00edl\u00e1, obdeln\u00edkov\u00e9 v\u00ed\u010dko Dokud Z\u00e1soby Vydr\u017e\u00ed -","robots":{"index":"index","follow":"follow","max-snippet":"max-snippet:-1","max-image-preview":"max-image-preview:large","max-video-preview":"max-video-preview:-1"},"canonical":"https:\/\/www.domkraftpro.com\/index.php\/produkt\/solight-5b322w-vestavna-podlahova-zasuvka-ip55-matna-bila-obdelnikove-vicko-dokud-zasoby-vydrzi-2691\/","og_locale":"cs_CZ","og_type":"article","og_title":"Solight 5B322W vestavn\u00e1 podlahov\u00e1 z\u00e1suvka, IP55,, matn\u00e1 b\u00edl\u00e1, obdeln\u00edkov\u00e9 v\u00ed\u010dko Dokud Z\u00e1soby Vydr\u017e\u00ed -","og_description":"Solight 5B322W vestavn\u00e1 podlahov\u00e1 z\u00e1suvka, IP55,, matn\u00e1 b\u00edl\u00e1, obdeln\u00edkov\u00e9 v\u00ed\u010dko Tato jednoduch\u00e1 z\u00e1suvka s kryt\u00edm IP55 je ide\u00e1ln\u00ed volbou pro interi\u00e9ry i exteri\u00e9ry. Spojuje funk\u010dnost, bezpe\u010dnost a modern\u00ed design v elegantn\u00ed matn\u011b b\u00edl\u00e9 barv\u011b, kter\u00e1 dokonale lad\u00ed s\u00a0sv\u011btl\u00fdmi kuchy\u0148sk\u00fdmi deskami, modern\u00edm n\u00e1bytkem nebo venkovn\u00edmi prostory, jako jsou terasy, pergoly nebo okol\u00ed baz\u00e9n\u016f \u010di fas\u00e1dy dom\u016f. [&hellip;]","og_url":"https:\/\/www.domkraftpro.com\/index.php\/produkt\/solight-5b322w-vestavna-podlahova-zasuvka-ip55-matna-bila-obdelnikove-vicko-dokud-zasoby-vydrzi-2691\/","og_image":[{"width":1000,"height":525,"url":"https:\/\/www.domkraftpro.com\/wp-content\/uploads\/2026\/SK0008529-CZ20260425-091623-0-1777079785-solight-5b322w-vestavna-podlahova-zasuvka-ip55-matna-bila-o.webp","type":"image\/webp"}],"twitter_card":"summary_large_image","twitter_misc":{"Odhadovan\u00e1 doba \u010dten\u00ed":"2 minuty"},"schema":{"@context":"https:\/\/schema.org","@graph":[{"@type":"WebPage","@id":"https:\/\/www.domkraftpro.com\/index.php\/produkt\/solight-5b322w-vestavna-podlahova-zasuvka-ip55-matna-bila-obdelnikove-vicko-dokud-zasoby-vydrzi-2691\/","url":"https:\/\/www.domkraftpro.com\/index.php\/produkt\/solight-5b322w-vestavna-podlahova-zasuvka-ip55-matna-bila-obdelnikove-vicko-dokud-zasoby-vydrzi-2691\/","name":"Solight 5B322W vestavn\u00e1 podlahov\u00e1 z\u00e1suvka, IP55,, matn\u00e1 b\u00edl\u00e1, obdeln\u00edkov\u00e9 v\u00ed\u010dko Dokud Z\u00e1soby Vydr\u017e\u00ed -","isPartOf":{"@id":"https:\/\/www.domkraftpro.com\/#website"},"primaryImageOfPage":{"@id":"https:\/\/www.domkraftpro.com\/index.php\/produkt\/solight-5b322w-vestavna-podlahova-zasuvka-ip55-matna-bila-obdelnikove-vicko-dokud-zasoby-vydrzi-2691\/#primaryimage"},"image":{"@id":"https:\/\/www.domkraftpro.com\/index.php\/produkt\/solight-5b322w-vestavna-podlahova-zasuvka-ip55-matna-bila-obdelnikove-vicko-dokud-zasoby-vydrzi-2691\/#primaryimage"},"thumbnailUrl":"https:\/\/www.domkraftpro.com\/wp-content\/uploads\/2026\/SK0008529-CZ20260425-091623-0-1777079785-solight-5b322w-vestavna-podlahova-zasuvka-ip55-matna-bila-o.webp","datePublished":"2026-04-27T04:40:34+00:00","breadcrumb":{"@id":"https:\/\/www.domkraftpro.com\/index.php\/produkt\/solight-5b322w-vestavna-podlahova-zasuvka-ip55-matna-bila-obdelnikove-vicko-dokud-zasoby-vydrzi-2691\/#breadcrumb"},"inLanguage":"cs","potentialAction":[{"@type":"ReadAction","target":["https:\/\/www.domkraftpro.com\/index.php\/produkt\/solight-5b322w-vestavna-podlahova-zasuvka-ip55-matna-bila-obdelnikove-vicko-dokud-zasoby-vydrzi-2691\/"]}]},{"@type":"ImageObject","inLanguage":"cs","@id":"https:\/\/www.domkraftpro.com\/index.php\/produkt\/solight-5b322w-vestavna-podlahova-zasuvka-ip55-matna-bila-obdelnikove-vicko-dokud-zasoby-vydrzi-2691\/#primaryimage","url":"https:\/\/www.domkraftpro.com\/wp-content\/uploads\/2026\/SK0008529-CZ20260425-091623-0-1777079785-solight-5b322w-vestavna-podlahova-zasuvka-ip55-matna-bila-o.webp","contentUrl":"https:\/\/www.domkraftpro.com\/wp-content\/uploads\/2026\/SK0008529-CZ20260425-091623-0-1777079785-solight-5b322w-vestavna-podlahova-zasuvka-ip55-matna-bila-o.webp","width":1000,"height":525},{"@type":"BreadcrumbList","@id":"https:\/\/www.domkraftpro.com\/index.php\/produkt\/solight-5b322w-vestavna-podlahova-zasuvka-ip55-matna-bila-obdelnikove-vicko-dokud-zasoby-vydrzi-2691\/#breadcrumb","itemListElement":[{"@type":"ListItem","position":1,"name":"Home","item":"https:\/\/www.domkraftpro.com\/"},{"@type":"ListItem","position":2,"name":"Products","item":"https:\/\/www.domkraftpro.com\/index.php\/products\/"},{"@type":"ListItem","position":3,"name":"Solight 5B322W vestavn\u00e1 podlahov\u00e1 z\u00e1suvka, IP55,, matn\u00e1 b\u00edl\u00e1, obdeln\u00edkov\u00e9 v\u00ed\u010dko Dokud Z\u00e1soby Vydr\u017e\u00ed"}]},{"@type":"WebSite","@id":"https:\/\/www.domkraftpro.com\/#website","url":"https:\/\/www.domkraftpro.com\/","name":"","description":"","potentialAction":[{"@type":"SearchAction","target":{"@type":"EntryPoint","urlTemplate":"https:\/\/www.domkraftpro.com\/?s={search_term_string}"},"query-input":{"@type":"PropertyValueSpecification","valueRequired":true,"valueName":"search_term_string"}}],"inLanguage":"cs"}]}},"_links":{"self":[{"href":"https:\/\/www.domkraftpro.com\/index.php\/wp-json\/wp\/v2\/product\/2691","targetHints":{"allow":["GET"]}}],"collection":[{"href":"https:\/\/www.domkraftpro.com\/index.php\/wp-json\/wp\/v2\/product"}],"about":[{"href":"https:\/\/www.domkraftpro.com\/index.php\/wp-json\/wp\/v2\/types\/product"}],"replies":[{"embeddable":true,"href":"https:\/\/www.domkraftpro.com\/index.php\/wp-json\/wp\/v2\/comments?post=2691"}],"wp:featuredmedia":[{"embeddable":true,"href":"https:\/\/www.domkraftpro.com\/index.php\/wp-json\/wp\/v2\/media\/2791"}],"wp:attachment":[{"href":"https:\/\/www.domkraftpro.com\/index.php\/wp-json\/wp\/v2\/media?parent=2691"}],"wp:term":[{"taxonomy":"product_brand","embeddable":true,"href":"https:\/\/www.domkraftpro.com\/index.php\/wp-json\/wp\/v2\/product_brand?post=2691"},{"taxonomy":"product_cat","embeddable":true,"href":"https:\/\/www.domkraftpro.com\/index.php\/wp-json\/wp\/v2\/product_cat?post=2691"},{"taxonomy":"product_tag","embeddable":true,"href":"https:\/\/www.domkraftpro.com\/index.php\/wp-json\/wp\/v2\/product_tag?post=2691"}],"curies":[{"name":"wp","href":"https:\/\/api.w.org\/{rel}","templated":true}]}}