{"id":26703,"date":"2026-04-27T04:41:32","date_gmt":"2026-04-27T04:41:32","guid":{"rendered":""},"modified":"2026-04-27T04:41:32","modified_gmt":"2026-04-27T04:41:32","slug":"akce-bruckner-murales-nabytkovy-sifon-setrici-misto-5-4-quot-odpad-32mm-bila-151-032-0-26703","status":"publish","type":"product","link":"https:\/\/www.domkraftpro.com\/index.php\/produkt\/akce-bruckner-murales-nabytkovy-sifon-setrici-misto-5-4-quot-odpad-32mm-bila-151-032-0-26703\/","title":{"rendered":"Akce Bruckner MURALES n\u00e1bytkov\u00fd sifon \u0161et\u0159\u00edc\u00ed m\u00edsto, 5\/4&quot;, odpad 32mm, b\u00edl\u00e1 151.032.0"},"content":{"rendered":"<h3>Dopl\u0148kov\u00e9 parametry<\/h3>\n<table class=\"detail-parameters\">\n<tbody>\n<tr>\n<th>        <span class=\"row-header-label\">            Kategorie<span class=\"row-header-label-colon\">:<\/span>        <\/span>    <\/th>\n<td>        P\u0159\u00edslu\u0161enstv\u00ed k umyvadl\u016fm    <\/td>\n<\/tr>\n<tr>\n<th>            <span class=\"row-header-label\">                Hmotnost<span class=\"row-header-label-colon\">:<\/span>            <\/span>        <\/th>\n<td>            0.281 kg        <\/td>\n<\/tr>\n<tr class=\"productEan\">\n<th>          <span class=\"row-header-label productEan__label\">              EAN<span class=\"row-header-label-colon\">:<\/span>          <\/span>      <\/th>\n<td>          <span class=\"productEan__value\">8590913890758<\/span>      <\/td>\n<\/tr>\n<tr>\n<th>                <span class=\"row-header-label\">                                            Balen\u00ed<span class=\"row-header-label-colon\">:<\/span>                                    <\/span>            <\/th>\n<td>                                                            1 ks                                                <\/td>\n<\/tr>\n<tr>\n<th>                <span class=\"row-header-label\">                                            Barva<span class=\"row-header-label-colon\">:<\/span>                                    <\/span>            <\/th>\n<td>                                                            B\u00edl\u00e1                                                <\/td>\n<\/tr>\n<tr>\n<th>                <span class=\"row-header-label\">                                            Hmotnost<span class=\"row-header-label-colon\">:<\/span>                                    <\/span>            <\/th>\n<td>                                                            0.281 kg                                                <\/td>\n<\/tr>\n<tr>\n<th>                <span class=\"row-header-label\">                                            Materi\u00e1l<span class=\"row-header-label-colon\">:<\/span>                                    <\/span>            <\/th>\n<td>                                                            Plast                                                <\/td>\n<\/tr>\n<tr>\n<th>                <span class=\"row-header-label\">                                            Pr\u016fm\u011br odpadu<span class=\"row-header-label-colon\">:<\/span>                                    <\/span>            <\/th>\n<td>                                                            32 mm                                                <\/td>\n<\/tr>\n<tr>\n<th>                <span class=\"row-header-label\">                                            Speci\u00e1ln\u00ed mo\u017enosti<span class=\"row-header-label-colon\">:<\/span>                                    <\/span>            <\/th>\n<td>                                                            \u0160et\u0159\u00edc\u00ed m\u00edsto                                                <\/td>\n<\/tr>\n<tr>\n<th>                <span class=\"row-header-label\">                                            Velikost z\u00e1vitu<span class=\"row-header-label-colon\">:<\/span>                                    <\/span>            <\/th>\n<td>                                                            5\/4&quot;                                                <\/td>\n<\/tr>\n<tr>\n<th>                <span class=\"row-header-label\">                                            Z\u00e1ru\u010dn\u00ed doba<span class=\"row-header-label-colon\">:<\/span>                                    <\/span>            <\/th>\n<td>                                                            2 roky                                                <\/td>\n<\/tr>\n<tr>\n<th>                <span class=\"row-header-label\">                                            Balen\u00ed &#8211; hmotnost<span class=\"row-header-label-colon\">:<\/span>                                    <\/span>            <\/th>\n<td>                                                            0.281 kg                                                <\/td>\n<\/tr>\n<tr>\n<th>                <span class=\"row-header-label\">                                            Balen\u00ed &#8211; \u0161\u00ed\u0159ka<span class=\"row-header-label-colon\">:<\/span>                                    <\/span>            <\/th>\n<td>                                                            280 mm                                                <\/td>\n<\/tr>\n<tr>\n<th>                <span class=\"row-header-label\">                                            Balen\u00ed &#8211; tlou\u0161\u0165ka<span class=\"row-header-label-colon\">:<\/span>                                    <\/span>            <\/th>\n<td>                                                            400 mm                                                <\/td>\n<\/tr>\n<tr>\n<th>                <span class=\"row-header-label\">                                            Balen\u00ed &#8211; v\u00fd\u0161ka<span class=\"row-header-label-colon\">:<\/span>                                    <\/span>            <\/th>\n<td>                                                            80 mm                                                <\/td>\n<\/tr>\n<\/tbody>\n<\/table><\/div>\n<\/p><\/div>\n<\/p><\/div>\n","protected":false},"excerpt":{"rendered":"<p>Dopl\u0148kov\u00e9 parametry Kategorie: P\u0159\u00edslu\u0161enstv\u00ed k umyvadl\u016fm Hmotnost: 0.281 kg EAN: 8590913890758 Balen\u00ed: 1 ks Barva: B\u00edl\u00e1 Hmotnost: 0.281 kg Materi\u00e1l: Plast Pr\u016fm\u011br odpadu: 32 mm Speci\u00e1ln\u00ed mo\u017enosti: \u0160et\u0159\u00edc\u00ed m\u00edsto Velikost z\u00e1vitu: 5\/4&quot; Z\u00e1ru\u010dn\u00ed doba: 2 roky Balen\u00ed &#8211; hmotnost: 0.281 kg Balen\u00ed &#8211; \u0161\u00ed\u0159ka: 280 mm Balen\u00ed &#8211; tlou\u0161\u0165ka: 400 mm Balen\u00ed &#8211; v\u00fd\u0161ka: 80 [&hellip;]<\/p>\n","protected":false},"featured_media":26803,"comment_status":"open","ping_status":"open","template":"","meta":[],"product_brand":[],"product_cat":[90],"product_tag":[],"class_list":{"0":"post-26703","1":"product","2":"type-product","3":"status-publish","4":"has-post-thumbnail","6":"product_cat-koupelny","8":"first","9":"instock","10":"sale","11":"shipping-taxable","12":"purchasable","13":"product-type-simple"},"yoast_head":"<!-- This site is optimized with the Yoast SEO plugin v26.8 - https:\/\/yoast.com\/product\/yoast-seo-wordpress\/ -->\n<title>Akce Bruckner MURALES n\u00e1bytkov\u00fd sifon \u0161et\u0159\u00edc\u00ed m\u00edsto, 5\/4&quot;, odpad 32mm, b\u00edl\u00e1 151.032.0 -<\/title>\n<meta name=\"robots\" content=\"index, follow, max-snippet:-1, max-image-preview:large, max-video-preview:-1\" \/>\n<link rel=\"canonical\" href=\"https:\/\/www.domkraftpro.com\/index.php\/produkt\/akce-bruckner-murales-nabytkovy-sifon-setrici-misto-5-4-quot-odpad-32mm-bila-151-032-0-26703\/\" \/>\n<meta property=\"og:locale\" content=\"cs_CZ\" \/>\n<meta property=\"og:type\" content=\"article\" \/>\n<meta property=\"og:title\" content=\"Akce Bruckner MURALES n\u00e1bytkov\u00fd sifon \u0161et\u0159\u00edc\u00ed m\u00edsto, 5\/4&quot;, odpad 32mm, b\u00edl\u00e1 151.032.0 -\" \/>\n<meta property=\"og:description\" content=\"Dopl\u0148kov\u00e9 parametry Kategorie: P\u0159\u00edslu\u0161enstv\u00ed k umyvadl\u016fm Hmotnost: 0.281 kg EAN: 8590913890758 Balen\u00ed: 1 ks Barva: B\u00edl\u00e1 Hmotnost: 0.281 kg Materi\u00e1l: Plast Pr\u016fm\u011br odpadu: 32 mm Speci\u00e1ln\u00ed mo\u017enosti: \u0160et\u0159\u00edc\u00ed m\u00edsto Velikost z\u00e1vitu: 5\/4&quot; Z\u00e1ru\u010dn\u00ed doba: 2 roky Balen\u00ed &#8211; hmotnost: 0.281 kg Balen\u00ed &#8211; \u0161\u00ed\u0159ka: 280 mm Balen\u00ed &#8211; tlou\u0161\u0165ka: 400 mm Balen\u00ed &#8211; v\u00fd\u0161ka: 80 [&hellip;]\" \/>\n<meta property=\"og:url\" content=\"https:\/\/www.domkraftpro.com\/index.php\/produkt\/akce-bruckner-murales-nabytkovy-sifon-setrici-misto-5-4-quot-odpad-32mm-bila-151-032-0-26703\/\" \/>\n<meta property=\"og:image\" content=\"https:\/\/www.domkraftpro.com\/wp-content\/uploads\/2026\/SK0006339-CZ20260425-093136-0-1777080698-33555-3_bruckner-murales-nabytkovy-sifon-setrici-misto--5-4.webp\" \/>\n\t<meta property=\"og:image:width\" content=\"1000\" \/>\n\t<meta property=\"og:image:height\" content=\"750\" \/>\n\t<meta property=\"og:image:type\" content=\"image\/webp\" \/>\n<meta name=\"twitter:card\" content=\"summary_large_image\" \/>\n<script type=\"application\/ld+json\" class=\"yoast-schema-graph\">{\"@context\":\"https:\/\/schema.org\",\"@graph\":[{\"@type\":\"WebPage\",\"@id\":\"https:\/\/www.domkraftpro.com\/index.php\/produkt\/akce-bruckner-murales-nabytkovy-sifon-setrici-misto-5-4-quot-odpad-32mm-bila-151-032-0-26703\/\",\"url\":\"https:\/\/www.domkraftpro.com\/index.php\/produkt\/akce-bruckner-murales-nabytkovy-sifon-setrici-misto-5-4-quot-odpad-32mm-bila-151-032-0-26703\/\",\"name\":\"Akce Bruckner MURALES n\u00e1bytkov\u00fd sifon \u0161et\u0159\u00edc\u00ed m\u00edsto, 5\/4&quot;, odpad 32mm, b\u00edl\u00e1 151.032.0 -\",\"isPartOf\":{\"@id\":\"https:\/\/www.domkraftpro.com\/#website\"},\"primaryImageOfPage\":{\"@id\":\"https:\/\/www.domkraftpro.com\/index.php\/produkt\/akce-bruckner-murales-nabytkovy-sifon-setrici-misto-5-4-quot-odpad-32mm-bila-151-032-0-26703\/#primaryimage\"},\"image\":{\"@id\":\"https:\/\/www.domkraftpro.com\/index.php\/produkt\/akce-bruckner-murales-nabytkovy-sifon-setrici-misto-5-4-quot-odpad-32mm-bila-151-032-0-26703\/#primaryimage\"},\"thumbnailUrl\":\"https:\/\/www.domkraftpro.com\/wp-content\/uploads\/2026\/SK0006339-CZ20260425-093136-0-1777080698-33555-3_bruckner-murales-nabytkovy-sifon-setrici-misto--5-4.webp\",\"datePublished\":\"2026-04-27T04:41:32+00:00\",\"breadcrumb\":{\"@id\":\"https:\/\/www.domkraftpro.com\/index.php\/produkt\/akce-bruckner-murales-nabytkovy-sifon-setrici-misto-5-4-quot-odpad-32mm-bila-151-032-0-26703\/#breadcrumb\"},\"inLanguage\":\"cs\",\"potentialAction\":[{\"@type\":\"ReadAction\",\"target\":[\"https:\/\/www.domkraftpro.com\/index.php\/produkt\/akce-bruckner-murales-nabytkovy-sifon-setrici-misto-5-4-quot-odpad-32mm-bila-151-032-0-26703\/\"]}]},{\"@type\":\"ImageObject\",\"inLanguage\":\"cs\",\"@id\":\"https:\/\/www.domkraftpro.com\/index.php\/produkt\/akce-bruckner-murales-nabytkovy-sifon-setrici-misto-5-4-quot-odpad-32mm-bila-151-032-0-26703\/#primaryimage\",\"url\":\"https:\/\/www.domkraftpro.com\/wp-content\/uploads\/2026\/SK0006339-CZ20260425-093136-0-1777080698-33555-3_bruckner-murales-nabytkovy-sifon-setrici-misto--5-4.webp\",\"contentUrl\":\"https:\/\/www.domkraftpro.com\/wp-content\/uploads\/2026\/SK0006339-CZ20260425-093136-0-1777080698-33555-3_bruckner-murales-nabytkovy-sifon-setrici-misto--5-4.webp\",\"width\":1000,\"height\":750},{\"@type\":\"BreadcrumbList\",\"@id\":\"https:\/\/www.domkraftpro.com\/index.php\/produkt\/akce-bruckner-murales-nabytkovy-sifon-setrici-misto-5-4-quot-odpad-32mm-bila-151-032-0-26703\/#breadcrumb\",\"itemListElement\":[{\"@type\":\"ListItem\",\"position\":1,\"name\":\"Home\",\"item\":\"https:\/\/www.domkraftpro.com\/\"},{\"@type\":\"ListItem\",\"position\":2,\"name\":\"Products\",\"item\":\"https:\/\/www.domkraftpro.com\/index.php\/products\/\"},{\"@type\":\"ListItem\",\"position\":3,\"name\":\"Akce Bruckner MURALES n\u00e1bytkov\u00fd sifon \u0161et\u0159\u00edc\u00ed m\u00edsto, 5\/4&quot;, odpad 32mm, b\u00edl\u00e1 151.032.0\"}]},{\"@type\":\"WebSite\",\"@id\":\"https:\/\/www.domkraftpro.com\/#website\",\"url\":\"https:\/\/www.domkraftpro.com\/\",\"name\":\"\",\"description\":\"\",\"potentialAction\":[{\"@type\":\"SearchAction\",\"target\":{\"@type\":\"EntryPoint\",\"urlTemplate\":\"https:\/\/www.domkraftpro.com\/?s={search_term_string}\"},\"query-input\":{\"@type\":\"PropertyValueSpecification\",\"valueRequired\":true,\"valueName\":\"search_term_string\"}}],\"inLanguage\":\"cs\"}]}<\/script>\n<!-- \/ Yoast SEO plugin. -->","yoast_head_json":{"title":"Akce Bruckner MURALES n\u00e1bytkov\u00fd sifon \u0161et\u0159\u00edc\u00ed m\u00edsto, 5\/4&quot;, odpad 32mm, b\u00edl\u00e1 151.032.0 -","robots":{"index":"index","follow":"follow","max-snippet":"max-snippet:-1","max-image-preview":"max-image-preview:large","max-video-preview":"max-video-preview:-1"},"canonical":"https:\/\/www.domkraftpro.com\/index.php\/produkt\/akce-bruckner-murales-nabytkovy-sifon-setrici-misto-5-4-quot-odpad-32mm-bila-151-032-0-26703\/","og_locale":"cs_CZ","og_type":"article","og_title":"Akce Bruckner MURALES n\u00e1bytkov\u00fd sifon \u0161et\u0159\u00edc\u00ed m\u00edsto, 5\/4&quot;, odpad 32mm, b\u00edl\u00e1 151.032.0 -","og_description":"Dopl\u0148kov\u00e9 parametry Kategorie: P\u0159\u00edslu\u0161enstv\u00ed k umyvadl\u016fm Hmotnost: 0.281 kg EAN: 8590913890758 Balen\u00ed: 1 ks Barva: B\u00edl\u00e1 Hmotnost: 0.281 kg Materi\u00e1l: Plast Pr\u016fm\u011br odpadu: 32 mm Speci\u00e1ln\u00ed mo\u017enosti: \u0160et\u0159\u00edc\u00ed m\u00edsto Velikost z\u00e1vitu: 5\/4&quot; Z\u00e1ru\u010dn\u00ed doba: 2 roky Balen\u00ed &#8211; hmotnost: 0.281 kg Balen\u00ed &#8211; \u0161\u00ed\u0159ka: 280 mm Balen\u00ed &#8211; tlou\u0161\u0165ka: 400 mm Balen\u00ed &#8211; v\u00fd\u0161ka: 80 [&hellip;]","og_url":"https:\/\/www.domkraftpro.com\/index.php\/produkt\/akce-bruckner-murales-nabytkovy-sifon-setrici-misto-5-4-quot-odpad-32mm-bila-151-032-0-26703\/","og_image":[{"width":1000,"height":750,"url":"https:\/\/www.domkraftpro.com\/wp-content\/uploads\/2026\/SK0006339-CZ20260425-093136-0-1777080698-33555-3_bruckner-murales-nabytkovy-sifon-setrici-misto--5-4.webp","type":"image\/webp"}],"twitter_card":"summary_large_image","schema":{"@context":"https:\/\/schema.org","@graph":[{"@type":"WebPage","@id":"https:\/\/www.domkraftpro.com\/index.php\/produkt\/akce-bruckner-murales-nabytkovy-sifon-setrici-misto-5-4-quot-odpad-32mm-bila-151-032-0-26703\/","url":"https:\/\/www.domkraftpro.com\/index.php\/produkt\/akce-bruckner-murales-nabytkovy-sifon-setrici-misto-5-4-quot-odpad-32mm-bila-151-032-0-26703\/","name":"Akce Bruckner MURALES n\u00e1bytkov\u00fd sifon \u0161et\u0159\u00edc\u00ed m\u00edsto, 5\/4&quot;, odpad 32mm, b\u00edl\u00e1 151.032.0 -","isPartOf":{"@id":"https:\/\/www.domkraftpro.com\/#website"},"primaryImageOfPage":{"@id":"https:\/\/www.domkraftpro.com\/index.php\/produkt\/akce-bruckner-murales-nabytkovy-sifon-setrici-misto-5-4-quot-odpad-32mm-bila-151-032-0-26703\/#primaryimage"},"image":{"@id":"https:\/\/www.domkraftpro.com\/index.php\/produkt\/akce-bruckner-murales-nabytkovy-sifon-setrici-misto-5-4-quot-odpad-32mm-bila-151-032-0-26703\/#primaryimage"},"thumbnailUrl":"https:\/\/www.domkraftpro.com\/wp-content\/uploads\/2026\/SK0006339-CZ20260425-093136-0-1777080698-33555-3_bruckner-murales-nabytkovy-sifon-setrici-misto--5-4.webp","datePublished":"2026-04-27T04:41:32+00:00","breadcrumb":{"@id":"https:\/\/www.domkraftpro.com\/index.php\/produkt\/akce-bruckner-murales-nabytkovy-sifon-setrici-misto-5-4-quot-odpad-32mm-bila-151-032-0-26703\/#breadcrumb"},"inLanguage":"cs","potentialAction":[{"@type":"ReadAction","target":["https:\/\/www.domkraftpro.com\/index.php\/produkt\/akce-bruckner-murales-nabytkovy-sifon-setrici-misto-5-4-quot-odpad-32mm-bila-151-032-0-26703\/"]}]},{"@type":"ImageObject","inLanguage":"cs","@id":"https:\/\/www.domkraftpro.com\/index.php\/produkt\/akce-bruckner-murales-nabytkovy-sifon-setrici-misto-5-4-quot-odpad-32mm-bila-151-032-0-26703\/#primaryimage","url":"https:\/\/www.domkraftpro.com\/wp-content\/uploads\/2026\/SK0006339-CZ20260425-093136-0-1777080698-33555-3_bruckner-murales-nabytkovy-sifon-setrici-misto--5-4.webp","contentUrl":"https:\/\/www.domkraftpro.com\/wp-content\/uploads\/2026\/SK0006339-CZ20260425-093136-0-1777080698-33555-3_bruckner-murales-nabytkovy-sifon-setrici-misto--5-4.webp","width":1000,"height":750},{"@type":"BreadcrumbList","@id":"https:\/\/www.domkraftpro.com\/index.php\/produkt\/akce-bruckner-murales-nabytkovy-sifon-setrici-misto-5-4-quot-odpad-32mm-bila-151-032-0-26703\/#breadcrumb","itemListElement":[{"@type":"ListItem","position":1,"name":"Home","item":"https:\/\/www.domkraftpro.com\/"},{"@type":"ListItem","position":2,"name":"Products","item":"https:\/\/www.domkraftpro.com\/index.php\/products\/"},{"@type":"ListItem","position":3,"name":"Akce Bruckner MURALES n\u00e1bytkov\u00fd sifon \u0161et\u0159\u00edc\u00ed m\u00edsto, 5\/4&quot;, odpad 32mm, b\u00edl\u00e1 151.032.0"}]},{"@type":"WebSite","@id":"https:\/\/www.domkraftpro.com\/#website","url":"https:\/\/www.domkraftpro.com\/","name":"","description":"","potentialAction":[{"@type":"SearchAction","target":{"@type":"EntryPoint","urlTemplate":"https:\/\/www.domkraftpro.com\/?s={search_term_string}"},"query-input":{"@type":"PropertyValueSpecification","valueRequired":true,"valueName":"search_term_string"}}],"inLanguage":"cs"}]}},"_links":{"self":[{"href":"https:\/\/www.domkraftpro.com\/index.php\/wp-json\/wp\/v2\/product\/26703","targetHints":{"allow":["GET"]}}],"collection":[{"href":"https:\/\/www.domkraftpro.com\/index.php\/wp-json\/wp\/v2\/product"}],"about":[{"href":"https:\/\/www.domkraftpro.com\/index.php\/wp-json\/wp\/v2\/types\/product"}],"replies":[{"embeddable":true,"href":"https:\/\/www.domkraftpro.com\/index.php\/wp-json\/wp\/v2\/comments?post=26703"}],"wp:featuredmedia":[{"embeddable":true,"href":"https:\/\/www.domkraftpro.com\/index.php\/wp-json\/wp\/v2\/media\/26803"}],"wp:attachment":[{"href":"https:\/\/www.domkraftpro.com\/index.php\/wp-json\/wp\/v2\/media?parent=26703"}],"wp:term":[{"taxonomy":"product_brand","embeddable":true,"href":"https:\/\/www.domkraftpro.com\/index.php\/wp-json\/wp\/v2\/product_brand?post=26703"},{"taxonomy":"product_cat","embeddable":true,"href":"https:\/\/www.domkraftpro.com\/index.php\/wp-json\/wp\/v2\/product_cat?post=26703"},{"taxonomy":"product_tag","embeddable":true,"href":"https:\/\/www.domkraftpro.com\/index.php\/wp-json\/wp\/v2\/product_tag?post=26703"}],"curies":[{"name":"wp","href":"https:\/\/api.w.org\/{rel}","templated":true}]}}